{"id":44705,"date":"2026-03-23T12:01:09","date_gmt":"2026-03-23T05:01:09","guid":{"rendered":"https:\/\/havamall.vn\/?post_type=product&#038;p=44705"},"modified":"2026-03-23T12:04:30","modified_gmt":"2026-03-23T05:04:30","slug":"pho-mai-lat-sandwich-emborg-200g-emborg-perfect-slices-for-sandwich","status":"publish","type":"product","link":"https:\/\/havamall.vn\/en\/shop\/pho-mai-lat-sandwich-emborg-200g-emborg-perfect-slices-for-sandwich\/","title":{"rendered":"Ph\u00f4 Mai L\u00e1t Sandwich Emborg 200g \u2013 Emborg Perfect Slices For Sandwich"},"content":{"rendered":"<h3 data-path-to-node=\"2\">TH\u00d4NG TIN S\u1ea2N PH\u1ea8M<\/h3>\n<div class=\"horizontal-scroll-wrapper\">\n<div class=\"table-block-component\">\n<div class=\"table-block has-export-button new-table-style is-at-scroll-start is-at-scroll-end\">\n<div class=\"table-content not-end-of-paragraph\" data-hveid=\"0\" data-ved=\"0CAAQ3ecQahgKEwjryMWinZSTAxUAAAAAHQAAAAAQigM\">\n<table data-path-to-node=\"1\">\n<tbody>\n<tr>\n<td><span data-path-to-node=\"1,1,0,0\">Th\u01b0\u01a1ng hi\u1ec7u<\/span><\/td>\n<td><span data-path-to-node=\"1,1,1,0\">Emborg<\/span><\/td>\n<\/tr>\n<tr>\n<td><span data-path-to-node=\"1,2,0,0\">Xu\u1ea5t x\u1ee9<\/span><\/td>\n<td><span data-path-to-node=\"1,2,1,0\">\u00c1o (Austria)<\/span><\/td>\n<\/tr>\n<tr>\n<td><span data-path-to-node=\"1,3,0,0\">Th\u00e0nh ph\u1ea7n<\/span><\/td>\n<td><span data-path-to-node=\"1,3,1,0\">S\u1eefa t\u00e1ch b\u00e9o c\u00f4 \u0111\u1eb7c, d\u1ea7u c\u1ecd, ph\u00f4 mai (19%), protein s\u1eefa, mu\u1ed1i nh\u0169 h\u00f3a, ch\u1ea5t \u0111i\u1ec1u ch\u1ec9nh \u0111\u1ed9 acid, m\u00e0u t\u1ed5ng h\u1ee3p<\/span><\/td>\n<\/tr>\n<tr>\n<td><span data-path-to-node=\"1,4,0,0\">H\u1ea1n s\u1eed d\u1ee5ng<\/span><\/td>\n<td><span data-path-to-node=\"1,4,1,0\">12 th\u00e1ng k\u1ec3 t\u1eeb ng\u00e0y s\u1ea3n xu\u1ea5t<\/span><\/td>\n<\/tr>\n<tr>\n<td><span data-path-to-node=\"1,5,0,0\">B\u1ea3o qu\u1ea3n<\/span><\/td>\n<td><span data-path-to-node=\"1,5,1,0\">B\u1ea3o qu\u1ea3n l\u1ea1nh \u1edf nhi\u1ec7t \u0111\u1ed9 +2\u00b0C \u0111\u1ebfn +8\u00b0C<\/span><\/td>\n<\/tr>\n<tr>\n<td><span data-path-to-node=\"1,6,0,0\">Kh\u1ed1i l\u01b0\u1ee3ng<\/span><\/td>\n<td><span data-path-to-node=\"1,6,1,0\">200g (12 l\u00e1t)<\/span><\/td>\n<\/tr>\n<\/tbody>\n<\/table>\n<p data-path-to-node=\"3\">Ra \u0111\u1eddi t\u1eeb n\u0103m 1947 t\u1ea1i \u0110an M\u1ea1ch, Emborg \u0111\u00e3 tr\u1ea3i qua h\u01a1n 7 th\u1eadp k\u1ef7 chinh ph\u1ee5c kh\u1ea9u v\u1ecb c\u1ee7a ng\u01b0\u1eddi ti\u00eau d\u00f9ng tr\u00ean to\u00e0n th\u1ebf gi\u1edbi b\u1eb1ng nh\u1eefng s\u1ea3n ph\u1ea9m t\u1eeb s\u1eefa nguy\u00ean ch\u1ea5t v\u00e0 c\u00f4ng th\u1ee9c ch\u1ebf bi\u1ebfn tinh t\u1ebf. \u0110\u1ed1i v\u1edbi Emborg, m\u1ed7i l\u00e1t ph\u00f4 mai kh\u00f4ng ch\u1ec9 l\u00e0 th\u1ef1c ph\u1ea9m, m\u00e0 l\u00e0 s\u1ef1 k\u1ebft tinh c\u1ee7a ni\u1ec1m \u0111am m\u00ea \u1ea9m th\u1ef1c v\u00e0 ti\u00eau chu\u1ea9n ch\u1ea5t l\u01b0\u1ee3ng kh\u1eaft khe nh\u1ea5t.<\/p>\n<p data-path-to-node=\"3\"><img fetchpriority=\"high\" decoding=\"async\" class=\"aligncenter size-full wp-image-45353\" src=\"https:\/\/havamall.com\/wp-content\/uploads\/2026\/03\/em.png\" alt=\"\" width=\"800\" height=\"800\" \/><\/p>\n<p data-path-to-node=\"4\">Ph\u00f4 Mai L\u00e1t L\u00e0m Sandwich (Perfect Slices) \u0111\u01b0\u1ee3c s\u1ea3n xu\u1ea5t t\u1ea1i \u00c1o \u2013 qu\u1ed1c gia v\u1ed1n n\u1ed5i ti\u1ebfng v\u1edbi nh\u1eefng c\u00e1nh \u0111\u1ed3ng c\u1ecf xanh m\u01b0\u1edbt v\u00e0 ti\u00eau chu\u1ea9n s\u1ea3n xu\u1ea5t th\u1ef1c ph\u1ea9m nghi\u00eam ng\u1eb7t b\u1eadc nh\u1ea5t th\u1ebf gi\u1edbi. \u0110i\u1ec3m \u0111\u1eb7c tr\u01b0ng l\u1edbn nh\u1ea5t c\u1ee7a d\u00f2ng s\u1ea3n ph\u1ea9m n\u00e0y ch\u00ednh l\u00e0 \u0111\u1ed9 m\u1ec1m d\u1ebbo, h\u01b0\u01a1ng v\u1ecb b\u00e9o ng\u1eady \u0111\u1eb7c tr\u01b0ng c\u1ee7a s\u1eefa t\u00e1ch b\u00e9o k\u1ebft h\u1ee3p c\u00f9ng ph\u00f4 mai nguy\u00ean b\u1ea3n, t\u1ea1o n\u00ean m\u1ed9t s\u1ef1 c\u00e2n b\u1eb1ng tuy\u1ec7t v\u1eddi, kh\u00f4ng qu\u00e1 m\u1eb7n v\u00e0 c\u1ef1c k\u1ef3 d\u1ec5 \u0103n \u0111\u1ed1i v\u1edbi c\u1ea3 tr\u1ebb em v\u00e0 ng\u01b0\u1eddi l\u1edbn.<\/p>\n<p data-path-to-node=\"4\"><img decoding=\"async\" class=\"aligncenter wp-image-45354\" src=\"https:\/\/havamall.com\/wp-content\/uploads\/2026\/03\/bmf-wisconsin-white-american-cheese-scaled.jpg\" alt=\"\" width=\"802\" height=\"537\" \/><\/p>\n<p data-path-to-node=\"4\">C\u00e1i t\u00ean &#8220;Perfect Slices&#8221; xu\u1ea5t ph\u00e1t t\u1eeb kh\u1ea3 n\u0103ng &#8220;Easy Melt&#8221; \u2013 d\u1ec5 d\u00e0ng tan ch\u1ea3y, khi \u0111\u01b0\u1ee3c k\u1eb9p gi\u1eefa hai l\u00e1t b\u00e1nh m\u00ec n\u00f3ng h\u1ed5i ho\u1eb7c \u0111\u01b0\u1ee3c \u0111\u01b0a v\u00e0o l\u00f2 n\u01b0\u1edbng trong v\u00e0i gi\u00e2y, ph\u00f4 mai Emborg b\u1eaft \u0111\u1ea7u m\u1ec1m ra, bao ph\u1ee7 l\u1ea5y c\u00e1c nguy\u00ean li\u1ec7u kh\u00e1c nh\u01b0 th\u1ecbt x\u00f4ng kh\u00f3i, tr\u1ee9ng hay rau t\u01b0\u01a1i, t\u1ea1o n\u00ean m\u1ed9t k\u1ebft c\u1ea5u h\u00f2a quy\u1ec7n, m\u01b0\u1ee3t m\u00e0. L\u1edbp ph\u00f4 mai tan ch\u1ea3y \u00f3ng \u1ea3 kh\u00f4ng ch\u1ec9 l\u00e0m t\u0103ng \u0111\u1ed9 th\u1ea9m m\u1ef9 cho m\u00f3n \u0103n m\u00e0 c\u00f2n k\u00edch th\u00edch v\u1ecb gi\u00e1c m\u1ed9t c\u00e1ch m\u1ea1nh m\u1ebd b\u1eb1ng s\u1ef1 b\u00e9o ng\u1eady, th\u01a1m n\u1ee9c lan t\u1ecfa.<\/p>\n<p data-path-to-node=\"4\"><img decoding=\"async\" class=\"aligncenter wp-image-45355\" src=\"https:\/\/havamall.com\/wp-content\/uploads\/2026\/03\/kasarli-kare-tost.jpg\" alt=\"\" width=\"800\" height=\"800\" \/><\/p>\n<p data-path-to-node=\"4\">B\u00ean c\u1ea1nh m\u00f3n sandwich truy\u1ec1n th\u1ed1ng, ph\u00f4 mai l\u00e1t Emborg c\u00f2n l\u00e0 l\u1ef1a ch\u1ecdn l\u00fd t\u01b0\u1edfng \u0111\u1ec3 \u0111\u1eb7t l\u00ean nh\u1eefng chi\u1ebfc b\u00e1nh hamburger t\u1ef1 l\u00e0m, gi\u00fap n\u00e2ng t\u1ea7m m\u00f3n \u0103n nhanh tr\u1edf n\u00ean \u0111\u1eb3ng c\u1ea5p nh\u01b0 t\u1ea1i nh\u00e0 h\u00e0ng. X\u00e9 nh\u1ecf ph\u00f4 mai l\u00e1t \u0111\u1ec3 cho v\u00e0o m\u00ec \u00dd n\u00f3ng h\u1ed5i hay k\u1eb9p c\u00f9ng b\u00e1nh tortilla chi\u00ean gi\u00f2n c\u0169ng l\u00e0 m\u1ed9t c\u00e1ch bi\u1ebfn t\u1ea5u \u0111\u1ea7y th\u00fa v\u1ecb. M\u1ed9t m\u1eb9o nh\u1ecf cho b\u1eefa ti\u1ec7c nh\u1eb9 t\u1ea1i gia l\u00e0 h\u00e3y th\u1eed \u0111\u1eb7t m\u1ed9t l\u00e1t ph\u00f4 mai Emborg l\u00ean b\u00e1nh quy m\u1eb7n (cracker) k\u00e8m m\u1ed9t l\u00e1t hoa qu\u1ea3 t\u01b0\u01a1i, b\u1ea1n s\u1ebd c\u00f3 ngay m\u1ed9t m\u00f3n khai v\u1ecb tinh t\u1ebf v\u00e0 gi\u00e0u dinh d\u01b0\u1ee1ng.<\/p>\n<p><img loading=\"lazy\" decoding=\"async\" class=\"wp-image-45356 aligncenter\" src=\"https:\/\/havamall.com\/wp-content\/uploads\/2026\/03\/5525a11a2c1b25971e577c30da4537e8b39e6ece_P10501_CF_215_Burger_double_slice_of_cheese-scaled.jpg\" alt=\"\" width=\"801\" height=\"801\" \/><\/p>\n<p data-path-to-node=\"4\">M\u1ed7i l\u00e1t ph\u00f4 mai Emborg l\u00e0 m\u1ed9t ngu\u1ed3n cung c\u1ea5p protein v\u00e0 n\u0103ng l\u01b0\u1ee3ng d\u1ed3i d\u00e0o cho c\u01a1 th\u1ec3. V\u1edbi h\u00e0m l\u01b0\u1ee3ng canxi t\u1ef1 nhi\u00ean t\u1eeb s\u1eefa, s\u1ea3n ph\u1ea9m h\u1ed7 tr\u1ee3 s\u1ef1 ph\u00e1t tri\u1ec3n x\u01b0\u01a1ng kh\u1edbp cho tr\u1ebb nh\u1ecf v\u00e0 cung c\u1ea5p d\u01b0\u1ee1ng ch\u1ea5t c\u1ea7n thi\u1ebft cho ng\u01b0\u1eddi l\u00e0m vi\u1ec7c v\u0103n ph\u00f2ng c\u1ea7n s\u1ef1 t\u1ec9nh t\u00e1o. Nh\u00e0 m\u00e1y s\u1ea3n xu\u1ea5t t\u1ea1i \u00c1o tu\u00e2n th\u1ee7 c\u00e1c quy chu\u1ea9n an to\u00e0n th\u1ef1c ph\u1ea9m qu\u1ed1c t\u1ebf, kh\u00f4ng s\u1eed d\u1ee5ng c\u00e1c ch\u1ea5t b\u1ea3o qu\u1ea3n g\u00e2y h\u1ea1i, \u0111\u1ea3m b\u1ea3o m\u1ed7i l\u00e1t ph\u00f4 mai khi \u0111\u1ebfn tay ng\u01b0\u1eddi ti\u00eau d\u00f9ng \u0111\u1ec1u gi\u1eef \u0111\u01b0\u1ee3c \u0111\u1ed9 thu\u1ea7n khi\u1ebft v\u00e0 h\u01b0\u01a1ng v\u1ecb nguy\u00ean b\u1ea3n nh\u1ea5t.<\/p>\n<p data-path-to-node=\"4\"><img loading=\"lazy\" decoding=\"async\" class=\"aligncenter\" src=\"https:\/\/havamall.com\/wp-content\/uploads\/2026\/03\/vn-11134207-7r98o-lu58n9aoa3o1be.jpg\" alt=\"DATE T7.2026] [K\u00e8m \u0110\u00e1 Kh\u00f4] Ph\u00f4 Mai T\u00e1ch Mu\u1ed1i H\u1eefu C\u01a1 DONGWON ...\" width=\"800\" height=\"800\" \/><\/p>\n<p data-path-to-node=\"4\">Ph\u00f4 Mai L\u00e1t L\u00e0m Sandwich Emborg x\u1ee9ng \u0111\u00e1ng hi\u1ec7n di\u1ec7n trong t\u1ee7 l\u1ea1nh c\u1ee7a m\u1ecdi c\u0103n b\u1ebfp, hi\u1ec7n \u0111ang \u0111\u01b0\u1ee3c b\u00e0y b\u00e1n ch\u00ednh th\u1ee9c t\u1ea1i Havamall \u2013 n\u01a1i chuy\u00ean nh\u1eadp kh\u1ea9u ch\u00ednh ng\u1ea1ch c\u00e1c d\u00f2ng th\u1ef1c ph\u1ea9m cao c\u1ea5p t\u1eeb kh\u1eafp n\u01a1i tr\u00ean th\u1ebf gi\u1edbi.<\/p>\n<\/div>\n<\/div>\n<\/div>\n<\/div>\n","protected":false},"excerpt":{"rendered":"<p>TH\u00d4NG TIN S\u1ea2N PH\u1ea8M Th\u01b0\u01a1ng hi\u1ec7u Emborg Xu\u1ea5t x\u1ee9 \u00c1o (Austria) Th\u00e0nh ph\u1ea7n S\u1eefa t\u00e1ch b\u00e9o c\u00f4 \u0111\u1eb7c, d\u1ea7u c\u1ecd,<\/p>","protected":false},"featured_media":44706,"comment_status":"open","ping_status":"closed","template":"","meta":[],"product_brand":[],"product_cat":[677,275],"product_tag":[],"class_list":{"0":"post-44705","1":"product","2":"type-product","3":"status-publish","4":"has-post-thumbnail","6":"product_cat-cac-nuoc-khac","7":"product_cat-thuc-pham-dong-lanh","9":"first","10":"instock","11":"sale","12":"shipping-taxable","13":"purchasable","14":"product-type-simple"},"_links":{"self":[{"href":"https:\/\/havamall.vn\/en\/wp-json\/wp\/v2\/product\/44705"}],"collection":[{"href":"https:\/\/havamall.vn\/en\/wp-json\/wp\/v2\/product"}],"about":[{"href":"https:\/\/havamall.vn\/en\/wp-json\/wp\/v2\/types\/product"}],"replies":[{"embeddable":true,"href":"https:\/\/havamall.vn\/en\/wp-json\/wp\/v2\/comments?post=44705"}],"version-history":[{"count":0,"href":"https:\/\/havamall.vn\/en\/wp-json\/wp\/v2\/product\/44705\/revisions"}],"wp:featuredmedia":[{"embeddable":true,"href":"https:\/\/havamall.vn\/en\/wp-json\/wp\/v2\/media\/44706"}],"wp:attachment":[{"href":"https:\/\/havamall.vn\/en\/wp-json\/wp\/v2\/media?parent=44705"}],"wp:term":[{"taxonomy":"product_brand","embeddable":true,"href":"https:\/\/havamall.vn\/en\/wp-json\/wp\/v2\/product_brand?post=44705"},{"taxonomy":"product_cat","embeddable":true,"href":"https:\/\/havamall.vn\/en\/wp-json\/wp\/v2\/product_cat?post=44705"},{"taxonomy":"product_tag","embeddable":true,"href":"https:\/\/havamall.vn\/en\/wp-json\/wp\/v2\/product_tag?post=44705"}],"curies":[{"name":"wp","href":"https:\/\/api.w.org\/{rel}","templated":true}]}}