{"id":44697,"date":"2026-03-23T09:18:27","date_gmt":"2026-03-23T02:18:27","guid":{"rendered":"https:\/\/havamall.vn\/?post_type=product&#038;p=44697"},"modified":"2026-03-23T09:18:46","modified_gmt":"2026-03-23T02:18:46","slug":"bot-lua-mach-den-huu-co-nguyen-cam-bobs-red-mill-567g-bobs-red-mill-organic-stone-ground-dark-rye-flour","status":"publish","type":"product","link":"https:\/\/havamall.vn\/en\/shop\/bot-lua-mach-den-huu-co-nguyen-cam-bobs-red-mill-567g-bobs-red-mill-organic-stone-ground-dark-rye-flour\/","title":{"rendered":"B\u1ed9t L\u00faa M\u1ea1ch \u0110en H\u1eefu C\u01a1 Nguy\u00ean C\u00e1m Bob&#8217;s Red Mill 567g \u2013 Bob&#8217;s Red Mill Organic Stone Ground Dark Rye Flour"},"content":{"rendered":"<h3 data-path-to-node=\"2\">TH\u00d4NG TIN S\u1ea2N PH\u1ea8M<\/h3>\n<div class=\"horizontal-scroll-wrapper\">\n<div class=\"table-block-component\">\n<div class=\"table-block has-export-button new-table-style is-at-scroll-start is-at-scroll-end\">\n<div class=\"table-content not-end-of-paragraph\" data-hveid=\"0\" data-ved=\"0CAAQ3ecQahgKEwjryMWinZSTAxUAAAAAHQAAAAAQigM\">\n<table data-path-to-node=\"1\">\n<tbody>\n<tr>\n<td><span data-path-to-node=\"1,1,0,0\">Th\u01b0\u01a1ng hi\u1ec7u<\/span><\/td>\n<td><span data-path-to-node=\"1,1,1,0\">Bob&#8217;s Red Mill<\/span><\/td>\n<\/tr>\n<tr>\n<td><span data-path-to-node=\"1,2,0,0\">Xu\u1ea5t x\u1ee9<\/span><\/td>\n<td><span data-path-to-node=\"1,2,1,0\">Hoa K\u1ef3<\/span><\/td>\n<\/tr>\n<tr>\n<td><span data-path-to-node=\"1,3,0,0\">Th\u00e0nh ph\u1ea7n<\/span><\/td>\n<td><span data-path-to-node=\"1,3,1,0\">100% h\u1ea1t l\u00faa m\u1ea1ch \u0111en h\u1eefu c\u01a1 nguy\u00ean c\u00e1m<\/span><\/td>\n<\/tr>\n<tr>\n<td><span data-path-to-node=\"1,4,0,0\">H\u1ea1n s\u1eed d\u1ee5ng<\/span><\/td>\n<td><span data-path-to-node=\"1,4,1,0\">Xem tr\u00ean bao b\u00ec s\u1ea3n ph\u1ea9m<\/span><\/td>\n<\/tr>\n<tr>\n<td><span data-path-to-node=\"1,5,0,0\">B\u1ea3o qu\u1ea3n<\/span><\/td>\n<td><span data-path-to-node=\"1,5,1,0\">N\u01a1i kh\u00f4 r\u00e1o, tho\u00e1ng m\u00e1t. T\u1ed1t nh\u1ea5t n\u00ean b\u1ea3o qu\u1ea3n trong ng\u0103n m\u00e1t ho\u1eb7c ng\u0103n \u0111\u00f4ng t\u1ee7 l\u1ea1nh sau khi m\u1edf bao b\u00ec<\/span><\/td>\n<\/tr>\n<tr>\n<td><span data-path-to-node=\"1,6,0,0\">Kh\u1ed1i l\u01b0\u1ee3ng<\/span><\/td>\n<td><span data-path-to-node=\"1,6,1,0\">567g<\/span><\/td>\n<\/tr>\n<\/tbody>\n<\/table>\n<p>B\u1ed9t L\u00faa M\u1ea1ch \u0110en H\u1eefu C\u01a1 Nguy\u00ean C\u00e1m (Organic Dark Rye Flour) ch\u00ednh l\u00e0 m\u1ed9t trong nh\u1eefng ni\u1ec1m t\u1ef1 h\u00e0o l\u1edbn nh\u1ea5t c\u1ee7a Bob&#8217;s Red Mill. Kh\u00f4ng gi\u1ed1ng nh\u01b0 c\u00e1c lo\u1ea1i b\u1ed9t l\u00faa m\u1ea1ch \u0111en tinh ch\u1ebf, d\u00f2ng &#8220;Dark Rye&#8221; n\u00e0y ch\u1ee9a \u0111\u1ef1ng t\u1ea5t c\u1ea3 c\u00e1c th\u00e0nh ph\u1ea7n c\u1ee7a h\u1ea1t: t\u1eeb l\u1edbp v\u1ecf c\u00e1m gi\u00e0u ch\u1ea5t x\u01a1, m\u1ea7m h\u1ea1t ch\u1ee9a \u0111\u1ea7y d\u01b0\u1ee1ng ch\u1ea5t \u0111\u1ebfn n\u1ed9i nh\u0169 gi\u00e0u tinh b\u1ed9t.<\/p>\n<p><img fetchpriority=\"high\" decoding=\"async\" class=\"aligncenter\" src=\"https:\/\/havamall.com\/wp-content\/uploads\/2026\/03\/813faZwMUZL.jpg\" alt=\"Amazon.com : Bob's Red Mill Organic Dark Rye Flour, 20oz (Pack of 4) - Non  GMO, Whole Grain, Vegan, Kosher : Grocery &amp; Gourmet Food\" width=\"800\" height=\"1200\" \/><\/p>\n<p><span style=\"font-size: 14pt\"><strong><em>H\u01af\u01a0NG V\u1eca \u0110\u1eb6C TR\u01afNG V\u00c0 C\u1ea4U TR\u00daC \u0110\u1ed8C \u0110\u00c1O C\u1ee6A DARK RYE<\/em><\/strong><\/span><\/p>\n<p>\u0110i\u1ec3m kh\u00e1c bi\u1ec7t l\u1edbn nh\u1ea5t t\u1ea1o n\u00ean s\u1ee9c h\u00fat c\u1ee7a l\u00faa m\u1ea1ch \u0111en ch\u00ednh l\u00e0 m\u00f9i th\u01a1m n\u1ed3ng n\u00e0n, ch\u00fat d\u01b0 v\u1ecb chua nh\u1eb9 t\u1ef1 nhi\u00ean v\u00e0 s\u1eafc th\u00e1i s\u1eabm m\u00e0u \u0111\u1ea7y l\u00f4i cu\u1ed1n. V\u1ec1 m\u1eb7t khoa h\u1ecdc, l\u00faa m\u1ea1ch \u0111en ch\u1ee9a \u00edt gluten h\u01a1n b\u1ed9t m\u00ec th\u00f4ng th\u01b0\u1eddng nh\u01b0ng l\u1ea1i s\u1edf h\u1eefu l\u01b0\u1ee3ng l\u1edbn \u0111\u01b0\u1eddng h\u00f2a tan, gi\u00fap t\u1ea1o n\u00ean c\u1ea5u tr\u00fac b\u00e1nh \u0111\u1eb7c h\u01a1n, \u1ea9m h\u01a1n v\u00e0 gi\u1eef \u0111\u01b0\u1ee3c \u0111\u1ed9 t\u01b0\u01a1i ngon l\u00e2u h\u01a1n sau khi n\u01b0\u1edbng. Khi ch\u1ea1m tay v\u00e0o l\u1edbp b\u1ed9t \u0111\u01b0\u1ee3c xay m\u1ecbn b\u1eb1ng c\u1ed1i \u0111\u00e1, ta c\u00f3 th\u1ec3 c\u1ea3m nh\u1eadn \u0111\u01b0\u1ee3c \u0111\u1ed9 t\u01a1i x\u1ed1p nh\u01b0ng v\u1eabn ch\u1eafc ch\u1eafn, s\u1eb5n s\u00e0ng \u0111\u1ec3 bi\u1ebfn h\u00f3a th\u00e0nh nh\u1eefng \u1ed5 b\u00e1nh m\u00ec Rye Bread tr\u1ee9 danh.<\/p>\n<p><img decoding=\"async\" class=\"aligncenter\" src=\"https:\/\/havamall.com\/wp-content\/uploads\/2026\/03\/7_7471c230-6215-4cab-ae28-40b14f082672.png\" alt=\"Buy Online Organic Rye Wholemeal Flour Dark at Best Prices in United  Kingdom (UK) - Maven Wholefoods\" width=\"800\" height=\"800\" \/><\/p>\n<p>Trong v\u0103n h\u00f3a \u1ea9m th\u1ef1c B\u1eafc \u00c2u v\u00e0 \u0110\u00f4ng \u00c2u, l\u00faa m\u1ea1ch \u0111en kh\u00f4ng ch\u1ec9 l\u00e0 th\u1ef1c ph\u1ea9m m\u00e0 c\u00f2n l\u00e0 bi\u1ec3u t\u01b0\u1ee3ng cho s\u1ee9c kh\u1ecfe v\u00e0 s\u1ef1 b\u1ec1n b\u1ec9. Nh\u1eefng \u1ed5 b\u00e1nh m\u00ec \u0111en (Pumpernickel) hay b\u00e1nh m\u00ec l\u00faa m\u1ea1ch \u0111en nguy\u00ean c\u00e1m th\u01b0\u1eddng xu\u1ea5t hi\u1ec7n trong nh\u1eefng b\u1eefa s\u00e1ng gi\u00e0u n\u0103ng l\u01b0\u1ee3ng, k\u1ebft h\u1ee3p c\u00f9ng ch\u00fat b\u01a1, c\u00e1 h\u1ed3i hun kh\u00f3i ho\u1eb7c c\u00e1c lo\u1ea1i m\u1ee9t tr\u00e1i c\u00e2y.<\/p>\n<p><img decoding=\"async\" class=\"aligncenter  wp-image-45345\" src=\"https:\/\/havamall.com\/wp-content\/uploads\/2026\/03\/KfIkwKM3qPcZTMf4yF0IxxzqUi1KeRyR63lixVcQ-scaled.jpg\" alt=\"\" width=\"801\" height=\"547\" \/><\/p>\n<p>B\u1ed9t L\u00faa M\u1ea1ch \u0110en H\u1eefu C\u01a1 Bob&#8217;s Red Mill n\u1eb1m \u1edf h\u00e0m l\u01b0\u1ee3ng ch\u1ea5t x\u01a1 c\u1ef1c k\u1ef3 d\u1ed3i d\u00e0o, gi\u00fap h\u1ed7 tr\u1ee3 h\u1ec7 ti\u00eau h\u00f3a v\u00e0 t\u1ea1o c\u1ea3m gi\u00e1c no l\u00e2u, c\u1ef1c k\u1ef3 ph\u00f9 h\u1ee3p cho nh\u1eefng ng\u01b0\u1eddi \u0111ang theo \u0111u\u1ed5i ch\u1ebf \u0111\u1ed9 \u0103n u\u1ed1ng l\u00e0nh m\u1ea1nh ho\u1eb7c qu\u1ea3n l\u00fd c\u00e2n n\u1eb7ng. S\u1ea3n ph\u1ea9m c\u00f2n l\u00e0 ngu\u1ed3n cung c\u1ea5p s\u1eaft v\u00e0 kali t\u1ef1 nhi\u00ean, gi\u00fap duy tr\u00ec n\u0103ng l\u01b0\u1ee3ng b\u1ec1n b\u1ec9 cho c\u01a1 th\u1ec3 su\u1ed1t ng\u00e0y d\u00e0i. Ch\u1ee9ng nh\u1eadn h\u1eefu c\u01a1 USDA v\u00e0 Non-GMO l\u00e0 l\u1eddi cam k\u1ebft \u0111anh th\u00e9p nh\u1ea5t v\u1ec1 \u0111\u1ed9 tinh khi\u1ebft, kh\u00f4ng ch\u1ee9a h\u00f3a ch\u1ea5t \u0111\u1ed9c h\u1ea1i hay sinh v\u1eadt bi\u1ebfn \u0111\u1ed5i gen, b\u1ea3o v\u1ec7 s\u1ee9c kh\u1ecfe ng\u01b0\u1eddi ti\u00eau d\u00f9ng m\u1ed9t c\u00e1ch tr\u1ecdn v\u1eb9n.<\/p>\n<p><img loading=\"lazy\" decoding=\"async\" class=\"aligncenter  wp-image-45346\" src=\"https:\/\/havamall.com\/wp-content\/uploads\/2026\/03\/517151753_10238769785688658_7683361228055501729_n.jpg\" alt=\"\" width=\"800\" height=\"891\" \/><\/p>\n<p>Ngo\u00e0i m\u00f3n b\u00e1nh m\u00ec \u0111en kinh \u0111i\u1ec3n, h\u00e3y th\u1eed thay th\u1ebf m\u1ed9t ph\u1ea7n b\u1ed9t m\u00ec trong c\u00f4ng th\u1ee9c b\u00e1nh quy, b\u00e1nh pancake hay b\u00e1nh waffles b\u1eb1ng b\u1ed9t l\u00faa m\u1ea1ch \u0111en. K\u1ebft qu\u1ea3 s\u1ebd khi\u1ebfn b\u1ea5t k\u1ef3 ai c\u0169ng ph\u1ea3i b\u1ea5t ng\u1edd: l\u1edbp v\u1ecf b\u00e1nh s\u1ebd gi\u00f2n h\u01a1n, m\u00f9i th\u01a1m s\u00e2u h\u01a1n v\u00e0 mang l\u1ea1i m\u1ed9t t\u1ea7ng h\u01b0\u01a1ng v\u1ecb ph\u1ee9c h\u1ee3p, tinh t\u1ebf. Th\u1eadm ch\u00ed, vi\u1ec7c r\u1eafc m\u1ed9t \u00edt l\u00faa m\u1ea1ch \u0111en l\u00ean \u0111\u1ebf b\u00e1nh pizza c\u0169ng l\u00e0 m\u1ed9t m\u1eb9o nh\u1ecf \u0111\u1ec3 t\u1ea1o n\u00ean \u0111\u1ed9 gi\u00f2n v\u00e0 h\u01b0\u01a1ng th\u01a1m \u0111\u1eb7c tr\u01b0ng nh\u01b0 \u0111\u01b0\u1ee3c n\u01b0\u1edbng trong l\u00f2 g\u1ea1ch truy\u1ec1n th\u1ed1ng.<\/p>\n<p><img loading=\"lazy\" decoding=\"async\" class=\"aligncenter  wp-image-45347\" src=\"https:\/\/havamall.com\/wp-content\/uploads\/2026\/03\/IMG_7222-1024x768-1.webp\" alt=\"\" width=\"801\" height=\"601\" \/><\/p>\n<p>T\u1eebng t\u00fai b\u1ed9t 567g \u0111\u1ec1u \u0111\u01b0\u1ee3c \u0111\u00f3ng g\u00f3i c\u1ea9n th\u1eadn trong bao b\u00ec c\u00f3 kh\u00f3a zip ti\u1ec7n d\u1ee5ng, gi\u00fap b\u1ea3o qu\u1ea3n b\u1ed9t lu\u00f4n t\u01b0\u01a1i m\u1edbi sau m\u1ed7i l\u1ea7n s\u1eed d\u1ee5ng. Vi\u1ec7c b\u1ea3o qu\u1ea3n trong t\u1ee7 l\u1ea1nh l\u00e0 m\u1ed9t b\u00ed quy\u1ebft quan tr\u1ecdng \u0111\u1ec3 gi\u1eef cho c\u00e1c lo\u1ea1i d\u1ea7u t\u1ef1 nhi\u00ean trong ng\u0169 c\u1ed1c nguy\u00ean c\u00e1m kh\u00f4ng b\u1ecb oxy h\u00f3a, gi\u1eef tr\u1ecdn v\u1eb9n h\u01b0\u01a1ng v\u1ecb nh\u01b0 v\u1eeba m\u1edbi xay.<\/p>\n<p>B\u1ed9t L\u00faa M\u1ea1ch \u0110en H\u1eefu C\u01a1 Nguy\u00ean C\u00e1m Bob&#8217;s Red Mill hi\u1ec7n \u0111ang \u0111\u01b0\u1ee3c b\u00e0y b\u00e1n ch\u00ednh th\u1ee9c t\u1ea1i Havamall \u2013 \u0111\u01a1n v\u1ecb chuy\u00ean nh\u1eadp kh\u1ea9u c\u00e1c m\u1eb7t h\u00e0ng cao c\u1ea5p, cam k\u1ebft h\u00e0ng ch\u00ednh h\u00e3ng 100%.<\/p>\n<\/div>\n<\/div>\n<\/div>\n<\/div>","protected":false},"excerpt":{"rendered":"<p>TH\u00d4NG TIN S\u1ea2N PH\u1ea8M Th\u01b0\u01a1ng hi\u1ec7u Bob&#8217;s Red Mill Xu\u1ea5t x\u1ee9 Hoa K\u1ef3 Th\u00e0nh ph\u1ea7n 100% h\u1ea1t l\u00faa m\u1ea1ch \u0111en<\/p>","protected":false},"featured_media":44699,"comment_status":"open","ping_status":"closed","template":"","meta":[],"product_brand":[],"product_cat":[255,669],"product_tag":[],"class_list":{"0":"post-44697","1":"product","2":"type-product","3":"status-publish","4":"has-post-thumbnail","6":"product_cat-nguyen-lieu-lam-banh","7":"product_cat-nhap-khau-my","9":"first","10":"instock","11":"sale","12":"shipping-taxable","13":"purchasable","14":"product-type-simple"},"_links":{"self":[{"href":"https:\/\/havamall.vn\/en\/wp-json\/wp\/v2\/product\/44697"}],"collection":[{"href":"https:\/\/havamall.vn\/en\/wp-json\/wp\/v2\/product"}],"about":[{"href":"https:\/\/havamall.vn\/en\/wp-json\/wp\/v2\/types\/product"}],"replies":[{"embeddable":true,"href":"https:\/\/havamall.vn\/en\/wp-json\/wp\/v2\/comments?post=44697"}],"version-history":[{"count":0,"href":"https:\/\/havamall.vn\/en\/wp-json\/wp\/v2\/product\/44697\/revisions"}],"wp:featuredmedia":[{"embeddable":true,"href":"https:\/\/havamall.vn\/en\/wp-json\/wp\/v2\/media\/44699"}],"wp:attachment":[{"href":"https:\/\/havamall.vn\/en\/wp-json\/wp\/v2\/media?parent=44697"}],"wp:term":[{"taxonomy":"product_brand","embeddable":true,"href":"https:\/\/havamall.vn\/en\/wp-json\/wp\/v2\/product_brand?post=44697"},{"taxonomy":"product_cat","embeddable":true,"href":"https:\/\/havamall.vn\/en\/wp-json\/wp\/v2\/product_cat?post=44697"},{"taxonomy":"product_tag","embeddable":true,"href":"https:\/\/havamall.vn\/en\/wp-json\/wp\/v2\/product_tag?post=44697"}],"curies":[{"name":"wp","href":"https:\/\/api.w.org\/{rel}","templated":true}]}}