{"id":44692,"date":"2026-03-22T14:19:19","date_gmt":"2026-03-22T07:19:19","guid":{"rendered":"https:\/\/havamall.vn\/?post_type=product&#038;p=44692"},"modified":"2026-03-22T14:19:19","modified_gmt":"2026-03-22T07:19:19","slug":"bot-bap-nguyen-chat-meizan-1kg-meizan-corn-starch","status":"publish","type":"product","link":"https:\/\/havamall.vn\/en\/shop\/bot-bap-nguyen-chat-meizan-1kg-meizan-corn-starch\/","title":{"rendered":"B\u1ed9t B\u1eafp Nguy\u00ean Ch\u1ea5t Meizan 1kg \u2013 Meizan Corn Starch"},"content":{"rendered":"<p><strong><span style=\"font-size: 18pt\">TH\u00d4NG TIN S\u1ea2N PH\u1ea8M<\/span><\/strong><\/p>\n<table style=\"width: 53.4519%;height: 160px\" data-path-to-node=\"1\">\n<tbody>\n<tr>\n<td><span data-path-to-node=\"1,1,0,0\">Th\u01b0\u01a1ng hi\u1ec7u<\/span><\/td>\n<td><span data-path-to-node=\"1,1,1,0\">Meizan<\/span><\/td>\n<\/tr>\n<tr>\n<td><span data-path-to-node=\"1,2,0,0\">Xu\u1ea5t x\u1ee9<\/span><\/td>\n<td><span data-path-to-node=\"1,2,1,0\">Vi\u1ec7t Nam (S\u1ea3n xu\u1ea5t b\u1edfi C\u00f4ng ty TNHH Meizan CLV)<\/span><\/td>\n<\/tr>\n<tr>\n<td><span data-path-to-node=\"1,3,0,0\">Th\u00e0nh ph\u1ea7n<\/span><\/td>\n<td><span data-path-to-node=\"1,3,1,0\">Tinh b\u1ed9t b\u1eafp (100%)<\/span><\/td>\n<\/tr>\n<tr>\n<td><span data-path-to-node=\"1,4,0,0\">H\u1ea1n s\u1eed d\u1ee5ng<\/span><\/td>\n<td><span data-path-to-node=\"1,4,1,0\">12 th\u00e1ng k\u1ec3 t\u1eeb ng\u00e0y s\u1ea3n xu\u1ea5t<\/span><\/td>\n<\/tr>\n<tr>\n<td><span data-path-to-node=\"1,5,0,0\">B\u1ea3o qu\u1ea3n<\/span><\/td>\n<td><span data-path-to-node=\"1,5,1,0\">N\u01a1i kh\u00f4 r\u00e1o v\u00e0 tho\u00e1ng m\u00e1t, tr\u00e1nh \u00e1nh n\u1eafng tr\u1ef1c ti\u1ebfp<\/span><\/td>\n<\/tr>\n<tr>\n<td><span data-path-to-node=\"1,6,0,0\">Kh\u1ed1i l\u01b0\u1ee3ng<\/span><\/td>\n<td><span data-path-to-node=\"1,6,1,0\">1kg<\/span><\/td>\n<\/tr>\n<\/tbody>\n<\/table>\n<p>T\u1ea1i Vi\u1ec7t Nam, th\u01b0\u01a1ng hi\u1ec7u Meizan t\u1eeb l\u00e2u \u0111\u00e3 tr\u1edf th\u00e0nh bi\u1ec3u t\u01b0\u1ee3ng cho s\u1ef1 g\u1eafn k\u1ebft v\u00e0 ch\u1ea5t l\u01b0\u1ee3ng trong gian b\u1ebfp m\u1ed7i gia \u0111\u00ecnh.\u00a0B\u1ed9t B\u1eafp Meizan\u00a0\u0111\u01b0\u1ee3c s\u1ea3n xu\u1ea5t th\u00f4ng qua quy tr\u00ecnh t\u00e1ch ly hi\u1ec7n \u0111\u1ea1i, gi\u00fap thu gi\u1eef tr\u1ecdn v\u1eb9n ph\u1ea7n tinh b\u1ed9t tr\u1eafng trong, t\u01a1i m\u1ecbn m\u00e0 kh\u00f4ng h\u1ec1 l\u1eabn t\u1ea1p ch\u1ea5t. Kh\u00e1c v\u1edbi b\u1ed9t m\u00ec th\u01b0\u1eddng d\u00f9ng \u0111\u1ec3 t\u1ea1o khung cho b\u00e1nh, b\u1ed9t b\u1eafp \u0111\u00f3ng vai tr\u00f2 \u0111i\u1ec1u ch\u1ec9nh c\u1ea5u tr\u00fac. Khi k\u1ebft h\u1ee3p c\u00f9ng b\u1ed9t m\u00ec trong c\u00e1c c\u00f4ng th\u1ee9c b\u00e1nh b\u00f4ng lan, cupcake hay cookie, nguy\u00ean li\u1ec7u n\u00e0y gi\u00fap l\u00e0m gi\u1ea3m t\u1ec9 l\u1ec7 protein, t\u1eeb \u0111\u00f3 t\u1ea1o n\u00ean \u0111\u1ed9 m\u1ec1m x\u1ed1p, nh\u1eb9 nh\u00e0ng v\u00e0 tan ch\u1ea3y ngay khi th\u01b0\u1edfng th\u1ee9c.<\/p>\n<p><img fetchpriority=\"high\" decoding=\"async\" class=\"aligncenter  wp-image-45335\" src=\"https:\/\/havamall.com\/wp-content\/uploads\/2026\/03\/dsv.jpg\" alt=\"\" width=\"801\" height=\"601\" \/><\/p>\n<p>\u0110\u1ed1i v\u1edbi nh\u1eefng ng\u01b0\u1eddi y\u00eau th\u00edch c\u00e1c m\u00f3n s\u00fap, n\u01b0\u1edbc s\u1ed1t hay m\u00f3n ch\u00e8 truy\u1ec1n th\u1ed1ng, ch\u1ec9 c\u1ea7n m\u1ed9t l\u01b0\u1ee3ng nh\u1ecf b\u1ed9t b\u1eafp h\u00f2a tan v\u1edbi n\u01b0\u1edbc, sau \u0111\u00f3 khu\u1ea5y nh\u1eb9 v\u00e0o n\u1ed3i n\u01b0\u1edbc \u0111ang s\u00f4i, m\u1ed9t k\u1ebft c\u1ea5u m\u01b0\u1ee3t m\u00e0, trong su\u1ed1t s\u1ebd d\u1ea7n hi\u1ec7n ra. Kh\u1ea3 n\u0103ng gi\u1eef \u0111\u01b0\u1ee3c \u0111\u1ed9 trong v\u00e0 kh\u00f4ng l\u00e0m thay \u0111\u1ed5i h\u01b0\u01a1ng v\u1ecb \u0111\u1eb7c tr\u01b0ng c\u1ee7a m\u00f3n \u0103n ch\u00ednh l\u00e0 l\u00fd do khi\u1ebfn tinh b\u1ed9t b\u1eafp tr\u1edf th\u00e0nh l\u1ef1a ch\u1ecdn \u01b0u vi\u1ec7t h\u01a1n so v\u1edbi c\u00e1c lo\u1ea1i b\u1ed9t t\u1ea1o \u0111\u1eb7c kh\u00e1c.<\/p>\n<p><img decoding=\"async\" class=\"aligncenter  wp-image-45336\" src=\"https:\/\/havamall.com\/wp-content\/uploads\/2026\/03\/chicken-corn-egg-drop-soup-6.webp\" alt=\"\" width=\"801\" height=\"1171\" \/><\/p>\n<p>Khi d\u00f9ng l\u00e0m l\u1edbp ph\u1ee7 cho g\u00e0 r\u00e1n, \u0111\u1eadu h\u0169 hay h\u1ea3i s\u1ea3n, b\u1ed9t b\u1eafp t\u1ea1o ra m\u1ed9t l\u1edbp m\u00e0ng m\u1ecfng bao b\u1ecdc, gi\u00fap th\u1ef1c ph\u1ea9m gi\u1eef \u0111\u01b0\u1ee3c n\u01b0\u1edbc b\u00ean trong nh\u01b0ng l\u1ea1i c\u1ef1c k\u1ef3 gi\u00f2n r\u1ee5m v\u00e0 \u00edt th\u1ea5m d\u1ea7u \u1edf b\u00ean ngo\u00e0i. M\u1ed9t m\u1eb9o nh\u1ecf cho nh\u1eefng ai th\u00edch m\u00f3n khoai t\u00e2y chi\u00ean gi\u00f2n l\u00e2u l\u00e0 h\u00e3y \u00e1o m\u1ed9t l\u1edbp b\u1ed9t b\u1eafp m\u1ecfng l\u00ean khoai sau khi lu\u1ed9c s\u01a1 v\u00e0 \u0111\u1ec3 r\u00e1o, \u0111\u1ea3m b\u1ea3o th\u00e0nh ph\u1ea9m s\u1ebd c\u00f3 \u0111\u1ed9 gi\u00f2n tan.<\/p>\n<p><img decoding=\"async\" class=\"aligncenter  wp-image-45337\" src=\"https:\/\/havamall.com\/wp-content\/uploads\/2026\/03\/l-intro-1708617067.jpg\" alt=\"\" width=\"801\" height=\"450\" \/><\/p>\n<p>\u0110\u01b0\u1ee3c chi\u1ebft xu\u1ea5t ho\u00e0n to\u00e0n 100% t\u1eeb b\u1eafp nguy\u00ean ch\u1ea5t, ho\u00e0n to\u00e0n kh\u00f4ng ch\u1ee9a ch\u1ea5t b\u1ea3o qu\u1ea3n hay ph\u1ee5 gia \u0111\u1ed9c h\u1ea1i, quy tr\u00ecnh s\u1ea3n xu\u1ea5t \u0111\u1ea1t chu\u1ea9n HACCP v\u00e0 GMP t\u1ea1i nh\u00e0 m\u00e1y, v\u1edbi h\u00e0m l\u01b0\u1ee3ng carbohydrate d\u1ed3i d\u00e0o, b\u1ed9t b\u1eafp cung c\u1ea5p ngu\u1ed3n n\u0103ng l\u01b0\u1ee3ng s\u1ea1ch cho c\u01a1 th\u1ec3, \u0111\u1ed3ng th\u1eddi h\u1ed7 tr\u1ee3 ti\u00eau h\u00f3a t\u1ed1t h\u01a1n nh\u1edd t\u00ednh ch\u1ea5t t\u1ef1 nhi\u00ean c\u1ee7a h\u1ea1t b\u1eafp.<\/p>\n<p>Hi\u1ec7n nay,\u00a0B\u1ed9t B\u1eafp Nguy\u00ean Ch\u1ea5t Meizan \u0111ang \u0111\u01b0\u1ee3c b\u00e0y b\u00e1n ch\u00ednh th\u1ee9c t\u1ea1i Havamall, n\u01a1i chuy\u00ean cung c\u1ea5p c\u00e1c m\u1eb7t h\u00e0ng nh\u1eadp kh\u1ea9u v\u00e0 n\u1ed9i \u0111\u1ecba cao c\u1ea5p, cam k\u1ebft h\u00e0ng ch\u00ednh h\u00e3ng.<\/p>","protected":false},"excerpt":{"rendered":"<p>TH\u00d4NG TIN S\u1ea2N PH\u1ea8M Th\u01b0\u01a1ng hi\u1ec7u Meizan Xu\u1ea5t x\u1ee9 Vi\u1ec7t Nam (S\u1ea3n xu\u1ea5t b\u1edfi C\u00f4ng ty TNHH Meizan CLV) Th\u00e0nh<\/p>","protected":false},"featured_media":44693,"comment_status":"open","ping_status":"closed","template":"","meta":[],"product_brand":[],"product_cat":[677,595,255],"product_tag":[],"class_list":{"0":"post-44692","1":"product","2":"type-product","3":"status-publish","4":"has-post-thumbnail","6":"product_cat-cac-nuoc-khac","7":"product_cat-gia-vi-va-che-bien","8":"product_cat-nguyen-lieu-lam-banh","10":"first","11":"instock","12":"sale","13":"shipping-taxable","14":"purchasable","15":"product-type-simple"},"_links":{"self":[{"href":"https:\/\/havamall.vn\/en\/wp-json\/wp\/v2\/product\/44692"}],"collection":[{"href":"https:\/\/havamall.vn\/en\/wp-json\/wp\/v2\/product"}],"about":[{"href":"https:\/\/havamall.vn\/en\/wp-json\/wp\/v2\/types\/product"}],"replies":[{"embeddable":true,"href":"https:\/\/havamall.vn\/en\/wp-json\/wp\/v2\/comments?post=44692"}],"version-history":[{"count":0,"href":"https:\/\/havamall.vn\/en\/wp-json\/wp\/v2\/product\/44692\/revisions"}],"wp:featuredmedia":[{"embeddable":true,"href":"https:\/\/havamall.vn\/en\/wp-json\/wp\/v2\/media\/44693"}],"wp:attachment":[{"href":"https:\/\/havamall.vn\/en\/wp-json\/wp\/v2\/media?parent=44692"}],"wp:term":[{"taxonomy":"product_brand","embeddable":true,"href":"https:\/\/havamall.vn\/en\/wp-json\/wp\/v2\/product_brand?post=44692"},{"taxonomy":"product_cat","embeddable":true,"href":"https:\/\/havamall.vn\/en\/wp-json\/wp\/v2\/product_cat?post=44692"},{"taxonomy":"product_tag","embeddable":true,"href":"https:\/\/havamall.vn\/en\/wp-json\/wp\/v2\/product_tag?post=44692"}],"curies":[{"name":"wp","href":"https:\/\/api.w.org\/{rel}","templated":true}]}}