{"id":44686,"date":"2026-03-22T11:58:12","date_gmt":"2026-03-22T04:58:12","guid":{"rendered":"https:\/\/havamall.vn\/?post_type=product&#038;p=44686"},"modified":"2026-03-22T11:58:20","modified_gmt":"2026-03-22T04:58:20","slug":"bot-mi-da-dung-cao-cap-meizan-1kg-meizan-premium-all-purpose-flour","status":"publish","type":"product","link":"https:\/\/havamall.vn\/en\/shop\/bot-mi-da-dung-cao-cap-meizan-1kg-meizan-premium-all-purpose-flour\/","title":{"rendered":"B\u1ed9t M\u00ec \u0110a D\u1ee5ng Cao C\u1ea5p Meizan 1kg \u2013 Meizan Premium All-Purpose Flour"},"content":{"rendered":"<h3 data-path-to-node=\"2\">TH\u00d4NG TIN S\u1ea2N PH\u1ea8M<\/h3>\n<div class=\"horizontal-scroll-wrapper\">\n<div class=\"table-block-component\">\n<div class=\"table-block has-export-button new-table-style is-at-scroll-start is-at-scroll-end\">\n<div class=\"table-content not-end-of-paragraph\" data-hveid=\"0\" data-ved=\"0CAAQ3ecQahgKEwjryMWinZSTAxUAAAAAHQAAAAAQigM\">\n<table style=\"width: 61.8276%;height: 163px\" data-path-to-node=\"3\">\n<tbody>\n<tr>\n<td style=\"width: 20.9285%\"><span data-path-to-node=\"3,1,0,0\">Th\u01b0\u01a1ng hi\u1ec7u<\/span><\/td>\n<td style=\"width: 78.4819%\">MEIZAN<\/td>\n<\/tr>\n<tr>\n<td style=\"width: 20.9285%\"><span data-path-to-node=\"3,2,0,0\">Xu\u1ea5t x\u1ee9<\/span><\/td>\n<td style=\"width: 78.4819%\">Vi\u1ec7t Nam<\/td>\n<\/tr>\n<tr>\n<td style=\"width: 20.9285%\"><span data-path-to-node=\"3,2,0,0\">Th\u00e0nh ph\u1ea7n<\/span><\/td>\n<td style=\"width: 78.4819%\">B\u1ed9t m\u00ec, vi ch\u1ea5t s\u1eaft v\u00e0 k\u1ebdm.<\/td>\n<\/tr>\n<tr>\n<td style=\"width: 20.9285%\"><span data-path-to-node=\"3,2,0,0\">H\u1ea1n s\u1eed d\u1ee5ng<\/span><\/td>\n<td style=\"width: 78.4819%\">12 th\u00e1ng k\u1ec3 t\u1eeb ng\u00e0y s\u1ea3n xu\u1ea5t.<\/td>\n<\/tr>\n<tr>\n<td style=\"width: 20.9285%\"><span data-path-to-node=\"3,2,0,0\">B\u1ea3o qu\u1ea3n<\/span><\/td>\n<td style=\"width: 78.4819%\">N\u01a1i kh\u00f4 r\u00e1o v\u00e0 tho\u00e1ng m\u00e1t, tr\u00e1nh \u00e1nh n\u1eafng tr\u1ef1c ti\u1ebfp.<\/td>\n<\/tr>\n<tr>\n<td style=\"width: 20.9285%\"><span data-path-to-node=\"3,3,0,0\">Kh\u1ed1i l\u01b0\u1ee3ng<\/span><\/td>\n<td style=\"width: 78.4819%\">1kg<\/td>\n<\/tr>\n<\/tbody>\n<\/table>\n<p>Meizan l\u00e0 th\u01b0\u01a1ng hi\u1ec7u th\u1ef1c ph\u1ea9m quen thu\u1ed9c trong gian b\u1ebfp Vi\u1ec7t, thu\u1ed9c t\u1eadp \u0111o\u00e0n Wilmar International \u2013 m\u1ed9t trong nh\u1eefng t\u1eadp \u0111o\u00e0n n\u00f4ng nghi\u1ec7p h\u00e0ng \u0111\u1ea7u th\u1ebf gi\u1edbi. V\u1edbi s\u1ee9 m\u1ec7nh mang \u0111\u1ebfn ngu\u1ed3n nguy\u00ean li\u1ec7u ch\u1ea5t l\u01b0\u1ee3ng cho b\u1eefa \u0103n gia \u0111\u00ecnh, b\u1ed9t m\u00ec Meizan \u0111\u01b0\u1ee3c s\u1ea3n xu\u1ea5t t\u1eeb ngu\u1ed3n l\u00faa m\u00ec th\u01b0\u1ee3ng h\u1ea1ng, tuy\u1ec3n ch\u1ecdn k\u1ef9 l\u01b0\u1ee1ng t\u1eeb c\u00e1c th\u1ecb tr\u01b0\u1eddng uy t\u00edn to\u00e0n c\u1ea7u. Quy tr\u00ecnh s\u1ea3n xu\u1ea5t di\u1ec5n ra t\u1ea1i c\u00e1c nh\u00e0 m\u00e1y \u0111\u1ea1t ti\u00eau chu\u1ea9n qu\u1ed1c t\u1ebf nh\u01b0 FSSC 22000 v\u00e0 ISO 9001, \u0111\u1ea3m b\u1ea3o t\u00ednh \u0111\u1ed3ng nh\u1ea5t v\u00e0 \u0111\u1ed9 s\u1ea1ch tuy\u1ec7t \u0111\u1ed1i c\u1ee7a s\u1ea3n ph\u1ea9m.<\/p>\n<p><img fetchpriority=\"high\" decoding=\"async\" class=\"aligncenter  wp-image-45308\" src=\"https:\/\/havamall.com\/wp-content\/uploads\/2026\/03\/Aec57d99667d5488198f31b08d1b8288dc-scaled.jpg\" alt=\"\" width=\"801\" height=\"534\" \/><\/p>\n<p>&nbsp;<\/p>\n<p>D\u00f2ng b\u1ed9t m\u00ec \u0111a d\u1ee5ng cao c\u1ea5p (hay c\u00f2n g\u1ecdi l\u00e0 b\u1ed9t m\u00ec s\u1ed1 11) v\u1edbi h\u00e0m l\u01b0\u1ee3ng protein dao \u0111\u1ed9ng t\u1eeb 9.5% \u0111\u1ebfn 11%. \u0110\u1eb7c \u0111i\u1ec3m n\u00e0y t\u1ea1o n\u00ean s\u1ef1 c\u00e2n b\u1eb1ng ho\u00e0n h\u1ea3o, kh\u00f4ng qu\u00e1 dai nh\u01b0 b\u1ed9t b\u00e1nh m\u00ec nh\u01b0ng c\u0169ng kh\u00f4ng qu\u00e1 m\u1ec1m y\u1ebfu nh\u01b0 b\u1ed9t b\u00e1nh b\u00f4ng lan, cho ph\u00e9p b\u1ed9t th\u00edch nghi v\u1edbi h\u1ea7u h\u1ebft c\u00e1c c\u00f4ng th\u1ee9c n\u1ea5u \u0103n. B\u1ed9t c\u00f3 m\u00e0u tr\u1eafng t\u1ef1 nhi\u00ean, \u0111\u1ed9 t\u01a1i x\u1ed1p cao, kh\u00f4ng b\u1ecb v\u00f3n c\u1ee5c v\u00e0 kh\u1ea3 n\u0103ng h\u00fat n\u01b0\u1edbc \u1ed5n \u0111\u1ecbnh, gi\u00fap vi\u1ec7c nh\u00e0o tr\u1ed9n tr\u1edf n\u00ean d\u1ec5 d\u00e0ng h\u01a1n.<\/p>\n<p><img decoding=\"async\" class=\"aligncenter\" src=\"https:\/\/havamall.com\/wp-content\/uploads\/2026\/03\/flour-in-bowl.jpg\" alt=\"Bread Flour vs. All-Purpose Flour Differences, Chefs Explain - Parade\" width=\"800\" height=\"600\" \/><\/p>\n<p data-path-to-node=\"6\">Khi \u0111\u01b0\u1ee3c nh\u00e0o n\u1eb7n d\u01b0\u1edbi \u0111\u00f4i b\u00e0n tay kh\u00e9o l\u00e9o, b\u1ed9t m\u00ec Meizan tr\u1edf th\u00e0nh nh\u1eefng \u1ed5 b\u00e1nh m\u00ec Baguette gi\u00f2n r\u1ee5m b\u00ean ngo\u00e0i, m\u1ec1m x\u1ed1p b\u00ean trong; hay nh\u1eefng chi\u1ebfc b\u00e1nh b\u00f4ng lan m\u1ec1m m\u1ea1i nh\u01b0 m\u00e2y tan ngay \u0111\u1ea7u l\u01b0\u1ee1i. Kh\u00f4ng d\u1eebng l\u1ea1i \u1edf \u0111\u00f3, \u0111\u00e2y c\u00f2n l\u00e0 nguy\u00ean li\u1ec7u ho\u00e0n h\u1ea3o \u0111\u1ec3 t\u1ea1o n\u00ean l\u1edbp v\u1ecf b\u00e1nh Trung thu truy\u1ec1n th\u1ed1ng, b\u00e1nh quy b\u01a1 th\u01a1m n\u1ee9c hay c\u1ea3 nh\u1eefng s\u1ee3i m\u00ec s\u1ee3i th\u1ee7 c\u00f4ng dai ngon.<\/p>\n<p data-path-to-node=\"7\">\u0110\u1ed1i v\u1edbi c\u00e1c m\u00f3n chi\u00ean trong b\u1eefa c\u01a1m gia \u0111\u00ecnh, s\u1ea3n ph\u1ea9m th\u1ec3 hi\u1ec7n \u01b0u th\u1ebf v\u01b0\u1ee3t tr\u1ed9i khi \u0111\u01b0\u1ee3c d\u00f9ng l\u00e0m l\u1edbp \u00e1o b\u1ed9t cho t\u00f4m l\u0103n b\u1ed9t, g\u00e0 r\u00e1n hay c\u00e1 chi\u00ean. L\u1edbp b\u1ed9t m\u1ecbn bao ph\u1ee7 gi\u00fap th\u1ef1c ph\u1ea9m gi\u1eef \u0111\u01b0\u1ee3c \u0111\u1ed9 \u1ea9m t\u1ef1 nhi\u00ean b\u00ean trong m\u00e0 v\u1eabn t\u1ea1o n\u00ean l\u1edbp v\u1ecf v\u00e0ng \u01b0\u01a1m, gi\u00f2n tan b\u1eaft m\u1eaft.<\/p>\n<p data-path-to-node=\"7\"><img decoding=\"async\" class=\"aligncenter  wp-image-45311\" src=\"https:\/\/havamall.com\/wp-content\/uploads\/2026\/03\/2025-Q4-Recipe-SeafoodChowder-Image-1518-scaled.webp\" alt=\"\" width=\"804\" height=\"536\" \/><\/p>\n<p data-path-to-node=\"7\">B\u1ed9t m\u00ec Meizan \u0111\u01b0\u1ee3c t\u0103ng c\u01b0\u1eddng s\u1eaft v\u00e0 k\u1ebdm \u2013 hai kho\u00e1ng ch\u1ea5t thi\u1ebft y\u1ebfu gi\u00fap h\u1ed7 tr\u1ee3 h\u1ec7 mi\u1ec5n d\u1ecbch v\u00e0 cung c\u1ea5p n\u0103ng l\u01b0\u1ee3ng cho c\u01a1 th\u1ec3. Quy tr\u00ecnh s\u1ea3n xu\u1ea5t t\u1ea1i nh\u00e0 m\u00e1y VFM-Wilmar tu\u00e2n th\u1ee7 nghi\u00eam ng\u1eb7t c\u00e1c ti\u00eau chu\u1ea9n qu\u1ed1c t\u1ebf nh\u01b0 FSSC 22000, ISO 9001 v\u00e0 ISO 14001, \u0111\u1ea3m b\u1ea3o m\u1ed7i t\u00fai b\u1ed9t \u0111\u1ebfn tay ng\u01b0\u1eddi d\u00f9ng \u0111\u1ec1u s\u1ea1ch, an to\u00e0n v\u00e0 kh\u00f4ng ch\u1ee9a ch\u1ea5t b\u1ea3o qu\u1ea3n h\u00f3a h\u1ecdc.<\/p>\n<p data-path-to-node=\"10\">\u0110\u1ec3 \u0111\u1ea1t \u0111\u01b0\u1ee3c k\u1ebft qu\u1ea3 ho\u00e0n h\u1ea3o nh\u1ea5t khi l\u00e0m b\u00e1nh, m\u1ed9t b\u00ed quy\u1ebft nh\u1ecf d\u00e0nh cho ng\u01b0\u1eddi y\u00eau b\u1ebfp l\u00e0 h\u00e3y r\u00e2y b\u1ed9t th\u1eadt k\u1ef9 tr\u01b0\u1edbc khi tr\u1ed9n. Vi\u1ec7c n\u00e0y gi\u00fap b\u1ed9t tr\u1edf n\u00ean t\u01a1i x\u1ed1p, lo\u1ea1i b\u1ecf v\u00f3n c\u1ee5c v\u00e0 gi\u00fap c\u00e1c nguy\u00ean li\u1ec7u kh\u00e1c h\u00f2a quy\u1ec7n \u0111\u1ed3ng nh\u1ea5t h\u01a1n. \u0110\u1eb7c bi\u1ec7t, khi n\u01b0\u1edbng b\u00e1nh, vi\u1ec7c l\u00e0m n\u00f3ng l\u00f2 tr\u01b0\u1edbc kho\u1ea3ng 15 ph\u00fat l\u00e0 quy t\u1eafc v\u00e0ng \u0111\u1ec3 b\u00e1nh n\u1edf \u0111\u1ec1u v\u00e0 \u0111\u1ea1t \u0111\u01b0\u1ee3c m\u00e0u s\u1eafc nh\u01b0 \u00fd.<\/p>\n<p data-path-to-node=\"10\"><img loading=\"lazy\" decoding=\"async\" class=\"aligncenter  wp-image-45310\" src=\"https:\/\/havamall.com\/wp-content\/uploads\/2026\/03\/EP_01072016_3ingredient_biscuits.webp\" alt=\"\" width=\"801\" height=\"801\" \/><\/p>\n<p data-path-to-node=\"11\">B\u1ed9t M\u00ec \u0110a D\u1ee5ng Cao C\u1ea5p Meizan kh\u1eb3ng \u0111\u1ecbnh v\u1ecb th\u1ebf l\u00e0 ng\u01b0\u1eddi b\u1ea1n \u0111\u1ed3ng h\u00e0nh kh\u00f4ng th\u1ec3 thi\u1ebfu. Hi\u1ec7n nay, s\u1ea3n ph\u1ea9m \u0111ang \u0111\u01b0\u1ee3c ph\u00e2n ph\u1ed1i ch\u00ednh th\u1ee9c t\u1ea1i Havamall<\/p>\n<\/div>\n<\/div>\n<\/div>\n<\/div>","protected":false},"excerpt":{"rendered":"<p>TH\u00d4NG TIN S\u1ea2N PH\u1ea8M Th\u01b0\u01a1ng hi\u1ec7u MEIZAN Xu\u1ea5t x\u1ee9 Vi\u1ec7t Nam Th\u00e0nh ph\u1ea7n B\u1ed9t m\u00ec, vi ch\u1ea5t s\u1eaft v\u00e0 k\u1ebdm.<\/p>","protected":false},"featured_media":44687,"comment_status":"open","ping_status":"closed","template":"","meta":[],"product_brand":[],"product_cat":[677,255],"product_tag":[],"class_list":{"0":"post-44686","1":"product","2":"type-product","3":"status-publish","4":"has-post-thumbnail","6":"product_cat-cac-nuoc-khac","7":"product_cat-nguyen-lieu-lam-banh","9":"first","10":"instock","11":"sale","12":"shipping-taxable","13":"purchasable","14":"product-type-simple"},"_links":{"self":[{"href":"https:\/\/havamall.vn\/en\/wp-json\/wp\/v2\/product\/44686"}],"collection":[{"href":"https:\/\/havamall.vn\/en\/wp-json\/wp\/v2\/product"}],"about":[{"href":"https:\/\/havamall.vn\/en\/wp-json\/wp\/v2\/types\/product"}],"replies":[{"embeddable":true,"href":"https:\/\/havamall.vn\/en\/wp-json\/wp\/v2\/comments?post=44686"}],"version-history":[{"count":0,"href":"https:\/\/havamall.vn\/en\/wp-json\/wp\/v2\/product\/44686\/revisions"}],"wp:featuredmedia":[{"embeddable":true,"href":"https:\/\/havamall.vn\/en\/wp-json\/wp\/v2\/media\/44687"}],"wp:attachment":[{"href":"https:\/\/havamall.vn\/en\/wp-json\/wp\/v2\/media?parent=44686"}],"wp:term":[{"taxonomy":"product_brand","embeddable":true,"href":"https:\/\/havamall.vn\/en\/wp-json\/wp\/v2\/product_brand?post=44686"},{"taxonomy":"product_cat","embeddable":true,"href":"https:\/\/havamall.vn\/en\/wp-json\/wp\/v2\/product_cat?post=44686"},{"taxonomy":"product_tag","embeddable":true,"href":"https:\/\/havamall.vn\/en\/wp-json\/wp\/v2\/product_tag?post=44686"}],"curies":[{"name":"wp","href":"https:\/\/api.w.org\/{rel}","templated":true}]}}