{"id":44683,"date":"2026-03-22T10:18:32","date_gmt":"2026-03-22T03:18:32","guid":{"rendered":"https:\/\/havamall.vn\/?post_type=product&#038;p=44683"},"modified":"2026-03-22T10:18:32","modified_gmt":"2026-03-22T03:18:32","slug":"bot-mi-chuyen-dung-cho-banh-mi-meizan-1kg-meizan-unbleached-bread-flour","status":"publish","type":"product","link":"https:\/\/havamall.vn\/en\/shop\/bot-mi-chuyen-dung-cho-banh-mi-meizan-1kg-meizan-unbleached-bread-flour\/","title":{"rendered":"B\u1ed9t M\u00ec Chuy\u00ean D\u1ee5ng Cho B\u00e1nh M\u00ec Meizan 1kg \u2013 Meizan Unbleached Bread Flour"},"content":{"rendered":"<h3 data-path-to-node=\"2\">TH\u00d4NG TIN S\u1ea2N PH\u1ea8M<\/h3>\n<div class=\"horizontal-scroll-wrapper\">\n<div class=\"table-block-component\">\n<div class=\"table-block has-export-button new-table-style is-at-scroll-start is-at-scroll-end\">\n<div class=\"table-content not-end-of-paragraph\" data-hveid=\"0\" data-ved=\"0CAAQ3ecQahgKEwjryMWinZSTAxUAAAAAHQAAAAAQigM\">\n<table style=\"width: 64.4068%;height: 169px\" data-path-to-node=\"3\">\n<tbody>\n<tr>\n<td style=\"width: 19.9453%\"><span data-path-to-node=\"3,1,0,0\">Th\u01b0\u01a1ng hi\u1ec7u<\/span><\/td>\n<td style=\"width: 79.4652%\"><span data-path-to-node=\"3,1,1,0\">MEIZAN<\/span><\/td>\n<\/tr>\n<tr>\n<td style=\"width: 19.9453%\"><span data-path-to-node=\"3,2,0,0\">Xu\u1ea5t x\u1ee9<\/span><\/td>\n<td style=\"width: 79.4652%\">Vi\u1ec7t Nam<\/td>\n<\/tr>\n<tr>\n<td style=\"width: 19.9453%\"><span data-path-to-node=\"3,2,0,0\">Th\u00e0nh ph\u1ea7n<\/span><\/td>\n<td style=\"width: 79.4652%\">B\u1ed9t m\u00ec, h\u00e0m l\u01b0\u1ee3ng Protein cao (kho\u1ea3ng 12.0% &#8211; 13.5%), vi ch\u1ea5t dinh d\u01b0\u1ee1ng S\u1eaft v\u00e0 K\u1ebdm.<\/td>\n<\/tr>\n<tr>\n<td style=\"width: 19.9453%\"><span data-path-to-node=\"3,2,0,0\">H\u1ea1n s\u1eed d\u1ee5ng<\/span><\/td>\n<td style=\"width: 79.4652%\">12 th\u00e1ng k\u1ec3 t\u1eeb ng\u00e0y s\u1ea3n xu\u1ea5t.<\/td>\n<\/tr>\n<tr>\n<td style=\"width: 19.9453%\"><span data-path-to-node=\"3,2,0,0\">B\u1ea3o qu\u1ea3n<\/span><\/td>\n<td style=\"width: 79.4652%\">N\u01a1i kh\u00f4 r\u00e1o, tho\u00e1ng m\u00e1t, \u0111\u00f3ng k\u00edn mi\u1ec7ng t\u00fai sau khi s\u1eed d\u1ee5ng \u0111\u1ec3 tr\u00e1nh \u1ea9m m\u1ed1c v\u00e0 c\u00f4n tr\u00f9ng.<\/td>\n<\/tr>\n<tr>\n<td style=\"width: 19.9453%\"><span data-path-to-node=\"3,3,0,0\">Kh\u1ed1i l\u01b0\u1ee3ng<\/span><\/td>\n<td style=\"width: 79.4652%\">1kg<\/td>\n<\/tr>\n<\/tbody>\n<\/table>\n<p>Meizan l\u00e0 m\u1ed9t trong nh\u1eefng th\u01b0\u01a1ng hi\u1ec7u th\u1ef1c ph\u1ea9m h\u00e0ng \u0111\u1ea7u t\u1ea1i Vi\u1ec7t Nam, thu\u1ed9c s\u1edf h\u1eefu c\u1ee7a T\u1eadp \u0111o\u00e0n Wilmar International \u2013 t\u1eadp \u0111o\u00e0n n\u00f4ng nghi\u1ec7p v\u00e0 th\u1ef1c ph\u1ea9m quy m\u00f4 l\u1edbn tr\u00ean to\u00e0n c\u1ea7u. B\u1ed9t m\u00ec chuy\u00ean d\u1ee5ng cho b\u00e1nh m\u00ec Meizan ra \u0111\u1eddi t\u1eeb quy tr\u00ecnh tuy\u1ec3n ch\u1ecdn nh\u1eefng h\u1ea1t l\u00faa m\u00ec th\u01b0\u1ee3ng h\u1ea1ng nh\u1ea5t, tr\u1ea3i qua c\u00f4ng ngh\u1ec7 xay x\u00e1t hi\u1ec7n \u0111\u1ea1i \u0111\u1ec3 gi\u1eef tr\u1ecdn v\u1eb9n gi\u00e1 tr\u1ecb dinh d\u01b0\u1ee1ng v\u00e0 t\u00ednh ch\u1ea5t v\u1eadt l\u00fd t\u1ed1i \u01b0u.<\/p>\n<p><img fetchpriority=\"high\" decoding=\"async\" class=\"aligncenter  wp-image-45300\" src=\"https:\/\/havamall.com\/wp-content\/uploads\/2026\/03\/472504783_2719532098232642_1202261924699874541_n.jpg\" alt=\"\" width=\"800\" height=\"634\" \/><\/p>\n<p>\u0110i\u1ec3m kh\u00e1c bi\u1ec7t l\u1edbn nh\u1ea5t c\u1ee7a d\u00f2ng b\u1ed9t n\u00e0y ch\u00ednh l\u00e0 \u0111\u1eb7c t\u00ednh &#8220;Unbleached&#8221; (kh\u00f4ng t\u1ea9y tr\u1eafng), gi\u00fap b\u1ed9t gi\u1eef \u0111\u01b0\u1ee3c m\u00e0u tr\u1eafng ng\u00e0 t\u1ef1 nhi\u00ean v\u00e0 h\u01b0\u01a1ng th\u01a1m \u0111\u1eb7c tr\u01b0ng c\u1ee7a l\u00faa m\u00ec m\u1edbi xay, c\u1ea5u tr\u00fac b\u1ed9t m\u1ecbn, t\u01a1i x\u1ed1p, kh\u00f4ng v\u00f3n c\u1ee5c. Nh\u1edd h\u00e0m l\u01b0\u1ee3ng Protein cao (th\u01b0\u1eddng \u0111\u01b0\u1ee3c g\u1ecdi l\u00e0 b\u1ed9t m\u00ec s\u1ed1 13), b\u1ed9t m\u00ec Meizan s\u1edf h\u1eefu kh\u1ea3 n\u0103ng h\u00ecnh th\u00e0nh m\u1ea1ng l\u01b0\u1edbi Gluten c\u1ef1c k\u1ef3 v\u1eefng ch\u1eafc v\u00e0 d\u1ebbo dai, cho ph\u00e9p b\u1ed9t ch\u1ecbu \u0111\u01b0\u1ee3c \u00e1p l\u1ef1c t\u1eeb qu\u00e1 tr\u00ecnh l\u00ean men k\u00e9o d\u00e0i v\u00e0 nh\u00e0o tr\u1ed9n m\u1ea1nh, t\u1ea1o n\u00ean \u0111\u1ed9 \u0111\u00e0n h\u1ed3i l\u00fd t\u01b0\u1edfng gi\u00fap b\u00e1nh n\u1edf to, \u0111\u1ec1u v\u00e0 gi\u1eef form t\u1ed1t. Khi n\u01b0\u1edbng ch\u00edn, b\u00e1nh m\u00ec l\u00e0m t\u1eeb b\u1ed9t Meizan c\u00f3 l\u1edbp v\u1ecf v\u00e0ng r\u1ed9m, gi\u00f2n tan nh\u01b0ng ph\u1ea7n ru\u1ed9t b\u00ean trong l\u1ea1i m\u1ec1m \u1ea9m, dai nh\u1eb9 v\u00e0 c\u00f3 \u0111\u1ed9 \u0111\u00e0n h\u1ed3i tuy\u1ec7t v\u1eddi.<\/p>\n<p><img decoding=\"async\" class=\"aligncenter  wp-image-45303\" src=\"https:\/\/havamall.com\/wp-content\/uploads\/2026\/03\/bread-flour-vs-all-purpose-flour-6.jpg\" alt=\"\" width=\"800\" height=\"1200\" \/><\/p>\n<p><span style=\"font-size: 14pt\"><strong>C\u00d4NG D\u1ee4NG V\u00c0 C\u00c1CH CH\u1ebe BI\u1ebeN TRONG \u1ea8M TH\u1ef0C<\/strong><\/span><\/p>\n<p>\u2013 B\u00e1nh m\u00ec truy\u1ec1n th\u1ed1ng v\u00e0 b\u00e1nh m\u00ec Ph\u00e1p (Baguette): T\u1ea1o n\u00ean l\u1edbp v\u1ecf gi\u00f2n \u0111\u1eb7c tr\u01b0ng v\u00e0 ru\u1ed9t b\u00e1nh c\u00f3 nhi\u1ec1u l\u1ed7 kh\u00ed l\u1edbn, \u0111\u1ec1u \u0111\u1eb7n.<\/p>\n<p>\u2013 \u0110\u1ebf b\u00e1nh Pizza: Gi\u00fap \u0111\u1ebf b\u00e1nh c\u00f3 \u0111\u1ed9 gi\u00f2n b\u00ean ngo\u00e0i v\u00e0 \u0111\u1ed9 dai d\u1ebbo b\u00ean trong, ch\u1ecbu \u0111\u01b0\u1ee3c s\u1ee9c n\u1eb7ng c\u1ee7a c\u00e1c lo\u1ea1i topping \u0111a d\u1ea1ng.<\/p>\n<p>\u2013 B\u00e1nh Sandwich v\u00e0 b\u00e1nh m\u00ec ng\u1ecdt (Brioche): Khi k\u1ebft h\u1ee3p v\u1edbi b\u01a1 s\u1eefa, b\u1ed9t Meizan gi\u00fap t\u1ea1o n\u00ean c\u00e1c th\u1edb b\u00e1nh m\u01b0\u1ee3t m\u00e0, d\u1ec5 d\u00e0ng x\u00e9 s\u1ee3i.<\/p>\n<p><img decoding=\"async\" class=\"aligncenter  wp-image-45302\" src=\"https:\/\/havamall.com\/wp-content\/uploads\/2026\/03\/easy-bread-machine-recipe-15.jpg\" alt=\"\" width=\"799\" height=\"1199\" \/><\/p>\n<p><span style=\"font-size: 14pt\"><strong>H\u01af\u1edaNG D\u1eaaN L\u00c0M B\u00c1NH M\u00cc VI\u1ec6T NAM GI\u00d2N V\u1ece<\/strong><\/span><\/p>\n<p>\u2013 B\u01b0\u1edbc 1: Tr\u1ed9n b\u1ed9t m\u00ec Meizan v\u1edbi men kh\u00f4, m\u1ed9t ch\u00fat \u0111\u01b0\u1eddng v\u00e0 mu\u1ed1i. T\u1eeb t\u1eeb th\u00eam n\u01b0\u1edbc l\u1ecdc v\u00e0 nh\u00e0o \u0111\u1ebfn khi kh\u1ed1i b\u1ed9t tr\u1edf n\u00ean m\u1ecbn, d\u1ebbo v\u00e0 c\u00f3 th\u1ec3 k\u00e9o m\u00e0ng m\u1ecfng m\u00e0 kh\u00f4ng r\u00e1ch.<\/p>\n<p>\u2013 B\u01b0\u1edbc 2: \u0110\u1ec3 b\u1ed9t ngh\u1ec9 v\u00e0 \u1ee7 l\u1ea7n m\u1ed9t \u0111\u1ebfn khi n\u1edf g\u1ea5p \u0111\u00f4i. Sau \u0111\u00f3 chia nh\u1ecf b\u1ed9t v\u00e0 t\u1ea1o h\u00ecnh thon d\u00e0i \u0111\u1eb7c tr\u01b0ng c\u1ee7a b\u00e1nh m\u00ec.<\/p>\n<p>\u2013 B\u01b0\u1edbc 3: R\u1ea1ch m\u1eb7t b\u00e1nh v\u00e0 x\u1ecbt n\u01b0\u1edbc \u0111\u1ec1u l\u00ean b\u1ec1 m\u1eb7t. N\u01b0\u1edbng \u1edf nhi\u1ec7t \u0111\u1ed9 cao (kho\u1ea3ng 230\u00b0C) k\u1ebft h\u1ee3p phun s\u01b0\u01a1ng n\u01b0\u1edbc trong 5 ph\u00fat \u0111\u1ea7u \u0111\u1ec3 t\u1ea1o l\u1edbp v\u1ecf m\u1ecfng gi\u00f2n. S\u1ef1 \u1ed5n \u0111\u1ecbnh c\u1ee7a m\u1ea1ng l\u01b0\u1edbi Gluten trong b\u1ed9t Meizan s\u1ebd gi\u00fap b\u00e1nh n\u1edf ph\u1ed3ng c\u0103ng tr\u00f2n, kh\u00f4ng b\u1ecb x\u1eb9p sau khi ra l\u00f2, mang l\u1ea1i h\u01b0\u01a1ng v\u1ecb th\u01a1m ngon nh\u01b0 ngo\u00e0i ti\u1ec7m.<\/p>\n<p><img loading=\"lazy\" decoding=\"async\" class=\"aligncenter  wp-image-45301\" src=\"https:\/\/havamall.com\/wp-content\/uploads\/2026\/03\/Discover_the_Best_Grains_for_Bread_Making.webp\" alt=\"\" width=\"801\" height=\"534\" \/><\/p>\n<p>B\u1ed9t kh\u00f4ng qua h\u00f3a ch\u1ea5t t\u1ea9y tr\u1eafng n\u00ean c\u00e1c enzym t\u1ef1 nhi\u00ean trong l\u00faa m\u00ec \u0111\u01b0\u1ee3c gi\u1eef nguy\u00ean, h\u1ed7 tr\u1ee3 t\u1ed1t h\u01a1n cho qu\u00e1 tr\u00ecnh l\u00ean men t\u1ef1 nhi\u00ean (nh\u01b0 l\u00e0m Sourdough). Ngo\u00e0i ra, b\u1ed9t m\u00ec Meizan c\u00f2n \u0111\u01b0\u1ee3c b\u1ed5 sung vi ch\u1ea5t S\u1eaft v\u00e0 K\u1ebdm, kh\u1ea3 n\u0103ng h\u00fat n\u01b0\u1edbc c\u1ee7a b\u1ed9t cao h\u01a1n c\u00e1c lo\u1ea1i b\u1ed9t th\u01b0\u1eddng c\u0169ng gi\u00fap ng\u01b0\u1eddi l\u00e0m b\u00e1nh ti\u1ebft ki\u1ec7m \u0111\u01b0\u1ee3c chi ph\u00ed nguy\u00ean li\u1ec7u v\u00e0 t\u0103ng n\u0103ng su\u1ea5t th\u00e0nh ph\u1ea9m \u0111\u00e1ng k\u1ec3.<\/p>\n<p data-path-to-node=\"7\">B\u1ed9t m\u00ec chuy\u00ean d\u1ee5ng cho b\u00e1nh m\u00ec Meizan hi\u1ec7n \u0111ang \u0111\u01b0\u1ee3c b\u00e1n t\u1ea1i Havamall, cam k\u1ebft h\u00e0ng ch\u00ednh h\u00e3ng t\u1eeb t\u1eadp \u0111o\u00e0n Wilmar.<\/p>\n<\/div>\n<\/div>\n<\/div>\n<\/div>","protected":false},"excerpt":{"rendered":"<p>TH\u00d4NG TIN S\u1ea2N PH\u1ea8M Th\u01b0\u01a1ng hi\u1ec7u MEIZAN Xu\u1ea5t x\u1ee9 Vi\u1ec7t Nam Th\u00e0nh ph\u1ea7n B\u1ed9t m\u00ec, h\u00e0m l\u01b0\u1ee3ng Protein cao (kho\u1ea3ng<\/p>","protected":false},"featured_media":44684,"comment_status":"open","ping_status":"closed","template":"","meta":[],"product_brand":[],"product_cat":[677,255],"product_tag":[],"class_list":{"0":"post-44683","1":"product","2":"type-product","3":"status-publish","4":"has-post-thumbnail","6":"product_cat-cac-nuoc-khac","7":"product_cat-nguyen-lieu-lam-banh","9":"first","10":"instock","11":"sale","12":"shipping-taxable","13":"purchasable","14":"product-type-simple"},"_links":{"self":[{"href":"https:\/\/havamall.vn\/en\/wp-json\/wp\/v2\/product\/44683"}],"collection":[{"href":"https:\/\/havamall.vn\/en\/wp-json\/wp\/v2\/product"}],"about":[{"href":"https:\/\/havamall.vn\/en\/wp-json\/wp\/v2\/types\/product"}],"replies":[{"embeddable":true,"href":"https:\/\/havamall.vn\/en\/wp-json\/wp\/v2\/comments?post=44683"}],"version-history":[{"count":0,"href":"https:\/\/havamall.vn\/en\/wp-json\/wp\/v2\/product\/44683\/revisions"}],"wp:featuredmedia":[{"embeddable":true,"href":"https:\/\/havamall.vn\/en\/wp-json\/wp\/v2\/media\/44684"}],"wp:attachment":[{"href":"https:\/\/havamall.vn\/en\/wp-json\/wp\/v2\/media?parent=44683"}],"wp:term":[{"taxonomy":"product_brand","embeddable":true,"href":"https:\/\/havamall.vn\/en\/wp-json\/wp\/v2\/product_brand?post=44683"},{"taxonomy":"product_cat","embeddable":true,"href":"https:\/\/havamall.vn\/en\/wp-json\/wp\/v2\/product_cat?post=44683"},{"taxonomy":"product_tag","embeddable":true,"href":"https:\/\/havamall.vn\/en\/wp-json\/wp\/v2\/product_tag?post=44683"}],"curies":[{"name":"wp","href":"https:\/\/api.w.org\/{rel}","templated":true}]}}