{"id":44678,"date":"2026-03-21T15:57:33","date_gmt":"2026-03-21T08:57:33","guid":{"rendered":"https:\/\/havamall.vn\/?post_type=product&#038;p=44678"},"modified":"2026-03-21T15:57:34","modified_gmt":"2026-03-21T08:57:34","slug":"so-co-la-den-dang-chip-chambery-1kg-dark-chocolate-compound-chips","status":"publish","type":"product","link":"https:\/\/havamall.vn\/en\/shop\/so-co-la-den-dang-chip-chambery-1kg-dark-chocolate-compound-chips\/","title":{"rendered":"S\u00f4 C\u00f4 La \u0110en D\u1ea1ng Chip Chambery 1kg \u2013 Dark Chocolate Compound Chips"},"content":{"rendered":"<h3 data-path-to-node=\"2\">TH\u00d4NG TIN S\u1ea2N PH\u1ea8M<\/h3>\n<div class=\"horizontal-scroll-wrapper\">\n<div class=\"table-block-component\">\n<div class=\"table-block has-export-button new-table-style is-at-scroll-start is-at-scroll-end\">\n<div class=\"table-content not-end-of-paragraph\" data-hveid=\"0\" data-ved=\"0CAAQ3ecQahgKEwjryMWinZSTAxUAAAAAHQAAAAAQigM\">\n<table style=\"width: 85.4827%\" data-path-to-node=\"3\">\n<tbody>\n<tr>\n<td><span data-path-to-node=\"3,1,0,0\">Th\u01b0\u01a1ng hi\u1ec7u<\/span><\/td>\n<td><span data-path-to-node=\"3,1,1,0\">CHAMBERY<\/span><\/td>\n<\/tr>\n<tr>\n<td><span data-path-to-node=\"3,2,0,0\">Xu\u1ea5t x\u1ee9<\/span><\/td>\n<td>Trung Qu\u1ed1c<\/td>\n<\/tr>\n<tr>\n<td><span data-path-to-node=\"3,2,0,0\">Th\u00e0nh ph\u1ea7n<\/span><\/td>\n<td>\u0110\u01b0\u1eddng, CBS (D\u1ea7u nh\u00e2n c\u1ecd hydro h\u00f3a v\u00e0 tinh luy\u1ec7n, Lecithin, Sorbitan Tristearate) (25.5%), B\u1ed9t cacao, Anhydrous Dextrose, Ch\u1ea5t nh\u0169 h\u00f3a (Lecithin INS322), H\u01b0\u01a1ng vani t\u1ed5ng h\u1ee3p.<\/td>\n<\/tr>\n<tr>\n<td><span data-path-to-node=\"3,2,0,0\">H\u1ea1n s\u1eed d\u1ee5ng<\/span><\/td>\n<td><span data-path-to-node=\"3,2,1,0\">12 th\u00e1ng k\u1ec3 t\u1eeb ng\u00e0y s\u1ea3n xu\u1ea5t.<\/span><\/td>\n<\/tr>\n<tr>\n<td><span data-path-to-node=\"3,2,0,0\">B\u1ea3o qu\u1ea3n<\/span><\/td>\n<td>\u0110\u1ec3 n\u01a1i kh\u00f4 r\u00e1o v\u00e0 tho\u00e1ng m\u00e1t, tr\u00e1nh \u00e1nh n\u1eafng tr\u1ef1c ti\u1ebfp. Nhi\u1ec7t \u0111\u1ed9 khuy\u1ebfn ngh\u1ecb 12\u00b0C \u2013 22\u00b0C, \u0111\u1ed9 \u1ea9m th\u00edch h\u1ee3p \u2264 70%.<\/td>\n<\/tr>\n<tr>\n<td><span data-path-to-node=\"3,3,0,0\">Kh\u1ed1i l\u01b0\u1ee3ng<\/span><\/td>\n<td>1kg<\/td>\n<\/tr>\n<\/tbody>\n<\/table>\n<p>Ngo\u00e0i vi\u1ec7c s\u1eed d\u1ee5ng nh\u1eefng kh\u1ed1i s\u00f4 c\u00f4 la l\u1edbn th\u00ec Chambery c\u00f2n \u1ee9ng d\u1ee5ng c\u00f4ng ngh\u1ec7 \u0111\u00fac h\u1ea1t hi\u1ec7n \u0111\u1ea1i \u0111\u1ec3 t\u1ea1o ra nh\u1eefng vi\u00ean chip \u0111\u1ed3ng nh\u1ea5t. D\u00f2ng Compound n\u00e0y s\u1eed d\u1ee5ng ch\u1ea5t b\u00e9o th\u1ef1c v\u1eadt tinh luy\u1ec7n (CBS) ch\u1ea5t l\u01b0\u1ee3ng cao, gi\u00fap s\u1ea3n ph\u1ea9m c\u00f3 \u0111\u1ed9 b\u1ec1n nhi\u1ec7t l\u00fd t\u01b0\u1edfng, \u0111\u1eb7c bi\u1ec7t ph\u00f9 h\u1ee3p v\u1edbi c\u00e1c qu\u1ed1c gia c\u00f3 kh\u00ed h\u1eadu n\u00f3ng \u1ea9m m\u00e0 v\u1eabn gi\u1eef \u0111\u01b0\u1ee3c h\u01b0\u01a1ng v\u1ecb ca cao n\u1ed3ng n\u00e0n \u0111\u1eb7c tr\u01b0ng.<\/p>\n<p><img fetchpriority=\"high\" decoding=\"async\" class=\"aligncenter\" src=\"https:\/\/havamall.com\/wp-content\/uploads\/2026\/03\/c44e2f057287e84636c6c7ad01a96464-scaled.webp\" alt=\"Tulip Dark Compound Chocolate Chips -\" width=\"801\" height=\"801\" \/><\/p>\n<p>V\u1edbi h\u00ecnh d\u00e1ng nh\u1eefng vi\u00ean s\u00f4 c\u00f4 la chip nh\u1ecf xinh, c\u00f3 ch\u00f3p nh\u1ecdn \u0111\u1ec1u \u0111\u1eb7n v\u00e0 m\u00e0u n\u00e2u \u0111en huy\u1ec1n b\u00ed. B\u1ec1 m\u1eb7t vi\u00ean chip kh\u00f4 r\u00e1o, l\u00e1ng m\u1ecbn, kh\u00f4ng g\u00e2y hi\u1ec7n t\u01b0\u1ee3ng b\u1ebft d\u00ednh trong bao b\u00ec, gi\u00fap vi\u1ec7c \u0111\u1ecbnh l\u01b0\u1ee3ng tr\u1edf n\u00ean v\u00f4 c\u00f9ng d\u1ec5 d\u00e0ng. \u0110i\u1ec3m m\u1ea1nh v\u01b0\u1ee3t tr\u1ed9i c\u1ee7a s\u00f4 c\u00f4 la chip Chambery ch\u00ednh l\u00e0 kh\u1ea3 n\u0103ng &#8220;gi\u1eef d\u00e1ng&#8221; ho\u00e0n h\u1ea3o sau khi \u0111i qua l\u00f2 n\u01b0\u1edbng. D\u01b0\u1edbi t\u00e1c \u0111\u1ed9ng c\u1ee7a nhi\u1ec7t \u0111\u1ed9 cao, vi\u00ean chip kh\u00f4ng b\u1ecb tan ch\u1ea3y ho\u00e0n to\u00e0n hay loang l\u1ed5 tr\u00ean m\u1eb7t b\u00e1nh m\u00e0 v\u1eabn duy tr\u00ec \u0111\u01b0\u1ee3c c\u1ea5u tr\u00fac ban \u0111\u1ea7u, t\u1ea1o n\u00ean nh\u1eefng \u0111i\u1ec3m nh\u1ea5n gi\u00f2n tan cho th\u00e0nh ph\u1ea9m,\u00a0b\u1eb1ng h\u00e0i h\u00f2a gi\u1eefa \u0111\u1ed9 \u0111\u1eafng nh\u1eb9 c\u1ee7a b\u1ed9t ca cao nguy\u00ean ch\u1ea5t v\u00e0 v\u1ecb ng\u1ecdt thanh.<\/p>\n<p><img decoding=\"async\" class=\"aligncenter\" src=\"https:\/\/havamall.com\/wp-content\/uploads\/2026\/03\/Ad48e46b5dce9402e8dea5569bb2ebcf0H.jpg\" alt=\"Custom Dark Compound Chocolate Chips Cocoa OEM Bakery Candy Food Factory  Wholesale Good Price| Alibaba.com\" width=\"803\" height=\"535\" \/><\/p>\n<p>Linh h\u1ed3n c\u1ee7a c\u00e1c lo\u1ea1i b\u00e1nh n\u01b0\u1edbng, l\u00e0 th\u00e0nh ph\u1ea7n kh\u00f4ng th\u1ec3 thi\u1ebfu \u0111\u1ec3 t\u1ea1o n\u00ean m\u00f3n b\u00e1nh\u00a0<em><strong>Cookie Chocolate Chip<\/strong><\/em>\u00a0kinh \u0111i\u1ec3n, b\u00e1nh\u00a0<strong><em>Muffin<\/em>\u00a0<\/strong>hay\u00a0<strong><em>Brownie<\/em><\/strong>, gi\u00fap m\u1ed7i mi\u1ebfng b\u00e1nh \u0111\u1ec1u ch\u1ee9a \u0111\u1ef1ng nh\u1eefng h\u1ea1t s\u00f4 c\u00f4 la \u0111\u1eadm \u0111\u00e0. Nh\u1eefng vi\u00ean chip nh\u1ecf nh\u1eafn l\u00e0 l\u1ef1a ch\u1ecdn tuy\u1ec7t v\u1eddi \u0111\u1ec3 r\u1eafc l\u00ean l\u1edbp kem t\u01b0\u01a1i c\u1ee7a\u00a0<em><strong>Cupcake<\/strong><\/em>, b\u00e1nh m\u00ec ng\u1ecdt ho\u1eb7c b\u00e1nh\u00a0<strong><em>Pancake<\/em><\/strong>, t\u1ea1o n\u00ean hi\u1ec7u \u1ee9ng th\u1ecb gi\u00e1c h\u1ea5p d\u1eabn ngay l\u1eadp t\u1ee9c. C\u00f3 th\u1ec3 d\u00f9ng l\u00e0m\u00a0<em><strong>topping<\/strong>\u00a0<\/em>cho c\u00e1c d\u00f2ng c\u00e0 ph\u00ea \u0111\u00e1 xay (<em>Frappuccino<\/em>), tr\u00e0 s\u1eefa ho\u1eb7c xay nhuy\u1ec5n c\u00f9ng sinh t\u1ed1 \u0111\u1ec3 t\u1ea1o n\u00ean k\u1ebft c\u1ea5u l\u1ea1 mi\u1ec7ng v\u00e0 h\u01b0\u01a1ng v\u1ecb \u0111\u1ed9c \u0111\u00e1o.a \u0111\u1ed9 \u0111\u1eafng nh\u1eb9 c\u1ee7a b\u1ed9t ca cao nguy\u00ean ch\u1ea5t v\u00e0 v\u1ecb ng\u1ecdt thanh, k\u1ebft th\u00fac b\u1eb1ng h\u01b0\u01a1ng vani quy\u1ebfn r\u0169 tan ch\u1eadm tr\u00ean \u0111\u1ea7u l\u01b0\u1ee1i.<\/p>\n<p><img decoding=\"async\" class=\"aligncenter  wp-image-45294\" src=\"https:\/\/havamall.com\/wp-content\/uploads\/2026\/03\/582755740_18549912169062347_6338529880044655717_n.jpg\" alt=\"\" width=\"800\" height=\"1066\" \/><\/p>\n<p><span style=\"font-size: 14pt\"><strong>H\u01af\u1edaNG D\u1eaaN L\u00c0M B\u00c1NH COOKIE CHIP &#8220;DOUBLE CHOCOLATE&#8221; SI\u00caU \u0110\u1eacM V\u1eca\u00a0<\/strong><\/span><\/p>\n<p>\u2013 B\u01b0\u1edbc 1: \u0110\u00e1nh b\u00f4ng b\u01a1 l\u1ea1t v\u1edbi \u0111\u01b0\u1eddng n\u00e2u \u0111\u1ec3 t\u1ea1o \u0111\u1ed9 \u1ea9m v\u00e0 m\u00e0u s\u1eafc \u0111\u1eb9p m\u1eaft cho b\u00e1nh.<\/p>\n<p>\u2013 B\u01b0\u1edbc 2: Th\u00eam tr\u1ee9ng v\u00e0 b\u1ed9t ca cao v\u00e0o tr\u1ed9n \u0111\u1ec1u, sau \u0111\u00f3 t\u1eeb t\u1eeb r\u00e2y b\u1ed9t m\u00ec v\u00e0o \u0111\u1ec3 c\u00f3 h\u1ed7n h\u1ee3p b\u1ed9t m\u1ecbn m\u00e0ng.<\/p>\n<p>\u2013 B\u01b0\u1edbc 3: Tr\u1ed9n m\u1ed9t l\u01b0\u1ee3ng s\u00f4 c\u00f4 la chip Chambery v\u00e0o trong b\u1ed9t b\u00e1nh v\u00e0 r\u1eafc th\u00eam m\u1ed9t l\u1edbp d\u00e0y tr\u00ean b\u1ec1 m\u1eb7t sau khi \u0111\u00e3 chia b\u00e1nh th\u00e0nh t\u1eebng vi\u00ean tr\u00f2n.<\/p>\n<p>\u2013 B\u01b0\u1edbc 4: N\u01b0\u1edbng b\u00e1nh \u1edf 170\u00b0C trong kho\u1ea3ng 12 ph\u00fat. K\u1ebft qu\u1ea3 nh\u1eadn \u0111\u01b0\u1ee3c s\u1ebd l\u00e0 nh\u1eefng chi\u1ebfc b\u00e1nh c\u00f3 m\u00e0u n\u00e2u \u0111\u1eadm quy\u1ebfn r\u0169, \u0111i\u1ec3m xuy\u1ebft nh\u1eefng vi\u00ean chip \u0111en b\u00f3ng b\u1ea9y, gi\u1eef nguy\u00ean h\u00ecnh d\u00e1ng, mang l\u1ea1i s\u1ef1 b\u00f9ng n\u1ed5 h\u01b0\u01a1ng v\u1ecb trong t\u1eebng mi\u1ebfng c\u1eafn.<\/p>\n<p><img loading=\"lazy\" decoding=\"async\" class=\"aligncenter  wp-image-45293\" src=\"https:\/\/havamall.com\/wp-content\/uploads\/2026\/03\/581804316_18549912184062347_5620837829211334677_n.jpg\" alt=\"\" width=\"801\" height=\"1068\" \/><\/p>\n<p>V\u1edbi ch\u1ec9 s\u1ed1 \u0111\u01b0\u1eddng huy\u1ebft \u0111\u01b0\u1ee3c c\u00e2n \u0111\u1ed1i (Carbohydrate kho\u1ea3ng 51.5g tr\u00ean 100g), s\u1ea3n ph\u1ea9m kh\u00f4ng ch\u1ec9 cung c\u1ea5p n\u0103ng l\u01b0\u1ee3ng t\u1ee9c th\u00ec m\u00e0 c\u00f2n t\u1ea1o ra s\u1ef1 th\u1ecfa m\u00e3n v\u1ec1 v\u1ecb gi\u00e1c. H\u01a1n n\u1eefa, nh\u1edd c\u00f4ng th\u1ee9c ch\u1ee9a h\u1ec7 nh\u0169 h\u00f3a \u1ed5n \u0111\u1ecbnh (Lecithin INS322), s\u00f4 c\u00f4 la chip Chambery r\u1ea5t b\u1ec1n b\u1ec9 tr\u01b0\u1edbc s\u1ef1 thay \u0111\u1ed5i nhi\u1ec7t \u0111\u1ed9 \u0111\u1ed9t ng\u1ed9t c\u1ee7a m\u00f4i tr\u01b0\u1eddng, ng\u0103n ch\u1eb7n hi\u1ec7n t\u01b0\u1ee3ng l\u00ean men b\u00e9o (fat bloom) g\u00e2y tr\u1eafng m\u1eb7t. S\u00f4 c\u00f4 la \u0111en d\u1ea1ng chip Chambery hi\u1ec7n \u0111ang c\u00f3 m\u1eb7t t\u1ea1i\u00a0<em><strong>Havamall<\/strong><\/em>, \u0111\u01a1n v\u1ecb chuy\u00ean nh\u1eadp kh\u1ea9u c\u00e1c d\u00f2ng nguy\u00ean li\u1ec7u th\u1ef1c ph\u1ea9m ch\u00ednh h\u00e3ng v\u00e0 uy t\u00edn.<\/p>\n<\/div>\n<\/div>\n<\/div>\n<\/div>","protected":false},"excerpt":{"rendered":"<p>TH\u00d4NG TIN S\u1ea2N PH\u1ea8M Th\u01b0\u01a1ng hi\u1ec7u CHAMBERY Xu\u1ea5t x\u1ee9 Trung Qu\u1ed1c Th\u00e0nh ph\u1ea7n \u0110\u01b0\u1eddng, CBS (D\u1ea7u nh\u00e2n c\u1ecd hydro h\u00f3a<\/p>","protected":false},"featured_media":44679,"comment_status":"open","ping_status":"closed","template":"","meta":[],"product_brand":[],"product_cat":[255,674,275],"product_tag":[],"class_list":{"0":"post-44678","1":"product","2":"type-product","3":"status-publish","4":"has-post-thumbnail","6":"product_cat-nguyen-lieu-lam-banh","7":"product_cat-nhap-khau-trung-quoc","8":"product_cat-thuc-pham-dong-lanh","10":"first","11":"instock","12":"sale","13":"shipping-taxable","14":"purchasable","15":"product-type-simple"},"_links":{"self":[{"href":"https:\/\/havamall.vn\/en\/wp-json\/wp\/v2\/product\/44678"}],"collection":[{"href":"https:\/\/havamall.vn\/en\/wp-json\/wp\/v2\/product"}],"about":[{"href":"https:\/\/havamall.vn\/en\/wp-json\/wp\/v2\/types\/product"}],"replies":[{"embeddable":true,"href":"https:\/\/havamall.vn\/en\/wp-json\/wp\/v2\/comments?post=44678"}],"version-history":[{"count":0,"href":"https:\/\/havamall.vn\/en\/wp-json\/wp\/v2\/product\/44678\/revisions"}],"wp:featuredmedia":[{"embeddable":true,"href":"https:\/\/havamall.vn\/en\/wp-json\/wp\/v2\/media\/44679"}],"wp:attachment":[{"href":"https:\/\/havamall.vn\/en\/wp-json\/wp\/v2\/media?parent=44678"}],"wp:term":[{"taxonomy":"product_brand","embeddable":true,"href":"https:\/\/havamall.vn\/en\/wp-json\/wp\/v2\/product_brand?post=44678"},{"taxonomy":"product_cat","embeddable":true,"href":"https:\/\/havamall.vn\/en\/wp-json\/wp\/v2\/product_cat?post=44678"},{"taxonomy":"product_tag","embeddable":true,"href":"https:\/\/havamall.vn\/en\/wp-json\/wp\/v2\/product_tag?post=44678"}],"curies":[{"name":"wp","href":"https:\/\/api.w.org\/{rel}","templated":true}]}}