{"id":44646,"date":"2026-03-21T09:22:06","date_gmt":"2026-03-21T02:22:06","guid":{"rendered":"https:\/\/havamall.vn\/?post_type=product&#038;p=44646"},"modified":"2026-03-21T09:22:21","modified_gmt":"2026-03-21T02:22:21","slug":"so-co-la-den-dang-khoi-chambery-1kg-dark-chocolate-compound-block","status":"publish","type":"product","link":"https:\/\/havamall.vn\/en\/shop\/so-co-la-den-dang-khoi-chambery-1kg-dark-chocolate-compound-block\/","title":{"rendered":"S\u00f4 C\u00f4 La \u0110en D\u1ea1ng Kh\u1ed1i Chambery 1kg \u2013 Dark Chocolate Compound Block"},"content":{"rendered":"<h3 data-path-to-node=\"2\">TH\u00d4NG TIN S\u1ea2N PH\u1ea8M<\/h3>\n<div class=\"horizontal-scroll-wrapper\">\n<div class=\"table-block-component\">\n<div class=\"table-block has-export-button new-table-style is-at-scroll-start is-at-scroll-end\">\n<div class=\"table-content not-end-of-paragraph\" data-hveid=\"0\" data-ved=\"0CAAQ3ecQahgKEwjryMWinZSTAxUAAAAAHQAAAAAQigM\">\n<table style=\"width: 65.7625%\" data-path-to-node=\"3\">\n<tbody>\n<tr>\n<td style=\"width: 26.087%\"><span data-path-to-node=\"3,1,0,0\">Th\u01b0\u01a1ng hi\u1ec7u<\/span><\/td>\n<td style=\"width: 136.183%\"><span data-path-to-node=\"3,1,1,0\">CHAMBERY<\/span><\/td>\n<\/tr>\n<tr>\n<td style=\"width: 26.087%\"><span data-path-to-node=\"3,2,0,0\">Xu\u1ea5t x\u1ee9<\/span><\/td>\n<td style=\"width: 136.183%\">Trung Qu\u1ed1c<\/td>\n<\/tr>\n<tr>\n<td style=\"width: 26.087%\"><span data-path-to-node=\"3,2,0,0\">Th\u00e0nh ph\u1ea7n<\/span><\/td>\n<td style=\"width: 136.183%\">\u0110\u01b0\u1eddng, CBS (D\u1ea7u nh\u00e2n c\u1ecd hydro h\u00f3a v\u00e0 tinh luy\u1ec7n, Lecithin, Sorbitan Tristearate) (41%), B\u1ed9t cacao, Ch\u1ea5t nh\u0169 h\u00f3a: Sorbitan Tristearate (INS 492), Lecithin \u0111\u1eadu n\u00e0nh (INS 322), Ch\u1ea5t t\u1ea1o h\u01b0\u01a1ng t\u1ef1 nhi\u00ean (Vanillin).<\/td>\n<\/tr>\n<tr>\n<td style=\"width: 26.087%\"><span data-path-to-node=\"3,2,0,0\">H\u1ea1n s\u1eed d\u1ee5ng<\/span><\/td>\n<td style=\"width: 136.183%\"><span data-path-to-node=\"3,2,1,0\">18 th\u00e1ng k\u1ec3 t\u1eeb ng\u00e0y s\u1ea3n xu\u1ea5t.<\/span><\/td>\n<\/tr>\n<tr>\n<td style=\"width: 26.087%\"><span data-path-to-node=\"3,2,0,0\">B\u1ea3o qu\u1ea3n<\/span><\/td>\n<td style=\"width: 136.183%\">\u0110\u1ec3 n\u01a1i kh\u00f4 r\u00e1o v\u00e0 tho\u00e1ng m\u00e1t, tr\u00e1nh \u00e1nh n\u1eafng tr\u1ef1c ti\u1ebfp. Nhi\u1ec7t \u0111\u1ed9 khuy\u1ebfn ngh\u1ecb 12\u00b0C &#8211; 22\u00b0C, \u0111\u1ed9 \u1ea9m th\u00edch h\u1ee3p \u2264 70%.<\/td>\n<\/tr>\n<tr>\n<td style=\"width: 26.087%\"><span data-path-to-node=\"3,3,0,0\">Kh\u1ed1i l\u01b0\u1ee3ng<\/span><\/td>\n<td style=\"width: 136.183%\">1kg<\/td>\n<\/tr>\n<\/tbody>\n<\/table>\n<p>D\u00f2ng s\u00f4 c\u00f4 la Compound (d\u00f2ng thay th\u1ebf b\u01a1 ca cao) ra \u0111\u1eddi d\u1ef1a tr\u00ean nhu c\u1ea7u v\u1ec1 m\u1ed9t lo\u1ea1i nguy\u00ean li\u1ec7u c\u00f3 t\u00ednh \u1ed5n \u0111\u1ecbnh cao, kh\u1ea3 n\u0103ng ch\u1ecbu nhi\u1ec7t t\u1ed1t v\u00e0 d\u1ec5 thao t\u00e1c trong m\u00f4i tr\u01b0\u1eddng nhi\u1ec7t \u0111\u1edbi. Thay v\u00ec s\u1eed d\u1ee5ng b\u01a1 ca cao nguy\u00ean ch\u1ea5t \u0111\u00f2i h\u1ecfi quy tr\u00ecnh x\u1eed l\u00fd nhi\u1ec7t ph\u1ee9c t\u1ea1p, Chambery s\u1eed d\u1ee5ng d\u1ea7u nh\u00e2n c\u1ecd tinh luy\u1ec7n ch\u1ea5t l\u01b0\u1ee3ng cao, gi\u00fap kh\u1ed1i s\u00f4 c\u00f4 la gi\u1eef \u0111\u01b0\u1ee3c \u0111\u1ed9 c\u1ee9ng c\u00e1p c\u1ea7n thi\u1ebft m\u00e0 v\u1eabn mang l\u1ea1i tr\u1ea3i nghi\u1ec7m h\u01b0\u01a1ng v\u1ecb \u0111\u1eadm \u0111\u00e0 cho c\u00e1c m\u00f3n tr\u00e1ng mi\u1ec7ng.<\/p>\n<p><img fetchpriority=\"high\" decoding=\"async\" class=\"aligncenter\" src=\"https:\/\/havamall.com\/wp-content\/uploads\/2026\/03\/cocoa-beans-pods-chocolate-bar-pieces-cocoa-powder.jpg\" alt=\"Know Your Chocolate: Making Chocolate from Cacao Beans | Freyabadi\" width=\"802\" height=\"535\" \/><\/p>\n<p>Xu\u1ea5t hi\u1ec7n d\u01b0\u1edbi d\u1ea1ng m\u1ed9t kh\u1ed1i \u0111\u1eb7c m\u00e0u n\u00e2u \u0111en huy\u1ec1n b\u00ed, b\u1ec1 m\u1eb7t m\u1ecbn m\u00e0ng v\u00e0 c\u00f3 \u0111\u1ed9 b\u00f3ng nh\u1eb9 t\u1ef1 nhi\u00ean. V\u1edbi h\u00e0m l\u01b0\u1ee3ng ch\u1ea5t b\u00e9o th\u1ef1c v\u1eadt \u0111\u01b0\u1ee3c t\u00ednh to\u00e1n k\u1ef9 l\u01b0\u1ee1ng, kh\u1ed1i s\u00f4 c\u00f4 la Chambery s\u1edf h\u1eefu \u0111\u1ed9 \u0111anh gi\u00f2n \u0111\u1eb7c tr\u01b0ng, d\u1ec5 d\u00e0ng b\u00e0o m\u1ecfng ho\u1eb7c c\u1eaft v\u1ee5n m\u00e0 kh\u00f4ng b\u1ecb v\u1ee1 n\u00e1t qu\u00e1 m\u1ee9c. \u0110i\u1ec3m nh\u1ea5n l\u1edbn nh\u1ea5t n\u1eb1m \u1edf kh\u1ea3 n\u0103ng ch\u1ecbu nhi\u1ec7t l\u00fd t\u01b0\u1edfng trong kho\u1ea3ng 12\u00b0C &#8211; 22\u00b0C, gi\u00fap c\u00e1c chi ti\u1ebft trang tr\u00ed duy tr\u00ec h\u00ecnh d\u00e1ng s\u1eafc n\u00e9t ngay c\u1ea3 khi tr\u01b0ng b\u00e0y \u1edf nhi\u1ec7t \u0111\u1ed9 ph\u00f2ng.<\/p>\n<p><img decoding=\"async\" class=\"aligncenter\" src=\"https:\/\/havamall.com\/wp-content\/uploads\/2026\/03\/Dilettante_Chocolates_Compound_Chocolate_Blog_Post_1600x.jpg\" alt=\"What is Compound Chocolate? - Dilettante Chocolates\" width=\"799\" height=\"266\" \/><\/p>\n<p>Khi \u0111\u01b0\u1ee3c \u0111un ch\u1ea3y, h\u1ed7n h\u1ee3p \u0111\u1ea1t \u0111\u01b0\u1ee3c \u0111\u1ed9 l\u1ecfng m\u01b0\u1ee3t m\u00e0, ph\u1ea3n chi\u1ebfu \u00e1nh s\u00e1ng \u00f3ng \u1ea3, t\u1ea1o n\u00ean l\u1edbp ph\u1ee7 sang tr\u1ecdng cho b\u00e1nh ng\u1ecdt. H\u01b0\u01a1ng v\u1ecb c\u1ee7a d\u00f2ng s\u00f4 c\u00f4 la \u0111en n\u00e0y l\u00e0 s\u1ef1 c\u00e2n b\u1eb1ng tinh t\u1ebf gi\u1eefa v\u1ecb \u0111\u1eafng nh\u1eb9 c\u1ee7a b\u1ed9t ca cao nguy\u00ean ch\u1ea5t v\u00e0 h\u1eadu v\u1ecb vani th\u01a1m n\u1ed3ng, mang \u0111\u1ebfn c\u1ea3m gi\u00e1c v\u1ecb gi\u00e1c \u0111\u1ea7y \u0111\u1eb7n v\u00e0 l\u00f4i cu\u1ed1n.\u00a0Nh\u1edd t\u00ednh \u0111a n\u0103ng v\u00e0 kh\u1ea3 n\u0103ng \u1ee9ng d\u1ee5ng linh ho\u1ea1t, kh\u1ed1i s\u00f4 c\u00f4 la \u0111en Chambery tr\u1edf th\u00e0nh tr\u1ee3 th\u1ee7 \u0111\u1eafc l\u1ef1c trong m\u1ecdi gian b\u1ebfp, t\u1eeb s\u1ea3n xu\u1ea5t quy m\u00f4 l\u1edbn \u0111\u1ebfn th\u1ef1c h\u00e0nh c\u00e1 nh\u00e2n.<\/p>\n<p data-path-to-node=\"4\">\u2013 Ph\u1ee7 l\u1edbp b\u00f3ng (Glazing) v\u00e0 nh\u00fang: Kh\u1ea3 n\u0103ng t\u1ea1o l\u1edbp v\u1ecf b\u00f3ng m\u01b0\u1ee3t gi\u00fap s\u1ea3n ph\u1ea9m c\u1ef1c k\u1ef3 ph\u00f9 h\u1ee3p \u0111\u1ec3 ph\u1ee7 b\u00e1nh Donut, nh\u00fang c\u00e1c lo\u1ea1i tr\u00e1i c\u00e2y t\u01b0\u01a1i nh\u01b0 d\u00e2u t\u00e2y hay l\u00e0m l\u1edbp v\u1ecf gi\u00f2n cho b\u00e1nh Choux.<\/p>\n<p data-path-to-node=\"4\">\u2013 Ch\u1ebf bi\u1ebfn nh\u00e2n b\u00e1nh: Vi\u1ec7c b\u00e0o m\u1ecfng ho\u1eb7c c\u1eaft th\u00e0nh c\u00e1c m\u1ea9u nh\u1ecf (Chunks) \u0111\u1ec3 tr\u1ed9n v\u00e0o b\u1ed9t b\u00e1nh Cookie, Brownie hay Muffin gi\u00fap gia t\u0103ng h\u01b0\u01a1ng v\u1ecb \u0111\u1eadm \u0111\u00e0 v\u00e0 t\u1ea1o hi\u1ec7u \u1ee9ng tan ch\u1ea3y b\u1eaft m\u1eaft sau khi n\u01b0\u1edbng.<\/p>\n<p data-path-to-node=\"4\"><img decoding=\"async\" class=\"aligncenter\" src=\"https:\/\/havamall.com\/wp-content\/uploads\/2026\/03\/dark-chocolate-chunk-coconut-cookies-recipe.jpg\" alt=\"Dark Chocolate Chunk Coconut Cookies Recipe | Recipes\" width=\"800\" height=\"450\" \/><\/p>\n<p data-path-to-node=\"5\"><span style=\"font-size: 14pt\"><strong>H\u01af\u1edaNG D\u1eaaN L\u00c0M S\u1ed0T S\u00d4 C\u00d4 LA TR\u00c1NG G\u01af\u01a0NG (MIRROR GLAZE)<\/strong><\/span><\/p>\n<p data-path-to-node=\"5\">\u2013 B\u01b0\u1edbc 1: C\u1eaft v\u1ee5n s\u00f4 c\u00f4 la \u0111en Chambery \u0111\u1ec3 chu\u1ea9n b\u1ecb \u0111un ch\u1ea3y.<\/p>\n<p data-path-to-node=\"5\">\u2013 B\u01b0\u1edbc 2: \u0110un h\u1ed7n h\u1ee3p \u0111\u01b0\u1eddng, n\u01b0\u1edbc v\u00e0 s\u1eefa \u0111\u1eb7c \u0111\u1ebfn khi s\u00f4i nh\u1eb9, sau \u0111\u00f3 th\u00eam gelatin \u0111\u00e3 ng\u00e2m n\u1edf v\u00e0o khu\u1ea5y tan.<\/p>\n<p data-path-to-node=\"5\">\u2013 B\u01b0\u1edbc 3: \u0110\u1ed5 h\u1ed7n h\u1ee3p n\u00f3ng l\u00ean ph\u1ea7n s\u00f4 c\u00f4 la \u0111en \u0111\u00e3 chu\u1ea9n b\u1ecb, \u0111\u1ec3 y\u00ean trong 1 ph\u00fat r\u1ed3i d\u00f9ng m\u00e1y xay c\u1ea7m tay xay m\u1ecbn \u0111\u1ec3 tr\u00e1nh b\u1ecdt kh\u00ed. Khi h\u1ed7n h\u1ee3p \u0111\u1ea1t nhi\u1ec7t \u0111\u1ed9 kho\u1ea3ng 30\u00b0C &#8211; 35\u00b0C, ng\u01b0\u1eddi d\u00f9ng c\u00f3 th\u1ec3 \u0111\u1ed5 tr\u1ef1c ti\u1ebfp l\u00ean m\u1eb7t b\u00e1nh kem \u0111ang l\u1ea1nh \u0111\u1ec3 t\u1ea1o ra m\u1ed9t l\u1edbp ph\u1ee7 \u0111en l\u00e1nh, b\u00f3ng b\u1ea9y v\u00e0 v\u00f4 c\u00f9ng chuy\u00ean nghi\u1ec7p.<\/p>\n<p data-path-to-node=\"5\"><img loading=\"lazy\" decoding=\"async\" class=\"aligncenter\" src=\"https:\/\/havamall.com\/wp-content\/uploads\/2026\/03\/cakes1.jpg\" alt=\"mirro glaze | Bewitching Kitchen\" width=\"800\" height=\"600\" \/><\/p>\n<p data-path-to-node=\"5\">S\u00f4 c\u00f4 la \u0111en d\u1ea1ng kh\u1ed1i Chambery hi\u1ec7n \u0111ang \u0111\u01b0\u1ee3c b\u00e1n t\u1ea1i Havamall, \u0111\u01a1n v\u1ecb chuy\u00ean nh\u1eadp kh\u1ea9u nguy\u00ean li\u1ec7u th\u1ef1c ph\u1ea9m uy t\u00edn, cam k\u1ebft h\u00e0ng ch\u00ednh h\u00e3ng 100%.<\/p>\n<\/div>\n<\/div>\n<\/div>\n<\/div>","protected":false},"excerpt":{"rendered":"<p>TH\u00d4NG TIN S\u1ea2N PH\u1ea8M Th\u01b0\u01a1ng hi\u1ec7u CHAMBERY Xu\u1ea5t x\u1ee9 Trung Qu\u1ed1c Th\u00e0nh ph\u1ea7n \u0110\u01b0\u1eddng, CBS (D\u1ea7u nh\u00e2n c\u1ecd hydro h\u00f3a<\/p>","protected":false},"featured_media":44670,"comment_status":"open","ping_status":"closed","template":"","meta":[],"product_brand":[],"product_cat":[677,255,275,133],"product_tag":[],"class_list":{"0":"post-44646","1":"product","2":"type-product","3":"status-publish","4":"has-post-thumbnail","6":"product_cat-cac-nuoc-khac","7":"product_cat-nguyen-lieu-lam-banh","8":"product_cat-thuc-pham-dong-lanh","9":"product_cat-banh-keo-chocolate","11":"first","12":"instock","13":"sale","14":"shipping-taxable","15":"purchasable","16":"product-type-simple"},"_links":{"self":[{"href":"https:\/\/havamall.vn\/en\/wp-json\/wp\/v2\/product\/44646"}],"collection":[{"href":"https:\/\/havamall.vn\/en\/wp-json\/wp\/v2\/product"}],"about":[{"href":"https:\/\/havamall.vn\/en\/wp-json\/wp\/v2\/types\/product"}],"replies":[{"embeddable":true,"href":"https:\/\/havamall.vn\/en\/wp-json\/wp\/v2\/comments?post=44646"}],"version-history":[{"count":0,"href":"https:\/\/havamall.vn\/en\/wp-json\/wp\/v2\/product\/44646\/revisions"}],"wp:featuredmedia":[{"embeddable":true,"href":"https:\/\/havamall.vn\/en\/wp-json\/wp\/v2\/media\/44670"}],"wp:attachment":[{"href":"https:\/\/havamall.vn\/en\/wp-json\/wp\/v2\/media?parent=44646"}],"wp:term":[{"taxonomy":"product_brand","embeddable":true,"href":"https:\/\/havamall.vn\/en\/wp-json\/wp\/v2\/product_brand?post=44646"},{"taxonomy":"product_cat","embeddable":true,"href":"https:\/\/havamall.vn\/en\/wp-json\/wp\/v2\/product_cat?post=44646"},{"taxonomy":"product_tag","embeddable":true,"href":"https:\/\/havamall.vn\/en\/wp-json\/wp\/v2\/product_tag?post=44646"}],"curies":[{"name":"wp","href":"https:\/\/api.w.org\/{rel}","templated":true}]}}