{"id":44639,"date":"2026-03-20T11:55:56","date_gmt":"2026-03-20T04:55:56","guid":{"rendered":"https:\/\/havamall.vn\/?post_type=product&#038;p=44639"},"modified":"2026-03-21T09:36:06","modified_gmt":"2026-03-21T02:36:06","slug":"so-co-la-trang-dang-khoi-chambery-1kg-white-chocolate-compound-block","status":"publish","type":"product","link":"https:\/\/havamall.vn\/en\/shop\/so-co-la-trang-dang-khoi-chambery-1kg-white-chocolate-compound-block\/","title":{"rendered":"S\u00f4 C\u00f4 La Tr\u1eafng D\u1ea1ng Kh\u1ed1i Chambery 1kg \u2013 White Chocolate Compound Block"},"content":{"rendered":"<h3 data-path-to-node=\"2\">TH\u00d4NG TIN S\u1ea2N PH\u1ea8M<\/h3>\n<div class=\"horizontal-scroll-wrapper\">\n<div class=\"table-block-component\">\n<div class=\"table-block has-export-button new-table-style is-at-scroll-start is-at-scroll-end\">\n<div class=\"table-content not-end-of-paragraph\" data-hveid=\"0\" data-ved=\"0CAAQ3ecQahgKEwjryMWinZSTAxUAAAAAHQAAAAAQigM\">\n<table style=\"width: 100%\" data-path-to-node=\"1\">\n<thead>\n<tr>\n<td style=\"width: 8.62196%\">Th\u01b0\u01a1ng Hi\u1ec7u<\/td>\n<td style=\"width: 90.7885%\"><span data-path-to-node=\"1,0,1,0\">CHAMBERY<\/span><\/td>\n<\/tr>\n<\/thead>\n<tbody>\n<tr>\n<td style=\"width: 8.62196%\"><span data-path-to-node=\"1,1,0,0\">Xu\u1ea5t x\u1ee9<\/span><\/td>\n<td style=\"width: 90.7885%\">Trung Qu\u1ed1c<\/td>\n<\/tr>\n<tr>\n<td style=\"width: 8.62196%\"><span data-path-to-node=\"1,2,0,0\">Th\u00e0nh ph\u1ea7n<\/span><\/td>\n<td style=\"width: 90.7885%\">\u0110\u01b0\u1eddng, ch\u1ea5t b\u00e9o thay th\u1ebf b\u01a1 cacao (ch\u1ea5t b\u00e9o th\u1ef1c v\u1eadt \u0111\u01b0\u1ee3c hydro h\u00f3a tinh luy\u1ec7n), Lecithin (322), Sorbitan Tristearat (492), B\u1ed9t whey, Lactoza, B\u1ed9t s\u1eefa t\u00e1ch b\u00e9o, PGPR (476), Ch\u1ea5t t\u1ea1o h\u01b0\u01a1ng: Vanillin t\u1ed5ng h\u1ee3p.<\/td>\n<\/tr>\n<tr>\n<td style=\"width: 8.62196%\"><span data-path-to-node=\"1,3,0,0\">H\u1ea1n s\u1eed d\u1ee5ng<\/span><\/td>\n<td style=\"width: 90.7885%\"><span data-path-to-node=\"1,3,1,0\">12 th\u00e1ng<\/span><\/td>\n<\/tr>\n<tr>\n<td style=\"width: 8.62196%\"><span data-path-to-node=\"1,4,0,0\">B\u1ea3o qu\u1ea3n<\/span><\/td>\n<td style=\"width: 90.7885%\">N\u01a1i kh\u00f4 r\u00e1o v\u00e0 tho\u00e1ng m\u00e1t, tr\u00e1nh \u00e1nh n\u1eafng tr\u1ef1c ti\u1ebfp. Nhi\u1ec7t \u0111\u1ed9 khuy\u1ebfn ngh\u1ecb 12\u00b0C &#8211; 22\u00b0C, \u0111\u1ed9 \u1ea9m \u2264 70%.<\/td>\n<\/tr>\n<tr>\n<td style=\"width: 8.62196%\"><span data-path-to-node=\"1,5,0,0\">Kh\u1ed1i l\u01b0\u1ee3ng<\/span><\/td>\n<td style=\"width: 90.7885%\"><span data-path-to-node=\"1,5,1,0\">1kg<\/span><\/td>\n<\/tr>\n<\/tbody>\n<\/table>\n<p>S\u1ef1 ra \u0111\u1eddi c\u1ee7a d\u00f2ng s\u00f4 c\u00f4 la tr\u1eafng d\u1ea1ng kh\u1ed1i n\u00e0y l\u00e0 k\u1ebft qu\u1ea3 c\u1ee7a qu\u00e1 tr\u00ecnh c\u1ea3i ti\u1ebfn k\u1ef9 thu\u1eadt nh\u1eb1m mang l\u1ea1i m\u1ed9t lo\u1ea1i nguy\u00ean li\u1ec7u v\u1eeba \u0111\u1ea3m b\u1ea3o \u0111\u1ed9 b\u00e9o ng\u1eady truy\u1ec1n th\u1ed1ng, v\u1eeba kh\u1eafc ph\u1ee5c \u0111\u01b0\u1ee3c nh\u1eefng nh\u01b0\u1ee3c \u0111i\u1ec3m d\u1ec5 tan ch\u1ea3y c\u1ee7a s\u00f4 c\u00f4 la nguy\u00ean ch\u1ea5t trong \u0111i\u1ec1u ki\u1ec7n m\u00f4i tr\u01b0\u1eddng kh\u00f4ng l\u00fd t\u01b0\u1edfng.<\/p>\n<p><img fetchpriority=\"high\" decoding=\"async\" class=\"aligncenter\" src=\"https:\/\/havamall.com\/wp-content\/uploads\/2026\/03\/white20chocolate.jpg\" alt=\"Freyabadi Presents Plant-Based Solution for White Compound Coating\" width=\"801\" height=\"534\" \/><\/p>\n<p><strong><span style=\"font-size: 14pt\">\u0110\u1eb6C \u0110I\u1ec2M N\u1ed4I B\u1eacT<\/span><\/strong><\/p>\n<p>\u2013 S\u00f4 c\u00f4 la tr\u1eafng Chambery xu\u1ea5t hi\u1ec7n d\u01b0\u1edbi h\u00ecnh d\u00e1ng m\u1ed9t kh\u1ed1i \u0111\u1eb7c, m\u00e0u tr\u1eafng s\u1eefa \u0111\u1ed3ng nh\u1ea5t v\u00e0 m\u1ecbn m\u00e0ng. Khi c\u1ea7m tr\u00ean tay, c\u00f3 th\u1ec3 c\u1ea3m nh\u1eadn \u0111\u01b0\u1ee3c \u0111\u1ed9 c\u1ee9ng c\u00e1p v\u00e0 b\u1ec1 m\u1eb7t kh\u00f4 r\u00e1o, kh\u00f4ng b\u1ecb b\u1ebft d\u00ednh.<\/p>\n<p>\u2013 Khi s\u1eed d\u1ee5ng, s\u00f4 c\u00f4 la c\u00f3 \u0111\u1ed9 c\u1ee9ng \u1ed5n \u0111\u1ecbnh, c\u1ea5u tr\u00fac v\u1eefng ch\u00e3i nh\u01b0ng l\u1ea1i r\u1ea5t d\u1ec5 b\u00e0o m\u1ecfng ho\u1eb7c \u0111un ch\u1ea3y m\u00e0 kh\u00f4ng b\u1ecb v\u00f3n c\u1ee5c. Nh\u1edd s\u1eed d\u1ee5ng ch\u1ea5t b\u00e9o th\u1ef1c v\u1eadt thay th\u1ebf b\u01a1 cacao \u0111\u01b0\u1ee3c hydro h\u00f3a tinh luy\u1ec7n, d\u00f2ng s\u00f4 c\u00f4 la tr\u1eafng n\u00e0y c\u00f3 kh\u1ea3 n\u0103ng ch\u1ecbu nhi\u1ec7t c\u1ef1c t\u1ed1t, h\u1ea1n ch\u1ebf t\u1ed1i \u0111a hi\u1ec7n t\u01b0\u1ee3ng t\u00e1ch d\u1ea7u hay bi\u1ebfn \u0111\u1ed5i c\u1ea5u tr\u00fac khi thao t\u00e1c trong th\u1eddi gian d\u00e0i.<\/p>\n<p>\u2013 V\u1ec1 h\u01b0\u01a1ng v\u1ecb, s\u1ef1 k\u1ebft h\u1ee3p gi\u1eefa b\u1ed9t s\u1eefa t\u00e1ch b\u00e9o v\u00e0 h\u01b0\u01a1ng vani t\u1ed5ng h\u1ee3p t\u1ea1o n\u00ean m\u1ed9t t\u1ed5ng th\u1ec3 ng\u1ecdt ng\u00e0o, b\u00e9o b\u00f9i \u0111\u1eb7c tr\u01b0ng c\u1ee7a s\u1eefa, tan ch\u1eadm trong mi\u1ec7ng v\u00e0 \u0111\u1ec3 l\u1ea1i d\u01b0 v\u1ecb d\u1ecbu nh\u1eb9, kh\u00f4ng g\u00e2y c\u1ea3m gi\u00e1c g\u1eaft c\u1ed5.<\/p>\n<p><img decoding=\"async\" class=\"aligncenter\" src=\"https:\/\/havamall.com\/wp-content\/uploads\/2026\/03\/376e6764-7709-45a5-85d4-ff7f5af2d62e.jpg\" alt=\"White Chocolate Bar\" width=\"800\" height=\"800\" \/><\/p>\n<p>\u2013 V\u1edbi \u0111\u1ed9 b\u1ec1n nhi\u1ec7t cao, s\u00f4 c\u00f4 la n\u00e0y c\u1ef1c k\u1ef3 ph\u00f9 h\u1ee3p \u0111\u1ec3 l\u00e0m c\u00e1c lo\u1ea1i hoa s\u00f4 c\u00f4 la, h\u00ecnh kh\u1ed1i trang tr\u00ed cho b\u00e1nh sinh nh\u1eadt ho\u1eb7c \u0111\u1ed5 khu\u00f4n l\u00e0m c\u00e1c vi\u00ean k\u1eb9o Chocolate Bonbons r\u1ef1c r\u1ee1 s\u1eafc m\u00e0u.<\/p>\n<p>\u2013 Kh\u1ea3 n\u0103ng t\u1ea1o \u0111\u1ed9 b\u00f3ng t\u1ef1 nhi\u00ean gi\u00fap l\u1edbp ph\u1ee7 tr\u00ean b\u00e1nh Donut, b\u00e1nh kem hay c\u00e1c lo\u1ea1i tr\u00e1i c\u00e2y nh\u00fang s\u00f4 c\u00f4 la tr\u1edf n\u00ean b\u1eaft m\u1eaft v\u00e0 sang tr\u1ecdng h\u01a1n.<\/p>\n<p>\u2013 Nguy\u00ean li\u1ec7u l\u00e0m nh\u00e2n b\u00e1nh: C\u00f3 th\u1ec3 b\u00e0o nh\u1ecf ho\u1eb7c c\u1eaft v\u1ee5n \u0111\u1ec3 tr\u1ed9n v\u00e0o b\u1ed9t b\u00e1nh Cookie, Muffin nh\u1eb1m t\u1ea1o th\u00eam nh\u1eefng \u0111i\u1ec3m nh\u1ea5n ng\u1ecdt ng\u00e0o khi th\u01b0\u1edfng th\u1ee9c.<\/p>\n<p><img decoding=\"async\" class=\"aligncenter\" src=\"https:\/\/havamall.com\/wp-content\/uploads\/2026\/03\/compound-white-chocolate-flavor-couverture.jpg\" alt=\"Girones Chocolate - Compound White Chocolate Flavor Couverture\" width=\"800\" height=\"500\" \/><\/p>\n<p><span style=\"font-size: 14pt\"><strong>H\u01af\u1edaNG D\u1eaaN C\u00c1CH L\u00c0M GANACHE TR\u1eaeNG<\/strong><\/span><\/p>\n<p>\u2013 B\u01b0\u1edbc 1: B\u00e0o nh\u1ecf kh\u1ed1i s\u00f4 c\u00f4 la Chambery \u0111\u1ec3 vi\u1ec7c \u0111un ch\u1ea3y di\u1ec5n ra nhanh ch\u00f3ng v\u00e0 \u0111\u1ec1u h\u01a1n.<\/p>\n<p>\u2013 B\u01b0\u1edbc 2: \u0110un n\u00f3ng kem t\u01b0\u01a1i (Whipping cream) \u0111\u1ebfn khi b\u1eaft \u0111\u1ea7u s\u1ee7i t\u0103m nh\u1eb9 \u1edf m\u00e9p n\u1ed3i (kh\u00f4ng \u0111\u1ec3 s\u00f4i b\u00f9ng).<\/p>\n<p>\u2013 B\u01b0\u1edbc 3: \u0110\u1ed5 kem n\u00f3ng v\u00e0o b\u00e1t s\u00f4 c\u00f4 la \u0111\u00e3 b\u00e0o nh\u1ecf, \u0111\u1ec3 y\u00ean trong kho\u1ea3ng 2 ph\u00fat r\u1ed3i khu\u1ea5y nh\u1eb9 nh\u00e0ng theo m\u1ed9t chi\u1ec1u t\u1eeb trong ra ngo\u00e0i cho \u0111\u1ebfn khi h\u1ed7n h\u1ee3p h\u00f2a quy\u1ec7n ho\u00e0n to\u00e0n, t\u1ea1o ra m\u1ed9t l\u1edbp s\u1ed1t m\u1ecbn, \u00f3ng \u1ea3. H\u1ed7n h\u1ee3p n\u00e0y khi \u0111\u1ec3 ngu\u1ed9i s\u1ebd c\u00f3 \u0111\u1ed9 d\u1ebbo tuy\u1ec7t v\u1eddi, d\u00f9ng \u0111\u1ec3 b\u1eaft kem trang tr\u00ed ho\u1eb7c l\u00e0m l\u1edbp ph\u1ee7 ch\u1ea3y tr\u00ean th\u00e0nh b\u00e1nh v\u00f4 c\u00f9ng \u0111\u1eb9p m\u1eaft.<\/p>\n<p><img loading=\"lazy\" decoding=\"async\" class=\"aligncenter\" src=\"https:\/\/havamall.com\/wp-content\/uploads\/2026\/03\/Making-whipped-chocolate-ganache.jpg\" width=\"800\" height=\"800\" \/><\/p>\n<p>S\u00f4 c\u00f4 la tr\u1eafng d\u1ea1ng kh\u1ed1i Chambery hi\u1ec7n \u0111ang \u0111\u01b0\u1ee3c ph\u00e2n ph\u1ed1i ch\u00ednh h\u00e3ng t\u1ea1i Havamall.<\/p>\n<\/div>\n<\/div>\n<\/div>\n<\/div>","protected":false},"excerpt":{"rendered":"<p>TH\u00d4NG TIN S\u1ea2N PH\u1ea8M Th\u01b0\u01a1ng Hi\u1ec7u CHAMBERY Xu\u1ea5t x\u1ee9 Trung Qu\u1ed1c Th\u00e0nh ph\u1ea7n \u0110\u01b0\u1eddng, ch\u1ea5t b\u00e9o thay th\u1ebf b\u01a1 cacao<\/p>","protected":false},"featured_media":44640,"comment_status":"open","ping_status":"closed","template":"","meta":[],"product_brand":[],"product_cat":[255,674,275,133],"product_tag":[],"class_list":{"0":"post-44639","1":"product","2":"type-product","3":"status-publish","4":"has-post-thumbnail","6":"product_cat-nguyen-lieu-lam-banh","7":"product_cat-nhap-khau-trung-quoc","8":"product_cat-thuc-pham-dong-lanh","9":"product_cat-banh-keo-chocolate","11":"first","12":"instock","13":"sale","14":"shipping-taxable","15":"purchasable","16":"product-type-simple"},"_links":{"self":[{"href":"https:\/\/havamall.vn\/en\/wp-json\/wp\/v2\/product\/44639"}],"collection":[{"href":"https:\/\/havamall.vn\/en\/wp-json\/wp\/v2\/product"}],"about":[{"href":"https:\/\/havamall.vn\/en\/wp-json\/wp\/v2\/types\/product"}],"replies":[{"embeddable":true,"href":"https:\/\/havamall.vn\/en\/wp-json\/wp\/v2\/comments?post=44639"}],"version-history":[{"count":0,"href":"https:\/\/havamall.vn\/en\/wp-json\/wp\/v2\/product\/44639\/revisions"}],"wp:featuredmedia":[{"embeddable":true,"href":"https:\/\/havamall.vn\/en\/wp-json\/wp\/v2\/media\/44640"}],"wp:attachment":[{"href":"https:\/\/havamall.vn\/en\/wp-json\/wp\/v2\/media?parent=44639"}],"wp:term":[{"taxonomy":"product_brand","embeddable":true,"href":"https:\/\/havamall.vn\/en\/wp-json\/wp\/v2\/product_brand?post=44639"},{"taxonomy":"product_cat","embeddable":true,"href":"https:\/\/havamall.vn\/en\/wp-json\/wp\/v2\/product_cat?post=44639"},{"taxonomy":"product_tag","embeddable":true,"href":"https:\/\/havamall.vn\/en\/wp-json\/wp\/v2\/product_tag?post=44639"}],"curies":[{"name":"wp","href":"https:\/\/api.w.org\/{rel}","templated":true}]}}