{"id":44617,"date":"2026-03-18T14:38:45","date_gmt":"2026-03-18T07:38:45","guid":{"rendered":"https:\/\/havamall.vn\/?post_type=product&#038;p=44617"},"modified":"2026-03-18T14:38:46","modified_gmt":"2026-03-18T07:38:46","slug":"bot-tieu-hoi-atlas-garden-65g-fennel-powder","status":"publish","type":"product","link":"https:\/\/havamall.vn\/en\/shop\/bot-tieu-hoi-atlas-garden-65g-fennel-powder\/","title":{"rendered":"B\u1ed9t Ti\u1ec3u H\u1ed3i Atlas Garden 65g \u2013 Fennel Powder"},"content":{"rendered":"<h2><strong>TH\u00d4NG TIN CHUNG<\/strong><\/h2>\n<table data-path-to-node=\"1\">\n<tbody>\n<tr>\n<td><span data-path-to-node=\"1,1,0,0\">Th\u01b0\u01a1ng hi\u1ec7u<\/span><\/td>\n<td><span data-path-to-node=\"1,1,1,0\">Atlas Garden<\/span><\/td>\n<\/tr>\n<tr>\n<td><span data-path-to-node=\"1,2,0,0\">Xu\u1ea5t x\u1ee9<\/span><\/td>\n<td>\u0110\u1ee9c<\/td>\n<\/tr>\n<tr>\n<td><span data-path-to-node=\"1,3,0,0\">Th\u00e0nh ph\u1ea7n<\/span><\/td>\n<td><span data-path-to-node=\"1,3,1,0\">100% B\u1ed9t ti\u1ec3u h\u1ed3i t\u1ef1 nhi\u00ean<\/span><\/td>\n<\/tr>\n<tr>\n<td><span data-path-to-node=\"1,4,0,0\">H\u1ea1n s\u1eed d\u1ee5ng<\/span><\/td>\n<td><span data-path-to-node=\"1,4,1,0\">12 th\u00e1ng k\u1ec3 t\u1eeb ng\u00e0y s\u1ea3n xu\u1ea5t<\/span><\/td>\n<\/tr>\n<tr>\n<td><span data-path-to-node=\"1,5,0,0\">B\u1ea3o qu\u1ea3n<\/span><\/td>\n<td><span data-path-to-node=\"1,5,1,0\">N\u01a1i kh\u00f4 r\u00e1o, tho\u00e1ng m\u00e1t, \u0111\u1eady k\u00edn n\u1eafp sau khi s\u1eed d\u1ee5ng<\/span><\/td>\n<\/tr>\n<tr>\n<td><span data-path-to-node=\"1,6,0,0\">Kh\u1ed1i l\u01b0\u1ee3ng<\/span><\/td>\n<td><span data-path-to-node=\"1,6,1,0\">65g<\/span><\/td>\n<\/tr>\n<\/tbody>\n<\/table>\n<p>Atlas Garden l\u00e0 c\u00e1i t\u00ean b\u1ea3o ch\u1ee9ng cho s\u1ef1 tinh t\u00fay v\u00e0 \u0111a d\u1ea1ng trong th\u1ebf gi\u1edbi gia v\u1ecb nh\u1eadp kh\u1ea9u. V\u1edbi t\u00e2m th\u1ebf mang nh\u1eefng h\u01b0\u01a1ng v\u1ecb \u0111\u1eb7c s\u1eafc nh\u1ea5t t\u1eeb kh\u1eafp n\u01a1i tr\u00ean th\u1ebf gi\u1edbi \u0111\u1ebfn b\u00e0n \u0103n hi\u1ec7n \u0111\u1ea1i, m\u1ed7i s\u1ea3n ph\u1ea9m c\u1ee7a Atlas Garden \u0111\u1ec1u tr\u1ea3i qua quy tr\u00ecnh tuy\u1ec3n ch\u1ecdn v\u00e0 ch\u1ebf bi\u1ebfn k\u1ef9 l\u01b0\u1ee1ng.<\/p>\n<p>B\u1ed9t ti\u1ec3u h\u1ed3i (Fennel Powder) t\u1eeb th\u01b0\u01a1ng hi\u1ec7u Atlas Garden l\u00e0 m\u1ed9t trong nh\u1eefng lo\u1ea1i gia v\u1ecb \u0111\u1eb7c tr\u01b0ng v\u1edbi h\u01b0\u01a1ng th\u01a1m th\u1ea3o m\u1ed9c n\u1ed3ng n\u00e0n, \u0111\u01b0\u1ee3c chi\u1ebft xu\u1ea5t t\u1eeb nh\u1eefng h\u1ea1t ti\u1ec3u h\u1ed3i \u0111\u1ea1t \u0111\u1ed9 ch\u00edn ho\u00e0n h\u1ea3o, \u0111\u1ea3m b\u1ea3o gi\u1eef \u0111\u01b0\u1ee3c h\u00e0m l\u01b0\u1ee3ng tinh d\u1ea7u cao nh\u1ea5t v\u00e0 m\u00e0u s\u1eafc t\u1ef1 nhi\u00ean \u0111\u1eb7c tr\u01b0ng.<\/p>\n<p><img fetchpriority=\"high\" decoding=\"async\" class=\"aligncenter\" src=\"https:\/\/havamall.com\/wp-content\/uploads\/2025\/06\/493942044_1258217259644571_7163962914813370668_n-3.jpg\" width=\"800\" height=\"474\" \/><\/p>\n<p><strong><span style=\"font-size: 14pt\">\u0110\u1eb6C \u0110I\u1ec2M N\u1ed4I B\u1eacT<\/span><\/strong><\/p>\n<p>\u2013 H\u01b0\u01a1ng th\u01a1m \u0111\u1eb7c tr\u01b0ng: Mang m\u00f9i th\u01a1m ng\u1ecdt ng\u00e0o, \u1ea5m \u00e1p t\u01b0\u01a1ng t\u1ef1 nh\u01b0 cam th\u1ea3o ho\u1eb7c hoa h\u1ed3i nh\u01b0ng thanh tho\u00e1t v\u00e0 d\u1ecbu nh\u1eb9 h\u01a1n.<\/p>\n<p>\u2013 M\u00e0u s\u1eafc v\u00e0 \u0111\u1ed9 m\u1ecbn: S\u1ea3n ph\u1ea9m c\u00f3 m\u00e0u n\u00e2u nh\u1ea1t pha ch\u00fat xanh x\u00e1m t\u1ef1 nhi\u00ean, b\u1ed9t \u0111\u01b0\u1ee3c xay c\u1ef1c m\u1ecbn (Fine ground) gi\u00fap d\u1ec5 d\u00e0ng h\u00f2a tan v\u00e0 th\u1ea5m \u0111\u1eabm v\u00e0o nguy\u00ean li\u1ec7u khi t\u1ea9m \u01b0\u1edbp.<\/p>\n<p>\u2013 V\u1ecb gi\u00e1c \u0111a t\u1ea7ng: M\u1ed9t ch\u00fat ng\u1ecdt thanh xen l\u1eabn v\u1ecb cay nh\u1eb9, gi\u00fap c\u00e2n b\u1eb1ng h\u01b0\u01a1ng v\u1ecb cho nh\u1eefng m\u00f3n \u0103n c\u00f3 nhi\u1ec1u ch\u1ea5t b\u00e9o ho\u1eb7c nguy\u00ean li\u1ec7u n\u1eb7ng m\u00f9i.<\/p>\n<p><img decoding=\"async\" class=\"aligncenter  wp-image-45225\" src=\"https:\/\/havamall.com\/wp-content\/uploads\/2026\/03\/Fennel-Powder-07_1400x.jpg\" alt=\"\" width=\"801\" height=\"801\" \/><\/p>\n<p><span style=\"font-size: 14pt\"><strong>GI\u00c1 TR\u1eca DINH D\u01af\u1ee0NG V\u00c0 C\u00d4NG D\u1ee4NG S\u1ee8C KH\u1eceE<\/strong><\/span><\/p>\n<p>\u2013 H\u1ed7 tr\u1ee3 ti\u00eau h\u00f3a: Gi\u00fap gi\u1ea3m c\u00e1c tri\u1ec7u ch\u1ee9ng \u0111\u1ea7y h\u01a1i, kh\u00f3 ti\u00eau v\u00e0 k\u00edch th\u00edch v\u1ecb gi\u00e1c.<\/p>\n<p>\u2013 Ch\u1ed1ng oxy h\u00f3a: Ch\u1ee9a nhi\u1ec1u h\u1ee3p ch\u1ea5t flavonoid gi\u00fap b\u1ea3o v\u1ec7 t\u1ebf b\u00e0o c\u01a1 th\u1ec3 kh\u1ecfi c\u00e1c g\u1ed1c t\u1ef1 do.<\/p>\n<p>\u2013 Gi\u00e0u kho\u00e1ng ch\u1ea5t: Cung c\u1ea5p m\u1ed9t l\u01b0\u1ee3ng nh\u1ecf vitamin C, kali v\u00e0 mangan c\u1ea7n thi\u1ebft cho h\u1ec7 mi\u1ec5n d\u1ecbch.<\/p>\n<p><img decoding=\"async\" class=\"aligncenter\" src=\"https:\/\/havamall.com\/wp-content\/uploads\/2026\/03\/Toasted_Fennel_Spice_Rub_1500x.jpg\" alt=\"Toasted Fennel Spice Rub - The Spice House\" width=\"800\" height=\"533\" \/><\/p>\n<p><span style=\"font-size: 14pt\"><strong>G\u1ee2I \u00dd CH\u1ebe BI\u1ebeN V\u00c0 C\u00c1C M\u00d3N \u0102N<\/strong><\/span><\/p>\n<p data-path-to-node=\"12\">\u2013 T\u1ea9m \u01b0\u1edbp h\u1ea3i s\u1ea3n v\u00e0 th\u1ecbt: \u0110\u1eb7c bi\u1ec7t hi\u1ec7u qu\u1ea3 khi kh\u1eed m\u00f9i tanh cho c\u00e1 v\u00e0 c\u00e1c lo\u1ea1i th\u1ecbt \u0111\u1ecf. M\u1ed9t ch\u00fat b\u1ed9t ti\u1ec3u h\u1ed3i khi n\u01b0\u1edbng c\u00e1 ho\u1eb7c l\u00e0m x\u00fac ch\u1ec9 ki\u1ec3u \u00dd (Italian Sausage) s\u1ebd t\u1ea1o n\u00ean m\u00f9i th\u01a1m n\u1ed3ng n\u00e0n kh\u00f3 c\u01b0\u1ee1ng.<\/p>\n<p data-path-to-node=\"12\">\u2013 Gia v\u1ecb cho m\u00f3n h\u1ea7m v\u00e0 c\u00e0 ri: Trong \u1ea9m th\u1ef1c \u1ea4n \u0110\u1ed9 ho\u1eb7c Trung \u0110\u00f4ng, b\u1ed9t ti\u1ec3u h\u1ed3i l\u00e0 th\u00e0nh ph\u1ea7n kh\u00f4ng th\u1ec3 thi\u1ebfu \u0111\u1ec3 t\u1ea1o n\u00ean \u0111\u1ed9 s\u00e2u cho n\u01b0\u1edbc s\u1ed1t c\u00e0 ri.<\/p>\n<p data-path-to-node=\"12\">\u2013 L\u00e0m b\u00e1nh v\u00e0 \u0111\u1ed3 ng\u1ecdt: C\u00f3 th\u1ec3 th\u00eam m\u1ed9t l\u01b0\u1ee3ng nh\u1ecf v\u00e0o c\u00e1c lo\u1ea1i b\u00e1nh quy, b\u00e1nh m\u00ec ho\u1eb7c m\u1ee9t tr\u00e1i c\u00e2y \u0111\u1ec3 t\u1ea1o ra n\u1ed1t h\u01b0\u01a1ng ng\u1ecdt l\u1ea1 l\u1eabm, tinh t\u1ebf.<\/p>\n<p data-path-to-node=\"12\">\u2013 \u0110\u1ed3 u\u1ed1ng th\u1ea3o m\u1ed9c: Pha m\u1ed9t \u00edt b\u1ed9t ti\u1ec3u h\u1ed3i v\u00e0o n\u01b0\u1edbc \u1ea5m c\u00f9ng m\u1eadt ong \u0111\u1ec3 t\u1ea1o th\u00e0nh tr\u00e0 th\u1ea3o m\u1ed9c gi\u00fap th\u01b0 gi\u00e3n v\u00e0 t\u1ed1t cho ti\u00eau h\u00f3a.<\/p>\n<p data-path-to-node=\"12\"><img loading=\"lazy\" decoding=\"async\" class=\"aligncenter\" src=\"https:\/\/havamall.com\/wp-content\/uploads\/2026\/03\/chargrilled-fish-with-fennel-celery-and-caper-salad-48428-1.jpg\" alt=\"Chargrilled fish with fennel, celery and caper salad\" width=\"800\" height=\"533\" \/><\/p>\n<p data-path-to-node=\"13\">B\u1ed9t Ti\u1ec3u H\u1ed3i Atlas Garden 65g hi\u1ec7n \u0111ang c\u00f3 m\u1eb7t t\u1ea1i Havamall, mang \u0111\u1ebfn nh\u1eefng d\u00f2ng gia v\u1ecb cao c\u1ea5p nh\u1eadp kh\u1ea9u, cam k\u1ebft ch\u00ednh h\u00e3ng 100%, gi\u00fap m\u1ed7i kho\u1ea3nh kh\u1eafc v\u00e0o b\u1ebfp tr\u1edf n\u00ean th\u00fa v\u1ecb v\u00e0 chuy\u00ean nghi\u1ec7p h\u01a1n.<\/p>","protected":false},"excerpt":{"rendered":"<p>TH\u00d4NG TIN CHUNG Th\u01b0\u01a1ng hi\u1ec7u Atlas Garden Xu\u1ea5t x\u1ee9 \u0110\u1ee9c Th\u00e0nh ph\u1ea7n 100% B\u1ed9t ti\u1ec3u h\u1ed3i t\u1ef1 nhi\u00ean H\u1ea1n s\u1eed<\/p>","protected":false},"featured_media":44618,"comment_status":"open","ping_status":"closed","template":"","meta":[],"product_brand":[],"product_cat":[595,682,154],"product_tag":[],"class_list":{"0":"post-44617","1":"product","2":"type-product","3":"status-publish","4":"has-post-thumbnail","6":"product_cat-gia-vi-va-che-bien","7":"product_cat-nhap-khau-duc","8":"product_cat-gia-vi","9":"pa_brand-atlas","11":"first","12":"instock","13":"sale","14":"shipping-taxable","15":"purchasable","16":"product-type-simple"},"_links":{"self":[{"href":"https:\/\/havamall.vn\/en\/wp-json\/wp\/v2\/product\/44617"}],"collection":[{"href":"https:\/\/havamall.vn\/en\/wp-json\/wp\/v2\/product"}],"about":[{"href":"https:\/\/havamall.vn\/en\/wp-json\/wp\/v2\/types\/product"}],"replies":[{"embeddable":true,"href":"https:\/\/havamall.vn\/en\/wp-json\/wp\/v2\/comments?post=44617"}],"version-history":[{"count":0,"href":"https:\/\/havamall.vn\/en\/wp-json\/wp\/v2\/product\/44617\/revisions"}],"wp:featuredmedia":[{"embeddable":true,"href":"https:\/\/havamall.vn\/en\/wp-json\/wp\/v2\/media\/44618"}],"wp:attachment":[{"href":"https:\/\/havamall.vn\/en\/wp-json\/wp\/v2\/media?parent=44617"}],"wp:term":[{"taxonomy":"product_brand","embeddable":true,"href":"https:\/\/havamall.vn\/en\/wp-json\/wp\/v2\/product_brand?post=44617"},{"taxonomy":"product_cat","embeddable":true,"href":"https:\/\/havamall.vn\/en\/wp-json\/wp\/v2\/product_cat?post=44617"},{"taxonomy":"product_tag","embeddable":true,"href":"https:\/\/havamall.vn\/en\/wp-json\/wp\/v2\/product_tag?post=44617"}],"curies":[{"name":"wp","href":"https:\/\/api.w.org\/{rel}","templated":true}]}}