{"id":44505,"date":"2026-03-12T11:56:20","date_gmt":"2026-03-12T04:56:20","guid":{"rendered":"https:\/\/havamall.vn\/?post_type=product&#038;p=44505"},"modified":"2026-03-12T11:56:21","modified_gmt":"2026-03-12T04:56:21","slug":"nam-loc-nhung-say-kho-thuong-hang-havafoodies-40g-dried-velvet-antler-mushroom","status":"publish","type":"product","link":"https:\/\/havamall.vn\/en\/shop\/nam-loc-nhung-say-kho-thuong-hang-havafoodies-40g-dried-velvet-antler-mushroom\/","title":{"rendered":"N\u1ea5m L\u1ed9c Nhung S\u1ea5y Kh\u00f4 Th\u01b0\u1ee3ng H\u1ea1ng HavaFoodies 40g \u2013 Dried Velvet Antler Mushroom"},"content":{"rendered":"<h2 data-section-id=\"1fv11\" data-start=\"247\" data-end=\"268\">TH\u00d4NG TIN S\u1ea2N PH\u1ea8M<\/h2>\n<div class=\"TyagGW_tableContainer\">\n<table data-path-to-node=\"1\">\n<tbody>\n<tr>\n<td><span data-path-to-node=\"1,1,0,0\">Th\u01b0\u01a1ng hi\u1ec7u<\/span><\/td>\n<td><span data-path-to-node=\"1,1,1,0\">Hava Foodies<\/span><\/td>\n<\/tr>\n<tr>\n<td><span data-path-to-node=\"1,2,0,0\">Xu\u1ea5t x\u1ee9<\/span><\/td>\n<td><span data-path-to-node=\"1,2,1,0\">Vi\u1ec7t Nam<\/span><\/td>\n<\/tr>\n<tr>\n<td><span data-path-to-node=\"1,3,0,0\">Th\u00e0nh ph\u1ea7n<\/span><\/td>\n<td><span data-path-to-node=\"1,3,1,0\">100% N\u1ea5m L\u1ed9c Nhung s\u1ea5y kh\u00f4 t\u1ef1 nhi\u00ean<\/span><\/td>\n<\/tr>\n<tr>\n<td><span data-path-to-node=\"1,4,0,0\">H\u1ea1n s\u1eed d\u1ee5ng<\/span><\/td>\n<td><span data-path-to-node=\"1,4,1,0\">12 th\u00e1ng k\u1ec3 t\u1eeb ng\u00e0y s\u1ea3n xu\u1ea5t<\/span><\/td>\n<\/tr>\n<tr>\n<td><span data-path-to-node=\"1,5,0,0\">B\u1ea3o qu\u1ea3n<\/span><\/td>\n<td><span data-path-to-node=\"1,5,1,0\">N\u01a1i kh\u00f4 r\u00e1o, tho\u00e1ng m\u00e1t, tr\u00e1nh \u00e1nh n\u1eafng tr\u1ef1c ti\u1ebfp, \u0111\u1eady k\u00edn n\u1eafp sau khi d\u00f9ng<\/span><\/td>\n<\/tr>\n<tr>\n<td><span data-path-to-node=\"1,6,0,0\">Kh\u1ed1i l\u01b0\u1ee3ng<\/span><\/td>\n<td><span data-path-to-node=\"1,6,1,0\">40g<\/span><\/td>\n<\/tr>\n<\/tbody>\n<\/table>\n<p>N\u1ea5m L\u1ed9c Nhung lu\u00f4n \u0111\u01b0\u1ee3c v\u00ed nh\u01b0 m\u1ed9t lo\u1ea1i &#8220;v\u00e0ng r\u00f2ng&#8221; nh\u1edd h\u00ecnh d\u00e1ng \u0111\u1ed9c \u0111\u00e1o m\u00f4 ph\u1ecfng theo nh\u1eefng chi\u1ebfc g\u1ea1c h\u01b0\u01a1u non v\u00e0 gi\u00e1 tr\u1ecb dinh d\u01b0\u1ee1ng v\u01b0\u1ee3t tr\u1ed9i. \u0110\u00e2y l\u00e0 lo\u1ea1i n\u1ea5m qu\u00fd hi\u1ebfm, v\u1ed1n ch\u1ec9 xu\u1ea5t hi\u1ec7n trong nh\u1eefng b\u1eefa ti\u1ec7c cung \u0111\u00ecnh x\u01b0a ho\u1eb7c th\u1ef1c \u0111\u01a1n c\u1ee7a c\u00e1c nh\u00e0 h\u00e0ng fine-dining sang tr\u1ecdng. T\u00ean g\u1ecdi &#8220;L\u1ed9c Nhung&#8221; kh\u00f4ng ch\u1ec9 b\u1eaft ngu\u1ed3n t\u1eeb h\u00ecnh d\u00e1ng gi\u1ed1ng nhung h\u01b0\u01a1u m\u00e0 c\u00f2n \u00e1m ch\u1ec9 s\u1ef1 qu\u00fd gi\u00e1 v\u00e0 b\u1ed5 d\u01b0\u1ee1ng t\u01b0\u01a1ng \u0111\u01b0\u01a1ng v\u1edbi c\u00e1c lo\u1ea1i d\u01b0\u1ee3c li\u1ec7u th\u01b0\u1ee3ng h\u1ea1ng.<\/p>\n<p><img fetchpriority=\"high\" decoding=\"async\" class=\"aligncenter\" src=\"https:\/\/havamall.com\/wp-content\/uploads\/2026\/03\/AD_4nXfzTwJ028Na498Pkghw8Rk1zfzHiPAFrZqXTQyA3Jn17Vd2w2EHhIaUxHQF_RLxTjFZL6VrqXFqg9n9ChnvdO0mIGlupEl1PDyIZS5Nre4AdE5Z5MlWWzw0YZ_SLD1XdMWr_AinkQkeyXxrBePopqmaazMiiIc-G2xWo.png\" alt=\"N\u1ea5m L\u1ed9c Nhung - Ngu\u1ed3n dinh d\u01b0\u1ee1ng qu\u00fd cho s\u1ee9c kh\u1ecfe v\u00e0ng \u2013 N\u1ea5m Li\u00ean Hoa\" width=\"801\" height=\"396\" \/><\/p>\n<p data-path-to-node=\"6\">N\u1ea5m c\u00f3 \u0111\u1eb7c \u0111i\u1ec3m h\u00ecnh th\u00e1i r\u1ea5t ri\u00eang bi\u1ec7t v\u1edbi th\u00e2n d\u00e0i, ch\u1eafc, ph\u1ea7n \u0111\u1ea7u t\u1ee7a ra nh\u01b0 nh\u1eefng nh\u00e1nh g\u1ea1c nh\u1ecf. Khi \u1edf tr\u1ea1ng th\u00e1i s\u1ea5y kh\u00f4, n\u1ea5m gi\u1eef \u0111\u01b0\u1ee3c m\u00e0u n\u00e2u v\u00e0ng \u0111\u1eb7c tr\u01b0ng v\u00e0 t\u1ecfa ra m\u00f9i th\u01a1m th\u1ea3o m\u1ed9c d\u1ecbu nh\u1eb9, thanh khi\u1ebft. \u0110i\u1ec3m l\u00e0m n\u00ean s\u1ee9c h\u00fat c\u1ee7a lo\u1ea1i n\u1ea5m n\u00e0y ch\u00ednh l\u00e0 c\u1ea5u tr\u00fac &#8220;Crunchy&#8221; \u2013 \u0111\u1ed9 gi\u00f2n s\u1ea7n s\u1eadt v\u00f4 c\u00f9ng th\u00fa v\u1ecb khi th\u01b0\u1edfng th\u1ee9c, m\u1ed9t tr\u1ea3i nghi\u1ec7m v\u1ecb gi\u00e1c ho\u00e0n to\u00e0n kh\u00e1c bi\u1ec7t so v\u1edbi c\u00e1c lo\u1ea1i n\u1ea5m th\u00f4ng th\u01b0\u1eddng nh\u01b0 n\u1ea5m h\u01b0\u01a1ng hay n\u1ea5m m\u00e8o.<\/p>\n<p data-path-to-node=\"6\"><img decoding=\"async\" class=\"aligncenter\" src=\"https:\/\/havamall.com\/wp-content\/uploads\/2026\/03\/059aa410-455f-4c73-b9dd-87fa20042487_ea3edc4313ff4c7d9ed97f2fabd76efd.jpg\" alt=\"N\u1ea5m D\u01b0\u1ee3c Li\u1ec7u L\u1ed9c Nhung \u2013 Th\u1ef1c - Th\u1ec3 - Ch\u00e2n Nh\u01b0\" width=\"801\" height=\"730\" \/><\/p>\n<h2 data-section-id=\"mao76p\" data-start=\"1969\" data-end=\"2008\">GI\u00c1 TR\u1eca DINH D\u01af\u1ee0NG C\u1ee6A N\u1ea4M L\u1ed8C NHUNG<\/h2>\n<p>N\u1ea5m L\u1ed9c Nhung l\u00e0 ngu\u1ed3n cung c\u1ea5p d\u1ed3i d\u00e0o c\u00e1c axit amin thi\u1ebft y\u1ebfu, vitamin nh\u00f3m B v\u00e0 c\u00e1c kho\u00e1ng ch\u1ea5t nh\u01b0 k\u1ebdm, s\u1eaft, kali. \u0110\u1eb7c bi\u1ec7t, s\u1ea3n ph\u1ea9m c\u1ee7a Hava Foodies \u0111\u1ea1t ti\u00eau chu\u1ea9n\u00a0<b data-path-to-node=\"8\" data-index-in-node=\"170\">KETO FRIENDLY<\/b>, ho\u00e0n to\u00e0n kh\u00f4ng ch\u1ee9a ch\u1ea5t ph\u1ee5 gia hay \u0111\u01b0\u1eddng, c\u1ef1c k\u1ef3 ph\u00f9 h\u1ee3p cho nh\u1eefng ng\u01b0\u1eddi \u0111ang theo \u0111u\u1ed5i ch\u1ebf \u0111\u1ed9 \u0103n ki\u00eang l\u00e0nh m\u1ea1nh ho\u1eb7c \u0103n chay tr\u01b0\u1eddng.<\/p>\n<p>\u2013 T\u0103ng c\u01b0\u1eddng h\u1ec7 mi\u1ec5n d\u1ecbch: Ch\u1ee9a c\u00e1c h\u1ee3p ch\u1ea5t polysaccharide gi\u00fap k\u00edch ho\u1ea1t h\u00e0ng r\u00e0o b\u1ea3o v\u1ec7 c\u01a1 th\u1ec3.<\/p>\n<p>\u2013 H\u1ed7 tr\u1ee3 ti\u00eau h\u00f3a v\u00e0 tim m\u1ea1ch: H\u00e0m l\u01b0\u1ee3ng ch\u1ea5t x\u01a1 cao gi\u00fap c\u1ea3i thi\u1ec7n h\u1ec7 vi sinh \u0111\u01b0\u1eddng ru\u1ed9t v\u00e0 ki\u1ec3m so\u00e1t l\u01b0\u1ee3ng cholesterol trong m\u00e1u.<\/p>\n<p>\u2013 Ch\u1ed1ng oxy h\u00f3a: Gi\u00fap ng\u0103n ng\u1eeba l\u00e3o h\u00f3a t\u1ebf b\u00e0o, mang l\u1ea1i v\u1ebb t\u01b0\u01a1i tr\u1ebb t\u1eeb b\u00ean trong.<\/p>\n<p><img decoding=\"async\" class=\"aligncenter  wp-image-45093\" src=\"https:\/\/havamall.com\/wp-content\/uploads\/2026\/03\/jpeg.jpg\" alt=\"\" width=\"800\" height=\"800\" \/><\/p>\n<h2 data-section-id=\"1mcpetl\" data-start=\"2501\" data-end=\"2538\">C\u00c1CH S\u1eec D\u1ee4NG N\u1ea4M L\u1ed8C NHUNG S\u1ea4Y KH\u00d4<\/h2>\n<p data-path-to-node=\"10\">\u0110\u1ec3 s\u1eed d\u1ee5ng, ch\u1ec9 c\u1ea7n ng\u00e2m n\u1ea5m trong n\u01b0\u1edbc \u1ea5m kho\u1ea3ng 15\u201320 ph\u00fat cho n\u1ea5m n\u1edf \u0111\u1ec1u v\u00e0 l\u1ea5y l\u1ea1i \u0111\u1ed9 gi\u00f2n t\u1ef1 nhi\u00ean, sau \u0111\u00f3 r\u1eeda s\u1ea1ch v\u00e0 \u0111\u1ec3 r\u00e1o. N\u1ea5m L\u1ed9c Nhung v\u00f4 c\u00f9ng &#8220;d\u1ec5 t\u00ednh&#8221; trong vi\u1ec7c k\u1ebft h\u1ee3p nguy\u00ean li\u1ec7u:<\/p>\n<p data-path-to-node=\"11\">\u2013 M\u00f3n h\u1ea7m th\u01b0\u1ee3ng h\u1ea1ng: K\u1ebft h\u1ee3p c\u00f9ng b\u00e0o ng\u01b0, vi c\u00e1 ho\u1eb7c h\u1ea7m c\u00f9ng g\u00e0 \u00e1c, t\u00e1o t\u00e0u \u0111\u1ec3 t\u1ea1o n\u00ean m\u00f3n canh \u0111\u1ea1i b\u1ed5, gi\u00fap ph\u1ee5c h\u1ed3i s\u1ee9c kh\u1ecfe nhanh ch\u00f3ng.<\/p>\n<p data-path-to-node=\"11\">\u2013 M\u00f3n x\u00e0o gi\u00f2n s\u1ea7n s\u1eadt: X\u00e9 nh\u1ecf n\u1ea5m v\u00e0 x\u00e0o c\u00f9ng th\u1ecbt b\u00f2, m\u0103ng t\u00e2y ho\u1eb7c rau c\u1ee7 th\u1eadp c\u1ea9m. \u0110\u1ed9 gi\u00f2n \u0111\u1ed9c \u0111\u00e1o c\u1ee7a n\u1ea5m s\u1ebd t\u1ea1o n\u00ean \u0111i\u1ec3m nh\u1ea5n kh\u00f3 qu\u00ean cho b\u1eefa c\u01a1m.<\/p>\n<p data-path-to-node=\"11\">\u2013 Soup n\u1ea5m d\u01b0\u1ee1ng sinh: Xay nhuy\u1ec5n m\u1ed9t ph\u1ea7n n\u1ea5m \u0111\u1ec3 t\u1ea1o \u0111\u1ed9 b\u00e9o ng\u1eady t\u1ef1 nhi\u00ean cho soup, ph\u1ea7n c\u00f2n l\u1ea1i \u0111\u1ec3 nguy\u00ean mi\u1ebfng \u0111\u1ec3 c\u1ea3m nh\u1eadn \u0111\u1ed9 gi\u00f2n. \u0110\u00e2y l\u00e0 m\u00f3n \u0103n \u0111ang r\u1ea5t \u0111\u01b0\u1ee3c \u01b0a chu\u1ed9ng trong c\u00e1c th\u1ef1c \u0111\u01a1n Detox v\u00e0 gi\u1ea3m c\u00e2n.<\/p>\n<p data-path-to-node=\"11\">\u2013 L\u1ea9u n\u1ea5m: Th\u1ea3 n\u1ea5m v\u00e0o n\u1ed3i l\u1ea9u \u0111ang s\u00f4i, n\u1ea5m s\u1ebd h\u1ea5p th\u1ee5 n\u01b0\u1edbc d\u00f9ng \u0111\u1eadm \u0111\u00e0 m\u00e0 v\u1eabn gi\u1eef \u0111\u01b0\u1ee3c c\u1ea5u tr\u00fac ch\u1eafc ch\u1eafn, kh\u00f4ng b\u1ecb n\u00e1t hay nh\u0169n.<\/p>\n<p data-path-to-node=\"11\"><img loading=\"lazy\" decoding=\"async\" class=\"aligncenter\" src=\"https:\/\/havamall.com\/wp-content\/uploads\/2026\/03\/nam-04.webpv1_.0.webp\" alt=\"N\u1ea5m L\u1ed9c Nhung - Ngu\u1ed3n dinh d\u01b0\u1ee1ng qu\u00fd cho s\u1ee9c kh\u1ecfe v\u00e0ng\" width=\"800\" height=\"800\" \/><\/p>\n<p data-path-to-node=\"12\">N\u1ea5m L\u1ed9c Nhung S\u1ea5y Kh\u00f4 Th\u01b0\u1ee3ng H\u1ea1nh Hava Foodies hi\u1ec7n \u0111ang \u0111\u01b0\u1ee3c b\u00e1n t\u1ea1i Havamall, chuy\u00ean cung c\u1ea5p c\u00e1c d\u00f2ng th\u1ef1c ph\u1ea9m nh\u1eadp kh\u1ea9u v\u00e0 n\u00f4ng s\u1ea3n s\u1ea1ch, cam k\u1ebft h\u00e0ng ch\u00ednh h\u00e3ng 100%, \u0111em l\u1ea1i s\u1ef1 an t\u00e2m tuy\u1ec7t \u0111\u1ed1i v\u1ec1 ch\u1ea5t l\u01b0\u1ee3ng cho s\u1ee9c kh\u1ecfe.<\/p>\n<\/div>","protected":false},"excerpt":{"rendered":"<p>TH\u00d4NG TIN S\u1ea2N PH\u1ea8M Th\u01b0\u01a1ng hi\u1ec7u Hava Foodies Xu\u1ea5t x\u1ee9 Vi\u1ec7t Nam Th\u00e0nh ph\u1ea7n 100% N\u1ea5m L\u1ed9c Nhung s\u1ea5y kh\u00f4<\/p>","protected":false},"featured_media":44506,"comment_status":"open","ping_status":"closed","template":"","meta":[],"product_brand":[],"product_cat":[677,594,134],"product_tag":[],"class_list":{"0":"post-44505","1":"product","2":"type-product","3":"status-publish","4":"has-post-thumbnail","6":"product_cat-cac-nuoc-khac","7":"product_cat-dau-cu-qua-kho","8":"product_cat-thucpham-saykho","10":"first","11":"instock","12":"sale","13":"shipping-taxable","14":"purchasable","15":"product-type-simple"},"_links":{"self":[{"href":"https:\/\/havamall.vn\/en\/wp-json\/wp\/v2\/product\/44505"}],"collection":[{"href":"https:\/\/havamall.vn\/en\/wp-json\/wp\/v2\/product"}],"about":[{"href":"https:\/\/havamall.vn\/en\/wp-json\/wp\/v2\/types\/product"}],"replies":[{"embeddable":true,"href":"https:\/\/havamall.vn\/en\/wp-json\/wp\/v2\/comments?post=44505"}],"version-history":[{"count":0,"href":"https:\/\/havamall.vn\/en\/wp-json\/wp\/v2\/product\/44505\/revisions"}],"wp:featuredmedia":[{"embeddable":true,"href":"https:\/\/havamall.vn\/en\/wp-json\/wp\/v2\/media\/44506"}],"wp:attachment":[{"href":"https:\/\/havamall.vn\/en\/wp-json\/wp\/v2\/media?parent=44505"}],"wp:term":[{"taxonomy":"product_brand","embeddable":true,"href":"https:\/\/havamall.vn\/en\/wp-json\/wp\/v2\/product_brand?post=44505"},{"taxonomy":"product_cat","embeddable":true,"href":"https:\/\/havamall.vn\/en\/wp-json\/wp\/v2\/product_cat?post=44505"},{"taxonomy":"product_tag","embeddable":true,"href":"https:\/\/havamall.vn\/en\/wp-json\/wp\/v2\/product_tag?post=44505"}],"curies":[{"name":"wp","href":"https:\/\/api.w.org\/{rel}","templated":true}]}}