{"id":44500,"date":"2026-03-11T16:41:25","date_gmt":"2026-03-11T09:41:25","guid":{"rendered":"https:\/\/havamall.vn\/?post_type=product&#038;p=44500"},"modified":"2026-03-12T08:35:56","modified_gmt":"2026-03-12T01:35:56","slug":"ca-phe-hat-arabica-cau-dat-rang-dam-gaia-coffee-250g-gaia-arabica-sunset-coffee-beans","status":"publish","type":"product","link":"https:\/\/havamall.vn\/en\/shop\/ca-phe-hat-arabica-cau-dat-rang-dam-gaia-coffee-250g-gaia-arabica-sunset-coffee-beans\/","title":{"rendered":"C\u00e0 Ph\u00ea H\u1ea1t Arabica C\u1ea7u \u0110\u1ea5t Rang \u0110\u1eadm Gaia Coffee 250G \u2013 Gaia Arabica Sunset Coffee Beans"},"content":{"rendered":"<h2 data-section-id=\"1fv11\" data-start=\"262\" data-end=\"283\">TH\u00d4NG TIN S\u1ea2N PH\u1ea8M<\/h2>\n<div class=\"TyagGW_tableContainer\">\n<table data-path-to-node=\"1\">\n<tbody>\n<tr>\n<td><span data-path-to-node=\"1,1,0,0\">Th\u01b0\u01a1ng hi\u1ec7u<\/span><\/td>\n<td><span data-path-to-node=\"1,1,1,0\">Gaia Cafe<\/span><\/td>\n<\/tr>\n<tr>\n<td><span data-path-to-node=\"1,2,0,0\">Xu\u1ea5t x\u1ee9<\/span><\/td>\n<td><span data-path-to-node=\"1,2,1,0\">C\u1ea7u \u0110\u1ea5t, L\u00e2m \u0110\u1ed3ng, Vi\u1ec7t Nam<\/span><\/td>\n<\/tr>\n<tr>\n<td><span data-path-to-node=\"1,3,0,0\">Th\u00e0nh ph\u1ea7n<\/span><\/td>\n<td><span data-path-to-node=\"1,3,1,0\">100% Arabica Catimor<\/span><\/td>\n<\/tr>\n<tr>\n<td><span data-path-to-node=\"1,4,0,0\">H\u1ea1n s\u1eed d\u1ee5ng<\/span><\/td>\n<td><span data-path-to-node=\"1,4,1,0\">12 th\u00e1ng k\u1ec3 t\u1eeb ng\u00e0y s\u1ea3n xu\u1ea5t<\/span><\/td>\n<\/tr>\n<tr>\n<td><span data-path-to-node=\"1,5,0,0\">B\u1ea3o qu\u1ea3n<\/span><\/td>\n<td><span data-path-to-node=\"1,5,1,0\">N\u01a1i kh\u00f4 r\u00e1o, tho\u00e1ng m\u00e1t, tr\u00e1nh \u00e1nh n\u1eafng tr\u1ef1c ti\u1ebfp v\u00e0 n\u01a1i c\u00f3 m\u00f9i m\u1ea1nh<\/span><\/td>\n<\/tr>\n<tr>\n<td><span data-path-to-node=\"1,6,0,0\">Kh\u1ed1i l\u01b0\u1ee3ng<\/span><\/td>\n<td><span data-path-to-node=\"1,6,1,0\">250g<\/span><\/td>\n<\/tr>\n<\/tbody>\n<\/table>\n<p data-start=\"655\" data-end=\"1111\">T\u1ea1i Vi\u1ec7t Nam, m\u1ed9t trong nh\u1eefng v\u00f9ng tr\u1ed3ng Arabica n\u1ed5i ti\u1ebfng nh\u1ea5t ch\u00ednh l\u00e0 C\u1ea7u \u0110\u1ea5t \u2013 khu v\u1ef1c cao nguy\u00ean thu\u1ed9c t\u1ec9nh L\u00e2m \u0110\u1ed3ng n\u1eb1m \u1edf \u0111\u1ed9 cao h\u01a1n 1.500 m\u00e9t so v\u1edbi m\u1ef1c n\u01b0\u1edbc bi\u1ec3n. Kh\u00ed h\u1eadu m\u00e1t m\u1ebb quanh n\u0103m, s\u01b0\u01a1ng m\u00f9 d\u00e0y v\u00e0 \u0111\u1ea5t bazan gi\u00e0u kho\u00e1ng ch\u1ea5t \u0111\u00e3 t\u1ea1o n\u00ean \u0111i\u1ec1u ki\u1ec7n l\u00fd t\u01b0\u1edfng \u0111\u1ec3 c\u00e2y c\u00e0 ph\u00ea Arabica ph\u00e1t tri\u1ec3n \u1ed5n \u0111\u1ecbnh v\u00e0 cho ra nh\u1eefng h\u1ea1t c\u00e0 ph\u00ea ch\u1ea5t l\u01b0\u1ee3ng cao.<\/p>\n<p data-start=\"1113\" data-end=\"1463\">T\u1eeb v\u00f9ng \u0111\u1ea5t \u0111\u1eb7c bi\u1ec7t \u1ea5y, Gaia Coffee ph\u00e1t tri\u1ec3n d\u00f2ng c\u00e0 ph\u00ea Arabica Sunset v\u1edbi ngu\u1ed3n nguy\u00ean li\u1ec7u Catimor \u0111\u01b0\u1ee3c tr\u1ed3ng t\u1ea1i C\u1ea7u \u0110\u1ea5t. H\u1ea1t c\u00e0 ph\u00ea \u0111\u01b0\u1ee3c thu ho\u1ea1ch c\u1ea9n th\u1eadn, x\u1eed l\u00fd b\u1eb1ng ph\u01b0\u01a1ng ph\u00e1p honey \u2013 m\u1ed9t k\u1ef9 thu\u1eadt ch\u1ebf bi\u1ebfn gi\u00fap gi\u1eef l\u1ea1i l\u1edbp nh\u1ea7y t\u1ef1 nhi\u00ean c\u1ee7a tr\u00e1i c\u00e0 ph\u00ea trong qu\u00e1 tr\u00ecnh ph\u01a1i, nh\u1edd \u0111\u00f3 t\u1ea1o n\u00ean h\u01b0\u01a1ng v\u1ecb ng\u1ecdt d\u1ecbu v\u00e0 c\u1ea5u tr\u00fac m\u01b0\u1ee3t m\u00e0 \u0111\u1eb7c tr\u01b0ng.<\/p>\n<p data-start=\"1113\" data-end=\"1463\"><img fetchpriority=\"high\" decoding=\"async\" class=\"aligncenter\" src=\"https:\/\/havamall.com\/wp-content\/uploads\/2026\/03\/arabica-catimor-fully-washed-s18.jpg\" alt=\"Arabica Catimor Fully Washed Grade 1 - S18, S16\" width=\"805\" height=\"454\" \/><\/p>\n<p data-start=\"1465\" data-end=\"1631\">S\u1ef1 \u0111\u1ed9c \u0111\u00e1o c\u1ee7a Arabica Sunset n\u1eb1m \u1edf ph\u01b0\u01a1ng ph\u00e1p s\u01a1 ch\u1ebf Honey (s\u01a1 ch\u1ebf m\u1eadt ong). B\u1eb1ng c\u00e1ch gi\u1eef l\u1ea1i m\u1ed9t ph\u1ea7n l\u1edbp th\u1ecbt qu\u1ea3 gi\u00e0u \u0111\u01b0\u1eddng t\u1ef1 nhi\u00ean trong qu\u00e1 tr\u00ecnh l\u00e0m kh\u00f4, h\u1ea1t c\u00e0 ph\u00ea Arabica Sunset s\u1edf h\u1eefu \u0111\u1ed9 ng\u1ecdt h\u1eadu c\u1ef1c k\u1ef3 s\u00e2u l\u1eafng v\u00e0 m\u00e0u s\u1eafc h\u1ed5 ph\u00e1ch \u0111\u1eb9p m\u1eaft. V\u1edbi m\u1ee9c rang \u0110\u1eadm (Dark Roast), c\u00e1c chuy\u00ean gia t\u1ea1i Gaia Cafe \u0111\u00e3 kh\u00e9o l\u00e9o x\u1eed l\u00fd \u0111\u1ec3 h\u1ea1t c\u00e0 ph\u00ea kh\u00f4ng b\u1ecb ch\u00e1y g\u1eaft m\u00e0 thay v\u00e0o \u0111\u00f3 l\u00e0 s\u1ef1 gi\u1ea3i ph\u00f3ng ho\u00e0n h\u1ea3o c\u00e1c t\u1ea7ng h\u01b0\u01a1ng:<\/p>\n<p data-start=\"1465\" data-end=\"1631\">\u2013 H\u01b0\u01a1ng Socola &amp; H\u1ea1t ph\u1ec9 n\u01b0\u1edbng: \u0110\u00e2y l\u00e0 n\u1ed1t h\u01b0\u01a1ng ch\u1ee7 \u0111\u1ea1o mang l\u1ea1i c\u1ea3m gi\u00e1c b\u00e9o b\u00f9i, \u1ea5m \u00e1p ngay khi v\u1eeba nh\u1ea5p m\u00f4i. S\u1ef1 k\u1ebft h\u1ee3p gi\u1eefa v\u1ecb \u0111\u1eafng nh\u1eb9 c\u1ee7a Socola \u0111en v\u00e0 m\u00f9i th\u01a1m l\u1eebng c\u1ee7a h\u1ea1t ph\u1ec9 n\u01b0\u1edbng (Roasted Hazelnut) t\u1ea1o n\u00ean m\u1ed9t tr\u1ea3i nghi\u1ec7m kh\u1ee9u gi\u00e1c v\u00f4 c\u00f9ng sang tr\u1ecdng.<\/p>\n<p data-start=\"1465\" data-end=\"1631\">\u2013 Th\u1ec3 ch\u1ea5t m\u1ecbn m\u01b0\u1ee3t (Velvet Body): \u0110\u00fang nh\u01b0 t\u00ean g\u1ecdi &#8220;Velvet&#8221; in tr\u00ean bao b\u00ec, Arabica Sunset mang l\u1ea1i c\u1ea3m gi\u00e1c m\u01b0\u1ee3t m\u00e0, \u0111\u1ea7y \u0111\u1eb7n tr\u00ean v\u00f2m mi\u1ec7ng. \u0110\u1ed9 chua thanh nh\u1eb9 \u0111\u1eb7c tr\u01b0ng c\u1ee7a Arabica \u0111\u01b0\u1ee3c ti\u1ebft ch\u1ebf h\u00e0i h\u00f2a, thay th\u1ebf b\u1eb1ng s\u1ef1 \u0111\u1eadm \u0111\u00e0, d\u00e0y d\u1eb7n nh\u01b0ng v\u1eabn v\u00f4 c\u00f9ng thanh tho\u00e1t.<\/p>\n<p data-start=\"1465\" data-end=\"1631\"><img decoding=\"async\" class=\"aligncenter\" src=\"https:\/\/havamall.com\/wp-content\/uploads\/2026\/03\/What-Is-Honey-Processing-Coffee-Helena-Coffee-Vietnam-3.jpg\" alt=\"What Is Honey Processing Coffee? - Helena Coffee Vietnam\" width=\"800\" height=\"533\" \/><\/p>\n<p data-start=\"1465\" data-end=\"1631\">V\u1edbi h\u00e0m l\u01b0\u1ee3ng caffeine v\u1eeba ph\u1ea3i v\u00e0 \u1ed5n \u0111\u1ecbnh, d\u00f2ng c\u00e0 ph\u00ea n\u00e0y gi\u00fap tinh th\u1ea7n minh m\u1eabn, t\u0103ng kh\u1ea3 n\u0103ng s\u00e1ng t\u1ea1o m\u00e0 kh\u00f4ng g\u00e2y c\u1ea3m gi\u00e1c qu\u00e1 h\u1ed3i h\u1ed9p. \u0110\u1eb7c bi\u1ec7t, Arabica Catimor t\u1eeb v\u00f9ng cao c\u00f2n ch\u1ee9a nhi\u1ec1u axit chlorogenic v\u00e0 c\u00e1c h\u1ee3p ch\u1ea5t ch\u1ed1ng oxy h\u00f3a, h\u1ed7 tr\u1ee3 b\u1ea3o v\u1ec7 t\u1ebf b\u00e0o v\u00e0 c\u1ea3i thi\u1ec7n qu\u00e1 tr\u00ecnh trao \u0111\u1ed5i ch\u1ea5t.<\/p>\n<h2 data-section-id=\"170bpaf\" data-start=\"3005\" data-end=\"3037\">C\u00c1CH PHA C\u00c0 PH\u00ca T\u1eea H\u1ea0T NGUY\u00caN<\/h2>\n<p data-path-to-node=\"12\">\u2013 Pha Espresso m\u00e1y: \u0110\u00e2y l\u00e0 c\u00e1ch t\u1ed1t nh\u1ea5t \u0111\u1ec3 t\u1eadn h\u01b0\u1edfng l\u1edbp Crema m\u1ecbn m\u00e0ng v\u00e0 n\u1ed1t h\u01b0\u01a1ng h\u1ea1t ph\u1ec9 n\u01b0\u1edbng \u0111\u1eb7c tr\u01b0ng. T\u00e1ch Espresso t\u1eeb Arabica Sunset s\u1ebd c\u00f3 \u0111\u1ed9 \u0111\u1eadm \u0111\u00e0 tuy\u1ec7t v\u1eddi, r\u1ea5t th\u00edch h\u1ee3p \u0111\u1ec3 l\u00e0m n\u1ec1n cho c\u00e1c m\u00f3n Latte ho\u1eb7c Cappuccino cao c\u1ea5p.<\/p>\n<p data-path-to-node=\"12\">\u2013 Pha ch\u1ebf Syphon ho\u1eb7c Pour-over: V\u1edbi nh\u1eefng ai y\u00eau th\u00edch s\u1ef1 c\u1ea7u k\u1ef3, ph\u01b0\u01a1ng ph\u00e1p pha Syphon s\u1ebd l\u00e0m b\u1eadt l\u00ean h\u01b0\u01a1ng th\u01a1m n\u1ed3ng n\u00e0n v\u00e0 \u0111\u1ed9 trong tr\u1ebbo c\u1ee7a h\u1ea1t Arabica Catimor v\u00f9ng C\u1ea7u \u0110\u1ea5t.<\/p>\n<p data-path-to-node=\"12\">\u2013 M\u00f3n u\u1ed1ng s\u00e1ng t\u1ea1o &#8220;Orange Cold Brew&#8221;: Ng\u00e2m h\u1ea1t xay th\u00f4 trong n\u01b0\u1edbc l\u1ea1nh t\u1eeb 16\u201324 ti\u1ebfng, sau \u0111\u00f3 d\u00f9ng k\u00e8m m\u1ed9t l\u00e1t cam t\u01b0\u01a1i v\u00e0 tinh d\u1ea7u v\u1ecf cam. V\u1ecb thanh m\u00e1t c\u1ee7a cam s\u1ebd h\u00f2a quy\u1ec7n c\u00f9ng h\u01b0\u01a1ng Socola c\u1ee7a Arabica Sunset, t\u1ea1o n\u00ean m\u1ed9t th\u1ee9c u\u1ed1ng gi\u1ea3i nhi\u1ec7t \u0111\u1ea7y tinh t\u1ebf.<\/p>\n<p data-path-to-node=\"12\">\u2013 L\u01b0u \u00fd: \u0110\u1ec3 gi\u1eef tr\u1ecdn v\u1eb9n h\u01b0\u01a1ng v\u1ecb &#8220;Velvet&#8221;, h\u00e3y xay h\u1ea1t \u1edf m\u1ee9c \u0111\u1ed9 ph\u00f9 h\u1ee3p ngay tr\u01b0\u1edbc khi pha v\u00e0 s\u1eed d\u1ee5ng n\u01b0\u1edbc l\u1ecdc tinh khi\u1ebft \u1edf nhi\u1ec7t \u0111\u1ed9 kho\u1ea3ng 92\u201394\u00b0C.<\/p>\n<p data-path-to-node=\"12\"><img decoding=\"async\" class=\"aligncenter\" src=\"https:\/\/havamall.com\/wp-content\/uploads\/2026\/03\/pexels-photo-30714539.jpegcssrgbampdlpexels-pealdesign-30714539.jpg\" alt=\"Refreshing Cold Brew Coffee with Orange and Cinnamon \u00b7 Free Stock Photo\" width=\"800\" height=\"1200\" \/><\/p>\n<p data-path-to-node=\"13\">S\u1ea3n ph\u1ea9m C\u00e0 Ph\u00ea Arabica Sunset Nguy\u00ean H\u1ea1t Gaia Cafe hi\u1ec7n \u0111ang \u0111\u01b0\u1ee3c ph\u00e2n ph\u1ed1i ch\u00ednh th\u1ee9c t\u1ea1i Havamall.<\/p>\n<\/div>","protected":false},"excerpt":{"rendered":"<p>TH\u00d4NG TIN S\u1ea2N PH\u1ea8M Th\u01b0\u01a1ng hi\u1ec7u Gaia Cafe Xu\u1ea5t x\u1ee9 C\u1ea7u \u0110\u1ea5t, L\u00e2m \u0110\u1ed3ng, Vi\u1ec7t Nam Th\u00e0nh ph\u1ea7n 100% Arabica<\/p>","protected":false},"featured_media":44501,"comment_status":"open","ping_status":"closed","template":"","meta":[],"product_brand":[],"product_cat":[677,135],"product_tag":[],"class_list":{"0":"post-44500","1":"product","2":"type-product","3":"status-publish","4":"has-post-thumbnail","6":"product_cat-cac-nuoc-khac","7":"product_cat-sua-do-uong","9":"first","10":"instock","11":"sale","12":"shipping-taxable","13":"purchasable","14":"product-type-simple"},"_links":{"self":[{"href":"https:\/\/havamall.vn\/en\/wp-json\/wp\/v2\/product\/44500"}],"collection":[{"href":"https:\/\/havamall.vn\/en\/wp-json\/wp\/v2\/product"}],"about":[{"href":"https:\/\/havamall.vn\/en\/wp-json\/wp\/v2\/types\/product"}],"replies":[{"embeddable":true,"href":"https:\/\/havamall.vn\/en\/wp-json\/wp\/v2\/comments?post=44500"}],"version-history":[{"count":0,"href":"https:\/\/havamall.vn\/en\/wp-json\/wp\/v2\/product\/44500\/revisions"}],"wp:featuredmedia":[{"embeddable":true,"href":"https:\/\/havamall.vn\/en\/wp-json\/wp\/v2\/media\/44501"}],"wp:attachment":[{"href":"https:\/\/havamall.vn\/en\/wp-json\/wp\/v2\/media?parent=44500"}],"wp:term":[{"taxonomy":"product_brand","embeddable":true,"href":"https:\/\/havamall.vn\/en\/wp-json\/wp\/v2\/product_brand?post=44500"},{"taxonomy":"product_cat","embeddable":true,"href":"https:\/\/havamall.vn\/en\/wp-json\/wp\/v2\/product_cat?post=44500"},{"taxonomy":"product_tag","embeddable":true,"href":"https:\/\/havamall.vn\/en\/wp-json\/wp\/v2\/product_tag?post=44500"}],"curies":[{"name":"wp","href":"https:\/\/api.w.org\/{rel}","templated":true}]}}