{"id":44486,"date":"2026-03-11T15:17:08","date_gmt":"2026-03-11T08:17:08","guid":{"rendered":"https:\/\/havamall.vn\/?post_type=product&#038;p=44486"},"modified":"2026-03-11T15:17:25","modified_gmt":"2026-03-11T08:17:25","slug":"ca-phe-espresso-5050-nguyen-hat-dang-diu-gaia-cafe-250g-espresso-5050-coffee-beans","status":"publish","type":"product","link":"https:\/\/havamall.vn\/en\/shop\/ca-phe-espresso-5050-nguyen-hat-dang-diu-gaia-cafe-250g-espresso-5050-coffee-beans\/","title":{"rendered":"C\u00e0 Ph\u00ea Espresso 50:50 Nguy\u00ean H\u1ea1t \u0110\u1eafng D\u1ecbu Gaia Cafe 250g \u2013 Espresso 50:50 Coffee Beans"},"content":{"rendered":"<h3 data-path-to-node=\"2\">TH\u00d4NG TIN S\u1ea2N PH\u1ea8M<\/h3>\n<div class=\"horizontal-scroll-wrapper\">\n<div class=\"table-block-component\">\n<div class=\"table-block has-export-button new-table-style is-at-scroll-start is-at-scroll-end\">\n<div class=\"table-content not-end-of-paragraph\" data-hveid=\"0\" data-ved=\"0CAAQ3ecQahgKEwjryMWinZSTAxUAAAAAHQAAAAAQ7gE\">\n<table data-path-to-node=\"1\">\n<tbody>\n<tr>\n<td><span data-path-to-node=\"1,1,0,0\">Th\u01b0\u01a1ng hi\u1ec7u<\/span><\/td>\n<td><span data-path-to-node=\"1,1,1,0\">Gaia Cafe<\/span><\/td>\n<\/tr>\n<tr>\n<td><span data-path-to-node=\"1,2,0,0\">Xu\u1ea5t x\u1ee9<\/span><\/td>\n<td><span data-path-to-node=\"1,2,1,0\">Di Linh &amp; C\u1ea7u \u0110\u1ea5t, L\u00e2m \u0110\u1ed3ng, Vi\u1ec7t Nam<\/span><\/td>\n<\/tr>\n<tr>\n<td><span data-path-to-node=\"1,3,0,0\">Th\u00e0nh ph\u1ea7n<\/span><\/td>\n<td><span data-path-to-node=\"1,3,1,0\">50% Arabica, 50% Robusta<\/span><\/td>\n<\/tr>\n<tr>\n<td><span data-path-to-node=\"1,4,0,0\">H\u1ea1n s\u1eed d\u1ee5ng<\/span><\/td>\n<td><span data-path-to-node=\"1,4,1,0\">12 th\u00e1ng k\u1ec3 t\u1eeb ng\u00e0y s\u1ea3n xu\u1ea5t<\/span><\/td>\n<\/tr>\n<tr>\n<td><span data-path-to-node=\"1,5,0,0\">B\u1ea3o qu\u1ea3n<\/span><\/td>\n<td><span data-path-to-node=\"1,5,1,0\">N\u01a1i kh\u00f4 r\u00e1o, tho\u00e1ng m\u00e1t, tr\u00e1nh \u00e1nh n\u1eafng tr\u1ef1c ti\u1ebfp<\/span><\/td>\n<\/tr>\n<tr>\n<td><span data-path-to-node=\"1,6,0,0\">Kh\u1ed1i l\u01b0\u1ee3ng<\/span><\/td>\n<td><span data-path-to-node=\"1,6,1,0\">250g<\/span><\/td>\n<\/tr>\n<\/tbody>\n<\/table>\n<p>Gaia Cafe kh\u1edfi ngu\u1ed3n t\u1eeb ni\u1ec1m \u0111am m\u00ea b\u1ea5t t\u1eadn v\u1edbi nh\u1eefng h\u1ea1t c\u00e0 ph\u00ea \u0111\u1eb7c s\u1ea3n c\u1ee7a v\u00f9ng cao nguy\u00ean L\u00e2m \u0110\u1ed3ng. \u0110\u1eb7t t\u00ean th\u01b0\u01a1ng hi\u1ec7u theo v\u1ecb th\u1ea7n \u0110\u1ea5t M\u1eb9, Gaia g\u1eedi g\u1eafm th\u00f4ng \u0111i\u1ec7p v\u1ec1 s\u1ef1 tr\u00e2n tr\u1ecdng nh\u1eefng gi\u00e1 tr\u1ecb nguy\u00ean b\u1ea3n v\u00e0 b\u1ec1n v\u1eefng. D\u00f2ng Espresso 50:50 \u0111\u01b0\u1ee3c ra \u0111\u1eddi t\u1eeb s\u1ef1 tuy\u1ec3n ch\u1ecdn kh\u1eaft khe t\u1ea1i c\u00e1c trang tr\u1ea1i c\u00f3 \u0111\u1ed9 cao tr\u00ean 1.000m. T\u1ea1i \u0111\u00e2y, kh\u00ed h\u1eadu v\u00e0 th\u1ed5 nh\u01b0\u1ee1ng \u0111\u1eb7c th\u00f9 c\u1ee7a v\u00f9ng Di Linh v\u00e0 C\u1ea7u \u0110\u1ea5t \u0111\u00e3 t\u1ea1o n\u00ean nh\u1eefng h\u1ea1t c\u00e0 ph\u00ea c\u00f3 ph\u1ea9m ch\u1ea5t v\u01b0\u1ee3t tr\u1ed9i. Gaia Cafe kh\u00f4ng ch\u1ec9 b\u00e1n c\u00e0 ph\u00ea, h\u1ecd k\u1ec3 c\u00e2u chuy\u1ec7n v\u1ec1 s\u1ef1 t\u1eadn t\u00e2m c\u1ee7a ng\u01b0\u1eddi n\u00f4ng d\u00e2n v\u00e0 k\u1ef9 thu\u1eadt rang xay hi\u1ec7n \u0111\u1ea1i nh\u1eb1m \u0111\u00e1nh th\u1ee9c m\u1ecdi gi\u00e1c quan c\u1ee7a ng\u01b0\u1eddi th\u01b0\u1edfng th\u1ee9c.<\/p>\n<p><img fetchpriority=\"high\" decoding=\"async\" class=\"aligncenter\" src=\"https:\/\/havamall.com\/wp-content\/uploads\/2026\/03\/trai-ca-phe-cao-nguyen-lam-dong-chin-mong.jpg\" alt=\"Quy tr\u00ecnh s\u1ea3n xu\u1ea5t c\u00e0 ph\u00ea ngon | C\u00e0 Ph\u00ea Voi \u0110\u1ecf \u2013 Nh\u00e0 rang c\u00e0 ph\u00ea m\u1ed9c t\u1ea1i \u0110\u00e0  L\u1ea1t\" width=\"801\" height=\"1068\" \/><\/p>\n<p data-path-to-node=\"7\">S\u1ef1 kh\u00e1c bi\u1ec7t l\u1edbn nh\u1ea5t c\u1ee7a d\u00f2ng Espresso 50:50 n\u1eb1m \u1edf t\u00ednh ch\u1ea5t &#8220;Full-Bodied&#8221; (th\u1ec3 ch\u1ea5t \u0111\u1ea7y \u0111\u1eb7n) k\u1ebft h\u1ee3p c\u00f9ng h\u01b0\u01a1ng v\u1ecb \u0111a t\u1ea7ng. Vi\u1ec7c s\u1eed d\u1ee5ng ph\u01b0\u01a1ng ph\u00e1p s\u01a1 ch\u1ebf Honey (s\u01a1 ch\u1ebf m\u1eadt ong) \u0111\u00e3 gi\u00fap c\u00e1c h\u1ea1t c\u00e0 ph\u00ea gi\u1eef l\u1ea1i \u0111\u01b0\u1ee3c l\u1edbp \u0111\u01b0\u1eddng t\u1ef1 nhi\u00ean bao quanh nh\u00e2n h\u1ea1t. Qu\u00e1 tr\u00ecnh n\u00e0y t\u1ea1o n\u00ean m\u1ed9t \u0111\u1ed9 ng\u1ecdt h\u1eadu r\u00f5 n\u00e9t, gi\u1ea3m b\u1edbt s\u1ef1 g\u1eaft n\u1ed3ng v\u00e0 thay v\u00e0o \u0111\u00f3 l\u00e0 s\u1ef1 m\u01b0\u1ee3t m\u00e0 kh\u00f3 c\u01b0\u1ee1ng.<\/p>\n<p data-path-to-node=\"7\"><img decoding=\"async\" class=\"aligncenter\" src=\"https:\/\/havamall.com\/wp-content\/uploads\/2026\/03\/What-Is-Honey-Processing-Coffee-Helena-Coffee-Vietnam-3.jpg\" alt=\"What Is Honey Processing Coffee? - Helena Coffee Vietnam\" width=\"800\" height=\"533\" \/><\/p>\n<p data-path-to-node=\"8\">V\u1edbi m\u1ee9c rang V\u1eeba (Medium Roast), Gaia Cafe \u0111\u00e3 kh\u00e9o l\u00e9o gi\u1eef l\u1ea1i \u0111\u01b0\u1ee3c nh\u1eefng h\u01b0\u01a1ng v\u1ecb \u0111\u1eb7c tr\u01b0ng nh\u1ea5t c\u1ee7a c\u1ea3 hai d\u00f2ng h\u1ea1t:<\/p>\n<p data-path-to-node=\"8\">\u2013 V\u1ecb \u0111\u1eafng d\u1ecbu nh\u1eb9 nh\u00e0ng: Kh\u00f4ng qu\u00e1 g\u1eaft nh\u01b0 c\u00e1c d\u00f2ng rang \u0111\u1eadm, Espresso 50:50 mang l\u1ea1i c\u1ea3m gi\u00e1c d\u1ec5 ch\u1ecbu, ph\u00f9 h\u1ee3p cho c\u1ea3 nh\u1eefng ng\u01b0\u1eddi m\u1edbi b\u1eaft \u0111\u1ea7u th\u01b0\u1edfng th\u1ee9c Espresso.<\/p>\n<p data-path-to-node=\"8\">\u2013 H\u01b0\u01a1ng Socola s\u1eefa v\u00e0 Tr\u00e0 \u0111en: \u0110\u00e2y l\u00e0 n\u00e9t ch\u1ea5m ph\u00e1 \u0111\u1ed9c \u0111\u00e1o trong t\u1ea7ng h\u01b0\u01a1ng c\u1ee7a s\u1ea3n ph\u1ea9m. Ng\u01b0\u1eddi d\u00f9ng s\u1ebd c\u1ea3m nh\u1eadn \u0111\u01b0\u1ee3c h\u01b0\u01a1ng th\u01a1m b\u00e9o ng\u1eady c\u1ee7a Socola s\u1eefa \u0111an xen v\u1edbi n\u1ed1t h\u01b0\u01a1ng thanh khi\u1ebft, sang tr\u1ecdng c\u1ee7a tr\u00e0 \u0111en.<\/p>\n<p data-path-to-node=\"8\">\u2013 \u0110\u1ed9 chua nh\u1eb9 tinh t\u1ebf: Nh\u1edd 50% th\u00e0nh ph\u1ea7n Arabica, t\u00e1ch c\u00e0 ph\u00ea c\u00f3 \u0111\u1ed9 chua thanh tho\u00e1t, gi\u00fap c\u00e2n b\u1eb1ng l\u1ea1i v\u1ecb \u0111\u1eafng v\u00e0 l\u00e0m cho tr\u1ea3i nghi\u1ec7m v\u1ecb gi\u00e1c tr\u1edf n\u00ean phong ph\u00fa h\u01a1n.<\/p>\n<p data-path-to-node=\"8\"><img decoding=\"async\" class=\"aligncenter\" src=\"https:\/\/havamall.com\/wp-content\/uploads\/2026\/03\/coffee-roast-levels-comparison-showing-light-medium-and-dark-roast-beans.png\" alt=\"Coffee Roast Levels: Light vs Medium vs Dark Roast Guide \u2013 The Blind Coffee  Roaster\" width=\"800\" height=\"533\" \/><\/p>\n<p data-path-to-node=\"9\"><span style=\"font-size: 14pt\"><strong>C\u00d4NG D\u1ee4NG V\u00c0 GI\u00c1 TR\u1eca DINH D\u01af\u1ee0NG<\/strong><\/span><\/p>\n<p data-path-to-node=\"10\">M\u1ed9t t\u00e1ch Espresso 50:50 m\u1ed7i s\u00e1ng l\u00e0 ngu\u1ed3n n\u0103ng l\u01b0\u1ee3ng tuy\u1ec7t v\u1eddi gi\u00fap c\u1ea3i thi\u1ec7n kh\u1ea3 n\u0103ng t\u1eadp trung v\u00e0 hi\u1ec7u su\u1ea5t l\u00e0m vi\u1ec7c. H\u00e0m l\u01b0\u1ee3ng caffeine v\u1eeba ph\u1ea3i t\u1eeb s\u1ef1 k\u1ebft h\u1ee3p c\u1ee7a Robusta v\u00e0 Arabica gi\u00fap c\u01a1 th\u1ec3 t\u1ec9nh t\u00e1o m\u00e0 kh\u00f4ng g\u00e2y c\u1ea3m gi\u00e1c qu\u00e1 h\u1ed3i h\u1ed9p. Ngo\u00e0i ra, c\u00e0 ph\u00ea nguy\u00ean ch\u1ea5t c\u00f2n ch\u1ee9a c\u00e1c h\u1ee3p ch\u1ea5t polyphenol \u2013 ch\u1ea5t ch\u1ed1ng oxy h\u00f3a t\u1ef1 nhi\u00ean gi\u00fap b\u1ea3o v\u1ec7 tim m\u1ea1ch v\u00e0 t\u0103ng c\u01b0\u1eddng h\u1ec7 mi\u1ec5n d\u1ecbch. Th\u01b0\u1edfng th\u1ee9c c\u00e0 ph\u00ea s\u1ea1ch, kh\u00f4ng t\u1ea1p ch\u1ea5t ch\u00ednh l\u00e0 c\u00e1ch b\u1ea3o v\u1ec7 s\u1ee9c kh\u1ecfe b\u1ec1n v\u1eefng nh\u1ea5t.<\/p>\n<p data-path-to-node=\"10\"><img loading=\"lazy\" decoding=\"async\" class=\"aligncenter  wp-image-45071\" src=\"https:\/\/havamall.com\/wp-content\/uploads\/2026\/03\/ca-phe-robusta-la-gi-cptpn.jpg\" alt=\"\" width=\"800\" height=\"432\" \/><\/p>\n<p data-path-to-node=\"11\"><span style=\"font-size: 14pt\"><strong>H\u01af\u1edaNG D\u1eaaN S\u1eec D\u1ee4NG V\u00c0 CH\u1ebe BI\u1ebeN<\/strong><\/span><\/p>\n<p data-path-to-node=\"13\">\u2013 Pha Espresso m\u00e1y: \u0110\u00e2y l\u00e0 ph\u01b0\u01a1ng ph\u00e1p t\u1ed1i \u01b0u \u0111\u1ec3 khai th\u00e1c l\u1edbp Crema d\u00e0y v\u00e0 h\u01b0\u01a1ng Socola s\u1eefa \u0111\u1eb7c tr\u01b0ng. M\u1ed9t t\u00e1ch Espresso ti\u00eau chu\u1ea9n s\u1ebd l\u00e0 n\u1ec1n t\u1ea3ng ho\u00e0n h\u1ea3o \u0111\u1ec3 pha ch\u1ebf c\u00e1c d\u00f2ng Cappuccino hay Latte nh\u1edd s\u1ef1 h\u00f2a quy\u1ec7n tuy\u1ec7t v\u1eddi v\u1edbi s\u1eefa t\u01b0\u01a1i.<\/p>\n<p data-path-to-node=\"13\">\u2013 Pha ch\u1ebf m\u00f3n &#8220;Phile d&#8217;Orange&#8221; (C\u00e0 ph\u00ea cam): V\u1edbi \u0111\u1ed9 chua nh\u1eb9 v\u00e0 h\u01b0\u01a1ng tr\u00e0 \u0111en s\u1eb5n c\u00f3, Espresso 50:50 r\u1ea5t ph\u00f9 h\u1ee3p khi k\u1ebft h\u1ee3p c\u00f9ng n\u01b0\u1edbc cam t\u01b0\u01a1i v\u00e0 \u0111\u00e1 vi\u00ean. V\u1ecb thanh m\u00e1t c\u1ee7a cam h\u00f2a c\u00f9ng v\u1ecb \u0111\u1eafng d\u1ecbu c\u1ee7a c\u00e0 ph\u00ea t\u1ea1o n\u00ean m\u1ed9t th\u1ee9c u\u1ed1ng gi\u1ea3i nhi\u1ec7t \u0111\u1ea7y phong c\u00e1ch.<\/p>\n<p data-path-to-node=\"13\">\u2013 L\u01b0u \u00fd: V\u00ec l\u00e0 c\u00e0 ph\u00ea nguy\u00ean h\u1ea1t, n\u00ean xay h\u1ea1t \u1edf \u0111\u1ed9 m\u1ecbn ph\u00f9 h\u1ee3p v\u1edbi t\u1eebng d\u1ee5ng c\u1ee5 pha \u0111\u1ec3 \u0111\u1ea3m b\u1ea3o chi\u1ebft xu\u1ea5t \u0111\u01b0\u1ee3c h\u01b0\u01a1ng v\u1ecb tr\u1ecdn v\u1eb9n nh\u1ea5t.<\/p>\n<p data-path-to-node=\"13\"><img loading=\"lazy\" decoding=\"async\" class=\"aligncenter\" src=\"https:\/\/havamall.com\/wp-content\/uploads\/2026\/03\/27.jpg\" alt=\"Top 5 Benefits of Homemade Iced Coffee and Nutrition Value\" width=\"802\" height=\"535\" \/><\/p>\n<p data-path-to-node=\"14\">S\u1ea3n ph\u1ea9m C\u00e0 Ph\u00ea Espresso 50:50 Nguy\u00ean H\u1ea1t Gaia Cafe hi\u1ec7n \u0111ang \u0111\u01b0\u1ee3c ph\u00e2n ph\u1ed1i ch\u00ednh th\u1ee9c t\u1ea1i Havamall.<\/p>\n<\/div>\n<\/div>\n<\/div>\n<\/div>","protected":false},"excerpt":{"rendered":"<p>TH\u00d4NG TIN S\u1ea2N PH\u1ea8M Th\u01b0\u01a1ng hi\u1ec7u Gaia Cafe Xu\u1ea5t x\u1ee9 Di Linh &amp; C\u1ea7u \u0110\u1ea5t, L\u00e2m \u0110\u1ed3ng, Vi\u1ec7t Nam Th\u00e0nh<\/p>","protected":false},"featured_media":44485,"comment_status":"open","ping_status":"closed","template":"","meta":[],"product_brand":[],"product_cat":[626],"product_tag":[],"class_list":{"0":"post-44486","1":"product","2":"type-product","3":"status-publish","4":"has-post-thumbnail","6":"product_cat-het-hang","8":"first","9":"instock","10":"sale","11":"shipping-taxable","12":"purchasable","13":"product-type-simple"},"_links":{"self":[{"href":"https:\/\/havamall.vn\/en\/wp-json\/wp\/v2\/product\/44486"}],"collection":[{"href":"https:\/\/havamall.vn\/en\/wp-json\/wp\/v2\/product"}],"about":[{"href":"https:\/\/havamall.vn\/en\/wp-json\/wp\/v2\/types\/product"}],"replies":[{"embeddable":true,"href":"https:\/\/havamall.vn\/en\/wp-json\/wp\/v2\/comments?post=44486"}],"version-history":[{"count":0,"href":"https:\/\/havamall.vn\/en\/wp-json\/wp\/v2\/product\/44486\/revisions"}],"wp:featuredmedia":[{"embeddable":true,"href":"https:\/\/havamall.vn\/en\/wp-json\/wp\/v2\/media\/44485"}],"wp:attachment":[{"href":"https:\/\/havamall.vn\/en\/wp-json\/wp\/v2\/media?parent=44486"}],"wp:term":[{"taxonomy":"product_brand","embeddable":true,"href":"https:\/\/havamall.vn\/en\/wp-json\/wp\/v2\/product_brand?post=44486"},{"taxonomy":"product_cat","embeddable":true,"href":"https:\/\/havamall.vn\/en\/wp-json\/wp\/v2\/product_cat?post=44486"},{"taxonomy":"product_tag","embeddable":true,"href":"https:\/\/havamall.vn\/en\/wp-json\/wp\/v2\/product_tag?post=44486"}],"curies":[{"name":"wp","href":"https:\/\/api.w.org\/{rel}","templated":true}]}}