{"id":44481,"date":"2026-03-10T16:44:40","date_gmt":"2026-03-10T09:44:40","guid":{"rendered":"https:\/\/havamall.vn\/?post_type=product&#038;p=44481"},"modified":"2026-03-10T16:44:40","modified_gmt":"2026-03-10T09:44:40","slug":"ca-phe-phin-giay-tien-loi-gaia-coffee-hop-10-goi-coffee-drip-bag","status":"publish","type":"product","link":"https:\/\/havamall.vn\/en\/shop\/ca-phe-phin-giay-tien-loi-gaia-coffee-hop-10-goi-coffee-drip-bag\/","title":{"rendered":"C\u00e0 Ph\u00ea Phin Gi\u1ea5y Ti\u1ec7n L\u1ee3i Gaia Coffee H\u1ed9p 10 G\u00f3i \u2013 Coffee Drip Bag"},"content":{"rendered":"<h3 data-path-to-node=\"2\">TH\u00d4NG TIN S\u1ea2N PH\u1ea8M<\/h3>\n<div class=\"horizontal-scroll-wrapper\">\n<div class=\"table-block-component\">\n<div class=\"table-block has-export-button new-table-style is-at-scroll-start is-at-scroll-end\">\n<div class=\"table-content not-end-of-paragraph\" data-hveid=\"0\" data-ved=\"0CAAQ3ecQahgKEwjryMWinZSTAxUAAAAAHQAAAAAQ7gE\">\n<table style=\"width: 50.8537%;height: 148px\" data-path-to-node=\"1\">\n<tbody>\n<tr>\n<td><span data-path-to-node=\"1,1,0,0\">Th\u01b0\u01a1ng hi\u1ec7u<\/span><\/td>\n<td><span data-path-to-node=\"1,1,1,0\">Gaia Coffee<\/span><\/td>\n<\/tr>\n<tr>\n<td><span data-path-to-node=\"1,2,0,0\">Xu\u1ea5t x\u1ee9<\/span><\/td>\n<td><span data-path-to-node=\"1,2,1,0\">L\u00e2m \u0110\u1ed3ng, Vi\u1ec7t Nam<\/span><\/td>\n<\/tr>\n<tr>\n<td><span data-path-to-node=\"1,3,0,0\">Th\u00e0nh ph\u1ea7n<\/span><\/td>\n<td><span data-path-to-node=\"1,3,1,0\">80% Robusta, 20% Arabica<\/span><\/td>\n<\/tr>\n<tr>\n<td><span data-path-to-node=\"1,4,0,0\">H\u1ea1n s\u1eed d\u1ee5ng<\/span><\/td>\n<td><span data-path-to-node=\"1,4,1,0\">12 th\u00e1ng k\u1ec3 t\u1eeb ng\u00e0y s\u1ea3n xu\u1ea5t<\/span><\/td>\n<\/tr>\n<tr>\n<td><span data-path-to-node=\"1,5,0,0\">B\u1ea3o qu\u1ea3n<\/span><\/td>\n<td><span data-path-to-node=\"1,5,1,0\">B\u1ea3o qu\u1ea3n n\u01a1i kh\u00f4 r\u00e1o, tr\u00e1nh \u00e1nh n\u1eafng v\u00e0 nhi\u1ec7t \u0111\u1ed9 cao<\/span><\/td>\n<\/tr>\n<tr>\n<td><span data-path-to-node=\"1,6,0,0\">Quy c\u00e1ch<\/span><\/td>\n<td><span data-path-to-node=\"1,6,1,0\">H\u1ed9p 10 g\u00f3i (17g\/g\u00f3i)<\/span><\/td>\n<\/tr>\n<\/tbody>\n<\/table>\n<p data-path-to-node=\"5\"><strong>Gaia Coffee<\/strong>\u00a0x\u00e2y d\u1ef1ng gi\u00e1 tr\u1ecb th\u01b0\u01a1ng hi\u1ec7u d\u1ef1a tr\u00ean s\u1ef1 k\u1ebft n\u1ed1i b\u1ec1n ch\u1eb7t v\u1edbi v\u00f9ng \u0111\u1ea5t cao nguy\u00ean L\u00e2m \u0110\u1ed3ng tr\u00f9 ph\u00fa. T\u00ean g\u1ecdi Gaia g\u1ee3i nh\u1eafc v\u1ec1 s\u1ef1 tr\u00e2n tr\u1ecdng ngu\u1ed3n c\u1ed9i v\u00e0 m\u1eb9 thi\u00ean nhi\u00ean, n\u01a1i nh\u1eefng h\u1ea1t c\u00e0 ph\u00ea \u0111\u01b0\u1ee3c nu\u00f4i d\u01b0\u1ee1ng trong \u0111i\u1ec1u ki\u1ec7n l\u00fd t\u01b0\u1edfng. D\u00f2ng c\u00e0 ph\u00ea phin gi\u1ea5y c\u1ee7a h\u00e3ng kh\u00f4ng ch\u1ec9 l\u00e0 m\u1ed9t s\u1ea3n ph\u1ea9m th\u01b0\u01a1ng m\u1ea1i m\u00e0 c\u00f2n ch\u1ee9a \u0111\u1ef1ng t\u00e2m huy\u1ebft c\u1ee7a nh\u1eefng ng\u01b0\u1eddi l\u00e0m ngh\u1ec1, mong mu\u1ed1n \u0111\u01b0a h\u1ea1t c\u00e0 ph\u00ea Vi\u1ec7t Nam v\u01b0\u01a1n xa th\u00f4ng qua nh\u1eefng \u0111\u1ecbnh d\u1ea1ng hi\u1ec7n \u0111\u1ea1i, ph\u00f9 h\u1ee3p v\u1edbi xu h\u01b0\u1edbng ti\u00eau d\u00f9ng to\u00e0n c\u1ea7u nh\u01b0ng v\u1eabn gi\u1eef tr\u1ecdn linh h\u1ed3n c\u1ee7a h\u1ea1t Robusta v\u00e0 Arabica b\u1ea3n \u0111\u1ecba.<\/p>\n<p data-path-to-node=\"5\"><img fetchpriority=\"high\" decoding=\"async\" class=\"aligncenter  wp-image-45055\" src=\"https:\/\/havamall.com\/wp-content\/uploads\/2026\/03\/Ca-Phe-Phin-Giay-Coffee-Paper-Drip-Bag.webp\" alt=\"\" width=\"801\" height=\"801\" \/><\/p>\n<p data-path-to-node=\"6\"><span style=\"font-size: 14pt\"><strong>\u0110\u1eb6C \u0110I\u1ec2M N\u1ed4I B\u1eacT V\u00c0 T\u00cdNH CH\u1ea4T S\u1ea2N PH\u1ea8M<\/strong><\/span><\/p>\n<p data-path-to-node=\"7\">S\u1eed d\u1ee5ng t\u1ef7 l\u1ec7 ph\u1ed1i tr\u1ed9n v\u00e0ng gi\u1eefa 80% h\u1ea1t Robusta v\u00e0 20% h\u1ea1t Arabica, t\u1ea1o n\u00ean m\u1ed9t c\u1ea5u tr\u00fac h\u01b0\u01a1ng v\u1ecb \u0111a t\u1ea7ng v\u00e0 c\u00e2n b\u1eb1ng. H\u1ea1t Robusta mang l\u1ea1i \u0111\u1ed9 \u0111\u1eadm \u0111\u00e0, m\u1ea1nh m\u1ebd \u0111\u1eb7c tr\u01b0ng c\u1ee7a c\u00e0 ph\u00ea Vi\u1ec7t, trong khi Arabica b\u1ed5 sung h\u01b0\u01a1ng th\u01a1m thanh tao v\u00e0 v\u1ecb chua nh\u1eb9 tinh t\u1ebf. To\u00e0n b\u1ed9 nguy\u00ean li\u1ec7u \u0111\u1ec1u tr\u1ea3i qua ph\u01b0\u01a1ng ph\u00e1p s\u01a1 ch\u1ebf Honey (s\u01a1 ch\u1ebf m\u1eadt ong) \u2013 m\u1ed9t k\u1ef9 thu\u1eadt gi\u00fap gi\u1eef l\u1ea1i l\u1edbp \u0111\u01b0\u1eddng t\u1ef1 nhi\u00ean tr\u00ean h\u1ea1t c\u00e0 ph\u00ea, t\u1ea1o ra h\u1eadu v\u1ecb ng\u1ecdt s\u00e2u v\u00e0 m\u00e0u s\u1eafc n\u01b0\u1edbc pha v\u00f4 c\u00f9ng b\u1eaft m\u1eaft.<\/p>\n<p data-path-to-node=\"7\"><img decoding=\"async\" class=\"aligncenter  wp-image-45056\" src=\"https:\/\/havamall.com\/wp-content\/uploads\/2026\/03\/480229280_1026201349539247_3211562787733752613_n.jpg\" alt=\"\" width=\"800\" height=\"800\" \/><\/p>\n<p data-path-to-node=\"8\">\u0110i\u1ec3m \u0111\u1eb7c bi\u1ec7t nh\u1ea5t c\u1ee7a d\u00f2ng phin gi\u1ea5y ch\u00ednh l\u00e0 kh\u1ea3 n\u0103ng &#8220;\u0111i\u1ec1u ch\u1ec9nh h\u01b0\u01a1ng v\u1ecb&#8221; theo th\u1eddi gian ng\u00e2m. Kh\u00e1c v\u1edbi c\u00e1ch pha truy\u1ec1n th\u1ed1ng kh\u00f3 ki\u1ec3m so\u00e1t t\u1ed1c \u0111\u1ed9 ch\u1ea3y, phin gi\u1ea5y c\u1ee7a Gaia \u0111\u01b0\u1ee3c thi\u1ebft k\u1ebf ti\u00eau chu\u1ea9n \u0111\u1ec3 ng\u01b0\u1eddi d\u00f9ng ch\u1ee7 \u0111\u1ed9ng quy\u1ebft \u0111\u1ecbnh \u0111\u1ed9 \u0111\u1eadm nh\u1ea1t c\u1ee7a t\u00e1ch c\u00e0 ph\u00ea d\u1ef1a tr\u00ean s\u1edf th\u00edch c\u00e1 nh\u00e2n. V\u1edbi m\u1ee9c rang \u0110\u1eadm, h\u1ea1t c\u00e0 ph\u00ea gi\u1ea3i ph\u00f3ng t\u1ed1i \u0111a c\u00e1c h\u1ee3p ch\u1ea5t th\u01a1m, t\u1ea1o n\u00ean m\u1ed9t th\u1ec3 ch\u1ea5t d\u00e0y d\u1eb7n (body d\u00e0y) v\u00e0 h\u01b0\u01a1ng Socola \u0111en l\u00f4i cu\u1ed1n.<\/p>\n<p data-path-to-node=\"8\"><img decoding=\"async\" class=\"aligncenter  wp-image-45057\" src=\"https:\/\/havamall.com\/wp-content\/uploads\/2026\/03\/632145710_17913237441332769_8321519766292889610_n.jpg\" alt=\"\" width=\"800\" height=\"1067\" \/><\/p>\n<p data-path-to-node=\"9\"><span style=\"font-size: 14pt\"><strong>C\u00d4NG D\u1ee4NG V\u00c0 GI\u00c1 TR\u1eca DINH D\u01af\u1ee0NG<\/strong><\/span><\/p>\n<p data-path-to-node=\"10\">S\u1eed d\u1ee5ng c\u00e0 ph\u00ea nguy\u00ean ch\u1ea5t m\u1ed7i ng\u00e0y gi\u00fap k\u00edch th\u00edch h\u1ec7 th\u1ea7n kinh trung \u01b0\u01a1ng, t\u0103ng c\u01b0\u1eddng kh\u1ea3 n\u0103ng t\u1eadp trung v\u00e0 c\u1ea3i thi\u1ec7n t\u00e2m tr\u1ea1ng hi\u1ec7u qu\u1ea3. Caffeine k\u1ebft h\u1ee3p v\u1edbi c\u00e1c ch\u1ea5t ch\u1ed1ng oxy h\u00f3a t\u1ef1 nhi\u00ean trong h\u1ea1t Robusta v\u00e0 Arabica h\u1ed7 tr\u1ee3 qu\u00e1 tr\u00ecnh \u0111\u1ed1t ch\u00e1y ch\u1ea5t b\u00e9o v\u00e0 b\u1ea3o v\u1ec7 c\u01a1 th\u1ec3 kh\u1ecfi c\u00e1c t\u00e1c nh\u00e2n g\u00e2y h\u1ea1i t\u1eeb m\u00f4i tr\u01b0\u1eddng. V\u00ec l\u00e0 s\u1ea3n ph\u1ea9m nguy\u00ean ch\u1ea5t 100%, kh\u00f4ng pha tr\u1ed9n t\u1ea1p ch\u1ea5t hay h\u01b0\u01a1ng li\u1ec7u nh\u00e2n t\u1ea1o, Coffee Drip Bag \u0111\u1ea3m b\u1ea3o an to\u00e0n cho s\u1ee9c kh\u1ecfe v\u00e0 gi\u1eef \u0111\u01b0\u1ee3c c\u00e1c tinh ch\u1ea5t qu\u00fd gi\u00e1 nh\u1ea5t c\u1ee7a h\u1ea1t c\u00e0 ph\u00ea.<\/p>\n<p data-path-to-node=\"10\"><img loading=\"lazy\" decoding=\"async\" class=\"aligncenter  wp-image-45058\" src=\"https:\/\/havamall.com\/wp-content\/uploads\/2026\/03\/dripbag.jpg\" alt=\"\" width=\"801\" height=\"534\" \/><\/p>\n<p data-path-to-node=\"11\"><strong><span style=\"font-size: 14pt\">H\u01af\u1edaNG D\u1eaaN S\u1eec D\u1ee4NG V\u00c0 PHONG C\u00c1CH TH\u01af\u1edeNG TH\u1ee8C<\/span><\/strong><\/p>\n<p data-path-to-node=\"12\"><em>Quy tr\u00ecnh pha ch\u1ebf v\u00f4 c\u00f9ng \u0111\u01a1n gi\u1ea3n v\u00e0 nhanh ch\u00f3ng, ch\u1ec9 m\u1ea5t ch\u01b0a \u0111\u1ea7y 5 ph\u00fat \u0111\u1ec3 c\u00f3 m\u1ed9t t\u00e1ch c\u00e0 ph\u00ea ho\u00e0n h\u1ea3o:<\/em><\/p>\n<p data-path-to-node=\"13\">\u2013 B\u01b0\u1edbc 1: X\u00e9 mi\u1ec7ng t\u00fai phin gi\u1ea5y theo \u0111\u01b0\u1eddng ch\u1ec9 d\u1eabn c\u00f3 s\u1eb5n tr\u00ean bao b\u00ec.<\/p>\n<p data-path-to-node=\"13\">\u2013 B\u01b0\u1edbc 2: L\u1eafc nh\u1eb9 \u0111\u1ec3 c\u00e0 ph\u00ea d\u00e0n \u0111\u1ec1u, sau \u0111\u00f3 m\u1edf hai quai b\u00ean th\u00e2n t\u00fai v\u00e0 m\u00f3c tr\u1ef1c ti\u1ebfp v\u00e0o th\u00e0nh ly.<\/p>\n<p data-path-to-node=\"13\">\u2013 B\u01b0\u1edbc 3: S\u1eed d\u1ee5ng kho\u1ea3ng 150ml \u2013 180ml n\u01b0\u1edbc s\u00f4i (nhi\u1ec7t \u0111\u1ed9 l\u00fd t\u01b0\u1edfng t\u1eeb 92 \u2013 96 \u0111\u1ed9 C). Ch\u00e2m m\u1ed9t \u00edt n\u01b0\u1edbc cho th\u1ea5m \u0111\u1ec1u m\u1eb7t c\u00e0 ph\u00ea \u0111\u1ec3 \u1ee7 trong 30 gi\u00e2y, sau \u0111\u00f3 t\u1eeb t\u1eeb r\u00f3t ph\u1ea7n n\u01b0\u1edbc c\u00f2n l\u1ea1i v\u00e0o t\u00fai l\u1ecdc.<\/p>\n<p data-path-to-node=\"14\"><em>T\u00f9y v\u00e0o th\u1eddi gian ng\u00e2m c\u00e0 ph\u00ea m\u00e0 h\u01b0\u01a1ng v\u1ecb s\u1ebd bi\u1ebfn \u0111\u1ed5i theo c\u00e1c phong c\u00e1ch kh\u00e1c nhau:<\/em><\/p>\n<p data-path-to-node=\"14\">\u2013 Sau 3 ph\u00fat: V\u1ecb r\u1ea5t nh\u1eb9, d\u1ecbu v\u00e0 h\u01a1i chua thanh, ph\u00f9 h\u1ee3p cho nh\u1eefng ai y\u00eau th\u00edch phong c\u00e1ch Americano nh\u1eb9 nh\u00e0ng kh\u1edfi \u0111\u1ea7u ng\u00e0y m\u1edbi.<\/p>\n<p data-path-to-node=\"14\">\u2013 Sau 5 ph\u00fat: V\u1ecb \u0111\u1eadm v\u1eeba ph\u1ea3i, h\u01a1i \u0111\u1eafng v\u00e0 b\u1eaft \u0111\u1ea7u xu\u1ea5t hi\u1ec7n h\u1eadu v\u1ecb ng\u1ecdt s\u00e2u, t\u01b0\u01a1ng t\u1ef1 nh\u01b0 phong c\u00e1ch Pour Over ho\u1eb7c Espresso.<\/p>\n<p data-path-to-node=\"14\">\u2013 Tr\u00ean 7 ph\u00fat: C\u00e0 ph\u00ea \u0111\u1ea1t \u0111\u1ed9 \u0111\u1eadm \u0111\u1eafng t\u1ed1i \u0111a, h\u1eadu v\u1ecb r\u1ea5t s\u00e2u, mang \u0111\u1eadm ch\u1ea5t c\u00e0 ph\u00ea truy\u1ec1n th\u1ed1ng Vi\u1ec7t Nam.<\/p>\n<p data-path-to-node=\"14\"><img loading=\"lazy\" decoding=\"async\" class=\"aligncenter  wp-image-45059\" src=\"https:\/\/havamall.com\/wp-content\/uploads\/2026\/03\/Nhung-cach-pha-ca-phe-tui-loc-pho-bien.jpg\" alt=\"\" width=\"800\" height=\"930\" \/><\/p>\n<p data-path-to-node=\"15\">\u0110\u1ed1i v\u1edbi nh\u1eefng ai y\u00eau th\u00edch s\u1ef1 ph\u00e1 c\u00e1ch, c\u00f3 th\u1ec3 th\u1eed nghi\u1ec7m m\u00f3n &#8220;Cold Brew phin gi\u1ea5y&#8221; b\u1eb1ng c\u00e1ch \u0111\u1eb7t phin v\u00e0o b\u00ecnh th\u1ee7y tinh, th\u00eam n\u01b0\u1edbc l\u1ea1nh v\u00e0 \u1ee7 trong ng\u0103n m\u00e1t t\u1ee7 l\u1ea1nh kho\u1ea3ng 12 ti\u1ebfng. K\u1ebft qu\u1ea3 s\u1ebd l\u00e0 m\u1ed9t lo\u1ea1i th\u1ee9c u\u1ed1ng thanh m\u00e1t, \u00edt \u0111\u1eafng v\u00e0 c\u1ef1c k\u1ef3 m\u01b0\u1ee3t m\u00e0.<\/p>\n<p data-path-to-node=\"16\">S\u1ea3n ph\u1ea9m C\u00e0 Ph\u00ea Phin Gi\u1ea5y Ti\u1ec7n L\u1ee3i Gaia Coffee hi\u1ec7n \u0111ang \u0111\u01b0\u1ee3c b\u00e1n t\u1ea1i Havamall, \u0111\u01a1n v\u1ecb chuy\u00ean nh\u1eadp kh\u1ea9u v\u00e0 ph\u00e2n ph\u1ed1i c\u00e1c d\u00f2ng s\u1ea3n ph\u1ea9m uy t\u00edn, cam k\u1ebft h\u00e0ng ch\u00ednh h\u00e3ng 100%.<\/p>\n<\/div>\n<\/div>\n<\/div>\n<\/div>","protected":false},"excerpt":{"rendered":"<p>TH\u00d4NG TIN S\u1ea2N PH\u1ea8M Th\u01b0\u01a1ng hi\u1ec7u Gaia Coffee Xu\u1ea5t x\u1ee9 L\u00e2m \u0110\u1ed3ng, Vi\u1ec7t Nam Th\u00e0nh ph\u1ea7n 80% Robusta, 20% Arabica<\/p>","protected":false},"featured_media":44482,"comment_status":"open","ping_status":"closed","template":"","meta":[],"product_brand":[],"product_cat":[626],"product_tag":[],"class_list":{"0":"post-44481","1":"product","2":"type-product","3":"status-publish","4":"has-post-thumbnail","6":"product_cat-het-hang","8":"first","9":"instock","10":"sale","11":"shipping-taxable","12":"purchasable","13":"product-type-simple"},"_links":{"self":[{"href":"https:\/\/havamall.vn\/en\/wp-json\/wp\/v2\/product\/44481"}],"collection":[{"href":"https:\/\/havamall.vn\/en\/wp-json\/wp\/v2\/product"}],"about":[{"href":"https:\/\/havamall.vn\/en\/wp-json\/wp\/v2\/types\/product"}],"replies":[{"embeddable":true,"href":"https:\/\/havamall.vn\/en\/wp-json\/wp\/v2\/comments?post=44481"}],"version-history":[{"count":0,"href":"https:\/\/havamall.vn\/en\/wp-json\/wp\/v2\/product\/44481\/revisions"}],"wp:featuredmedia":[{"embeddable":true,"href":"https:\/\/havamall.vn\/en\/wp-json\/wp\/v2\/media\/44482"}],"wp:attachment":[{"href":"https:\/\/havamall.vn\/en\/wp-json\/wp\/v2\/media?parent=44481"}],"wp:term":[{"taxonomy":"product_brand","embeddable":true,"href":"https:\/\/havamall.vn\/en\/wp-json\/wp\/v2\/product_brand?post=44481"},{"taxonomy":"product_cat","embeddable":true,"href":"https:\/\/havamall.vn\/en\/wp-json\/wp\/v2\/product_cat?post=44481"},{"taxonomy":"product_tag","embeddable":true,"href":"https:\/\/havamall.vn\/en\/wp-json\/wp\/v2\/product_tag?post=44481"}],"curies":[{"name":"wp","href":"https:\/\/api.w.org\/{rel}","templated":true}]}}