{"id":44476,"date":"2026-03-10T15:40:15","date_gmt":"2026-03-10T08:40:15","guid":{"rendered":"https:\/\/havamall.vn\/?post_type=product&#038;p=44476"},"modified":"2026-03-10T15:40:16","modified_gmt":"2026-03-10T08:40:16","slug":"ca-phe-italiano-espresso-nguyen-hat-dam-dang-vua-gaia-cafe-250g-italiano-espresso-coffee-beans","status":"publish","type":"product","link":"https:\/\/havamall.vn\/en\/shop\/ca-phe-italiano-espresso-nguyen-hat-dam-dang-vua-gaia-cafe-250g-italiano-espresso-coffee-beans\/","title":{"rendered":"C\u00e0 Ph\u00ea Italiano Espresso Nguy\u00ean H\u1ea1t \u0110\u1eadm \u0110\u1eafng V\u1eeba Gaia Cafe 250g \u2013 Italiano Espresso Coffee Beans"},"content":{"rendered":"<h3 data-path-to-node=\"2\">TH\u00d4NG TIN S\u1ea2N PH\u1ea8M<\/h3>\n<div class=\"horizontal-scroll-wrapper\">\n<div class=\"table-block-component\">\n<div class=\"table-block has-export-button new-table-style is-at-scroll-start is-at-scroll-end\">\n<div class=\"table-content not-end-of-paragraph\" data-hveid=\"0\" data-ved=\"0CAAQ3ecQahgKEwjryMWinZSTAxUAAAAAHQAAAAAQ7gE\">\n<table data-path-to-node=\"1\">\n<tbody>\n<tr>\n<td><span data-path-to-node=\"1,1,0,0\">Th\u01b0\u01a1ng hi\u1ec7u<\/span><\/td>\n<td><span data-path-to-node=\"1,1,1,0\">Gaia Cafe<\/span><\/td>\n<\/tr>\n<tr>\n<td><span data-path-to-node=\"1,2,0,0\">Xu\u1ea5t x\u1ee9<\/span><\/td>\n<td><span data-path-to-node=\"1,2,1,0\">Di Linh &amp; C\u1ea7u \u0110\u1ea5t, L\u00e2m \u0110\u1ed3ng, Vi\u1ec7t Nam<\/span><\/td>\n<\/tr>\n<tr>\n<td><span data-path-to-node=\"1,3,0,0\">Th\u00e0nh ph\u1ea7n<\/span><\/td>\n<td><span data-path-to-node=\"1,3,1,0\">80% Robusta, 20% Arabica<\/span><\/td>\n<\/tr>\n<tr>\n<td><span data-path-to-node=\"1,4,0,0\">H\u1ea1n s\u1eed d\u1ee5ng<\/span><\/td>\n<td><span data-path-to-node=\"1,4,1,0\">12 th\u00e1ng k\u1ec3 t\u1eeb ng\u00e0y s\u1ea3n xu\u1ea5t<\/span><\/td>\n<\/tr>\n<tr>\n<td><span data-path-to-node=\"1,5,0,0\">B\u1ea3o qu\u1ea3n<\/span><\/td>\n<td><span data-path-to-node=\"1,5,1,0\">N\u01a1i kh\u00f4 r\u00e1o, tho\u00e1ng m\u00e1t, tr\u00e1nh \u00e1nh n\u1eafng tr\u1ef1c ti\u1ebfp v\u00e0 n\u01a1i c\u00f3 m\u00f9i m\u1ea1nh<\/span><\/td>\n<\/tr>\n<tr>\n<td><span data-path-to-node=\"1,6,0,0\">Kh\u1ed1i l\u01b0\u1ee3ng<\/span><\/td>\n<td><span data-path-to-node=\"1,6,1,0\">250g<\/span><\/td>\n<\/tr>\n<\/tbody>\n<\/table>\n<p>C\u00e1i t\u00ean\u00a0<strong>Gaia<\/strong>\u00a0b\u1eaft ngu\u1ed3n t\u1eeb v\u1ecb th\u1ea7n Hy L\u1ea1p \u0111\u1ea1i di\u1ec7n cho \u0111\u1ea5t m\u1eb9, minh ch\u1ee9ng cho s\u1ef1 t\u00f4n tr\u1ecdng tuy\u1ec7t \u0111\u1ed1i c\u1ee7a th\u01b0\u01a1ng hi\u1ec7u \u0111\u1ed1i v\u1edbi th\u1ed5 nh\u01b0\u1ee1ng v\u00e0 h\u1ec7 sinh th\u00e1i c\u00e0 ph\u00ea.\u00a0<strong>Italiano Espresso<\/strong>\u00a0kh\u00f4ng \u0111\u01a1n thu\u1ea7n l\u00e0 m\u1ed9t s\u1ea3n ph\u1ea9m, m\u00e0 l\u00e0 th\u00e0nh qu\u1ea3 t\u1eeb s\u1ef1 k\u1ebft h\u1ee3p tinh t\u1ebf gi\u1eefa hai v\u00f9ng nguy\u00ean li\u1ec7u danh ti\u1ebfng:\u00a0<strong>Di Linh v\u00e0 C\u1ea7u \u0110\u1ea5t (L\u00e2m \u0110\u1ed3ng)<\/strong>. \u1ede \u0111\u1ed9 cao trung b\u00ecnh 1.000m so v\u1edbi m\u1ef1c n\u01b0\u1edbc bi\u1ec3n, kh\u00ed h\u1eadu m\u00e1t m\u1ebb quanh n\u0103m c\u00f9ng c\u1ea5u tr\u00fac \u0111\u1ea5t \u0111\u1ecf bazan tr\u00f9 ph\u00fa \u0111\u00e3 nu\u00f4i d\u01b0\u1ee1ng n\u00ean nh\u1eefng h\u1ea1t c\u00e0 ph\u00ea c\u00f3 h\u00e0m l\u01b0\u1ee3ng kho\u00e1ng ch\u1ea5t v\u00e0 h\u01b0\u01a1ng v\u1ecb \u0111\u1eb7c tr\u01b0ng nh\u1ea5t.<\/p>\n<p><img fetchpriority=\"high\" decoding=\"async\" class=\"aligncenter  wp-image-45044\" src=\"https:\/\/havamall.com\/wp-content\/uploads\/2026\/03\/Ditta-Artigianale-Florence-Italy-30.jpg\" alt=\"\" width=\"801\" height=\"535\" \/><\/p>\n<p><strong>Phong c\u00e1ch Italiano Espresso<\/strong>\u00a0nh\u1ea5n m\u1ea1nh v\u00e0o s\u1ef1 c\u00e2n b\u1eb1ng, \u0111\u1ed9 d\u00e0y c\u1ee7a l\u1edbp Crema v\u00e0 h\u1eadu v\u1ecb k\u00e9o d\u00e0i. \u0110\u1ec3 \u0111\u1ea1t \u0111\u01b0\u1ee3c \u0111i\u1ec1u n\u00e0y, Gaia Cafe \u00e1p d\u1ee5ng\u00a0<strong>ph\u01b0\u01a1ng ph\u00e1p s\u01a1 ch\u1ebf Honey<\/strong>\u00a0(s\u01a1 ch\u1ebf m\u1eadt ong). \u0110\u00e2y l\u00e0 k\u1ef9 thu\u1eadt \u0111\u00f2i h\u1ecfi s\u1ef1 t\u1ec9 m\u1ec9 khi ch\u1ec9 lo\u1ea1i b\u1ecf l\u1edbp v\u1ecf ngo\u00e0i, gi\u1eef l\u1ea1i m\u1ed9t ph\u1ea7n ch\u1ea5t nh\u1ea7y ch\u1ee9a \u0111\u01b0\u1eddng t\u1ef1 nhi\u00ean c\u1ee7a tr\u00e1i ch\u00edn \u0111\u1ec3 ph\u01a1i kh\u00f4. Qu\u00e1 tr\u00ecnh n\u00e0y gi\u00fap h\u1ea1t c\u00e0 ph\u00ea h\u1ea5p th\u1ee5 \u0111\u1ed9 ng\u1ecdt s\u00e2u, t\u1ea1o ra m\u00e0u s\u1eafc h\u1ed5 ph\u00e1ch \u0111\u1eb9p m\u1eaft v\u00e0 h\u01b0\u01a1ng th\u01a1m n\u1ed3ng n\u00e0n h\u01a1n so v\u1edbi ph\u01b0\u01a1ng ph\u00e1p ch\u1ebf bi\u1ebfn kh\u00f4 th\u00f4ng th\u01b0\u1eddng.<\/p>\n<p><img decoding=\"async\" class=\"aligncenter  wp-image-45047\" src=\"https:\/\/havamall.com\/wp-content\/uploads\/2026\/03\/1200x800.jpg\" alt=\"\" width=\"800\" height=\"533\" \/><\/p>\n<p data-path-to-node=\"8\">D\u00f2ng s\u1ea3n ph\u1ea9m s\u1edf h\u1eefu t\u1ef7 l\u1ec7 ph\u1ed1i tr\u1ed9n v\u00e0ng 80% Robusta v\u00e0 20% Arabica. N\u1ebfu Robusta t\u1eeb Di Linh \u0111em l\u1ea1i s\u1ef1 m\u1ea1nh m\u1ebd, \u0111\u1eadm \u0111\u00e0 v\u1edbi h\u00e0m l\u01b0\u1ee3ng caffeine cao gi\u00fap tinh th\u1ea7n t\u1ec9nh t\u00e1o t\u1ee9c th\u00ec, th\u00ec Arabica t\u1eeb &#8220;th\u1ee7 ph\u1ee7&#8221; C\u1ea7u \u0110\u1ea5t l\u1ea1i \u0111\u00f3ng vai tr\u00f2 nh\u01b0 m\u1ed9t n\u00e9t v\u1ebd thanh tho\u00e1t, b\u1ed5 sung h\u01b0\u01a1ng th\u01a1m quy\u1ebfn r\u0169 v\u00e0 v\u1ecb chua nh\u1eb9 tinh t\u1ebf. V\u1edbi m\u1ee9c rang \u0110\u1eadm (Dark Roast), c\u00e1c chuy\u00ean gia rang xay t\u1ea1i Gaia \u0111\u00e3 kh\u00e9o l\u00e9o \u0111\u1ea9y c\u00e1c ph\u1ea3n \u1ee9ng h\u00f3a h\u1ecdc trong h\u1ea1t c\u00e0 ph\u00ea \u0111\u1ebfn \u0111i\u1ec3m t\u1ed1i \u01b0u, gi\u1ea3i ph\u00f3ng ho\u00e0n to\u00e0n h\u01b0\u01a1ng Socola \u0111en \u0111\u1eafng nh\u1eb9 v\u00e0 v\u1ecb ng\u1ecdt b\u00f9i t\u1ef1 nhi\u00ean, t\u1ea1o n\u00ean m\u1ed9t c\u1ea5u tr\u00fac Body (th\u1ec3 ch\u1ea5t) d\u00e0y d\u1eb7n, m\u01b0\u1ee3t m\u00e0 tr\u00ean v\u00f2m mi\u1ec7ng.<\/p>\n<p data-path-to-node=\"9\"><img decoding=\"async\" class=\"aligncenter  wp-image-45045\" src=\"https:\/\/havamall.com\/wp-content\/uploads\/2026\/03\/1200x800-2.jpg\" alt=\"\" width=\"800\" height=\"664\" \/><\/p>\n<p data-path-to-node=\"10\">B\u00ean c\u1ea1nh kh\u1ea3 n\u0103ng kh\u01a1i g\u1ee3i s\u1ef1 s\u00e1ng t\u1ea1o v\u00e0 t\u1eadp trung, c\u00e0 ph\u00ea nguy\u00ean ch\u1ea5t c\u00f2n l\u00e0 ngu\u1ed3n cung c\u1ea5p d\u1ed3i d\u00e0o c\u00e1c ch\u1ea5t ch\u1ed1ng oxy h\u00f3a nh\u01b0 axit chlorogenic, gi\u00fap b\u1ea3o v\u1ec7 t\u1ebf b\u00e0o kh\u1ecfi t\u00e1c \u0111\u1ed9ng c\u1ee7a c\u00e1c g\u1ed1c t\u1ef1 do. Th\u01b0\u1edfng th\u1ee9c m\u1ed9t t\u00e1ch Espresso kh\u00f4ng \u0111\u01b0\u1eddng m\u1ed7i s\u00e1ng c\u00f2n h\u1ed7 tr\u1ee3 qu\u00e1 tr\u00ecnh trao \u0111\u1ed5i ch\u1ea5t, t\u0103ng c\u01b0\u1eddng \u0111\u1ed1t ch\u00e1y n\u0103ng l\u01b0\u1ee3ng v\u00e0 c\u1ea3i thi\u1ec7n hi\u1ec7u su\u1ea5t v\u1eadn \u0111\u1ed9ng c\u1ee7a c\u01a1 th\u1ec3.<\/p>\n<p data-path-to-node=\"11\"><span style=\"font-size: 14pt\"><strong>H\u01af\u1edaNG D\u1eaaN TH\u01af\u1edeNG TH\u1ee8C V\u00c0 CH\u1ebe BI\u1ebeN<\/strong><\/span><\/p>\n<p data-path-to-node=\"12\">D\u00f2ng Italiano Espresso \u0111\u01b0\u1ee3c thi\u1ebft k\u1ebf chuy\u00ean bi\u1ec7t cho c\u00e1c ph\u01b0\u01a1ng ph\u00e1p pha m\u00e1y ho\u1eb7c b\u00ecnh pha moka \u0111\u1ec3 t\u1eadn d\u1ee5ng t\u1ed1i \u0111a \u00e1p su\u1ea5t, chi\u1ebft xu\u1ea5t ra l\u1edbp Crema b\u00e9o ng\u1eady. Tuy nhi\u00ean, s\u1ef1 linh ho\u1ea1t c\u1ee7a h\u1ea1t rang \u0111\u1eadm c\u0169ng r\u1ea5t ph\u00f9 h\u1ee3p cho nh\u1eefng ai y\u00eau th\u00edch h\u01b0\u01a1ng v\u1ecb c\u00e0 ph\u00ea phin truy\u1ec1n th\u1ed1ng ho\u1eb7c pha th\u1ee7 c\u00f4ng b\u1eb1ng ph\u01b0\u01a1ng ph\u00e1p Pour-over n\u1ebfu mu\u1ed1n c\u1ea3m nh\u1eadn r\u00f5 r\u1ec7t h\u01a1n s\u1ef1 chuy\u1ec3n bi\u1ebfn c\u1ee7a h\u01b0\u01a1ng Socola.<\/p>\n<p data-path-to-node=\"12\"><img loading=\"lazy\" decoding=\"async\" class=\"aligncenter\" src=\"https:\/\/havamall.com\/wp-content\/uploads\/2026\/03\/Espresso-crema-super-closeup.jpg\" alt=\"M\u00c0U S\u1eaeC C\u1ee6A CREMA C\u00c0 PH\u00ca NGUY\u00caN CH\u1ea4T | Be great &amp; more\" width=\"800\" height=\"450\" \/><\/p>\n<p data-path-to-node=\"13\">\u2013 C\u00e1ch pha Espresso m\u00e1y: S\u1eed d\u1ee5ng kho\u1ea3ng 18\u201320g h\u1ea1t \u0111\u00e3 xay m\u1ecbn, n\u00e9n ch\u1eb7t v\u00e0 chi\u1ebft xu\u1ea5t trong kho\u1ea3ng 25\u201330 gi\u00e2y \u0111\u1ec3 thu \u0111\u01b0\u1ee3c 30\u201360ml tinh ch\u1ea5t c\u00e0 ph\u00ea \u0111\u1eadm \u0111\u1eb7c.<\/p>\n<p data-path-to-node=\"13\">\u2013 S\u00e1ng t\u1ea1o m\u00f3n u\u1ed1ng hot trend: &#8220;Dirty Coffee&#8221; \u2013 m\u1ed9t s\u1ef1 k\u1ebft h\u1ee3p \u0111\u1ea7y ngh\u1ec7 thu\u1eadt gi\u1eefa d\u00f2ng Espresso n\u00f3ng h\u1ed5i \u0111\u1ed5 tr\u1ef1c ti\u1ebfp l\u00ean l\u1edbp s\u1eefa t\u01b0\u01a1i \u01b0\u1edbp l\u1ea1nh s\u00e2u. V\u1ecb b\u00e9o c\u1ee7a s\u1eefa h\u00f2a quy\u1ec7n c\u00f9ng s\u1ef1 \u0111\u1eadm \u0111\u1eafng, th\u01a1m n\u1ed3ng c\u1ee7a h\u1ea1t Gaia Cafe t\u1ea1o n\u00ean m\u1ed9t tr\u1ea3i nghi\u1ec7m th\u1ecb gi\u00e1c v\u00e0 v\u1ecb gi\u00e1c v\u00f4 c\u00f9ng l\u00f4i cu\u1ed1n.<\/p>\n<p data-path-to-node=\"13\">\u2013 C\u00f3 th\u1ec3 d\u00f9ng k\u00e8m m\u1ed9t m\u1ea9u b\u00e1nh quy nh\u1ecf ho\u1eb7c Socola \u0111en \u0111\u1ec3 t\u00f4n l\u00ean h\u1eadu v\u1ecb ng\u1ecdt k\u00e9o d\u00e0i c\u1ee7a s\u1ea3n ph\u1ea9m.<\/p>\n<p data-path-to-node=\"13\"><img loading=\"lazy\" decoding=\"async\" class=\"aligncenter\" src=\"https:\/\/havamall.com\/wp-content\/uploads\/2026\/03\/maxresdefault.jpg\" alt=\"\u5496\u5561\u9986\u5982\u4f55\u5236\u4f5c\u4e00\u676f\u5b8c\u7f8e\u5206\u5c42\u7684dirty\uff1fHow to Make Cafe Style \u201cDirty Coffee\u201d\" width=\"802\" height=\"451\" \/><\/p>\n<p data-path-to-node=\"14\">S\u1ea3n ph\u1ea9m C\u00e0 Ph\u00ea Italiano Espresso Nguy\u00ean H\u1ea1t Gaia Cafe hi\u1ec7n \u0111ang \u0111\u01b0\u1ee3c ph\u00e2n ph\u1ed1i ch\u00ednh th\u1ee9c t\u1ea1i Havamall.<\/p>\n<\/div>\n<\/div>\n<\/div>\n<\/div>","protected":false},"excerpt":{"rendered":"<p>TH\u00d4NG TIN S\u1ea2N PH\u1ea8M Th\u01b0\u01a1ng hi\u1ec7u Gaia Cafe Xu\u1ea5t x\u1ee9 Di Linh &amp; C\u1ea7u \u0110\u1ea5t, L\u00e2m \u0110\u1ed3ng, Vi\u1ec7t Nam Th\u00e0nh<\/p>","protected":false},"featured_media":44477,"comment_status":"open","ping_status":"closed","template":"","meta":[],"product_brand":[],"product_cat":[677,131,135],"product_tag":[],"class_list":{"0":"post-44476","1":"product","2":"type-product","3":"status-publish","4":"has-post-thumbnail","6":"product_cat-cac-nuoc-khac","7":"product_cat-nguyen-lieu-lam-bep","8":"product_cat-sua-do-uong","10":"first","11":"instock","12":"sale","13":"shipping-taxable","14":"purchasable","15":"product-type-simple"},"_links":{"self":[{"href":"https:\/\/havamall.vn\/en\/wp-json\/wp\/v2\/product\/44476"}],"collection":[{"href":"https:\/\/havamall.vn\/en\/wp-json\/wp\/v2\/product"}],"about":[{"href":"https:\/\/havamall.vn\/en\/wp-json\/wp\/v2\/types\/product"}],"replies":[{"embeddable":true,"href":"https:\/\/havamall.vn\/en\/wp-json\/wp\/v2\/comments?post=44476"}],"version-history":[{"count":0,"href":"https:\/\/havamall.vn\/en\/wp-json\/wp\/v2\/product\/44476\/revisions"}],"wp:featuredmedia":[{"embeddable":true,"href":"https:\/\/havamall.vn\/en\/wp-json\/wp\/v2\/media\/44477"}],"wp:attachment":[{"href":"https:\/\/havamall.vn\/en\/wp-json\/wp\/v2\/media?parent=44476"}],"wp:term":[{"taxonomy":"product_brand","embeddable":true,"href":"https:\/\/havamall.vn\/en\/wp-json\/wp\/v2\/product_brand?post=44476"},{"taxonomy":"product_cat","embeddable":true,"href":"https:\/\/havamall.vn\/en\/wp-json\/wp\/v2\/product_cat?post=44476"},{"taxonomy":"product_tag","embeddable":true,"href":"https:\/\/havamall.vn\/en\/wp-json\/wp\/v2\/product_tag?post=44476"}],"curies":[{"name":"wp","href":"https:\/\/api.w.org\/{rel}","templated":true}]}}