{"id":44468,"date":"2026-03-10T13:17:22","date_gmt":"2026-03-10T06:17:22","guid":{"rendered":"https:\/\/havamall.vn\/?post_type=product&#038;p=44468"},"modified":"2026-03-10T13:17:22","modified_gmt":"2026-03-10T06:17:22","slug":"banh-an-dam-gerber-puffs-hinh-ngoi-sao-vi-chuoi-42g-gerber-puffs-puffed-grain-snack-banana","status":"publish","type":"product","link":"https:\/\/havamall.vn\/en\/shop\/banh-an-dam-gerber-puffs-hinh-ngoi-sao-vi-chuoi-42g-gerber-puffs-puffed-grain-snack-banana\/","title":{"rendered":"B\u00e1nh \u0102n D\u1eb7m Gerber Puffs H\u00ecnh Ng\u00f4i Sao V\u1ecb Chu\u1ed1i 42g \u2013 Gerber Puffs Puffed Grain Snack Banana"},"content":{"rendered":"<h3 data-path-to-node=\"2\">TH\u00d4NG TIN S\u1ea2N PH\u1ea8M<\/h3>\n<div class=\"horizontal-scroll-wrapper\">\n<div class=\"table-block-component\">\n<div class=\"table-block has-export-button new-table-style is-at-scroll-start is-at-scroll-end\">\n<div class=\"table-content not-end-of-paragraph\" data-hveid=\"0\" data-ved=\"0CAAQ3ecQahgKEwjryMWinZSTAxUAAAAAHQAAAAAQigM\">\n<table style=\"width: 39.3262%\" data-path-to-node=\"3\">\n<tbody>\n<tr>\n<td><span data-path-to-node=\"3,1,0,0\">Th\u01b0\u01a1ng hi\u1ec7u<\/span><\/td>\n<td><span data-path-to-node=\"3,1,1,0\">Gerber (Nestl\u00e9)<\/span><\/td>\n<\/tr>\n<tr>\n<td><span data-path-to-node=\"3,2,0,0\">Xu\u1ea5t x\u1ee9<\/span><\/td>\n<td><span data-path-to-node=\"3,2,1,0\">M\u1ef9<\/span><\/td>\n<\/tr>\n<tr>\n<td><span data-path-to-node=\"3,3,0,0\">Kh\u1ed1i l\u01b0\u1ee3ng<\/span><\/td>\n<td><span data-path-to-node=\"3,3,1,0\">42g (1.48 oz)<\/span><\/td>\n<\/tr>\n<tr>\n<td><span data-path-to-node=\"3,4,0,0\">H\u01b0\u01a1ng v\u1ecb<\/span><\/td>\n<td><span data-path-to-node=\"3,4,1,0\">Chu\u1ed1i (Banana)<\/span><\/td>\n<\/tr>\n<tr>\n<td><span data-path-to-node=\"3,5,0,0\">\u0110\u1ed1i t\u01b0\u1ee3ng s\u1eed d\u1ee5ng<\/span><\/td>\n<td><span data-path-to-node=\"3,5,1,0\">B\u00e9 t\u1eeb 8 th\u00e1ng tu\u1ed5i tr\u1edf l\u00ean (Giai \u0111o\u1ea1n t\u1eadp b\u00f2 &#8211; Crawler)<\/span><\/td>\n<\/tr>\n<\/tbody>\n<\/table>\n<p data-path-to-node=\"6\">B\u01b0\u1edbc v\u00e0o giai \u0111o\u1ea1n 8 th\u00e1ng tu\u1ed5i, b\u00e9 kh\u00f4ng ch\u1ec9 c\u1ea7n b\u1ed5 sung dinh d\u01b0\u1ee1ng m\u00e0 c\u00f2n c\u1ea7n \u0111\u01b0\u1ee3c r\u00e8n luy\u1ec7n c\u00e1c k\u1ef9 n\u0103ng v\u1eadn \u0111\u1ed9ng quan tr\u1ecdng. B\u00e1nh \u0103n d\u1eb7m\u00a0<b data-path-to-node=\"6\" data-index-in-node=\"140\">Gerber Puffs h\u00ecnh ng\u00f4i sao<\/b>\u00a0l\u00e0 m\u1ed9t trong nh\u1eefng s\u1ea3n ph\u1ea9m bi\u1ec3u t\u01b0\u1ee3ng c\u1ee7a Gerber, \u0111\u01b0\u1ee3c h\u00e0ng tri\u1ec7u b\u00e0 m\u1eb9 tin d\u00f9ng nh\u1edd s\u1ef1 an to\u00e0n v\u00e0 t\u00ednh gi\u00e1o d\u1ee5c cao trong t\u1eebng mi\u1ebfng b\u00e1nh. \u0110\u01b0\u1ee3c s\u1ea3n xu\u1ea5t b\u1edfi Nestl\u00e9 \u2013 t\u1eadp \u0111o\u00e0n th\u1ef1c ph\u1ea9m h\u00e0ng \u0111\u1ea7u th\u1ebf gi\u1edbi, Gerber Puffs tu\u00e2n th\u1ee7 c\u00e1c quy chu\u1ea9n kh\u1eaft khe nh\u1ea5t v\u1ec1 \u0111\u1ed9 tinh khi\u1ebft (Clean Label Project) \u0111\u1ec3 mang l\u1ea1i s\u1ef1 b\u1ea3o v\u1ec7 t\u1ed1i \u01b0u cho thi\u00ean th\u1ea7n nh\u1ecf.<\/p>\n<p data-path-to-node=\"6\"><img fetchpriority=\"high\" decoding=\"async\" class=\"aligncenter  wp-image-45024\" src=\"https:\/\/havamall.com\/wp-content\/uploads\/2026\/03\/banh-an-dam-gerber-cao4.jpg\" alt=\"\" width=\"802\" height=\"802\" \/><\/p>\n<p data-path-to-node=\"7\">S\u1ea3n ph\u1ea9m thu\u1ed9c d\u00f2ng \u201cPuffed grain snack\u201d \u2013 b\u00e1nh ng\u0169 c\u1ed1c \u0111\u01b0\u1ee3c th\u1ed5i ph\u1ed3ng, t\u1ea1o n\u00ean c\u1ea5u tr\u00fac si\u00eau nh\u1eb9 v\u00e0 m\u1ec1m x\u1ed1p. V\u1edbi h\u01b0\u01a1ng v\u1ecb chu\u1ed1i ng\u1ecdt d\u1ecbu t\u1ef1 nhi\u00ean \u2013 m\u1ed9t trong nh\u1eefng m\u00f9i v\u1ecb \u0111\u01b0\u1ee3c c\u00e1c b\u00e9 y\u00eau th\u00edch nh\u1ea5t . T\u1eebng mi\u1ebfng b\u00e1nh nh\u1ecf xinh g\u00f3i tr\u1ecdn t\u00e2m huy\u1ebft c\u1ee7a c\u00e1c chuy\u00ean gia dinh d\u01b0\u1ee1ng, mang \u0111\u1ebfn cho b\u00e9 tr\u1ea3i nghi\u1ec7m \u1ea9m th\u1ef1c \u0111\u1ea7u \u0111\u1eddi v\u1eeba th\u01a1m ngon v\u1eeba b\u1ed5 d\u01b0\u1ee1ng, gi\u00fap m\u1eb9 ho\u00e0n to\u00e0n y\u00ean t\u00e2m trong qu\u00e1 tr\u00ecnh nu\u00f4i con.<\/p>\n<p data-path-to-node=\"7\"><img decoding=\"async\" class=\"aligncenter  wp-image-45032\" src=\"https:\/\/havamall.com\/wp-content\/uploads\/2026\/03\/toddler-trial-mix-v0-js6al61xdsgc1-scaled.jpg\" alt=\"\" width=\"800\" height=\"1066\" \/><\/p>\n<h3 data-path-to-node=\"8\">\u0110\u1eb6C \u0110I\u1ec2M N\u1ed4I B\u1eacT V\u00c0 L\u1ee2I \u00cdCH DINH D\u01af\u1ee0NG C\u1ed0T L\u00d5I<\/h3>\n<p data-path-to-node=\"9\">\u2013 K\u1ebft c\u1ea5u t\u1ef1 tan an to\u00e0n: B\u00e1nh c\u00f3 c\u1ea5u tr\u00fac m\u1ec1m x\u1ed1p, \u0111\u01b0\u1ee3c nghi\u00ean c\u1ee9u \u0111\u1ec3 tan ngay khi ti\u1ebfp x\u00fac v\u1edbi n\u01b0\u1edbc b\u1ecdt c\u1ee7a tr\u1ebb. \u0110\u1eb7c t\u00ednh n\u00e0y c\u1ef1c k\u1ef3 quan tr\u1ecdng \u0111\u1ed1i v\u1edbi c\u00e1c b\u00e9 m\u1edbi t\u1eadp \u0103n d\u1eb7m, gi\u00fap h\u1ea1n ch\u1ebf t\u1ed1i \u0111a nguy c\u01a1 b\u1ecb h\u00f3c, ngh\u1eb9n.<br \/>\n\u2013 R\u00e8n luy\u1ec7n k\u1ef9 n\u0103ng v\u1eadn \u0111\u1ed9ng tinh: H\u00ecnh d\u00e1ng ng\u00f4i sao nh\u1ecf nh\u1eafn kh\u00f4ng ch\u1ec9 b\u1eaft m\u1eaft m\u00e0 c\u00f2n r\u1ea5t d\u1ec5 b\u1ed1c. Vi\u1ec7c b\u00e9 t\u1ef1 d\u00f9ng c\u00e1c ng\u00f3n tay \u0111\u1ec3 nh\u00f3n t\u1eebng mi\u1ebfng b\u00e1nh gi\u00fap r\u00e8n luy\u1ec7n s\u1ef1 kh\u00e9o l\u00e9o v\u00e0 ph\u1ed1i h\u1ee3p tay \u2013 m\u1eaft m\u1ed9t c\u00e1ch hi\u1ec7u qu\u1ea3.<br \/>\n\u2013 Th\u00e0nh ph\u1ea7n ng\u0169 c\u1ed1c nguy\u00ean h\u1ea1t: M\u1ed7i kh\u1ea9u ph\u1ea7n b\u00e1nh cung c\u1ea5p 2g ng\u0169 c\u1ed1c nguy\u00ean h\u1ea1t (Whole grains), \u0111\u1ea3m b\u1ea3o ngu\u1ed3n n\u0103ng l\u01b0\u1ee3ng s\u1ea1ch v\u00e0 l\u00e0nh m\u1ea1nh cho c\u00e1c ho\u1ea1t \u0111\u1ed9ng t\u1eadp b\u00f2, t\u1eadp \u0111\u1ee9ng c\u1ee7a b\u00e9.<br \/>\n\u2013 H\u1ec7 vi ch\u1ea5t thi\u1ebft y\u1ebfu: B\u00e1nh \u0111\u01b0\u1ee3c t\u0103ng c\u01b0\u1eddng S\u1eaft h\u1ed7 tr\u1ee3 n\u00e3o b\u1ed9, Vitamin E v\u00e0 K\u1ebdm gi\u00fap t\u0103ng c\u01b0\u1eddng s\u1ee9c \u0111\u1ec1 kh\u00e1ng t\u1ef1 nhi\u00ean. \u0110\u1eb7c bi\u1ec7t, s\u1ea3n ph\u1ea9m b\u1ed5 sung Choline \u0111\u1ec3 h\u1ed7 tr\u1ee3 s\u1ef1 ph\u00e1t tri\u1ec3n tr\u00ed tu\u1ec7 c\u1ee7a tr\u1ebb trong giai \u0111o\u1ea1n v\u00e0ng.<br \/>\n\u2013 Ti\u00eau chu\u1ea9n an to\u00e0n M\u1ef9: S\u1ea3n ph\u1ea9m \u0111\u1ea1t ch\u1ee9ng nh\u1eadn kh\u00f4ng ch\u1ee9a th\u1ef1c ph\u1ea9m bi\u1ebfn \u0111\u1ed5i gen (Non-GMO), kh\u00f4ng thu\u1ed1c tr\u1eeb s\u00e2u v\u00e0 \u0111\u1ea1t chu\u1ea9n &#8220;Clean Label Project&#8221; v\u1ec1 \u0111\u1ed9 s\u1ea1ch v\u00e0 tinh khi\u1ebft c\u1ee7a nguy\u00ean li\u1ec7u.<\/p>\n<p data-path-to-node=\"12\"><img decoding=\"async\" class=\"aligncenter  wp-image-45025\" src=\"https:\/\/havamall.com\/wp-content\/uploads\/2026\/03\/631833339_17888187387428307_7701853509871431261_n.jpg\" alt=\"\" width=\"802\" height=\"802\" \/><\/p>\n<h3 data-path-to-node=\"13\">L\u01afU \u00dd KHI S\u1eec D\u1ee4NG V\u00c0 B\u1ea2O QU\u1ea2N<\/h3>\n<p data-path-to-node=\"14\">\u2013 Lu\u00f4n \u0111\u1ea3m b\u1ea3o b\u00e9 \u0111ang \u1edf t\u01b0 th\u1ebf ng\u1ed3i v\u1eefng v\u00e0 c\u00f3 s\u1ef1 gi\u00e1m s\u00e1t c\u1ee7a ng\u01b0\u1eddi l\u1edbn khi \u0103n \u0111\u1ec3 x\u1eed l\u00fd k\u1ecbp th\u1eddi c\u00e1c t\u00ecnh hu\u1ed1ng b\u1ea5t ng\u1edd.<\/p>\n<p data-path-to-node=\"14\">\u2013 S\u1ea3n ph\u1ea9m d\u00e0nh cho b\u00e9 t\u1eeb 8 th\u00e1ng tu\u1ed5i tr\u1edf l\u00ean, \u0111\u00e3 quen v\u1edbi vi\u1ec7c \u0103n d\u1eb7m v\u00e0 b\u1eaft \u0111\u1ea7u c\u00f3 ph\u1ea3n x\u1ea1 nhai.<\/p>\n<p data-path-to-node=\"14\">\u2013 Sau khi m\u1edf n\u1eafp, c\u1ea7n \u0111\u1eady k\u00edn h\u1ed9p \u0111\u1ec3 tr\u00e1nh b\u00e1nh b\u1ecb \u1ea9m, l\u00e0m m\u1ea5t \u0111\u1ed9 gi\u00f2n x\u1ed1p. N\u00ean s\u1eed d\u1ee5ng s\u1ea3n ph\u1ea9m trong v\u00f2ng 5 ng\u00e0y sau khi m\u1edf n\u1eafp \u0111\u1ec3 \u0111\u1ea3m b\u1ea3o h\u01b0\u01a1ng v\u1ecb v\u00e0 dinh d\u01b0\u1ee1ng t\u1ed1t nh\u1ea5t. \u0110\u1ec3 s\u1ea3n ph\u1ea9m n\u01a1i kh\u00f4 r\u00e1o, tr\u00e1nh \u00e1nh n\u1eafng tr\u1ef1c ti\u1ebfp.<\/p>\n<p data-path-to-node=\"14\">S\u1ea3n ph\u1ea9m B\u00e1nh \u0102n D\u1eb7m Gerber Puffs H\u00ecnh Ng\u00f4i Sao V\u1ecb Chu\u1ed1i 42g ch\u00ednh h\u00e3ng hi\u1ec7n \u0111ang \u0111\u01b0\u1ee3c b\u00e1n t\u1ea1i\u00a0<b data-path-to-node=\"15\" data-index-in-node=\"95\">Havamall<\/b>, mang \u0111\u1ebfn tr\u1ea3i nghi\u1ec7m \u0103n d\u1eb7m an to\u00e0n v\u00e0 \u0111\u1ea7y th\u00fa v\u1ecb cho thi\u00ean th\u1ea7n nh\u1ecf c\u1ee7a b\u1ea1n.<\/p>\n<\/div>\n<\/div>\n<\/div>\n<\/div>","protected":false},"excerpt":{"rendered":"<p>TH\u00d4NG TIN S\u1ea2N PH\u1ea8M Th\u01b0\u01a1ng hi\u1ec7u Gerber (Nestl\u00e9) Xu\u1ea5t x\u1ee9 M\u1ef9 Kh\u1ed1i l\u01b0\u1ee3ng 42g (1.48 oz) H\u01b0\u01a1ng v\u1ecb Chu\u1ed1i (Banana)<\/p>","protected":false},"featured_media":44469,"comment_status":"open","ping_status":"closed","template":"","meta":[],"product_brand":[],"product_cat":[397,669,133],"product_tag":[],"class_list":{"0":"post-44468","1":"product","2":"type-product","3":"status-publish","4":"has-post-thumbnail","6":"product_cat-hang-me-be-do-choi","7":"product_cat-nhap-khau-my","8":"product_cat-banh-keo-chocolate","10":"first","11":"instock","12":"sale","13":"shipping-taxable","14":"purchasable","15":"product-type-simple"},"_links":{"self":[{"href":"https:\/\/havamall.vn\/en\/wp-json\/wp\/v2\/product\/44468"}],"collection":[{"href":"https:\/\/havamall.vn\/en\/wp-json\/wp\/v2\/product"}],"about":[{"href":"https:\/\/havamall.vn\/en\/wp-json\/wp\/v2\/types\/product"}],"replies":[{"embeddable":true,"href":"https:\/\/havamall.vn\/en\/wp-json\/wp\/v2\/comments?post=44468"}],"version-history":[{"count":0,"href":"https:\/\/havamall.vn\/en\/wp-json\/wp\/v2\/product\/44468\/revisions"}],"wp:featuredmedia":[{"embeddable":true,"href":"https:\/\/havamall.vn\/en\/wp-json\/wp\/v2\/media\/44469"}],"wp:attachment":[{"href":"https:\/\/havamall.vn\/en\/wp-json\/wp\/v2\/media?parent=44468"}],"wp:term":[{"taxonomy":"product_brand","embeddable":true,"href":"https:\/\/havamall.vn\/en\/wp-json\/wp\/v2\/product_brand?post=44468"},{"taxonomy":"product_cat","embeddable":true,"href":"https:\/\/havamall.vn\/en\/wp-json\/wp\/v2\/product_cat?post=44468"},{"taxonomy":"product_tag","embeddable":true,"href":"https:\/\/havamall.vn\/en\/wp-json\/wp\/v2\/product_tag?post=44468"}],"curies":[{"name":"wp","href":"https:\/\/api.w.org\/{rel}","templated":true}]}}