{"id":44454,"date":"2026-03-10T09:56:56","date_gmt":"2026-03-10T02:56:56","guid":{"rendered":"https:\/\/havamall.vn\/?post_type=product&#038;p=44454"},"modified":"2026-03-10T09:56:57","modified_gmt":"2026-03-10T02:56:57","slug":"banh-an-dam-gerber-lil-crunchies-vi-rau-cu-42g-gerber-lil-crunchies-veggie-dip-baked-grain-snack","status":"publish","type":"product","link":"https:\/\/havamall.vn\/en\/shop\/banh-an-dam-gerber-lil-crunchies-vi-rau-cu-42g-gerber-lil-crunchies-veggie-dip-baked-grain-snack\/","title":{"rendered":"B\u00e1nh \u0102n D\u1eb7m Gerber Lil&#8217; Crunchies V\u1ecb Rau C\u1ee7 42g \u2013 Gerber Lil&#8217; Crunchies Veggie Dip Baked Grain Snack"},"content":{"rendered":"<h3 data-path-to-node=\"2\">TH\u00d4NG TIN S\u1ea2N PH\u1ea8M<\/h3>\n<div class=\"horizontal-scroll-wrapper\">\n<div class=\"table-block-component\">\n<div class=\"table-block has-export-button new-table-style is-at-scroll-start is-at-scroll-end\">\n<div class=\"table-content not-end-of-paragraph\" data-hveid=\"0\" data-ved=\"0CAAQ3ecQahcKEwjryMWinZSTAxUAAAAAHQAAAAAQUA\">\n<table data-path-to-node=\"3\">\n<tbody>\n<tr>\n<td><span data-path-to-node=\"3,1,0,0\">Th\u01b0\u01a1ng hi\u1ec7u<\/span><\/td>\n<td><span data-path-to-node=\"3,1,1,0\">Gerber (Nestl\u00e9)<\/span><\/td>\n<\/tr>\n<tr>\n<td><span data-path-to-node=\"3,2,0,0\">Xu\u1ea5t x\u1ee9<\/span><\/td>\n<td><span data-path-to-node=\"3,2,1,0\">M\u1ef9<\/span><\/td>\n<\/tr>\n<tr>\n<td><span data-path-to-node=\"3,3,0,0\">Th\u00e0nh ph\u1ea7n<\/span><\/td>\n<td><span data-path-to-node=\"3,3,1,0\">Ng\u0169 c\u1ed1c nguy\u00ean h\u1ea1t (2g m\u1ed7i kh\u1ea9u ph\u1ea7n), h\u01b0\u01a1ng rau c\u1ee7 t\u1ef1 nhi\u00ean, s\u1eaft, Canxi, Vitamin E, K\u1ebdm<\/span><\/td>\n<\/tr>\n<tr>\n<td><span data-path-to-node=\"3,4,0,0\">\u0110\u1ed9 tu\u1ed5i s\u1eed d\u1ee5ng<\/span><\/td>\n<td><span data-path-to-node=\"3,4,1,0\">B\u00e9 t\u1eeb 8 th\u00e1ng tu\u1ed5i tr\u1edf l\u00ean (Giai \u0111o\u1ea1n t\u1eadp b\u00f2 &#8211; Crawler)<\/span><\/td>\n<\/tr>\n<tr>\n<td><span data-path-to-node=\"3,5,0,0\">Kh\u1ed1i l\u01b0\u1ee3ng<\/span><\/td>\n<td><span data-path-to-node=\"3,5,1,0\">42g (1.48 oz)<\/span><\/td>\n<\/tr>\n<\/tbody>\n<\/table>\n<p data-path-to-node=\"6\">Gerber, th\u01b0\u01a1ng hi\u1ec7u th\u1ef1c ph\u1ea9m d\u00e0nh cho tr\u1ebb em h\u00e0ng \u0111\u1ea7u th\u1ebf gi\u1edbi v\u1edbi h\u01a1n 90 n\u0103m kinh nghi\u1ec7m t\u1eeb Nestl\u00e9, lu\u00f4n th\u1ea5u hi\u1ec3u r\u1eb1ng m\u1ed7i mi\u1ebfng \u0103n \u0111\u1ea7u \u0111\u1eddi kh\u00f4ng ch\u1ec9 c\u1ea7n ngon m\u00e0 ph\u1ea3i tuy\u1ec7t \u0111\u1ed1i an to\u00e0n v\u00e0 gi\u00e0u d\u01b0\u1ee1ng ch\u1ea5t. D\u00f2ng b\u00e1nh \u0103n d\u1eb7m\u00a0<b data-path-to-node=\"6\" data-index-in-node=\"386\">Gerber Lil&#8217; Crunchies Veggie Dip<\/b>\u00a0\u0111\u01b0\u1ee3c ra \u0111\u1eddi nh\u1eb1m h\u1ed7 tr\u1ee3 b\u00e9 trong giai \u0111o\u1ea1n &#8220;Crawler&#8221; (t\u1eadp b\u00f2), khi c\u00e1c k\u1ef9 n\u0103ng v\u1eadn \u0111\u1ed9ng tinh nh\u01b0 b\u1ed1c nh\u00f3n \u0111ang d\u1ea7n ho\u00e0n thi\u1ec7n.<\/p>\n<p data-path-to-node=\"7\">Kh\u00e1c v\u1edbi c\u00e1c lo\u1ea1i snack th\u00f4ng th\u01b0\u1eddng, Gerber Lil&#8217; Crunchies l\u00e0 lo\u1ea1i b\u00e1nh n\u01b0\u1edbng t\u1eeb ng\u0169 c\u1ed1c nguy\u00ean h\u1ea1t, gi\u00fap gi\u1eef tr\u1ecdn v\u1eb9n gi\u00e1 tr\u1ecb dinh d\u01b0\u1ee1ng t\u1ef1 nhi\u00ean. S\u1ea3n ph\u1ea9m \u0111\u1ea1i di\u1ec7n cho ti\u00eau chu\u1ea9n &#8220;Clean Label&#8221; c\u1ee7a Gerber, cam k\u1ebft s\u1eed d\u1ee5ng c\u00e1c th\u00e0nh ph\u1ea7n t\u1ef1 nhi\u00ean, kh\u00f4ng ch\u1ee9a bi\u1ebfn \u0111\u1ed5i gen (Non-GMO), kh\u00f4ng h\u01b0\u01a1ng li\u1ec7u nh\u00e2n t\u1ea1o v\u00e0 kh\u00f4ng ph\u1ea9m m\u00e0u \u0111\u1ed9c h\u1ea1i.<\/p>\n<p data-path-to-node=\"7\"><img fetchpriority=\"high\" decoding=\"async\" class=\"aligncenter  wp-image-45008\" src=\"https:\/\/havamall.com\/wp-content\/uploads\/2026\/03\/43922242cd1ca1f14a1fb0ae0a52a9c8-scaled.jpg\" alt=\"\" width=\"802\" height=\"535\" \/><\/p>\n<h3 data-path-to-node=\"8\">\u0110\u1eb6C \u0110I\u1ec2M N\u1ed4I B\u1eacT V\u00c0 GI\u00c1 TR\u1eca V\u00c0NG CHO S\u1ee8C KH\u1eceE C\u1ee6A B\u00c9<\/h3>\n<p data-path-to-node=\"9\">\u2013 B\u00e1nh c\u00f3 d\u1ea1ng que ng\u1eafn, m\u1ec1m x\u1ed1p v\u00e0 \u0111\u1eb7c bi\u1ec7t l\u00e0 kh\u1ea3 n\u0103ng tan nhanh trong mi\u1ec7ng ngay khi ti\u1ebfp x\u00fac v\u1edbi n\u01b0\u1edbc b\u1ecdt, gi\u00fap lo\u1ea1i b\u1ecf ho\u00e0n to\u00e0n nguy c\u01a1 h\u00f3c hay ngh\u1eb9n, \u0111\u1ea3m b\u1ea3o an to\u00e0n tuy\u1ec7t \u0111\u1ed1i cho b\u00e9 khi m\u1edbi t\u1eadp nhai.<\/p>\n<p data-path-to-node=\"9\">\u2013 K\u00edch th\u01b0\u1edbc que b\u00e1nh \u0111\u01b0\u1ee3c t\u00ednh to\u00e1n khoa h\u1ecdc \u0111\u1ec3 v\u1eeba v\u1eb7n v\u1edbi l\u00f2ng b\u00e0n tay nh\u1ecf xinh c\u1ee7a b\u00e9. Vi\u1ec7c t\u1ef1 c\u1ea7m n\u1eafm b\u00e1nh gi\u00fap b\u00e9 r\u00e8n luy\u1ec7n k\u1ef9 n\u0103ng ph\u1ed1i h\u1ee3p gi\u1eefa tay v\u00e0 m\u1eaft, \u0111\u1ed3ng th\u1eddi k\u00edch th\u00edch s\u1ef1 t\u1ef1 l\u1eadp trong \u0103n u\u1ed1ng ngay t\u1eeb nh\u1ecf.<\/p>\n<p data-path-to-node=\"9\">\u2013 S\u1ef1 k\u1ebft h\u1ee3p tinh t\u1ebf t\u1eeb c\u00e1c lo\u1ea1i rau c\u1ee7 gi\u00fap b\u00e9 l\u00e0m quen v\u1edbi h\u01b0\u01a1ng v\u1ecb th\u1ef1c v\u1eadt m\u1ed9t c\u00e1ch d\u1ec5 d\u00e0ng, k\u00edch th\u00edch v\u1ecb gi\u00e1c ph\u00e1t tri\u1ec3n \u0111a d\u1ea1ng v\u00e0 h\u1ea1n ch\u1ebf t\u00ecnh tr\u1ea1ng bi\u1ebfng \u0103n rau sau n\u00e0y.<\/p>\n<p data-path-to-node=\"9\">\u2013\u00a0M\u1ed7i kh\u1ea9u ph\u1ea7n b\u00e1nh cung c\u1ea5p t\u1edbi 2g ng\u0169 c\u1ed1c nguy\u00ean h\u1ea1t, \u0111i k\u00e8m c\u00e1c vi ch\u1ea5t quan tr\u1ecdng nh\u01b0 S\u1eaft gi\u00fap ph\u00e1t tri\u1ec3n tr\u00ed n\u00e3o, Canxi cho x\u01b0\u01a1ng ch\u1eafc kh\u1ecfe v\u00e0 Vitamin E c\u00f9ng K\u1ebdm h\u1ed7 tr\u1ee3 h\u1ec7 mi\u1ec5n d\u1ecbch.<\/p>\n<p data-path-to-node=\"9\"><img decoding=\"async\" class=\"aligncenter  wp-image-45009\" src=\"https:\/\/havamall.com\/wp-content\/uploads\/2026\/03\/Banh-an-dam-Mammy-vua-tay-be-goi-25g-7.jpg\" alt=\"\" width=\"800\" height=\"882\" \/><\/p>\n<h3 data-path-to-node=\"10\">NGH\u1ec6 THU\u1eacT \u0102N D\u1eb6M: C\u00c1CH D\u00d9NG V\u00c0 BI\u1ebeN T\u1ea4U<\/h3>\n<p data-path-to-node=\"12\">\u2013\u00a0<b data-path-to-node=\"12\" data-index-in-node=\"2\">B\u1eefa ph\u1ee5 dinh d\u01b0\u1ee1ng<\/b>: S\u1eed d\u1ee5ng tr\u1ef1c ti\u1ebfp l\u00e0m b\u1eefa nh\u1eb9 gi\u1eefa c\u00e1c b\u1eefa ch\u00ednh. M\u1eb9 c\u00f3 th\u1ec3 cho b\u00e9 t\u1ef1 b\u1ed1c b\u00e1nh \u0111\u1ec3 t\u1ea1o kh\u00f4ng kh\u00ed vui v\u1ebb, tho\u1ea3i m\u00e1i trong gi\u1edd \u0103n.<\/p>\n<p data-path-to-node=\"12\">\u2013\u00a0<b data-path-to-node=\"12\" data-index-in-node=\"152\">K\u1ebft h\u1ee3p c\u00f9ng s\u1ed1t tr\u00e1i c\u00e2y\/s\u1eefa chua<\/b>: \u0110\u1ec3 t\u0103ng th\u00eam h\u01b0\u01a1ng v\u1ecb, m\u1eb9 c\u00f3 th\u1ec3 cho b\u00e9 ch\u1ea5m que b\u00e1nh v\u00e0o m\u1ed9t \u00edt s\u1eefa chua ho\u1eb7c tr\u00e1i c\u00e2y nghi\u1ec1n m\u1ecbn. S\u1ef1 k\u1ebft h\u1ee3p n\u00e0y kh\u00f4ng ch\u1ec9 b\u1ed5 sung th\u00eam l\u1ee3i khu\u1ea9n m\u00e0 c\u00f2n t\u1ea1o ra tr\u1ea3i nghi\u1ec7m v\u1ecb gi\u00e1c m\u1edbi l\u1ea1.<\/p>\n<p data-path-to-node=\"12\"><img decoding=\"async\" class=\"aligncenter  wp-image-45010\" src=\"https:\/\/havamall.com\/wp-content\/uploads\/2026\/03\/f7bfe079bb5e4fa24dc26479cdff9032-scaled.jpg\" alt=\"\" width=\"801\" height=\"801\" \/><\/p>\n<h3 data-path-to-node=\"13\">L\u01afU \u00dd QUAN TR\u1eccNG KHI S\u1eec D\u1ee4NG V\u00c0 B\u1ea2O QU\u1ea2N<\/h3>\n<p data-path-to-node=\"14\">\u2013 Lu\u00f4n \u0111\u1ea3m b\u1ea3o b\u00e9 \u0111ang \u1edf t\u01b0 th\u1ebf ng\u1ed3i v\u1eefng v\u00e0 c\u00f3 s\u1ef1 gi\u00e1m s\u00e1t c\u1ee7a ng\u01b0\u1eddi l\u1edbn khi \u0103n \u0111\u1ec3 x\u1eed l\u00fd k\u1ecbp th\u1eddi c\u00e1c t\u00ecnh hu\u1ed1ng b\u1ea5t ng\u1edd.<\/p>\n<p data-path-to-node=\"14\">\u2013 S\u1ea3n ph\u1ea9m d\u00e0nh cho b\u00e9 t\u1eeb 8 th\u00e1ng tu\u1ed5i tr\u1edf l\u00ean, \u0111\u00e3 quen v\u1edbi vi\u1ec7c \u0103n d\u1eb7m v\u00e0 b\u1eaft \u0111\u1ea7u c\u00f3 ph\u1ea3n x\u1ea1 nhai.<\/p>\n<p data-path-to-node=\"14\">\u2013\u00a0Sau khi m\u1edf n\u1eafp, c\u1ea7n \u0111\u1eady k\u00edn h\u1ed9p \u0111\u1ec3 tr\u00e1nh b\u00e1nh b\u1ecb \u1ea9m, l\u00e0m m\u1ea5t \u0111\u1ed9 gi\u00f2n x\u1ed1p. N\u00ean s\u1eed d\u1ee5ng s\u1ea3n ph\u1ea9m trong v\u00f2ng 5 ng\u00e0y sau khi m\u1edf n\u1eafp \u0111\u1ec3 \u0111\u1ea3m b\u1ea3o h\u01b0\u01a1ng v\u1ecb v\u00e0 dinh d\u01b0\u1ee1ng t\u1ed1t nh\u1ea5t. \u0110\u1ec3 s\u1ea3n ph\u1ea9m n\u01a1i kh\u00f4 r\u00e1o, tr\u00e1nh \u00e1nh n\u1eafng tr\u1ef1c ti\u1ebfp.<\/p>\n<p data-path-to-node=\"14\"><img loading=\"lazy\" decoding=\"async\" class=\"aligncenter  wp-image-45011\" src=\"https:\/\/havamall.com\/wp-content\/uploads\/2026\/03\/7_11377053-0316-49fc-9e2b-e848ecd3899b.webp\" alt=\"\" width=\"800\" height=\"800\" \/><\/p>\n<p data-path-to-node=\"15\">B\u00e1nh \u0102n D\u1eb7m Gerber Lil&#8217; Crunchies V\u1ecb Rau C\u1ee7 42g hi\u1ec7n \u0111ang \u0111\u01b0\u1ee3c ph\u00e2n ph\u1ed1i ch\u00ednh h\u00e3ng t\u1ea1i\u00a0<b data-path-to-node=\"15\" data-index-in-node=\"88\">Havamall<\/b>, cam k\u1ebft ngu\u1ed3n g\u1ed1c xu\u1ea5t x\u1ee9 r\u00f5 r\u00e0ng t\u1eeb M\u1ef9, mang \u0111\u1ebfn s\u1ef1 kh\u1edfi \u0111\u1ea7u ho\u00e0n h\u1ea3o nh\u1ea5t cho thi\u00ean th\u1ea7n nh\u1ecf c\u1ee7a b\u1ea1n.<\/p>\n<\/div>\n<\/div>\n<\/div>\n<\/div>","protected":false},"excerpt":{"rendered":"<p>TH\u00d4NG TIN S\u1ea2N PH\u1ea8M Th\u01b0\u01a1ng hi\u1ec7u Gerber (Nestl\u00e9) Xu\u1ea5t x\u1ee9 M\u1ef9 Th\u00e0nh ph\u1ea7n Ng\u0169 c\u1ed1c nguy\u00ean h\u1ea1t (2g m\u1ed7i kh\u1ea9u<\/p>","protected":false},"featured_media":44455,"comment_status":"open","ping_status":"closed","template":"","meta":[],"product_brand":[],"product_cat":[397,669,133],"product_tag":[],"class_list":{"0":"post-44454","1":"product","2":"type-product","3":"status-publish","4":"has-post-thumbnail","6":"product_cat-hang-me-be-do-choi","7":"product_cat-nhap-khau-my","8":"product_cat-banh-keo-chocolate","10":"first","11":"instock","12":"sale","13":"shipping-taxable","14":"purchasable","15":"product-type-simple"},"_links":{"self":[{"href":"https:\/\/havamall.vn\/en\/wp-json\/wp\/v2\/product\/44454"}],"collection":[{"href":"https:\/\/havamall.vn\/en\/wp-json\/wp\/v2\/product"}],"about":[{"href":"https:\/\/havamall.vn\/en\/wp-json\/wp\/v2\/types\/product"}],"replies":[{"embeddable":true,"href":"https:\/\/havamall.vn\/en\/wp-json\/wp\/v2\/comments?post=44454"}],"version-history":[{"count":0,"href":"https:\/\/havamall.vn\/en\/wp-json\/wp\/v2\/product\/44454\/revisions"}],"wp:featuredmedia":[{"embeddable":true,"href":"https:\/\/havamall.vn\/en\/wp-json\/wp\/v2\/media\/44455"}],"wp:attachment":[{"href":"https:\/\/havamall.vn\/en\/wp-json\/wp\/v2\/media?parent=44454"}],"wp:term":[{"taxonomy":"product_brand","embeddable":true,"href":"https:\/\/havamall.vn\/en\/wp-json\/wp\/v2\/product_brand?post=44454"},{"taxonomy":"product_cat","embeddable":true,"href":"https:\/\/havamall.vn\/en\/wp-json\/wp\/v2\/product_cat?post=44454"},{"taxonomy":"product_tag","embeddable":true,"href":"https:\/\/havamall.vn\/en\/wp-json\/wp\/v2\/product_tag?post=44454"}],"curies":[{"name":"wp","href":"https:\/\/api.w.org\/{rel}","templated":true}]}}