{"id":44447,"date":"2026-03-09T16:41:52","date_gmt":"2026-03-09T09:41:52","guid":{"rendered":"https:\/\/havamall.vn\/?post_type=product&#038;p=44447"},"modified":"2026-03-09T16:57:18","modified_gmt":"2026-03-09T09:57:18","slug":"banh-xep-healthy-mandu-chay-bibigo-dau-nam-rau-cu-1505kg-bibigo-healthy-mandu-plant-based","status":"publish","type":"product","link":"https:\/\/havamall.vn\/en\/shop\/banh-xep-healthy-mandu-chay-bibigo-dau-nam-rau-cu-1505kg-bibigo-healthy-mandu-plant-based\/","title":{"rendered":"B\u00e1nh X\u1ebfp Healthy Mandu Chay Bibigo \u0110\u1eadu, N\u1ea5m &amp; Rau C\u1ee7 1,505kg \u2013 Bibigo Healthy Mandu (Plant-based)"},"content":{"rendered":"<h3 data-path-to-node=\"2\">TH\u00d4NG TIN S\u1ea2N PH\u1ea8M<\/h3>\n<div class=\"horizontal-scroll-wrapper\">\n<div class=\"table-block-component\">\n<div class=\"table-block has-export-button new-table-style is-at-scroll-start is-at-scroll-end\">\n<div class=\"table-content not-end-of-paragraph\" data-hveid=\"0\" data-ved=\"0CAAQ3ecQahgKEwi3sKeglpKTAxUAAAAAHQAAAAAQ0gE\">\n<table data-path-to-node=\"3\">\n<tbody>\n<tr>\n<td><span data-path-to-node=\"3,1,0,0\">Th\u01b0\u01a1ng hi\u1ec7u<\/span><\/td>\n<td><span data-path-to-node=\"3,1,1,0\">Bibigo (CJ Foods)<\/span><\/td>\n<\/tr>\n<tr>\n<td><span data-path-to-node=\"3,2,0,0\">Xu\u1ea5t x\u1ee9<\/span><\/td>\n<td><span data-path-to-node=\"3,2,1,0\">Vi\u1ec7t Nam<\/span><\/td>\n<\/tr>\n<tr>\n<td><span data-path-to-node=\"3,3,0,0\">Th\u00e0nh ph\u1ea7n<\/span><\/td>\n<td><span data-path-to-node=\"3,3,1,0\">Rau c\u1ee7 (27.4%), t\u00e0u h\u0169, c\u00e0 r\u1ed1t, khoai lang, n\u1ea5m (n\u1ea5m h\u01b0\u01a1ng, n\u1ea5m \u0111\u00f4ng c\u00f4, n\u1ea5m m\u00e8o), \u0111\u1eadu xanh, \u0111\u1ea1m \u0111\u1eadu n\u00e0nh&#8230;<\/span><\/td>\n<\/tr>\n<tr>\n<td><span data-path-to-node=\"3,4,0,0\">H\u1ea1n s\u1eed d\u1ee5ng<\/span><\/td>\n<td><span data-path-to-node=\"3,4,1,0\">12 th\u00e1ng k\u1ec3 t\u1eeb ng\u00e0y s\u1ea3n xu\u1ea5t<\/span><\/td>\n<\/tr>\n<tr>\n<td><span data-path-to-node=\"3,5,0,0\">B\u1ea3o qu\u1ea3n<\/span><\/td>\n<td><span data-path-to-node=\"3,5,1,0\">Ng\u0103n \u0111\u00f4ng t\u1ee7 l\u1ea1nh (Nhi\u1ec7t \u0111\u1ed9 -18\u00b0C ho\u1eb7c ng\u0103n \u0111\u00e1 t\u1ee7 l\u1ea1nh)<\/span><\/td>\n<\/tr>\n<tr>\n<td><span data-path-to-node=\"3,6,0,0\">Kh\u1ed1i l\u01b0\u1ee3ng<\/span><\/td>\n<td><span data-path-to-node=\"3,6,1,0\">1,505 kg<\/span><\/td>\n<\/tr>\n<\/tbody>\n<\/table>\n<p data-path-to-node=\"8\">&#8220;Plant-based&#8221; (th\u1ef1c ph\u1ea9m ngu\u1ed3n g\u1ed1c th\u1ef1c v\u1eadt) kh\u00f4ng c\u00f2n l\u00e0 m\u1ed9t kh\u00e1i ni\u1ec7m xa l\u1ea1 m\u00e0 \u0111\u00e3 tr\u1edf th\u00e0nh l\u1ed1i s\u1ed1ng l\u00e0nh m\u1ea1nh \u0111\u01b0\u1ee3c h\u00e0ng tri\u1ec7u ng\u01b0\u1eddi theo \u0111u\u1ed5i. Bibigo \u2013 th\u01b0\u01a1ng hi\u1ec7u th\u1ef1c ph\u1ea9m h\u00e0ng \u0111\u1ea7u t\u1eeb t\u1eadp \u0111o\u00e0n CJ CheilJedang \u2013 \u0111\u00e3 kh\u00e9o l\u00e9o k\u1ebft h\u1ee3p tinh hoa c\u1ee7a m\u00f3n b\u00e1nh x\u1ebfp Mandu truy\u1ec1n th\u1ed1ng H\u00e0n Qu\u1ed1c v\u1edbi tri\u1ebft l\u00fd dinh d\u01b0\u1ee1ng hi\u1ec7n \u0111\u1ea1i \u0111\u1ec3 t\u1ea1o n\u00ean d\u00f2ng\u00a0<b data-path-to-node=\"8\" data-index-in-node=\"371\">Healthy Mandu Chay<\/b>.<\/p>\n<p data-path-to-node=\"8\"><img fetchpriority=\"high\" decoding=\"async\" class=\"aligncenter\" src=\"https:\/\/havamall.com\/wp-content\/uploads\/2026\/03\/667392-8934717401350_2.webp\" width=\"800\" height=\"800\" \/><\/p>\n<p data-path-to-node=\"9\">Mandu Healthy kh\u00f4ng ch\u1ec9 \u0111\u01a1n thu\u1ea7n l\u00e0 m\u1ed9t m\u00f3n chay thay th\u1ebf, m\u00e0 l\u00e0 k\u1ebft qu\u1ea3 c\u1ee7a qu\u00e1 tr\u00ecnh nghi\u00ean c\u1ee9u k\u1ef9 l\u01b0\u1ee1ng v\u1ec1 h\u01b0\u01a1ng v\u1ecb &#8220;Umami&#8221; t\u1ef1 nhi\u00ean t\u1eeb n\u1ea5m v\u00e0 c\u00e1c lo\u1ea1i rau c\u1ee7. V\u1edbi t\u00f4n ch\u1ec9 mang \u0111\u1ebfn b\u1eefa \u0103n &#8220;100% Protein t\u1eeb th\u1ef1c v\u1eadt&#8221; v\u00e0 &#8220;0% Cholesterol&#8221;, Bibigo Healthy Mandu l\u00e0 l\u1ef1a ch\u1ecdn ho\u00e0n h\u1ea3o cho nh\u1eefng ai \u0111ang t\u00ecm ki\u1ebfm s\u1ef1 c\u00e2n b\u1eb1ng gi\u1eefa h\u01b0\u01a1ng v\u1ecb th\u01a1m ngon v\u00e0 l\u1ee3i \u00edch s\u1ee9c kh\u1ecfe l\u00e2u d\u00e0i.<\/p>\n<p data-path-to-node=\"9\"><img decoding=\"async\" class=\"aligncenter\" src=\"https:\/\/havamall.com\/wp-content\/uploads\/2026\/03\/vn-11134207-7ra0g-m71pchk3v8m0a5.jpg\" width=\"800\" height=\"800\" \/><\/p>\n<h3 data-path-to-node=\"10\">\u0110\u1eb6C \u0110I\u1ec2M N\u1ed4I B\u1eacT V\u00c0 GI\u00c1 TR\u1eca DINH D\u01af\u1ee0NG C\u1ed0T L\u00d5I<\/h3>\n<p data-path-to-node=\"11\">\u2013\u00a0<b data-path-to-node=\"11\" data-index-in-node=\"103\">V\u1ecf b\u00e1nh m\u1ecfng dai<\/b>: L\u1edbp v\u1ecf \u0111\u01b0\u1ee3c nh\u00e0o n\u1eb7n k\u1ef9 l\u01b0\u1ee1ng, \u0111\u1ea1t \u0111\u1ed9 m\u1ecfng l\u00fd t\u01b0\u1edfng \u0111\u1ec3 khi ch\u1ebf bi\u1ebfn tr\u1edf n\u00ean trong su\u1ed1t nh\u01b0ng v\u1eabn gi\u1eef \u0111\u01b0\u1ee3c \u0111\u1ed9 dai d\u1ebbo, \u00f4m tr\u1ecdn ph\u1ea7n nh\u00e2n b\u00ean trong.<\/p>\n<p data-path-to-node=\"11\">\u2013\u00a0<b data-path-to-node=\"11\" data-index-in-node=\"270\">Nh\u00e2n b\u00e1nh \u0111a t\u1ea7ng<\/b>: S\u1ef1 k\u1ebft h\u1ee3p \u0111\u1ed9c \u0111\u00e1o gi\u1eefa \u0111\u1ed9 b\u00e9o b\u00f9i c\u1ee7a \u0111\u1eadu, v\u1ecb ng\u1ecdt thanh c\u1ee7a rau c\u1ee7 v\u00e0 h\u01b0\u01a1ng th\u01a1m n\u1ed3ng n\u00e0n t\u1eeb c\u00e1c lo\u1ea1i n\u1ea5m cao c\u1ea5p.<\/p>\n<p data-path-to-node=\"11\">\u2013\u00a0<b data-path-to-node=\"11\" data-index-in-node=\"408\">L\u00e0nh m\u1ea1nh tuy\u1ec7t \u0111\u1ed1i<\/b>: S\u1ea3n ph\u1ea9m ho\u00e0n to\u00e0n kh\u00f4ng ch\u1ee9a cholesterol, ph\u00f9 h\u1ee3p cho c\u1ea3 ng\u01b0\u1eddi \u0103n chay tr\u01b0\u1eddng, ng\u01b0\u1eddi \u0111ang gi\u1ea3m c\u00e2n ho\u1eb7c quan t\u00e2m \u0111\u1ebfn tim m\u1ea1ch.<\/p>\n<p data-path-to-node=\"11\">\u2013\u00a0<b data-path-to-node=\"11\" data-index-in-node=\"559\">Ngu\u1ed3n \u0111\u1ea1m th\u1ef1c v\u1eadt<\/b>: V\u1edbi th\u00e0nh ph\u1ea7n ch\u00ednh t\u1eeb t\u00e0u h\u0169 v\u00e0 \u0111\u1ea1m \u0111\u1eadu n\u00e0nh, s\u1ea3n ph\u1ea9m cung c\u1ea5p ngu\u1ed3n protein ch\u1ea5t l\u01b0\u1ee3ng cao, gi\u00fap c\u01a1 th\u1ec3 nh\u1eb9 nh\u00e0ng nh\u01b0ng v\u1eabn \u0111\u1ee7 n\u0103ng l\u01b0\u1ee3ng.<\/p>\n<p data-path-to-node=\"11\"><img decoding=\"async\" class=\"aligncenter\" src=\"https:\/\/havamall.com\/wp-content\/uploads\/2026\/03\/banh-xep-nhan-nam-Bibigo.jpg\" width=\"800\" height=\"800\" \/><\/p>\n<h3 data-path-to-node=\"12\">H\u01af\u1edaNG D\u1eaaN CH\u1ebe BI\u1ebeN \u0110A D\u1ea0NG TRONG 7 PH\u00daT<\/h3>\n<p data-path-to-node=\"14\">\u2013\u00a0<b data-path-to-node=\"14\" data-index-in-node=\"2\">B\u00e1nh x\u1ebfp chi\u00ean gi\u00f2n (Pan-fry)<\/b>: Cho m\u1ed9t \u00edt d\u1ea7u \u0103n v\u00e0o ch\u1ea3o, x\u1ebfp b\u00e1nh v\u00e0o v\u00e0 chi\u00ean \u1edf l\u1eeda v\u1eeba trong kho\u1ea3ng 7 ph\u00fat cho \u0111\u1ebfn khi v\u1ecf b\u00e1nh v\u00e0ng \u0111\u1ec1u.<\/p>\n<p data-path-to-node=\"14\">\u2013\u00a0<b data-path-to-node=\"14\" data-index-in-node=\"145\">B\u00e1nh x\u1ebfp h\u1ea5p (Steaming)<\/b>: \u0110\u1eb7t b\u00e1nh v\u00e0o n\u1ed3i h\u1ea5p khi n\u01b0\u1edbc \u0111\u00e3 s\u00f4i v\u00e0 h\u1ea5p trong kho\u1ea3ng 7 ph\u00fat \u0111\u1ec3 c\u1ea3m nh\u1eadn \u0111\u1ed9 m\u1ec1m m\u01b0\u1ee3t c\u1ee7a v\u1ecf b\u00e1nh.<\/p>\n<p data-path-to-node=\"14\">\u2013\u00a0<b data-path-to-node=\"14\" data-index-in-node=\"273\">B\u00e1nh x\u1ebfp n\u1ea5u s\u00fap\/l\u1ea9u<\/b>: Th\u00eam b\u00e1nh v\u00e0o n\u01b0\u1edbc d\u00f9ng l\u1ea9u ho\u1eb7c s\u00fap rau c\u1ee7, \u0111un s\u00f4i cho \u0111\u1ebfn khi b\u00e1nh n\u1ed5i l\u00ean l\u00e0 c\u00f3 th\u1ec3 th\u01b0\u1edfng th\u1ee9c b\u1eefa \u0103n thanh \u0111\u1ea1m.<\/p>\n<p data-path-to-node=\"14\"><img loading=\"lazy\" decoding=\"async\" class=\"aligncenter\" src=\"https:\/\/scontent.fsgn19-1.fna.fbcdn.net\/v\/t39.30808-6\/541333407_1211669587674393_4170297568612518641_n.jpg?_nc_cat=109&amp;ccb=1-7&amp;_nc_sid=13d280&amp;_nc_ohc=c6DoQWZWQ0IQ7kNvwHz_PKY&amp;_nc_oc=AdmkTfAwRcj-owuf23SnRJb0HphhAKhGs2rQ3n5jQtE0wFNL52lyqcNqIYXNE4Pgmzjt94gIuw5Tcmdhn8hvVekh&amp;_nc_zt=23&amp;_nc_ht=scontent.fsgn19-1.fna&amp;_nc_gid=XUs5NVnTFDYRtwo0G23jWA&amp;_nc_ss=8&amp;oh=00_AfyAqYhYZsk58pQJPKes1ZqhUakt3zNsXovKfT1Fw4hCAA&amp;oe=69B45241\" width=\"801\" height=\"801\" \/><\/p>\n<h3 data-path-to-node=\"15\">L\u01afU \u00dd B\u1ea2O QU\u1ea2N<\/h3>\n<p data-path-to-node=\"16\">\u0110\u1ec3 gi\u1eef tr\u1ecdn ch\u1ea5t l\u01b0\u1ee3ng, ng\u01b0\u1eddi d\u00f9ng c\u1ea7n b\u1ea3o qu\u1ea3n li\u00ean t\u1ee5c trong ng\u0103n \u0111\u00f4ng \u1edf nhi\u1ec7t \u0111\u1ed9 -18\u00b0C. Tr\u00e1nh vi\u1ec7c r\u00e3 \u0111\u00f4ng r\u1ed3i l\u1ea1i c\u1ea5p \u0111\u00f4ng l\u1ea1i nhi\u1ec1u l\u1ea7n v\u00ec s\u1ebd l\u00e0m \u1ea3nh h\u01b0\u1edfng \u0111\u1ebfn k\u1ebft c\u1ea5u c\u1ee7a v\u1ecf b\u00e1nh.\u00a0B\u00e1nh X\u1ebfp Healthy Mandu Chay Bibigo 1,505kg hi\u1ec7n \u0111ang \u0111\u01b0\u1ee3c b\u00e1n t\u1ea1i\u00a0<b data-path-to-node=\"17\" data-index-in-node=\"75\">Havamall<\/b>, \u0111\u01a1n v\u1ecb chuy\u00ean cung c\u1ea5p c\u00e1c d\u00f2ng th\u1ef1c ph\u1ea9m s\u1ea1ch v\u00e0 dinh d\u01b0\u1ee1ng, cam k\u1ebft mang \u0111\u1ebfn tr\u1ea3i nghi\u1ec7m \u1ea9m th\u1ef1c ch\u1ea5t l\u01b0\u1ee3ng nh\u1ea5t cho gia \u0111\u00ecnh b\u1ea1n.<\/p>\n<\/div>\n<\/div>\n<\/div>\n<\/div>","protected":false},"excerpt":{"rendered":"<p>TH\u00d4NG TIN S\u1ea2N PH\u1ea8M Th\u01b0\u01a1ng hi\u1ec7u Bibigo (CJ Foods) Xu\u1ea5t x\u1ee9 Vi\u1ec7t Nam Th\u00e0nh ph\u1ea7n Rau c\u1ee7 (27.4%), t\u00e0u h\u0169,<\/p>","protected":false},"featured_media":44448,"comment_status":"open","ping_status":"closed","template":"","meta":[],"product_brand":[],"product_cat":[677,275],"product_tag":[],"class_list":{"0":"post-44447","1":"product","2":"type-product","3":"status-publish","4":"has-post-thumbnail","6":"product_cat-cac-nuoc-khac","7":"product_cat-thuc-pham-dong-lanh","9":"first","10":"instock","11":"sale","12":"shipping-taxable","13":"purchasable","14":"product-type-simple"},"_links":{"self":[{"href":"https:\/\/havamall.vn\/en\/wp-json\/wp\/v2\/product\/44447"}],"collection":[{"href":"https:\/\/havamall.vn\/en\/wp-json\/wp\/v2\/product"}],"about":[{"href":"https:\/\/havamall.vn\/en\/wp-json\/wp\/v2\/types\/product"}],"replies":[{"embeddable":true,"href":"https:\/\/havamall.vn\/en\/wp-json\/wp\/v2\/comments?post=44447"}],"version-history":[{"count":0,"href":"https:\/\/havamall.vn\/en\/wp-json\/wp\/v2\/product\/44447\/revisions"}],"wp:featuredmedia":[{"embeddable":true,"href":"https:\/\/havamall.vn\/en\/wp-json\/wp\/v2\/media\/44448"}],"wp:attachment":[{"href":"https:\/\/havamall.vn\/en\/wp-json\/wp\/v2\/media?parent=44447"}],"wp:term":[{"taxonomy":"product_brand","embeddable":true,"href":"https:\/\/havamall.vn\/en\/wp-json\/wp\/v2\/product_brand?post=44447"},{"taxonomy":"product_cat","embeddable":true,"href":"https:\/\/havamall.vn\/en\/wp-json\/wp\/v2\/product_cat?post=44447"},{"taxonomy":"product_tag","embeddable":true,"href":"https:\/\/havamall.vn\/en\/wp-json\/wp\/v2\/product_tag?post=44447"}],"curies":[{"name":"wp","href":"https:\/\/api.w.org\/{rel}","templated":true}]}}