{"id":44444,"date":"2026-03-09T14:17:40","date_gmt":"2026-03-09T07:17:40","guid":{"rendered":"https:\/\/havamall.vn\/?post_type=product&#038;p=44444"},"modified":"2026-03-09T14:18:53","modified_gmt":"2026-03-09T07:18:53","slug":"sa-te-nam-huong-nuong-soulcay-195g-grilled-shiitake-chili-sauce","status":"publish","type":"product","link":"https:\/\/havamall.vn\/en\/shop\/sa-te-nam-huong-nuong-soulcay-195g-grilled-shiitake-chili-sauce\/","title":{"rendered":"Sa T\u1ebf N\u1ea5m H\u01b0\u01a1ng N\u01b0\u1edbng Soulcay 195g \u2013 Grilled Shiitake Chili Sauce"},"content":{"rendered":"<h3 data-path-to-node=\"2\">TH\u00d4NG TIN S\u1ea2N PH\u1ea8M<\/h3>\n<div class=\"horizontal-scroll-wrapper\">\n<div class=\"table-block-component\">\n<div class=\"table-block has-export-button new-table-style is-at-scroll-start is-at-scroll-end\">\n<div class=\"table-content not-end-of-paragraph\" data-hveid=\"0\" data-ved=\"0CAAQ3ecQahgKEwi3sKeglpKTAxUAAAAAHQAAAAAQmgE\">\n<table data-path-to-node=\"3\">\n<tbody>\n<tr>\n<td><span data-path-to-node=\"3,1,0,0\">Th\u01b0\u01a1ng hi\u1ec7u<\/span><\/td>\n<td><span data-path-to-node=\"3,1,1,0\">Soulcay<\/span><\/td>\n<\/tr>\n<tr>\n<td><span data-path-to-node=\"3,2,0,0\">Xu\u1ea5t x\u1ee9<\/span><\/td>\n<td><span data-path-to-node=\"3,2,1,0\">Vi\u1ec7t Nam<\/span><\/td>\n<\/tr>\n<tr>\n<td><span data-path-to-node=\"3,3,0,0\">Th\u00e0nh ph\u1ea7n<\/span><\/td>\n<td><span data-path-to-node=\"3,3,1,0\">D\u1ea7u g\u1ea1o, t\u1ecfi, s\u1ea3, h\u00e0nh t\u00edm, \u1edbt s\u1eebng, n\u1ea5m h\u01b0\u01a1ng kh\u00f4 (5.5%), mu\u1ed1i, \u0111\u01b0\u1eddng th\u1ed1t n\u1ed1t<\/span><\/td>\n<\/tr>\n<tr>\n<td><span data-path-to-node=\"3,4,0,0\">H\u1ea1n s\u1eed d\u1ee5ng<\/span><\/td>\n<td><span data-path-to-node=\"3,4,1,0\">12 th\u00e1ng k\u1ec3 t\u1eeb ng\u00e0y s\u1ea3n xu\u1ea5t<\/span><\/td>\n<\/tr>\n<tr>\n<td><span data-path-to-node=\"3,5,0,0\">B\u1ea3o qu\u1ea3n<\/span><\/td>\n<td><span data-path-to-node=\"3,5,1,0\">N\u01a1i kh\u00f4 r\u00e1o, tho\u00e1ng m\u00e1t, tr\u00e1nh \u00e1nh n\u1eafng tr\u1ef1c ti\u1ebfp. \u0110\u1eady k\u00edn n\u1eafp v\u00e0 b\u1ea3o qu\u1ea3n l\u1ea1nh sau khi m\u1edf<\/span><\/td>\n<\/tr>\n<tr>\n<td><span data-path-to-node=\"3,6,0,0\">Kh\u1ed1i l\u01b0\u1ee3ng<\/span><\/td>\n<td><span data-path-to-node=\"3,6,1,0\">195g<\/span><\/td>\n<\/tr>\n<\/tbody>\n<\/table>\n<p>Sa T\u1ebf N\u1ea5m H\u01b0\u01a1ng N\u01b0\u1edbng kh\u00f4ng ch\u1ec9 l\u00e0 m\u1ed9t h\u0169 gia v\u1ecb, m\u00e0 l\u00e0 k\u1ebft qu\u1ea3 c\u1ee7a s\u1ef1 nghi\u00ean c\u1ee9u v\u1ec1 h\u01b0\u01a1ng v\u1ecb &#8220;umami&#8221; t\u1ef1 nhi\u00ean. N\u1ea5m h\u01b0\u01a1ng sau khi \u0111\u01b0\u1ee3c n\u01b0\u1edbng ch\u00edn \u0111\u1ec3 d\u1eady m\u00f9i th\u01a1m \u0111\u1eb7c tr\u01b0ng c\u1ee7a kh\u00f3i s\u1ebd \u0111\u01b0\u1ee3c h\u00f2a quy\u1ec7n c\u00f9ng c\u00e1c lo\u1ea1i th\u1ea3o m\u1ed9c nh\u01b0 h\u00e0nh, t\u1ecfi, s\u1ea3 trong n\u1ec1n d\u1ea7u g\u1ea1o thanh khi\u1ebft.oulcay \u0111\u00e3 t\u1ea1o n\u00ean m\u1ed9t b\u01b0\u1edbc \u0111\u1ed9t ph\u00e1 m\u1edbi khi k\u1ebft h\u1ee3p tinh hoa c\u1ee7a n\u1ea5m h\u01b0\u01a1ng \u2013 lo\u1ea1i th\u1ea3o d\u01b0\u1ee3c qu\u00fd t\u1eeb thi\u00ean nhi\u00ean \u2013 v\u00e0o trong h\u0169 sa.<\/p>\n<p><img fetchpriority=\"high\" decoding=\"async\" class=\"aligncenter\" src=\"https:\/\/scontent.fsgn19-1.fna.fbcdn.net\/v\/t39.30808-6\/621554973_122152837676828957_1701523061542985381_n.jpg?_nc_cat=102&amp;ccb=1-7&amp;_nc_sid=13d280&amp;_nc_ohc=jNO0i6s7jLcQ7kNvwEsJ9R5&amp;_nc_oc=Adm6mPFa6YKDcRQ0GaE6qPwoRZYiZfmJE2NR10UuWJL1J5p6ziGDqOyJbvTN6GtEvACXyU8svxABKRitW-2Qb3HM&amp;_nc_zt=23&amp;_nc_ht=scontent.fsgn19-1.fna&amp;_nc_gid=rXo3kaCAedV_pRd2Q7f_bQ&amp;_nc_ss=8&amp;oh=00_AfzYpfftdeWA5OgZDcrfK4OzAT0LJkUogIN2yrn__wkcUw&amp;oe=69B43B96\" alt=\"C\u00f3 th\u1ec3 l\u00e0 h\u00ecnh \u1ea3nh v\u1ec1 c\u00e1 c\u01a1m bi\u1ec3n v\u00e0 v\u0103n b\u1ea3n\" width=\"803\" height=\"803\" \/><\/p>\n<h3 data-path-to-node=\"8\">\u0110\u1eb6C \u0110I\u1ec2M N\u1ed4I B\u1eacT V\u00c0 S\u1ef0 KH\u00c1C BI\u1ec6T TRONG T\u1eeaNG L\u1edaP GIA V\u1eca<\/h3>\n<p data-path-to-node=\"9\">Khi m\u1edf n\u1eafp, d\u1ec5 d\u00e0ng b\u1eaft g\u1eb7p nh\u1eefng mi\u1ebfng n\u1ea5m h\u01b0\u01a1ng n\u01b0\u1edbng dai gi\u00f2n li ti \u0111an xen c\u00f9ng \u1edbt v\u00e0 t\u1ecfi b\u0103m. K\u1ebft c\u1ea5u n\u00e0y t\u1ea1o n\u00ean s\u1ef1 th\u00fa v\u1ecb khi th\u01b0\u1edfng th\u1ee9c, kh\u00f4ng ch\u1ec9 l\u00e0 s\u1ed1t l\u1ecfng m\u00e0 c\u00f2n c\u00f3 \u0111\u1ed9 &#8220;nhai&#8221; r\u1ea5t b\u1eaft mi\u1ec7ng. H\u01b0\u01a1ng th\u01a1m \u0111\u1ed9c b\u1ea3n l\u00e0 m\u00f9i th\u01a1m kh\u00f3i (smoky) \u0111\u1eb7c tr\u01b0ng t\u1eeb n\u1ea5m n\u01b0\u1edbng, h\u00f2a quy\u1ec7n v\u1edbi m\u00f9i th\u01a1m n\u1ed3ng n\u00e0n c\u1ee7a s\u1ea3 v\u00e0 h\u00e0nh t\u00edm, t\u1ea1o n\u00ean m\u1ed9t t\u1ea7ng h\u01b0\u01a1ng s\u00e2u l\u1eafng, k\u00edch th\u00edch v\u1ecb gi\u00e1c ngay l\u1eadp t\u1ee9c. V\u1ecb cay c\u1ee7a \u1edbt s\u1eebng \u0111\u01b0\u1ee3c c\u00e2n b\u1eb1ng ho\u00e0n h\u1ea3o b\u1edfi v\u1ecb ng\u1ecdt thanh t\u1eeb \u0111\u01b0\u1eddng th\u1ed1t n\u1ed1t v\u00e0 v\u1ecb ng\u1ecdt \u0111\u1eadm (umami) t\u1eeb n\u1ea5m h\u01b0\u01a1ng kh\u00f4. S\u1ef1 k\u1ebft h\u1ee3p n\u00e0y mang \u0111\u1ebfn h\u1eadu v\u1ecb h\u00e0i h\u00f2a, cay nh\u01b0ng kh\u00f4ng g\u1eaft, ng\u1ecdt nh\u01b0ng kh\u00f4ng s\u1ebfn.<\/p>\n<p data-path-to-node=\"9\"><img decoding=\"async\" class=\"aligncenter\" src=\"https:\/\/scontent.fsgn19-1.fna.fbcdn.net\/v\/t39.30808-6\/616979632_122152613732828957_6489738005379923183_n.jpg?_nc_cat=105&amp;ccb=1-7&amp;_nc_sid=13d280&amp;_nc_ohc=n9Yyh6mOj74Q7kNvwGv_Zyj&amp;_nc_oc=AdnbmBv5sQHnOwIDUnJW3DcUP7uNI-WN6_LdsJRckzSc53OjCLYGdkQqLiZU2-VX3yPxEvP12l6QzsVj8VWhVj4C&amp;_nc_zt=23&amp;_nc_ht=scontent.fsgn19-1.fna&amp;_nc_gid=jjlcITmU7cFu08aMocFLrw&amp;_nc_ss=8&amp;oh=00_AfxdDVmb3oX7pt73Q-cLnzIzWKEfMxBuG94HumirKTGM3w&amp;oe=69B44AC2\" alt=\"Kh\u00f4ng c\u00f3 m\u00f4 t\u1ea3 \u1ea3nh.\" width=\"804\" height=\"452\" \/><\/p>\n<p data-path-to-node=\"10\">V\u1ec1 gi\u00e1 tr\u1ecb dinh d\u01b0\u1ee1ng, vi\u1ec7c s\u1eed d\u1ee5ng d\u1ea7u g\u1ea1o thay cho c\u00e1c lo\u1ea1i m\u1ee1 \u0111\u1ed9ng v\u1eadt hay d\u1ea7u t\u00e1i ch\u1ebf gi\u00fap s\u1ea3n ph\u1ea9m gi\u00e0u Vitamin E v\u00e0 Oryzanol, t\u1ed1t cho tim m\u1ea1ch. N\u1ea5m h\u01b0\u01a1ng c\u00f3 trong th\u00e0nh ph\u1ea7n c\u00f2n cung c\u1ea5p th\u00eam c\u00e1c acid amin thi\u1ebft y\u1ebfu v\u00e0 ch\u1ea5t ch\u1ed1ng oxy h\u00f3a. \u0110\u1eb7c bi\u1ec7t, Soulcay cam k\u1ebft kh\u00f4ng s\u1eed d\u1ee5ng ch\u1ea5t b\u1ea3o qu\u1ea3n hay ph\u1ea9m m\u00e0u nh\u00e2n t\u1ea1o, \u0111\u1ea3m b\u1ea3o an to\u00e0n tuy\u1ec7t \u0111\u1ed1i cho s\u1ee9c kh\u1ecfe, k\u1ec3 c\u1ea3 nh\u1eefng ng\u01b0\u1eddi \u0111ang theo ch\u1ebf \u0111\u1ed9 \u0103n chay ho\u1eb7c th\u1ef1c d\u01b0\u1ee1ng.<\/p>\n<h3 data-path-to-node=\"11\">H\u01af\u1edaNG D\u1eaaN C\u00c1CH D\u00d9NG V\u00c0 S\u00c1NG T\u1ea0O \u1ea8M TH\u1ef0C<\/h3>\n<p data-path-to-node=\"13\"><b data-path-to-node=\"13\" data-index-in-node=\"0\">1. Gia v\u1ecb ch\u1ea5m tr\u1ef1c ti\u1ebfp:<\/b><\/p>\n<p data-path-to-node=\"13\">\u2013 S\u1eed d\u1ee5ng l\u00e0m n\u01b0\u1edbc ch\u1ea5m cho c\u00e1c m\u00f3n th\u1ecbt lu\u1ed9c, g\u00e0 h\u1ea5p ho\u1eb7c h\u1ea3i s\u1ea3n. V\u1ecb ng\u1ecdt th\u01a1m c\u1ee7a n\u1ea5m n\u01b0\u1edbng s\u1ebd l\u00e0m n\u1ed5i b\u1eadt \u0111\u1ed9 t\u01b0\u01a1i c\u1ee7a th\u1ef1c ph\u1ea9m ch\u00ednh.<\/p>\n<p data-path-to-node=\"13\">\u2013 Tr\u1ed9n c\u00f9ng m\u1ed9t \u00edt n\u01b0\u1edbc t\u01b0\u01a1ng ho\u1eb7c chao \u0111\u1ec3 t\u1ea1o th\u00e0nh s\u1ed1t ch\u1ea5m \u0111\u1ed9c \u0111\u00e1o cho c\u00e1c m\u00f3n l\u1ea9u chay v\u00e0 m\u1eb7n.<\/p>\n<p data-path-to-node=\"13\"><img decoding=\"async\" class=\"aligncenter\" src=\"https:\/\/scontent.fsgn19-1.fna.fbcdn.net\/v\/t39.30808-6\/618093084_122152616156828957_711748089447049303_n.jpg?_nc_cat=110&amp;ccb=1-7&amp;_nc_sid=13d280&amp;_nc_ohc=dpdy6-9qbSkQ7kNvwGFG7PB&amp;_nc_oc=AdmyfzFPQYM6-6RRUvAsuGnyyn3kYU-j0gBAdPxN5yeZ2HEMrVVzt-R9aGcUkeMbRLT6NTn1ELSJ75q-uEx-r7lP&amp;_nc_zt=23&amp;_nc_ht=scontent.fsgn19-1.fna&amp;_nc_gid=mLIP3QUHLt-2udGq2Mwmhg&amp;_nc_ss=8&amp;oh=00_Afx7D2rxHI2Jqg5qkD6YRurKf8Ki7HxSnTCdtBK-aIto5Q&amp;oe=69B43963\" alt=\"C\u00f3 th\u1ec3 l\u00e0 h\u00ecnh \u1ea3nh v\u1ec1 v\u0103n b\u1ea3n cho bi\u1ebft 'SOULCA O SOULCAY soxTC SOUIC'\" width=\"801\" height=\"533\" \/><\/p>\n<p data-path-to-node=\"14\"><b data-path-to-node=\"14\" data-index-in-node=\"0\">2. Linh h\u1ed3n c\u1ee7a c\u00e1c m\u00f3n n\u01b0\u1edbng v\u00e0 x\u00e0o:<\/b><\/p>\n<p data-path-to-node=\"14\">\u2013 D\u00f9ng \u0111\u1ec3 \u01b0\u1edbp th\u1ecbt, c\u00e1 ho\u1eb7c \u0111\u1eadu h\u0169 tr\u01b0\u1edbc khi n\u01b0\u1edbng. L\u1edbp sa t\u1ebf s\u1ebd b\u00e1m \u0111\u1ec1u, t\u1ea1o m\u00e0u n\u00e2u \u0111\u1ecf \u0111\u1eb9p m\u1eaft v\u00e0 gi\u00fap m\u00f3n \u0103n c\u00f3 m\u00f9i kh\u00f3i nh\u01b0 \u0111\u01b0\u1ee3c n\u01b0\u1edbng tr\u00ean than h\u1ed3ng chuy\u00ean nghi\u1ec7p.<\/p>\n<p data-path-to-node=\"14\">\u2013 Th\u00eam v\u00e0o c\u00e1c m\u00f3n x\u00e0o rau c\u1ee7 ho\u1eb7c c\u01a1m chi\u00ean \u1edf b\u01b0\u1edbc cu\u1ed1i c\u00f9ng \u0111\u1ec3 t\u0103ng th\u00eam \u0111\u1ed9 \u0111\u1eadm \u0111\u00e0 v\u00e0 h\u01b0\u01a1ng th\u01a1m n\u1ed3ng n\u00e0n.<\/p>\n<p data-path-to-node=\"14\"><img loading=\"lazy\" decoding=\"async\" class=\"aligncenter\" src=\"https:\/\/scontent.fsgn19-1.fna.fbcdn.net\/v\/t39.30808-6\/619302933_122152710008828957_8457360310365591329_n.jpg?_nc_cat=108&amp;ccb=1-7&amp;_nc_sid=13d280&amp;_nc_ohc=MXryNgRA0k0Q7kNvwHXHrw6&amp;_nc_oc=Admr5N7ZrRLHCAeElafC9ddM_neXpE1IiqSw848TDzNjuKQwbUxmrnpsevUM8BaUlNo6g5-L_WrouTKZRajJaPSC&amp;_nc_zt=23&amp;_nc_ht=scontent.fsgn19-1.fna&amp;_nc_gid=5lncKbOI0VOPP1UlJqLv2Q&amp;_nc_ss=8&amp;oh=00_Afynn61SmezYoLBKT4bZlUxgu82cRQKZzxmDpM62tKOuYQ&amp;oe=69B4343C\" alt=\"C\u00f3 th\u1ec3 l\u00e0 h\u00ecnh \u1ea3nh v\u1ec1 v\u0103n b\u1ea3n cho bi\u1ebft 'SOULCAY'\" width=\"801\" height=\"1131\" \/><\/p>\n<p data-path-to-node=\"15\"><b data-path-to-node=\"15\" data-index-in-node=\"0\">3. \u0102n k\u00e8m c\u00e1c m\u00f3n n\u01b0\u1edbc:<\/b>\u00a0 M\u1ed9t mu\u1ed7ng sa t\u1ebf n\u1ea5m h\u01b0\u01a1ng n\u01b0\u1edbng cho v\u00e0o b\u00e1t ph\u1edf, b\u00fan b\u00f2 Hu\u1ebf hay h\u1ee7 ti\u1ebfu s\u1ebd gi\u00fap n\u01b0\u1edbc d\u00f9ng tr\u1edf n\u00ean s\u00e2u v\u1ecb v\u00e0 quy\u1ebfn r\u0169 h\u01a1n. \u0110\u1eb7c bi\u1ec7t, \u0111\u00e2y l\u00e0 &#8220;c\u1ee9u c\u00e1nh&#8221; tuy\u1ec7t v\u1eddi cho c\u00e1c lo\u1ea1i m\u00ec g\u00f3i, bi\u1ebfn m\u00f3n \u0103n nhanh tr\u1edf n\u00ean th\u01b0\u1ee3ng h\u1ea1ng h\u01a1n.<\/p>\n<p data-path-to-node=\"15\"><img loading=\"lazy\" decoding=\"async\" class=\"aligncenter\" src=\"https:\/\/scontent.fsgn19-1.fna.fbcdn.net\/v\/t39.30808-6\/623106588_122152838384828957_7226432264188745870_n.jpg?_nc_cat=102&amp;ccb=1-7&amp;_nc_sid=13d280&amp;_nc_ohc=MPPSXWCqcY0Q7kNvwGOYdf7&amp;_nc_oc=Adk0zL76E7pZviKwgTI9jJPR3nhA9joZ1kiOKFpalkV9BtONzSvysXBElY2OjtYMIgU1W5dwyfxM3MQ7ePlVNGbx&amp;_nc_zt=23&amp;_nc_ht=scontent.fsgn19-1.fna&amp;_nc_gid=tD8oXCwqYYwSRr_v9ro6TQ&amp;_nc_ss=8&amp;oh=00_Afy5y5L3DYdJ_qzgqbFTIkSB0zpaCLIzkZ0LdyCDNI6oAA&amp;oe=69B45911\" alt=\"C\u00f3 th\u1ec3 l\u00e0 h\u00ecnh \u1ea3nh v\u1ec1 m\u1ef3\" width=\"800\" height=\"800\" \/><\/p>\n<h3 data-path-to-node=\"16\">M\u1ede R\u1ed8NG KI\u1ebeN TH\u1ee8C V\u1ec0 B\u1ea2O QU\u1ea2N GIA V\u1eca T\u1ef0 NHI\u00caN<\/h3>\n<p data-path-to-node=\"17\">Do s\u1ea3n ph\u1ea9m s\u1eed d\u1ee5ng nguy\u00ean li\u1ec7u ho\u00e0n to\u00e0n t\u1ef1 nhi\u00ean v\u00e0 kh\u00f4ng ch\u1ee9a ch\u1ea5t b\u1ea3o qu\u1ea3n, vi\u1ec7c gi\u1eef g\u00ecn ch\u1ea5t l\u01b0\u1ee3ng sau khi m\u1edf n\u1eafp l\u00e0 v\u00f4 c\u00f9ng quan tr\u1ecdng. Lu\u00f4n s\u1eed d\u1ee5ng mu\u1ed7ng s\u1ea1ch v\u00e0 kh\u00f4 \u0111\u1ec3 l\u1ea5y gia v\u1ecb, tr\u00e1nh l\u00e0m nhi\u1ec5m b\u1ea9n h\u0169 s\u1ed1t. Vi\u1ec7c b\u1ea3o qu\u1ea3n trong ng\u0103n m\u00e1t t\u1ee7 l\u1ea1nh kh\u00f4ng ch\u1ec9 gi\u00fap gi\u1eef m\u00e0u s\u1eafc c\u1ee7a \u1edbt lu\u00f4n t\u01b0\u01a1i m\u1edbi m\u00e0 c\u00f2n ng\u0103n ch\u1eb7n qu\u00e1 tr\u00ecnh oxy h\u00f3a c\u1ee7a d\u1ea7u g\u1ea1o, gi\u00fap m\u00f9i kh\u00f3i t\u1eeb n\u1ea5m n\u01b0\u1edbng lu\u00f4n n\u1ed3ng n\u00e0n nh\u01b0 ng\u00e0y \u0111\u1ea7u ti\u00ean.<\/p>\n<p data-path-to-node=\"18\">Sa T\u1ebf N\u1ea5m H\u01b0\u01a1ng N\u01b0\u1edbng Soulcay 195g hi\u1ec7n \u0111ang \u0111\u01b0\u1ee3c ph\u00e2n ph\u1ed1i t\u1ea1i\u00a0<b data-path-to-node=\"18\" data-index-in-node=\"73\">Havamall<\/b>, \u0111\u01a1n v\u1ecb chuy\u00ean nh\u1eadp kh\u1ea9u v\u00e0 cung c\u1ea5p c\u00e1c d\u00f2ng th\u1ef1c ph\u1ea9m s\u1ea1ch, \u0111\u1eb7c s\u1ea3n cao c\u1ea5p, cam k\u1ebft h\u00e0ng ch\u00ednh h\u00e3ng 100% \u0111\u1ebfn tay ng\u01b0\u1eddi ti\u00eau d\u00f9ng.<\/p>\n<\/div>\n<\/div>\n<\/div>\n<\/div>","protected":false},"excerpt":{"rendered":"<p>TH\u00d4NG TIN S\u1ea2N PH\u1ea8M Th\u01b0\u01a1ng hi\u1ec7u Soulcay Xu\u1ea5t x\u1ee9 Vi\u1ec7t Nam Th\u00e0nh ph\u1ea7n D\u1ea7u g\u1ea1o, t\u1ecfi, s\u1ea3, h\u00e0nh t\u00edm, \u1edbt<\/p>","protected":false},"featured_media":44446,"comment_status":"open","ping_status":"closed","template":"","meta":[],"product_brand":[],"product_cat":[677,595,154],"product_tag":[],"class_list":{"0":"post-44444","1":"product","2":"type-product","3":"status-publish","4":"has-post-thumbnail","6":"product_cat-cac-nuoc-khac","7":"product_cat-gia-vi-va-che-bien","8":"product_cat-gia-vi","10":"first","11":"instock","12":"sale","13":"shipping-taxable","14":"purchasable","15":"product-type-simple"},"_links":{"self":[{"href":"https:\/\/havamall.vn\/en\/wp-json\/wp\/v2\/product\/44444"}],"collection":[{"href":"https:\/\/havamall.vn\/en\/wp-json\/wp\/v2\/product"}],"about":[{"href":"https:\/\/havamall.vn\/en\/wp-json\/wp\/v2\/types\/product"}],"replies":[{"embeddable":true,"href":"https:\/\/havamall.vn\/en\/wp-json\/wp\/v2\/comments?post=44444"}],"version-history":[{"count":0,"href":"https:\/\/havamall.vn\/en\/wp-json\/wp\/v2\/product\/44444\/revisions"}],"wp:featuredmedia":[{"embeddable":true,"href":"https:\/\/havamall.vn\/en\/wp-json\/wp\/v2\/media\/44446"}],"wp:attachment":[{"href":"https:\/\/havamall.vn\/en\/wp-json\/wp\/v2\/media?parent=44444"}],"wp:term":[{"taxonomy":"product_brand","embeddable":true,"href":"https:\/\/havamall.vn\/en\/wp-json\/wp\/v2\/product_brand?post=44444"},{"taxonomy":"product_cat","embeddable":true,"href":"https:\/\/havamall.vn\/en\/wp-json\/wp\/v2\/product_cat?post=44444"},{"taxonomy":"product_tag","embeddable":true,"href":"https:\/\/havamall.vn\/en\/wp-json\/wp\/v2\/product_tag?post=44444"}],"curies":[{"name":"wp","href":"https:\/\/api.w.org\/{rel}","templated":true}]}}