{"id":44409,"date":"2026-02-28T10:01:08","date_gmt":"2026-02-28T03:01:08","guid":{"rendered":"https:\/\/havamall.vn\/?post_type=product&#038;p=44409"},"modified":"2026-02-28T10:01:10","modified_gmt":"2026-02-28T03:01:10","slug":"gao-lut-basmati-an-do-daawat-1kg-daawat-quick-cooking-brown-basmati-rice","status":"publish","type":"product","link":"https:\/\/havamall.vn\/en\/shop\/gao-lut-basmati-an-do-daawat-1kg-daawat-quick-cooking-brown-basmati-rice\/","title":{"rendered":"G\u1ea1o L\u1ee9t Basmati \u1ea4n \u0110\u1ed9 Daawat 1kg \u2013 Daawat Quick Cooking Brown Basmati Rice"},"content":{"rendered":"<h3 data-path-to-node=\"2\">TH\u00d4NG TIN S\u1ea2N PH\u1ea8M<\/h3>\n<div class=\"horizontal-scroll-wrapper\">\n<div class=\"table-block-component\">\n<div class=\"table-block has-export-button is-at-scroll-start is-at-scroll-end\">\n<div class=\"table-content not-end-of-paragraph\" data-hveid=\"0\" data-ved=\"0CAAQ3ecQahcKEwjrs-yjr_mSAxUAAAAAHQAAAAAQUg\">\n<table data-path-to-node=\"3\">\n<tbody>\n<tr>\n<td><span data-path-to-node=\"3,1,0,0\">Th\u01b0\u01a1ng hi\u1ec7u<\/span><\/td>\n<td><span data-path-to-node=\"3,1,1,0\">Daawat<\/span><\/td>\n<\/tr>\n<tr>\n<td><span data-path-to-node=\"3,2,0,0\">Xu\u1ea5t x\u1ee9<\/span><\/td>\n<td><span data-path-to-node=\"3,2,1,0\">\u1ea4n \u0110\u1ed9<\/span><\/td>\n<\/tr>\n<tr>\n<td><span data-path-to-node=\"3,3,0,0\">Th\u00e0nh ph\u1ea7n<\/span><\/td>\n<td><span data-path-to-node=\"3,3,1,0\">100% G\u1ea1o l\u1ee9t Basmati nguy\u00ean c\u00e1m<\/span><\/td>\n<\/tr>\n<tr>\n<td><span data-path-to-node=\"3,4,0,0\">H\u1ea1n s\u1eed d\u1ee5ng<\/span><\/td>\n<td><span data-path-to-node=\"3,4,1,0\">24 th\u00e1ng k\u1ec3 t\u1eeb ng\u00e0y s\u1ea3n xu\u1ea5t<\/span><\/td>\n<\/tr>\n<tr>\n<td><span data-path-to-node=\"3,5,0,0\">B\u1ea3o qu\u1ea3n<\/span><\/td>\n<td><span data-path-to-node=\"3,5,1,0\">N\u01a1i kh\u00f4 r\u00e1o, tho\u00e1ng m\u00e1t, tr\u00e1nh \u00e1nh n\u1eafng tr\u1ef1c ti\u1ebfp v\u00e0 c\u00f4n tr\u00f9ng<\/span><\/td>\n<\/tr>\n<tr>\n<td><span data-path-to-node=\"3,6,0,0\">Kh\u1ed1i l\u01b0\u1ee3ng<\/span><\/td>\n<td><span data-path-to-node=\"3,6,1,0\">1kg<\/span><\/td>\n<\/tr>\n<\/tbody>\n<\/table>\n<p>G\u1ea1o L\u1ee9t Basmati Daawat kh\u00f4ng ch\u1ec9 \u0111\u01a1n thu\u1ea7n l\u00e0 m\u1ed9t lo\u1ea1i ng\u0169 c\u1ed1c, m\u00e0 l\u00e0 s\u1ef1 k\u1ebft h\u1ee3p ho\u00e0n h\u1ea3o gi\u1eefa gi\u1ed1ng g\u1ea1o &#8220;N\u1eef ho\u00e0ng&#8221; Basmati tr\u1ee9 danh v\u00e0 ph\u01b0\u01a1ng ph\u00e1p gi\u1eef nguy\u00ean l\u1edbp c\u00e1m dinh d\u01b0\u1ee1ng. \u0110\u01b0\u1ee3c canh t\u00e1c t\u1ea1i nh\u1eefng v\u00f9ng \u0111\u1ea5t m\u00e0u m\u1ee1 nh\u1ea5t \u1edf ch\u00e2n n\u00fai Himalaya, n\u01a1i th\u1eeba h\u01b0\u1edfng ngu\u1ed3n n\u01b0\u1edbc kho\u00e1ng tinh khi\u1ebft t\u1eeb b\u0103ng tan, m\u1ed7i h\u1ea1t g\u1ea1o Daawat \u0111\u1ec1u ch\u1ee9a \u0111\u1ef1ng tinh t\u00fay c\u1ee7a \u0111\u1ea5t tr\u1eddi \u1ea4n \u0110\u1ed9.<\/p>\n<p><img fetchpriority=\"high\" decoding=\"async\" class=\"aligncenter\" src=\"https:\/\/scontent.fsgn19-1.fna.fbcdn.net\/v\/t1.6435-9\/47319242_2223306044556727_9146980404203356160_n.jpg?_nc_cat=107&amp;ccb=1-7&amp;_nc_sid=13d280&amp;_nc_ohc=j7ubnhdbxhEQ7kNvwHx8pfr&amp;_nc_oc=Adnz01utUYCy7UxnpOV4dSQMvu8k3zh_fYL0yL2TPWshQrsxGuaxqgvbYnBVFKqqmSame3bTc0uAqeJXSei3oHXp&amp;_nc_zt=23&amp;_nc_ht=scontent.fsgn19-1.fna&amp;_nc_gid=nJuvu80O96nRxvtV0ujSjw&amp;_nc_ss=8&amp;oh=00_Afux-DHBhzRO6VfIKsqTg2JD4e-4Km9q9upwjiA2frh3bA&amp;oe=69C9BADA\" alt=\"Kh\u00f4ng c\u00f3 m\u00f4 t\u1ea3 \u1ea3nh.\" width=\"800\" height=\"800\" \/><\/p>\n<p>Th\u01b0\u01a1ng hi\u1ec7u Daawat t\u1eeb l\u00e2u \u0111\u00e3 kh\u1eb3ng \u0111\u1ecbnh v\u1ecb th\u1ebf nh\u1edd quy tr\u00ecnh ki\u1ec3m so\u00e1t ch\u1ea5t l\u01b0\u1ee3ng nghi\u00eam ng\u1eb7t. Kh\u00e1c v\u1edbi c\u00e1c lo\u1ea1i g\u1ea1o l\u1ee9t th\u00f4ng th\u01b0\u1eddng v\u1ed1n c\u1ea7n th\u1eddi gian n\u1ea5u r\u1ea5t l\u00e2u v\u00e0 k\u1ebft c\u1ea5u th\u01b0\u1eddng c\u1ee9ng, Daawat \u0111\u00e3 \u00e1p d\u1ee5ng c\u00f4ng ngh\u1ec7 HET (Hydration Enhancement Technology) \u0111\u1ed9c quy\u1ec1n l\u00e0 b\u01b0\u1edbc \u0111\u1ed9t ph\u00e1 gi\u00fap h\u1ea1t g\u1ea1o l\u1ee9t v\u1eabn gi\u1eef tr\u1ecdn v\u1eb9n l\u1edbp v\u1ecf c\u00e1m nguy\u00ean b\u1ea3n nh\u01b0ng l\u1ea1i c\u00f3 kh\u1ea3 n\u0103ng h\u1ea5p th\u1ee5 n\u01b0\u1edbc nhanh h\u01a1n, r\u00fat ng\u1eafn th\u1eddi gian n\u1ea5u n\u01b0\u1edbng \u0111\u00e1ng k\u1ec3 m\u00e0 v\u1eabn \u0111\u1ea3m b\u1ea3o \u0111\u1ed9 m\u1ec1m d\u1ebbo tuy\u1ec7t v\u1eddi.<\/p>\n<p><img decoding=\"async\" class=\"aligncenter\" src=\"https:\/\/havamall.com\/wp-content\/uploads\/2026\/02\/daawat-rice-and-rice-products-07-01-2021-110-219989275-hiskq.jpg\" alt=\"Daawat Quick Cooking Brown Basmati Rice in Mumbai at best price by Mangilal Chelaram Stores - Justdial\" width=\"800\" height=\"343\" \/><\/p>\n<h3 data-path-to-node=\"8\">\u0110\u1eb6C \u0110I\u1ec2M N\u1ed4I B\u1eacT V\u00c0 GI\u00c1 TR\u1eca DINH D\u01af\u1ee0NG HO\u00c0N H\u1ea2O<\/h3>\n<p data-path-to-node=\"9\">H\u1ea1t g\u1ea1o thon d\u00e0i \u0111\u1eb7c tr\u01b0ng c\u1ee7a d\u00f2ng Basmati, mang m\u00e0u n\u00e2u nh\u1ea1t t\u1ef1 nhi\u00ean c\u1ee7a l\u1edbp v\u1ecf c\u00e1m nguy\u00ean h\u1ea1t (Wholegrain). Nh\u1edd c\u00f4ng ngh\u1ec7 n\u1ea5u nhanh, h\u1ea1t c\u01a1m sau khi ch\u00edn t\u01a1i x\u1ed1p, m\u1ec1m m\u1ea1i v\u00e0 kh\u00f4ng h\u1ec1 b\u1ecb kh\u00f4 c\u1ee9ng hay b\u1ebft d\u00ednh, m\u00f9i th\u01a1m h\u1ea1t d\u1ebb tinh t\u1ebf h\u00f2a quy\u1ec7n c\u00f9ng h\u01b0\u01a1ng l\u00e1 d\u1ee9a \u0111\u1eb7c tr\u01b0ng, mang l\u1ea1i c\u1ea3m gi\u00e1c ngon mi\u1ec7ng v\u00e0 th\u01b0 s\u01b0\u1edbng khi th\u01b0\u1edfng th\u1ee9c.<\/p>\n<p data-path-to-node=\"9\"><img decoding=\"async\" class=\"aligncenter wp-image-44885\" src=\"https:\/\/havamall.com\/wp-content\/uploads\/2026\/02\/brown-basmati-rice.jpg\" alt=\"\" width=\"801\" height=\"534\" \/><\/p>\n<p data-path-to-node=\"10\">V\u1ec1 ph\u01b0\u01a1ng di\u1ec7n s\u1ee9c kh\u1ecfe, do gi\u1eef nguy\u00ean l\u1edbp v\u1ecf c\u00e1m v\u00e0 m\u1ea7m g\u1ea1o, ch\u1ee9a h\u00e0m l\u01b0\u1ee3ng ch\u1ea5t x\u01a1 c\u1ef1c cao, h\u1ed7 tr\u1ee3 h\u1ec7 ti\u00eau h\u00f3a ho\u1ea1t \u0111\u1ed9ng tr\u01a1n tru v\u00e0 t\u1ea1o c\u1ea3m gi\u00e1c no l\u00e2u, c\u1ef1c k\u1ef3 hi\u1ec7u qu\u1ea3 cho vi\u1ec7c ki\u1ec3m so\u00e1t c\u00e2n n\u1eb7ng. \u0110\u1eb7c bi\u1ec7t, g\u1ea1o l\u1ee9t Basmati c\u00f3 ch\u1ec9 s\u1ed1 \u0111\u01b0\u1eddng huy\u1ebft (GI) th\u1ea5p, gi\u00fap \u1ed5n \u0111\u1ecbnh l\u01b0\u1ee3ng \u0111\u01b0\u1eddng trong m\u00e1u, l\u00e0 l\u1ef1a ch\u1ecdn an to\u00e0n cho ng\u01b0\u1eddi m\u1eafc b\u1ec7nh ti\u1ec3u \u0111\u01b0\u1eddng ho\u1eb7c tim m\u1ea1ch. Ngo\u00e0i ra, ngu\u1ed3n Vitamin v\u00e0 kho\u00e1ng ch\u1ea5t d\u1ed3i d\u00e0o trong g\u1ea1o c\u00f2n gi\u00fap t\u0103ng c\u01b0\u1eddng h\u1ec7 mi\u1ec5n d\u1ecbch v\u00e0 b\u1ea3o v\u1ec7 t\u1ebf b\u00e0o kh\u1ecfi qu\u00e1 tr\u00ecnh oxy h\u00f3a.<\/p>\n<p data-path-to-node=\"10\"><img loading=\"lazy\" decoding=\"async\" class=\"aligncenter wp-image-44886\" src=\"https:\/\/havamall.com\/wp-content\/uploads\/2026\/02\/img_2935-scaled.jpg\" alt=\"\" width=\"800\" height=\"600\" \/><\/p>\n<h3 data-path-to-node=\"11\">H\u01af\u1edaNG D\u1eaaN CH\u1ebe BI\u1ebeN V\u00c0 C\u00c1C M\u00d3N \u0102N TH\u1ef0C D\u01af\u1ee0NG<\/h3>\n<p data-path-to-node=\"13\"><b data-path-to-node=\"13\" data-index-in-node=\"0\">1. C\u00e1ch n\u1ea5u nhanh trong 15 ph\u00fat:<\/b><\/p>\n<p data-path-to-node=\"13\">\u2013 Vo nh\u1eb9 g\u1ea1o \u0111\u1ec3 lo\u1ea1i b\u1ecf b\u1ee5i b\u1ea9n (kh\u00f4ng c\u1ea7n ng\u00e2m tr\u01b0\u1edbc qu\u00e1 l\u00e2u nh\u01b0 g\u1ea1o l\u1ee9t th\u01b0\u1eddng).<\/p>\n<p data-path-to-node=\"13\">\u2013 T\u1ef7 l\u1ec7 chu\u1ea9n l\u00e0 1 b\u00e1t g\u1ea1o \u0111i k\u00e8m v\u1edbi 2.5 b\u00e1t n\u01b0\u1edbc.<\/p>\n<p data-path-to-node=\"13\">\u2013 N\u1ea5u trong n\u1ed3i c\u01a1m \u0111i\u1ec7n ho\u1eb7c n\u1ed3i th\u01b0\u1eddng, c\u01a1m s\u1ebd ch\u00edn m\u1ec1m v\u00e0 th\u01a1m l\u1eebng ch\u1ec9 sau kho\u1ea3ng 15 ph\u00fat, gi\u00fap ti\u1ebft ki\u1ec7m th\u1eddi gian t\u1ed1i \u0111a cho nh\u1eefng ng\u01b0\u1eddi b\u1eadn r\u1ed9n.<\/p>\n<p data-path-to-node=\"13\"><img loading=\"lazy\" decoding=\"async\" class=\"aligncenter  wp-image-44887\" src=\"https:\/\/havamall.com\/wp-content\/uploads\/2026\/02\/Instant-Pot-Brown-Basmati-Rice-31-of-6-2.jpg\" alt=\"\" width=\"800\" height=\"1200\" \/><\/p>\n<p data-path-to-node=\"14\"><b data-path-to-node=\"14\" data-index-in-node=\"0\">2. C\u01a1m l\u1ee9t tr\u1ed9n Salad (Buddha Bowl):<\/b><\/p>\n<p data-path-to-node=\"14\">\u2013 H\u1ea1t g\u1ea1o Basmati t\u01a1i x\u1ed1p l\u00e0 n\u1ec1n t\u1ea3ng ho\u00e0n h\u1ea3o cho c\u00e1c m\u00f3n Salad. Tr\u1ed9n c\u01a1m l\u1ee9t \u0111\u00e3 n\u1ea5u ch\u00edn v\u1edbi b\u01a1, \u0111\u1eadu n\u00e0nh Nh\u1eadt, h\u1ea1t \u0111i\u1ec1u v\u00e0 m\u1ed9t ch\u00fat s\u1ed1t m\u00e8 rang \u0111\u1ec3 c\u00f3 m\u1ed9t b\u1eefa tr\u01b0a Eat Clean \u0111\u1ea7y \u0111\u1ee7 dinh d\u01b0\u1ee1ng.<\/p>\n<p data-path-to-node=\"15\"><b data-path-to-node=\"15\" data-index-in-node=\"0\">3. C\u01a1m chi\u00ean th\u1ef1c d\u01b0\u1ee1ng:<\/b><\/p>\n<p data-path-to-node=\"15\">\u2013 Nh\u1edd \u0111\u1eb7c t\u00ednh kh\u00f4ng b\u1ebft d\u00ednh, g\u1ea1o l\u1ee9t Daawat r\u1ea5t th\u00edch h\u1ee3p \u0111\u1ec3 l\u00e0m c\u00e1c m\u00f3n c\u01a1m chi\u00ean rau c\u1ee7. H\u1ea1t c\u01a1m s\u0103n ch\u1eafc, b\u00f9i b\u00e9o s\u1ebd th\u1ea5m \u0111\u1eabm gia v\u1ecb m\u00e0 v\u1eabn gi\u1eef \u0111\u01b0\u1ee3c \u0111\u1ed9 gi\u00f2n nh\u1eb9 c\u1ee7a l\u1edbp v\u1ecf c\u00e1m.<\/p>\n<h3 data-path-to-node=\"16\"><img loading=\"lazy\" decoding=\"async\" class=\"aligncenter  wp-image-44889\" src=\"https:\/\/havamall.com\/wp-content\/uploads\/2026\/02\/6551bea34c741be7da5dda47-15a359de-d401ade5-1-scaled.webp\" alt=\"\" width=\"800\" height=\"533\" \/><\/h3>\n<p data-path-to-node=\"17\">S\u1eed d\u1ee5ng g\u1ea1o l\u1ee9t nguy\u00ean c\u00e1m (Wholegrain Goodness) \u0111ang tr\u1edf th\u00e0nh m\u1ed9t xu h\u01b0\u1edbng to\u00e0n c\u1ea7u trong vi\u1ec7c ph\u00f2ng ch\u1ed1ng c\u00e1c b\u1ec7nh m\u00e3n t\u00ednh. Vi\u1ec7c chuy\u1ec3n \u0111\u1ed5i t\u1eeb g\u1ea1o tr\u1eafng sang g\u1ea1o l\u1ee9t Basmati Daawat l\u00e0 m\u1ed9t b\u01b0\u1edbc \u0111i th\u00f4ng minh, b\u1edfi b\u1ea1n kh\u00f4ng ph\u1ea3i hy sinh kh\u1ea9u v\u1ecb \u0111\u1ec3 \u0111\u1ed5i l\u1ea5y s\u1ee9c kh\u1ecfe. H\u1ea1t g\u1ea1o d\u00e0i x\u1ed1p gi\u00fap m\u00f3n \u0103n tr\u00f4ng sang tr\u1ecdng v\u00e0 tinh t\u1ebf h\u01a1n, bi\u1ebfn b\u1eefa \u0103n ki\u00eang tr\u1edf n\u00ean th\u00fa v\u1ecb nh\u01b0 m\u1ed9t tr\u1ea3i nghi\u1ec7m t\u1ea1i nh\u00e0 h\u00e0ng cao c\u1ea5p. \u0110\u1ec3 b\u1ea3o qu\u1ea3n t\u1ed1t nh\u1ea5t, n\u00ean \u0111\u1ec3 g\u1ea1o trong h\u1ed9p k\u00edn \u1edf n\u01a1i kh\u00f4 r\u00e1o \u0111\u1ec3 tr\u00e1nh s\u1ef1 oxy h\u00f3a l\u1edbp d\u1ea7u t\u1ef1 nhi\u00ean c\u00f3 trong c\u00e1m g\u1ea1o, gi\u1eef cho h\u01b0\u01a1ng v\u1ecb lu\u00f4n t\u01b0\u01a1i m\u1edbi.<\/p>\n<p data-path-to-node=\"18\">G\u1ea1o L\u1ee9t Basmati \u1ea4n \u0110\u1ed9 Daawat 1kg hi\u1ec7n \u0111ang \u0111\u01b0\u1ee3c b\u00e1n t\u1ea1i\u00a0<b data-path-to-node=\"18\" data-index-in-node=\"65\">Havamall<\/b>, \u0111\u01a1n v\u1ecb chuy\u00ean nh\u1eadp kh\u1ea9u th\u1ef1c ph\u1ea9m cao c\u1ea5p ch\u00ednh ng\u1ea1ch, cam k\u1ebft h\u00e0ng ch\u00ednh h\u00e3ng 100%, mang \u0111\u1ebfn gi\u1ea3i ph\u00e1p dinh d\u01b0\u1ee1ng ho\u00e0n h\u1ea3o cho gia \u0111\u00ecnh b\u1ea1n.<\/p>\n<\/div>\n<\/div>\n<\/div>\n<\/div>","protected":false},"excerpt":{"rendered":"<p>TH\u00d4NG TIN S\u1ea2N PH\u1ea8M Th\u01b0\u01a1ng hi\u1ec7u Daawat Xu\u1ea5t x\u1ee9 \u1ea4n \u0110\u1ed9 Th\u00e0nh ph\u1ea7n 100% G\u1ea1o l\u1ee9t Basmati nguy\u00ean c\u00e1m H\u1ea1n<\/p>","protected":false},"featured_media":44411,"comment_status":"open","ping_status":"closed","template":"","meta":[],"product_brand":[],"product_cat":[681,134],"product_tag":[],"class_list":{"0":"post-44409","1":"product","2":"type-product","3":"status-publish","4":"has-post-thumbnail","6":"product_cat-nhap-khau-an-do","7":"product_cat-thucpham-saykho","9":"first","10":"instock","11":"sale","12":"shipping-taxable","13":"purchasable","14":"product-type-simple"},"_links":{"self":[{"href":"https:\/\/havamall.vn\/en\/wp-json\/wp\/v2\/product\/44409"}],"collection":[{"href":"https:\/\/havamall.vn\/en\/wp-json\/wp\/v2\/product"}],"about":[{"href":"https:\/\/havamall.vn\/en\/wp-json\/wp\/v2\/types\/product"}],"replies":[{"embeddable":true,"href":"https:\/\/havamall.vn\/en\/wp-json\/wp\/v2\/comments?post=44409"}],"version-history":[{"count":0,"href":"https:\/\/havamall.vn\/en\/wp-json\/wp\/v2\/product\/44409\/revisions"}],"wp:featuredmedia":[{"embeddable":true,"href":"https:\/\/havamall.vn\/en\/wp-json\/wp\/v2\/media\/44411"}],"wp:attachment":[{"href":"https:\/\/havamall.vn\/en\/wp-json\/wp\/v2\/media?parent=44409"}],"wp:term":[{"taxonomy":"product_brand","embeddable":true,"href":"https:\/\/havamall.vn\/en\/wp-json\/wp\/v2\/product_brand?post=44409"},{"taxonomy":"product_cat","embeddable":true,"href":"https:\/\/havamall.vn\/en\/wp-json\/wp\/v2\/product_cat?post=44409"},{"taxonomy":"product_tag","embeddable":true,"href":"https:\/\/havamall.vn\/en\/wp-json\/wp\/v2\/product_tag?post=44409"}],"curies":[{"name":"wp","href":"https:\/\/api.w.org\/{rel}","templated":true}]}}