{"id":44377,"date":"2026-02-23T08:54:13","date_gmt":"2026-02-23T01:54:13","guid":{"rendered":"https:\/\/havamall.vn\/?post_type=product&#038;p=44377"},"modified":"2026-02-23T10:34:48","modified_gmt":"2026-02-23T03:34:48","slug":"thit-heo-xong-khoi-nga-remit-55g-russian-dried-smoked-bacon-remit","status":"publish","type":"product","link":"https:\/\/havamall.vn\/en\/shop\/thit-heo-xong-khoi-nga-remit-55g-russian-dried-smoked-bacon-remit\/","title":{"rendered":"Th\u1ecbt Heo X\u00f4ng Kh\u00f3i Nga Remit 55g \u2013 Russian Dried Smoked Bacon Remit"},"content":{"rendered":"<h3 data-path-to-node=\"2\">TH\u00d4NG TIN S\u1ea2N PH\u1ea8M<\/h3>\n<div class=\"horizontal-scroll-wrapper\">\n<div class=\"table-block-component\">\n<div class=\"table-block has-export-button\">\n<table data-path-to-node=\"3\">\n<tbody>\n<tr>\n<td><span data-path-to-node=\"3,1,0,0\">Th\u01b0\u01a1ng hi\u1ec7u<\/span><\/td>\n<td><span data-path-to-node=\"3,1,1,0\">Remit (\u0420\u0435\u043c\u0438\u0442)<\/span><\/td>\n<\/tr>\n<tr>\n<td><span data-path-to-node=\"3,2,0,0\">Xu\u1ea5t x\u1ee9<\/span><\/td>\n<td><span data-path-to-node=\"3,2,1,0\">Nga<\/span><\/td>\n<\/tr>\n<tr>\n<td><span data-path-to-node=\"3,3,0,0\">Th\u00e0nh ph\u1ea7n<\/span><\/td>\n<td><span data-path-to-node=\"3,3,1,0\">Th\u1ecbt heo ba r\u1ecdi tuy\u1ec3n ch\u1ecdn, mu\u1ed1i, gia v\u1ecb th\u1ea3o m\u1ed9c, ch\u1ea5t x\u00f4ng kh\u00f3i t\u1ef1 nhi\u00ean<\/span><\/td>\n<\/tr>\n<tr>\n<td><span data-path-to-node=\"3,4,0,0\">H\u1ea1n s\u1eed d\u1ee5ng<\/span><\/td>\n<td><span data-path-to-node=\"3,4,1,0\">In tr\u00ean bao b\u00ec (th\u01b0\u1eddng t\u1eeb 4\u20136 th\u00e1ng)<\/span><\/td>\n<\/tr>\n<tr>\n<td><span data-path-to-node=\"3,5,0,0\">B\u1ea3o qu\u1ea3n<\/span><\/td>\n<td><span data-path-to-node=\"3,5,1,0\">Nhi\u1ec7t \u0111\u1ed9 t\u1eeb 0\u00b0C \u0111\u1ebfn +24\u00b0C (B\u1ea3o qu\u1ea3n m\u00e1t sau khi m\u1edf bao b\u00ec)<\/span><\/td>\n<\/tr>\n<tr>\n<td><span data-path-to-node=\"3,6,0,0\">Kh\u1ed1i l\u01b0\u1ee3ng<\/span><\/td>\n<td><span data-path-to-node=\"3,6,1,0\">55g<\/span><\/td>\n<\/tr>\n<\/tbody>\n<\/table>\n<p data-path-to-node=\"6\">Th\u01b0\u01a1ng hi\u1ec7u Remit, m\u1ed9t trong nh\u1eefng t\u00ean tu\u1ed5i h\u00e0ng \u0111\u1ea7u t\u1ea1i Nga v\u1ec1 c\u00e1c s\u1ea3n ph\u1ea9m th\u1ecbt cao c\u1ea5p, \u0111\u00e3 k\u1ebf th\u1eeba v\u00e0 ph\u00e1t huy k\u1ef9 ngh\u1ec7 x\u00f4ng kh\u00f3i truy\u1ec1n th\u1ed1ng \u0111\u1ec3 t\u1ea1o n\u00ean d\u00f2ng th\u1ecbt heo s\u1ea5y kh\u00f4 th\u01b0\u1ee3ng h\u1ea1ng. Kh\u00e1c v\u1edbi c\u00e1c lo\u1ea1i th\u1ecbt x\u00f4ng kh\u00f3i c\u00f4ng nghi\u1ec7p th\u00f4ng th\u01b0\u1eddng, s\u1ea3n ph\u1ea9m c\u1ee7a Remit \u0111\u01b0\u1ee3c s\u1ea3n xu\u1ea5t t\u1ea1i c\u00e1c nh\u00e0 m\u00e1y hi\u1ec7n \u0111\u1ea1i v\u00f9ng Moscow, n\u01a1i \u00e1p d\u1ee5ng quy tr\u00ecnh ki\u1ec3m so\u00e1t ch\u1ea5t l\u01b0\u1ee3ng nghi\u00eam ng\u1eb7t t\u1eeb kh\u00e2u ch\u1ecdn l\u1ecdc nguy\u00ean li\u1ec7u \u0111\u1ebfn khi th\u00e0nh ph\u1ea9m l\u00ean k\u1ec7.<\/p>\n<p data-path-to-node=\"6\"><img fetchpriority=\"high\" decoding=\"async\" class=\"aligncenter\" src=\"https:\/\/havamall.com\/wp-content\/uploads\/2026\/02\/SBPRODUCT-Smoked-Streaky-Bacon-scaled.jpg\" alt=\"Smoked Dry Cure Streaky Bacon 240g - Stilton Butchers | From Farm To Fork | Nationwide Delivery\" width=\"800\" height=\"800\" \/><\/p>\n<p data-path-to-node=\"7\">Th\u1ecbt heo x\u00f4ng kh\u00f3i s\u1ea5y kh\u00f4 (\u0411\u0435\u043a\u043e\u043d \u0412\u044f\u043b\u0435\u043d\u044b\u0439) \u0111\u1ea1i di\u1ec7n cho s\u1ef1 tinh t\u1ebf trong vi\u1ec7c l\u01b0u gi\u1eef h\u01b0\u01a1ng v\u1ecb. Qua qu\u00e1 tr\u00ecnh s\u1ea5y kh\u00f4 ch\u1eadm v\u00e0 x\u00f4ng kh\u00f3i t\u1ef1 nhi\u00ean, t\u1eebng th\u1edb th\u1ecbt heo ba r\u1ecdi \u0111\u01b0\u1ee3c r\u00fat b\u1edbt n\u01b0\u1edbc, gi\u00fap h\u01b0\u01a1ng v\u1ecb tr\u1edf n\u00ean c\u00f4 \u0111\u1ecdng v\u00e0 \u0111\u1eadm \u0111\u00e0 h\u01a1n bao gi\u1edd h\u1ebft. \u0110\u00e2y l\u00e0 m\u00f3n \u0103n g\u1eafn li\u1ec1n v\u1edbi h\u00ecnh \u1ea3nh nh\u1eefng b\u1eefa ti\u1ec7c t\u00f9ng s\u00f4i \u0111\u1ed9ng hay nh\u1eefng chuy\u1ebfn d\u00e3 ngo\u1ea1i gi\u1eefa thi\u00ean nhi\u00ean h\u00f9ng v\u0129 c\u1ee7a n\u01b0\u1edbc Nga, n\u01a1i con ng\u01b0\u1eddi c\u1ea7n nh\u1eefng ngu\u1ed3n n\u0103ng l\u01b0\u1ee3ng d\u1ed3i d\u00e0o v\u00e0 ti\u1ec7n l\u1ee3i.<\/p>\n<p data-path-to-node=\"7\"><img decoding=\"async\" class=\"aligncenter\" src=\"https:\/\/havamall.com\/wp-content\/uploads\/2026\/02\/Streaky-Bacon-Smoked-Square.jpg\" alt=\"Smoked Streaky Bacon (450g), Finest Dry Cured Bacon For The Ultimate Bacon Sandwich \ud83d\udc37 | Sherwood Foods\" width=\"800\" height=\"800\" \/><\/p>\n<h3 data-path-to-node=\"8\">\u0110\u1eb6C \u0110I\u1ec2M N\u1ed4I B\u1eacT V\u00c0 TR\u1ea2I NGHI\u1ec6M V\u1eca GI\u00c1C CAO C\u1ea4P<\/h3>\n<p data-path-to-node=\"9\">\u2013 T\u1eebng l\u00e1t th\u1ecbt \u0111\u01b0\u1ee3c th\u00e1i m\u1ecfng tinh t\u1ebf, \u0111an xen ho\u00e0n h\u1ea3o gi\u1eefa l\u1edbp n\u1ea1c \u0111\u1ecf h\u1ed3ng v\u00e0 l\u1edbp m\u1ee1 tr\u1eafng ng\u00e0. K\u1ef9 thu\u1eadt c\u1eaft l\u00e1t chuy\u00ean nghi\u1ec7p (Professional Slicing) gi\u00fap s\u1ea3n ph\u1ea9m gi\u1eef \u0111\u01b0\u1ee3c \u0111\u1ed9 m\u1ec1m dai t\u1ef1 nhi\u00ean, kh\u00f4ng b\u1ecb n\u00e1t.<\/p>\n<p data-path-to-node=\"9\">\u2013 S\u1ef1 h\u00f2a quy\u1ec7n gi\u1eefa v\u1ecb m\u1eb7n nh\u1eb9 c\u1ee7a mu\u1ed1i, m\u00f9i th\u01a1m n\u1ed3ng n\u00e0n c\u1ee7a kh\u00f3i g\u1ed7 t\u1ef1 nhi\u00ean v\u00e0 v\u1ecb ng\u1ecdt b\u00f9i c\u1ee7a th\u1ecbt heo s\u1ea5y. H\u1eadu v\u1ecb \u0111\u1ecdng l\u1ea1i ch\u00fat b\u00e9o ng\u1eady \u0111\u1eb7c tr\u01b0ng c\u1ee7a ph\u1ea7n m\u1ee1 ba r\u1ecdi th\u01b0\u1ee3ng h\u1ea1ng.<\/p>\n<p data-path-to-node=\"10\">V\u1ec1 ph\u01b0\u01a1ng di\u1ec7n dinh d\u01b0\u1ee1ng, th\u1ecbt heo x\u00f4ng kh\u00f3i s\u1ea5y kh\u00f4 l\u00e0 ngu\u1ed3n cung c\u1ea5p Protein v\u00e0 ch\u1ea5t b\u00e9o b\u00e3o h\u00f2a quan tr\u1ecdng, mang l\u1ea1i ngu\u1ed3n n\u0103ng l\u01b0\u1ee3ng t\u1ee9c th\u00ec cho c\u01a1 th\u1ec3. Do \u0111\u00e3 qua qu\u00e1 tr\u00ecnh s\u1ea5y kh\u00f4, h\u00e0m l\u01b0\u1ee3ng dinh d\u01b0\u1ee1ng trong m\u1ed7i l\u00e1t th\u1ecbt r\u1ea5t cao, gi\u00fap ng\u01b0\u1eddi d\u00f9ng c\u1ea3m th\u1ea5y no l\u00e2u. Ngo\u00e0i ra, c\u00e1c lo\u1ea1i th\u1ea3o m\u1ed9c trong c\u00f4ng th\u1ee9c \u01b0\u1edbp c\u1ee7a Remit c\u00f2n h\u1ed7 tr\u1ee3 k\u00edch th\u00edch v\u1ecb gi\u00e1c v\u00e0 t\u0103ng c\u01b0\u1eddng kh\u1ea3 n\u0103ng ti\u00eau h\u00f3a, bi\u1ebfn \u0111\u00e2y th\u00e0nh m\u1ed9t m\u00f3n \u0103n v\u1eb7t v\u1eeba ngon mi\u1ec7ng v\u1eeba b\u1ed5 d\u01b0\u1ee1ng.<\/p>\n<p data-path-to-node=\"10\"><img decoding=\"async\" class=\"aligncenter\" src=\"https:\/\/havamall.com\/wp-content\/uploads\/2026\/02\/Smoked-Streaky-Bacon-scaled.jpg\" alt=\"Dry Cured Smoked Streaky Bacon\" width=\"799\" height=\"486\" \/><\/p>\n<h3 data-path-to-node=\"11\">C\u00c1CH TH\u01af\u1edeNG TH\u1ee8C V\u00c0 BI\u1ebeN T\u1ea4U M\u00d3N \u0102N \u0110A D\u1ea0NG<\/h3>\n<p data-path-to-node=\"13\"><b data-path-to-node=\"13\" data-index-in-node=\"0\">1. Th\u01b0\u1edfng th\u1ee9c ki\u1ec3u Cold Cut c\u1ed5 \u0111i\u1ec3n:<\/b>\u00a0\u2013 S\u1eafp x\u1ebfp c\u00e1c l\u00e1t th\u1ecbt x\u00f4ng kh\u00f3i l\u00ean khay c\u00f9ng v\u1edbi c\u00e1c lo\u1ea1i ph\u00f4 mai (Cheese), \u00f4 liu mu\u1ed1i v\u00e0 c\u00e1c lo\u1ea1i h\u1ea1t. \u0110\u00e2y l\u00e0 m\u00f3n khai v\u1ecb ho\u00e0n h\u1ea3o trong c\u00e1c b\u1eefa ti\u1ec7c r\u01b0\u1ee3u vang ho\u1eb7c bia l\u1ea1nh. \u2013 \u0102n k\u00e8m v\u1edbi b\u00e1nh m\u00ec \u0111en Nga ph\u1ebft b\u01a1 \u0111\u1ec3 c\u1ea3m nh\u1eadn tr\u1ecdn v\u1eb9n s\u1ef1 giao thoa h\u01b0\u01a1ng v\u1ecb Slavic truy\u1ec1n th\u1ed1ng.<\/p>\n<p data-path-to-node=\"14\"><b data-path-to-node=\"14\" data-index-in-node=\"0\">2. Topping cho c\u00e1c m\u00f3n Salad v\u00e0 Pasta:<\/b>\u00a0\u2013 C\u1eaft nh\u1ecf c\u00e1c l\u00e1t th\u1ecbt v\u00e0 r\u1eafc l\u00ean tr\u00ean \u0111\u0129a Salad rau c\u1ee7 ho\u1eb7c m\u00ec \u00dd s\u1ed1t kem Carbonara. \u0110\u1ed9 m\u1eb7n v\u00e0 m\u00f9i kh\u00f3i c\u1ee7a th\u1ecbt Remit s\u1ebd n\u00e2ng t\u1ea7m h\u01b0\u01a1ng v\u1ecb m\u00f3n \u0103n, t\u1ea1o \u0111i\u1ec3m nh\u1ea5n \u0111\u1eadm \u0111\u00e0 thay cho mu\u1ed1i th\u00f4ng th\u01b0\u1eddng.<\/p>\n<p data-path-to-node=\"15\"><b data-path-to-node=\"15\" data-index-in-node=\"0\">3. M\u00f3n \u0103n nh\u1eb9 (Snack) dinh d\u01b0\u1ee1ng:<\/b>\u00a0\u2013 Th\u01b0\u1edfng th\u1ee9c tr\u1ef1c ti\u1ebfp nh\u01b0 m\u1ed9t m\u00f3n \u0103n v\u1eb7t cao c\u1ea5p trong l\u00fac l\u00e0m vi\u1ec7c, xem phim ho\u1eb7c khi \u0111i d\u00e3 ngo\u1ea1i. Nh\u1edd kh\u1ea3 n\u0103ng b\u1ea3o qu\u1ea3n t\u1ed1t, \u0111\u00e2y l\u00e0 ng\u01b0\u1eddi b\u1ea1n \u0111\u1ed3ng h\u00e0nh l\u00fd t\u01b0\u1edfng cho nh\u1eefng chuy\u1ebfn \u0111i d\u00e0i.<\/p>\n<p data-path-to-node=\"15\"><img loading=\"lazy\" decoding=\"async\" class=\"aligncenter\" src=\"https:\/\/havamall.com\/wp-content\/uploads\/2026\/02\/sausages-wrapped-in-bacon-MGBZLLQ-scaled-e1618745610747.jpg\" alt=\"Smoked Streaky Bacon (450g), Finest Dry Cured Bacon For The Ultimate Bacon Sandwich \ud83d\udc37 | Sherwood Foods\" width=\"800\" height=\"800\" \/><\/p>\n<h3 data-path-to-node=\"16\">M\u1ede R\u1ed8NG KI\u1ebeN TH\u1ee8C V\u1ec0 TH\u1ecaT S\u1ea4Y KH\u00d4 NGA<\/h3>\n<p data-path-to-node=\"17\">M\u1ed9t \u0111i\u1ec3m th\u00fa v\u1ecb v\u1ec1 c\u00e1c s\u1ea3n ph\u1ea9m th\u1ecbt x\u00f4ng kh\u00f3i t\u1eeb Nga l\u00e0 vi\u1ec7c s\u1eed d\u1ee5ng c\u00f4ng ngh\u1ec7 x\u00f4ng kh\u00f3i b\u1eb1ng g\u1ed7 t\u1ef1 nhi\u00ean (th\u01b0\u1eddng l\u00e0 g\u1ed7 s\u1ed3i ho\u1eb7c g\u1ed7 th\u00f4ng) thay v\u00ec d\u00f9ng h\u01b0\u01a1ng li\u1ec7u h\u00f3a h\u1ecdc. \u0110i\u1ec1u n\u00e0y kh\u00f4ng ch\u1ec9 gi\u00fap t\u1ea1o ra m\u00f9i th\u01a1m s\u00e2u l\u1eafng m\u00e0 c\u00f2n \u0111\u00f3ng vai tr\u00f2 nh\u01b0 m\u1ed9t ch\u1ea5t b\u1ea3o qu\u1ea3n t\u1ef1 nhi\u00ean h\u1eefu hi\u1ec7u. Khi s\u1eed d\u1ee5ng th\u1ecbt x\u00f4ng kh\u00f3i Remit, b\u1ea1n n\u00ean \u0111\u1ec3 th\u1ecbt \u1edf nhi\u1ec7t \u0111\u1ed9 ph\u00f2ng kho\u1ea3ng 5-10 ph\u00fat sau khi l\u1ea5y ra kh\u1ecfi t\u1ee7 l\u1ea1nh (n\u1ebfu c\u00f3 b\u1ea3o qu\u1ea3n l\u1ea1nh) \u0111\u1ec3 l\u1edbp m\u1ee1 h\u01a1i m\u1ec1m l\u1ea1i, l\u00fac \u0111\u00f3 h\u01b0\u01a1ng v\u1ecb s\u1ebd \u0111\u1ea1t \u0111\u1ed9 ch\u00edn mu\u1ed3i v\u00e0 th\u01a1m nh\u1ea5t.<\/p>\n<p data-path-to-node=\"17\"><img loading=\"lazy\" decoding=\"async\" class=\"aligncenter\" src=\"https:\/\/havamall.com\/wp-content\/uploads\/2026\/02\/bacon_bap.jpg\" alt=\"Smoked Back Bacon- dry cured \u2013 ArtisanBox\" width=\"800\" height=\"800\" \/><\/p>\n<p data-path-to-node=\"18\">Th\u1ecbt Heo X\u00f4ng Kh\u00f3i S\u1ea5y Kh\u00f4 Nga Remit 100g hi\u1ec7n \u0111ang \u0111\u01b0\u1ee3c b\u00e1n t\u1ea1i\u00a0<b data-path-to-node=\"18\" data-index-in-node=\"65\">Havamall<\/b>, \u0111\u01a1n v\u1ecb chuy\u00ean nh\u1eadp kh\u1ea9u c\u00e1c d\u00f2ng th\u1ef1c ph\u1ea9m Nga cao c\u1ea5p, cam k\u1ebft h\u00e0ng ch\u00ednh h\u00e3ng 100% v\u1edbi ch\u1ea5t l\u01b0\u1ee3ng v\u00e0 h\u01b0\u01a1ng v\u1ecb nguy\u00ean b\u1ea3n t\u1eeb x\u1ee9 s\u1edf B\u1ea1ch D\u01b0\u01a1ng.<\/p>\n<\/div>\n<\/div>\n<\/div>","protected":false},"excerpt":{"rendered":"<p>TH\u00d4NG TIN S\u1ea2N PH\u1ea8M Th\u01b0\u01a1ng hi\u1ec7u Remit (\u0420\u0435\u043c\u0438\u0442) Xu\u1ea5t x\u1ee9 Nga Th\u00e0nh ph\u1ea7n Th\u1ecbt heo ba r\u1ecdi tuy\u1ec3n ch\u1ecdn, mu\u1ed1i,<\/p>","protected":false},"featured_media":44378,"comment_status":"open","ping_status":"closed","template":"","meta":[],"product_brand":[],"product_cat":[673,275],"product_tag":[],"class_list":{"0":"post-44377","1":"product","2":"type-product","3":"status-publish","4":"has-post-thumbnail","6":"product_cat-nhap-khau-nga","7":"product_cat-thuc-pham-dong-lanh","9":"first","10":"instock","11":"sale","12":"shipping-taxable","13":"purchasable","14":"product-type-simple"},"_links":{"self":[{"href":"https:\/\/havamall.vn\/en\/wp-json\/wp\/v2\/product\/44377"}],"collection":[{"href":"https:\/\/havamall.vn\/en\/wp-json\/wp\/v2\/product"}],"about":[{"href":"https:\/\/havamall.vn\/en\/wp-json\/wp\/v2\/types\/product"}],"replies":[{"embeddable":true,"href":"https:\/\/havamall.vn\/en\/wp-json\/wp\/v2\/comments?post=44377"}],"version-history":[{"count":0,"href":"https:\/\/havamall.vn\/en\/wp-json\/wp\/v2\/product\/44377\/revisions"}],"wp:featuredmedia":[{"embeddable":true,"href":"https:\/\/havamall.vn\/en\/wp-json\/wp\/v2\/media\/44378"}],"wp:attachment":[{"href":"https:\/\/havamall.vn\/en\/wp-json\/wp\/v2\/media?parent=44377"}],"wp:term":[{"taxonomy":"product_brand","embeddable":true,"href":"https:\/\/havamall.vn\/en\/wp-json\/wp\/v2\/product_brand?post=44377"},{"taxonomy":"product_cat","embeddable":true,"href":"https:\/\/havamall.vn\/en\/wp-json\/wp\/v2\/product_cat?post=44377"},{"taxonomy":"product_tag","embeddable":true,"href":"https:\/\/havamall.vn\/en\/wp-json\/wp\/v2\/product_tag?post=44377"}],"curies":[{"name":"wp","href":"https:\/\/api.w.org\/{rel}","templated":true}]}}