{"id":44370,"date":"2026-02-13T10:37:50","date_gmt":"2026-02-13T03:37:50","guid":{"rendered":"https:\/\/havamall.vn\/?post_type=product&#038;p=44370"},"modified":"2026-02-13T10:37:53","modified_gmt":"2026-02-13T03:37:53","slug":"khoai-tay-chien-cat-thang-9mm-bem-brasil-2-5kg-bem-brasil-straight-cut-french-fried-potatoes","status":"publish","type":"product","link":"https:\/\/havamall.vn\/en\/shop\/khoai-tay-chien-cat-thang-9mm-bem-brasil-2-5kg-bem-brasil-straight-cut-french-fried-potatoes\/","title":{"rendered":"Khoai T\u00e2y Chi\u00ean C\u1eaft Th\u1eb3ng ~9mm Bem Brasil 2.5kg \u2013 Bem Brasil Straight Cut French Fried Potatoes"},"content":{"rendered":"<h3 data-path-to-node=\"2\">TH\u00d4NG TIN S\u1ea2N PH\u1ea8M<\/h3>\n<div class=\"horizontal-scroll-wrapper\">\n<div class=\"table-block-component\">\n<div class=\"table-block has-export-button\">\n<table style=\"width: 36.6938%;height: 184px\" data-path-to-node=\"3\">\n<tbody>\n<tr>\n<td><span data-path-to-node=\"3,1,0,0\">Th\u01b0\u01a1ng hi\u1ec7u<\/span><\/td>\n<td><span data-path-to-node=\"3,1,1,0\">Bem Brasil<\/span><\/td>\n<\/tr>\n<tr>\n<td><span data-path-to-node=\"3,2,0,0\">Xu\u1ea5t x\u1ee9<\/span><\/td>\n<td><span data-path-to-node=\"3,2,1,0\">Brazil<\/span><\/td>\n<\/tr>\n<tr>\n<td><span data-path-to-node=\"3,3,0,0\">Th\u00e0nh ph\u1ea7n<\/span><\/td>\n<td><span data-path-to-node=\"3,3,1,0\">Khoai t\u00e2y t\u01b0\u01a1i, d\u1ea7u th\u1ef1c v\u1eadt<\/span><\/td>\n<\/tr>\n<tr>\n<td><span data-path-to-node=\"3,4,0,0\">H\u1ea1n s\u1eed d\u1ee5ng<\/span><\/td>\n<td><span data-path-to-node=\"3,4,1,0\">24 th\u00e1ng k\u1ec3 t\u1eeb ng\u00e0y s\u1ea3n xu\u1ea5t<\/span><\/td>\n<\/tr>\n<tr>\n<td><span data-path-to-node=\"3,5,0,0\">B\u1ea3o qu\u1ea3n<\/span><\/td>\n<td><span data-path-to-node=\"3,5,1,0\">Ng\u0103n \u0111\u00f4ng t\u1ee7 l\u1ea1nh (Nhi\u1ec7t \u0111\u1ed9 -18\u00b0C ho\u1eb7c th\u1ea5p h\u01a1n)<\/span><\/td>\n<\/tr>\n<tr>\n<td><span data-path-to-node=\"3,6,0,0\">Kh\u1ed1i l\u01b0\u1ee3ng<\/span><\/td>\n<td><span data-path-to-node=\"3,6,1,0\">2.5kg<\/span><\/td>\n<\/tr>\n<\/tbody>\n<\/table>\n<p data-path-to-node=\"6\">Th\u01b0\u01a1ng hi\u1ec7u\u00a0<strong>Bem Brasil<\/strong>, \u0111\u01b0\u1ee3c th\u00e0nh l\u1eadp v\u1edbi t\u00e2m th\u1ebf c\u1ee7a m\u1ed9t ng\u01b0\u1eddi d\u1eabn \u0111\u1ea7u trong ng\u00e0nh c\u00f4ng nghi\u1ec7p khoai t\u00e2y t\u1ea1i Nam M\u1ef9, \u0111\u00e3 kh\u00f4ng ng\u1eebng c\u1ea3i ti\u1ebfn c\u00f4ng ngh\u1ec7 \u0111\u1ec3 mang l\u1ea1i nh\u1eefng s\u1ea3n ph\u1ea9m ch\u1ea5t l\u01b0\u1ee3ng nh\u1ea5t. V\u1edbi tri\u1ebft l\u00fd \u201c<strong><em>Alimentando bons momentos<\/em><\/strong>\u201d (Nu\u00f4i d\u01b0\u1ee1ng nh\u1eefng kho\u1ea3nh kh\u1eafc t\u1ed1t \u0111\u1eb9p), m\u1ed7i t\u00fai\u00a0<strong>khoai t\u00e2y Bem Brasil<\/strong>\u00a0l\u00e0 k\u1ebft tinh c\u1ee7a quy tr\u00ecnh ch\u1ecdn l\u1ecdc gi\u1ed1ng nghi\u00eam ng\u1eb7t v\u00e0 c\u00f4ng ngh\u1ec7 c\u1ea5p \u0111\u00f4ng si\u00eau t\u1ed1c hi\u1ec7n \u0111\u1ea1i.<\/p>\n<p data-path-to-node=\"6\"><img fetchpriority=\"high\" decoding=\"async\" class=\"aligncenter\" src=\"https:\/\/havamall.com\/wp-content\/uploads\/2026\/02\/Bem-Brasil-conta-mais-de-20-produtos-a-disposicao-dos-consumidores-Divulgacao.jpg\" alt=\"Bem Brasil refor\u00e7a seu posicionamento com presen\u00e7a no The Voice Brasil - Marcas Mais\" width=\"802\" height=\"372\" \/><\/p>\n<p data-path-to-node=\"6\">M\u1ed7i t\u00fai khoai t\u00e2y l\u00e0 th\u00e0nh qu\u1ea3 c\u1ee7a quy tr\u00ecnh kh\u00e9p k\u00edn hi\u1ec7n \u0111\u1ea1i, t\u1eeb kh\u00e2u l\u00e0m s\u1ea1ch, g\u1ecdt v\u1ecf \u0111\u1ebfn k\u1ef9 thu\u1eadt c\u1eaft th\u1eb3ng (Straight Cut) \u0111\u1ea1t \u0111\u1ed9 ch\u00ednh x\u00e1c cao. S\u1ef1 th\u1ea5u hi\u1ec3u kh\u1ea9u v\u1ecb to\u00e0n c\u1ea7u \u0111\u00e3 gi\u00fap h\u00e3ng t\u1ea1o ra d\u00f2ng s\u1ea3n ph\u1ea9m c\u00f3 kh\u1ea3 n\u0103ng duy tr\u00ec \u0111\u1ed9 gi\u00f2n l\u00e2u h\u01a1n, h\u01b0\u01a1ng v\u1ecb b\u00e9o b\u00f9i t\u1ef1 nhi\u00ean, \u0111\u00e1p \u1ee9ng ti\u00eau chu\u1ea9n kh\u1eaft khe c\u1ee7a c\u00e1c chu\u1ed7i th\u1ee9c \u0103n nhanh h\u00e0ng \u0111\u1ea7u c\u0169ng nh\u01b0 b\u1eefa \u0103n tinh t\u1ebf t\u1ea1i gia \u0111\u00ecnh.<\/p>\n<p data-path-to-node=\"6\"><img decoding=\"async\" class=\"aligncenter\" src=\"https:\/\/havamall.com\/wp-content\/uploads\/2026\/02\/ultra-crisp-10mm-straight-cut-product.jpg\" alt=\"Ultra-crisp straight cut fries\" width=\"800\" height=\"640\" \/><\/p>\n<h3 data-path-to-node=\"8\">\u0110\u1eb6C \u0110I\u1ec2M N\u1ed4I B\u1eacT V\u00c0 TR\u1ea2I NGHI\u1ec6M V\u1eca GI\u00c1C KH\u00c1C BI\u1ec6T<\/h3>\n<p data-path-to-node=\"9\">S\u1ee3i khoai \u0111\u01b0\u1ee3c c\u1eaft th\u1eb3ng v\u1edbi\u00a0<strong>k\u00edch th\u01b0\u1edbc 9mm<\/strong>\u00a0\u2013 t\u1ef7 l\u1ec7 v\u00e0ng t\u1ea1o n\u00ean s\u1ef1 c\u00e2n b\u1eb1ng gi\u1eefa l\u1edbp v\u1ecf v\u00e0 ph\u1ea7n l\u00f5i. Di\u1ec7n t\u00edch b\u1ec1 m\u1eb7t v\u1eeba \u0111\u1ee7 \u0111\u1ec3 t\u1ea1o \u0111\u1ed9 gi\u00f2n r\u00f9m r\u1ee5m m\u00e0 kh\u00f4ng l\u00e0m mi\u1ebfng khoai b\u1ecb kh\u00f4 c\u1ee9ng. Sau khi ch\u1ebf bi\u1ebfn, khoai ng\u1ea3 sang\u00a0<strong>m\u00e0u v\u00e0ng \u00f3ng \u1ea3 b\u1eaft m\u1eaft<\/strong>, kh\u00f4ng b\u1ecb th\u00e2m x\u1ec9n nh\u1edd quy tr\u00ecnh x\u1eed l\u00fd ng\u0103n ch\u1eb7n oxy h\u00f3a ti\u00ean ti\u1ebfn ngay sau khi c\u1eaft. C\u1ea5u tr\u00fac: S\u1ea3n ph\u1ea9m mang \u0111\u1eb7c tr\u01b0ng &#8220;Crocante por fora e Macia por dentro&#8221; (Gi\u00f2n b\u00ean ngo\u00e0i v\u00e0 m\u1ec1m m\u01b0\u1ee3t b\u00ean trong). Khi c\u1eafn v\u00e0o, b\u1ea1n s\u1ebd c\u1ea3m nh\u1eadn \u0111\u01b0\u1ee3c<strong>\u00a0l\u1edbp v\u1ecf tan<\/strong>\u00a0ngay, l\u1ed9 ra ph\u1ea7n\u00a0<strong>th\u1ecbt khoai b\u00f9i ng\u1eady<\/strong>, \u0111\u1eadm \u0111\u00e0 v\u1ecb khoai t\u00e2y nguy\u00ean b\u1ea3n.<\/p>\n<p data-path-to-node=\"10\">Do \u0111\u01b0\u1ee3c s\u01a1 ch\u1ebf v\u00e0 chi\u00ean s\u01a1 (Pre-fried) b\u1eb1ng d\u1ea7u th\u1ef1c v\u1eadt ch\u1ea5t l\u01b0\u1ee3ng, s\u1ea3n ph\u1ea9m gi\u00fap gi\u1ea3m thi\u1ec3u l\u01b0\u1ee3ng ch\u1ea5t b\u00e9o b\u00e3o h\u00f2a n\u1ea1p v\u00e0o so v\u1edbi c\u00e1c lo\u1ea1i khoai t\u1ef1 l\u00e0m kh\u00f4ng \u0111\u00fang quy tr\u00ecnh. \u0110\u1eb7c bi\u1ec7t, v\u1edbi k\u00edch th\u01b0\u1edbc 9mm, s\u1ee3i khoai c\u00f3 kh\u1ea3 n\u0103ng gi\u1eef nhi\u1ec7t t\u1ed1t, gi\u00fap m\u00f3n \u0103n lu\u00f4n ngon mi\u1ec7ng k\u1ec3 c\u1ea3 khi b\u1ea1n \u0111ang b\u1eadn r\u1ed9n ch\u01b0a k\u1ecbp th\u01b0\u1edfng th\u1ee9c ngay.<\/p>\n<p data-path-to-node=\"10\"><img decoding=\"async\" class=\"aligncenter wp-image-44792\" src=\"https:\/\/havamall.com\/wp-content\/uploads\/2026\/02\/GLP00220-min-scaled-1.jpg\" alt=\"\" width=\"802\" height=\"535\" \/><\/p>\n<h3 data-path-to-node=\"11\">S\u00c1NG T\u1ea0O M\u00d3N \u0102N \u0110A D\u1ea0NG<\/h3>\n<p data-path-to-node=\"13\"><b data-path-to-node=\"13\" data-index-in-node=\"0\">1. Chi\u00ean ng\u1eadp d\u1ea7u (Deep Fry):<\/b>\u00a0\u2013 L\u00e0m n\u00f3ng d\u1ea7u \u0111\u1ebfn kho\u1ea3ng 175\u00b0C. Cho khoai tr\u1ef1c ti\u1ebfp t\u1eeb ng\u0103n \u0111\u00f4ng v\u00e0o chi\u00ean trong 3\u20134 ph\u00fat cho \u0111\u1ebfn khi \u0111\u1ea1t m\u00e0u v\u00e0ng mong mu\u1ed1n. \u2013 Vi\u1ec7c chi\u00ean tr\u1ef1c ti\u1ebfp kh\u00f4ng r\u00e3 \u0111\u00f4ng l\u00e0 b\u00ed quy\u1ebft s\u1ed1ng c\u00f2n \u0111\u1ec3 s\u1ee3i khoai kh\u00f4ng b\u1ecb n\u00e1t v\u00e0 gi\u1eef \u0111\u01b0\u1ee3c \u0111\u1ed9 gi\u00f2n t\u1ed1i \u0111a.<\/p>\n<p data-path-to-node=\"14\"><b data-path-to-node=\"14\" data-index-in-node=\"0\">2. Ch\u1ebf bi\u1ebfn l\u00e0nh m\u1ea1nh v\u1edbi n\u1ed3i chi\u00ean kh\u00f4ng d\u1ea7u (Air Fryer):<\/b>\u00a0\u2013 S\u1eafp x\u1ebfp khoai v\u00e0o khay, c\u00e0i \u0111\u1eb7t nhi\u1ec7t \u0111\u1ed9 200\u00b0C trong kho\u1ea3ng 10\u201312 ph\u00fat. \u2013 Gi\u1eefa qu\u00e1 tr\u00ecnh chi\u00ean, h\u00e3y l\u1eafc nh\u1eb9 khay \u0111\u1ec3 c\u00e1c s\u1ee3i khoai \u0111\u01b0\u1ee3c ti\u1ebfp x\u00fac nhi\u1ec7t \u0111\u1ed3ng \u0111\u1ec1u. C\u00e1ch n\u00e0y gi\u00fap gi\u1ea3m t\u1edbi 80% l\u01b0\u1ee3ng d\u1ea7u m\u1ee1 th\u1eeba, c\u1ef1c k\u1ef3 ph\u00f9 h\u1ee3p cho ng\u01b0\u1eddi \u0111ang \u0103n ki\u00eang.<\/p>\n<p data-path-to-node=\"15\"><b data-path-to-node=\"15\" data-index-in-node=\"0\">3. M\u00f3n khoai t\u00e2y l\u1eafc v\u1ecb (Flavored Fries):<\/b>\u00a0\u2013 Sau khi chi\u00ean ch\u00edn, h\u00e3y cho khoai v\u00e0o t\u00f4 l\u1edbn, r\u1eafc th\u00eam b\u1ed9t ph\u00f4 mai, b\u1ed9t x\u00ed mu\u1ed9i ho\u1eb7c mu\u1ed1i ti\u00eau th\u1ea3o m\u1ed9c. \u0110\u1eady n\u1eafp v\u00e0 l\u1eafc \u0111\u1ec1u \u0111\u1ec3 gia v\u1ecb b\u00e1m m\u1ecbn l\u00ean t\u1eebng s\u1ee3i khoai. B\u1ea3n c\u1eaft th\u1eb3ng 9mm gi\u00fap gia v\u1ecb b\u00e1m \u0111\u1ec1u h\u01a1n, mang l\u1ea1i tr\u1ea3i nghi\u1ec7m h\u01b0\u01a1ng v\u1ecb b\u00f9ng n\u1ed5.<\/p>\n<p data-path-to-node=\"15\"><img loading=\"lazy\" decoding=\"async\" class=\"aligncenter wp-image-44793\" src=\"https:\/\/havamall.com\/wp-content\/uploads\/2026\/02\/Straight_cut_product.jpg\" alt=\"\" width=\"800\" height=\"533\" \/><\/p>\n<p data-path-to-node=\"17\">Nhi\u1ec1u ng\u01b0\u1eddi ti\u00eau d\u00f9ng c\u00f3 th\u00f3i quen r\u00e3 \u0111\u00f4ng tr\u01b0\u1edbc khi n\u1ea5u, nh\u01b0ng \u0111\u1ed1i v\u1edbi khoai t\u00e2y Bem Brasil, \u0111i\u1ec1u n\u00e0y l\u00e0 kh\u00f4ng c\u1ea7n thi\u1ebft v\u00e0 th\u1eadm ch\u00ed l\u00e0m gi\u1ea3m ch\u1ea5t l\u01b0\u1ee3ng s\u1ea3n ph\u1ea9m. C\u00f4ng ngh\u1ec7 c\u1ea5p \u0111\u00f4ng r\u1eddi gi\u00fap c\u00e1c s\u1ee3i khoai kh\u00f4ng b\u1ecb d\u00ednh v\u00e0o nhau, b\u1ea1n c\u00f3 th\u1ec3 d\u1ec5 d\u00e0ng l\u1ea5y \u0111\u00fang l\u01b0\u1ee3ng c\u1ea7n d\u00f9ng v\u00e0 c\u1ea5t ngay ph\u1ea7n c\u00f2n l\u1ea1i v\u00e0o ng\u0103n \u0111\u00e1. Lu\u00f4n \u0111\u1ea3m b\u1ea3o nhi\u1ec7t \u0111\u1ed9 b\u1ea3o qu\u1ea3n \u1ed5n \u0111\u1ecbnh \u1edf -18\u00b0C \u0111\u1ec3 tr\u00e1nh hi\u1ec7n t\u01b0\u1ee3ng t\u00e1i k\u1ebft tinh \u0111\u00e1 l\u00e0m h\u1ecfng c\u1ea5u tr\u00fac tinh b\u1ed9t b\u00ean trong c\u1ee7 khoai.<\/p>\n<p data-path-to-node=\"18\"><strong>Khoai T\u00e2y Chi\u00ean C\u1eaft Th\u1eb3ng Bem Brasil 2.5kg<\/strong>\u00a0hi\u1ec7n \u0111ang \u0111\u01b0\u1ee3c ph\u00e2n ph\u1ed1i t\u1ea1i\u00a0<b data-path-to-node=\"18\" data-index-in-node=\"81\">Havamall<\/b>, \u0111\u01a1n v\u1ecb chuy\u00ean nh\u1eadp kh\u1ea9u ch\u00ednh ng\u1ea1ch c\u00e1c d\u00f2ng th\u1ef1c ph\u1ea9m cao c\u1ea5p, cam k\u1ebft h\u00e0ng ch\u00ednh h\u00e3ng v\u00e0 quy tr\u00ecnh v\u1eadn chuy\u1ec3n l\u1ea1nh \u0111\u1ea1t chu\u1ea9n qu\u1ed1c t\u1ebf.<\/p>\n<\/div>\n<\/div>\n<\/div>","protected":false},"excerpt":{"rendered":"<p>TH\u00d4NG TIN S\u1ea2N PH\u1ea8M Th\u01b0\u01a1ng hi\u1ec7u Bem Brasil Xu\u1ea5t x\u1ee9 Brazil Th\u00e0nh ph\u1ea7n Khoai t\u00e2y t\u01b0\u01a1i, d\u1ea7u th\u1ef1c v\u1eadt H\u1ea1n<\/p>","protected":false},"featured_media":44371,"comment_status":"open","ping_status":"closed","template":"","meta":[],"product_brand":[],"product_cat":[677,275],"product_tag":[],"class_list":{"0":"post-44370","1":"product","2":"type-product","3":"status-publish","4":"has-post-thumbnail","6":"product_cat-cac-nuoc-khac","7":"product_cat-thuc-pham-dong-lanh","9":"first","10":"instock","11":"sale","12":"shipping-taxable","13":"purchasable","14":"product-type-simple"},"_links":{"self":[{"href":"https:\/\/havamall.vn\/en\/wp-json\/wp\/v2\/product\/44370"}],"collection":[{"href":"https:\/\/havamall.vn\/en\/wp-json\/wp\/v2\/product"}],"about":[{"href":"https:\/\/havamall.vn\/en\/wp-json\/wp\/v2\/types\/product"}],"replies":[{"embeddable":true,"href":"https:\/\/havamall.vn\/en\/wp-json\/wp\/v2\/comments?post=44370"}],"version-history":[{"count":0,"href":"https:\/\/havamall.vn\/en\/wp-json\/wp\/v2\/product\/44370\/revisions"}],"wp:featuredmedia":[{"embeddable":true,"href":"https:\/\/havamall.vn\/en\/wp-json\/wp\/v2\/media\/44371"}],"wp:attachment":[{"href":"https:\/\/havamall.vn\/en\/wp-json\/wp\/v2\/media?parent=44370"}],"wp:term":[{"taxonomy":"product_brand","embeddable":true,"href":"https:\/\/havamall.vn\/en\/wp-json\/wp\/v2\/product_brand?post=44370"},{"taxonomy":"product_cat","embeddable":true,"href":"https:\/\/havamall.vn\/en\/wp-json\/wp\/v2\/product_cat?post=44370"},{"taxonomy":"product_tag","embeddable":true,"href":"https:\/\/havamall.vn\/en\/wp-json\/wp\/v2\/product_tag?post=44370"}],"curies":[{"name":"wp","href":"https:\/\/api.w.org\/{rel}","templated":true}]}}