{"id":44360,"date":"2026-02-12T15:35:11","date_gmt":"2026-02-12T08:35:11","guid":{"rendered":"https:\/\/havamall.vn\/?post_type=product&#038;p=44360"},"modified":"2026-02-12T15:35:13","modified_gmt":"2026-02-12T08:35:13","slug":"nguu-bang-thai-soi-cap-dong-1kg-iqf-burdock-strips","status":"publish","type":"product","link":"https:\/\/havamall.vn\/en\/shop\/nguu-bang-thai-soi-cap-dong-1kg-iqf-burdock-strips\/","title":{"rendered":"Ng\u01b0u B\u00e0ng Th\u00e1i S\u1ee3i C\u1ea5p \u0110\u00f4ng 1kg \u2013 IQF Burdock Strips"},"content":{"rendered":"<h3 data-path-to-node=\"2\">TH\u00d4NG TIN S\u1ea2N PH\u1ea8M<\/h3>\n<div class=\"horizontal-scroll-wrapper\">\n<div class=\"table-block-component\">\n<div class=\"table-block has-export-button\">\n<table style=\"width: 44.5201%;height: 145px\" data-path-to-node=\"3\">\n<tbody>\n<tr>\n<td><span data-path-to-node=\"3,2,0,0\">Xu\u1ea5t x\u1ee9<\/span><\/td>\n<td><span data-path-to-node=\"3,2,1,0\">Trung Qu\u1ed1c<\/span><\/td>\n<\/tr>\n<tr>\n<td><span data-path-to-node=\"3,3,0,0\">Th\u00e0nh ph\u1ea7n<\/span><\/td>\n<td><span data-path-to-node=\"3,3,1,0\">100% Ng\u01b0u b\u00e0ng t\u01b0\u01a1i<\/span><\/td>\n<\/tr>\n<tr>\n<td><span data-path-to-node=\"3,4,0,0\">H\u1ea1n s\u1eed d\u1ee5ng<\/span><\/td>\n<td><span data-path-to-node=\"3,4,1,0\">24 th\u00e1ng k\u1ec3 t\u1eeb ng\u00e0y s\u1ea3n xu\u1ea5t<\/span><\/td>\n<\/tr>\n<tr>\n<td><span data-path-to-node=\"3,5,0,0\">B\u1ea3o qu\u1ea3n<\/span><\/td>\n<td><span data-path-to-node=\"3,5,1,0\">Ng\u0103n \u0111\u00f4ng t\u1ee7 l\u1ea1nh (Nhi\u1ec7t \u0111\u1ed9 d\u01b0\u1edbi -18\u00b0C)<\/span><\/td>\n<\/tr>\n<tr>\n<td><span data-path-to-node=\"3,6,0,0\">Kh\u1ed1i l\u01b0\u1ee3ng<\/span><\/td>\n<td><span data-path-to-node=\"3,6,1,0\">1kg<\/span><\/td>\n<\/tr>\n<\/tbody>\n<\/table>\n<p data-path-to-node=\"6\">Ng\u01b0u b\u00e0ng (Burdock) t\u1eeb l\u00e2u \u0111\u00e3 kh\u00f4ng c\u00f2n xa l\u1ea1 trong b\u1ea3n \u0111\u1ed3 \u1ea9m th\u1ef1c v\u00e0 y h\u1ecdc c\u1ee7a c\u00e1c qu\u1ed1c gia \u0110\u00f4ng \u00c1 nh\u01b0 Nh\u1eadt B\u1ea3n, H\u00e0n Qu\u1ed1c v\u00e0 Trung Qu\u1ed1c. T\u1ea1i S\u01a1n \u0110\u00f4ng, c\u00e2y ng\u01b0u b\u00e0ng \u0111\u01b0\u1ee3c nu\u00f4i d\u01b0\u1ee1ng tr\u00ean nh\u1eefng v\u00f9ng \u0111\u1ea5t m\u00e0u m\u1ee1 v\u1edbi quy tr\u00ecnh canh t\u00e1c n\u00f4ng nghi\u1ec7p hi\u1ec7n \u0111\u1ea1i. \u0110\u00e2y l\u00e0 lo\u1ea1i c\u1ee7 \u0111\u01b0\u1ee3c v\u00ed nh\u01b0 &#8220;nh\u00e2n s\u00e2m c\u1ee7a ng\u01b0\u1eddi ngh\u00e8o&#8221; b\u1edfi gi\u00e1 tr\u1ecb dinh d\u01b0\u1ee1ng kh\u1ed5ng l\u1ed3 \u1ea9n ch\u1ee9a b\u00ean trong h\u00ecnh h\u00e0i m\u1ed9c m\u1ea1c.<\/p>\n<p data-path-to-node=\"6\"><img fetchpriority=\"high\" decoding=\"async\" class=\"aligncenter\" src=\"https:\/\/havamall.com\/wp-content\/uploads\/2026\/02\/5fda67-83fe-2e2-deba-b143a8c3a18e_burdock-1030x655.webp\" alt=\"A hearty burdock recipe, and other burdock ideas\" width=\"800\" height=\"450\" \/><\/p>\n<p data-path-to-node=\"7\">Trong v\u0103n h\u00f3a d\u01b0\u1ee1ng sinh, ng\u01b0u b\u00e0ng \u0111\u00f3ng vai tr\u00f2 ch\u1ee7 ch\u1ed1t trong ch\u1ebf \u0111\u1ed9 \u0103n th\u1ef1c d\u01b0\u1ee1ng (Macrobiotics). Vi\u1ec7c \u0111\u01b0a ng\u01b0u b\u00e0ng v\u00e0o b\u1eefa \u0103n h\u1eb1ng ng\u00e0y kh\u00f4ng ch\u1ec9 l\u00e0 th\u01b0\u1edfng th\u1ee9c m\u1ed9t lo\u1ea1i rau c\u1ee7, m\u00e0 c\u00f2n l\u00e0 m\u1ed9t li\u1ec7u ph\u00e1p ch\u0103m s\u00f3c s\u1ee9c kh\u1ecfe t\u1ef1 nhi\u00ean \u0111\u00e3 t\u1ed3n t\u1ea1i h\u00e0ng th\u1ebf k\u1ef7. V\u1edbi c\u00f4ng ngh\u1ec7 c\u1ea5p \u0111\u00f4ng si\u00eau t\u1ed1c IQF (Individual Quickly Frozen), t\u1eebng s\u1ee3i ng\u01b0u b\u00e0ng \u0111\u01b0\u1ee3c gi\u1eef nguy\u00ean c\u1ea5u tr\u00fac t\u1ebf b\u00e0o, \u0111\u1ea3m b\u1ea3o \u0111\u1ed9 gi\u00f2n, h\u01b0\u01a1ng v\u1ecb \u0111\u1eb7c tr\u01b0ng v\u00e0 h\u00e0m l\u01b0\u1ee3ng d\u01b0\u1ee3c t\u00ednh nh\u01b0 v\u1eeba m\u1edbi thu ho\u1ea1ch t\u1eeb c\u00e1nh \u0111\u1ed3ng.<\/p>\n<p data-path-to-node=\"7\"><img decoding=\"async\" class=\"aligncenter\" src=\"https:\/\/havamall.com\/wp-content\/uploads\/2026\/02\/1422-202011251304043328.jpg\" alt=\"Supply IQF Frozen Burdock Strip Wholesale Factory - XIAMEN SINOCHARM CO.,LTD\" width=\"800\" height=\"533\" \/><\/p>\n<h3 data-path-to-node=\"8\">\u0110\u1eb6C \u0110I\u1ec2M N\u1ed4I B\u1eacT V\u00c0 GI\u00c1 TR\u1eca DINH D\u01af\u1ee0NG C\u1ed0T L\u00d5I<\/h3>\n<p data-path-to-node=\"9\">\u2013 H\u00ecnh th\u00e1i: Ng\u01b0u b\u00e0ng \u0111\u01b0\u1ee3c g\u1ecdt v\u1ecf v\u00e0 th\u00e1i s\u1ee3i \u0111\u1ed3ng \u0111\u1ec1u, gi\u00fap ti\u1ebft ki\u1ec7m \u0111\u00e1ng k\u1ec3 th\u1eddi gian s\u01a1 ch\u1ebf (v\u1ed1n l\u00e0 c\u00f4ng \u0111o\u1ea1n kh\u00f3 nh\u1ea5t do ng\u01b0u b\u00e0ng t\u01b0\u01a1i r\u1ea5t nhanh b\u1ecb th\u00e2m \u0111en khi ti\u1ebfp x\u00fac v\u1edbi kh\u00f4ng kh\u00ed).<\/p>\n<p data-path-to-node=\"9\">\u2013 T\u00ednh ch\u1ea5t: Sau khi r\u00e3 \u0111\u00f4ng, s\u1ee3i ng\u01b0u b\u00e0ng v\u1eabn gi\u1eef \u0111\u01b0\u1ee3c \u0111\u1ed9 c\u1ee9ng c\u00e1p, v\u1ecb ng\u1ecdt thanh nh\u1eb9 h\u00f2a quy\u1ec7n c\u00f9ng m\u00f9i th\u01a1m th\u1ea3o m\u1ed9c \u0111\u1eb7c tr\u01b0ng.<\/p>\n<p data-path-to-node=\"9\">\u2013 C\u00f4ng ngh\u1ec7: Quy tr\u00ecnh c\u1ea5p \u0111\u00f4ng r\u1eddi t\u1eebng s\u1ee3i gi\u00fap ng\u01b0\u1eddi d\u00f9ng d\u1ec5 d\u00e0ng l\u1ea5y \u0111\u00fang l\u01b0\u1ee3ng c\u1ea7n thi\u1ebft m\u00e0 kh\u00f4ng l\u00e0m \u1ea3nh h\u01b0\u1edfng \u0111\u1ebfn ph\u1ea7n c\u00f2n l\u1ea1i trong t\u00fai.<\/p>\n<p data-path-to-node=\"10\">V\u1ec1 m\u1eb7t s\u1ee9c kh\u1ecfe, ng\u01b0u b\u00e0ng l\u00e0 kho b\u00e1u c\u1ee7a ch\u1ea5t x\u01a1 h\u00f2a tan Inulin, h\u1ed7 tr\u1ee3 t\u00edch c\u1ef1c cho h\u1ec7 ti\u00eau h\u00f3a v\u00e0 ki\u1ec3m so\u00e1t \u0111\u01b0\u1eddng huy\u1ebft. \u0110\u1eb7c bi\u1ec7t, lo\u1ea1i c\u1ee7 n\u00e0y ch\u1ee9a h\u00e0m l\u01b0\u1ee3ng ch\u1ea5t ch\u1ed1ng oxy h\u00f3a c\u1ef1c cao nh\u01b0 Quercetin v\u00e0 Luteolin, gi\u00fap thanh l\u1ecdc gan, gi\u1ea3i \u0111\u1ed9c m\u00e1u v\u00e0 ng\u0103n ng\u1eeba c\u00e1c g\u1ed1c t\u1ef1 do. \u0110\u1ed1i v\u1edbi nh\u1eefng ng\u01b0\u1eddi \u0111ang theo \u0111u\u1ed5i l\u1ed1i s\u1ed1ng l\u00e0nh m\u1ea1nh, ng\u01b0u b\u00e0ng l\u00e0 th\u1ef1c ph\u1ea9m l\u00fd t\u01b0\u1edfng \u0111\u1ec3 t\u0103ng c\u01b0\u1eddng s\u1ee9c \u0111\u1ec1 kh\u00e1ng v\u00e0 c\u1ea3i thi\u1ec7n l\u00e0n da t\u1eeb s\u00e2u b\u00ean trong.<\/p>\n<p data-path-to-node=\"10\"><img decoding=\"async\" class=\"aligncenter  wp-image-44776\" src=\"https:\/\/havamall.com\/wp-content\/uploads\/2026\/02\/dsc_3902-scaled.jpg\" alt=\"\" width=\"801\" height=\"532\" \/><\/p>\n<h3 data-path-to-node=\"11\">H\u01af\u1edaNG D\u1eaaN CH\u1ebe BI\u1ebeN V\u00c0 C\u00c1C M\u00d3N \u0102N TH\u1ef0C D\u01af\u1ee0NG<\/h3>\n<p data-path-to-node=\"12\">S\u1ea3n ph\u1ea9m l\u00e0 nguy\u00ean li\u1ec7u linh ho\u1ea1t, c\u00f3 th\u1ec3 bi\u1ebfn t\u1ea5u trong nhi\u1ec1u tr\u01b0\u1eddng ph\u00e1i \u1ea9m th\u1ef1c kh\u00e1c nhau:<\/p>\n<p data-path-to-node=\"13\"><b data-path-to-node=\"13\" data-index-in-node=\"0\">1. M\u00f3n Kinpira Gobo truy\u1ec1n th\u1ed1ng (Nh\u1eadt B\u1ea3n):<\/b>\u00a0\u2013 \u0110\u00e2y l\u00e0 c\u00e1ch ch\u1ebf bi\u1ebfn ph\u1ed5 bi\u1ebfn nh\u1ea5t: X\u00e0o ng\u01b0u b\u00e0ng th\u00e1i s\u1ee3i c\u00f9ng v\u1edbi c\u00e0 r\u1ed1t, n\u00eam th\u00eam n\u01b0\u1edbc t\u01b0\u01a1ng, r\u01b0\u1ee3u mirin v\u00e0 m\u1ed9t ch\u00fat \u0111\u01b0\u1eddng. \u2013 V\u1ecb gi\u00f2n s\u1ea7n s\u1eadt c\u1ee7a ng\u01b0u b\u00e0ng k\u1ebft h\u1ee3p v\u1edbi v\u1ecb ng\u1ecdt c\u1ee7a c\u00e0 r\u1ed1t v\u00e0 h\u01b0\u01a1ng m\u00e8 rang t\u1ea1o n\u00ean m\u00f3n \u0103n ph\u1ee5 ho\u00e0n h\u1ea3o cho th\u1ef1c \u0111\u01a1n h\u1eb1ng ng\u00e0y.<\/p>\n<p data-path-to-node=\"14\"><b data-path-to-node=\"14\" data-index-in-node=\"0\">2. Tr\u00e0 ng\u01b0u b\u00e0ng thanh nhi\u1ec7t:<\/b>\u00a0\u2013 D\u00f9 l\u00e0 s\u1ea3n ph\u1ea9m c\u1ea5p \u0111\u00f4ng, b\u1ea1n v\u1eabn c\u00f3 th\u1ec3 s\u1eed d\u1ee5ng ng\u01b0u b\u00e0ng th\u00e1i s\u1ee3i \u0111\u1ec3 n\u1ea5u n\u01b0\u1edbc u\u1ed1ng thanh l\u1ecdc c\u01a1 th\u1ec3. \u0110un s\u00f4i ng\u01b0u b\u00e0ng v\u1edbi n\u01b0\u1edbc trong kho\u1ea3ng 15 ph\u00fat, b\u1ea1n s\u1ebd c\u00f3 m\u1ed9t th\u1ee9c u\u1ed1ng m\u00e0u h\u1ed5 ph\u00e1ch, v\u1ecb ng\u1ecdt d\u1ecbu gi\u00fap gi\u1ea3i nhi\u1ec7t v\u00e0 h\u1ed7 tr\u1ee3 gi\u1ea5c ng\u1ee7.<\/p>\n<p data-path-to-node=\"15\"><b data-path-to-node=\"15\" data-index-in-node=\"0\">3. C\u00e1c m\u00f3n h\u1ea7m v\u00e0 canh d\u01b0\u1ee1ng sinh:<\/b>\u00a0\u2013 Ng\u01b0u b\u00e0ng l\u00e0 th\u00e0nh ph\u1ea7n kh\u00f4ng th\u1ec3 thi\u1ebfu trong m\u00f3n Canh D\u01b0\u1ee1ng Sinh (g\u1ed3m ng\u01b0u b\u00e0ng, n\u1ea5m \u0111\u00f4ng c\u00f4, c\u00e0 r\u1ed1t v\u00e0 c\u1ee7 c\u1ea3i tr\u1eafng) \u2013 m\u1ed9t ph\u01b0\u01a1ng ph\u00e1p ph\u1ee5c h\u1ed3i th\u1ec3 tr\u1ea1ng r\u1ea5t n\u1ed5i ti\u1ebfng. \u2013 Th\u00eam ng\u01b0u b\u00e0ng v\u00e0o c\u00e1c m\u00f3n kho chay, x\u00e0o th\u1ecbt b\u00f2 ho\u1eb7c n\u1ea5u s\u00fap s\u1ebd gi\u00fap m\u00f3n \u0103n t\u0103ng th\u00eam t\u1ea7ng h\u01b0\u01a1ng v\u1ecb s\u00e2u l\u1eafng v\u00e0 tinh t\u1ebf.<\/p>\n<p data-path-to-node=\"15\"><img loading=\"lazy\" decoding=\"async\" class=\"aligncenter  wp-image-44777\" src=\"https:\/\/havamall.com\/wp-content\/uploads\/2026\/02\/Kinpira-Gobo-by-Me-5-scaled.jpg\" alt=\"\" width=\"801\" height=\"534\" \/><\/p>\n<h3 data-path-to-node=\"16\">M\u1ede R\u1ed8NG KI\u1ebeN TH\u1ee8C V\u1ec0 VI\u1ec6C S\u1eec D\u1ee4NG TH\u1ef0C PH\u1ea8M C\u1ea4P \u0110\u00d4NG<\/h3>\n<p data-path-to-node=\"17\">Nhi\u1ec1u ng\u01b0\u1eddi th\u01b0\u1eddng lo ng\u1ea1i th\u1ef1c ph\u1ea9m c\u1ea5p \u0111\u00f4ng s\u1ebd m\u1ea5t ch\u1ea5t, nh\u01b0ng v\u1edbi c\u00f4ng ngh\u1ec7 IQF hi\u1ec7n \u0111\u1ea1i, qu\u00e1 tr\u00ecnh c\u1ea5p \u0111\u00f4ng di\u1ec5n ra c\u1ef1c nhanh khi\u1ebfn c\u00e1c tinh th\u1ec3 n\u01b0\u1edbc kh\u00f4ng k\u1ecbp l\u00e0m v\u1ee1 m\u00e0ng t\u1ebf b\u00e0o, t\u1eeb \u0111\u00f3 gi\u1eef l\u1ea1i tr\u1ecdn v\u1eb9n Vitamin v\u00e0 kho\u00e1ng ch\u1ea5t. \u0110\u1ec3 \u0111\u1ea1t hi\u1ec7u qu\u1ea3 t\u1ed1t nh\u1ea5t, ng\u01b0\u1eddi d\u00f9ng ch\u1ec9 n\u00ean r\u00e3 \u0111\u00f4ng t\u1ef1 nhi\u00ean ho\u1eb7c r\u1eeda s\u01a1 qua n\u01b0\u1edbc l\u1ea1nh tr\u01b0\u1edbc khi ch\u1ebf bi\u1ebfn tr\u1ef1c ti\u1ebfp, tr\u00e1nh ng\u00e2m qu\u00e1 l\u00e2u trong n\u01b0\u1edbc n\u00f3ng l\u00e0m m\u1ea5t \u0111i \u0111\u1ed9 ng\u1ecdt t\u1ef1 nhi\u00ean c\u1ee7a c\u1ee7.<\/p>\n<p data-path-to-node=\"17\"><img loading=\"lazy\" decoding=\"async\" class=\"aligncenter  wp-image-44778\" src=\"https:\/\/havamall.com\/wp-content\/uploads\/2026\/02\/\u30b9\u30af\u30ea\u30fc\u30f3\u30b7\u30e7\u30c3\u30c8-2025-09-13-10.57.07.png\" alt=\"\" width=\"801\" height=\"563\" \/><\/p>\n<p data-path-to-node=\"18\">S\u1ea3n ph\u1ea9m Ng\u01b0u B\u00e0ng Th\u00e1i S\u1ee3i C\u1ea5p \u0110\u00f4ng Trung Qu\u1ed1c Shandong Xinrunlun 1kg hi\u1ec7n \u0111ang c\u00f3 m\u1eb7t t\u1ea1i\u00a0<b data-path-to-node=\"18\" data-index-in-node=\"92\">Havamall.<\/b><\/p>\n<\/div>\n<\/div>\n<\/div>","protected":false},"excerpt":{"rendered":"<p>TH\u00d4NG TIN S\u1ea2N PH\u1ea8M Xu\u1ea5t x\u1ee9 Trung Qu\u1ed1c Th\u00e0nh ph\u1ea7n 100% Ng\u01b0u b\u00e0ng t\u01b0\u01a1i H\u1ea1n s\u1eed d\u1ee5ng 24 th\u00e1ng k\u1ec3<\/p>","protected":false},"featured_media":44361,"comment_status":"open","ping_status":"closed","template":"","meta":[],"product_brand":[],"product_cat":[674,275],"product_tag":[],"class_list":{"0":"post-44360","1":"product","2":"type-product","3":"status-publish","4":"has-post-thumbnail","6":"product_cat-nhap-khau-trung-quoc","7":"product_cat-thuc-pham-dong-lanh","9":"first","10":"instock","11":"sale","12":"shipping-taxable","13":"purchasable","14":"product-type-simple"},"_links":{"self":[{"href":"https:\/\/havamall.vn\/en\/wp-json\/wp\/v2\/product\/44360"}],"collection":[{"href":"https:\/\/havamall.vn\/en\/wp-json\/wp\/v2\/product"}],"about":[{"href":"https:\/\/havamall.vn\/en\/wp-json\/wp\/v2\/types\/product"}],"replies":[{"embeddable":true,"href":"https:\/\/havamall.vn\/en\/wp-json\/wp\/v2\/comments?post=44360"}],"version-history":[{"count":0,"href":"https:\/\/havamall.vn\/en\/wp-json\/wp\/v2\/product\/44360\/revisions"}],"wp:featuredmedia":[{"embeddable":true,"href":"https:\/\/havamall.vn\/en\/wp-json\/wp\/v2\/media\/44361"}],"wp:attachment":[{"href":"https:\/\/havamall.vn\/en\/wp-json\/wp\/v2\/media?parent=44360"}],"wp:term":[{"taxonomy":"product_brand","embeddable":true,"href":"https:\/\/havamall.vn\/en\/wp-json\/wp\/v2\/product_brand?post=44360"},{"taxonomy":"product_cat","embeddable":true,"href":"https:\/\/havamall.vn\/en\/wp-json\/wp\/v2\/product_cat?post=44360"},{"taxonomy":"product_tag","embeddable":true,"href":"https:\/\/havamall.vn\/en\/wp-json\/wp\/v2\/product_tag?post=44360"}],"curies":[{"name":"wp","href":"https:\/\/api.w.org\/{rel}","templated":true}]}}