{"id":44355,"date":"2026-02-12T10:10:44","date_gmt":"2026-02-12T03:10:44","guid":{"rendered":"https:\/\/havamall.vn\/?post_type=product&#038;p=44355"},"modified":"2026-02-23T10:12:01","modified_gmt":"2026-02-23T03:12:01","slug":"ba-roi-bo-cuon-canada-khay-500g-canada-beef-short-plate-rolled","status":"publish","type":"product","link":"https:\/\/havamall.vn\/en\/shop\/ba-roi-bo-cuon-canada-khay-500g-canada-beef-short-plate-rolled\/","title":{"rendered":"Ba R\u1ecdi B\u00f2 Cu\u1ed9n Canada Khay 500g \u2013 Canada Beef Short Plate Rolled"},"content":{"rendered":"<h3 data-path-to-node=\"2\">TH\u00d4NG TIN S\u1ea2N PH\u1ea8M<\/h3>\n<div class=\"horizontal-scroll-wrapper\">\n<div class=\"table-block-component\">\n<div class=\"table-block has-export-button\">\n<table style=\"width: 42.8624%;height: 157px\" data-path-to-node=\"3\">\n<tbody>\n<tr>\n<td><span data-path-to-node=\"3,1,0,0\">Th\u01b0\u01a1ng hi\u1ec7u<\/span><\/td>\n<td><span data-path-to-node=\"3,1,1,0\">Trang H\u00e0 Anh<\/span><\/td>\n<\/tr>\n<tr>\n<td><span data-path-to-node=\"3,2,0,0\">Xu\u1ea5t x\u1ee9<\/span><\/td>\n<td><span data-path-to-node=\"3,2,1,0\">Canada (Nh\u1eadp kh\u1ea9u v\u00e0 \u0111\u00f3ng g\u00f3i t\u1ea1i Vi\u1ec7t Nam)<\/span><\/td>\n<\/tr>\n<tr>\n<td><span data-path-to-node=\"3,3,0,0\">Th\u00e0nh ph\u1ea7n<\/span><\/td>\n<td><span data-path-to-node=\"3,3,1,0\">100% Th\u1ecbt ba ch\u1ec9 b\u00f2 Canada t\u01b0\u01a1i ngon<\/span><\/td>\n<\/tr>\n<tr>\n<td><span data-path-to-node=\"3,4,0,0\">H\u1ea1n s\u1eed d\u1ee5ng<\/span><\/td>\n<td><span data-path-to-node=\"3,4,1,0\">6 th\u00e1ng k\u1ec3 t\u1eeb ng\u00e0y s\u1ea3n xu\u1ea5t<\/span><\/td>\n<\/tr>\n<tr>\n<td><span data-path-to-node=\"3,5,0,0\">B\u1ea3o qu\u1ea3n<\/span><\/td>\n<td><span data-path-to-node=\"3,5,1,0\">Ng\u0103n \u0111\u00f4ng t\u1ee7 l\u1ea1nh (Nhi\u1ec7t \u0111\u1ed9 -18\u00b0C)<\/span><\/td>\n<\/tr>\n<tr>\n<td><span data-path-to-node=\"3,6,0,0\">Kh\u1ed1i l\u01b0\u1ee3ng<\/span><\/td>\n<td><span data-path-to-node=\"3,6,1,0\">500g<\/span><\/td>\n<\/tr>\n<\/tbody>\n<\/table>\n<p data-path-to-node=\"6\">N\u1ec1n n\u00f4ng nghi\u1ec7p Canada v\u1ed1n n\u1ed5i ti\u1ebfng to\u00e0n c\u1ea7u nh\u1edd nh\u1eefng quy chu\u1ea9n kh\u1eaft khe v\u1ec1 an to\u00e0n th\u1ef1c ph\u1ea9m v\u00e0 ch\u1ea5t l\u01b0\u1ee3ng ch\u0103n nu\u00f4i. Kh\u00e1c v\u1edbi nhi\u1ec1u qu\u1ed1c gia kh\u00e1c, b\u00f2 t\u1ea1i Canada \u0111\u01b0\u1ee3c nu\u00f4i d\u01b0\u1ee1ng trong m\u00f4i tr\u01b0\u1eddng kh\u00ed h\u1eadu \u00f4n \u0111\u1edbi trong l\u00e0nh, k\u1ebft h\u1ee3p c\u00f9ng ch\u1ebf \u0111\u1ed9 dinh d\u01b0\u1ee1ng \u0111\u1eb7c bi\u1ec7t t\u1eeb ng\u0169 c\u1ed1c (ch\u1ee7 y\u1ebfu l\u00e0 l\u00faa m\u1ea1ch v\u00e0 ng\u00f4). Ch\u00ednh ngu\u1ed3n th\u1ee9c \u0103n n\u00e0y \u0111\u00e3 t\u1ea1o n\u00ean nh\u1eefng v\u00e2n m\u1ee1 tr\u1eafng xen k\u1ebd th\u1edb th\u1ecbt \u0111\u1ecf m\u1ed9t c\u00e1ch ho\u00e0n h\u1ea3o, mang \u0111\u1ebfn h\u01b0\u01a1ng v\u1ecb ng\u1ecdt thanh v\u00e0 \u0111\u1ed9 m\u1ec1m m\u01b0\u1ee3t kh\u00f3 tr\u1ed9n l\u1eabn.<\/p>\n<p data-path-to-node=\"6\"><img fetchpriority=\"high\" decoding=\"async\" class=\"aligncenter\" src=\"https:\/\/havamall.com\/wp-content\/uploads\/2026\/02\/copy_b830bf6a-5b56-496a-adca-445330a8de34.jpg\" width=\"801\" height=\"534\" \/><\/p>\n<\/div>\n<\/div>\n<h3 data-path-to-node=\"8\">\u0110\u1eb6C \u0110I\u1ec2M N\u1ed4I B\u1eacT V\u00c0 GI\u00c1 TR\u1eca DINH D\u01af\u1ee0NG<\/h3>\n<div class=\"table-block-component\">\n<div class=\"table-block has-export-button\">\n<p data-path-to-node=\"7\">Ba Ch\u1ec9 B\u00f2 Canada Cu\u1ed9n \u0111\u01b0\u1ee3c tuy\u1ec3n ch\u1ecdn t\u1eeb ph\u1ea7n th\u1ecbt b\u1ee5ng (Short Plate), n\u01a1i c\u00f3 s\u1ef1 k\u1ebft h\u1ee3p h\u00e0i h\u00f2a nh\u1ea5t gi\u1eefa n\u1ea1c v\u00e0 m\u1ee1, t\u1eebng d\u1ea3i th\u1ecbt \u0111\u01b0\u1ee3c th\u00e1i l\u00e1t m\u1ecfng v\u1eeba ph\u1ea3i b\u1eb1ng m\u00e1y chuy\u00ean d\u1ee5ng, sau \u0111\u00f3 cu\u1ed9n tr\u00f2n tinh t\u1ebf. Khi r\u00e3 \u0111\u00f4ng \u0111\u00fang c\u00e1ch, th\u1ecbt v\u1eabn gi\u1eef \u0111\u01b0\u1ee3c m\u00e0u \u0111\u1ecf t\u01b0\u01a1i r\u1ea1ng r\u1ee1, kh\u00f4ng b\u1ecb n\u00e1t hay t\u00e1ch r\u1eddi ph\u1ea7n m\u1ee1 n\u1ea1c.<\/p>\n<p data-path-to-node=\"7\"><img decoding=\"async\" class=\"aligncenter wp-image-44768\" src=\"https:\/\/havamall.com\/wp-content\/uploads\/2026\/02\/00218_Enoki_Mushroom_Beef_Roll_chef_john_T.jpg\" alt=\"\" width=\"799\" height=\"449\" \/><\/p>\n<p data-path-to-node=\"7\">Ba Ch\u1ec9 B\u00f2 l\u00e0 ngu\u1ed3n cung c\u1ea5p d\u1ed3i d\u00e0o c\u00e1c Vitamin nh\u00f3m B (\u0111\u1eb7c bi\u1ec7t l\u00e0 B12), K\u1ebdm v\u00e0 S\u1eaft, h\u1ed7 tr\u1ee3 qu\u00e1 tr\u00ecnh t\u00e1i t\u1ea1o h\u1ed3ng c\u1ea7u v\u00e0 t\u0103ng c\u01b0\u1eddng h\u1ec7 mi\u1ec5n d\u1ecbch. \u0110\u1eb7c bi\u1ec7t, h\u00e0m l\u01b0\u1ee3ng Axit Linoleic li\u00ean h\u1ee3p (CLA) c\u00f3 trong th\u1ecbt b\u00f2 Canada cao h\u01a1n so v\u1edbi b\u00f2 nu\u00f4i c\u1ecf th\u00f4ng th\u01b0\u1eddng, \u0111\u00f3ng vai tr\u00f2 quan tr\u1ecdng trong vi\u1ec7c h\u1ed7 tr\u1ee3 \u0111\u1ed1t ch\u00e1y m\u1ee1 th\u1eeba v\u00e0 ph\u00e1t tri\u1ec3n c\u01a1 b\u1eafp, khi\u1ebfn s\u1ea3n ph\u1ea9m tr\u1edf th\u00e0nh l\u1ef1a ch\u1ecdn \u01b0u ti\u00ean cho c\u1ea3 nh\u1eefng ng\u01b0\u1eddi \u0111ang theo ch\u1ebf \u0111\u1ed9 t\u1eadp luy\u1ec7n hay \u0103n ki\u00eang tinh g\u1ecdn.<\/p>\n<p data-path-to-node=\"7\"><img decoding=\"async\" class=\"aligncenter size-full wp-image-44771\" src=\"https:\/\/havamall.com\/wp-content\/uploads\/2026\/02\/IMG_2506.jpg\" alt=\"\" width=\"800\" height=\"800\" \/><\/p>\n<h3 data-path-to-node=\"11\">S\u00c1NG T\u1ea0O \u1ea8M TH\u1ef0C V\u00c0 C\u00c1C M\u00d3N \u0102N TH\u1edcI TH\u01af\u1ee2NG<\/h3>\n<p data-path-to-node=\"13\"><b data-path-to-node=\"13\" data-index-in-node=\"0\">1. L\u1ea9u b\u00f2 th\u01b0\u1ee3ng h\u1ea1ng (Hotpot Trend):<\/b>\u00a0\u2013 Ba ch\u1ec9 b\u00f2 cu\u1ed9n l\u00e0 linh h\u1ed3n c\u1ee7a c\u00e1c m\u00f3n l\u1ea9u nh\u01b0 l\u1ea9u Th\u00e1i chua cay, l\u1ea9u n\u1ea5m thanh \u0111\u1ea1m hay l\u1ea9u Manwah. Ch\u1ec9 c\u1ea7n nh\u00fang d\u1ea3i th\u1ecbt v\u00e0o n\u01b0\u1edbc d\u00f9ng \u0111ang s\u00f4i trong kho\u1ea3ng 15\u201320 gi\u00e2y, th\u1ecbt v\u1eeba ch\u00edn t\u1edbi s\u1ebd gi\u1eef \u0111\u01b0\u1ee3c \u0111\u1ed9 m\u1ec1m v\u00e0 ng\u1ecdt nh\u1ea5t. \u2013 \u0102n k\u00e8m v\u1edbi n\u01b0\u1edbc ch\u1ea5m m\u00e8 rang ho\u1eb7c x\u00ec d\u1ea7u t\u1ecfi \u1edbt \u0111\u1ec3 k\u00edch th\u00edch v\u1ecb gi\u00e1c t\u1ed1i \u0111a.<\/p>\n<p data-path-to-node=\"14\"><b data-path-to-node=\"14\" data-index-in-node=\"0\">2. Ba ch\u1ec9 b\u00f2 cu\u1ed9n n\u1ea5m kim ch\u00e2m n\u01b0\u1edbng:<\/b>\u00a0\u2013 \u0110\u00e2y l\u00e0 m\u00f3n \u0103n &#8220;qu\u1ed1c d\u00e2n&#8221; trong c\u00e1c bu\u1ed5i ti\u1ec7c BBQ. V\u1ecb ng\u1ecdt c\u1ee7a n\u1ea5m kim ch\u00e2m h\u00f2a quy\u1ec7n v\u1edbi l\u1edbp m\u1ee1 b\u00f2 tan ch\u1ea3y khi n\u01b0\u1edbng tr\u00ean than h\u1ed3ng t\u1ea1o n\u00ean m\u1ed9t h\u01b0\u01a1ng th\u01a1m kh\u00f3 c\u01b0\u1ee1ng. \u2013 C\u00f3 th\u1ec3 ph\u1ebft th\u00eam m\u1ed9t l\u1edbp s\u1ed1t Teriyaki ho\u1eb7c s\u1ed1t ti\u00eau \u0111en \u0111\u1ec3 t\u0103ng ph\u1ea7n \u0111\u1eadm \u0111\u00e0.<\/p>\n<p data-path-to-node=\"15\"><b data-path-to-node=\"15\" data-index-in-node=\"0\">3. M\u00f3n \u0103n gia \u0111\u00ecnh h\u1eb1ng ng\u00e0y:<\/b>\u00a0\u2013 Bi\u1ebfn t\u1ea5u nhanh v\u1edbi m\u00f3n ba ch\u1ec9 b\u00f2 x\u00e0o c\u1ea7n t\u1ecfi, b\u00f2 n\u00e9 b\u00f4ng thi\u00ean l\u00fd ho\u1eb7c d\u00f9ng l\u00e0m topping cho nh\u1eefng b\u00e1t m\u00ec cay, ph\u1edf b\u00f2 t\u1ea1i nh\u00e0. Nh\u1edd \u0111\u1eb7c t\u00ednh th\u00e1i m\u1ecfng, th\u1ecbt b\u00f2 ch\u00edn r\u1ea5t nhanh, gi\u00fap ti\u1ebft ki\u1ec7m th\u1eddi gian n\u1ea5u n\u01b0\u1edbng m\u00e0 v\u1eabn \u0111\u1ea3m b\u1ea3o \u0111\u1ee7 ch\u1ea5t cho c\u1ea3 gia \u0111\u00ecnh.<\/p>\n<p data-path-to-node=\"15\"><img loading=\"lazy\" decoding=\"async\" class=\"aligncenter wp-image-44769\" src=\"https:\/\/havamall.com\/wp-content\/uploads\/2026\/02\/64C6E36711771D67.jpg\" alt=\"\" width=\"801\" height=\"600\" \/><\/p>\n<h3 data-path-to-node=\"16\">L\u01afU \u00dd KHI CH\u1ebe BI\u1ebeN \u0110\u1ec2 GI\u1eee TR\u1eccN V\u1eca NGON<\/h3>\n<p data-path-to-node=\"17\">\u0110\u1ec3 th\u01b0\u1edfng th\u1ee9c tr\u1ecdn v\u1eb9n tinh t\u00fay c\u1ee7a th\u1ecbt b\u00f2 Canada, ng\u01b0\u1eddi d\u00f9ng n\u00ean th\u1ef1c hi\u1ec7n r\u00e3 \u0111\u00f4ng ch\u1eadm trong ng\u0103n m\u00e1t t\u1ee7 l\u1ea1nh kho\u1ea3ng 1\u20132 ti\u1ebfng tr\u01b0\u1edbc khi n\u1ea5u. Vi\u1ec7c r\u00e3 \u0111\u00f4ng qu\u00e1 nhanh b\u1eb1ng n\u01b0\u1edbc n\u00f3ng ho\u1eb7c l\u00f2 vi s\u00f3ng \u1edf nhi\u1ec7t \u0111\u1ed9 cao c\u00f3 th\u1ec3 l\u00e0m ph\u00e1 v\u1ee1 c\u1ea5u tr\u00fac m\u00f4 th\u1ecbt, khi\u1ebfn th\u1ecbt b\u1ecb ra n\u01b0\u1edbc v\u00e0 m\u1ea5t \u0111i \u0111\u1ed9 ng\u1ecdt t\u1ef1 nhi\u00ean. Ngo\u00e0i ra, do t\u00ednh ch\u1ea5t c\u00f3 l\u1edbp m\u1ee1 m\u1ecfng \u0111\u1eb7c tr\u01b0ng, khi ch\u1ebf bi\u1ebfn c\u00e1c m\u00f3n x\u00e0o, kh\u00f4ng c\u1ea7n s\u1eed d\u1ee5ng qu\u00e1 nhi\u1ec1u d\u1ea7u \u0103n \u0111\u1ec3 gi\u1eef cho m\u00f3n \u0103n thanh tho\u00e1t v\u00e0 t\u1ed1t cho s\u1ee9c kh\u1ecfe h\u01a1n.<\/p>\n<p data-path-to-node=\"17\"><img loading=\"lazy\" decoding=\"async\" class=\"aligncenter wp-image-44770\" src=\"https:\/\/havamall.com\/wp-content\/uploads\/2026\/02\/BeefEnokiVegRolls-1750-scaled.webp\" alt=\"\" width=\"800\" height=\"1120\" \/><\/p>\n<p data-path-to-node=\"18\">Ba Ch\u1ec9 B\u00f2 Canada Cu\u1ed9n Khay Trang H\u00e0 Anh 500g hi\u1ec7n \u0111ang \u0111\u01b0\u1ee3c ph\u00e2n ph\u1ed1i t\u1ea1i\u00a0<b data-path-to-node=\"18\" data-index-in-node=\"74\">Havamall<\/b><\/p>\n<\/div>\n<\/div>\n<\/div>","protected":false},"excerpt":{"rendered":"<p>TH\u00d4NG TIN S\u1ea2N PH\u1ea8M Th\u01b0\u01a1ng hi\u1ec7u Trang H\u00e0 Anh Xu\u1ea5t x\u1ee9 Canada (Nh\u1eadp kh\u1ea9u v\u00e0 \u0111\u00f3ng g\u00f3i t\u1ea1i Vi\u1ec7t Nam)<\/p>","protected":false},"featured_media":44357,"comment_status":"open","ping_status":"closed","template":"","meta":[],"product_brand":[],"product_cat":[670,275],"product_tag":[],"class_list":{"0":"post-44355","1":"product","2":"type-product","3":"status-publish","4":"has-post-thumbnail","6":"product_cat-nhap-khau-canada","7":"product_cat-thuc-pham-dong-lanh","9":"first","10":"instock","11":"sale","12":"shipping-taxable","13":"purchasable","14":"product-type-simple"},"_links":{"self":[{"href":"https:\/\/havamall.vn\/en\/wp-json\/wp\/v2\/product\/44355"}],"collection":[{"href":"https:\/\/havamall.vn\/en\/wp-json\/wp\/v2\/product"}],"about":[{"href":"https:\/\/havamall.vn\/en\/wp-json\/wp\/v2\/types\/product"}],"replies":[{"embeddable":true,"href":"https:\/\/havamall.vn\/en\/wp-json\/wp\/v2\/comments?post=44355"}],"version-history":[{"count":0,"href":"https:\/\/havamall.vn\/en\/wp-json\/wp\/v2\/product\/44355\/revisions"}],"wp:featuredmedia":[{"embeddable":true,"href":"https:\/\/havamall.vn\/en\/wp-json\/wp\/v2\/media\/44357"}],"wp:attachment":[{"href":"https:\/\/havamall.vn\/en\/wp-json\/wp\/v2\/media?parent=44355"}],"wp:term":[{"taxonomy":"product_brand","embeddable":true,"href":"https:\/\/havamall.vn\/en\/wp-json\/wp\/v2\/product_brand?post=44355"},{"taxonomy":"product_cat","embeddable":true,"href":"https:\/\/havamall.vn\/en\/wp-json\/wp\/v2\/product_cat?post=44355"},{"taxonomy":"product_tag","embeddable":true,"href":"https:\/\/havamall.vn\/en\/wp-json\/wp\/v2\/product_tag?post=44355"}],"curies":[{"name":"wp","href":"https:\/\/api.w.org\/{rel}","templated":true}]}}