{"id":44323,"date":"2026-02-07T10:33:08","date_gmt":"2026-02-07T03:33:08","guid":{"rendered":"https:\/\/havamall.vn\/?post_type=product&#038;p=44323"},"modified":"2026-02-07T10:33:24","modified_gmt":"2026-02-07T03:33:24","slug":"xuc-xich-toi-nga-moscow-kolbasa-500g-russian-garlic-sausage","status":"publish","type":"product","link":"https:\/\/havamall.vn\/en\/shop\/xuc-xich-toi-nga-moscow-kolbasa-500g-russian-garlic-sausage\/","title":{"rendered":"X\u00fac X\u00edch T\u1ecfi Nga Moscow Kolbasa 500g \u2013 Russian Garlic Sausage"},"content":{"rendered":"<h3 data-path-to-node=\"2\">TH\u00d4NG TIN S\u1ea2N PH\u1ea8M<\/h3>\n<div class=\"horizontal-scroll-wrapper\">\n<div class=\"table-block-component\">\n<div class=\"table-block has-export-button\">\n<table style=\"width: 59.6552%;height: 176px\" data-path-to-node=\"3\">\n<tbody>\n<tr style=\"height: 48px\">\n<td style=\"width: 14.1384%;height: 48px\"><span data-path-to-node=\"3,1,0,0\">Th\u01b0\u01a1ng hi\u1ec7u<\/span><\/td>\n<td style=\"width: 104.182%;height: 48px\"><span data-path-to-node=\"3,1,1,0\">Moscow Kolbasa<\/span><\/td>\n<\/tr>\n<tr style=\"height: 24px\">\n<td style=\"width: 14.1384%;height: 24px\"><span data-path-to-node=\"3,2,0,0\">Xu\u1ea5t x\u1ee9<\/span><\/td>\n<td style=\"width: 104.182%;height: 24px\"><span data-path-to-node=\"3,2,1,0\">Nga<\/span><\/td>\n<\/tr>\n<tr style=\"height: 24px\">\n<td style=\"width: 14.1384%;height: 24px\"><span data-path-to-node=\"3,3,0,0\">Th\u00e0nh ph\u1ea7n<\/span><\/td>\n<td style=\"width: 104.182%;height: 24px\"><span data-path-to-node=\"3,3,1,0\">Th\u1ecbt l\u1ee3n, th\u1ecbt b\u00f2, t\u1ecfi t\u01b0\u01a1i, mu\u1ed1i, ti\u00eau, gia v\u1ecb th\u1ea3o m\u1ed9c \u0111\u1eb7c tr\u01b0ng v\u00f9ng Moscow<\/span><\/td>\n<\/tr>\n<tr style=\"height: 32px\">\n<td style=\"width: 14.1384%;height: 32px\"><span data-path-to-node=\"3,4,0,0\">H\u1ea1n s\u1eed d\u1ee5ng<\/span><\/td>\n<td style=\"width: 104.182%;height: 32px\"><span data-path-to-node=\"3,4,1,0\">In tr\u00ean bao b\u00ec s\u1ea3n ph\u1ea9m\u00a0<\/span><\/td>\n<\/tr>\n<tr style=\"height: 24px\">\n<td style=\"width: 14.1384%;height: 24px\"><span data-path-to-node=\"3,5,0,0\">B\u1ea3o qu\u1ea3n<\/span><\/td>\n<td style=\"width: 104.182%;height: 24px\"><span data-path-to-node=\"3,5,1,0\">B\u1ea3o qu\u1ea3n l\u1ea1nh t\u1eeb 0 \u0111\u1ebfn 4\u00b0C ho\u1eb7c ng\u0103n \u0111\u00f4ng -18\u00b0C \u0111\u1ec3 gi\u1eef ch\u1ea5t l\u01b0\u1ee3ng t\u1ed1t nh\u1ea5t<\/span><\/td>\n<\/tr>\n<tr style=\"height: 24px\">\n<td style=\"width: 14.1384%;height: 24px\"><span data-path-to-node=\"3,6,0,0\">Kh\u1ed1i l\u01b0\u1ee3ng<\/span><\/td>\n<td style=\"width: 104.182%;height: 24px\"><span data-path-to-node=\"3,6,1,0\">500g<\/span><\/td>\n<\/tr>\n<\/tbody>\n<\/table>\n<p data-path-to-node=\"6\">C\u00e2u chuy\u1ec7n v\u1ec1 Kolbasa b\u1eaft ngu\u1ed3n t\u1eeb nhu c\u1ea7u d\u1ef1 tr\u1eef th\u1ef1c ph\u1ea9m qua nh\u1eefng m\u00f9a \u0111\u00f4ng kh\u1eafc nghi\u1ec7t c\u1ee7a x\u1ee9 s\u1edf B\u1ea1ch D\u01b0\u01a1ng. Tr\u1ea3i qua h\u00e0ng th\u1ebf k\u1ef7, c\u00f4ng th\u1ee9c ch\u1ebf bi\u1ebfn \u0111\u01b0\u1ee3c tinh l\u1ecdc, k\u1ebft h\u1ee3p gi\u1eefa c\u00e1c lo\u1ea1i th\u1ecbt th\u01b0\u1ee3ng h\u1ea1ng v\u00e0 t\u1ecfi t\u01b0\u01a1i \u2013 m\u1ed9t nguy\u00ean li\u1ec7u \u0111\u01b0\u1ee3c ng\u01b0\u1eddi Nga \u01b0a chu\u1ed9ng v\u00ec kh\u1ea3 n\u0103ng t\u0103ng c\u01b0\u1eddng s\u1ee9c \u0111\u1ec1 kh\u00e1ng v\u00e0 gi\u1eef \u1ea5m c\u01a1 th\u1ec3.<\/p>\n<p data-path-to-node=\"7\"><img fetchpriority=\"high\" decoding=\"async\" class=\"aligncenter\" src=\"https:\/\/havamall.com\/wp-content\/uploads\/2026\/02\/kolbasa-myasnoy-produkt-1.jpg\" alt=\"A Brief History of Russian Kolbasa\" width=\"800\" height=\"529\" \/><\/p>\n<p>\u0110\u1ed1i v\u1edbi ng\u01b0\u1eddi Nga, &#8220;Kolbasa&#8221; kh\u00f4ng \u0111\u01a1n thu\u1ea7n l\u00e0 t\u00ean g\u1ecdi c\u1ee7a m\u1ed9t lo\u1ea1i th\u1ef1c ph\u1ea9m, m\u00e0 l\u00e0 m\u1ed9t bi\u1ec3u t\u01b0\u1ee3ng thi\u00eang li\u00eang g\u1eafn li\u1ec1n v\u1edbi \u0111\u1eddi s\u1ed1ng v\u00e0 k\u00fd \u1ee9c c\u1ee7a nhi\u1ec1u th\u1ebf h\u1ec7. T\u1eeb th\u1eddi k\u1ef3 Li\u00ean X\u00f4, nh\u1eefng khoanh x\u00fac x\u00edch Kolbasa \u0111\u00e3 tr\u1edf th\u00e0nh th\u01b0\u1edbc \u0111o c\u1ee7a s\u1ef1 sung t\u00fac v\u00e0 l\u00e0 m\u00f3n \u0103n kh\u00f4ng th\u1ec3 thi\u1ebfu trong m\u1ed7i d\u1ecbp l\u1ec5 t\u1ebft hay b\u1eefa \u0103n gia \u0111\u00ecnh. T\u1ea1i th\u1ee7 \u0111\u00f4 Moscow, n\u01a1i \u0111\u01b0\u1ee3c coi l\u00e0 tr\u00e1i tim c\u1ee7a n\u1ec1n \u1ea9m th\u1ef1c Slavic, d\u00f2ng x\u00fac x\u00edch t\u1ecfi (Garlic Sausage) mang \u0111\u1eadm d\u1ea5u \u1ea5n c\u1ee7a s\u1ef1 giao thoa gi\u1eefa k\u1ef9 ngh\u1ec7 ch\u1ebf bi\u1ebfn th\u1ecbt truy\u1ec1n th\u1ed1ng v\u00e0 h\u01b0\u01a1ng v\u1ecb b\u1ea3n \u0111\u1ecba n\u1ed3ng n\u00e0n.<\/p><\/div>\n<div><img decoding=\"async\" class=\"aligncenter\" src=\"https:\/\/havamall.com\/wp-content\/uploads\/2026\/02\/garlic-smoked-pork-sausage.e63bb0fda8fa18401fab77f65f56b8bb.jpgixlibrails-3.1.jpg\" alt=\"Garlic Smoked Pork Sausage by Southside Market &amp; Barbeque | Goldbelly\" width=\"801\" height=\"801\" \/><\/div>\n<div>\n<h3 data-path-to-node=\"8\">\u0110\u1eb6C \u0110I\u1ec2M N\u1ed4I B\u1eacT V\u00c0 TR\u1ea2I NGHI\u1ec6M GI\u00c1C QUAN<\/h3>\n<p data-path-to-node=\"9\">\u2013 K\u1ebft c\u1ea5u: Th\u1ecbt \u0111\u01b0\u1ee3c xay v\u1edbi \u0111\u1ed9 m\u1ecbn v\u1eeba ph\u1ea3i, \u0111an xen l\u00e0 nh\u1eefng th\u1edb th\u1ecbt s\u0103n ch\u1eafc, t\u1ea1o \u0111\u1ed9 dai gi\u00f2n s\u1ea7n s\u1eadt \u0111\u1eb7c tr\u01b0ng khi th\u01b0\u1edfng th\u1ee9c ch\u1ee9 kh\u00f4ng h\u1ec1 b\u1ecb b\u1edf hay v\u00f3n c\u1ee5c.<\/p>\n<p data-path-to-node=\"9\">\u2013 H\u01b0\u01a1ng v\u1ecb: S\u1ef1 k\u1ebft h\u1ee3p ho\u00e0n h\u1ea3o gi\u1eefa v\u1ecb ng\u1ecdt \u0111\u1eadm \u0111\u00e0 c\u1ee7a th\u1ecbt heo, th\u1ecbt b\u00f2 v\u00e0 h\u01b0\u01a1ng th\u01a1m n\u1ed3ng n\u00e0n, h\u01a1i cay nh\u1eb9 c\u1ee7a t\u1ecfi t\u01b0\u01a1i c\u00f9ng c\u00e1c lo\u1ea1i th\u1ea3o m\u1ed9c \u0111\u1eb7c tr\u01b0ng.<\/p>\n<p data-path-to-node=\"9\">\u2013 C\u00f4ng ngh\u1ec7: S\u1ea3n ph\u1ea9m \u0111\u01b0\u1ee3c s\u1ea3n xu\u1ea5t theo ti\u00eau chu\u1ea9n kh\u1eaft khe, tr\u1ea3i qua qu\u00e1 tr\u00ecnh x\u00f4ng kh\u00f3i nh\u1eb9 ho\u1eb7c lu\u1ed9c ch\u00edn t\u00f9y d\u00f2ng, \u0111\u1ea3m b\u1ea3o gi\u1eef tr\u1ecdn v\u1eb9n dinh d\u01b0\u1ee1ng v\u00e0 \u0111\u1ed9 \u1ea9m t\u1ef1 nhi\u00ean c\u1ee7a kh\u1ed1i th\u1ecbt.<\/p>\n<p data-path-to-node=\"10\">V\u1ec1 m\u1eb7t gi\u00e1 tr\u1ecb dinh d\u01b0\u1ee1ng, \u0111\u00e2y l\u00e0 ngu\u1ed3n cung c\u1ea5p protein v\u00e0 n\u0103ng l\u01b0\u1ee3ng d\u1ed3i d\u00e0o cho c\u01a1 th\u1ec3. T\u1ecfi t\u01b0\u01a1i trong th\u00e0nh ph\u1ea7n \u0111\u00f3ng vai tr\u00f2 nh\u01b0 m\u1ed9t ch\u1ea5t kh\u00e1ng sinh t\u1ef1 nhi\u00ean, h\u1ed7 tr\u1ee3 h\u1ec7 ti\u00eau h\u00f3a v\u00e0 t\u0103ng c\u01b0\u1eddng h\u1ec7 mi\u1ec5n d\u1ecbch. Kh\u00e1c v\u1edbi c\u00e1c lo\u1ea1i x\u00fac x\u00edch c\u00f4ng nghi\u1ec7p th\u00f4ng th\u01b0\u1eddng, Moscow Kolbasa ch\u00fa tr\u1ecdng v\u00e0o \u0111\u1ed9 tinh khi\u1ebft c\u1ee7a nguy\u00ean li\u1ec7u, h\u1ea1n ch\u1ebf t\u1ed1i \u0111a c\u00e1c ch\u1ea5t \u0111\u1ed9n \u0111\u1ec3 gi\u1eef \u0111\u00fang h\u01b0\u01a1ng v\u1ecb nguy\u00ean b\u1ea3n c\u1ee7a th\u1ecbt.<\/p>\n<h3 data-path-to-node=\"11\"><img decoding=\"async\" class=\"aligncenter\" src=\"https:\/\/havamall.com\/wp-content\/uploads\/2026\/02\/Screen-Shot-2022-04-07-at-4.51.10-PM-1030x1030.png\" alt=\"Smoked Garlic Polish Sausage - BinksBerry Hollow\" width=\"800\" height=\"800\" \/><\/h3>\n<h3 data-path-to-node=\"11\">H\u01af\u1edaNG D\u1eaaN C\u00c1CH D\u00d9NG V\u00c0S\u00c1NG T\u1ea0O M\u00d3N \u0102N \u0110\u1eacM CH\u1ea4T NGA<\/h3>\n<p data-path-to-node=\"13\"><b data-path-to-node=\"13\" data-index-in-node=\"0\">1. Th\u01b0\u1edfng th\u1ee9c ki\u1ec3u Nga truy\u1ec1n th\u1ed1ng:<\/b>\u00a0\u2013 Th\u00e1i l\u00e1t m\u1ecfng v\u00e0 \u0103n k\u00e8m v\u1edbi b\u00e1nh m\u00ec \u0111en, ph\u1ebft m\u1ed9t l\u1edbp b\u01a1 ho\u1eb7c kem chua (Sour cream). \u0110\u00e2y l\u00e0 c\u00e1ch th\u01b0\u1edfng th\u1ee9c ph\u1ed5 bi\u1ebfn nh\u1ea5t \u0111\u1ec3 c\u1ea3m nh\u1eadn tr\u1ecdn v\u1eb9n \u0111\u1ed9 ng\u1ecdt c\u1ee7a th\u1ecbt v\u00e0 m\u00f9i th\u01a1m c\u1ee7a t\u1ecfi. \u2013 K\u1ebft h\u1ee3p c\u00f9ng d\u01b0a chu\u1ed9t mu\u1ed1i v\u00e0 m\u1ed9t ch\u00fat m\u00f9 t\u1ea1t v\u00e0ng \u0111\u1ec3 c\u00e2n b\u1eb1ng v\u1ecb b\u00e9o.<\/p>\n<p data-path-to-node=\"14\"><b data-path-to-node=\"14\" data-index-in-node=\"0\">2. M\u00f3n S\u00fap L\u1ea1nh Okroshka ho\u1eb7c S\u00fap Solyanka:<\/b>\u00a0\u2013 X\u00fac x\u00edch th\u00e1i h\u1ea1t l\u1ef1u l\u00e0 nguy\u00ean li\u1ec7u kh\u00f4ng th\u1ec3 thi\u1ebfu trong m\u00f3n s\u00fap l\u1ea1nh Okroshka tr\u1ee9 danh v\u00e0o m\u00f9a h\u00e8 c\u1ee7a ng\u01b0\u1eddi Nga. \u2013 Trong m\u00f3n s\u00fap n\u00f3ng Solyanka, v\u1ecb t\u1ecfi v\u00e0 h\u01b0\u01a1ng kh\u00f3i nh\u1eb9 c\u1ee7a x\u00fac x\u00edch s\u1ebd h\u00f2a quy\u1ec7n c\u00f9ng n\u01b0\u1edbc d\u00f9ng c\u00e0 chua, t\u1ea1o n\u00ean h\u01b0\u01a1ng v\u1ecb n\u1ed3ng n\u00e0n, \u1ea5m \u00e1p cho m\u00f9a \u0111\u00f4ng.<\/p>\n<p data-path-to-node=\"15\"><b data-path-to-node=\"15\" data-index-in-node=\"0\">3. Bi\u1ebfn t\u1ea5u hi\u1ec7n \u0111\u1ea1i:<\/b>\u00a0\u2013 \u00c1p ch\u1ea3o s\u01a1 qua \u0111\u1ec3 l\u1edbp v\u1ecf ngo\u00e0i h\u01a1i ch\u00e1y c\u1ea1nh, gi\u00fap d\u1eady m\u00f9i th\u01a1m n\u1ed3ng c\u1ee7a t\u1ecfi v\u00e0 th\u1ecbt x\u00f4ng kh\u00f3i. \u2013 S\u1eed d\u1ee5ng l\u00e0m nh\u00e2n b\u00e1nh Pizza, tr\u1ed9n Salad ho\u1eb7c d\u00f9ng k\u00e8m v\u1edbi c\u00e1c lo\u1ea1i m\u1ef3 \u00dd \u0111\u1ec1u mang l\u1ea1i tr\u1ea3i nghi\u1ec7m \u1ea9m th\u1ef1c \u0111\u1ed9c \u0111\u00e1o.<\/p>\n<p data-path-to-node=\"15\"><img loading=\"lazy\" decoding=\"async\" class=\"aligncenter\" src=\"https:\/\/eatwithgusto.wordpress.com\/wp-content\/uploads\/2012\/11\/p1020369.jpg\" alt=\"Solyanka \u2013 Ukrainian sweet and sour soup | eatwithgusto\" width=\"800\" height=\"600\" \/><\/p>\n<h3 data-path-to-node=\"16\">KINH NGHI\u1ec6M L\u1ef0A CH\u1eccN V\u00c0 B\u1ea2O QU\u1ea2N<\/h3>\n<p data-path-to-node=\"17\">M\u1ed9t \u0111i\u1ec3m c\u1ea7n l\u01b0u \u00fd khi s\u1eed d\u1ee5ng c\u00e1c d\u00f2ng x\u00fac x\u00edch Nga nh\u1eadp kh\u1ea9u l\u00e0 t\u00ednh nguy\u00ean b\u1ea3n trong th\u00e0nh ph\u1ea7n. Ng\u01b0\u1eddi d\u00f9ng n\u00ean b\u1ea3o qu\u1ea3n s\u1ea3n ph\u1ea9m trong bao b\u00ec h\u00fat ch\u00e2n kh\u00f4ng k\u00edn \u0111\u1ec3 tr\u00e1nh b\u1ecb oxy h\u00f3a l\u00e0m bi\u1ebfn \u0111\u1ed5i m\u00e0u s\u1eafc v\u00e0 m\u00f9i v\u1ecb c\u1ee7a t\u1ecfi. Khi \u0111\u00e3 m\u1edf bao b\u00ec, n\u00ean s\u1eed d\u1ee5ng trong th\u1eddi gian ng\u1eafn v\u00e0 b\u1ecdc k\u00edn \u0111\u1ec3 s\u1ea3n ph\u1ea9m kh\u00f4ng b\u1ecb kh\u00f4. S\u1ef1 kh\u00e1c bi\u1ec7t gi\u1eefa Kolbasa chu\u1ea9n Nga v\u00e0 c\u00e1c lo\u1ea1i x\u00fac x\u00edch th\u00f4ng th\u01b0\u1eddng n\u1eb1m \u1edf h\u1eadu v\u1ecb \u0111\u1ecdng l\u1ea1i \u2013 m\u1ed9t v\u1ecb ng\u1ecdt thanh c\u1ee7a th\u1ecbt th\u1eadt v\u00e0 m\u00f9i t\u1ecfi th\u01a1m l\u00e2u nh\u01b0ng kh\u00f4ng n\u1ed3ng g\u1eaft.<\/p>\n<p data-path-to-node=\"17\"><img loading=\"lazy\" decoding=\"async\" class=\"aligncenter\" src=\"https:\/\/havamall.com\/wp-content\/uploads\/2026\/02\/RoastedGarlicSausage-2.jpg\" width=\"800\" height=\"600\" \/><\/p>\n<p data-path-to-node=\"18\">S\u1ea3n ph\u1ea9m X\u00fac X\u00edch T\u1ecfi Nga Moscow Kolbasa 500g hi\u1ec7n \u0111ang \u0111\u01b0\u1ee3c ph\u00e2n ph\u1ed1i t\u1ea1i\u00a0<b data-path-to-node=\"18\" data-index-in-node=\"75\">Havamall<\/b>, \u0111\u01a1n v\u1ecb chuy\u00ean nh\u1eadp kh\u1ea9u c\u00e1c d\u00f2ng th\u1ef1c ph\u1ea9m cao c\u1ea5p t\u1eeb Nga, cam k\u1ebft h\u00e0ng ch\u00ednh h\u00e3ng v\u1edbi \u0111\u1ea7y \u0111\u1ee7 tem ph\u1ee5 v\u00e0 quy tr\u00ecnh b\u1ea3o qu\u1ea3n l\u1ea1nh ti\u00eau chu\u1ea9n \u0111\u1ec3 gi\u1eef tr\u1ecdn h\u01b0\u01a1ng v\u1ecb t\u1eeb Moscow \u0111\u1ebfn b\u00e0n \u0103n c\u1ee7a gia \u0111\u00ecnh.<\/p>\n<\/div>\n<\/div>\n<\/div>","protected":false},"excerpt":{"rendered":"<p>TH\u00d4NG TIN S\u1ea2N PH\u1ea8M Th\u01b0\u01a1ng hi\u1ec7u Moscow Kolbasa Xu\u1ea5t x\u1ee9 Nga Th\u00e0nh ph\u1ea7n Th\u1ecbt l\u1ee3n, th\u1ecbt b\u00f2, t\u1ecfi t\u01b0\u01a1i, mu\u1ed1i,<\/p>","protected":false},"featured_media":44324,"comment_status":"open","ping_status":"closed","template":"","meta":[],"product_brand":[],"product_cat":[673,275],"product_tag":[],"class_list":{"0":"post-44323","1":"product","2":"type-product","3":"status-publish","4":"has-post-thumbnail","6":"product_cat-nhap-khau-nga","7":"product_cat-thuc-pham-dong-lanh","9":"first","10":"instock","11":"sale","12":"shipping-taxable","13":"purchasable","14":"product-type-simple"},"_links":{"self":[{"href":"https:\/\/havamall.vn\/en\/wp-json\/wp\/v2\/product\/44323"}],"collection":[{"href":"https:\/\/havamall.vn\/en\/wp-json\/wp\/v2\/product"}],"about":[{"href":"https:\/\/havamall.vn\/en\/wp-json\/wp\/v2\/types\/product"}],"replies":[{"embeddable":true,"href":"https:\/\/havamall.vn\/en\/wp-json\/wp\/v2\/comments?post=44323"}],"version-history":[{"count":0,"href":"https:\/\/havamall.vn\/en\/wp-json\/wp\/v2\/product\/44323\/revisions"}],"wp:featuredmedia":[{"embeddable":true,"href":"https:\/\/havamall.vn\/en\/wp-json\/wp\/v2\/media\/44324"}],"wp:attachment":[{"href":"https:\/\/havamall.vn\/en\/wp-json\/wp\/v2\/media?parent=44323"}],"wp:term":[{"taxonomy":"product_brand","embeddable":true,"href":"https:\/\/havamall.vn\/en\/wp-json\/wp\/v2\/product_brand?post=44323"},{"taxonomy":"product_cat","embeddable":true,"href":"https:\/\/havamall.vn\/en\/wp-json\/wp\/v2\/product_cat?post=44323"},{"taxonomy":"product_tag","embeddable":true,"href":"https:\/\/havamall.vn\/en\/wp-json\/wp\/v2\/product_tag?post=44323"}],"curies":[{"name":"wp","href":"https:\/\/api.w.org\/{rel}","templated":true}]}}