{"id":44316,"date":"2026-02-06T09:47:16","date_gmt":"2026-02-06T02:47:16","guid":{"rendered":"https:\/\/havamall.vn\/?post_type=product&#038;p=44316"},"modified":"2026-02-06T09:47:19","modified_gmt":"2026-02-06T02:47:19","slug":"bot-cacao-nguyen-chat-malaysia-tan-thanh-ngoc-500g-malaysia-pure-cocoa-powder","status":"publish","type":"product","link":"https:\/\/havamall.vn\/en\/shop\/bot-cacao-nguyen-chat-malaysia-tan-thanh-ngoc-500g-malaysia-pure-cocoa-powder\/","title":{"rendered":"B\u1ed9t Cacao Nguy\u00ean Ch\u1ea5t Malaysia T\u00e2n Th\u1ea1nh Ng\u1ecdc 500g \u2013 Malaysia Pure Cocoa Powder"},"content":{"rendered":"<h3 data-path-to-node=\"2\">TH\u00d4NG TIN S\u1ea2N PH\u1ea8M<\/h3>\n<div class=\"horizontal-scroll-wrapper\">\n<div class=\"table-block-component\">\n<div class=\"table-block has-export-button\">\n<table style=\"width: 50.9268%;height: 157px\" data-path-to-node=\"3\">\n<tbody>\n<tr>\n<td><span data-path-to-node=\"3,1,0,0\">Th\u01b0\u01a1ng hi\u1ec7u<\/span><\/td>\n<td><span data-path-to-node=\"3,1,1,0\">T\u00e2n Th\u1ea1nh Ng\u1ecdc<\/span><\/td>\n<\/tr>\n<tr>\n<td><span data-path-to-node=\"3,2,0,0\">Xu\u1ea5t x\u1ee9<\/span><\/td>\n<td><span data-path-to-node=\"3,2,1,0\">Malaysia (\u0110\u00f3ng g\u00f3i t\u1ea1i Vi\u1ec7t Nam)<\/span><\/td>\n<\/tr>\n<tr>\n<td><span data-path-to-node=\"3,3,0,0\">Th\u00e0nh ph\u1ea7n<\/span><\/td>\n<td><span data-path-to-node=\"3,3,1,0\">100% B\u1ed9t cacao nguy\u00ean ch\u1ea5t<\/span><\/td>\n<\/tr>\n<tr>\n<td><span data-path-to-node=\"3,4,0,0\">H\u1ea1n s\u1eed d\u1ee5ng<\/span><\/td>\n<td><span data-path-to-node=\"3,4,1,0\">12 th\u00e1ng k\u1ec3 t\u1eeb ng\u00e0y s\u1ea3n xu\u1ea5t<\/span><\/td>\n<\/tr>\n<tr>\n<td><span data-path-to-node=\"3,5,0,0\">B\u1ea3o qu\u1ea3n<\/span><\/td>\n<td><span data-path-to-node=\"3,5,1,0\">N\u01a1i kh\u00f4 r\u00e1o, tho\u00e1ng m\u00e1t, tr\u00e1nh \u00e1nh n\u1eafng tr\u1ef1c ti\u1ebfp v\u00e0 nhi\u1ec7t \u0111\u1ed9 cao<\/span><\/td>\n<\/tr>\n<tr>\n<td><span data-path-to-node=\"3,6,0,0\">Kh\u1ed1i l\u01b0\u1ee3ng<\/span><\/td>\n<td><span data-path-to-node=\"3,6,1,0\">500g<\/span><\/td>\n<\/tr>\n<\/tbody>\n<\/table>\n<p>Trong d\u00f2ng ch\u1ea3y \u1ea9m th\u1ef1c hi\u1ec7n \u0111\u1ea1i, Malaysia \u0111\u00e3 kh\u1eb3ng \u0111\u1ecbnh v\u1ecb th\u1ebf l\u00e0 m\u1ed9t trong nh\u1eefng qu\u1ed1c gia c\u00f3 n\u1ec1n c\u00f4ng nghi\u1ec7p s\u1ea3n xu\u1ea5t v\u00e0 ch\u1ebf bi\u1ebfn cacao h\u00e0ng \u0111\u1ea7u th\u1ebf gi\u1edbi nh\u1edd \u0111i\u1ec1u ki\u1ec7n th\u1ed5 nh\u01b0\u1ee1ng v\u00e0 kh\u00ed h\u1eadu nhi\u1ec7t \u0111\u1edbi l\u00fd t\u01b0\u1edfng. C\u00e1c h\u1ea1t cacao t\u1eeb v\u00f9ng \u0111\u1ea5t n\u00e0y lu\u00f4n mang m\u1ed9t h\u01b0\u01a1ng v\u1ecb \u0111\u1eb7c tr\u01b0ng, n\u1ed3ng n\u00e0n v\u00e0 \u0111\u1ea1t \u0111\u1ed9 b\u00e9o t\u1ef1 nhi\u00ean l\u00fd t\u01b0\u1edfng.<\/p>\n<p>Th\u01b0\u01a1ng hi\u1ec7u T\u00e2n Th\u1ea1nh Ng\u1ecdc, v\u1edbi s\u1ee9 m\u1ec7nh mang \u0111\u1ebfn nh\u1eefng nguy\u00ean li\u1ec7u th\u1ef1c ph\u1ea9m ch\u1ea5t l\u01b0\u1ee3ng cho ng\u01b0\u1eddi ti\u00eau d\u00f9ng Vi\u1ec7t, \u0111\u00e3 ch\u1ecdn l\u1ecdc k\u1ef9 l\u01b0\u1ee1ng ngu\u1ed3n nguy\u00ean li\u1ec7u t\u1eeb Malaysia \u0111\u1ec3 \u0111\u00f3ng g\u00f3i v\u00e0 ph\u00e2n ph\u1ed1i. S\u1ef1 k\u1ebft h\u1ee3p gi\u1eefa k\u1ef9 thu\u1eadt canh t\u00e1c chuy\u00ean nghi\u1ec7p c\u1ee7a Malaysia v\u00e0 quy tr\u00ecnh ki\u1ec3m \u0111\u1ecbnh nghi\u00eam ng\u1eb7t t\u1ea1i Vi\u1ec7t Nam gi\u00fap gi\u1eef tr\u1ecdn v\u1eb9n nh\u1eefng gi\u00e1 tr\u1ecb nguy\u00ean b\u1ea3n nh\u1ea5t c\u1ee7a h\u1ea1t cacao, \u0111\u00e1p \u1ee9ng ti\u00eau chu\u1ea9n kh\u1eaft khe cho c\u1ea3 nhu c\u1ea7u gia \u0111\u00ecnh l\u1eabn s\u1ea3n xu\u1ea5t chuy\u00ean nghi\u1ec7p.<\/p>\n<p><img fetchpriority=\"high\" decoding=\"async\" class=\"aligncenter  wp-image-44728\" src=\"https:\/\/havamall.com\/wp-content\/uploads\/2026\/02\/BOT_01476-1367x2048-1.png\" alt=\"\" width=\"800\" height=\"800\" \/><\/p>\n<h3 data-path-to-node=\"8\">\u0110\u1eb6C \u0110I\u1ec2M N\u1ed4I B\u1eacT V\u00c0 GI\u00c1 TR\u1eca DINH D\u01af\u1ee0NG<\/h3>\n<p data-path-to-node=\"9\">B\u1ed9t Cacao Nguy\u00ean Ch\u1ea5t Malaysia T\u00e2n Th\u1ea1nh Ng\u1ecdc s\u1edf h\u1eefu nh\u1eefng \u0111\u1eb7c t\u00ednh v\u1eadt l\u00fd v\u00e0 h\u00f3a h\u1ecdc \u01b0u vi\u1ec7t, d\u1ec5 d\u00e0ng nh\u1eadn di\u1ec7n qua c\u00e1c gi\u00e1c quan:<\/p>\n<p data-path-to-node=\"9\">\u2013 M\u00e0u s\u1eafc: S\u1ea3n ph\u1ea9m c\u00f3 m\u00e0u n\u00e2u \u0111\u1eadm \u0111\u1eb7c tr\u01b0ng, \u0111\u1ed3ng nh\u1ea5t, kh\u00f4ng ch\u1ee9a t\u1ea1p ch\u1ea5t hay ch\u1ea5t t\u1ea1o m\u00e0u nh\u00e2n t\u1ea1o.<\/p>\n<p data-path-to-node=\"9\">\u2013 H\u01b0\u01a1ng th\u01a1m: M\u00f9i th\u01a1m n\u1ed3ng n\u00e0n, s\u00e2u l\u1eafng, mang l\u1ea1i c\u1ea3m gi\u00e1c th\u01b0 gi\u00e3n ngay khi v\u1eeba m\u1edf bao b\u00ec.<\/p>\n<p data-path-to-node=\"9\">\u2013 V\u1ecb gi\u00e1c: Mang v\u1ecb \u0111\u1eafng thanh tho\u00e1t, h\u1eadu v\u1ecb h\u01a1i b\u00e9o ng\u1eady t\u1ef1 nhi\u00ean t\u1eeb b\u01a1 cacao c\u00f2n s\u00f3t l\u1ea1i, ho\u00e0n to\u00e0n kh\u00f4ng ch\u1ee9a \u0111\u01b0\u1eddng hay h\u01b0\u01a1ng li\u1ec7u t\u1ed5ng h\u1ee3p.<\/p>\n<p data-path-to-node=\"10\">V\u1ec1 m\u1eb7t dinh d\u01b0\u1ee1ng, cacao \u0111\u01b0\u1ee3c coi l\u00e0 m\u1ed9t &#8220;si\u00eau th\u1ef1c ph\u1ea9m&#8221; v\u1edbi h\u00e0m l\u01b0\u1ee3ng ch\u1ea5t ch\u1ed1ng oxy h\u00f3a c\u1ef1c cao, \u0111\u1eb7c bi\u1ec7t l\u00e0 Flavonoids gi\u00fap b\u1ea3o v\u1ec7 h\u1ec7 tim m\u1ea1ch v\u00e0 gi\u1ea3m huy\u1ebft \u00e1p. Vi\u1ec7c s\u1eed d\u1ee5ng cacao nguy\u00ean ch\u1ea5t m\u1ed7i ng\u00e0y h\u1ed7 tr\u1ee3 t\u0103ng c\u01b0\u1eddng trao \u0111\u1ed5i ch\u1ea5t, c\u1ea3i thi\u1ec7n t\u00e2m tr\u1ea1ng nh\u1edd k\u00edch th\u00edch s\u1ea3n sinh Serotonin v\u00e0 Dopamin \u2013 nh\u1eefng &#8220;hormone h\u1ea1nh ph\u00fac&#8221;. Ngo\u00e0i ra, ch\u1ea5t x\u01a1 v\u00e0 c\u00e1c kho\u00e1ng ch\u1ea5t nh\u01b0 Magie, S\u1eaft, K\u1ebdm c\u00f3 trong b\u1ed9t cacao c\u00f2n \u0111\u00f3ng vai tr\u00f2 quan tr\u1ecdng trong vi\u1ec7c duy tr\u00ec n\u0103ng l\u01b0\u1ee3ng cho c\u01a1 th\u1ec3 v\u00e0 h\u1ed7 tr\u1ee3 qu\u00e1 tr\u00ecnh gi\u1ea3m c\u00e2n l\u00e0nh m\u1ea1nh.<\/p>\n<p data-path-to-node=\"10\"><img decoding=\"async\" class=\"aligncenter\" src=\"https:\/\/havamall.com\/wp-content\/uploads\/2026\/02\/CocoaPowder_HERO_020421_8213_VOG_final.jpg\" alt=\"Cocoa Powder Guide: How to Buy It, Store It, and What Is Dutch-Process,  Anyway? | Epicurious\" width=\"801\" height=\"801\" \/><\/p>\n<h3 data-path-to-node=\"11\">H\u01af\u1edaNG D\u1eaaN S\u1eec D\u1ee4NG V\u00c0 CH\u1ebe BI\u1ebeN C\u00c1C M\u00d3N \u0102N TH\u1edcI TH\u01af\u1ee2NG<\/h3>\n<p data-path-to-node=\"12\">B\u1ed9t cacao nguy\u00ean ch\u1ea5t l\u00e0 nguy\u00ean li\u1ec7u \u0111a n\u0103ng, cho ph\u00e9p bi\u1ebfn t\u1ea5u t\u1eeb nh\u1eefng ly th\u1ee9c u\u1ed1ng truy\u1ec1n th\u1ed1ng \u0111\u1ebfn c\u00e1c m\u00f3n tr\u00e1ng mi\u1ec7ng cao c\u1ea5p:<\/p>\n<p data-path-to-node=\"13\"><b data-path-to-node=\"13\" data-index-in-node=\"0\">1. Th\u1ee9c u\u1ed1ng cacao n\u00f3ng truy\u1ec1n th\u1ed1ng:<\/b>\u00a0\u2013 H\u00f2a tan 2\u20133 mu\u1ed7ng b\u1ed9t cacao v\u1edbi m\u1ed9t \u00edt n\u01b0\u1edbc s\u00f4i, khu\u1ea5y \u0111\u1ec1u cho \u0111\u1ebfn khi b\u1ed9t tan ho\u00e0n to\u00e0n. \u2013 Th\u00eam s\u1eefa \u0111\u1eb7c ho\u1eb7c s\u1eefa t\u01b0\u01a1i t\u00f9y theo kh\u1ea9u v\u1ecb \u0111\u1ec3 c\u00e2n b\u1eb1ng v\u1ecb \u0111\u1eafng. \u2013 M\u1ed9t ch\u00fat mu\u1ed1i h\u1ed3ng ho\u1eb7c b\u1ed9t qu\u1ebf s\u1ebd gi\u00fap h\u01b0\u01a1ng v\u1ecb tr\u1edf n\u00ean tinh t\u1ebf v\u00e0 \u1ea5m \u00e1p h\u01a1n.<\/p>\n<p data-path-to-node=\"13\"><img decoding=\"async\" class=\"aligncenter\" src=\"https:\/\/simplesassyscrumptious.com\/wp-content\/uploads\/2016\/12\/Hot-Cocoa-with-peppermint.png\" alt=\"Holiday Hot Cocoa - Simple, Sassy and Scrumptious\" width=\"801\" height=\"527\" \/><\/p>\n<p data-path-to-node=\"14\"><b data-path-to-node=\"14\" data-index-in-node=\"0\">2. Xu h\u01b0\u1edbng Cacao Tr\u1ee9ng Mu\u1ed1i ho\u1eb7c Cacao D\u1eeba:<\/b>\u00a0\u2013 T\u1eadn d\u1ee5ng \u0111\u1ed9 \u0111\u1eadm \u0111\u00e0 c\u1ee7a b\u1ed9t cacao Malaysia \u0111\u1ec3 t\u1ea1o l\u1edbp n\u1ec1n v\u1eefng ch\u1eafc cho ph\u1ea7n kem tr\u1ee9ng b\u00e9o ng\u1eady ph\u00eda tr\u00ean. \u2013 \u0110\u1ed1i v\u1edbi m\u00f3n Cacao D\u1eeba, h\u00e3y xay nhuy\u1ec5n \u0111\u00e1 v\u1edbi n\u01b0\u1edbc c\u1ed1t d\u1eeba v\u00e0 s\u1eefa, sau \u0111\u00f3 r\u01b0\u1edbi s\u1ed1t cacao \u0111\u1eadm \u0111\u1eb7c l\u00ean tr\u00ean \u0111\u1ec3 t\u1ea1o hi\u1ec7u \u1ee9ng ph\u00e2n l\u1edbp \u0111\u1eb9p m\u1eaft v\u00e0 h\u01b0\u01a1ng v\u1ecb \u0111\u1ed9c \u0111\u00e1o.<\/p>\n<p data-path-to-node=\"14\"><img loading=\"lazy\" decoding=\"async\" class=\"aligncenter\" src=\"https:\/\/havamall.com\/wp-content\/uploads\/2026\/02\/maxresdefault.jpg\" alt=\"C\u00c1CH L\u00c0M CACAO D\u1eeaA TH\u01a0M B\u00c9O TUY\u1ec6T NGON T\u1ea0I NH\u00c0 | CT CACAO D\u1eeaA KINH DOANH -  CKK\" width=\"800\" height=\"450\" \/><\/p>\n<p data-path-to-node=\"15\"><b data-path-to-node=\"15\" data-index-in-node=\"0\">3. Trong l\u00e0m b\u00e1nh v\u00e0 n\u1ea5u \u0103n:<\/b>\u00a0\u2013 S\u1ea3n ph\u1ea9m l\u00e0 th\u00e0nh ph\u1ea7n c\u1ed1t l\u00f5i t\u1ea1o n\u00ean h\u01b0\u01a1ng v\u1ecb \u0111\u1eb7c th\u00f9 cho c\u00e1c lo\u1ea1i b\u00e1nh nh\u01b0 Brownies, Tiramisu, ho\u1eb7c b\u00e1nh quy socola. \u2013 Trong m\u1ed9t s\u1ed1 c\u00f4ng th\u1ee9c \u1ea9m th\u1ef1c ph\u01b0\u01a1ng T\u00e2y, m\u1ed9t l\u01b0\u1ee3ng nh\u1ecf b\u1ed9t cacao c\u00f2n \u0111\u01b0\u1ee3c s\u1eed d\u1ee5ng trong c\u00e1c lo\u1ea1i s\u1ed1t th\u1ecbt n\u01b0\u1edbng \u0111\u1ec3 t\u1ea1o \u0111\u1ed9 s\u00e2u cho m\u00e0u s\u1eafc v\u00e0 h\u01b0\u01a1ng v\u1ecb.<\/p>\n<p data-path-to-node=\"15\"><img loading=\"lazy\" decoding=\"async\" class=\"aligncenter\" src=\"https:\/\/havamall.com\/wp-content\/uploads\/2026\/02\/recipe-card-best-scaled.jpg\" width=\"800\" height=\"1200\" \/><\/p>\n<p data-path-to-node=\"15\">B\u1ed9t Cacao Nguy\u00ean Ch\u1ea5t Malaysia T\u00e2n Th\u1ea1nh Ng\u1ecdc 500g \u0111ang \u0111\u01b0\u1ee3c b\u00e0y b\u00e1n ch\u00ednh th\u1ee9c t\u1ea1i\u00a0<b data-path-to-node=\"18\" data-index-in-node=\"94\">Havamall<\/b>, \u0111\u01a1n v\u1ecb chuy\u00ean nh\u1eadp kh\u1ea9u v\u00e0 ph\u00e2n ph\u1ed1i c\u00e1c s\u1ea3n ph\u1ea9m ch\u1ea5t l\u01b0\u1ee3ng cao, cam k\u1ebft h\u00e0ng ch\u00ednh h\u00e3ng 100% \u0111\u1ebfn tay ng\u01b0\u1eddi ti\u00eau d\u00f9ng.<\/p>\n<\/div>\n<\/div>\n<\/div>","protected":false},"excerpt":{"rendered":"<p>TH\u00d4NG TIN S\u1ea2N PH\u1ea8M Th\u01b0\u01a1ng hi\u1ec7u T\u00e2n Th\u1ea1nh Ng\u1ecdc Xu\u1ea5t x\u1ee9 Malaysia (\u0110\u00f3ng g\u00f3i t\u1ea1i Vi\u1ec7t Nam) Th\u00e0nh ph\u1ea7n 100%<\/p>","protected":false},"featured_media":44317,"comment_status":"open","ping_status":"closed","template":"","meta":[],"product_brand":[],"product_cat":[677,255,131],"product_tag":[],"class_list":{"0":"post-44316","1":"product","2":"type-product","3":"status-publish","4":"has-post-thumbnail","6":"product_cat-cac-nuoc-khac","7":"product_cat-nguyen-lieu-lam-banh","8":"product_cat-nguyen-lieu-lam-bep","10":"first","11":"instock","12":"sale","13":"shipping-taxable","14":"purchasable","15":"product-type-simple"},"_links":{"self":[{"href":"https:\/\/havamall.vn\/en\/wp-json\/wp\/v2\/product\/44316"}],"collection":[{"href":"https:\/\/havamall.vn\/en\/wp-json\/wp\/v2\/product"}],"about":[{"href":"https:\/\/havamall.vn\/en\/wp-json\/wp\/v2\/types\/product"}],"replies":[{"embeddable":true,"href":"https:\/\/havamall.vn\/en\/wp-json\/wp\/v2\/comments?post=44316"}],"version-history":[{"count":0,"href":"https:\/\/havamall.vn\/en\/wp-json\/wp\/v2\/product\/44316\/revisions"}],"wp:featuredmedia":[{"embeddable":true,"href":"https:\/\/havamall.vn\/en\/wp-json\/wp\/v2\/media\/44317"}],"wp:attachment":[{"href":"https:\/\/havamall.vn\/en\/wp-json\/wp\/v2\/media?parent=44316"}],"wp:term":[{"taxonomy":"product_brand","embeddable":true,"href":"https:\/\/havamall.vn\/en\/wp-json\/wp\/v2\/product_brand?post=44316"},{"taxonomy":"product_cat","embeddable":true,"href":"https:\/\/havamall.vn\/en\/wp-json\/wp\/v2\/product_cat?post=44316"},{"taxonomy":"product_tag","embeddable":true,"href":"https:\/\/havamall.vn\/en\/wp-json\/wp\/v2\/product_tag?post=44316"}],"curies":[{"name":"wp","href":"https:\/\/api.w.org\/{rel}","templated":true}]}}