{"id":44310,"date":"2026-02-04T15:31:04","date_gmt":"2026-02-04T08:31:04","guid":{"rendered":"https:\/\/havamall.vn\/?post_type=product&#038;p=44310"},"modified":"2026-02-04T15:31:12","modified_gmt":"2026-02-04T08:31:12","slug":"nam-dong-co-nguyen-tai-shiitake-whole-800g-shiitake-whole-in-brine-800g","status":"publish","type":"product","link":"https:\/\/havamall.vn\/en\/shop\/nam-dong-co-nguyen-tai-shiitake-whole-800g-shiitake-whole-in-brine-800g\/","title":{"rendered":"N\u1ea5m \u0110\u00f4ng C\u00f4 Nguy\u00ean Tai Shiitake Whole 800g \u2013 Shiitake Whole In Brine 800g"},"content":{"rendered":"<h3 data-path-to-node=\"4\">TH\u00d4NG TIN S\u1ea2N PH\u1ea8M<\/h3>\n<div class=\"horizontal-scroll-wrapper\">\n<div class=\"table-block-component\">\n<div class=\"table-block has-export-button\">\n<table data-path-to-node=\"5\">\n<tbody>\n<tr>\n<td><span data-path-to-node=\"5,2,0,0\"><b data-path-to-node=\"5,2,0,0\" data-index-in-node=\"0\">Xu\u1ea5t x\u1ee9<\/b><\/span><\/td>\n<td><span data-path-to-node=\"5,2,1,0\">Trung Qu\u1ed1c<\/span><\/td>\n<\/tr>\n<tr>\n<td><span data-path-to-node=\"5,3,0,0\"><b data-path-to-node=\"5,3,0,0\" data-index-in-node=\"0\">Th\u00e0nh ph\u1ea7n<\/b><\/span><\/td>\n<td><span data-path-to-node=\"5,3,1,0\">N\u1ea5m \u0111\u00f4ng c\u00f4 nguy\u00ean tr\u00e1i, n\u01b0\u1edbc, mu\u1ed1i, axit citric&#8230;<\/span><\/td>\n<\/tr>\n<tr>\n<td><span data-path-to-node=\"5,4,0,0\"><b data-path-to-node=\"5,4,0,0\" data-index-in-node=\"0\">Quy c\u00e1ch<\/b><\/span><\/td>\n<td><span data-path-to-node=\"5,4,1,0\">Lon 800g (Kh\u1ed1i l\u01b0\u1ee3ng t\u1ecbnh: 400g)<\/span><\/td>\n<\/tr>\n<tr>\n<td><span data-path-to-node=\"5,5,0,0\"><b data-path-to-node=\"5,5,0,0\" data-index-in-node=\"0\">\u0110\u1eb7c tr\u01b0ng<\/b><\/span><\/td>\n<td><span data-path-to-node=\"5,5,1,0\">N\u1ea5m nguy\u00ean tr\u00e1i \u0111\u1ec1u \u0111\u1eb9p, th\u1ecbt n\u1ea5m d\u00e0y, dai gi\u00f2n t\u1ef1 nhi\u00ean v\u00e0 gi\u1eef tr\u1ecdn h\u01b0\u01a1ng th\u01a1m \u0111\u1eb7c tr\u01b0ng.<\/span><\/td>\n<\/tr>\n<tr>\n<td><span data-path-to-node=\"5,6,0,0\"><b data-path-to-node=\"5,6,0,0\" data-index-in-node=\"0\">B\u1ea3o qu\u1ea3n<\/b><\/span><\/td>\n<td><span data-path-to-node=\"5,6,1,0\">N\u01a1i kh\u00f4 r\u00e1o; sau khi m\u1edf n\u1eafp n\u00ean b\u1ea3o qu\u1ea3n l\u1ea1nh trong h\u0169 th\u1ee7y tinh\/nh\u1ef1a k\u00edn.<\/span><\/td>\n<\/tr>\n<\/tbody>\n<\/table>\n<p>N\u1ea5m \u0111\u00f4ng c\u00f4 (Shiitake) kh\u00f4ng ch\u1ec9 l\u00e0 m\u1ed9t lo\u1ea1i th\u1ef1c ph\u1ea9m ph\u1ed5 bi\u1ebfn m\u00e0 c\u00f2n l\u00e0 m\u1ed9t di s\u1ea3n tinh hoa trong n\u1ec1n \u1ea9m th\u1ef1c \u00c1 \u0110\u00f4ng h\u00e0ng th\u1ebf k\u1ef7 qua. \u0110\u01b0\u1ee3c m\u1ec7nh danh l\u00e0 &#8220;vua c\u1ee7a c\u00e1c lo\u1ea1i n\u1ea5m&#8221;, n\u1ea5m \u0111\u00f4ng c\u00f4 nguy\u00ean tai s\u1edf h\u1eefu m\u1ed9t v\u1ecb th\u1ebf \u0111\u1ed9c t\u00f4n nh\u1edd h\u00e0m l\u01b0\u1ee3ng Glutamate t\u1ef1 nhi\u00ean c\u1ef1c cao, t\u1ea1o n\u00ean v\u1ecb ng\u1ecdt Umami \u0111\u1eadm \u0111\u00e0 \u2013 m\u1ed9t th\u1ee9 ng\u00f4n ng\u1eef v\u1ecb gi\u00e1c n\u1ed3ng n\u00e0n th\u01b0\u1eddng ch\u1ec9 b\u1eaft g\u1eb7p trong nh\u1eefng b\u1eefa \u0111\u1ea1i ti\u1ec7c th\u01b0\u1ee3ng h\u1ea1ng. S\u1ef1 \u0111\u1eb7c s\u1eafc n\u00e0y kh\u00f4ng ch\u1ec9 khi\u1ebfn m\u00f3n \u0103n tr\u1edf n\u00ean h\u1ea5p d\u1eabn m\u00e0 c\u00f2n kh\u1eb3ng \u0111\u1ecbnh phong c\u00e1ch th\u01b0\u1edfng th\u1ee9c tinh t\u1ebf c\u1ee7a ng\u01b0\u1eddi n\u1ed9i tr\u1ee3 tr\u00ean to\u00e0n th\u1ebf gi\u1edbi.<\/p>\n<p><img fetchpriority=\"high\" decoding=\"async\" class=\"aligncenter\" src=\"https:\/\/havamall.com\/wp-content\/uploads\/2026\/02\/shiitake-mushrooms-with-garlic-red-onions-black-cement-floor-selective-focus.jpg\" alt=\"N\u01b0\u1edbc t\u01b0\u01a1ng n\u1ea5m Shiitake TH\u00c1I LONG - Y\u1ebeN TI\u1ec6C 6N...\" width=\"801\" height=\"533\" \/><\/p>\n<p>T\u1eebng tai n\u1ea5m ph\u1ea3i \u0111\u01b0\u1ee3c thu ho\u1ea1ch \u0111\u00fang th\u1eddi \u0111i\u1ec3m tr\u01b0\u1edfng th\u00e0nh ho\u00e0n h\u1ea3o nh\u1ea5t, \u0111\u1ea3m b\u1ea3o ph\u1ea7n th\u1ecbt n\u1ea5m \u0111\u1ea1t \u0111\u1ed9 d\u00e0y tuy\u1ec7t \u0111\u1ed1i, m\u0169 n\u1ea5m tr\u00f2n \u0111\u1ec1u v\u00e0 kh\u00f4ng n\u1ee9t v\u1ee1. Quy tr\u00ecnh chi\u1ebft xu\u1ea5t v\u00e0 \u0111\u00f3ng lon ngay sau khi thu ho\u1ea1ch trong m\u00f4i tr\u01b0\u1eddng n\u01b0\u1edbc mu\u1ed1i tinh khi\u1ebft (brine) gi\u00fap b\u1ea3o to\u00e0n tr\u1ecdn v\u1eb9n k\u1ebft c\u1ea5u dai gi\u00f2n s\u1ea7n s\u1eadt v\u00e0 h\u01b0\u01a1ng th\u01a1m n\u1ed3ng n\u00e0n \u0111\u1eb7c tr\u01b0ng c\u1ee7a r\u1eebng gi\u00e0 \u2013 \u0111i\u1ec1u m\u00e0 c\u00e1c lo\u1ea1i n\u1ea5m kh\u00f4 th\u00f4ng th\u01b0\u1eddng kh\u00f3 c\u00f3 th\u1ec3 gi\u1eef l\u1ea1i \u0111\u01b0\u1ee3c.<\/p>\n<p><img decoding=\"async\" class=\"aligncenter\" src=\"https:\/\/havamall.com\/wp-content\/uploads\/2026\/02\/shiitake-soaked-wide.jpg\" alt=\"Dried Shiitake Guide: How to Buy, Soak and Prep the Mushrooms - Viet World  Kitchen\" width=\"801\" height=\"601\" \/><\/p>\n<h3 data-path-to-node=\"10\">NGH\u1ec6 THU\u1eacT CH\u1ebe BI\u1ebeN H\u01af\u01a0NG V\u1eca<\/h3>\n<p>\u2013\u00a0<b data-path-to-node=\"12\" data-index-in-node=\"2\">L\u1edbp n\u1ec1n ho\u00e0n h\u1ea3o cho c\u00e1c m\u00f3n canh h\u1ea7m:<\/b>\u00a0Khi \u0111\u01b0\u1ee3c ninh nh\u1ecf l\u1eeda, tai n\u1ea5m ti\u1ebft ra v\u1ecb ng\u1ecdt thanh s\u00e2u l\u1eafng, h\u1ea5p th\u1ee5 tinh t\u00fay t\u1eeb c\u00e1c nguy\u00ean li\u1ec7u \u0111i k\u00e8m nh\u01b0 g\u00e0, b\u00e0o ng\u01b0 hay h\u1ea3i s\u1ea3n \u0111\u1ec3 t\u1ea1o n\u00ean m\u1ed9t t\u1ed5ng th\u1ec3 th\u01a1m ngon tuy\u1ec7t h\u1ea3o.<\/p>\n<p>\u2013\u00a0<b data-path-to-node=\"12\" data-index-in-node=\"222\">K\u1ef9 thu\u1eadt n\u01b0\u1edbng v\u00e0 \u00e1p ch\u1ea3o chuy\u00ean nghi\u1ec7p:<\/b>\u00a0Tai n\u1ea5m v\u1edbi th\u1ecbt d\u00e0y dai \u0111\u1eb7c tr\u01b0ng th\u01b0\u1eddng xu\u1ea5t hi\u1ec7n tr\u00ean v\u1ec9 n\u01b0\u1edbng trong nh\u1eefng b\u1eefa ti\u1ec7c BBQ ngo\u00e0i tr\u1eddi ho\u1eb7c \u00e1p ch\u1ea3o nhanh v\u1edbi b\u01a1 t\u1ecfi, mang l\u1ea1i m\u00f9i th\u01a1m \u0111\u1eb7c tr\u01b0ng n\u1ed3ng n\u00e0n kh\u00f4ng th\u1ec3 nh\u1ea7m l\u1eabn.<\/p>\n<p>\u2013\u00a0<b data-path-to-node=\"12\" data-index-in-node=\"455\">Bi\u1ebfn t\u1ea5u \u0111a d\u1ea1ng thay cho th\u1ecbt:<\/b>\u00a0V\u1edbi k\u1ebft c\u1ea5u dai m\u1ecbn nh\u01b0 th\u1ecbt, n\u1ea5m \u0111\u00f4ng c\u00f4 th\u01b0\u1eddng \u0111\u01b0\u1ee3c ch\u1ebf bi\u1ebfn th\u00e0nh c\u00e1c m\u00f3n kho, x\u00e0o ng\u0169 s\u1eafc ho\u1eb7c nh\u00fang l\u1ea9u, l\u00e0 s\u1ef1 l\u1ef1a ch\u1ecdn ho\u00e0n h\u1ea3o cho c\u00e1c b\u1eefa \u0103n h\u00e0ng ng\u00e0y hay nh\u1eefng d\u1ecbp l\u1ec5 T\u1ebft \u0111\u1eb7c bi\u1ec7t khi c\u00e1c th\u00e0nh vi\u00ean trong gia \u0111\u00ecnh qu\u00e2y qu\u1ea7n b\u00ean nhau.<\/p>\n<p><img decoding=\"async\" class=\"aligncenter  wp-image-44717\" src=\"https:\/\/havamall.com\/wp-content\/uploads\/2026\/02\/597706015_829683580037139_3613686390570817033_n.jpg\" alt=\"\" width=\"801\" height=\"801\" \/><\/p>\n<p data-path-to-node=\"14\">\u0110\u1ec3 m\u00f3n \u0103n gi\u1eef \u0111\u01b0\u1ee3c tr\u1ecdn v\u1eb9n gi\u00e1 tr\u1ecb dinh d\u01b0\u1ee1ng v\u00e0 ch\u1ea5t l\u01b0\u1ee3ng th\u01a1m ngon, ng\u01b0\u1eddi s\u1ea3n xu\u1ea5t lu\u00f4n khuy\u1ebfn c\u00e1o quy tr\u00ecnh s\u01a1 ch\u1ebf v\u00e0 b\u1ea3o qu\u1ea3n nghi\u00eam ng\u1eb7t:<\/p>\n<p data-path-to-node=\"15\"><b data-path-to-node=\"15\" data-index-in-node=\"0\">H\u01b0\u1edbng d\u1eabn s\u1eed d\u1ee5ng:<\/b>\u00a0\u2013 L\u1ea5y n\u1ea5m \u0111\u00f4ng c\u00f4 b\u00ean trong ra kh\u1ecfi bao b\u00ec, sau \u0111\u00f3 r\u1eeda nh\u1eb9 qua v\u1edbi n\u01b0\u1edbc l\u1ea1nh \u0111\u1ec3 lo\u1ea1i b\u1ecf v\u1ecb m\u1eb7n d\u01b0 th\u1eeba c\u1ee7a n\u01b0\u1edbc ng\u00e2m. \u2013 S\u1ea3n ph\u1ea9m \u0111\u00e3 \u0111\u01b0\u1ee3c x\u1eed l\u00fd s\u1ea1ch s\u1ebd, c\u00f3 th\u1ec3 d\u00f9ng ngay ho\u1eb7c l\u00e0m n\u00f3ng: n\u01b0\u1edbng, chi\u00ean nh\u1ecf l\u1eeda v\u1edbi d\u1ea7u \u0103n, lu\u1ed9c, ho\u1eb7c \u0111\u1eb7t v\u00e0o l\u00f2 vi s\u00f3ng. N\u1ea5m s\u1ebd ngon v\u00e0 m\u1ecdng n\u01b0\u1edbc nh\u1ea5t khi th\u1ea5y s\u1ea3n ph\u1ea9m c\u0103ng m\u1ecbn v\u00e0 t\u1ecfa m\u00f9i th\u01a1m \u0111\u1eb7c tr\u01b0ng.<\/p>\n<p data-path-to-node=\"16\"><b data-path-to-node=\"16\" data-index-in-node=\"0\">H\u01b0\u1edbng d\u1eabn b\u1ea3o qu\u1ea3n:<\/b>\u00a0\u2013 S\u1ea3n ph\u1ea9m ch\u01b0a m\u1edf bao b\u00ec: B\u1ea3o qu\u1ea3n n\u01a1i kh\u00f4 r\u00e1o, tho\u00e1ng m\u00e1t, tr\u00e1nh \u00e1nh n\u1eafng tr\u1ef1c ti\u1ebfp. \u2013 S\u1ea3n ph\u1ea9m \u0111\u00e3 m\u1edf bao b\u00ec: Ph\u1ea3i chuy\u1ec3n to\u00e0n b\u1ed9 n\u1ea5m v\u00e0 n\u01b0\u1edbc ng\u00e2m sang h\u0169 th\u1ee7y tinh ho\u1eb7c nh\u1ef1a k\u00edn, \u0111\u00f3ng l\u1ea1i th\u1eadt k\u1ef9. \u0110\u1ec3 duy tr\u00ec h\u01b0\u01a1ng v\u1ecb th\u01a1m ngon tuy\u1ec7t h\u1ea3o, n\u00ean b\u1ea3o qu\u1ea3n \u1edf nhi\u1ec7t \u0111\u1ed9 0 \u2013 4 \u0111\u1ed9 C v\u00e0 s\u1eed d\u1ee5ng h\u1ebft trong v\u00f2ng 48 ti\u1ebfng.<\/p>\n<p data-path-to-node=\"16\"><img loading=\"lazy\" decoding=\"async\" class=\"aligncenter\" src=\"https:\/\/havamall.com\/wp-content\/uploads\/2026\/02\/Mixed-Mushrooms-with-White-Wine-MPIC.jpg\" alt=\"Mixed Mushrooms with White Wine - Food and Journeys\u00ae\" width=\"800\" height=\"601\" \/><\/p>\n<p data-path-to-node=\"16\"><b data-path-to-node=\"15\" data-index-in-node=\"0\">N\u1ea5m \u0110\u00f4ng C\u00f4 Nguy\u00ean Tai Shiitake Whole 800g<\/b>\u00a0hi\u1ec7n \u0111ang c\u00f3 m\u1eb7t t\u1ea1i Havamall.<\/p>\n<\/div>\n<\/div>\n<\/div>","protected":false},"excerpt":{"rendered":"<p>TH\u00d4NG TIN S\u1ea2N PH\u1ea8M Xu\u1ea5t x\u1ee9 Trung Qu\u1ed1c Th\u00e0nh ph\u1ea7n N\u1ea5m \u0111\u00f4ng c\u00f4 nguy\u00ean tr\u00e1i, n\u01b0\u1edbc, mu\u1ed1i, axit citric&#8230; Quy<\/p>","protected":false},"featured_media":44311,"comment_status":"open","ping_status":"closed","template":"","meta":[],"product_brand":[],"product_cat":[674,143],"product_tag":[],"class_list":{"0":"post-44310","1":"product","2":"type-product","3":"status-publish","4":"has-post-thumbnail","6":"product_cat-nhap-khau-trung-quoc","7":"product_cat-thuc-pham-dong-hop","9":"first","10":"instock","11":"sale","12":"shipping-taxable","13":"purchasable","14":"product-type-simple"},"_links":{"self":[{"href":"https:\/\/havamall.vn\/en\/wp-json\/wp\/v2\/product\/44310"}],"collection":[{"href":"https:\/\/havamall.vn\/en\/wp-json\/wp\/v2\/product"}],"about":[{"href":"https:\/\/havamall.vn\/en\/wp-json\/wp\/v2\/types\/product"}],"replies":[{"embeddable":true,"href":"https:\/\/havamall.vn\/en\/wp-json\/wp\/v2\/comments?post=44310"}],"version-history":[{"count":0,"href":"https:\/\/havamall.vn\/en\/wp-json\/wp\/v2\/product\/44310\/revisions"}],"wp:featuredmedia":[{"embeddable":true,"href":"https:\/\/havamall.vn\/en\/wp-json\/wp\/v2\/media\/44311"}],"wp:attachment":[{"href":"https:\/\/havamall.vn\/en\/wp-json\/wp\/v2\/media?parent=44310"}],"wp:term":[{"taxonomy":"product_brand","embeddable":true,"href":"https:\/\/havamall.vn\/en\/wp-json\/wp\/v2\/product_brand?post=44310"},{"taxonomy":"product_cat","embeddable":true,"href":"https:\/\/havamall.vn\/en\/wp-json\/wp\/v2\/product_cat?post=44310"},{"taxonomy":"product_tag","embeddable":true,"href":"https:\/\/havamall.vn\/en\/wp-json\/wp\/v2\/product_tag?post=44310"}],"curies":[{"name":"wp","href":"https:\/\/api.w.org\/{rel}","templated":true}]}}