{"id":44302,"date":"2026-02-02T15:34:28","date_gmt":"2026-02-02T08:34:28","guid":{"rendered":"https:\/\/havamall.vn\/?post_type=product&#038;p=44302"},"modified":"2026-02-23T08:51:50","modified_gmt":"2026-02-23T01:51:50","slug":"dau-hat-dieu-do-vinh-thanh-100ml-annatto-oil-vinh-thanh-100ml","status":"publish","type":"product","link":"https:\/\/havamall.vn\/en\/shop\/dau-hat-dieu-do-vinh-thanh-100ml-annatto-oil-vinh-thanh-100ml\/","title":{"rendered":"D\u1ea7u H\u1ea1t \u0110i\u1ec1u \u0110\u1ecf V\u0129nh Th\u00e0nh 100ml \u2013 Annatto Oil Vinh Thanh 100ml"},"content":{"rendered":"<h3 data-path-to-node=\"4\">TH\u00d4NG TIN S\u1ea2N PH\u1ea8M<\/h3>\n<table style=\"width: 56.4666%;height: 155px\" data-path-to-node=\"5\">\n<tbody>\n<tr>\n<td><span data-path-to-node=\"5,1,0,0\"><b data-path-to-node=\"5,1,0,0\" data-index-in-node=\"0\">Th\u01b0\u01a1ng hi\u1ec7u<\/b><\/span><\/td>\n<td><span data-path-to-node=\"5,1,1,0\">V\u0129nh Th\u00e0nh<\/span><\/td>\n<\/tr>\n<tr>\n<td><span data-path-to-node=\"5,2,0,0\"><b data-path-to-node=\"5,2,0,0\" data-index-in-node=\"0\">Xu\u1ea5t x\u1ee9<\/b><\/span><\/td>\n<td><span data-path-to-node=\"5,2,1,0\">Vi\u1ec7t Nam<\/span><\/td>\n<\/tr>\n<tr>\n<td><span data-path-to-node=\"5,3,0,0\"><b data-path-to-node=\"5,3,0,0\" data-index-in-node=\"0\">Th\u00e0nh ph\u1ea7n<\/b><\/span><\/td>\n<td><span data-path-to-node=\"5,3,1,0\">D\u1ea7u th\u1ef1c v\u1eadt, h\u1ea1t \u0111i\u1ec1u \u0111\u1ecf nguy\u00ean ch\u1ea5t.<\/span><\/td>\n<\/tr>\n<tr>\n<td><span data-path-to-node=\"5,4,0,0\"><b data-path-to-node=\"5,4,0,0\" data-index-in-node=\"0\">Th\u1ec3 t\u00edch th\u1ef1c<\/b><\/span><\/td>\n<td><span data-path-to-node=\"5,4,1,0\">100ml<\/span><\/td>\n<\/tr>\n<tr>\n<td><span data-path-to-node=\"5,6,0,0\"><b data-path-to-node=\"5,6,0,0\" data-index-in-node=\"0\">B\u1ea3o qu\u1ea3n<\/b><\/span><\/td>\n<td><span data-path-to-node=\"5,6,1,0\">N\u01a1i kh\u00f4 r\u00e1o, tho\u00e1ng m\u00e1t, tr\u00e1nh \u00e1nh n\u1eafng tr\u1ef1c ti\u1ebfp; \u0111\u1eady k\u00edn n\u1eafp sau khi d\u00f9ng.<\/span><\/td>\n<\/tr>\n<\/tbody>\n<\/table>\n<div><\/div>\n<div class=\"horizontal-scroll-wrapper\">\n<div class=\"table-block-component\">\n<div class=\"table-block has-export-button\">D\u1ea7u H\u1ea1t \u0110i\u1ec1u \u0110\u1ecf V\u0129nh Th\u00e0nh l\u00e0 k\u1ebft qu\u1ea3 c\u1ee7a qu\u00e1 tr\u00ecnh chi\u1ebft xu\u1ea5t tinh t\u00fay t\u1eeb h\u1ea1t \u0111i\u1ec1u m\u00e0u (h\u1ea1t c\u00e0 ri) t\u01b0\u01a1i tr\u00ean n\u1ec1n d\u1ea7u th\u1ef1c v\u1eadt cao c\u1ea5p. Kh\u00e1c v\u1edbi c\u00e1c lo\u1ea1i ph\u1ea9m m\u00e0u c\u00f4ng nghi\u1ec7p, d\u1ea7u \u0111i\u1ec1u \u0111\u1ecf mang l\u1ea1i t\u00f4ng m\u00e0u cam \u0111\u1ecf \u1ea5m \u00e1p, trong tr\u1ebbo v\u00e0 ch\u00e2n th\u1ef1c, gi\u00fap m\u00f3n \u0103n tr\u1edf n\u00ean s\u1ed1ng \u0111\u1ed9ng m\u00e0 v\u1eabn \u0111\u1ea3m b\u1ea3o t\u00ednh an to\u00e0n tuy\u1ec7t \u0111\u1ed1i cho s\u1ee9c kh\u1ecfe ng\u01b0\u1eddi ti\u00eau d\u00f9ng.<\/div>\n<div><img fetchpriority=\"high\" decoding=\"async\" class=\"aligncenter  wp-image-44699\" src=\"https:\/\/havamall.com\/wp-content\/uploads\/2026\/02\/how-to-make-annatto-oil-from-scratch-20-1-1400x2100-1.jpg\" alt=\"\" width=\"803\" height=\"803\" \/><\/div>\n<div class=\"table-block has-export-button\">\n<h3 data-path-to-node=\"6\">QUY TR\u00ccNH CH\u1ebe BI\u1ebeN TINH CHI\u1ebeT T\u1eea H\u1ea0T \u0110I\u1ec0U M\u00c0U T\u1ef0 NHI\u00caN<\/h3>\n<p data-path-to-node=\"7\">\u0110\u1ec3 t\u1ea1o ra nh\u1eefng gi\u1ecdt d\u1ea7u \u0111i\u1ec1u c\u00f3 m\u00e0u s\u1eafc \u0111\u1ecf cam r\u1ef1c r\u1ee1 v\u00e0 \u0111\u1ed9 trong \u0111\u1ea1t chu\u1ea9n, quy tr\u00ecnh s\u1ea3n xu\u1ea5t \u0111\u00f2i h\u1ecfi s\u1ef1 ki\u1ec3m so\u00e1t kh\u1eaft khe v\u1ec1 nhi\u1ec7t \u0111\u1ed9 v\u00e0 th\u1eddi gian:<\/p>\n<p data-path-to-node=\"8\">\u2013\u00a0<b data-path-to-node=\"8\" data-index-in-node=\"2\">Tuy\u1ec3n ch\u1ecdn nguy\u00ean li\u1ec7u:<\/b>\u00a0H\u1ea1t \u0111i\u1ec1u m\u00e0u (c\u00f2n g\u1ecdi l\u00e0 h\u1ea1t c\u00e0 ri) ph\u1ea3i \u0111\u1ea1t \u0111\u1ed9 ch\u00edn gi\u00e0, kh\u00f4 ho\u00e0n to\u00e0n v\u00e0 c\u00f3 l\u1edbp ph\u1ea5n m\u00e0u \u0111\u1ecf \u0111\u1eadm ph\u1ee7 b\u00ean ngo\u00e0i v\u1ecf h\u1ea1t.<\/p>\n<p data-path-to-node=\"8\">\u2013\u00a0<b data-path-to-node=\"8\" data-index-in-node=\"148\">Gia nhi\u1ec7t v\u00e0 chi\u1ebft xu\u1ea5t:<\/b>\u00a0H\u1ea1t \u0111i\u1ec1u m\u00e0u \u0111\u01b0\u1ee3c \u0111\u01b0a v\u00e0o h\u1ec7 th\u1ed1ng gia nhi\u1ec7t c\u00f9ng d\u1ea7u th\u1ef1c v\u1eadt tinh luy\u1ec7n. Qu\u00e1 tr\u00ecnh n\u00e0y \u0111\u01b0\u1ee3c duy tr\u00ec \u1edf m\u1ee9c nhi\u1ec7t \u0111\u1ed9 \u1ed5n \u0111\u1ecbnh \u0111\u1ec3 s\u1eafc t\u1ed1 Bixin v\u00e0 Norbixin t\u1ef1 nhi\u00ean trong v\u1ecf h\u1ea1t h\u00f2a tan ho\u00e0n to\u00e0n v\u00e0o d\u1ea7u m\u00e0 kh\u00f4ng l\u00e0m bi\u1ebfn \u0111\u1ed5i c\u1ea5u tr\u00fac h\u00f3a h\u1ecdc c\u1ee7a ch\u1ea5t b\u00e9o.<\/p>\n<p data-path-to-node=\"8\">\u2013\u00a0<b data-path-to-node=\"8\" data-index-in-node=\"429\">L\u1ecdc v\u00e0 tinh ch\u1ebf:<\/b>\u00a0Sau khi \u0111\u1ea1t \u0111\u01b0\u1ee3c s\u1eafc \u0111\u1ed9 mong mu\u1ed1n, h\u1ed7n h\u1ee3p \u0111\u01b0\u1ee3c \u0111\u01b0a qua h\u1ec7 th\u1ed1ng l\u1ecdc \u0111a t\u1ea7ng \u0111\u1ec3 lo\u1ea1i b\u1ecf ho\u00e0n to\u00e0n b\u00e3 h\u1ea1t v\u00e0 t\u1ea1p ch\u1ea5t, mang l\u1ea1i th\u00e0nh ph\u1ea9m d\u1ea7u \u0111i\u1ec1u l\u1ecfng, trong su\u1ed1t v\u00e0 kh\u00f4ng b\u1ecb l\u1eafng c\u1eb7n.<\/p>\n<p data-path-to-node=\"8\"><img decoding=\"async\" class=\"aligncenter\" src=\"https:\/\/havamall.com\/wp-content\/uploads\/2026\/02\/achiote-oil-square.jpg\" width=\"800\" height=\"800\" \/><\/p>\n<\/div>\n<div>\n<h3 data-path-to-node=\"10\">\u1ee8NG D\u1ee4NG \u0110A T\u1ea6NG TRONG GIAN B\u1ebeP VI\u1ec6T<\/h3>\n<p data-path-to-node=\"11\">\u2013\u00a0<b data-path-to-node=\"11\" data-index-in-node=\"2\">C\u00e1c m\u00f3n n\u01b0\u1edbc \u0111\u1eb7c tr\u01b0ng:<\/b>\u00a0\u0110\u00e2y l\u00e0 th\u00e0nh ph\u1ea7n kh\u00f4ng th\u1ec3 thi\u1ebfu \u0111\u1ec3 ki\u1ebfn t\u1ea1o l\u1edbp v\u00e1ng d\u1ea7u h\u1ea5p d\u1eabn tr\u00ean b\u1ec1 m\u1eb7t b\u00e1t\u00a0<b data-path-to-node=\"11\" data-index-in-node=\"109\">B\u00fan B\u00f2 Hu\u1ebf, B\u00fan Ri\u00eau Cua, B\u00e1nh Canh Gh\u1eb9<\/b>\u00a0hay\u00a0<b data-path-to-node=\"11\" data-index-in-node=\"153\">M\u00ec Qu\u1ea3ng<\/b>. M\u00e0u \u0111\u1ecf cam t\u1ef1 nhi\u00ean gi\u00fap m\u00f3n \u0103n tr\u00f4ng b\u1eaft m\u1eaft v\u00e0 k\u00edch th\u00edch v\u1ecb gi\u00e1c m\u1ea1nh m\u1ebd.<\/p>\n<p data-path-to-node=\"11\">\u2013\u00a0<b data-path-to-node=\"11\" data-index-in-node=\"242\">K\u1ef9 thu\u1eadt t\u1ea9m \u01b0\u1edbp \u0111\u1ed3 n\u01b0\u1edbng v\u00e0 quay:<\/b>\u00a0D\u1ea7u \u0111i\u1ec1u \u0111\u01b0\u1ee3c s\u1eed d\u1ee5ng \u0111\u1ec3 ph\u1ebft l\u00ean b\u1ec1 m\u1eb7t\u00a0<b data-path-to-node=\"11\" data-index-in-node=\"318\">Th\u1ecbt X\u00e1 X\u00edu, G\u00e0 Quay, V\u1ecbt N\u01b0\u1edbng<\/b>\u00a0ho\u1eb7c\u00a0<b data-path-to-node=\"11\" data-index-in-node=\"355\">Kh\u00f4 B\u00f2<\/b>. T\u00e1c \u0111\u1ed9ng nhi\u1ec7t trong qu\u00e1 tr\u00ecnh n\u1ea5u s\u1ebd gi\u00fap m\u00e0u \u0111i\u1ec1u th\u1ea5m s\u00e2u v\u00e0o l\u1edbp da, t\u1ea1o \u0111\u1ed9 b\u00f3ng b\u1ea9y v\u00e0 m\u00e0u v\u00e0ng ru\u1ed9m c\u1ef1c k\u1ef3 chuy\u00ean nghi\u1ec7p.<\/p>\n<p data-path-to-node=\"11\">\u2013\u00a0<b data-path-to-node=\"11\" data-index-in-node=\"493\">H\u1ec7 th\u1ed1ng c\u00e1c m\u00f3n kho v\u00e0 c\u00e0 ri:<\/b>\u00a0S\u1ea3n ph\u1ea9m gi\u00fap hi\u1ec7u ch\u1ec9nh m\u00e0u s\u1eafc cho\u00a0<b data-path-to-node=\"11\" data-index-in-node=\"561\">B\u00f2 Kho, C\u00e0 Ri G\u00e0<\/b>\u00a0ho\u1eb7c c\u00e1c lo\u1ea1i s\u1ed1t ch\u1ea5m, gi\u00fap t\u1ed5ng th\u1ec3 m\u00f3n \u0103n c\u00f3 \u0111\u1ed9 s\u00e1nh quy\u1ec7n v\u00e0 s\u1eafc th\u00e1i n\u1ed3ng n\u00e0n.<\/p>\n<p data-path-to-node=\"11\"><img decoding=\"async\" class=\"aligncenter  wp-image-44700\" src=\"https:\/\/havamall.com\/wp-content\/uploads\/2026\/02\/shrimp-in-achiote-oil.webp\" alt=\"\" width=\"801\" height=\"801\" \/><\/p>\n<h3 data-path-to-node=\"12\">B\u1ea2O QU\u1ea2N V\u00c0 DUY TR\u00cc CH\u1ea4T L\u01af\u1ee2NG S\u1eaeC T\u1ed0<\/h3>\n<p data-path-to-node=\"14\">\u2013\u00a0<b data-path-to-node=\"14\" data-index-in-node=\"2\">Ki\u1ec3m so\u00e1t ti\u1ebfp x\u00fac \u00e1nh s\u00e1ng:<\/b>\u00a0S\u1eafc t\u1ed1 t\u1ef1 nhi\u00ean trong d\u1ea7u \u0111i\u1ec1u r\u1ea5t nh\u1ea1y c\u1ea3m v\u1edbi tia c\u1ef1c t\u00edm. Vi\u1ec7c l\u01b0u tr\u1eef chai trong ng\u0103n t\u1ee7 b\u1ebfp k\u00edn ho\u1eb7c n\u01a1i t\u1ed1i s\u1ebd ng\u0103n ch\u1eb7n hi\u1ec7n t\u01b0\u1ee3ng phai m\u00e0u v\u00e0 gi\u1eef cho d\u1ea7u lu\u00f4n gi\u1eef \u0111\u01b0\u1ee3c s\u1eafc \u0111\u1ecf ruby nguy\u00ean b\u1ea3n.<\/p>\n<p data-path-to-node=\"14\">\u2013\u00a0<b data-path-to-node=\"14\" data-index-in-node=\"233\">Nhi\u1ec7t \u0111\u1ed9 v\u00e0 \u0111\u1ed9 \u1ea9m:<\/b>\u00a0C\u1ea7n \u0111\u1eb7t s\u1ea3n ph\u1ea9m t\u1ea1i n\u01a1i tho\u00e1ng m\u00e1t, tr\u00e1nh xa c\u00e1c ngu\u1ed3n nhi\u1ec7t m\u1ea1nh nh\u01b0 b\u1ebfp n\u1ea5u ho\u1eb7c l\u00f2 vi s\u00f3ng \u0111\u1ec3 ng\u0103n ch\u1eb7n qu\u00e1 tr\u00ecnh g\u1eaft d\u1ea7u (oxy h\u00f3a ch\u1ea5t b\u00e9o).<\/p>\n<p data-path-to-node=\"14\">\u2013\u00a0<b data-path-to-node=\"14\" data-index-in-node=\"400\">V\u1ec7 sinh n\u1eafp chai:<\/b>\u00a0Sau m\u1ed7i l\u1ea7n s\u1eed d\u1ee5ng, c\u1ea7n lau s\u1ea1ch ph\u1ea7n d\u1ea7u th\u1eeba \u1edf mi\u1ec7ng chai v\u00e0 v\u1eb7n ch\u1eb7t n\u1eafp \u0111\u1ec3 h\u1ea1n ch\u1ebf t\u1ed1i \u0111a s\u1ef1 x\u00e2m nh\u1eadp c\u1ee7a kh\u00f4ng kh\u00ed, gi\u00fap s\u1ea3n ph\u1ea9m lu\u00f4n \u1edf tr\u1ea1ng th\u00e1i t\u1ed1t nh\u1ea5t cho nh\u1eefng l\u1ea7n ch\u1ebf bi\u1ebfn sau.<\/p>\n<p data-path-to-node=\"15\"><b data-path-to-node=\"15\" data-index-in-node=\"0\">D\u1ea7u H\u1ea1t \u0110i\u1ec1u \u0110\u1ecf V\u0129nh Th\u00e0nh 100ml<\/b>\u00a0hi\u1ec7n \u0111ang c\u00f3 m\u1eb7t t\u1ea1i Havamall.<\/p>\n<\/div>\n<\/div>\n<\/div>","protected":false},"excerpt":{"rendered":"<p>TH\u00d4NG TIN S\u1ea2N PH\u1ea8M Th\u01b0\u01a1ng hi\u1ec7u V\u0129nh Th\u00e0nh Xu\u1ea5t x\u1ee9 Vi\u1ec7t Nam Th\u00e0nh ph\u1ea7n D\u1ea7u th\u1ef1c v\u1eadt, h\u1ea1t \u0111i\u1ec1u \u0111\u1ecf<\/p>","protected":false},"featured_media":44303,"comment_status":"open","ping_status":"closed","template":"","meta":[],"product_brand":[],"product_cat":[677,595,154],"product_tag":[],"class_list":{"0":"post-44302","1":"product","2":"type-product","3":"status-publish","4":"has-post-thumbnail","6":"product_cat-cac-nuoc-khac","7":"product_cat-gia-vi-va-che-bien","8":"product_cat-gia-vi","10":"first","11":"instock","12":"sale","13":"shipping-taxable","14":"purchasable","15":"product-type-simple"},"_links":{"self":[{"href":"https:\/\/havamall.vn\/en\/wp-json\/wp\/v2\/product\/44302"}],"collection":[{"href":"https:\/\/havamall.vn\/en\/wp-json\/wp\/v2\/product"}],"about":[{"href":"https:\/\/havamall.vn\/en\/wp-json\/wp\/v2\/types\/product"}],"replies":[{"embeddable":true,"href":"https:\/\/havamall.vn\/en\/wp-json\/wp\/v2\/comments?post=44302"}],"version-history":[{"count":0,"href":"https:\/\/havamall.vn\/en\/wp-json\/wp\/v2\/product\/44302\/revisions"}],"wp:featuredmedia":[{"embeddable":true,"href":"https:\/\/havamall.vn\/en\/wp-json\/wp\/v2\/media\/44303"}],"wp:attachment":[{"href":"https:\/\/havamall.vn\/en\/wp-json\/wp\/v2\/media?parent=44302"}],"wp:term":[{"taxonomy":"product_brand","embeddable":true,"href":"https:\/\/havamall.vn\/en\/wp-json\/wp\/v2\/product_brand?post=44302"},{"taxonomy":"product_cat","embeddable":true,"href":"https:\/\/havamall.vn\/en\/wp-json\/wp\/v2\/product_cat?post=44302"},{"taxonomy":"product_tag","embeddable":true,"href":"https:\/\/havamall.vn\/en\/wp-json\/wp\/v2\/product_tag?post=44302"}],"curies":[{"name":"wp","href":"https:\/\/api.w.org\/{rel}","templated":true}]}}