{"id":44299,"date":"2026-02-02T10:39:02","date_gmt":"2026-02-02T03:39:02","guid":{"rendered":"https:\/\/havamall.vn\/?post_type=product&#038;p=44299"},"modified":"2026-02-02T10:39:02","modified_gmt":"2026-02-02T03:39:02","slug":"nam-bo-wagyu-uc-cat-lat-mb-4-9-200g-australian-wagyu-beef-brisket-sliced-mb-4-9-200g","status":"publish","type":"product","link":"https:\/\/havamall.vn\/en\/shop\/nam-bo-wagyu-uc-cat-lat-mb-4-9-200g-australian-wagyu-beef-brisket-sliced-mb-4-9-200g\/","title":{"rendered":"N\u1ea1m B\u00f2 Wagyu \u00dac C\u1eaft L\u00e1t MB 4\/9 200g \u2013 Australian Wagyu Beef Brisket Sliced MB 4\/9 200g"},"content":{"rendered":"<h3 data-path-to-node=\"4\">TH\u00d4NG TIN S\u1ea2N PH\u1ea8M<\/h3>\n<div class=\"horizontal-scroll-wrapper\">\n<div class=\"table-block-component\">\n<div class=\"table-block has-export-button\">\n<table style=\"width: 65.9896%;height: 207px\" data-path-to-node=\"5\">\n<tbody>\n<tr>\n<td style=\"width: 14.2687%\"><span data-path-to-node=\"5,1,0,0\"><b data-path-to-node=\"5,1,0,0\" data-index-in-node=\"0\">Th\u01b0\u01a1ng hi\u1ec7u<\/b><\/span><\/td>\n<td style=\"width: 84.78%\"><span data-path-to-node=\"5,1,1,0\">(Nh\u1eadp kh\u1ea9u b\u1edfi C\u00f4ng ty Th\u1ef1c Ph\u1ea9m Ngon C\u00f4 \u0110i\u1ec1n)<\/span><\/td>\n<\/tr>\n<tr>\n<td style=\"width: 14.2687%\"><span data-path-to-node=\"5,2,0,0\"><b data-path-to-node=\"5,2,0,0\" data-index-in-node=\"0\">Xu\u1ea5t x\u1ee9<\/b><\/span><\/td>\n<td style=\"width: 84.78%\"><span data-path-to-node=\"5,2,1,0\">\u00dac (Australia)<\/span><\/td>\n<\/tr>\n<tr>\n<td style=\"width: 14.2687%\"><span data-path-to-node=\"5,3,0,0\"><b data-path-to-node=\"5,3,0,0\" data-index-in-node=\"0\">Th\u00e0nh ph\u1ea7n<\/b><\/span><\/td>\n<td style=\"width: 84.78%\"><span data-path-to-node=\"5,3,1,0\">100% th\u1ecbt b\u00f2 \u00dac (D\u00f2ng Wagyu)<\/span><\/td>\n<\/tr>\n<tr>\n<td style=\"width: 14.2687%\"><span data-path-to-node=\"5,4,0,0\"><b data-path-to-node=\"5,4,0,0\" data-index-in-node=\"0\">Quy c\u00e1ch<\/b><\/span><\/td>\n<td style=\"width: 84.78%\"><span data-path-to-node=\"5,4,1,0\">Khay 200g, c\u1eaft l\u00e1t s\u1eb5n<\/span><\/td>\n<\/tr>\n<tr>\n<td style=\"width: 14.2687%\"><span data-path-to-node=\"5,5,0,0\"><b data-path-to-node=\"5,5,0,0\" data-index-in-node=\"0\">\u0110\u1eb7c tr\u01b0ng<\/b><\/span><\/td>\n<td style=\"width: 84.78%\"><span data-path-to-node=\"5,5,1,0\">V\u00e2n m\u1ee1 c\u1ea9m th\u1ea1ch (Marbling Score 4\/9) d\u00e0y \u0111\u1eb7c, th\u1ecbt m\u1ec1m m\u1ea1i, b\u00e9o ng\u1eady v\u00e0 th\u01a1m h\u01b0\u01a1ng b\u01a1 t\u1ef1 nhi\u00ean.<\/span><\/td>\n<\/tr>\n<tr>\n<td style=\"width: 14.2687%\"><span data-path-to-node=\"5,6,0,0\"><b data-path-to-node=\"5,6,0,0\" data-index-in-node=\"0\">B\u1ea3o qu\u1ea3n<\/b><\/span><\/td>\n<td style=\"width: 84.78%\"><span data-path-to-node=\"5,6,1,0\">Ng\u0103n \u0111\u00f4ng t\u1ee7 l\u1ea1nh (-18\u00b0C)<\/span><\/td>\n<\/tr>\n<\/tbody>\n<\/table>\n<p data-path-to-node=\"8\">N\u1ea1m b\u00f2 Wagyu \u00dac kh\u00f4ng ch\u1ec9 \u0111\u01a1n thu\u1ea7n l\u00e0 m\u1ed9t nguy\u00ean li\u1ec7u n\u1ea5u \u0103n, m\u00e0 l\u00e0 k\u1ebft qu\u1ea3 c\u1ee7a qu\u00e1 tr\u00ecnh ch\u0103n nu\u00f4i k\u1ef9 l\u01b0\u1ee1ng v\u00e0 ti\u00eau chu\u1ea9n kh\u1eaft khe b\u1eadc nh\u1ea5t th\u1ebf gi\u1edbi. \u0110\u01b0\u1ee3c lai t\u1ea1o t\u1eeb gi\u1ed1ng b\u00f2 Wagyu danh ti\u1ebfng c\u1ee7a Nh\u1eadt B\u1ea3n v\u00e0 nu\u00f4i d\u01b0\u1ee1ng t\u1ea1i c\u00e1c trang tr\u1ea1i tr\u00f9 ph\u00fa c\u1ee7a \u00dac, d\u00f2ng th\u1ecbt n\u00e0y s\u1edf h\u1eefu ch\u1ec9 s\u1ed1 v\u00e2n m\u1ee1 (Marbling Score) \u1ea5n t\u01b0\u1ee3ng t\u1eeb 4\/9. Nh\u1eefng d\u1ea3i m\u1ee1 tr\u1eafng mu\u1ed1t len l\u1ecfi v\u00e0o t\u1eebng th\u1edb th\u1ecbt \u0111\u1ecf h\u1ed3ng kh\u00f4ng ch\u1ec9 t\u1ea1o n\u00ean hi\u1ec7u \u1ee9ng th\u1ecb gi\u00e1c sang tr\u1ecdng m\u00e0 c\u00f2n l\u00e0 &#8220;b\u00ed thu\u1eadt&#8221; gi\u00fap mi\u1ebfng th\u1ecbt \u0111\u1ea1t \u0111\u1ed9 m\u1ec1m tuy\u1ec7t \u0111\u1ed1i, tan ch\u1ea3y ngay khi ti\u1ebfp x\u00fac v\u1edbi nhi\u1ec7t \u0111\u1ed9.<\/p>\n<p data-path-to-node=\"8\"><img fetchpriority=\"high\" decoding=\"async\" class=\"aligncenter  wp-image-44683\" src=\"https:\/\/havamall.com\/wp-content\/uploads\/2026\/02\/Wagyu-Brisket-2-scaled-1.jpg\" alt=\"\" width=\"817\" height=\"545\" \/><\/p>\n<p data-path-to-node=\"9\">N\u1ea1m b\u00f2 Wagyu c\u00f3 h\u00e0m l\u01b0\u1ee3ng Axit Oleic v\u00e0 ch\u1ea5t b\u00e9o ch\u01b0a b\u00e3o h\u00f2a \u0111\u01a1n l\u00e0nh m\u1ea1nh cao h\u01a1n h\u1eb3n so v\u1edbi c\u00e1c gi\u1ed1ng b\u00f2 th\u00f4ng th\u01b0\u1eddng. \u0110\u00e2y l\u00e0 ngu\u1ed3n cung c\u1ea5p Protein v\u00e0 S\u1eaft d\u1ed3i d\u00e0o, gi\u00fap t\u0103ng c\u01b0\u1eddng n\u0103ng l\u01b0\u1ee3ng v\u00e0 h\u1ed7 tr\u1ee3 h\u1ec7 mi\u1ec5n d\u1ecbch. Khi th\u01b0\u1edfng th\u1ee9c, th\u1ef1c kh\u00e1ch s\u1ebd c\u1ea3m nh\u1eadn \u0111\u01b0\u1ee3c h\u01b0\u01a1ng th\u01a1m \u0111\u1eb7c tr\u01b0ng t\u1ef1a nh\u01b0 b\u01a1 ch\u00edn \u2013 m\u1ed9t d\u1ea5u \u1ea5n v\u1ecb gi\u00e1c kh\u00f4ng th\u1ec3 nh\u1ea7m l\u1eabn c\u1ee7a d\u00f2ng b\u00f2 \u0103n ng\u0169 c\u1ed1c d\u00e0i ng\u00e0y, mang l\u1ea1i tr\u1ea3i nghi\u1ec7m \u1ea9m th\u1ef1c \u0111\u1eb3ng c\u1ea5p cho m\u1ecdi b\u1eefa \u0103n gia \u0111\u00ecnh.<\/p>\n<p data-path-to-node=\"9\"><img decoding=\"async\" class=\"aligncenter  wp-image-44687\" src=\"https:\/\/havamall.com\/wp-content\/uploads\/2026\/02\/Brisket_3cd8ccba-b1d3-4582-b816-130cdf4e6202_2048x2048.jpg\" alt=\"\" width=\"800\" height=\"600\" \/><\/p>\n<p data-path-to-node=\"11\">Nh\u1edd quy c\u00e1ch c\u1eaft l\u00e1t s\u1eb5n m\u1ecfng v\u00e0 \u0111\u1ec1u, n\u1ea1m b\u00f2 Wagyu MB 4\/9 l\u00e0 l\u1ef1a ch\u1ecdn chi\u1ebfn l\u01b0\u1ee3c \u0111\u1ec3 th\u1ef1c kh\u00e1ch c\u1ea3m nh\u1eadn tr\u1ecdn v\u1eb9n s\u1ef1 tinh t\u00fay trong t\u1eebng mi\u1ebfng th\u1ecbt:<\/p>\n<p data-path-to-node=\"11\">\u2013\u00a0<b data-path-to-node=\"12\" data-index-in-node=\"2\">Tr\u1ea3i nghi\u1ec7m l\u1ea9u Shabu Shabu v\u00e0 Sukiyaki:<\/b>\u00a0Nh\u1eefng l\u00e1t b\u00f2 m\u1ecfng \u0111\u01b0\u1ee3c nh\u00fang nh\u1eb9 v\u00e0o n\u01b0\u1edbc d\u00f9ng s\u00f4i. Nhi\u1ec7t \u0111\u1ed9 s\u1ebd l\u00e0m l\u1edbp m\u1ee1 c\u1ea9m th\u1ea1ch tan ch\u1ea3y, bao ph\u1ee7 l\u1ea5y th\u1edb th\u1ecbt, t\u1ea1o n\u00ean \u0111\u1ed9 m\u1ec1m m\u01b0\u1ee3t v\u00e0 v\u1ecb ng\u1ecdt \u0111\u1eadm \u0111\u00e0 m\u00e0 kh\u00f4ng c\u1ea7n qu\u00e1 nhi\u1ec1u gia v\u1ecb \u0111i k\u00e8m.<\/p>\n<p data-path-to-node=\"11\">\u2013\u00a0<b data-path-to-node=\"12\" data-index-in-node=\"274\">Ngh\u1ec7 thu\u1eadt n\u01b0\u1edbng \u0111\u00e1 ho\u1eb7c \u00e1p ch\u1ea3o nhanh:<\/b>\u00a0Ch\u1ec9 c\u1ea7n m\u1ed9t v\u00e0i gi\u00e2y tr\u00ean b\u1ec1 m\u1eb7t nhi\u1ec7t cao, l\u1edbp m\u1ee1 Wagyu s\u1ebd t\u1ef1 ti\u1ebft d\u1ea7u, t\u1ea1o n\u00ean l\u1edbp v\u1ecf ngo\u00e0i v\u00e0ng \u00f3ng v\u00e0 th\u01a1m n\u1ed3ng. M\u1ed9t ch\u00fat mu\u1ed1i bi\u1ec3n v\u00e0 ti\u00eau \u0111en l\u00e0 \u0111\u1ee7 \u0111\u1ec3 l\u00e0m b\u1eadt l\u00ean h\u01b0\u01a1ng v\u1ecb nguy\u00ean b\u1ea3n c\u1ee7a &#8220;si\u00eau th\u1ef1c ph\u1ea9m&#8221; n\u00e0y.<\/p>\n<p data-path-to-node=\"11\">\u2013\u00a0<b data-path-to-node=\"12\" data-index-in-node=\"531\">Bi\u1ebfn t\u1ea5u trong c\u00e1c m\u00f3n x\u00e0o cao c\u1ea5p:<\/b>\u00a0C\u00f3 th\u1ec3 d\u00f9ng n\u1ea1m b\u00f2 \u0111\u1ec3 n\u00e2ng t\u1ea7m c\u00e1c m\u00f3n m\u00ec x\u00e0o hay c\u01a1m chi\u00ean. \u0110\u1ed9 b\u00e9o t\u1ef1 nhi\u00ean t\u1eeb th\u1ecbt b\u00f2 Wagyu s\u1ebd th\u1ea5m \u0111\u1eabm v\u00e0o t\u1eebng s\u1ee3i m\u00ec, h\u1ea1t c\u01a1m, bi\u1ebfn nh\u1eefng m\u00f3n \u0103n \u0111\u01a1n gi\u1ea3n tr\u1edf n\u00ean tinh t\u1ebf v\u00e0 gi\u00e0u c\u1ea3m h\u1ee9ng h\u01a1n.<\/p>\n<p data-path-to-node=\"11\"><img decoding=\"async\" class=\"aligncenter  wp-image-44688\" src=\"https:\/\/havamall.com\/wp-content\/uploads\/2026\/02\/gyudon-japanese-beef-bowl-001.webp\" alt=\"\" width=\"801\" height=\"534\" \/><\/p>\n<p data-path-to-node=\"11\"><span style=\"font-size: 18pt\"><strong>C\u00c1CH B\u1ea2O QU\u1ea2N<\/strong><\/span><\/p>\n<p data-path-to-node=\"11\">\u2013\u00a0<b data-path-to-node=\"14\" data-index-in-node=\"2\">Nguy\u00ean t\u1eafc r\u00e3 \u0111\u00f4ng ch\u1eadm:<\/b>\u00a0\u0110\u1ec3 b\u1ea3o v\u1ec7 c\u1ea5u tr\u00fac t\u1ebf b\u00e0o v\u00e0 ng\u0103n ch\u1eb7n t\u00ecnh tr\u1ea1ng m\u1ea5t n\u01b0\u1edbc (drip loss), n\u00ean chuy\u1ec3n khay th\u1ecbt t\u1eeb ng\u0103n \u0111\u00f4ng sang ng\u0103n m\u00e1t t\u1ee7 l\u1ea1nh kho\u1ea3ng 4-6 ti\u1ebfng tr\u01b0\u1edbc khi ch\u1ebf bi\u1ebfn. C\u00e1ch x\u1eed l\u00fd n\u00e0y gi\u00fap th\u1ecbt gi\u1eef \u0111\u01b0\u1ee3c \u0111\u1ed9 t\u01b0\u01a1i h\u1ed3ng v\u00e0 \u0111\u1ed9 dai m\u1ec1m t\u1ef1 nhi\u00ean nh\u1ea5t.<\/p>\n<p data-path-to-node=\"11\">\u2013\u00a0<b data-path-to-node=\"14\" data-index-in-node=\"274\">Th\u1eddi gian ch\u1ebf bi\u1ebfn t\u1ed1i \u01b0u:<\/b>\u00a0Do n\u1ea1m b\u00f2 Wagyu c\u00f3 l\u01b0\u1ee3ng m\u1ee1 cao v\u00e0 \u0111\u01b0\u1ee3c c\u1eaft l\u00e1t m\u1ecfng, c\u1eadu tr\u00e1nh n\u1ea5u qu\u00e1 l\u00e2u tr\u00ean l\u1eeda. Vi\u1ec7c ch\u1ebf bi\u1ebfn qu\u00e1 nhi\u1ec7t s\u1ebd l\u00e0m m\u1ea5t \u0111i l\u1edbp m\u1ee1 c\u1ea9m th\u1ea1ch qu\u00fd gi\u00e1, khi\u1ebfn th\u1ecbt b\u1ecb kh\u00f4 v\u00e0 m\u1ea5t \u0111i h\u01b0\u01a1ng v\u1ecb b\u00e9o ng\u1eady \u0111\u1eb7c tr\u01b0ng. H\u00e3y th\u01b0\u1edfng th\u1ee9c ngay khi th\u1ecbt v\u1eeba ch\u00edn t\u1edbi \u0111\u1ec3 t\u1eadn h\u01b0\u1edfng s\u1ef1 tan ch\u1ea3y ho\u00e0n m\u1ef9.<\/p>\n<p data-path-to-node=\"11\"><img loading=\"lazy\" decoding=\"async\" class=\"aligncenter  wp-image-44686\" src=\"https:\/\/havamall.com\/wp-content\/uploads\/2026\/02\/364136107_265635326212437_125721692225037322_n.jpg\" alt=\"\" width=\"803\" height=\"1004\" \/><\/p>\n<p data-path-to-node=\"11\"><b data-path-to-node=\"15\" data-index-in-node=\"0\">N\u1ea1m B\u00f2 Wagyu \u00dac C\u1eaft L\u00e1t MB 4\/9 200g<\/b>\u00a0hi\u1ec7n \u0111ang c\u00f3 m\u1eb7t t\u1ea1i Havamall.<\/p>\n<\/div>\n<\/div>\n<\/div>","protected":false},"excerpt":{"rendered":"<p>TH\u00d4NG TIN S\u1ea2N PH\u1ea8M Th\u01b0\u01a1ng hi\u1ec7u (Nh\u1eadp kh\u1ea9u b\u1edfi C\u00f4ng ty Th\u1ef1c Ph\u1ea9m Ngon C\u00f4 \u0110i\u1ec1n) Xu\u1ea5t x\u1ee9 \u00dac (Australia)<\/p>","protected":false},"featured_media":44300,"comment_status":"open","ping_status":"closed","template":"","meta":[],"product_brand":[],"product_cat":[677,275],"product_tag":[],"class_list":{"0":"post-44299","1":"product","2":"type-product","3":"status-publish","4":"has-post-thumbnail","6":"product_cat-cac-nuoc-khac","7":"product_cat-thuc-pham-dong-lanh","9":"first","10":"instock","11":"sale","12":"shipping-taxable","13":"purchasable","14":"product-type-simple"},"_links":{"self":[{"href":"https:\/\/havamall.vn\/en\/wp-json\/wp\/v2\/product\/44299"}],"collection":[{"href":"https:\/\/havamall.vn\/en\/wp-json\/wp\/v2\/product"}],"about":[{"href":"https:\/\/havamall.vn\/en\/wp-json\/wp\/v2\/types\/product"}],"replies":[{"embeddable":true,"href":"https:\/\/havamall.vn\/en\/wp-json\/wp\/v2\/comments?post=44299"}],"version-history":[{"count":0,"href":"https:\/\/havamall.vn\/en\/wp-json\/wp\/v2\/product\/44299\/revisions"}],"wp:featuredmedia":[{"embeddable":true,"href":"https:\/\/havamall.vn\/en\/wp-json\/wp\/v2\/media\/44300"}],"wp:attachment":[{"href":"https:\/\/havamall.vn\/en\/wp-json\/wp\/v2\/media?parent=44299"}],"wp:term":[{"taxonomy":"product_brand","embeddable":true,"href":"https:\/\/havamall.vn\/en\/wp-json\/wp\/v2\/product_brand?post=44299"},{"taxonomy":"product_cat","embeddable":true,"href":"https:\/\/havamall.vn\/en\/wp-json\/wp\/v2\/product_cat?post=44299"},{"taxonomy":"product_tag","embeddable":true,"href":"https:\/\/havamall.vn\/en\/wp-json\/wp\/v2\/product_tag?post=44299"}],"curies":[{"name":"wp","href":"https:\/\/api.w.org\/{rel}","templated":true}]}}