{"id":44294,"date":"2026-02-02T08:54:13","date_gmt":"2026-02-02T01:54:13","guid":{"rendered":"https:\/\/havamall.vn\/?post_type=product&#038;p=44294"},"modified":"2026-02-02T08:54:14","modified_gmt":"2026-02-02T01:54:14","slug":"hanh-nhan-rang-bo-nhap-khau-my-250g-roasted-almonds-with-butter-usa-250g","status":"publish","type":"product","link":"https:\/\/havamall.vn\/en\/shop\/hanh-nhan-rang-bo-nhap-khau-my-250g-roasted-almonds-with-butter-usa-250g\/","title":{"rendered":"H\u1ea1nh Nh\u00e2n Rang B\u01a1 Nh\u1eadp Kh\u1ea9u M\u1ef9 250g \u2013 Roasted Almonds With Butter USA 250g"},"content":{"rendered":"<h3 data-path-to-node=\"4\">TH\u00d4NG TIN S\u1ea2N PH\u1ea8M<\/h3>\n<div class=\"horizontal-scroll-wrapper\">\n<div class=\"table-block-component\">\n<div class=\"table-block has-export-button new-table-style\">\n<table style=\"width: 54.3522%\" data-path-to-node=\"5\">\n<tbody>\n<tr>\n<td><span data-path-to-node=\"5,3,0,0\"><b data-path-to-node=\"5,3,0,0\" data-index-in-node=\"0\">Th\u00e0nh ph\u1ea7n<\/b><\/span><\/td>\n<td><span data-path-to-node=\"5,3,1,0\">98% h\u1ea1t h\u1ea1nh nh\u00e2n nguy\u00ean v\u1ecf, b\u01a1 th\u1ef1c v\u1eadt, mu\u1ed1i, \u0111\u01b0\u1eddng.<\/span><\/td>\n<\/tr>\n<tr>\n<td><span data-path-to-node=\"5,4,0,0\"><b data-path-to-node=\"5,4,0,0\" data-index-in-node=\"0\">Quy c\u00e1ch<\/b><\/span><\/td>\n<td><span data-path-to-node=\"5,4,1,0\">T\u00fai ho\u1eb7c h\u0169 250g<\/span><\/td>\n<\/tr>\n<tr>\n<td><span data-path-to-node=\"5,5,0,0\"><b data-path-to-node=\"5,5,0,0\" data-index-in-node=\"0\">\u0110\u1eb7c tr\u01b0ng<\/b><\/span><\/td>\n<td><span data-path-to-node=\"5,5,1,0\">H\u1ea1t to \u0111\u1ec1u, l\u1edbp v\u1ecf m\u1ecfng gi\u00f2n tan, th\u1ea5m \u0111\u01b0\u1ee3m v\u1ecb b\u01a1 b\u00e9o ng\u1eady v\u00e0 h\u01b0\u01a1ng th\u01a1m n\u1ed3ng n\u00e0n.<\/span><\/td>\n<\/tr>\n<tr>\n<td><span data-path-to-node=\"5,6,0,0\"><b data-path-to-node=\"5,6,0,0\" data-index-in-node=\"0\">B\u1ea3o qu\u1ea3n<\/b><\/span><\/td>\n<td><span data-path-to-node=\"5,6,1,0\">N\u01a1i kh\u00f4 r\u00e1o, tho\u00e1ng m\u00e1t; \u0111\u1eady k\u00edn n\u1eafp sau khi d\u00f9ng \u0111\u1ec3 gi\u1eef \u0111\u1ed9 gi\u00f2n.<\/span><\/td>\n<\/tr>\n<\/tbody>\n<\/table>\n<p>H\u1ea1nh nh\u00e2n M\u1ef9 v\u1ed1n n\u1ed5i ti\u1ebfng to\u00e0n c\u1ea7u nh\u1edd quy tr\u00ecnh canh t\u00e1c hi\u1ec7n \u0111\u1ea1i, \u0111\u1ea3m b\u1ea3o h\u1ea1t \u0111\u1ea1t k\u00edch c\u1ee1 ti\u00eau chu\u1ea9n v\u00e0 h\u00e0m l\u01b0\u1ee3ng dinh d\u01b0\u1ee1ng \u0111\u1eadm \u0111\u1eb7c nh\u1ea5t. Vi\u1ec7c k\u1ebft h\u1ee3p v\u1edbi k\u1ef9 thu\u1eadt rang b\u01a1 kh\u00f4ng ch\u1ec9 l\u00e0m t\u0103ng th\u00eam s\u1ee9c h\u1ea5p d\u1eabn v\u1ec1 v\u1ecb gi\u00e1c m\u00e0 c\u00f2n gi\u1eef tr\u1ecdn ngu\u1ed3n Vitamin E d\u1ed3i d\u00e0o \u2013 m\u1ed9t ch\u1ea5t ch\u1ed1ng oxy h\u00f3a m\u1ea1nh m\u1ebd gi\u00fap b\u1ea3o v\u1ec7 m\u00e0ng t\u1ebf b\u00e0o v\u00e0 duy tr\u00ec l\u00e0n da kh\u1ecfe \u0111\u1eb9p t\u1eeb b\u00ean trong.<\/p>\n<p><img fetchpriority=\"high\" decoding=\"async\" class=\"aligncenter  wp-image-44677\" src=\"https:\/\/havamall.com\/wp-content\/uploads\/2026\/02\/hanh-nhan-rang-bo-vo-mong.jpg.webp\" alt=\"\" width=\"800\" height=\"800\" \/><\/p>\n<p>D\u00f9 \u0111\u01b0\u1ee3c rang c\u00f9ng b\u01a1 \u0111\u1ec3 t\u0103ng v\u1ecb b\u00e9o, h\u1ea1t h\u1ea1nh nh\u00e2n v\u1eabn gi\u1eef \u0111\u01b0\u1ee3c l\u01b0\u1ee3ng ch\u1ea5t x\u01a1 d\u1ed3i d\u00e0o v\u00e0 c\u00e1c axit b\u00e9o ch\u01b0a b\u00e3o h\u00f2a, gi\u00fap t\u1ea1o c\u1ea3m gi\u00e1c no l\u00e2u v\u00e0 cung c\u1ea5p ngu\u1ed3n n\u0103ng l\u01b0\u1ee3ng s\u1ea1ch, ph\u00f9 h\u1ee3p cho nh\u1eefng ng\u01b0\u1eddi c\u00f3 l\u1ed1i s\u1ed1ng n\u0103ng \u0111\u1ed9ng nh\u01b0ng v\u1eabn ch\u00fa tr\u1ecdng \u0111\u1ebfn vi\u1ec7c n\u1ea1p dinh d\u01b0\u1ee1ng tinh khi\u1ebft.<\/p>\n<p><img decoding=\"async\" class=\"aligncenter  wp-image-44678\" src=\"https:\/\/havamall.com\/wp-content\/uploads\/2026\/02\/vn-11134208-7r98o-ll1iau60nlcbff.jpg\" alt=\"\" width=\"800\" height=\"800\" \/><\/p>\n<h3 data-path-to-node=\"10\">TH\u01af\u1edeNG TH\u1ee8C V\u00c0 \u1ee8NG D\u1ee4NG<\/h3>\n<p>\u2013 M\u1ed7i h\u1ea1t h\u1ea1nh nh\u00e2n l\u00e0 m\u1ed9t s\u1ef1 b\u00f9ng n\u1ed5 v\u1ec1 k\u1ebft c\u1ea5u, t\u1eeb l\u1edbp v\u1ecf m\u1ecfng gi\u00f2n th\u1ea5m v\u1ecb b\u01a1 m\u1eb7n ng\u1ecdt nh\u1eb9 nh\u00e0ng \u0111\u1ebfn ph\u1ea7n nh\u00e2n ch\u1eafc, b\u00f9i v\u00e0 th\u01a1m n\u1ed3ng. \u0110\u00e2y l\u00e0 m\u00f3n \u0103n &#8220;nh\u00e2m nhi&#8221; tuy\u1ec7t v\u1eddi gi\u00fap gi\u1ea3i t\u1ecfa c\u0103ng th\u1eb3ng trong nh\u1eefng gi\u1edd l\u00e0m vi\u1ec7c c\u01b0\u1eddng \u0111\u1ed9 cao.<\/p>\n<p>\u2013 C\u00f3 th\u1ec3 t\u00e1ch v\u1ecf v\u00e0 gi\u00e3 v\u1ee5n h\u1ea1nh nh\u00e2n rang b\u01a1 \u0111\u1ec3 l\u00e0m l\u1edbp ph\u1ee7 cho b\u00e1nh b\u00f4ng lan, b\u00e1nh tart tr\u00e1i c\u00e2y ho\u1eb7c tr\u1ed9n c\u00f9ng ng\u0169 c\u1ed1c granola. H\u01b0\u01a1ng b\u01a1 \u0111\u1eb7c tr\u01b0ng c\u1ee7a h\u1ea1t s\u1ebd t\u1ea1o n\u00ean m\u1ed9t t\u1ea7ng h\u01b0\u01a1ng v\u1ecb m\u1edbi l\u1ea1, n\u00e2ng t\u1ea7m \u0111\u1eb3ng c\u1ea5p cho c\u00e1c m\u00f3n ng\u1ecdt t\u1ea1i gia.<\/p>\n<p>\u2013 V\u1edbi h\u01b0\u01a1ng v\u1ecb d\u1ec5 \u0103n, gi\u00e0u dinh d\u01b0\u1ee1ng v\u00e0 quy c\u00e1ch \u0111\u00f3ng g\u00f3i 250g nh\u1ecf g\u1ecdn, \u0111\u00e2y l\u00e0 l\u1ef1a ch\u1ecdn qu\u00e0 t\u1eb7ng thi\u1ebft th\u1ef1c d\u00e0nh cho c\u1ea3 ng\u01b0\u1eddi l\u1edbn tu\u1ed5i c\u1ea7n b\u1ed5 sung kho\u00e1ng ch\u1ea5t v\u00e0 tr\u1ebb em c\u1ea7n ngu\u1ed3n n\u0103ng l\u01b0\u1ee3ng l\u00e0nh m\u1ea1nh \u0111\u1ec3 ph\u00e1t tri\u1ec3n.<\/p>\n<p><img decoding=\"async\" class=\"aligncenter\" src=\"https:\/\/havamall.com\/wp-content\/uploads\/2026\/02\/p1012624.jpg\" alt=\"Banana &amp; Cinnamon Instant Ice Cream with Cinnamon Roasted Almonds (Gluten,  Dairy &amp; Refined Sugar Free &amp; Paleo) \u2013 Hungry Cub\" width=\"800\" height=\"600\" \/><\/p>\n<h3 data-path-to-node=\"12\">B\u1ea2O QU\u1ea2N \u0110\u1ec2 DUY TR\u00cc \u0110\u1ed8 GI\u00d2N<\/h3>\n<p data-path-to-node=\"13\">\u2013\u00a0<b data-path-to-node=\"13\" data-index-in-node=\"2\">H\u1ea1n ch\u1ebf ti\u1ebfp x\u00fac kh\u00f4ng kh\u00ed:<\/b>\u00a0L\u1edbp b\u01a1 bao quanh h\u1ea1t r\u1ea5t nh\u1ea1y c\u1ea3m v\u1edbi oxy h\u00f3a. \u0110\u1ec3 tr\u00e1nh t\u00ecnh tr\u1ea1ng h\u1ea1t b\u1ecb \u1ec9u ho\u1eb7c m\u1ea5t \u0111i m\u00f9i th\u01a1m \u0111\u1eb7c tr\u01b0ng, n\u00ean \u01b0u ti\u00ean s\u1eed d\u1ee5ng h\u0169 th\u1ee7y tinh k\u00edn h\u01a1i ho\u1eb7c t\u00fai zip c\u00f3 kh\u1ea3 n\u0103ng \u00e9p kh\u00ed t\u1ed1t.<\/p>\n<p data-path-to-node=\"13\">\u2013\u00a0<b data-path-to-node=\"13\" data-index-in-node=\"223\">L\u01b0u tr\u1eef nhi\u1ec7t \u0111\u1ed9 th\u1ea5p:<\/b>\u00a0N\u1ebfu kh\u00f4ng s\u1eed d\u1ee5ng h\u1ebft trong th\u1eddi gian ng\u1eafn, vi\u1ec7c b\u1ea3o qu\u1ea3n h\u1ea1nh nh\u00e2n trong ng\u0103n m\u00e1t t\u1ee7 l\u1ea1nh l\u00e0 gi\u1ea3i ph\u00e1p t\u1ed1i \u01b0u. Nhi\u1ec7t \u0111\u1ed9 th\u1ea5p gi\u00fap c\u1ed1 \u0111\u1ecbnh l\u1edbp b\u01a1, ng\u0103n ch\u1eb7n hi\u1ec7n t\u01b0\u1ee3ng g\u1eaft d\u1ea7u v\u00e0 duy tr\u00ec \u0111\u1ed9 gi\u00f2n r\u00f4m r\u1ed1p nh\u01b0 l\u00fac v\u1eeba m\u1edf bao b\u00ec.<\/p>\n<p data-path-to-node=\"13\"><img loading=\"lazy\" decoding=\"async\" class=\"aligncenter\" src=\"https:\/\/havamall.com\/wp-content\/uploads\/2026\/02\/4-4-scaled.webp\" alt=\"Butter-roasted Almonds - Wholesale Price - 10kg Carton - TPP - Trading  Perfect Partner - TPPVN\" width=\"800\" height=\"800\" \/><\/p>\n<p data-path-to-node=\"14\"><b data-path-to-node=\"14\" data-index-in-node=\"0\">H\u1ea1nh Nh\u00e2n M\u1ef9 Rang B\u01a1 250g<\/b>\u00a0hi\u1ec7n \u0111ang c\u00f3 m\u1eb7t t\u1ea1i Havamall.<\/p>\n<\/div>\n<\/div>\n<\/div>","protected":false},"excerpt":{"rendered":"<p>TH\u00d4NG TIN S\u1ea2N PH\u1ea8M Th\u00e0nh ph\u1ea7n 98% h\u1ea1t h\u1ea1nh nh\u00e2n nguy\u00ean v\u1ecf, b\u01a1 th\u1ef1c v\u1eadt, mu\u1ed1i, \u0111\u01b0\u1eddng. Quy c\u00e1ch T\u00fai<\/p>","protected":false},"featured_media":44295,"comment_status":"open","ping_status":"closed","template":"","meta":[],"product_brand":[],"product_cat":[677,594,133],"product_tag":[],"class_list":{"0":"post-44294","1":"product","2":"type-product","3":"status-publish","4":"has-post-thumbnail","6":"product_cat-cac-nuoc-khac","7":"product_cat-dau-cu-qua-kho","8":"product_cat-banh-keo-chocolate","10":"first","11":"instock","12":"sale","13":"shipping-taxable","14":"purchasable","15":"product-type-simple"},"_links":{"self":[{"href":"https:\/\/havamall.vn\/en\/wp-json\/wp\/v2\/product\/44294"}],"collection":[{"href":"https:\/\/havamall.vn\/en\/wp-json\/wp\/v2\/product"}],"about":[{"href":"https:\/\/havamall.vn\/en\/wp-json\/wp\/v2\/types\/product"}],"replies":[{"embeddable":true,"href":"https:\/\/havamall.vn\/en\/wp-json\/wp\/v2\/comments?post=44294"}],"version-history":[{"count":0,"href":"https:\/\/havamall.vn\/en\/wp-json\/wp\/v2\/product\/44294\/revisions"}],"wp:featuredmedia":[{"embeddable":true,"href":"https:\/\/havamall.vn\/en\/wp-json\/wp\/v2\/media\/44295"}],"wp:attachment":[{"href":"https:\/\/havamall.vn\/en\/wp-json\/wp\/v2\/media?parent=44294"}],"wp:term":[{"taxonomy":"product_brand","embeddable":true,"href":"https:\/\/havamall.vn\/en\/wp-json\/wp\/v2\/product_brand?post=44294"},{"taxonomy":"product_cat","embeddable":true,"href":"https:\/\/havamall.vn\/en\/wp-json\/wp\/v2\/product_cat?post=44294"},{"taxonomy":"product_tag","embeddable":true,"href":"https:\/\/havamall.vn\/en\/wp-json\/wp\/v2\/product_tag?post=44294"}],"curies":[{"name":"wp","href":"https:\/\/api.w.org\/{rel}","templated":true}]}}