{"id":44255,"date":"2026-01-30T08:47:05","date_gmt":"2026-01-30T01:47:05","guid":{"rendered":"https:\/\/havamall.vn\/?post_type=product&#038;p=44255"},"modified":"2026-02-11T11:10:09","modified_gmt":"2026-02-11T04:10:09","slug":"salad-rong-bien-tron-gia-vi-nissi-hop-500g-tui-1kg-frozen-seasoned-seaweed","status":"publish","type":"product","link":"https:\/\/havamall.vn\/en\/shop\/salad-rong-bien-tron-gia-vi-nissi-hop-500g-tui-1kg-frozen-seasoned-seaweed\/","title":{"rendered":"Salad Rong Bi\u1ec3n Tr\u1ed9n Gia V\u1ecb Nissi ( H\u1ed9p 500g\/ T\u00fai 1kg) \u2013 Frozen Seasoned Seaweed"},"content":{"rendered":"<h3 data-path-to-node=\"3\">TH\u00d4NG TIN S\u1ea2N PH\u1ea8M<\/h3>\n<div class=\"horizontal-scroll-wrapper\">\n<div class=\"table-block-component\">\n<div class=\"table-block has-export-button new-table-style\">\n<div class=\"table-content not-end-of-paragraph\" data-hveid=\"0\" data-ved=\"0CAAQ3ecQahgKEwixlt_JzaqSAxUAAAAAHQAAAAAQzwk\">\n<table data-path-to-node=\"4\">\n<tbody>\n<tr>\n<td><span data-path-to-node=\"4,1,0,0\"><b data-path-to-node=\"4,1,0,0\" data-index-in-node=\"0\">Th\u01b0\u01a1ng hi\u1ec7u<\/b><\/span><\/td>\n<td><span data-path-to-node=\"4,1,1,0\">Nissi Seafoods<\/span><\/td>\n<\/tr>\n<tr>\n<td><span data-path-to-node=\"4,1,0,0\"><b data-path-to-node=\"4,1,0,0\" data-index-in-node=\"0\">Xu\u1ea5t X\u1ee9<\/b><\/span><\/td>\n<td><span data-path-to-node=\"4,1,1,0\">Trung Qu\u1ed1c<\/span><\/td>\n<\/tr>\n<tr>\n<td><span data-path-to-node=\"4,2,0,0\"><b data-path-to-node=\"4,2,0,0\" data-index-in-node=\"0\">Th\u00e0nh ph\u1ea7n<\/b><\/span><\/td>\n<td><span data-path-to-node=\"4,2,1,0\">Rong bi\u1ec3n, d\u1ea7u m\u00e8, h\u1ea1t m\u00e8, \u0111\u01b0\u1eddng, mu\u1ed1i, gi\u1ea5m tr\u1eafng&#8230;<\/span><\/td>\n<\/tr>\n<tr>\n<td><span data-path-to-node=\"4,3,0,0\"><b data-path-to-node=\"4,3,0,0\" data-index-in-node=\"0\">Quy c\u00e1ch<\/b><\/span><\/td>\n<td><span data-path-to-node=\"4,3,1,0\">H\u1ed9p ho\u1eb7c t\u00fai 1kg<\/span><\/td>\n<\/tr>\n<tr>\n<td><span data-path-to-node=\"4,4,0,0\"><b data-path-to-node=\"4,4,0,0\" data-index-in-node=\"0\">\u0110\u1eb7c tr\u01b0ng<\/b><\/span><\/td>\n<td><span data-path-to-node=\"4,4,1,0\">\u0110\u00e3 tr\u1ed9n s\u1eb5n gia v\u1ecb, gi\u00f2n s\u1ea7n s\u1eadt, v\u1ecb chua ng\u1ecdt.<\/span><\/td>\n<\/tr>\n<tr>\n<td><span data-path-to-node=\"4,5,0,0\"><b data-path-to-node=\"4,5,0,0\" data-index-in-node=\"0\">B\u1ea3o qu\u1ea3n<\/b><\/span><\/td>\n<td><span data-path-to-node=\"4,5,1,0\">Ng\u0103n \u0111\u00f4ng (-18\u00b0C)<\/span><\/td>\n<\/tr>\n<\/tbody>\n<\/table>\n<p>Kh\u00e1c v\u1edbi c\u00e1c lo\u1ea1i rau xanh tr\u00ean c\u1ea1n, rong bi\u1ec3n \u0111\u1ea1i d\u01b0\u01a1ng s\u1edf h\u1eefu m\u1ed9t h\u1ec7 sinh th\u00e1i dinh d\u01b0\u1ee1ng \u0111\u1eb7c th\u00f9, m\u00e0 n\u1ed5i b\u1eadt nh\u1ea5t l\u00e0 h\u1ee3p ch\u1ea5t Alginate. \u0110\u00e2y l\u00e0 m\u1ed9t d\u1ea1ng ch\u1ea5t x\u01a1 h\u00f2a tan \u0111\u1eb7c bi\u1ec7t, c\u00f3 kh\u1ea3 n\u0103ng t\u1ea1o th\u00e0nh l\u1edbp gel trong d\u1ea1 d\u00e0y \u0111\u1ec3 l\u00e0m ch\u1eadm qu\u00e1 tr\u00ecnh h\u1ea5p th\u1ee5 \u0111\u01b0\u1eddng v\u00e0 cholesterol, t\u1eeb \u0111\u00f3 b\u1ea3o v\u1ec7 h\u1ec7 tim m\u1ea1ch v\u00e0 h\u1ed7 tr\u1ee3 ki\u1ec3m so\u00e1t ch\u1ec9 s\u1ed1 \u0111\u01b0\u1eddng huy\u1ebft m\u1ed9t c\u00e1ch t\u1ef1 nhi\u00ean.<\/p>\n<p><img fetchpriority=\"high\" decoding=\"async\" class=\"aligncenter wp-image-44628\" src=\"https:\/\/havamall.com\/wp-content\/uploads\/2026\/01\/SeaweedSalad-scaled.webp\" alt=\"\" width=\"801\" height=\"641\" \/><\/p>\n<p>Vi\u1ec7c b\u1ed5 sung \u0111\u1ecbnh k\u1ef3 m\u00f3n \u0103n n\u00e0y v\u00e0o th\u1ef1c \u0111\u01a1n kh\u00f4ng ch\u1ec9 cung c\u1ea5p I-\u1ed1t thi\u1ebft y\u1ebfu cho ch\u1ee9c n\u0103ng tuy\u1ebfn gi\u00e1p \u2013 b\u1ed9 m\u00e1y \u0111i\u1ec1u ti\u1ebft n\u0103ng l\u01b0\u1ee3ng c\u1ee7a c\u01a1 th\u1ec3 \u2013 m\u00e0 c\u00f2n mang l\u1ea1i ngu\u1ed3n Canxi v\u00e0 Magie d\u1ed3i d\u00e0o, h\u1ed7 tr\u1ee3 m\u1eadt \u0111\u1ed9 x\u01b0\u01a1ng v\u00e0 gi\u1ea3m thi\u1ec3u c\u00e1c t\u00ecnh tr\u1ea1ng c\u0103ng th\u1eb3ng th\u1ea7n kinh. \u0110\u1eb7c bi\u1ec7t, c\u00e1c s\u1eafc t\u1ed1 ch\u1ed1ng oxy h\u00f3a t\u1ef1 nhi\u00ean nh\u01b0 Fucoxanthin \u0111\u00f3ng vai tr\u00f2 nh\u01b0 m\u1ed9t &#8220;l\u00e1 ch\u1eafn&#8221; b\u1ea3o v\u1ec7 t\u1ebf b\u00e0o kh\u1ecfi s\u1ef1 t\u1ea5n c\u00f4ng c\u1ee7a c\u00e1c g\u1ed1c t\u1ef1 do, gi\u00fap duy tr\u00ec s\u1ef1 t\u01b0\u01a1i tr\u1ebb v\u00e0 kh\u1ea3 n\u0103ng ph\u1ee5c h\u1ed3i c\u1ee7a c\u01a1 th\u1ec3 sau nh\u1eefng ng\u00e0y l\u00e0m vi\u1ec7c c\u01b0\u1eddng \u0111\u1ed9 cao.<\/p>\n<p><img decoding=\"async\" class=\"aligncenter wp-image-44629\" src=\"https:\/\/havamall.com\/wp-content\/uploads\/2026\/01\/fc2a52-splendid-table-seaweed-salad.jpg\" alt=\"\" width=\"801\" height=\"534\" \/><\/p>\n<p data-path-to-node=\"11\">S\u1ef1 k\u1ebft h\u1ee3p gi\u1eefa v\u1ecb chua thanh tho\u00e1t c\u1ee7a gi\u1ea5m tr\u1eafng, v\u1ecb ng\u1ecdt Umami t\u1ef1 nhi\u00ean t\u1eeb rong bi\u1ec3n v\u00e0 h\u01b0\u01a1ng th\u01a1m n\u1ed3ng n\u00e0n c\u1ee7a d\u1ea7u m\u00e8 rang t\u1ea1o n\u00ean m\u1ed9t c\u1ea5u tr\u00fac h\u01b0\u01a1ng v\u1ecb \u0111a t\u1ea7ng, c\u00f3 kh\u1ea3 n\u0103ng k\u00edch th\u00edch v\u1ecb gi\u00e1c m\u1ea1nh m\u1ebd.<\/p>\n<p data-path-to-node=\"12\">\u2013\u00a0<b data-path-to-node=\"12\" data-index-in-node=\"2\">\u0110\u1ed1i tr\u1ecdng ho\u00e0n h\u1ea3o cho \u1ea9m th\u1ef1c h\u1ea3i s\u1ea3n:<\/b>\u00a0Trong c\u00e1c b\u1eefa ti\u1ec7c Sushi hay Sashimi, \u0111\u1ed9 gi\u00f2n s\u1ea7n s\u1eadt v\u00e0 t\u00ednh axit nh\u1eb9 c\u1ee7a rong bi\u1ec3n \u0111\u00f3ng vai tr\u00f2 trung h\u00f2a \u0111\u1ed9 b\u00e9o c\u1ee7a c\u00e1c lo\u1ea1i c\u00e1 th\u1ef1c ph\u1ea9m nh\u01b0 c\u00e1 h\u1ed3i hay c\u00e1 ng\u1eeb, gi\u00fap th\u1ef1c kh\u00e1ch th\u01b0\u1edfng th\u1ee9c m\u00f3n ch\u00ednh m\u1ed9t c\u00e1ch tr\u1ecdn v\u1eb9n m\u00e0 kh\u00f4ng c\u1ea3m th\u1ea5y ng\u1ea5y.<\/p>\n<p data-path-to-node=\"12\">\u2013\u00a0<b data-path-to-node=\"12\" data-index-in-node=\"288\">M\u1ea3nh gh\u00e9p cho l\u1ed1i s\u1ed1ng Eat Clean:<\/b>\u00a0\u0110\u1ed1i v\u1edbi nh\u1eefng ng\u01b0\u1eddi theo \u0111u\u1ed5i ch\u1ebf \u0111\u1ed9 \u0103n s\u1ea1ch, \u0111\u00e2y l\u00e0 th\u00e0nh ph\u1ea7n l\u00fd t\u01b0\u1edfng \u0111\u1ec3 ki\u1ebfn t\u1ea1o n\u00ean nh\u1eefng b\u00e1t Poke Bowl hay salad rau m\u1ea7m hi\u1ec7n \u0111\u1ea1i. N\u00f3 kh\u00f4ng ch\u1ec9 mang l\u1ea1i m\u00e0u xanh m\u01b0\u1edbt m\u1eaft m\u00e0 c\u00f2n t\u1ea1o ra s\u1ef1 t\u01b0\u01a1ng ph\u1ea3n th\u00fa v\u1ecb v\u1ec1 k\u1ebft c\u1ea5u, bi\u1ebfn nh\u1eefng b\u1eefa \u0103n gi\u1ea3n \u0111\u01a1n tr\u1edf n\u00ean gi\u00e0u s\u1ee9c s\u1ed1ng v\u00e0 \u0111\u1ea7y c\u1ea3m h\u1ee9ng.<\/p>\n<p data-path-to-node=\"12\"><img decoding=\"async\" class=\"aligncenter\" src=\"https:\/\/havamall.com\/wp-content\/uploads\/2026\/01\/GKCW02_4361x.jpg\" alt=\"Chuka Wakame Gunkan (2 pcs) | Sushi Delivery Malaysia\" width=\"801\" height=\"601\" \/><\/p>\n<p data-path-to-node=\"14\">\u0110\u1ec3 m\u00f3n qu\u00e0 qu\u00fd n\u00e0y gi\u1eef tr\u1ecdn \u0111\u01b0\u1ee3c ch\u1ea5t l\u01b0\u1ee3ng, \u0111\u00f2i h\u1ecfi ng\u01b0\u1eddi s\u1eed d\u1ee5ng ph\u1ea3i tu\u00e2n th\u1ee7 nghi\u00eam ng\u1eb7t c\u00e1c nguy\u00ean t\u1eafc x\u1eed l\u00fd chuy\u00ean nghi\u1ec7p. R\u00e3 \u0111\u00f4ng ch\u1eadm l\u00e0 quy tr\u00ecnh b\u1eaft bu\u1ed9c: vi\u1ec7c chuy\u1ec3n t\u1eeb ng\u0103n \u0111\u00f4ng sang ng\u0103n m\u00e1t gi\u00fap c\u1ea5u tr\u00fac t\u1ebf b\u00e0o rong bi\u1ec3n co gi\u00e3n t\u1ef1 nhi\u00ean, kh\u00f4ng b\u1ecb v\u1ee1 n\u00e1t nh\u01b0 khi d\u00f9ng l\u00f2 vi s\u00f3ng hay n\u01b0\u1edbc n\u00f3ng, t\u1eeb \u0111\u00f3 gi\u1eef \u0111\u01b0\u1ee3c \u0111\u1ed9 gi\u00f2n nguy\u00ean b\u1ea3n v\u00e0 b\u1ea3o v\u1ec7 c\u00e1c vitamin nh\u1ea1y c\u1ea3m v\u1edbi nhi\u1ec7t \u0111\u1ed9.<\/p>\n<p data-path-to-node=\"15\">B\u00ean c\u1ea1nh \u0111\u00f3, vi\u1ec7c b\u1ea3o qu\u1ea3n sau khi m\u1edf bao b\u00ec c\u0169ng quan tr\u1ecdng kh\u00f4ng k\u00e9m. H\u00e3y lu\u00f4n s\u1eed d\u1ee5ng d\u1ee5ng c\u1ee5 s\u1ea1ch \u0111\u1ec3 l\u1ea5y v\u00e0 \u0111\u1ea3m b\u1ea3o h\u1ed9p lu\u00f4n \u0111\u01b0\u1ee3c \u0111\u1eady k\u00edn \u0111\u1ec3 ng\u0103n ch\u1eb7n qu\u00e1 tr\u00ecnh oxy h\u00f3a tinh d\u1ea7u m\u00e8, gi\u00fap m\u00e0u s\u1eafc lu\u00f4n t\u01b0\u01a1i m\u1edbi v\u00e0 m\u00f9i th\u01a1m lu\u00f4n n\u1ed3ng n\u00e0n nh\u01b0 v\u1eeba m\u1edbi m\u1edf n\u1eafp. S\u1ef1 tinh t\u1ebf trong c\u00e1ch b\u1ea3o qu\u1ea3n ch\u00ednh l\u00e0 ch\u00eca kh\u00f3a \u0111\u1ec3 t\u1eadn h\u01b0\u1edfng tr\u1ecdn v\u1eb9n tinh t\u00fay t\u1eeb \u0111\u1ea1i d\u01b0\u01a1ng.<\/p>\n<p data-path-to-node=\"15\"><img loading=\"lazy\" decoding=\"async\" class=\"aligncenter\" src=\"https:\/\/havamall.com\/wp-content\/uploads\/2026\/01\/Chuka-Maki.jpg\" alt=\"Chuka maki | Leden\u012bte Cafe\" width=\"804\" height=\"452\" \/><\/p>\n<p data-path-to-node=\"16\"><b data-path-to-node=\"16\" data-index-in-node=\"0\">Salad Rong Bi\u1ec3n Nissi 1kg<\/b>\u00a0hi\u1ec7n \u0111ang c\u00f3 m\u1eb7t t\u1ea1i Havamall, kh\u00f4ng ch\u1ec9 l\u00e0 l\u1ef1a ch\u1ecdn v\u1ec1 th\u1ef1c ph\u1ea9m, m\u00e0 c\u00f2n l\u00e0 s\u1ef1 \u0111\u1ea7u t\u01b0 \u0111\u00fang \u0111\u1eafn cho s\u1ee9c kh\u1ecfe v\u00e0 phong c\u00e1ch s\u1ed1ng tinh t\u1ebf c\u1ee7a c\u1ea3 gia \u0111\u00ecnh.<\/p>\n<\/div>\n<\/div>\n<\/div>\n<\/div>","protected":false},"excerpt":{"rendered":"<p>TH\u00d4NG TIN S\u1ea2N PH\u1ea8M Th\u01b0\u01a1ng hi\u1ec7u Nissi Seafoods Xu\u1ea5t X\u1ee9 Trung Qu\u1ed1c Th\u00e0nh ph\u1ea7n Rong bi\u1ec3n, d\u1ea7u m\u00e8, h\u1ea1t m\u00e8,<\/p>","protected":false},"featured_media":44256,"comment_status":"open","ping_status":"closed","template":"","meta":[],"product_brand":[],"product_cat":[677,275],"product_tag":[],"class_list":{"0":"post-44255","1":"product","2":"type-product","3":"status-publish","4":"has-post-thumbnail","6":"product_cat-cac-nuoc-khac","7":"product_cat-thuc-pham-dong-lanh","9":"first","10":"instock","11":"sale","12":"shipping-taxable","13":"purchasable","14":"product-type-variable"},"_links":{"self":[{"href":"https:\/\/havamall.vn\/en\/wp-json\/wp\/v2\/product\/44255"}],"collection":[{"href":"https:\/\/havamall.vn\/en\/wp-json\/wp\/v2\/product"}],"about":[{"href":"https:\/\/havamall.vn\/en\/wp-json\/wp\/v2\/types\/product"}],"replies":[{"embeddable":true,"href":"https:\/\/havamall.vn\/en\/wp-json\/wp\/v2\/comments?post=44255"}],"version-history":[{"count":0,"href":"https:\/\/havamall.vn\/en\/wp-json\/wp\/v2\/product\/44255\/revisions"}],"wp:featuredmedia":[{"embeddable":true,"href":"https:\/\/havamall.vn\/en\/wp-json\/wp\/v2\/media\/44256"}],"wp:attachment":[{"href":"https:\/\/havamall.vn\/en\/wp-json\/wp\/v2\/media?parent=44255"}],"wp:term":[{"taxonomy":"product_brand","embeddable":true,"href":"https:\/\/havamall.vn\/en\/wp-json\/wp\/v2\/product_brand?post=44255"},{"taxonomy":"product_cat","embeddable":true,"href":"https:\/\/havamall.vn\/en\/wp-json\/wp\/v2\/product_cat?post=44255"},{"taxonomy":"product_tag","embeddable":true,"href":"https:\/\/havamall.vn\/en\/wp-json\/wp\/v2\/product_tag?post=44255"}],"curies":[{"name":"wp","href":"https:\/\/api.w.org\/{rel}","templated":true}]}}