{"id":44234,"date":"2026-01-29T09:59:53","date_gmt":"2026-01-29T02:59:53","guid":{"rendered":"https:\/\/havamall.vn\/?post_type=product&#038;p=44234"},"modified":"2026-01-29T10:00:02","modified_gmt":"2026-01-29T03:00:02","slug":"nu-bach-hoa-ngam-giam-la-sicilia-340g-la-sicilia-capers-in-wine-vinegar","status":"publish","type":"product","link":"https:\/\/havamall.vn\/en\/shop\/nu-bach-hoa-ngam-giam-la-sicilia-340g-la-sicilia-capers-in-wine-vinegar\/","title":{"rendered":"N\u1ee5 B\u1ea1ch Hoa Ng\u00e2m Gi\u1ea5m La Sicilia 340g \u2013 La Sicilia Capers In Wine Vinegar"},"content":{"rendered":"<h3 data-path-to-node=\"4\">TH\u00d4NG TIN S\u1ea2N PH\u1ea8M<\/h3>\n<div class=\"horizontal-scroll-wrapper\">\n<div class=\"table-block-component\">\n<div class=\"table-block has-export-button new-table-style\">\n<div class=\"table-content not-end-of-paragraph\" data-hveid=\"0\" data-ved=\"0CAAQ3ecQahgKEwixlt_JzaqSAxUAAAAAHQAAAAAQ5QY\">\n<table data-path-to-node=\"5\">\n<tbody>\n<tr>\n<td><span data-path-to-node=\"5,1,0,0\"><b data-path-to-node=\"5,1,0,0\" data-index-in-node=\"0\">Th\u01b0\u01a1ng hi\u1ec7u<\/b><\/span><\/td>\n<td><span data-path-to-node=\"5,1,1,0\">La Sicilia (Fine Food Selection)<\/span><\/td>\n<\/tr>\n<tr>\n<td><span data-path-to-node=\"5,2,0,0\"><b data-path-to-node=\"5,2,0,0\" data-index-in-node=\"0\">Xu\u1ea5t x\u1ee9<\/b><\/span><\/td>\n<td><span data-path-to-node=\"5,2,1,0\">Italy (\u00dd)<\/span><\/td>\n<\/tr>\n<tr>\n<td><span data-path-to-node=\"5,3,0,0\"><b data-path-to-node=\"5,3,0,0\" data-index-in-node=\"0\">Tr\u1ecdng l\u01b0\u1ee3ng t\u1ecbnh<\/b><\/span><\/td>\n<td><span data-path-to-node=\"5,3,1,0\">340g (Tr\u1ecdng l\u01b0\u1ee3ng ch\u1ea5t kh\u00f4: 200g)<\/span><\/td>\n<\/tr>\n<tr>\n<td><span data-path-to-node=\"5,4,0,0\"><b data-path-to-node=\"5,4,0,0\" data-index-in-node=\"0\">Th\u00e0nh ph\u1ea7n<\/b><\/span><\/td>\n<td><span data-path-to-node=\"5,4,1,0\">N\u1ee5 b\u1ea1ch hoa (Capers), n\u01b0\u1edbc, gi\u1ea5m r\u01b0\u1ee3u, mu\u1ed1i.<\/span><\/td>\n<\/tr>\n<tr>\n<td><span data-path-to-node=\"5,6,0,0\"><b data-path-to-node=\"5,6,0,0\" data-index-in-node=\"0\">B\u1ea3o qu\u1ea3n<\/b><\/span><\/td>\n<td><span data-path-to-node=\"5,6,1,0\">N\u01a1i kh\u00f4 r\u00e1o. Sau khi m\u1edf n\u1eafp, b\u1ea3o qu\u1ea3n l\u1ea1nh v\u00e0 gi\u1eef n\u1ee5 lu\u00f4n ng\u1eadp trong n\u01b0\u1edbc gi\u1ea5m.<\/span><\/td>\n<\/tr>\n<\/tbody>\n<\/table>\n<p data-path-to-node=\"8\">N\u1ee5 b\u1ea1ch hoa (Capers) kh\u00f4ng \u0111\u01a1n thu\u1ea7n l\u00e0 m\u1ed9t m\u00f3n \u0111\u1ed3 chua, m\u00e0 l\u00e0 bi\u1ec3u t\u01b0\u1ee3ng c\u1ee7a \u1ea9m th\u1ef1c v\u00f9ng n\u1eafng gi\u00f3 Nam \u00dd. Nh\u1eefng n\u1ee5 hoa\u00a0<i data-path-to-node=\"8\" data-index-in-node=\"120\">Capparis spinosa<\/i>\u00a0nh\u1ecf b\u00e9 \u0111\u01b0\u1ee3c thu ho\u1ea1ch th\u1ee7 c\u00f4ng v\u00e0o giai \u0111o\u1ea1n ch\u01b0a bung n\u1edf, khi n\u1ed3ng \u0111\u1ed9 tinh d\u1ea7u v\u00e0 c\u00e1c h\u1ee3p ch\u1ea5t t\u1ea1o h\u01b0\u01a1ng \u0111ang \u1edf m\u1ee9c \u0111\u1eadm \u0111\u1eb7c nh\u1ea5t.<\/p>\n<p data-path-to-node=\"8\"><img fetchpriority=\"high\" decoding=\"async\" class=\"aligncenter\" src=\"https:\/\/havamall.com\/wp-content\/uploads\/2026\/01\/capers.jpg\" alt=\"Spotlight Series: All About Capers - DeLallo\" width=\"801\" height=\"534\" \/><\/p>\n<p data-path-to-node=\"9\">Khi \u0111\u01b0\u1ee3c ng\u00e2m \u1ee7 trong gi\u1ea5m r\u01b0\u1ee3u (wine vinegar) theo c\u00f4ng th\u1ee9c c\u1ee7a La Sicilia, n\u1ee5 b\u1ea1ch hoa tr\u1ea3i qua qu\u00e1 tr\u00ecnh l\u00ean men t\u1ef1 nhi\u00ean, t\u1ea1o n\u00ean nh\u1eefng gi\u00e1 tr\u1ecb ki\u1ebfn th\u1ee9c \u1ea9m th\u1ef1c \u0111\u1ed9c \u0111\u00e1o:<\/p>\n<p data-path-to-node=\"10\">\u2013\u00a0<b data-path-to-node=\"10\" data-index-in-node=\"2\">C\u01a1 ch\u1ebf b\u00f9ng n\u1ed5 v\u1ecb gi\u00e1c:<\/b>\u00a0N\u1ee5 b\u1ea1ch hoa ch\u1ee9a h\u1ee3p ch\u1ea5t\u00a0<i data-path-to-node=\"10\" data-index-in-node=\"52\">glucocapparin<\/i>, khi k\u1ebft h\u1ee3p v\u1edbi gi\u1ea5m s\u1ebd t\u1ea1o ra v\u1ecb cay t\u00ea nh\u1eb9 nh\u00e0ng, tinh t\u1ebf h\u01a1n h\u1eb3n so v\u1edbi m\u00f9 t\u1ea1t hay ti\u00eau \u0111en.<\/p>\n<p data-path-to-node=\"10\">\u2013\u00a0<b data-path-to-node=\"10\" data-index-in-node=\"165\">V\u1ecb Umami th\u1ef1c v\u1eadt:<\/b>\u00a0Qu\u00e1 tr\u00ecnh ng\u00e2m gi\u00fap gi\u1ea3i ph\u00f3ng c\u00e1c axit amin, bi\u1ebfn n\u1ee5 b\u1ea1ch hoa th\u00e0nh m\u1ed9t &#8220;ch\u1ea5t \u0111i\u1ec1u v\u1ecb t\u1ef1 nhi\u00ean&#8221; gi\u00fap m\u00f3n \u0103n c\u00f3 \u0111\u1ed9 s\u00e2u h\u01b0\u01a1ng v\u1ecb m\u00e0 kh\u00f4ng c\u1ea7n ph\u1ee5 gia.<\/p>\n<p data-path-to-node=\"10\">\u2013\u00a0<b data-path-to-node=\"10\" data-index-in-node=\"336\">Ch\u1ec9 s\u1ed1 ch\u1ed1ng oxy h\u00f3a v\u01b0\u1ee3t tr\u1ed9i:<\/b>\u00a0\u0110\u00e2y l\u00e0 th\u1ef1c ph\u1ea9m ch\u1ee9a h\u00e0m l\u01b0\u1ee3ng\u00a0<i data-path-to-node=\"10\" data-index-in-node=\"400\">Quercetin<\/i>\u00a0\u2013 m\u1ed9t flavonoid ch\u1ed1ng oxy h\u00f3a m\u1ea1nh m\u1ebd \u2013 thu\u1ed9c h\u00e0ng cao nh\u1ea5t trong t\u1ef1 nhi\u00ean, h\u1ed7 tr\u1ee3 t\u00edch c\u1ef1c cho s\u1ee9c kh\u1ecfe tim m\u1ea1ch.<\/p>\n<p data-path-to-node=\"10\">\u2013\u00a0<b data-path-to-node=\"10\" data-index-in-node=\"527\">Kh\u1ea3 n\u0103ng c\u00e2n b\u1eb1ng v\u1ecb b\u00e9o (Acid balance):<\/b>\u00a0T\u00ednh axit trong gi\u1ea5m r\u01b0\u1ee3u th\u1ea5m s\u00e2u v\u00e0o th\u1edb n\u1ee5 hoa gi\u00fap c\u1eaft v\u1ecb ng\u1ea5y c\u1ee7a ph\u00f4 mai, b\u01a1 v\u00e0 c\u00e1c lo\u1ea1i c\u00e1 b\u00e9o, gi\u00fap v\u00f2m mi\u1ec7ng lu\u00f4n c\u1ea3m th\u1ea5y t\u01b0\u01a1i m\u1edbi.<\/p>\n<p data-path-to-node=\"10\"><img decoding=\"async\" class=\"aligncenter\" src=\"https:\/\/staticcookist.akamaized.net\/wp-content\/uploads\/sites\/22\/2021\/02\/iStock-177086014-1.jpg\" alt=\"10 Ways to Use Up That Jar Of Capers In Your Pantry\" width=\"800\" height=\"600\" \/><\/p>\n<h3 data-path-to-node=\"11\">H\u01af\u1edaNG D\u1eaaN CH\u1ebe BI\u1ebeN<\/h3>\n<p data-path-to-node=\"13\">\u2013\u00a0<b data-path-to-node=\"13\" data-index-in-node=\"2\">Ch\u1ebf bi\u1ebfn s\u1ed1t Tartar &amp; Remoulade:<\/b>\u00a0B\u0103m nh\u1ecf n\u1ee5 b\u1ea1ch hoa c\u00f9ng d\u01b0a chu\u1ed9t bao t\u1eed \u0111\u1ec3 l\u00e0m n\u01b0\u1edbc s\u1ed1t ch\u1ea5m h\u1ea3i s\u1ea3n. \u0110\u00e2y l\u00e0 k\u1ef9 thu\u1eadt kh\u1eed m\u00f9i tanh v\u00e0 k\u00edch th\u00edch v\u1ecb gi\u00e1c kinh \u0111i\u1ec3n trong \u1ea9m th\u1ef1c \u00c2u.<\/p>\n<p data-path-to-node=\"13\">\u2013\u00a0<b data-path-to-node=\"13\" data-index-in-node=\"188\">K\u1ef9 thu\u1eadt n\u1ea5u M\u1ef3 \u00dd Puttanesca:<\/b>\u00a0K\u1ebft h\u1ee3p n\u1ee5 b\u1ea1ch hoa c\u00f9ng c\u00e0 chua s\u1ea5y kh\u00f4 v\u00e0 c\u00e1 ng\u1eeb. V\u1ecb m\u1eb7n m\u00f2i, n\u1ed3ng n\u00e0n c\u1ee7a n\u1ee5 hoa s\u1ebd t\u1ea1o n\u00ean linh h\u1ed3n cho \u0111\u0129a m\u1ef3 \u0111\u1eb7c tr\u01b0ng x\u1ee9 Sicilia.<\/p>\n<p data-path-to-node=\"13\">\u2013\u00a0<b data-path-to-node=\"13\" data-index-in-node=\"357\">S\u1ed1t b\u01a1 chanh cho c\u00e1c m\u00f3n \u00e1p ch\u1ea3o:<\/b>\u00a0Th\u00eam n\u1ee5 b\u1ea1ch hoa v\u00e0o s\u1ed1t b\u01a1 chanh (Lemon Butter Sauce) khi ch\u1ebf bi\u1ebfn c\u00e1 h\u1ed3i ho\u1eb7c \u1ee9c g\u00e0 \u0111\u1ec3 t\u1ea1o \u0111i\u1ec3m nh\u1ea5n chua thanh v\u00e0 v\u1ebb ngo\u00e0i tinh t\u1ebf cho m\u00f3n \u0103n.<\/p>\n<p data-path-to-node=\"13\">\u2013\u00a0<b data-path-to-node=\"13\" data-index-in-node=\"539\">Gia v\u1ecb cho \u0111\u0129a th\u1ecbt ngu\u1ed9i (Cold Cuts):<\/b>\u00a0S\u1eed d\u1ee5ng tr\u1ef1c ti\u1ebfp n\u1ee5 b\u1ea1ch hoa l\u00e0m \u0111\u1ed3 \u0103n k\u00e8m tr\u00ean c\u00e1c khay ph\u00f4 mai v\u00e0 th\u1ecbt ngu\u1ed9i \u0111\u1ec3 c\u00e2n b\u1eb1ng l\u1ea1i \u0111\u1ed9 m\u1eb7n v\u00e0 b\u00e9o.<\/p>\n<p data-path-to-node=\"13\"><img decoding=\"async\" class=\"aligncenter  wp-image-44609\" src=\"https:\/\/havamall.com\/wp-content\/uploads\/2026\/01\/514150011_24110032178659833_6525704049788114627_n.jpg\" alt=\"\" width=\"801\" height=\"601\" \/><\/p>\n<h3 data-path-to-node=\"14\">M\u1eb8O NH\u1ece T\u1eea CHUY\u00caN GIA KHI S\u1eec D\u1ee4NG<\/h3>\n<p data-path-to-node=\"15\">\u2013\u00a0<b data-path-to-node=\"15\" data-index-in-node=\"2\">Ki\u1ec3m so\u00e1t l\u01b0\u1ee3ng mu\u1ed1i:<\/b>\u00a0C\u1eadu n\u00ean r\u1eeda s\u01a1 n\u1ee5 qua n\u01b0\u1edbc l\u1ea1nh tr\u01b0\u1edbc khi n\u1ea5u \u0111\u1ec3 lo\u1ea1i b\u1ecf b\u1edbt \u0111\u1ed9 m\u1eb7n d\u01b0 th\u1eeba, gi\u00fap t\u1eadp trung ho\u00e0n to\u00e0n v\u00e0o v\u1ecb chua v\u00e0 h\u01b0\u01a1ng th\u1ea3o m\u1ed9c.<\/p>\n<p data-path-to-node=\"15\">\u2013\u00a0<b data-path-to-node=\"15\" data-index-in-node=\"159\">Th\u1eddi \u0111i\u1ec3m th\u00eam v\u00e0o m\u00f3n \u0103n:<\/b>\u00a0Lu\u00f4n cho n\u1ee5 b\u1ea1ch hoa v\u00e0o \u1edf 2\u20133 ph\u00fat cu\u1ed1i c\u00f9ng c\u1ee7a qu\u00e1 tr\u00ecnh n\u1ea5u nhi\u1ec7t \u0111\u1ec3 gi\u1eef \u0111\u01b0\u1ee3c \u0111\u1ed9 gi\u00f2n \u0111\u1eb7c tr\u01b0ng v\u00e0 ng\u0103n ch\u1eb7n vi\u1ec7c tinh d\u1ea7u th\u01a1m b\u1ecb bay h\u01a1i qu\u00e1 s\u1edbm.<\/p>\n<p data-path-to-node=\"15\">\u2013\u00a0<b data-path-to-node=\"15\" data-index-in-node=\"340\">T\u1eadn d\u1ee5ng n\u01b0\u1edbc gi\u1ea5m ng\u00e2m:<\/b>\u00a0\u0110\u1eebng b\u1ecf ph\u00ed n\u01b0\u1edbc gi\u1ea5m trong l\u1ecd, c\u1eadu c\u00f3 th\u1ec3 d\u00f9ng m\u1ed9t v\u00e0i th\u00eca \u0111\u1ec3 pha n\u01b0\u1edbc s\u1ed1t salad (dressing) \u0111\u1ec3 mang l\u1ea1i m\u00f9i th\u01a1m th\u1ea3o m\u1ed9c kh\u00e1c bi\u1ec7t.<\/p>\n<p data-path-to-node=\"15\"><img loading=\"lazy\" decoding=\"async\" class=\"aligncenter  wp-image-44610\" src=\"https:\/\/havamall.com\/wp-content\/uploads\/2026\/01\/14CHICKENBREASTS-superJumbo.jpg\" alt=\"\" width=\"800\" height=\"533\" \/><\/p>\n<p data-path-to-node=\"16\">S\u1ea3n ph\u1ea9m\u00a0<b data-path-to-node=\"16\" data-index-in-node=\"9\">N\u1ee5 B\u1ea1ch Hoa Ng\u00e2m Gi\u1ea5m La Sicilia 340g<\/b>\u00a0hi\u1ec7n \u0111ang c\u00f3 m\u1eb7t t\u1ea1i Havamall.<\/p>\n<\/div>\n<\/div>\n<\/div>\n<\/div>","protected":false},"excerpt":{"rendered":"<p>TH\u00d4NG TIN S\u1ea2N PH\u1ea8M Th\u01b0\u01a1ng hi\u1ec7u La Sicilia (Fine Food Selection) Xu\u1ea5t x\u1ee9 Italy (\u00dd) Tr\u1ecdng l\u01b0\u1ee3ng t\u1ecbnh 340g (Tr\u1ecdng<\/p>","protected":false},"featured_media":44235,"comment_status":"open","ping_status":"closed","template":"","meta":[],"product_brand":[],"product_cat":[672,36,143],"product_tag":[],"class_list":{"0":"post-44234","1":"product","2":"type-product","3":"status-publish","4":"has-post-thumbnail","6":"product_cat-nhap-khau-y","7":"product_cat-thuc-pham-tieu-dung","8":"product_cat-thuc-pham-dong-hop","10":"first","11":"instock","12":"sale","13":"shipping-taxable","14":"purchasable","15":"product-type-simple"},"_links":{"self":[{"href":"https:\/\/havamall.vn\/en\/wp-json\/wp\/v2\/product\/44234"}],"collection":[{"href":"https:\/\/havamall.vn\/en\/wp-json\/wp\/v2\/product"}],"about":[{"href":"https:\/\/havamall.vn\/en\/wp-json\/wp\/v2\/types\/product"}],"replies":[{"embeddable":true,"href":"https:\/\/havamall.vn\/en\/wp-json\/wp\/v2\/comments?post=44234"}],"version-history":[{"count":0,"href":"https:\/\/havamall.vn\/en\/wp-json\/wp\/v2\/product\/44234\/revisions"}],"wp:featuredmedia":[{"embeddable":true,"href":"https:\/\/havamall.vn\/en\/wp-json\/wp\/v2\/media\/44235"}],"wp:attachment":[{"href":"https:\/\/havamall.vn\/en\/wp-json\/wp\/v2\/media?parent=44234"}],"wp:term":[{"taxonomy":"product_brand","embeddable":true,"href":"https:\/\/havamall.vn\/en\/wp-json\/wp\/v2\/product_brand?post=44234"},{"taxonomy":"product_cat","embeddable":true,"href":"https:\/\/havamall.vn\/en\/wp-json\/wp\/v2\/product_cat?post=44234"},{"taxonomy":"product_tag","embeddable":true,"href":"https:\/\/havamall.vn\/en\/wp-json\/wp\/v2\/product_tag?post=44234"}],"curies":[{"name":"wp","href":"https:\/\/api.w.org\/{rel}","templated":true}]}}