{"id":44218,"date":"2026-01-27T16:28:41","date_gmt":"2026-01-27T09:28:41","guid":{"rendered":"https:\/\/havamall.vn\/?post_type=product&#038;p=44218"},"modified":"2026-01-27T16:28:41","modified_gmt":"2026-01-27T09:28:41","slug":"nuoc-khoang-co-ga-jermuk-500ml-jermuk-natural-mineral-water-carbonated","status":"publish","type":"product","link":"https:\/\/havamall.vn\/en\/shop\/nuoc-khoang-co-ga-jermuk-500ml-jermuk-natural-mineral-water-carbonated\/","title":{"rendered":"N\u01b0\u1edbc Kho\u00e1ng C\u00f3 Ga Jermuk 500ml \u2013 Jermuk Natural Mineral Water Carbonated"},"content":{"rendered":"<h3 data-path-to-node=\"2\">TH\u00d4NG TIN S\u1ea2N PH\u1ea8M<\/h3>\n<table data-path-to-node=\"5\">\n<tbody>\n<tr>\n<td><span data-path-to-node=\"5,1,0,0\"><b data-path-to-node=\"5,1,0,0\" data-index-in-node=\"0\">Th\u01b0\u01a1ng hi\u1ec7u<\/b><\/span><\/td>\n<td><span data-path-to-node=\"5,1,1,0\">Jermuk<\/span><\/td>\n<\/tr>\n<tr>\n<td><span data-path-to-node=\"5,2,0,0\"><b data-path-to-node=\"5,2,0,0\" data-index-in-node=\"0\">Xu\u1ea5t x\u1ee9<\/b><\/span><\/td>\n<td><span data-path-to-node=\"5,2,1,0\">Armenia (\u0110\u00f3ng chai t\u1ea1i ngu\u1ed3n)<\/span><\/td>\n<\/tr>\n<tr>\n<td><span data-path-to-node=\"5,3,0,0\"><b data-path-to-node=\"5,3,0,0\" data-index-in-node=\"0\">Lo\u1ea1i n\u01b0\u1edbc<\/b><\/span><\/td>\n<td><span data-path-to-node=\"5,3,1,0\">N\u01b0\u1edbc kho\u00e1ng thi\u00ean nhi\u00ean c\u00f3 ga t\u1ef1 nhi\u00ean<\/span><\/td>\n<\/tr>\n<tr>\n<td><span data-path-to-node=\"5,4,0,0\"><b data-path-to-node=\"5,4,0,0\" data-index-in-node=\"0\">Dung t\u00edch<\/b><\/span><\/td>\n<td><span data-path-to-node=\"5,4,1,0\">500ml (16.9 fl oz)<\/span><\/td>\n<\/tr>\n<tr>\n<td><span data-path-to-node=\"5,5,0,0\"><b data-path-to-node=\"5,5,0,0\" data-index-in-node=\"0\">Th\u00e0nh ph\u1ea7n<\/b><\/span><\/td>\n<td><span data-path-to-node=\"5,5,1,0\">Gi\u00e0u kho\u00e1ng ch\u1ea5t (Bicarbonate, Sulfate, Natri, Canxi, Magie&#8230;)<\/span><\/td>\n<\/tr>\n<\/tbody>\n<\/table>\n<div class=\"horizontal-scroll-wrapper\">\n<div class=\"table-block-component\">\n<div class=\"table-block has-export-button new-table-style\">\n<div class=\"table-content not-end-of-paragraph\" data-hveid=\"0\" data-ved=\"0CAAQ3ecQahgKEwixlt_JzaqSAxUAAAAAHQAAAAAQ6AM\">\n<p>Jermuk kh\u00f4ng ch\u1ec9 \u0111\u01a1n thu\u1ea7n l\u00e0 m\u1ed9t chai n\u01b0\u1edbc gi\u1ea3i kh\u00e1t, m\u00e0 l\u00e0 m\u1ed9t &#8220;di s\u1ea3n l\u1ecfng&#8221; \u0111\u1ebfn t\u1eeb nh\u1eefng su\u1ed1i kho\u00e1ng n\u00f3ng \u1edf \u0111\u1ed9 cao h\u01a1n 2000m so v\u1edbi m\u1ef1c n\u01b0\u1edbc bi\u1ec3n t\u1ea1i Armenia. \u0110\u01b0\u1ee3c khai th\u00e1c v\u00e0 \u0111\u00f3ng chai t\u1eeb n\u0103m 1951, Jermuk \u0111\u00e3 v\u01b0\u1ee3t qua bi\u00ean gi\u1edbi qu\u1ed1c gia \u0111\u1ec3 tr\u1edf th\u00e0nh d\u00f2ng n\u01b0\u1edbc kho\u00e1ng th\u01b0\u1ee3ng h\u1ea1ng \u0111\u01b0\u1ee3c \u01b0a chu\u1ed9ng t\u1ea1i nhi\u1ec1u c\u01b0\u1eddng qu\u1ed1c. N\u01b0\u1edbc \u0111\u01b0\u1ee3c h\u00ecnh th\u00e0nh t\u1eeb nh\u1eefng m\u1ea1ch ng\u1ea7m xuy\u00ean qua c\u00e1c l\u1edbp \u0111\u00e1 n\u00fai l\u1eeda c\u1ed5 \u0111\u1ea1i, n\u01a1i nhi\u1ec7t \u0111\u1ed9 v\u00e0 \u00e1p su\u1ea5t c\u1ef1c cao gi\u00fap h\u00f2a tan c\u00e1c tinh th\u1ec3 kho\u00e1ng ch\u1ea5t qu\u00fd b\u00e1u. Khi l\u1ed9 thi\u00ean, d\u00f2ng n\u01b0\u1edbc mang theo nh\u1eefng bong b\u00f3ng kh\u00ed ga t\u1ef1 nhi\u00ean, t\u1ea1o n\u00ean m\u1ed9t h\u01b0\u01a1ng v\u1ecb s\u1ea3ng kho\u00e1i, t\u00ea nh\u1eb9 \u0111\u1ea7u l\u01b0\u1ee1i v\u00f4 c\u00f9ng \u0111\u1eb7c tr\u01b0ng.<\/p>\n<p><img fetchpriority=\"high\" decoding=\"async\" class=\"aligncenter  wp-image-44580\" src=\"https:\/\/havamall.com\/wp-content\/uploads\/2026\/01\/484028179_971979081775114_5427360601422556829_n.jpg\" alt=\"\" width=\"802\" height=\"1003\" \/><\/p>\n<h3 data-path-to-node=\"10\">H\u00c0M L\u01af\u1ee2NG KHO\u00c1NG CH\u1ea4T V\u00c0 GI\u00c1 TR\u1eca TR\u1eca LI\u1ec6U V\u01af\u1ee2T TR\u1ed8I<\/h3>\n<p data-path-to-node=\"11\">S\u1ea3n ph\u1ea9m \u0111\u01b0\u1ee3c d\u00e1n nh\u00e3n &#8220;High Mineral Content&#8221; (H\u00e0m l\u01b0\u1ee3ng kho\u00e1ng ch\u1ea5t cao) kh\u00f4ng ph\u1ea3i ng\u1eabu nhi\u00ean. Jermuk s\u1edf h\u1eefu b\u1ea3ng th\u00e0nh ph\u1ea7n h\u00f3a h\u1ecdc l\u00fd t\u01b0\u1edfng cho vi\u1ec7c h\u1ed7 tr\u1ee3 s\u1ee9c kh\u1ecfe:<\/p>\n<p data-path-to-node=\"12\">\u2013\u00a0<b data-path-to-node=\"12\" data-index-in-node=\"2\">Bicarbonate:<\/b>\u00a0Th\u00e0nh ph\u1ea7n quan tr\u1ecdng gi\u00fap trung h\u00f2a axit d\u01b0 th\u1eeba trong d\u1ea1 d\u00e0y, gi\u1ea3m c\u00e1c tri\u1ec7u ch\u1ee9ng \u0111\u1ea7y h\u01a1i, kh\u00f3 ti\u00eau v\u00e0 h\u1ed7 tr\u1ee3 c\u00e2n b\u1eb1ng pH c\u01a1 th\u1ec3.<\/p>\n<p data-path-to-node=\"12\">\u2013\u00a0<b data-path-to-node=\"12\" data-index-in-node=\"164\">Natri\u00a0v\u00e0 Kali:<\/b>\u00a0C\u00e1c ion \u0111i\u1ec7n gi\u1ea3i thi\u1ebft y\u1ebfu gi\u00fap duy tr\u00ec \u00e1p su\u1ea5t th\u1ea9m th\u1ea5u, h\u1ed7 tr\u1ee3 ho\u1ea1t \u0111\u1ed9ng c\u1ee7a h\u1ec7 th\u1ea7n kinh v\u00e0 c\u01a1 b\u1eafp.<\/p>\n<p data-path-to-node=\"12\">\u2013\u00a0<b data-path-to-node=\"12\" data-index-in-node=\"303\">Canxi\u00a0v\u00e0 Magie:<\/b>\u00a0Gi\u00fap c\u1ee7ng c\u1ed1 h\u1ec7 x\u01b0\u01a1ng kh\u1edbp, c\u1ea3i thi\u1ec7n s\u1ee9c kh\u1ecfe tim m\u1ea1ch v\u00e0 gi\u1ea3m c\u0103ng th\u1eb3ng cho h\u1ec7 th\u1ea7n kinh.<\/p>\n<p data-path-to-node=\"12\">\u2013\u00a0<b data-path-to-node=\"12\" data-index-in-node=\"434\">Sulfate:<\/b>\u00a0H\u1ed7 tr\u1ee3 ch\u1ee9c n\u0103ng gan v\u00e0 t\u00fai m\u1eadt, th\u00fac \u0111\u1ea9y qu\u00e1 tr\u00ecnh th\u1ea3i \u0111\u1ed9c t\u1ef1 nhi\u00ean c\u1ee7a c\u01a1 th\u1ec3.<\/p>\n<p data-path-to-node=\"12\"><img decoding=\"async\" class=\"aligncenter  wp-image-44581\" src=\"https:\/\/havamall.com\/wp-content\/uploads\/2026\/01\/440536012_799703171649254_1634501156717901928_n.jpg\" alt=\"\" width=\"801\" height=\"1001\" \/><\/p>\n<h3 data-path-to-node=\"8\">S\u1ee8C M\u1ea0NH KHO\u00c1NG CH\u1ea4T CHO C\u01a0 TH\u1ec2 TR\u00c0N \u0110\u1ea6Y N\u0102NG L\u01af\u1ee2NG<\/h3>\n<p data-path-to-node=\"13\">\u2013\u00a0<b data-path-to-node=\"15\" data-index-in-node=\"2\">Trong \u1ea9m th\u1ef1c:<\/b>\u00a0Nh\u1edd n\u1ed3ng \u0111\u1ed9 ga v\u1eeba ph\u1ea3i v\u00e0 v\u1ecb kho\u00e1ng \u0111\u1eadm \u0111\u00e0, Jermuk gi\u00fap l\u00e0m s\u1ea1ch v\u1ecb gi\u00e1c sau m\u1ed7i m\u00f3n \u0103n, cho ph\u00e9p b\u1ea1n c\u1ea3m nh\u1eadn tr\u1ecdn v\u1eb9n s\u1ef1 tinh t\u00fay c\u1ee7a nh\u1eefng th\u1ef1c ph\u1ea9m cao c\u1ea5p nh\u01b0 b\u00f2 Wagyu, h\u1ea3i s\u1ea3n hay c\u00e1c m\u00f3n h\u1ea7m.<\/p>\n<p data-path-to-node=\"13\">\u2013\u00a0<b data-path-to-node=\"15\" data-index-in-node=\"219\">Trong ch\u0103m s\u00f3c s\u1ee9c kh\u1ecfe:<\/b>\u00a0C\u00e1c chuy\u00ean gia dinh d\u01b0\u1ee1ng th\u01b0\u1eddng khuy\u00ean d\u00f9ng n\u01b0\u1edbc kho\u00e1ng c\u00f3 h\u00e0m l\u01b0\u1ee3ng Bicarbonate cao nh\u01b0 Jermuk \u0111\u1ec3 h\u1ed7 tr\u1ee3 tr\u1ecb li\u1ec7u c\u00e1c b\u1ec7nh v\u1ec1 \u0111\u01b0\u1eddng ti\u00eau h\u00f3a, gan v\u00e0 ti\u1ec3u \u0111\u01b0\u1eddng.<\/p>\n<p data-path-to-node=\"13\">\u2013\u00a0<b data-path-to-node=\"15\" data-index-in-node=\"409\">\u0110\u1ed9 tinh khi\u1ebft tuy\u1ec7t \u0111\u1ed1i:<\/b>\u00a0N\u01b0\u1edbc \u0111\u01b0\u1ee3c \u0111\u00f3ng chai ngay t\u1ea1i ngu\u1ed3n Jermuk v\u1edbi quy tr\u00ecnh kh\u00e9p k\u00edn, \u0111\u1ea3m b\u1ea3o gi\u1eef v\u1eb9n nguy\u00ean c\u00e1c \u0111\u1eb7c t\u00ednh sinh h\u1ecdc v\u00e0 h\u00f3a h\u1ecdc c\u1ee7a ngu\u1ed3n n\u01b0\u1edbc m\u00e0 kh\u00f4ng qua x\u1eed l\u00fd h\u00f3a ch\u1ea5t.<\/p>\n<p data-path-to-node=\"13\"><img decoding=\"async\" class=\"aligncenter  wp-image-44582\" src=\"https:\/\/havamall.com\/wp-content\/uploads\/2026\/01\/1737382373.webp\" alt=\"\" width=\"802\" height=\"635\" \/><\/p>\n<h3 data-path-to-node=\"16\">H\u01af\u1edaNG D\u1eaaN S\u1eec D\u1ee4NG<\/h3>\n<p data-path-to-node=\"17\">\u2013\u00a0<b data-path-to-node=\"17\" data-index-in-node=\"2\">Ngon nh\u1ea5t khi u\u1ed1ng l\u1ea1nh:<\/b>\u00a0Nhi\u1ec7t \u0111\u1ed9 l\u00fd t\u01b0\u1edfng \u0111\u1ec3 th\u01b0\u1edfng th\u1ee9c l\u00e0 t\u1eeb 8\u00b0C \u0111\u1ebfn 12\u00b0C \u0111\u1ec3 c\u1ea3m nh\u1eadn r\u00f5 nh\u1ea5t \u0111\u1ed9 gi\u00f2n c\u1ee7a ga v\u00e0 v\u1ecb ng\u1ecdt thanh c\u1ee7a kho\u00e1ng.<\/p>\n<p data-path-to-node=\"17\">\u2013\u00a0<b data-path-to-node=\"17\" data-index-in-node=\"145\">S\u1eed d\u1ee5ng h\u00e0ng ng\u00e0y:<\/b>\u00a0Ph\u00f9 h\u1ee3p \u0111\u1ec3 b\u1ed5 sung kho\u00e1ng ch\u1ea5t sau khi t\u1eadp luy\u1ec7n th\u1ec3 thao, l\u00e0m vi\u1ec7c c\u0103ng th\u1eb3ng ho\u1eb7c sau khi u\u1ed1ng r\u01b0\u1ee3u bia \u0111\u1ec3 b\u00f9 \u0111i\u1ec7n gi\u1ea3i.<\/p>\n<p data-path-to-node=\"17\"><img loading=\"lazy\" decoding=\"async\" class=\"aligncenter  wp-image-44583\" src=\"https:\/\/havamall.com\/wp-content\/uploads\/2026\/01\/Jermuk-mineral-water-21_1_2024.webp\" alt=\"\" width=\"801\" height=\"534\" \/><\/p>\n<p data-path-to-node=\"14\">S\u1ea3n ph\u1ea9m N\u01b0\u1edbc Kho\u00e1ng C\u00f3 Ga Jermuk 500ml hi\u1ec7n \u0111ang c\u00f3 m\u1eb7t t\u1ea1i Havamall.<\/p>\n<\/div>\n<\/div>\n<\/div>\n<\/div>","protected":false},"excerpt":{"rendered":"<p>TH\u00d4NG TIN S\u1ea2N PH\u1ea8M Th\u01b0\u01a1ng hi\u1ec7u Jermuk Xu\u1ea5t x\u1ee9 Armenia (\u0110\u00f3ng chai t\u1ea1i ngu\u1ed3n) Lo\u1ea1i n\u01b0\u1edbc N\u01b0\u1edbc kho\u00e1ng thi\u00ean nhi\u00ean<\/p>","protected":false},"featured_media":44219,"comment_status":"open","ping_status":"closed","template":"","meta":[],"product_brand":[],"product_cat":[677,135],"product_tag":[],"class_list":{"0":"post-44218","1":"product","2":"type-product","3":"status-publish","4":"has-post-thumbnail","6":"product_cat-cac-nuoc-khac","7":"product_cat-sua-do-uong","9":"first","10":"instock","11":"sale","12":"shipping-taxable","13":"purchasable","14":"product-type-simple"},"_links":{"self":[{"href":"https:\/\/havamall.vn\/en\/wp-json\/wp\/v2\/product\/44218"}],"collection":[{"href":"https:\/\/havamall.vn\/en\/wp-json\/wp\/v2\/product"}],"about":[{"href":"https:\/\/havamall.vn\/en\/wp-json\/wp\/v2\/types\/product"}],"replies":[{"embeddable":true,"href":"https:\/\/havamall.vn\/en\/wp-json\/wp\/v2\/comments?post=44218"}],"version-history":[{"count":0,"href":"https:\/\/havamall.vn\/en\/wp-json\/wp\/v2\/product\/44218\/revisions"}],"wp:featuredmedia":[{"embeddable":true,"href":"https:\/\/havamall.vn\/en\/wp-json\/wp\/v2\/media\/44219"}],"wp:attachment":[{"href":"https:\/\/havamall.vn\/en\/wp-json\/wp\/v2\/media?parent=44218"}],"wp:term":[{"taxonomy":"product_brand","embeddable":true,"href":"https:\/\/havamall.vn\/en\/wp-json\/wp\/v2\/product_brand?post=44218"},{"taxonomy":"product_cat","embeddable":true,"href":"https:\/\/havamall.vn\/en\/wp-json\/wp\/v2\/product_cat?post=44218"},{"taxonomy":"product_tag","embeddable":true,"href":"https:\/\/havamall.vn\/en\/wp-json\/wp\/v2\/product_tag?post=44218"}],"curies":[{"name":"wp","href":"https:\/\/api.w.org\/{rel}","templated":true}]}}