{"id":44215,"date":"2026-01-27T15:03:22","date_gmt":"2026-01-27T08:03:22","guid":{"rendered":"https:\/\/havamall.vn\/?post_type=product&#038;p=44215"},"modified":"2026-01-27T15:03:22","modified_gmt":"2026-01-27T08:03:22","slug":"nia-trai-cay-hinh-hoa-nhat-ban-hop-20-cai-flower-garden-fruit-picks","status":"publish","type":"product","link":"https:\/\/havamall.vn\/en\/shop\/nia-trai-cay-hinh-hoa-nhat-ban-hop-20-cai-flower-garden-fruit-picks\/","title":{"rendered":"N\u0129a Tr\u00e1i C\u00e2y H\u00ecnh Hoa Nh\u1eadt B\u1ea3n (H\u1ed9p 20 c\u00e1i) \u2013 Flower Garden Fruit Picks"},"content":{"rendered":"<h3 data-path-to-node=\"4\">TH\u00d4NG TIN S\u1ea2N PH\u1ea8M<\/h3>\n<div class=\"horizontal-scroll-wrapper\">\n<div class=\"table-block-component\">\n<div class=\"table-block has-export-button new-table-style\">\n<div class=\"table-content not-end-of-paragraph\" data-hveid=\"0\" data-ved=\"0CAAQ3ecQahgKEwixlt_JzaqSAxUAAAAAHQAAAAAQvgM\">\n<table style=\"width: 48.9979%;height: 123px\" data-path-to-node=\"5\">\n<thead>\n<tr>\n<td><span data-path-to-node=\"5,0,0,0\">\u0110\u1eb7c \u0111i\u1ec3m<\/span><\/td>\n<td><span data-path-to-node=\"5,0,1,0\">Chi ti\u1ebft<\/span><\/td>\n<\/tr>\n<\/thead>\n<tbody>\n<tr>\n<td><span data-path-to-node=\"5,1,0,0\"><b data-path-to-node=\"5,1,0,0\" data-index-in-node=\"0\">Xu\u1ea5t x\u1ee9<\/b><\/span><\/td>\n<td><span data-path-to-node=\"5,1,1,0\">Nh\u1eadt B\u1ea3n<\/span><\/td>\n<\/tr>\n<tr>\n<td><span data-path-to-node=\"5,2,0,0\"><b data-path-to-node=\"5,2,0,0\" data-index-in-node=\"0\">Quy c\u00e1ch<\/b><\/span><\/td>\n<td><span data-path-to-node=\"5,2,1,0\">H\u1ed9p 20 c\u00e1i<\/span><\/td>\n<\/tr>\n<tr>\n<td><span data-path-to-node=\"5,3,0,0\"><b data-path-to-node=\"5,3,0,0\" data-index-in-node=\"0\">Ch\u1ea5t li\u1ec7u<\/b><\/span><\/td>\n<td><span data-path-to-node=\"5,3,1,0\">Nh\u1ef1a cao c\u1ea5p, an to\u00e0n cho th\u1ef1c ph\u1ea9m<\/span><\/td>\n<\/tr>\n<tr>\n<td><span data-path-to-node=\"5,4,0,0\"><b data-path-to-node=\"5,4,0,0\" data-index-in-node=\"0\">Thi\u1ebft k\u1ebf<\/b><\/span><\/td>\n<td><span data-path-to-node=\"5,4,1,0\">H\u00ecnh hoa \u0111a s\u1eafc (h\u1ed3ng, xanh, v\u00e0ng&#8230;)<\/span><\/td>\n<\/tr>\n<tr>\n<td><span data-path-to-node=\"5,5,0,0\"><b data-path-to-node=\"5,5,0,0\" data-index-in-node=\"0\">Bao b\u00ec<\/b><\/span><\/td>\n<td><span data-path-to-node=\"5,5,1,0\">H\u1ed9p nh\u1ef1a trong su\u1ed1t h\u00ecnh l\u0103ng tr\u1ee5 l\u1ee5c gi\u00e1c sang tr\u1ecdng<\/span><\/td>\n<\/tr>\n<\/tbody>\n<\/table>\n<p data-path-to-node=\"8\">C\u00e1i t\u00ean &#8220;Hana-zono&#8221; (V\u01b0\u1eddn Hoa) \u0111\u01b0\u1ee3c in thanh tho\u00e1t tr\u00ean bao b\u00ec \u0111\u00e3 n\u00f3i l\u00ean t\u1ea5t c\u1ea3 linh h\u1ed3n c\u1ee7a s\u1ea3n ph\u1ea9m n\u00e0y. Thay v\u00ec nh\u1eefng chi\u1ebfc n\u0129a nh\u1ef1a \u0111\u01a1n \u0111i\u1ec7u, b\u1ed9 s\u1ea3n ph\u1ea9m mang \u0111\u1ebfn m\u1ed9t b\u00f3 hoa \u0111a s\u1eafc m\u00e0u, gi\u00fap m\u1ed7i mi\u1ebfng tr\u00e1i c\u00e2y hay b\u00e1nh ng\u1ecdt tr\u1edf n\u00ean sinh \u0111\u1ed9ng v\u00e0 h\u1ea5p d\u1eabn h\u01a1n bao gi\u1edd h\u1ebft.<\/p>\n<p data-path-to-node=\"8\"><img fetchpriority=\"high\" decoding=\"async\" class=\"aligncenter  wp-image-44571\" src=\"https:\/\/havamall.com\/wp-content\/uploads\/2026\/01\/9c41aeaa851cab9a2d75ebf372f2ca02.jpg_720x720q80.jpg\" alt=\"\" width=\"800\" height=\"800\" \/><\/p>\n<p data-path-to-node=\"9\">\u2013\u00a0<b data-path-to-node=\"9\" data-index-in-node=\"2\">Thi\u1ebft k\u1ebf mang t\u00ednh th\u1ea9m m\u1ef9 cao:<\/b>\u00a0M\u1ed7i chi\u1ebfc n\u0129a \u0111\u01b0\u1ee3c t\u1ea1o h\u00ecnh b\u00f4ng hoa nh\u1ecf xinh \u1edf ph\u1ea7n \u0111\u1ea7u v\u1edbi c\u00e1c t\u00f4ng m\u00e0u pastel ng\u1ecdt ng\u00e0o. S\u1ef1 \u0111a d\u1ea1ng v\u1ec1 m\u00e0u s\u1eafc gi\u00fap th\u1ef1c kh\u00e1ch d\u1ec5 d\u00e0ng nh\u1eadn di\u1ec7n n\u0129a c\u00e1 nh\u00e2n trong c\u00e1c bu\u1ed5i ti\u1ec7c \u0111\u00f4ng ng\u01b0\u1eddi.<\/p>\n<p data-path-to-node=\"9\">\u2013\u00a0<b data-path-to-node=\"9\" data-index-in-node=\"228\">Ch\u1ea5t li\u1ec7u an to\u00e0n:<\/b>\u00a0\u0110\u01b0\u1ee3c s\u1ea3n xu\u1ea5t theo ti\u00eau chu\u1ea9n kh\u1eaft khe c\u1ee7a Nh\u1eadt B\u1ea3n, ch\u1ea5t li\u1ec7u nh\u1ef1a c\u00f3 \u0111\u1ed9 c\u1ee9ng c\u00e1p v\u1eeba ph\u1ea3i, b\u1ec1 m\u1eb7t nh\u1eb5n m\u1ecbn, ho\u00e0n to\u00e0n kh\u00f4ng g\u00e2y \u1ea3nh h\u01b0\u1edfng \u0111\u1ebfn h\u01b0\u01a1ng v\u1ecb t\u1ef1 nhi\u00ean c\u1ee7a m\u00f3n \u0103n.<\/p>\n<p data-path-to-node=\"9\"><img decoding=\"async\" class=\"aligncenter  wp-image-44572\" src=\"https:\/\/havamall.com\/wp-content\/uploads\/2026\/01\/0ed128e80c95dba69e5eabb15f48eeb4.jpg\" alt=\"\" width=\"811\" height=\"608\" \/><\/p>\n<h3 data-path-to-node=\"10\">\u0110A N\u0102NG V\u00c0 TI\u1ec6N D\u1ee4NG TRONG M\u1eccI HO\u00c0N C\u1ea2NH<\/h3>\n<p data-path-to-node=\"12\">\u2013\u00a0<b data-path-to-node=\"12\" data-index-in-node=\"2\">Ti\u1ec7c tr\u00e0 v\u00e0 tr\u00e1ng mi\u1ec7ng:<\/b>\u00a0L\u00e0 ph\u1ee5 ki\u1ec7n kh\u00f4ng th\u1ec3 thi\u1ebfu cho c\u00e1c bu\u1ed5i ti\u1ec7c tr\u00e0 chi\u1ec1u, ti\u1ec7c sinh nh\u1eadt hay h\u1ecdp m\u1eb7t b\u1ea1n b\u00e8, mang l\u1ea1i v\u1ebb ch\u1ec9n chu v\u00e0 trang tr\u1ecdng.<\/p>\n<p data-path-to-node=\"12\">\u2013\u00a0<b data-path-to-node=\"12\" data-index-in-node=\"158\">Trang tr\u00ed Bento:<\/b>\u00a0C\u00e1c m\u1eb9 c\u00f3 th\u1ec3 d\u00f9ng n\u0129a \u0111\u1ec3 t\u00f4 \u0111i\u1ec3m cho h\u1ed9p c\u01a1m bento c\u1ee7a b\u00e9, bi\u1ebfn nh\u1eefng b\u1eefa \u0103n h\u00e0ng ng\u00e0y tr\u1edf th\u00e0nh m\u1ed9t tr\u1ea3i nghi\u1ec7m th\u00fa v\u1ecb v\u00e0 \u0111\u1ea7y c\u1ea3m h\u1ee9ng.<\/p>\n<p data-path-to-node=\"12\">\u2013\u00a0<b data-path-to-node=\"12\" data-index-in-node=\"315\">Qu\u00e0 t\u1eb7ng tinh t\u1ebf:<\/b>\u00a0V\u1edbi thi\u1ebft k\u1ebf h\u1ed9p \u0111\u1ef1ng trong su\u1ed1t sang tr\u1ecdng, \u0111\u00e2y s\u1ebd l\u00e0 m\u00f3n qu\u00e0 nh\u1ecf xinh nh\u01b0ng \u0111\u1ea7y \u00fd ngh\u0129a d\u00e0nh t\u1eb7ng nh\u1eefng ng\u01b0\u1eddi y\u00eau th\u00edch s\u1ef1 t\u1ec9 m\u1ec9 v\u00e0 phong c\u00e1ch s\u1ed1ng t\u1ed1i gi\u1ea3n c\u1ee7a Nh\u1eadt B\u1ea3n.<\/p>\n<p data-path-to-node=\"12\"><img decoding=\"async\" class=\"aligncenter  wp-image-44574\" src=\"https:\/\/havamall.com\/wp-content\/uploads\/2026\/01\/436fbc8a57f5049cb2e9a8b52e9eb19a.jpg\" alt=\"\" width=\"801\" height=\"801\" \/><\/p>\n<h3 data-path-to-node=\"13\">H\u01af\u1edaNG D\u1eaaN S\u1eec D\u1ee4NG V\u00c0 B\u1ea2O QU\u1ea2N<\/h3>\n<p data-path-to-node=\"15\">\u2013\u00a0<b data-path-to-node=\"15\" data-index-in-node=\"2\">S\u1eed d\u1ee5ng:<\/b>\u00a0Ph\u00f9 h\u1ee3p \u0111\u1ec3 ghim c\u00e1c lo\u1ea1i tr\u00e1i c\u00e2y (t\u00e1o, nho, d\u00e2u t\u00e2y&#8230;), c\u00e1c lo\u1ea1i th\u1ea1ch, b\u00e1nh mochi ho\u1eb7c b\u00e1nh ng\u1ecdt c\u1eaft nh\u1ecf.<\/p>\n<p data-path-to-node=\"15\">\u2013\u00a0<b data-path-to-node=\"15\" data-index-in-node=\"122\">V\u1ec7 sinh:<\/b>\u00a0Sau khi s\u1eed d\u1ee5ng, n\u00ean r\u1eeda nh\u1eb9 b\u1eb1ng n\u01b0\u1edbc \u1ea5m v\u00e0 x\u00e0 ph\u00f2ng lo\u00e3ng, sau \u0111\u00f3 lau kh\u00f4 tr\u01b0\u1edbc khi cho l\u1ea1i v\u00e0o h\u1ed9p b\u1ea3o qu\u1ea3n.<\/p>\n<p data-path-to-node=\"15\">\u2013\u00a0<b data-path-to-node=\"15\" data-index-in-node=\"245\">L\u01b0u \u00fd:<\/b>\u00a0S\u1ea3n ph\u1ea9m kh\u00f4ng ph\u00f9 h\u1ee3p \u0111\u1ec3 s\u1eed d\u1ee5ng trong l\u00f2 vi s\u00f3ng ho\u1eb7c c\u00e1c m\u00f3n \u0103n c\u00f3 nhi\u1ec7t \u0111\u1ed9 qu\u00e1 cao.<\/p>\n<p data-path-to-node=\"15\"><img loading=\"lazy\" decoding=\"async\" class=\"aligncenter  wp-image-44575\" src=\"https:\/\/havamall.com\/wp-content\/uploads\/2026\/01\/87d2913400d6cf1e585e0ed745b3cddf.jpg\" alt=\"\" width=\"801\" height=\"601\" \/><\/p>\n<p data-path-to-node=\"16\">S\u1ea3n ph\u1ea9m N\u0129a Tr\u00e1i C\u00e2y H\u00ecnh Hoa Nh\u1eadt B\u1ea3n hi\u1ec7n \u0111ang c\u00f3 m\u1eb7t t\u1ea1i Havamall. H\u00e3y \u0111\u1ec3 m\u1ed7i mi\u1ebfng tr\u00e1ng mi\u1ec7ng c\u1ee7a b\u1ea1n tr\u1edf th\u00e0nh m\u1ed9t b\u00f4ng hoa khoe s\u1eafc, mang l\u1ea1i ni\u1ec1m vui nh\u1eb9 nh\u00e0ng v\u00e0 s\u1ef1 tinh t\u1ebf tr\u1ecdn v\u1eb9n trong t\u1eebng kho\u1ea3nh kh\u1eafc th\u01b0\u1edfng th\u1ee9c.<\/p>\n<\/div>\n<\/div>\n<\/div>\n<\/div>","protected":false},"excerpt":{"rendered":"<p>TH\u00d4NG TIN S\u1ea2N PH\u1ea8M \u0110\u1eb7c \u0111i\u1ec3m Chi ti\u1ebft Xu\u1ea5t x\u1ee9 Nh\u1eadt B\u1ea3n Quy c\u00e1ch H\u1ed9p 20 c\u00e1i Ch\u1ea5t li\u1ec7u Nh\u1ef1a<\/p>","protected":false},"featured_media":44216,"comment_status":"open","ping_status":"closed","template":"","meta":[],"product_brand":[],"product_cat":[393,677,35],"product_tag":[],"class_list":{"0":"post-44215","1":"product","2":"type-product","3":"status-publish","4":"has-post-thumbnail","6":"product_cat-bep-phong-an","7":"product_cat-cac-nuoc-khac","8":"product_cat-nha-cua-doi-song","10":"first","11":"instock","12":"sale","13":"shipping-taxable","14":"purchasable","15":"product-type-simple"},"_links":{"self":[{"href":"https:\/\/havamall.vn\/en\/wp-json\/wp\/v2\/product\/44215"}],"collection":[{"href":"https:\/\/havamall.vn\/en\/wp-json\/wp\/v2\/product"}],"about":[{"href":"https:\/\/havamall.vn\/en\/wp-json\/wp\/v2\/types\/product"}],"replies":[{"embeddable":true,"href":"https:\/\/havamall.vn\/en\/wp-json\/wp\/v2\/comments?post=44215"}],"version-history":[{"count":0,"href":"https:\/\/havamall.vn\/en\/wp-json\/wp\/v2\/product\/44215\/revisions"}],"wp:featuredmedia":[{"embeddable":true,"href":"https:\/\/havamall.vn\/en\/wp-json\/wp\/v2\/media\/44216"}],"wp:attachment":[{"href":"https:\/\/havamall.vn\/en\/wp-json\/wp\/v2\/media?parent=44215"}],"wp:term":[{"taxonomy":"product_brand","embeddable":true,"href":"https:\/\/havamall.vn\/en\/wp-json\/wp\/v2\/product_brand?post=44215"},{"taxonomy":"product_cat","embeddable":true,"href":"https:\/\/havamall.vn\/en\/wp-json\/wp\/v2\/product_cat?post=44215"},{"taxonomy":"product_tag","embeddable":true,"href":"https:\/\/havamall.vn\/en\/wp-json\/wp\/v2\/product_tag?post=44215"}],"curies":[{"name":"wp","href":"https:\/\/api.w.org\/{rel}","templated":true}]}}