{"id":44210,"date":"2026-01-27T13:58:58","date_gmt":"2026-01-27T06:58:58","guid":{"rendered":"https:\/\/havamall.vn\/?post_type=product&#038;p=44210"},"modified":"2026-01-27T13:59:16","modified_gmt":"2026-01-27T06:59:16","slug":"bot-banh-xeo-nhat-ban-okonomiyaki-showa-250g-showa-okonomiyaki-mix","status":"publish","type":"product","link":"https:\/\/havamall.vn\/en\/shop\/bot-banh-xeo-nhat-ban-okonomiyaki-showa-250g-showa-okonomiyaki-mix\/","title":{"rendered":"B\u1ed9t B\u00e1nh X\u00e8o Nh\u1eadt B\u1ea3n Okonomiyaki Showa 250g \u2013 Showa Okonomiyaki Mix"},"content":{"rendered":"<h3 data-path-to-node=\"4\">TH\u00d4NG TIN S\u1ea2N PH\u1ea8M<\/h3>\n<div class=\"horizontal-scroll-wrapper\">\n<div class=\"table-block-component\">\n<div class=\"table-block has-export-button new-table-style\">\n<div class=\"table-content not-end-of-paragraph\" data-hveid=\"0\" data-ved=\"0CAAQ3ecQahgKEwixlt_JzaqSAxUAAAAAHQAAAAAQkQM\">\n<table data-path-to-node=\"5\">\n<tbody>\n<tr>\n<td><span data-path-to-node=\"5,1,0,0\"><b data-path-to-node=\"5,1,0,0\" data-index-in-node=\"0\">Th\u01b0\u01a1ng hi\u1ec7u<\/b><\/span><\/td>\n<td><span data-path-to-node=\"5,1,1,0\">Showa<\/span><\/td>\n<\/tr>\n<tr>\n<td><span data-path-to-node=\"5,2,0,0\"><b data-path-to-node=\"5,2,0,0\" data-index-in-node=\"0\">Xu\u1ea5t x\u1ee9<\/b><\/span><\/td>\n<td><span data-path-to-node=\"5,2,1,0\">Nh\u1eadt B\u1ea3n<\/span><\/td>\n<\/tr>\n<tr>\n<td><span data-path-to-node=\"5,3,0,0\"><b data-path-to-node=\"5,3,0,0\" data-index-in-node=\"0\">Th\u00e0nh ph\u1ea7n<\/b><\/span><\/td>\n<td><span data-path-to-node=\"5,3,1,0\">B\u1ed9t m\u00ec, b\u1ed9t katsuobushi (c\u00e1 ng\u1eeb b\u00e0o), b\u1ed9t saba-bushi (c\u00e1 thu b\u00e0o), b\u1ed9t t\u1ea3o b\u1eb9, chi\u1ebft xu\u1ea5t s\u00f2 \u0111i\u1ec7p, mu\u1ed1i, gia v\u1ecb \u0111\u1eb7c tr\u01b0ng.<\/span><\/td>\n<\/tr>\n<tr>\n<td><span data-path-to-node=\"5,4,0,0\"><b data-path-to-node=\"5,4,0,0\" data-index-in-node=\"0\">H\u1ea1n s\u1eed d\u1ee5ng<\/b><\/span><\/td>\n<td><span data-path-to-node=\"5,4,1,0\">12 th\u00e1ng k\u1ec3 t\u1eeb ng\u00e0y s\u1ea3n xu\u1ea5t<\/span><\/td>\n<\/tr>\n<tr>\n<td><span data-path-to-node=\"5,5,0,0\"><b data-path-to-node=\"5,5,0,0\" data-index-in-node=\"0\">B\u1ea3o qu\u1ea3n<\/b><\/span><\/td>\n<td><span data-path-to-node=\"5,5,1,0\">N\u01a1i kh\u00f4 r\u00e1o, tho\u00e1ng m\u00e1t. Sau khi m\u1edf t\u00fai, n\u00ean k\u1eb9p ch\u1eb7t mi\u1ec7ng t\u00fai v\u00e0 b\u1ea3o qu\u1ea3n l\u1ea1nh \u0111\u1ec3 gi\u1eef \u0111\u1ed9 t\u01b0\u01a1i c\u1ee7a b\u1ed9t.<\/span><\/td>\n<\/tr>\n<tr>\n<td><span data-path-to-node=\"5,6,0,0\"><b data-path-to-node=\"5,6,0,0\" data-index-in-node=\"0\">Kh\u1ed1i l\u01b0\u1ee3ng<\/b><\/span><\/td>\n<td><span data-path-to-node=\"5,6,1,0\">250g<\/span><\/td>\n<\/tr>\n<\/tbody>\n<\/table>\n<p data-path-to-node=\"8\">T\u00ean g\u1ecdi &#8220;Okonomiyaki&#8221; v\u1ed1n d\u0129 mang m\u1ed9t \u00fd ngh\u0129a r\u1ea5t th\u00fa v\u1ecb: &#8220;n\u01b0\u1edbng nh\u1eefng g\u00ec b\u1ea1n th\u00edch&#8221;. Kh\u00f4ng c\u00f3 m\u1ed9t quy t\u1eafc g\u00f2 b\u00f3 n\u00e0o, b\u1ea1n c\u00f3 th\u1ec3 th\u1ecfa s\u1ee9c k\u1ebft h\u1ee3p t\u1eeb b\u1eafp c\u1ea3i gi\u00f2n ng\u1ecdt, h\u1ea3i s\u1ea3n t\u01b0\u01a1i r\u00f3i \u0111\u1ebfn nh\u1eefng l\u00e1t th\u1ecbt ba ch\u1ec9 b\u00e9o ng\u1eady. B\u1ed9t b\u00e1nh x\u00e8o Okonomiyaki t\u1eeb Showa kh\u00f4ng ch\u1ec9 \u0111\u01a1n thu\u1ea7n l\u00e0 b\u1ed9t m\u00ec. \u0110\u00f3 l\u00e0 s\u1ef1 k\u1ebft tinh c\u1ee7a c\u00e1c lo\u1ea1i gia v\u1ecb truy\u1ec1n th\u1ed1ng nh\u01b0 b\u1ed9t c\u00e1 ng\u1eeb b\u00e0o v\u00e0 t\u1ea3o b\u1eb9, t\u1ea1o n\u00ean v\u1ecb ng\u1ecdt thanh thanh, \u0111\u1eadm \u0111\u00e0 &#8220;Umami&#8221; \u0111\u1eb7c tr\u01b0ng m\u00e0 kh\u00f4ng lo\u1ea1i b\u1ed9t th\u00f4ng th\u01b0\u1eddng n\u00e0o c\u00f3 \u0111\u01b0\u1ee3c. V\u1edbi Showa, chi\u1ebfc b\u00e1nh c\u1ee7a b\u1ea1n s\u1ebd \u0111\u1ea1t \u0111\u01b0\u1ee3c \u0111\u1ed9 ph\u1ed3ng l\u00fd t\u01b0\u1edfng \u2013 b\u00ean ngo\u00e0i v\u00e0ng gi\u00f2n b\u1eaft m\u1eaft, b\u00ean trong l\u1ea1i m\u1ec1m tan, th\u01a1m n\u1ee9c m\u0169i.<\/p>\n<p data-path-to-node=\"8\"><img fetchpriority=\"high\" decoding=\"async\" class=\"aligncenter  wp-image-44563\" src=\"https:\/\/havamall.com\/wp-content\/uploads\/2026\/01\/\u2605\u95a2\u897f\u304a\u597d\u307f\u713c-scaled.jpg\" alt=\"\" width=\"800\" height=\"568\" \/><\/p>\n<h3 data-path-to-node=\"10\">\u01afU \u0110I\u1ec2M N\u1ed4I B\u1eacT C\u1ee6A B\u1ed8T B\u00c1NH OKONOMIYAKI SHOWA<\/h3>\n<p data-path-to-node=\"12\">\u2013\u00a0<b data-path-to-node=\"12\" data-index-in-node=\"2\">H\u01b0\u01a1ng v\u1ecb Umami s\u00e2u l\u1eafng:<\/b>\u00a0B\u1ed9t \u0111\u00e3 \u0111\u01b0\u1ee3c pha tr\u1ed9n s\u1eb5n chi\u1ebft xu\u1ea5t c\u00e1 ng\u1eeb v\u00e0 s\u00f2 \u0111i\u1ec7p, gi\u00fap b\u00e1nh c\u00f3 v\u1ecb \u0111\u1eadm \u0111\u00e0 t\u1ef1 nhi\u00ean m\u00e0 b\u1ea1n kh\u00f4ng c\u1ea7n ph\u1ea3i n\u00eam n\u1ebfm th\u00eam qu\u00e1 nhi\u1ec1u gia v\u1ecb.<\/p>\n<p data-path-to-node=\"12\">\u2013\u00a0<b data-path-to-node=\"12\" data-index-in-node=\"169\">K\u1ebft c\u1ea5u b\u00e1nh ho\u00e0n h\u1ea3o:<\/b>\u00a0C\u00f4ng th\u1ee9c \u0111\u1ed9c quy\u1ec1n gi\u00fap b\u00e1nh khi chi\u00ean xong c\u00f3 \u0111\u1ed9 x\u1ed1p nh\u1eb9, kh\u00f4ng b\u1ecb b\u1ebft d\u00ednh hay qu\u00e1 \u0111\u1eb7c, t\u1ea1o c\u1ea3m gi\u00e1c nh\u1eb9 nh\u00e0ng khi th\u01b0\u1edfng th\u1ee9c.<\/p>\n<p data-path-to-node=\"12\">\u2013\u00a0<b data-path-to-node=\"12\" data-index-in-node=\"325\">Ti\u1ec7n l\u1ee3i v\u00e0 nhanh ch\u00f3ng:<\/b>\u00a0M\u1ecdi c\u00f4ng \u0111o\u1ea1n pha tr\u1ed9n ph\u1ee9c t\u1ea1p \u0111\u00e3 \u0111\u01b0\u1ee3c t\u1ed1i gi\u1ea3n h\u00f3a, gi\u00fap b\u1ea1n c\u00f3 ngay m\u00f3n ngon chu\u1ea9n v\u1ecb Osaka ch\u1ec9 trong t\u00edch t\u1eafc.<\/p>\n<p data-path-to-node=\"12\"><img decoding=\"async\" class=\"aligncenter  wp-image-44564\" src=\"https:\/\/havamall.com\/wp-content\/uploads\/2026\/01\/66ceee5268cc3ba2a4208ab68d678f59-scaled.jpg\" alt=\"\" width=\"799\" height=\"532\" \/><\/p>\n<h3 data-path-to-node=\"13\">H\u01af\u1edaNG D\u1eaaN CH\u1ebe BI\u1ebeN C\u00d9NG B\u1ed8T SHOWA \u0110\u1ec2 C\u00d3 CHI\u1ebeC B\u00c1NH HO\u00c0N H\u1ea2O<\/h3>\n<p data-path-to-node=\"15\">1.\u00a0<b data-path-to-node=\"15\" data-index-in-node=\"2\">Chu\u1ea9n b\u1ecb nguy\u00ean li\u1ec7u:<\/b><\/p>\n<p data-path-to-node=\"15\">\u2013 100g b\u1ed9t Okonomiyaki Showa.<\/p>\n<p data-path-to-node=\"15\">\u2013\u00a0100ml n\u01b0\u1edbc (ho\u1eb7c n\u01b0\u1edbc d\u00f9ng dashi \u0111\u1ec3 t\u0103ng th\u00eam v\u1ecb ngon).<\/p>\n<p data-path-to-node=\"15\">\u2013 1 qu\u1ea3 tr\u1ee9ng g\u00e0.<\/p>\n<p data-path-to-node=\"15\">\u2013 300g b\u1eafp c\u1ea3i th\u00e1i nh\u1ecf.<\/p>\n<p data-path-to-node=\"15\">\u2013\u00a0Th\u1ecbt ba ch\u1ec9, t\u00f4m, m\u1ef1c ho\u1eb7c b\u1ea5t c\u1ee9 th\u1ee9 g\u00ec c\u1eadu &#8220;th\u00edch&#8221;.<\/p>\n<p data-path-to-node=\"15\"><img decoding=\"async\" class=\"aligncenter\" src=\"https:\/\/havamall.com\/wp-content\/uploads\/2026\/01\/Screen_Shot_2023-10-12_at_10.14.40_AM.png\" alt=\"Life By Mike G | Japanese Cabbage Pancake - Okonomiyaki\" width=\"801\" height=\"388\" \/><\/p>\n<p data-path-to-node=\"16\"><span data-path-to-node=\"16\" data-index-in-node=\"2\">2.\u00a0<\/span><b data-path-to-node=\"16\" data-index-in-node=\"2\">C\u00e1c b\u01b0\u1edbc th\u1ef1c hi\u1ec7n:<\/b><\/p>\n<p data-path-to-node=\"16\">\u2013 H\u00f2a tan b\u1ed9t v\u1edbi n\u01b0\u1edbc v\u00e0 tr\u1ee9ng trong m\u1ed9t b\u00e1t l\u1edbn, khu\u1ea5y \u0111\u1ec1u cho \u0111\u1ebfn khi h\u1ed7n h\u1ee3p m\u1ecbn.<\/p>\n<p data-path-to-node=\"16\">\u2013 Th\u00eam b\u1eafp c\u1ea3i v\u00e0 c\u00e1c nguy\u00ean li\u1ec7u h\u1ea3i s\u1ea3n\/th\u1ecbt \u0111\u00e3 th\u00e1i nh\u1ecf v\u00e0o tr\u1ed9n \u0111\u1ec1u.<\/p>\n<p data-path-to-node=\"16\">\u2013 L\u00e0m n\u00f3ng ch\u1ea3o v\u1edbi m\u1ed9t \u00edt d\u1ea7u, \u0111\u1ed5 h\u1ed7n h\u1ee3p b\u1ed9t v\u00e0o v\u00e0 d\u00e0n th\u00e0nh h\u00ecnh tr\u00f2n c\u00f3 \u0111\u1ed9 d\u00e0y kho\u1ea3ng 2cm.<\/p>\n<p data-path-to-node=\"16\">\u2013 Chi\u00ean l\u1eeda v\u1eeba trong kho\u1ea3ng 3\u20135 ph\u00fat cho \u0111\u1ebfn khi m\u1eb7t d\u01b0\u1edbi v\u00e0ng \u0111\u1ec1u, sau \u0111\u00f3 l\u1eadt b\u00e1nh v\u00e0 chi\u00ean ti\u1ebfp m\u1eb7t c\u00f2n l\u1ea1i.<\/p>\n<p data-path-to-node=\"16\">\u2013\u00a0Khi b\u00e1nh \u0111\u00e3 ch\u00edn v\u00e0ng hai m\u1eb7t, r\u01b0\u1edbi s\u1ed1t Okonomiyaki, s\u1ed1t Mayonnaise, r\u1eafc th\u00eam m\u1ed9t ch\u00fat c\u00e1 ng\u1eeb b\u00e0o v\u00e0 rong bi\u1ec3n v\u1ee5n l\u00ean tr\u00ean.<\/p>\n<p data-path-to-node=\"16\"><img loading=\"lazy\" decoding=\"async\" class=\"aligncenter  wp-image-44565\" src=\"https:\/\/havamall.com\/wp-content\/uploads\/2026\/01\/P1080438.jpg\" alt=\"\" width=\"802\" height=\"602\" \/><\/p>\n<p data-path-to-node=\"17\"><b data-path-to-node=\"17\" data-index-in-node=\"2\">M\u1eb9o nh\u1ecf:<\/b>\u00a0\u0110\u1eebng \u00e9p b\u00e1nh qu\u00e1 m\u1ea1nh khi chi\u00ean \u0111\u1ec3 gi\u1eef \u0111\u01b0\u1ee3c \u0111\u1ed9 x\u1ed1p b\u00ean trong nh\u00e9!<\/p>\n<p data-path-to-node=\"18\"><em>S\u1ea3n ph\u1ea9m B\u1ed9t B\u00e1nh X\u00e8o Nh\u1eadt B\u1ea3n Okonomiyaki Showa 250g hi\u1ec7n \u0111ang c\u00f3 m\u1eb7t t\u1ea1i Havamall.<\/em><\/p>\n<\/div>\n<\/div>\n<\/div>\n<\/div>","protected":false},"excerpt":{"rendered":"<p>TH\u00d4NG TIN S\u1ea2N PH\u1ea8M Th\u01b0\u01a1ng hi\u1ec7u Showa Xu\u1ea5t x\u1ee9 Nh\u1eadt B\u1ea3n Th\u00e0nh ph\u1ea7n B\u1ed9t m\u00ec, b\u1ed9t katsuobushi (c\u00e1 ng\u1eeb b\u00e0o),<\/p>","protected":false},"featured_media":44211,"comment_status":"open","ping_status":"closed","template":"","meta":[],"product_brand":[],"product_cat":[255,675,154],"product_tag":[],"class_list":{"0":"post-44210","1":"product","2":"type-product","3":"status-publish","4":"has-post-thumbnail","6":"product_cat-nguyen-lieu-lam-banh","7":"product_cat-nhap-khau-nhat-ban","8":"product_cat-gia-vi","10":"first","11":"instock","12":"sale","13":"shipping-taxable","14":"purchasable","15":"product-type-simple"},"_links":{"self":[{"href":"https:\/\/havamall.vn\/en\/wp-json\/wp\/v2\/product\/44210"}],"collection":[{"href":"https:\/\/havamall.vn\/en\/wp-json\/wp\/v2\/product"}],"about":[{"href":"https:\/\/havamall.vn\/en\/wp-json\/wp\/v2\/types\/product"}],"replies":[{"embeddable":true,"href":"https:\/\/havamall.vn\/en\/wp-json\/wp\/v2\/comments?post=44210"}],"version-history":[{"count":0,"href":"https:\/\/havamall.vn\/en\/wp-json\/wp\/v2\/product\/44210\/revisions"}],"wp:featuredmedia":[{"embeddable":true,"href":"https:\/\/havamall.vn\/en\/wp-json\/wp\/v2\/media\/44211"}],"wp:attachment":[{"href":"https:\/\/havamall.vn\/en\/wp-json\/wp\/v2\/media?parent=44210"}],"wp:term":[{"taxonomy":"product_brand","embeddable":true,"href":"https:\/\/havamall.vn\/en\/wp-json\/wp\/v2\/product_brand?post=44210"},{"taxonomy":"product_cat","embeddable":true,"href":"https:\/\/havamall.vn\/en\/wp-json\/wp\/v2\/product_cat?post=44210"},{"taxonomy":"product_tag","embeddable":true,"href":"https:\/\/havamall.vn\/en\/wp-json\/wp\/v2\/product_tag?post=44210"}],"curies":[{"name":"wp","href":"https:\/\/api.w.org\/{rel}","templated":true}]}}