{"id":44198,"date":"2026-01-27T10:16:14","date_gmt":"2026-01-27T03:16:14","guid":{"rendered":"https:\/\/havamall.vn\/?post_type=product&#038;p=44198"},"modified":"2026-01-27T10:16:15","modified_gmt":"2026-01-27T03:16:15","slug":"hop-chia-thuoc-7-ngay-inomata-nhat-ban-seven-days-pill-case","status":"publish","type":"product","link":"https:\/\/havamall.vn\/en\/shop\/hop-chia-thuoc-7-ngay-inomata-nhat-ban-seven-days-pill-case\/","title":{"rendered":"H\u1ed9p Chia Thu\u1ed1c 7 Ng\u00e0y Inomata Nh\u1eadt B\u1ea3n \u2013 Seven Days Pill Case"},"content":{"rendered":"<h3 data-path-to-node=\"4\">TH\u00d4NG TIN S\u1ea2N PH\u1ea8M<\/h3>\n<div class=\"horizontal-scroll-wrapper\">\n<div class=\"table-block-component\">\n<div class=\"table-block has-export-button new-table-style\">\n<div class=\"table-content not-end-of-paragraph\" data-hveid=\"0\" data-ved=\"0CAAQ3ecQahgKEwixlt_JzaqSAxUAAAAAHQAAAAAQswE\">\n<table data-path-to-node=\"5\">\n<tbody>\n<tr>\n<td><span data-path-to-node=\"5,1,0,0\"><b data-path-to-node=\"5,1,0,0\" data-index-in-node=\"0\">Th\u01b0\u01a1ng hi\u1ec7u<\/b><\/span><\/td>\n<td><span data-path-to-node=\"5,1,1,0\">Inomata<\/span><\/td>\n<\/tr>\n<tr>\n<td><span data-path-to-node=\"5,2,0,0\"><b data-path-to-node=\"5,2,0,0\" data-index-in-node=\"0\">Xu\u1ea5t x\u1ee9<\/b><\/span><\/td>\n<td><span data-path-to-node=\"5,2,1,0\">Nh\u1eadt B\u1ea3n<\/span><\/td>\n<\/tr>\n<tr>\n<td><span data-path-to-node=\"5,3,0,0\"><b data-path-to-node=\"5,3,0,0\" data-index-in-node=\"0\">Ch\u1ea5t li\u1ec7u<\/b><\/span><\/td>\n<td><span data-path-to-node=\"5,3,1,0\">Nh\u1ef1a Polypropylene (PP) cao c\u1ea5p, trong su\u1ed1t, \u0111\u1ed9 b\u1ec1n cao.<\/span><\/td>\n<\/tr>\n<tr>\n<td><span data-path-to-node=\"5,4,0,0\"><b data-path-to-node=\"5,4,0,0\" data-index-in-node=\"0\">C\u1ea5u t\u1ea1o<\/b><\/span><\/td>\n<td><span data-path-to-node=\"5,4,1,0\">1 khay \u0111\u1ef1ng l\u1edbn ch\u1ee9a 7 h\u1ed9p nh\u1ecf ri\u00eang bi\u1ec7t (t\u01b0\u01a1ng \u1ee9ng 7 ng\u00e0y trong tu\u1ea7n).<\/span><\/td>\n<\/tr>\n<tr>\n<td><span data-path-to-node=\"5,5,0,0\"><b data-path-to-node=\"5,5,0,0\" data-index-in-node=\"0\">Thi\u1ebft k\u1ebf<\/b><\/span><\/td>\n<td><span data-path-to-node=\"5,5,1,0\">M\u1ed7i h\u1ed9p nh\u1ecf chia 3 ng\u0103n (S\u00e1ng &#8211; Tr\u01b0a &#8211; T\u1ed1i) v\u1edbi m\u00e0u s\u1eafc c\u1ea7u v\u1ed3ng r\u1ef1c r\u1ee1.<\/span><\/td>\n<\/tr>\n<tr>\n<td><span data-path-to-node=\"5,6,0,0\"><b data-path-to-node=\"5,6,0,0\" data-index-in-node=\"0\">K\u00edch th\u01b0\u1edbc<\/b><\/span><\/td>\n<td><span data-path-to-node=\"5,6,1,0\">G\u1ecdn nh\u1eb9, d\u1ec5 d\u00e0ng b\u1ecf t\u00fai x\u00e1ch ho\u1eb7c mang theo khi \u0111i du l\u1ecbch.<\/span><\/td>\n<\/tr>\n<\/tbody>\n<\/table>\n<p>Seven Days Pill Case \u2013 kh\u00f4ng ch\u1ec9 l\u00e0 m\u1ed9t chi\u1ebfc h\u1ed9p \u0111\u1ef1ng, m\u00e0 l\u00e0 m\u1ed9t &#8220;tr\u1ee3 l\u00fd&#8221; nh\u1eafc l\u1ecbch t\u1eadn t\u00e2m. V\u1edbi tri\u1ebft l\u00fd tinh gi\u1ea3n nh\u01b0ng t\u1ed1i \u01b0u c\u00f4ng n\u0103ng, chi\u1ebfc h\u1ed9p n\u00e0y bi\u1ebfn vi\u1ec7c u\u1ed1ng thu\u1ed1c v\u1ed1n d\u0129 kh\u00f4 khan tr\u1edf th\u00e0nh m\u1ed9t th\u00f3i quen nh\u1eb9 nh\u00e0ng, c\u00f3 t\u1ed5 ch\u1ee9c v\u00e0 \u0111\u1ea7y s\u1eafc m\u00e0u.<\/p>\n<\/div>\n<div class=\"table-footer hide-from-message-actions\">\n<p>S\u1eafc m\u00e0u c\u1ea7u v\u1ed3ng kh\u00f4ng ch\u1ec9 mang l\u1ea1i v\u1ebb ngo\u00e0i tr\u1ebb trung, hi\u1ec7n \u0111\u1ea1i m\u00e0 c\u00f2n l\u00e0 m\u1ed9t li\u1ec7u ph\u00e1p t\u00e2m l\u00fd gi\u00fap ng\u01b0\u1eddi d\u00f9ng, \u0111\u1eb7c bi\u1ec7t l\u00e0 ng\u01b0\u1eddi l\u1edbn tu\u1ed5i ho\u1eb7c tr\u1ebb nh\u1ecf, c\u1ea3m th\u1ea5y vui v\u1ebb v\u00e0 b\u1edbt \u00e1p l\u1ef1c h\u01a1n khi \u0111\u1ed1i m\u1eb7t v\u1edbi c\u00e1c lo\u1ea1i thu\u1ed1c.<\/p>\n<p><img fetchpriority=\"high\" decoding=\"async\" class=\"aligncenter  wp-image-44548\" src=\"https:\/\/havamall.com\/wp-content\/uploads\/2026\/01\/hop-dung-thuoc-konbini-7-ngay-yamada-202201041035514486.jpg\" alt=\"\" width=\"800\" height=\"600\" \/><\/p>\n<h3 data-path-to-node=\"10\">THI\u1ebeT K\u1ebe TH\u00d4NG MINH \u2013 CH\u0102M S\u00d3C T\u1eacN T\u00c2M<\/h3>\n<p data-path-to-node=\"12\">\u2013\u00a0<b data-path-to-node=\"12\" data-index-in-node=\"2\">Qu\u1ea3n l\u00fd l\u1ecbch tr\u00ecnh 7 ng\u00e0y:<\/b>\u00a0V\u1edbi 7 c\u1ed9t m\u00e0u t\u01b0\u01a1ng \u1ee9ng t\u1eeb Th\u1ee9 Hai \u0111\u1ebfn Ch\u1ee7 Nh\u1eadt, b\u1ea1n ch\u1ec9 c\u1ea7n d\u00e0nh ra v\u00e0i ph\u00fat cu\u1ed1i tu\u1ea7n \u0111\u1ec3 chu\u1ea9n b\u1ecb, v\u00e0 y\u00ean t\u00e2m su\u1ed1t c\u1ea3 tu\u1ea7n d\u00e0i m\u00e0 kh\u00f4ng lo nh\u1ea7m l\u1eabn hay b\u1ecf s\u00f3t.<\/p>\n<p data-path-to-node=\"12\">\u2013\u00a0<b data-path-to-node=\"12\" data-index-in-node=\"193\">Chia ng\u0103n S\u00e1ng &#8211; Tr\u01b0a &#8211; T\u1ed1i:<\/b>\u00a0M\u1ed7i h\u1ed9p nh\u1ecf trong ng\u00e0y \u0111\u01b0\u1ee3c chia l\u00e0m 3 ng\u0103n ri\u00eang bi\u1ec7t, gi\u00fap b\u1ea1n ph\u00e2n lo\u1ea1i ch\u00ednh x\u00e1c c\u00e1c li\u1ec1u d\u00f9ng theo th\u1eddi \u0111i\u1ec3m trong ng\u00e0y, \u0111\u1ea3m b\u1ea3o hi\u1ec7u qu\u1ea3 t\u1ed1i \u01b0u c\u1ee7a l\u1ed9 tr\u00ecnh \u0111i\u1ec1u tr\u1ecb.<\/p>\n<p data-path-to-node=\"12\">\u2013\u00a0<b data-path-to-node=\"12\" data-index-in-node=\"397\">T\u00ednh linh \u0111\u1ed9ng v\u01b0\u1ee3t tr\u1ed9i:<\/b>\u00a0\u0110i\u1ec3m c\u1ed9ng l\u1edbn nh\u1ea5t ch\u00ednh l\u00e0 kh\u1ea3 n\u0103ng th\u00e1o r\u1eddi t\u1eebng h\u1ed9p nh\u1ecf theo ng\u00e0y. Thay v\u00ec ph\u1ea3i mang c\u1ea3 chi\u1ebfc khay l\u1edbn, b\u1ea1n ch\u1ec9 c\u1ea7n b\u1ecf v\u00e0o t\u00fai \u00e1o hay v\u00ed c\u1ea7m tay h\u1ed9p c\u1ee7a ng\u00e0y h\u00f4m \u0111\u00f3 khi \u0111i l\u00e0m ho\u1eb7c \u0111i d\u00e3 ngo\u1ea1i.<\/p>\n<p data-path-to-node=\"12\">\u2013\u00a0<b data-path-to-node=\"12\" data-index-in-node=\"622\">Ch\u1ea5t li\u1ec7u an to\u00e0n v\u00e0 b\u1ec1n b\u1ec9:<\/b>\u00a0\u0110\u01b0\u1ee3c l\u00e0m t\u1eeb nh\u1ef1a PP cao c\u1ea5p, s\u1ea3n ph\u1ea9m \u0111\u1ea3m b\u1ea3o \u0111\u1ed9 k\u00edn kh\u00edt \u0111\u1ec3 b\u1ea3o v\u1ec7 thu\u1ed1c kh\u1ecfi \u0111\u1ed9 \u1ea9m v\u00e0 m\u00f4i tr\u01b0\u1eddng b\u00ean ngo\u00e0i, \u0111\u1ed3ng th\u1eddi v\u00f4 c\u00f9ng ch\u1eafc ch\u1eafn qua th\u1eddi gian d\u00e0i s\u1eed d\u1ee5ng.<\/p>\n<p data-path-to-node=\"12\"><img decoding=\"async\" class=\"aligncenter  wp-image-44547\" src=\"https:\/\/havamall.com\/wp-content\/uploads\/2026\/01\/hop-dung-thuoc-konbini-7-ngay-yamada-202201041035519571.jpg\" alt=\"\" width=\"800\" height=\"600\" \/><\/p>\n<h3 data-path-to-node=\"13\">GI\u1ea2I PH\u00c1P T\u1ed0I \u01afU CHO GIA \u0110\u00ccNH V\u00c0 NH\u1eeeNG CHUY\u1ebeN \u0110I<\/h3>\n<p data-path-to-node=\"15\">\u2013\u00a0<b data-path-to-node=\"15\" data-index-in-node=\"2\">H\u1ed7 tr\u1ee3 ng\u01b0\u1eddi cao tu\u1ed5i:<\/b>\u00a0Gi\u00fap \u00f4ng b\u00e0, cha m\u1eb9 d\u1ec5 d\u00e0ng theo d\u00f5i vi\u1ec7c u\u1ed1ng thu\u1ed1c \u0111\u00fang gi\u1edd, \u0111\u00fang li\u1ec1u m\u00e0 kh\u00f4ng c\u1ea7n s\u1ef1 tr\u1ee3 gi\u00fap th\u01b0\u1eddng xuy\u00ean t\u1eeb con c\u00e1i.<\/p>\n<p data-path-to-node=\"15\">\u2013\u00a0<b data-path-to-node=\"15\" data-index-in-node=\"150\">Ng\u01b0\u1eddi b\u1ea1n \u0111\u1ed3ng h\u00e0nh c\u1ee7a ng\u01b0\u1eddi b\u1eadn r\u1ed9n:<\/b>\u00a0Ph\u00f9 h\u1ee3p v\u1edbi nh\u1eefng ai c\u00f3 th\u00f3i quen s\u1eed d\u1ee5ng nhi\u1ec1u lo\u1ea1i vitamin, th\u1ef1c ph\u1ea9m ch\u1ee9c n\u0103ng h\u1ed7 tr\u1ee3 s\u1ee9c kh\u1ecfe v\u00e0 s\u1eafc \u0111\u1eb9p nh\u01b0ng th\u01b0\u1eddng xuy\u00ean ph\u1ea3i di chuy\u1ec3n.<\/p>\n<p data-path-to-node=\"15\">\u2013\u00a0<b data-path-to-node=\"15\" data-index-in-node=\"335\">T\u00ednh th\u1ea9m m\u1ef9 v\u00e0 v\u1ec7 sinh:<\/b>\u00a0Thi\u1ebft k\u1ebf trong su\u1ed1t gi\u00fap b\u1ea1n d\u1ec5 d\u00e0ng ki\u1ec3m tra l\u01b0\u1ee3ng thu\u1ed1c c\u00f2n l\u1ea1i b\u00ean trong m\u00e0 kh\u00f4ng c\u1ea7n m\u1edf n\u1eafp, gi\u1eef cho c\u00e1c vi\u00ean thu\u1ed1c lu\u00f4n \u0111\u01b0\u1ee3c b\u1ea3o qu\u1ea3n s\u1ea1ch s\u1ebd nh\u1ea5t.<\/p>\n<p data-path-to-node=\"15\"><img decoding=\"async\" class=\"aligncenter  wp-image-44546\" src=\"https:\/\/havamall.com\/wp-content\/uploads\/2026\/01\/11e2ee837a0242ac110004.webp\" alt=\"\" width=\"800\" height=\"800\" \/><\/p>\n<p data-path-to-node=\"16\">S\u1ea3n ph\u1ea9m H\u1ed9p Chia Thu\u1ed1c 7 Ng\u00e0y Inomata Nh\u1eadt B\u1ea3n hi\u1ec7n \u0111ang \u0111\u01b0\u1ee3c b\u00e1n t\u1ea1i Havamall.<\/p>\n<\/div>\n<\/div>\n<\/div>\n<\/div>","protected":false},"excerpt":{"rendered":"<p>TH\u00d4NG TIN S\u1ea2N PH\u1ea8M Th\u01b0\u01a1ng hi\u1ec7u Inomata Xu\u1ea5t x\u1ee9 Nh\u1eadt B\u1ea3n Ch\u1ea5t li\u1ec7u Nh\u1ef1a Polypropylene (PP) cao c\u1ea5p, trong su\u1ed1t,<\/p>","protected":false},"featured_media":44199,"comment_status":"open","ping_status":"closed","template":"","meta":[],"product_brand":[],"product_cat":[675,396,395],"product_tag":[],"class_list":{"0":"post-44198","1":"product","2":"type-product","3":"status-publish","4":"has-post-thumbnail","6":"product_cat-nhap-khau-nhat-ban","7":"product_cat-suc-khoe-lam-dep","8":"product_cat-van-phong-pham","10":"first","11":"instock","12":"sale","13":"shipping-taxable","14":"purchasable","15":"product-type-simple"},"_links":{"self":[{"href":"https:\/\/havamall.vn\/en\/wp-json\/wp\/v2\/product\/44198"}],"collection":[{"href":"https:\/\/havamall.vn\/en\/wp-json\/wp\/v2\/product"}],"about":[{"href":"https:\/\/havamall.vn\/en\/wp-json\/wp\/v2\/types\/product"}],"replies":[{"embeddable":true,"href":"https:\/\/havamall.vn\/en\/wp-json\/wp\/v2\/comments?post=44198"}],"version-history":[{"count":0,"href":"https:\/\/havamall.vn\/en\/wp-json\/wp\/v2\/product\/44198\/revisions"}],"wp:featuredmedia":[{"embeddable":true,"href":"https:\/\/havamall.vn\/en\/wp-json\/wp\/v2\/media\/44199"}],"wp:attachment":[{"href":"https:\/\/havamall.vn\/en\/wp-json\/wp\/v2\/media?parent=44198"}],"wp:term":[{"taxonomy":"product_brand","embeddable":true,"href":"https:\/\/havamall.vn\/en\/wp-json\/wp\/v2\/product_brand?post=44198"},{"taxonomy":"product_cat","embeddable":true,"href":"https:\/\/havamall.vn\/en\/wp-json\/wp\/v2\/product_cat?post=44198"},{"taxonomy":"product_tag","embeddable":true,"href":"https:\/\/havamall.vn\/en\/wp-json\/wp\/v2\/product_tag?post=44198"}],"curies":[{"name":"wp","href":"https:\/\/api.w.org\/{rel}","templated":true}]}}