{"id":44194,"date":"2026-01-27T09:03:11","date_gmt":"2026-01-27T02:03:11","guid":{"rendered":"https:\/\/havamall.vn\/?post_type=product&#038;p=44194"},"modified":"2026-01-27T09:03:11","modified_gmt":"2026-01-27T02:03:11","slug":"sot-trang-white-sauce-nhat-ban-1kg-white-sauce-japanese-style","status":"publish","type":"product","link":"https:\/\/havamall.vn\/en\/shop\/sot-trang-white-sauce-nhat-ban-1kg-white-sauce-japanese-style\/","title":{"rendered":"S\u1ed1t Tr\u1eafng White Sauce Nh\u1eadt B\u1ea3n 1kg \u2013 White Sauce (Japanese Style)"},"content":{"rendered":"<h3 data-path-to-node=\"4\">TH\u00d4NG TIN S\u1ea2N PH\u1ea8M<\/h3>\n<div class=\"horizontal-scroll-wrapper\">\n<div class=\"table-block-component\">\n<div class=\"table-block has-export-button new-table-style\">\n<table style=\"width: 50.2279%;height: 130px\" data-path-to-node=\"5\">\n<tbody>\n<tr style=\"height: 24px\">\n<td style=\"height: 24px\"><span data-path-to-node=\"5,1,0,0\"><b data-path-to-node=\"5,1,0,0\" data-index-in-node=\"0\">Lo\u1ea1i s\u1ea3n ph\u1ea9m<\/b><\/span><\/td>\n<td style=\"height: 24px\"><span data-path-to-node=\"5,1,1,0\">S\u1ed1t tr\u1eafng (White Sauce\/B\u00e9chamel)<\/span><\/td>\n<\/tr>\n<tr style=\"height: 24px\">\n<td style=\"height: 24px\"><span data-path-to-node=\"5,2,0,0\"><b data-path-to-node=\"5,2,0,0\" data-index-in-node=\"0\">Xu\u1ea5t x\u1ee9<\/b><\/span><\/td>\n<td style=\"height: 24px\"><span data-path-to-node=\"5,2,1,0\">Nh\u1eadt B\u1ea3n<\/span><\/td>\n<\/tr>\n<tr style=\"height: 24px\">\n<td style=\"height: 24px\"><span data-path-to-node=\"5,3,0,0\"><b data-path-to-node=\"5,3,0,0\" data-index-in-node=\"0\">Quy c\u00e1ch<\/b><\/span><\/td>\n<td style=\"height: 24px\"><span data-path-to-node=\"5,3,1,0\">T\u00fai 1kg (D\u00e0nh cho kho\u1ea3ng 6 ng\u01b0\u1eddi \u0103n)<\/span><\/td>\n<\/tr>\n<tr style=\"height: 24px\">\n<td style=\"height: 24px\"><span data-path-to-node=\"5,4,0,0\"><b data-path-to-node=\"5,4,0,0\" data-index-in-node=\"0\">\u0110\u1eb7c t\u00ednh<\/b><\/span><\/td>\n<td style=\"height: 24px\"><span data-path-to-node=\"5,4,1,0\">V\u1ecb b\u00e9o b\u00f9i t\u1eeb kem s\u1eefa, ng\u1ecdt thanh t\u1eeb h\u00e0nh t\u00e2y h\u00f2a quy\u1ec7n.<\/span><\/td>\n<\/tr>\n<tr style=\"height: 24px\">\n<td style=\"height: 24px\"><span data-path-to-node=\"5,5,0,0\"><b data-path-to-node=\"5,5,0,0\" data-index-in-node=\"0\">B\u1ea3o qu\u1ea3n<\/b><\/span><\/td>\n<td style=\"height: 24px\"><span data-path-to-node=\"5,5,1,0\">N\u01a1i kh\u00f4 r\u00e1o, tho\u00e1ng m\u00e1t. Sau khi m\u1edf bao b\u00ec, b\u1ea3o qu\u1ea3n l\u1ea1nh v\u00e0 s\u1eed d\u1ee5ng s\u1edbm.<\/span><\/td>\n<\/tr>\n<tr style=\"height: 10px\">\n<td style=\"height: 10px\"><span data-path-to-node=\"5,6,0,0\"><b data-path-to-node=\"5,6,0,0\" data-index-in-node=\"0\">Kh\u1ed1i l\u01b0\u1ee3ng<\/b><\/span><\/td>\n<td style=\"height: 10px\"><span data-path-to-node=\"5,6,1,0\">1kg<\/span><\/td>\n<\/tr>\n<\/tbody>\n<\/table>\n<p data-path-to-node=\"8\">S\u1ed1t tr\u1eafng (B\u00e9chamel) xu\u1ea5t ph\u00e1t t\u1eeb nh\u1eefng c\u0103n b\u1ebfp ho\u00e0ng gia Ph\u00e1p, lo\u1ea1i s\u1ed1t n\u00e0y kh\u00f4ng ch\u1ec9 l\u00e0 s\u1ef1 k\u1ebft h\u1ee3p c\u1ee7a b\u1ed9t, b\u01a1 v\u00e0 s\u1eefa, m\u00e0 c\u00f2n l\u00e0 k\u1ebft qu\u1ea3 c\u1ee7a s\u1ef1 ki\u00ean nh\u1eabn khi \u0111un n\u1ea5u ch\u1eadm r\u00e3i \u0111\u1ec3 t\u1ea1o n\u00ean m\u1ed9t k\u1ebft c\u1ea5u m\u01b0\u1ee3t m\u00e0 nh\u01b0 nhung. S\u1ed1t Tr\u1eafng White Sauce Nh\u1eadt B\u1ea3n thay v\u00ec ph\u1ea3i m\u1ea5t h\u00e0ng gi\u1edd \u0111\u1ee9ng b\u00ean b\u1ebfp l\u1eeda \u0111\u1ec3 khu\u1ea5y b\u1ed9t v\u00e0 canh nhi\u1ec7t \u0111\u1ed9 sao cho s\u1ed1t kh\u00f4ng b\u1ecb v\u00f3n c\u1ee5c, d\u00f2ng s\u1ed1t l\u1ecfng c\u00f4 \u0111\u1eb7c n\u00e0y l\u01b0u gi\u1eef v\u1eb9n nguy\u00ean h\u01b0\u01a1ng v\u1ecb kem s\u1eefa n\u1ed3ng n\u00e0n c\u00f9ng h\u1eadu v\u1ecb ng\u1ecdt thanh t\u1eeb h\u00e0nh t\u00e2y h\u1ea7m k\u1ef9.<\/p>\n<p data-path-to-node=\"8\"><img fetchpriority=\"high\" decoding=\"async\" class=\"aligncenter  wp-image-44539\" src=\"https:\/\/havamall.com\/wp-content\/uploads\/2026\/01\/3EC10ED2-79E5-404A-8771-9A55967FE19B_1_105_c.jpg\" alt=\"\" width=\"800\" height=\"800\" \/><\/p>\n<h3 data-path-to-node=\"10\">S\u1ef0 H\u00d2A QUY\u1ec6N TINH T\u1ebe TRONG D\u00d2NG S\u1ed0T M\u01af\u1ee2T M\u00c0<\/h3>\n<p>\u2013\u00a0<b data-path-to-node=\"12\" data-index-in-node=\"2\">K\u1ebft c\u1ea5u m\u1ecbn m\u00e0ng nh\u01b0 l\u1ee5a:<\/b>\u00a0S\u1ed1t d\u1ea1ng l\u1ecfng c\u00f4 \u0111\u1eb7c gi\u00fap b\u1ea1n d\u1ec5 d\u00e0ng h\u00f2a quy\u1ec7n v\u00e0o c\u00e1c nguy\u00ean li\u1ec7u kh\u00e1c m\u00e0 kh\u00f4ng lo hi\u1ec7n t\u01b0\u1ee3ng v\u00f3n c\u1ee5c, t\u1ea1o n\u00ean l\u1edbp ph\u1ee7 b\u00f3ng b\u1ea9y v\u00e0 chuy\u00ean nghi\u1ec7p cho m\u00f3n \u0103n.<\/p>\n<p>\u2013\u00a0<b data-path-to-node=\"12\" data-index-in-node=\"189\">H\u01b0\u01a1ng v\u1ecb \u0111a t\u1ea7ng:<\/b>\u00a0L\u00e0 s\u1ef1 t\u1ed5ng h\u00f2a gi\u1eefa \u0111\u1ed9 b\u00e9o ng\u1eady c\u1ee7a b\u01a1 s\u1eefa t\u01b0\u01a1i v\u00e0 v\u1ecb ng\u1ecdt s\u00e2u c\u1ee7a h\u00e0nh t\u00e2y \u0111\u01b0\u1ee3c h\u1ea7m k\u1ef9, mang l\u1ea1i c\u1ea3m gi\u00e1c tr\u00f2n \u0111\u1ea7y cho v\u1ecb gi\u00e1c.<\/p>\n<p>\u2013\u00a0<b data-path-to-node=\"12\" data-index-in-node=\"338\">H\u01b0\u01a1ng th\u01a1m n\u1ed3ng n\u00e0n:<\/b>\u00a0Khi \u0111\u01b0\u1ee3c \u0111un n\u00f3ng tr\u00ean b\u1ebfp, m\u00f9i h\u01b0\u01a1ng b\u01a1 s\u1eefa lan t\u1ecfa g\u1ee3i nh\u1edb \u0111\u1ebfn kh\u00f4ng gian \u1ea5m c\u00fang c\u1ee7a nh\u1eefng ti\u1ec7m b\u00e1nh nh\u1ecf t\u1ea1i Nh\u1eadt B\u1ea3n trong nh\u1eefng chi\u1ec1u \u0111\u00f4ng.<\/p>\n<p><img decoding=\"async\" class=\"aligncenter  wp-image-44540\" src=\"https:\/\/havamall.com\/wp-content\/uploads\/2026\/01\/MIGRATEDIMAGE-topic-6993-\u51ac\u30ec\u30b7\u30d4_2__\u706b\u66dc\u65e5\u306e\u732e\u7acb-scaled.jpg\" alt=\"\" width=\"802\" height=\"535\" \/><\/p>\n<h3 data-path-to-node=\"13\">LINH H\u1ed2N C\u1ee6A NH\u1eeeNG M\u00d3N \u0102N GIA \u0110\u00ccNH<\/h3>\n<p>\u2013\u00a0<b data-path-to-node=\"15\" data-index-in-node=\"2\">B\u00e1nh Gratin v\u00e0 Doria:<\/b>\u00a0Ph\u1ee7 m\u1ed9t l\u1edbp s\u1ed1t tr\u1eafng l\u00ean c\u01a1m ho\u1eb7c khoai t\u00e2y n\u01b0\u1edbng, th\u00eam ph\u00f4 mai \u0111\u1ec3 t\u1ea1o n\u00ean b\u1ec1 m\u1eb7t v\u00e0ng \u00f3ng, gi\u1eef cho nh\u00e2n b\u00ean d\u01b0\u1edbi lu\u00f4n m\u1ec1m m\u1ecdng v\u00e0 \u0111\u1eadm \u0111\u00e0.<\/p>\n<p>\u2013\u00a0<b data-path-to-node=\"15\" data-index-in-node=\"166\">M\u00ec \u00dd s\u1ed1t kem (Creamy Pasta):<\/b>\u00a0D\u00f9ng l\u00e0m n\u1ec1n s\u1ed1t tuy\u1ec7t v\u1eddi cho m\u00ec Carbonara ho\u1eb7c m\u00ec s\u1ed1t kem h\u1ea3i s\u1ea3n, gi\u00fap s\u1ee3i m\u00ec \u0111\u01b0\u1ee3c bao b\u1ecdc b\u1edfi l\u1edbp s\u1ed1t b\u00e9o b\u00f9i, m\u1ecbn m\u00e0ng.<\/p>\n<p>\u2013\u00a0<b data-path-to-node=\"15\" data-index-in-node=\"322\">S\u00fap kem rau c\u1ee7:<\/b>\u00a0Ch\u1ec9 c\u1ea7n pha lo\u00e3ng s\u1ed1t c\u00f9ng m\u1ed9t ch\u00fat n\u01b0\u1edbc d\u00f9ng ho\u1eb7c s\u1eefa, k\u1ebft h\u1ee3p c\u00f9ng ng\u00f4 ng\u1ecdt, n\u1ea5m hay b\u00f4ng c\u1ea3i xanh \u0111\u1ec3 c\u00f3 ngay b\u00e1t s\u00fap kem b\u1ed5 d\u01b0\u1ee1ng.<\/p>\n<p>\u2013\u00a0<b data-path-to-node=\"15\" data-index-in-node=\"474\">M\u00f3n h\u1ea7m Cream Stew:<\/b>\u00a0\u0110\u1eb7c s\u1ea3n Nh\u1eadt B\u1ea3n v\u1edbi th\u1ecbt g\u00e0 v\u00e0 rau c\u1ee7 h\u1ea7m m\u1ec1m trong l\u00e0n s\u1ed1t tr\u1eafng thanh khi\u1ebft, mang l\u1ea1i c\u1ea3m gi\u00e1c nh\u1eb9 nh\u00e0ng nh\u01b0ng \u0111\u1ea7y \u0111\u1ee7 d\u01b0\u1ee1ng ch\u1ea5t.<\/p>\n<p><img decoding=\"async\" class=\"aligncenter  wp-image-44541\" src=\"https:\/\/havamall.com\/wp-content\/uploads\/2026\/01\/p10-itoh-stew-a-20151017-scaled.jpg\" alt=\"\" width=\"801\" height=\"533\" \/><\/p>\n<p>S\u1ea3n ph\u1ea9m S\u1ed1t Tr\u1eafng White Sauce Nh\u1eadt B\u1ea3n 1kg hi\u1ec7n \u0111ang \u0111\u01b0\u1ee3c b\u00e1n t\u1ea1i Havamall.<\/p>\n<\/div>\n<\/div>\n<\/div>","protected":false},"excerpt":{"rendered":"<p>TH\u00d4NG TIN S\u1ea2N PH\u1ea8M Lo\u1ea1i s\u1ea3n ph\u1ea9m S\u1ed1t tr\u1eafng (White Sauce\/B\u00e9chamel) Xu\u1ea5t x\u1ee9 Nh\u1eadt B\u1ea3n Quy c\u00e1ch T\u00fai 1kg (D\u00e0nh<\/p>","protected":false},"featured_media":44195,"comment_status":"open","ping_status":"closed","template":"","meta":[],"product_brand":[],"product_cat":[595,675,154],"product_tag":[],"class_list":{"0":"post-44194","1":"product","2":"type-product","3":"status-publish","4":"has-post-thumbnail","6":"product_cat-gia-vi-va-che-bien","7":"product_cat-nhap-khau-nhat-ban","8":"product_cat-gia-vi","10":"first","11":"instock","12":"sale","13":"shipping-taxable","14":"purchasable","15":"product-type-simple"},"_links":{"self":[{"href":"https:\/\/havamall.vn\/en\/wp-json\/wp\/v2\/product\/44194"}],"collection":[{"href":"https:\/\/havamall.vn\/en\/wp-json\/wp\/v2\/product"}],"about":[{"href":"https:\/\/havamall.vn\/en\/wp-json\/wp\/v2\/types\/product"}],"replies":[{"embeddable":true,"href":"https:\/\/havamall.vn\/en\/wp-json\/wp\/v2\/comments?post=44194"}],"version-history":[{"count":0,"href":"https:\/\/havamall.vn\/en\/wp-json\/wp\/v2\/product\/44194\/revisions"}],"wp:featuredmedia":[{"embeddable":true,"href":"https:\/\/havamall.vn\/en\/wp-json\/wp\/v2\/media\/44195"}],"wp:attachment":[{"href":"https:\/\/havamall.vn\/en\/wp-json\/wp\/v2\/media?parent=44194"}],"wp:term":[{"taxonomy":"product_brand","embeddable":true,"href":"https:\/\/havamall.vn\/en\/wp-json\/wp\/v2\/product_brand?post=44194"},{"taxonomy":"product_cat","embeddable":true,"href":"https:\/\/havamall.vn\/en\/wp-json\/wp\/v2\/product_cat?post=44194"},{"taxonomy":"product_tag","embeddable":true,"href":"https:\/\/havamall.vn\/en\/wp-json\/wp\/v2\/product_tag?post=44194"}],"curies":[{"name":"wp","href":"https:\/\/api.w.org\/{rel}","templated":true}]}}