{"id":44191,"date":"2026-01-26T16:02:33","date_gmt":"2026-01-26T09:02:33","guid":{"rendered":"https:\/\/havamall.vn\/?post_type=product&#038;p=44191"},"modified":"2026-01-26T16:02:34","modified_gmt":"2026-01-26T09:02:34","slug":"bo-muong-nia-an-dam-cho-be-inomata-nhat-ban-inomata-spoon-fork-set-for-kids","status":"publish","type":"product","link":"https:\/\/havamall.vn\/en\/shop\/bo-muong-nia-an-dam-cho-be-inomata-nhat-ban-inomata-spoon-fork-set-for-kids\/","title":{"rendered":"B\u1ed9 Mu\u1ed7ng N\u0129a \u0102n D\u1eb7m Cho B\u00e9 Inomata Nh\u1eadt B\u1ea3n \u2013 Inomata Spoon &amp; Fork Set For Kids"},"content":{"rendered":"<h3 data-path-to-node=\"4\">TH\u00d4NG TIN S\u1ea2N PH\u1ea8M<\/h3>\n<div class=\"horizontal-scroll-wrapper\">\n<div class=\"table-block-component\">\n<div class=\"table-block has-export-button new-table-style\">\n<div class=\"table-content not-end-of-paragraph\" data-hveid=\"0\" data-ved=\"0CAAQ3ecQahgKEwi03JvchaiSAxUAAAAAHQAAAAAQvAE\">\n<table style=\"width: 83.7141%;height: 135px\" data-path-to-node=\"5\">\n<tbody>\n<tr style=\"height: 39px\">\n<td style=\"width: 13.0753%;height: 39px\"><span data-path-to-node=\"5,1,0,0\"><b data-path-to-node=\"5,1,0,0\" data-index-in-node=\"0\">Th\u01b0\u01a1ng hi\u1ec7u<\/b><\/span><\/td>\n<td style=\"width: 86.3352%;height: 39px\"><span data-path-to-node=\"5,1,1,0\">Inomata<\/span><\/td>\n<\/tr>\n<tr style=\"height: 24px\">\n<td style=\"width: 13.0753%;height: 24px\"><span data-path-to-node=\"5,2,0,0\"><b data-path-to-node=\"5,2,0,0\" data-index-in-node=\"0\">Xu\u1ea5t x\u1ee9<\/b><\/span><\/td>\n<td style=\"width: 86.3352%;height: 24px\"><span data-path-to-node=\"5,2,1,0\">Nh\u1eadt B\u1ea3n (Made in Japan)<\/span><\/td>\n<\/tr>\n<tr style=\"height: 24px\">\n<td style=\"width: 13.0753%;height: 24px\"><span data-path-to-node=\"5,3,0,0\"><b data-path-to-node=\"5,3,0,0\" data-index-in-node=\"0\">Th\u00e0nh ph\u1ea7n<\/b><\/span><\/td>\n<td style=\"width: 86.3352%;height: 24px\"><span data-path-to-node=\"5,3,1,0\">Nh\u1ef1a Polypropylene (PP) cao c\u1ea5p, kh\u00f4ng ch\u1ee9a BPA.<\/span><\/td>\n<\/tr>\n<tr style=\"height: 24px\">\n<td style=\"width: 13.0753%;height: 24px\"><span data-path-to-node=\"5,4,0,0\"><b data-path-to-node=\"5,4,0,0\" data-index-in-node=\"0\">H\u1ea1n s\u1eed d\u1ee5ng<\/b><\/span><\/td>\n<td style=\"width: 86.3352%;height: 24px\"><span data-path-to-node=\"5,4,1,0\">Kh\u00f4ng th\u1eddi h\u1ea1n<\/span><\/td>\n<\/tr>\n<tr style=\"height: 24px\">\n<td style=\"width: 13.0753%;height: 24px\"><span data-path-to-node=\"5,6,0,0\"><b data-path-to-node=\"5,6,0,0\" data-index-in-node=\"0\">S\u1ed1 l\u01b0\u1ee3ng<\/b><\/span><\/td>\n<td style=\"width: 86.3352%;height: 24px\"><span data-path-to-node=\"5,6,1,0\">1 b\u1ed9 g\u1ed3m 1 mu\u1ed7ng v\u00e0 1 n\u0129a.<\/span><\/td>\n<\/tr>\n<\/tbody>\n<\/table>\n<p data-path-to-node=\"9\">Khi n\u00f3i v\u1ec1 c\u00e1c s\u1ea3n ph\u1ea9m d\u00e0nh cho tr\u1ebb nh\u1ecf, ch\u1ea5t li\u1ec7u lu\u00f4n l\u00e0 m\u1ed1i quan t\u00e2m h\u00e0ng \u0111\u1ea7u c\u1ee7a c\u00e1c b\u1eadc ph\u1ee5 huynh. B\u1ed9 mu\u1ed7ng n\u0129a Inomata \u0111\u01b0\u1ee3c ch\u1ebf t\u00e1c ho\u00e0n to\u00e0n t\u1ea1i Nh\u1eadt B\u1ea3n t\u1eeb nh\u1ef1a Polypropylene (PP) cao c\u1ea5p \u2013 m\u1ed9t lo\u1ea1i ch\u1ea5t li\u1ec7u n\u1ed5i ti\u1ebfng v\u1edbi \u0111\u1ed9 b\u1ec1n cao v\u00e0 \u0111\u1eb7c bi\u1ec7t l\u00e0 s\u1ef1 an to\u00e0n tuy\u1ec7t \u0111\u1ed1i khi kh\u00f4ng ch\u1ee9a BPA hay c\u00e1c h\u00f3a ch\u1ea5t g\u00e2y h\u1ea1i. \u0110\u1ed1i v\u1edbi m\u1ed9t \u0111\u1ee9a tr\u1ebb \u0111ang h\u1ecdc c\u00e1ch c\u1ea7m n\u1eafm, m\u1ed9t chi\u1ebfc mu\u1ed7ng qu\u00e1 n\u1eb7ng hay m\u1ed9t chi\u1ebfc n\u0129a qu\u00e1 s\u1eafc nh\u1ecdn c\u00f3 th\u1ec3 l\u00e0m gi\u00e1n \u0111o\u1ea1n s\u1ef1 h\u00e0o h\u1ee9ng kh\u00e1m ph\u00e1. V\u1edbi thi\u1ebft k\u1ebf c\u00e1n c\u1ea7m b\u1ea3n to, h\u01a1i cong nh\u1eb9, b\u1ed9 mu\u1ed7ng n\u0129a n\u00e0y gi\u00fap b\u00e9 d\u1ec5 d\u00e0ng \u0111i\u1ec1u khi\u1ec3n theo \u00fd mu\u1ed1n, t\u1eeb \u0111\u00f3 x\u00e2y d\u1ef1ng s\u1ef1 t\u1ef1 tin v\u00e0 t\u1ea1o th\u00f3i quen t\u1ef1 l\u1eadp ngay tr\u00ean b\u00e0n \u0103n m\u00e0 kh\u00f4ng c\u1ea7n qu\u00e1 nhi\u1ec1u s\u1ef1 h\u1ed7 tr\u1ee3 t\u1eeb cha m\u1eb9.<\/p>\n<h3 data-path-to-node=\"10\"><img fetchpriority=\"high\" decoding=\"async\" class=\"aligncenter wp-image-44530\" src=\"https:\/\/havamall.com\/wp-content\/uploads\/2026\/01\/a15d41e6687e287a1d595e3f203738b7.jpg\" alt=\"\" width=\"801\" height=\"801\" \/><\/h3>\n<p data-path-to-node=\"11\">Khi n\u00f3i v\u1ec1 c\u00e1c s\u1ea3n ph\u1ea9m d\u00e0nh cho tr\u1ebb nh\u1ecf, ch\u1ea5t li\u1ec7u lu\u00f4n l\u00e0 m\u1ed1i quan t\u00e2m h\u00e0ng \u0111\u1ea7u c\u1ee7a c\u00e1c b\u1eadc ph\u1ee5 huynh. B\u1ed9 mu\u1ed7ng n\u0129a Inomata \u0111\u01b0\u1ee3c ch\u1ebf t\u00e1c ho\u00e0n to\u00e0n t\u1ea1i Nh\u1eadt B\u1ea3n t\u1eeb nh\u1ef1a Polypropylene (PP) cao c\u1ea5p \u2013 m\u1ed9t lo\u1ea1i ch\u1ea5t li\u1ec7u n\u1ed5i ti\u1ebfng v\u1edbi \u0111\u1ed9 b\u1ec1n cao v\u00e0 \u0111\u1eb7c bi\u1ec7t l\u00e0 s\u1ef1 an to\u00e0n tuy\u1ec7t \u0111\u1ed1i khi kh\u00f4ng ch\u1ee9a BPA hay c\u00e1c h\u00f3a ch\u1ea5t g\u00e2y h\u1ea1i.<\/p>\n<p data-path-to-node=\"12\">\u2013\u00a0<b data-path-to-node=\"12\" data-index-in-node=\"2\">N\u00e2ng niu v\u1ecb gi\u00e1c non n\u1edbt:<\/b>\u00a0B\u1ec1 m\u1eb7t nh\u1ef1a \u0111\u01b0\u1ee3c x\u1eed l\u00fd v\u00f4 c\u00f9ng m\u1ecbn m\u00e0ng, lo\u1ea1i b\u1ecf ho\u00e0n to\u00e0n c\u00e1c g\u1edd c\u1ea1nh s\u1eafc hay v\u1ee5n nh\u1ef1a th\u1eeba. C\u00e1c \u0111\u1ea7u n\u0129a \u0111\u01b0\u1ee3c bo tr\u00f2n tinh t\u1ebf, \u0111\u1ea3m b\u1ea3o b\u00e9 c\u00f3 th\u1ec3 l\u1ea5y th\u1ee9c \u0103n d\u1ec5 d\u00e0ng m\u00e0 kh\u00f4ng g\u00e2y t\u1ed5n th\u01b0\u01a1ng \u0111\u1ebfn khoang mi\u1ec7ng hay n\u01b0\u1edbu c\u00f2n non n\u1edbt.<\/p>\n<p data-path-to-node=\"12\">\u2013\u00a0<b data-path-to-node=\"12\" data-index-in-node=\"259\">Kh\u1ea3 n\u0103ng ch\u1ecbu nhi\u1ec7t b\u1ec1n b\u1ec9:<\/b>\u00a0Kh\u00e1c v\u1edbi c\u00e1c lo\u1ea1i nh\u1ef1a th\u00f4ng th\u01b0\u1eddng d\u1ec5 b\u1ecb bi\u1ebfn d\u1ea1ng hay gi\u1ea3i ph\u00f3ng ch\u1ea5t \u0111\u1ed9c khi g\u1eb7p nhi\u1ec7t, s\u1ea3n ph\u1ea9m c\u1ee7a Inomata c\u00f3 kh\u1ea3 n\u0103ng ch\u1ecbu nhi\u1ec7t l\u00ean \u0111\u1ebfn 120\u00b0C. \u0110i\u1ec1u n\u00e0y cho ph\u00e9p c\u00e1c m\u1eb9 tho\u1ea3i m\u00e1i ti\u1ec7t tr\u00f9ng b\u1eb1ng n\u01b0\u1edbc s\u00f4i ho\u1eb7c s\u1eed d\u1ee5ng m\u00e1y r\u1eeda b\u00e1t m\u00e0 v\u1eabn gi\u1eef v\u1eefng \u0111\u01b0\u1ee3c \u0111\u1ed9 b\u1ec1n v\u00e0 s\u1ef1 tinh khi\u1ebft c\u1ee7a s\u1ea3n ph\u1ea9m.<\/p>\n<p data-path-to-node=\"12\">\u2013\u00a0<b data-path-to-node=\"12\" data-index-in-node=\"583\">Tr\u1ecdng l\u01b0\u1ee3ng si\u00eau nh\u1eb9:<\/b>\u00a0V\u1edbi \u0111\u1eb7c t\u00ednh si\u00eau nh\u1eb9 c\u1ee7a nh\u1ef1a PP, b\u1ed9 mu\u1ed7ng n\u0129a n\u00e0y gi\u00fap b\u00e9 kh\u00f4ng b\u1ecb m\u1ecfi tay khi c\u1ea7m l\u00e2u, bi\u1ebfn m\u1ed7i b\u1eefa \u0103n tr\u1edf th\u00e0nh m\u1ed9t kho\u1ea3ng th\u1eddi gian vui v\u1ebb v\u00e0 tho\u1ea3i m\u00e1i nh\u1ea5t.<\/p>\n<h3 data-path-to-node=\"13\"><img decoding=\"async\" class=\"aligncenter wp-image-44531\" src=\"https:\/\/havamall.com\/wp-content\/uploads\/2026\/01\/13819_449744_tuzgpi7n.jpg\" alt=\"\" width=\"801\" height=\"590\" \/><\/h3>\n<p data-path-to-node=\"14\">M\u1ed9t b\u1ed9 d\u1ee5ng c\u1ee5 t\u1ed1t l\u00e0 b\u1ed9 d\u1ee5ng c\u1ee5 c\u00f3 th\u1ec3 \u0111\u1ed3ng h\u00e0nh c\u00f9ng b\u00e9 trong nhi\u1ec1u giai \u0111o\u1ea1n ph\u00e1t tri\u1ec3n v\u00e0 \u0111a d\u1ea1ng c\u00e1c m\u00f3n \u0103n kh\u00e1c nhau:<\/p>\n<p data-path-to-node=\"15\">\u2013\u00a0<b data-path-to-node=\"15\" data-index-in-node=\"2\">Mu\u1ed7ng \u0103n d\u1eb7m \u0111a n\u0103ng:<\/b>\u00a0Thi\u1ebft k\u1ebf l\u00f2ng mu\u1ed7ng c\u00f3 \u0111\u1ed9 s\u00e2u v\u1eeba ph\u1ea3i, gi\u00fap b\u00e9 d\u1ec5 d\u00e0ng m\u00fac \u0111\u01b0\u1ee3c c\u00e1c lo\u1ea1i s\u00fap, ch\u00e1o hay c\u01a1m n\u00e1t m\u00e0 kh\u00f4ng b\u1ecb r\u01a1i v\u00e3i. H\u00ecnh d\u00e1ng mu\u1ed7ng \u0111\u01b0\u1ee3c nghi\u00ean c\u1ee9u \u0111\u1ec3 v\u1eeba kh\u00edt v\u1edbi khu\u00f4n mi\u1ec7ng nh\u1ecf xinh c\u1ee7a b\u00e9.<\/p>\n<p data-path-to-node=\"15\">\u2013\u00a0<b data-path-to-node=\"15\" data-index-in-node=\"220\">N\u0129a t\u1eadp \u0103n ti\u1ec7n l\u1ee3i:<\/b>\u00a0C\u00e1c r\u0103ng n\u0129a c\u00f3 \u0111\u1ed9 b\u00e1m t\u1ed1t, gi\u00fap b\u00e9 d\u1ec5 d\u00e0ng g\u0103m c\u00e1c lo\u1ea1i tr\u00e1i c\u00e2y m\u1ec1m, rau c\u1ee7 lu\u1ed9c hay c\u00e1c s\u1ee3i m\u00ec nh\u1ecf. \u0110\u00e2y l\u00e0 c\u00f4ng c\u1ee5 \u0111\u1eafc l\u1ef1c gi\u00fap b\u00e9 r\u00e8n luy\u1ec7n k\u1ef9 n\u0103ng ph\u1ed1i h\u1ee3p gi\u1eefa tay v\u00e0 m\u1eaft.<\/p>\n<p data-path-to-node=\"15\">\u2013\u00a0<b data-path-to-node=\"15\" data-index-in-node=\"421\">M\u00e0u s\u1eafc trang nh\u00e3, k\u00edch th\u00edch th\u1ecb gi\u00e1c:<\/b>\u00a0V\u1edbi t\u00f4ng m\u00e0u tr\u1eafng kem tinh t\u1ebf, b\u1ed9 mu\u1ed7ng n\u0129a mang l\u1ea1i c\u1ea3m gi\u00e1c s\u1ea1ch s\u1ebd v\u00e0 chuy\u00ean nghi\u1ec7p, gi\u00fap b\u00e9 t\u1eadp trung ho\u00e0n to\u00e0n v\u00e0o m\u00e0u s\u1eafc v\u00e0 h\u01b0\u01a1ng v\u1ecb c\u1ee7a th\u1ee9c \u0103n thay v\u00ec b\u1ecb xao nh\u00e3ng b\u1edfi nh\u1eefng h\u1ecda ti\u1ebft qu\u00e1 s\u1eb7c s\u1ee1.<\/p>\n<p data-path-to-node=\"15\">\u2013\u00a0<b data-path-to-node=\"15\" data-index-in-node=\"668\">D\u1ec5 d\u00e0ng mang theo:<\/b>\u00a0Nh\u1edd s\u1ef1 g\u1ecdn nh\u1eb9 v\u00e0 \u0111\u1ed9 b\u1ec1n cao, cha m\u1eb9 c\u00f3 th\u1ec3 d\u1ec5 d\u00e0ng b\u1ecf b\u1ed9 mu\u1ed7ng n\u0129a n\u00e0y v\u00e0o t\u00fai x\u00e1ch \u0111\u1ec3 b\u00e9 s\u1eed d\u1ee5ng trong nh\u1eefng chuy\u1ebfn du l\u1ecbch hay nh\u1eefng bu\u1ed5i d\u00e3 ngo\u1ea1i c\u00f9ng gia \u0111\u00ecnh, \u0111\u1ea3m b\u1ea3o v\u1ec7 sinh ri\u00eang t\u01b0 cho con y\u00eau.<\/p>\n<p data-path-to-node=\"15\"><img decoding=\"async\" class=\"aligncenter wp-image-44532\" src=\"https:\/\/havamall.com\/wp-content\/uploads\/2026\/01\/4905596117063-bo-thia-nia-nhua-an-dam-cho-be-Inomata-1.jpg\" alt=\"\" width=\"800\" height=\"800\" \/><\/p>\n<\/div>\n<p data-path-to-node=\"15\">B\u1ed9 Mu\u1ed7ng N\u0129a \u0102n D\u1eb7m Cho B\u00e9 Inomata Nh\u1eadt B\u1ea3n hi\u1ec7n \u0111ang \u0111\u01b0\u1ee3c b\u00e1n t\u1ea1i Havamall.<\/p>\n<\/div>\n<\/div>\n<\/div>","protected":false},"excerpt":{"rendered":"<p>TH\u00d4NG TIN S\u1ea2N PH\u1ea8M Th\u01b0\u01a1ng hi\u1ec7u Inomata Xu\u1ea5t x\u1ee9 Nh\u1eadt B\u1ea3n (Made in Japan) Th\u00e0nh ph\u1ea7n Nh\u1ef1a Polypropylene (PP) cao<\/p>","protected":false},"featured_media":44192,"comment_status":"open","ping_status":"closed","template":"","meta":[],"product_brand":[],"product_cat":[393,397,675],"product_tag":[],"class_list":{"0":"post-44191","1":"product","2":"type-product","3":"status-publish","4":"has-post-thumbnail","6":"product_cat-bep-phong-an","7":"product_cat-hang-me-be-do-choi","8":"product_cat-nhap-khau-nhat-ban","10":"first","11":"instock","12":"sale","13":"shipping-taxable","14":"purchasable","15":"product-type-simple"},"_links":{"self":[{"href":"https:\/\/havamall.vn\/en\/wp-json\/wp\/v2\/product\/44191"}],"collection":[{"href":"https:\/\/havamall.vn\/en\/wp-json\/wp\/v2\/product"}],"about":[{"href":"https:\/\/havamall.vn\/en\/wp-json\/wp\/v2\/types\/product"}],"replies":[{"embeddable":true,"href":"https:\/\/havamall.vn\/en\/wp-json\/wp\/v2\/comments?post=44191"}],"version-history":[{"count":0,"href":"https:\/\/havamall.vn\/en\/wp-json\/wp\/v2\/product\/44191\/revisions"}],"wp:featuredmedia":[{"embeddable":true,"href":"https:\/\/havamall.vn\/en\/wp-json\/wp\/v2\/media\/44192"}],"wp:attachment":[{"href":"https:\/\/havamall.vn\/en\/wp-json\/wp\/v2\/media?parent=44191"}],"wp:term":[{"taxonomy":"product_brand","embeddable":true,"href":"https:\/\/havamall.vn\/en\/wp-json\/wp\/v2\/product_brand?post=44191"},{"taxonomy":"product_cat","embeddable":true,"href":"https:\/\/havamall.vn\/en\/wp-json\/wp\/v2\/product_cat?post=44191"},{"taxonomy":"product_tag","embeddable":true,"href":"https:\/\/havamall.vn\/en\/wp-json\/wp\/v2\/product_tag?post=44191"}],"curies":[{"name":"wp","href":"https:\/\/api.w.org\/{rel}","templated":true}]}}