{"id":44184,"date":"2026-01-26T13:37:45","date_gmt":"2026-01-26T06:37:45","guid":{"rendered":"https:\/\/havamall.vn\/?post_type=product&#038;p=44184"},"modified":"2026-01-26T13:37:45","modified_gmt":"2026-01-26T06:37:45","slug":"nuoc-dua-xiem-nguyen-chat-cocoxim-1l-cocoxim-coconut-water-original","status":"publish","type":"product","link":"https:\/\/havamall.vn\/en\/shop\/nuoc-dua-xiem-nguyen-chat-cocoxim-1l-cocoxim-coconut-water-original\/","title":{"rendered":"N\u01b0\u1edbc D\u1eeba Xi\u00eam Nguy\u00ean Ch\u1ea5t Cocoxim 1L \u2013 Cocoxim Coconut Water Original"},"content":{"rendered":"<h3 data-path-to-node=\"4\">TH\u00d4NG TIN S\u1ea2N PH\u1ea8M<\/h3>\n<div class=\"horizontal-scroll-wrapper\">\n<div class=\"table-block-component\">\n<div class=\"table-block has-export-button new-table-style\">\n<div class=\"table-content not-end-of-paragraph\" data-hveid=\"0\" data-ved=\"0CAAQ3ecQahgKEwi03JvchaiSAxUAAAAAHQAAAAAQjQE\">\n<table style=\"width: 66.2708%;height: 165px\" data-path-to-node=\"5\">\n<tbody>\n<tr>\n<td><span data-path-to-node=\"5,1,0,0\"><b data-path-to-node=\"5,1,0,0\" data-index-in-node=\"0\">Th\u01b0\u01a1ng hi\u1ec7u<\/b><\/span><\/td>\n<td><span data-path-to-node=\"5,1,1,0\">Cocoxim<\/span><\/td>\n<\/tr>\n<tr>\n<td><span data-path-to-node=\"5,2,0,0\"><b data-path-to-node=\"5,2,0,0\" data-index-in-node=\"0\">Xu\u1ea5t x\u1ee9<\/b><\/span><\/td>\n<td><span data-path-to-node=\"5,2,1,0\">Vi\u1ec7t Nam<\/span><\/td>\n<\/tr>\n<tr>\n<td><span data-path-to-node=\"5,3,0,0\"><b data-path-to-node=\"5,3,0,0\" data-index-in-node=\"0\">Th\u00e0nh ph\u1ea7n<\/b><\/span><\/td>\n<td><span data-path-to-node=\"5,3,1,0\">100% n\u01b0\u1edbc d\u1eeba nguy\u00ean ch\u1ea5t.<\/span><\/td>\n<\/tr>\n<tr>\n<td><span data-path-to-node=\"5,4,0,0\"><b data-path-to-node=\"5,4,0,0\" data-index-in-node=\"0\">H\u1ea1n s\u1eed d\u1ee5ng<\/b><\/span><\/td>\n<td><span data-path-to-node=\"5,4,1,0\">12 th\u00e1ng k\u1ec3 t\u1eeb ng\u00e0y s\u1ea3n xu\u1ea5t.<\/span><\/td>\n<\/tr>\n<tr>\n<td><span data-path-to-node=\"5,5,0,0\"><b data-path-to-node=\"5,5,0,0\" data-index-in-node=\"0\">B\u1ea3o qu\u1ea3n<\/b><\/span><\/td>\n<td><span data-path-to-node=\"5,5,1,0\">B\u1ea3o qu\u1ea3n n\u01a1i kh\u00f4 r\u00e1o, tho\u00e1ng m\u00e1t. Sau khi m\u1edf n\u1eafp, c\u1ea7n b\u1ea3o qu\u1ea3n l\u1ea1nh v\u00e0 d\u00f9ng h\u1ebft trong v\u00f2ng 24 gi\u1edd.<\/span><\/td>\n<\/tr>\n<tr>\n<td><span data-path-to-node=\"5,6,0,0\"><b data-path-to-node=\"5,6,0,0\" data-index-in-node=\"0\">Th\u1ec3 t\u00edch<\/b><\/span><\/td>\n<td><span data-path-to-node=\"5,6,1,0\">1L<\/span><\/td>\n<\/tr>\n<\/tbody>\n<\/table>\n<p>N\u01b0\u1edbc d\u1eeba xi\u00eam nguy\u00ean ch\u1ea5t Cocoxim ra \u0111\u1eddi v\u1edbi t\u00e2m th\u1ebf g\u00ecn gi\u1eef v\u1eb9n nguy\u00ean nh\u1eefng g\u00ec thu\u1ea7n khi\u1ebft nh\u1ea5t t\u1eeb thi\u00ean nhi\u00ean. Thay v\u00ec ph\u1ea3i tr\u00e8o h\u00e1i v\u00e0 ch\u1eb7t v\u1ecf th\u1ee7 c\u00f4ng, gi\u1edd \u0111\u00e2y tinh hoa c\u1ee7a nh\u1eefng tr\u00e1i d\u1eeba t\u01b0\u01a1i ngon nh\u1ea5t \u0111\u01b0\u1ee3c g\u00f3i tr\u1ecdn trong h\u1ed9p gi\u1ea5y ti\u1ec7n l\u1ee3i nh\u1edd c\u00f4ng ngh\u1ec7 s\u1ea3n xu\u1ea5t hi\u1ec7n \u0111\u1ea1i. \u0110\u00e2y l\u00e0 s\u1ef1 k\u1ebft n\u1ed1i k\u1ef3 di\u1ec7u gi\u1eefa gi\u00e1 tr\u1ecb truy\u1ec1n th\u1ed1ng v\u00e0 nh\u1ecbp s\u1ed1ng hi\u1ec7n \u0111\u1ea1i, mang d\u00f2ng n\u01b0\u1edbc m\u00e1t t\u1eeb nh\u1eefng c\u00e1nh \u0111\u1ed3ng xanh ng\u00e1t \u0111\u1ebfn t\u1eadn tay ng\u01b0\u1eddi ti\u00eau d\u00f9ng m\u1ed9t c\u00e1ch tr\u1ecdn v\u1eb9n v\u00e0 an to\u00e0n nh\u1ea5t.<\/p>\n<p><img fetchpriority=\"high\" decoding=\"async\" class=\"aligncenter wp-image-44517\" src=\"https:\/\/havamall.com\/wp-content\/uploads\/2026\/01\/cocoxim-main.webp\" alt=\"\" width=\"800\" height=\"350\" \/><\/p>\n<p data-path-to-node=\"11\">\u0110i\u1ec3m kh\u00e1c bi\u1ec7t l\u1edbn nh\u1ea5t t\u1ea1o n\u00ean gi\u00e1 tr\u1ecb c\u1ee7a d\u00f2ng n\u01b0\u1edbc d\u1eeba n\u00e0y ch\u00ednh l\u00e0 s\u1ef1 &#8220;nguy\u00ean b\u1ea3n&#8221;. Kh\u00f4ng c\u00f3 s\u1ef1 can thi\u1ec7p c\u1ee7a \u0111\u01b0\u1eddng h\u00f3a h\u1ecdc, kh\u00f4ng ch\u1ea5t b\u1ea3o qu\u1ea3n v\u00e0 c\u0169ng kh\u00f4ng d\u00f9ng h\u01b0\u01a1ng li\u1ec7u nh\u00e2n t\u1ea1o, m\u1ed7i ng\u1ee5m n\u01b0\u1edbc d\u1eeba Cocoxim \u0111\u1ec1u mang v\u1ecb ng\u1ecdt d\u1ecbu nh\u1eb9, thanh m\u00e1t t\u1ef1 nhi\u00ean nh\u01b0 v\u1eeba \u0111\u01b0\u1ee3c r\u00f3t ra t\u1eeb tr\u00e1i d\u1eeba t\u01b0\u01a1i v\u1eeba m\u1edbi h\u00e1i xu\u1ed1ng.<\/p>\n<p data-path-to-node=\"12\">\u0110\u1ec3 \u0111\u1ea1t \u0111\u01b0\u1ee3c \u0111\u1ed9 t\u01b0\u01a1i ngon \u1ea5y, quy tr\u00ecnh thu ho\u1ea1ch v\u00e0 \u0111\u00f3ng g\u00f3i \u0111\u01b0\u1ee3c di\u1ec5n ra trong m\u1ed9t v\u00f2ng kh\u00e9p k\u00edn c\u1ef1c k\u1ef3 nhanh ch\u00f3ng. C\u00f4ng ngh\u1ec7 ti\u1ec7t tr\u00f9ng UHT gi\u00fap lo\u1ea1i b\u1ecf c\u00e1c vi khu\u1ea9n c\u00f3 h\u1ea1i nh\u01b0ng v\u1eabn b\u1ea3o to\u00e0n \u0111\u01b0\u1ee3c c\u1ea5u tr\u00fac dinh d\u01b0\u1ee1ng v\u00e0 h\u01b0\u01a1ng v\u1ecb \u0111\u1eb7c tr\u01b0ng c\u1ee7a n\u01b0\u1edbc d\u1eeba.<\/p>\n<p data-path-to-node=\"12\"><img decoding=\"async\" class=\"aligncenter\" src=\"https:\/\/havamall.com\/wp-content\/uploads\/2026\/01\/Footer-forsidebillede-cocoxim-4.jpg\" width=\"802\" height=\"802\" \/><\/p>\n<p data-path-to-node=\"14\">V\u1edbi dung t\u00edch 1L ti\u1ebft ki\u1ec7m, n\u01b0\u1edbc d\u1eeba nguy\u00ean ch\u1ea5t kh\u00f4ng ch\u1ec9 d\u1eebng l\u1ea1i l\u00e0 m\u1ed9t th\u1ee9c u\u1ed1ng gi\u1ea3i kh\u00e1t th\u00f4ng th\u01b0\u1eddng m\u00e0 c\u00f2n tr\u1edf th\u00e0nh nguy\u00ean li\u1ec7u &#8220;v\u00e0ng&#8221; trong c\u0103n b\u1ebfp hi\u1ec7n \u0111\u1ea1i:<\/p>\n<p data-path-to-node=\"14\">\u2013\u00a0<b data-path-to-node=\"15\" data-index-in-node=\"239\">B\u00ed quy\u1ebft cho nh\u1eefng m\u00f3n \u0103n ngon:<\/b>\u00a0Trong \u1ea9m th\u1ef1c Vi\u1ec7t, n\u01b0\u1edbc d\u1eeba ch\u00ednh l\u00e0 &#8220;v\u0169 kh\u00ed b\u00ed m\u1eadt&#8221; \u0111\u1ec3 t\u1ea1o n\u00ean v\u1ecb ng\u1ecdt thanh cho c\u00e1c m\u00f3n kho nh\u01b0 th\u1ecbt kho h\u1ed9t v\u1ecbt, c\u00e1 kho hay c\u00e1c m\u00f3n l\u1ea9u. Thay v\u00ec d\u00f9ng \u0111\u01b0\u1eddng, vi\u1ec7c s\u1eed d\u1ee5ng n\u01b0\u1edbc d\u1eeba gi\u00fap m\u00f3n \u0103n c\u00f3 m\u00e0u s\u1eafc \u00f3ng \u1ea3 v\u00e0 h\u1eadu v\u1ecb \u0111\u1eadm \u0111\u00e0, tinh t\u1ebf h\u01a1n.<\/p>\n<p data-path-to-node=\"14\">\u2013\u00a0<b data-path-to-node=\"15\" data-index-in-node=\"516\">S\u00e1ng t\u1ea1o trong pha ch\u1ebf:<\/b>\u00a0B\u1ea1n ho\u00e0n to\u00e0n c\u00f3 th\u1ec3 bi\u1ebfn t\u1ea5u n\u01b0\u1edbc d\u1eeba th\u00e0nh c\u00e1c lo\u1ea1i sinh t\u1ed1, n\u01b0\u1edbc \u00e9p tr\u00e1i c\u00e2y ho\u1eb7c h\u00f2a quy\u1ec7n c\u00f9ng c\u00e0 ph\u00ea \u0111\u1ec3 t\u1ea1o n\u00ean nh\u1eefng th\u1ee9c u\u1ed1ng hi\u1ec7n \u0111\u1ea1i, gi\u00e0u c\u1ea3m h\u1ee9ng m\u00e0 v\u1eabn gi\u1eef \u0111\u01b0\u1ee3c s\u1ef1 thu\u1ea7n khi\u1ebft t\u1eeb thi\u00ean nhi\u00ean.<\/p>\n<p data-path-to-node=\"14\">\u2013\u00a0<b data-path-to-node=\"15\" data-index-in-node=\"747\">Thanh l\u1ecdc c\u01a1 th\u1ec3 nh\u1eb9 nh\u00e0ng:<\/b>\u00a0S\u1eed d\u1ee5ng n\u01b0\u1edbc d\u1eeba h\u1eb1ng ng\u00e0y l\u00e0 c\u00e1ch \u0111\u01a1n gi\u1ea3n \u0111\u1ec3 ch\u0103m s\u00f3c l\u00e0n da t\u1eeb b\u00ean trong, gi\u00fap c\u1ea5p \u1ea9m t\u1ef1 nhi\u00ean v\u00e0 mang l\u1ea1i v\u1ebb r\u1ea1ng r\u1ee1, t\u01b0\u01a1i tr\u1ebb.<\/p>\n<p data-path-to-node=\"14\"><img decoding=\"async\" class=\"aligncenter wp-image-44520\" src=\"https:\/\/havamall.com\/wp-content\/uploads\/2026\/01\/277753499_3117845905143747_7968239670777198824_n-2022-08-19-13-09.jpg\" alt=\"\" width=\"790\" height=\"1053\" \/><\/p>\n<p data-path-to-node=\"14\">N\u01b0\u1edbc d\u1eeba \u0111\u01b0\u1ee3c c\u00e1c chuy\u00ean gia dinh d\u01b0\u1ee1ng v\u00ed nh\u01b0 &#8220;n\u01b0\u1edbc kho\u00e1ng th\u1ef1c v\u1eadt&#8221; b\u1edfi n\u00f3 ch\u1ee9a r\u1ea5t \u00edt calo v\u00e0 ho\u00e0n to\u00e0n kh\u00f4ng c\u00f3 ch\u1ea5t b\u00e9o. \u0110\u00e2y l\u00e0 ngu\u1ed3n cung c\u1ea5p d\u1ed3i d\u00e0o c\u00e1c vitamin nh\u00f3m B v\u00e0 vitamin C, gi\u00fap t\u0103ng c\u01b0\u1eddng h\u1ec7 mi\u1ec5n d\u1ecbch v\u00e0 h\u1ed7 tr\u1ee3 h\u1ec7 ti\u00eau h\u00f3a ho\u1ea1t \u0111\u1ed9ng hi\u1ec7u qu\u1ea3.\u00a0S\u1ea3n ph\u1ea9m N\u01b0\u1edbc D\u1eeba Xi\u00eam Nguy\u00ean Ch\u1ea5t Cocoxim 1L hi\u1ec7n \u0111ang \u0111\u01b0\u1ee3c b\u00e1n t\u1ea1i Havamall.<\/p>\n<\/div>\n<\/div>\n<\/div>\n<\/div>","protected":false},"excerpt":{"rendered":"<p>TH\u00d4NG TIN S\u1ea2N PH\u1ea8M Th\u01b0\u01a1ng hi\u1ec7u Cocoxim Xu\u1ea5t x\u1ee9 Vi\u1ec7t Nam Th\u00e0nh ph\u1ea7n 100% n\u01b0\u1edbc d\u1eeba nguy\u00ean ch\u1ea5t. H\u1ea1n s\u1eed<\/p>","protected":false},"featured_media":44185,"comment_status":"open","ping_status":"closed","template":"","meta":[],"product_brand":[],"product_cat":[677,496,135],"product_tag":[],"class_list":{"0":"post-44184","1":"product","2":"type-product","3":"status-publish","4":"has-post-thumbnail","6":"product_cat-cac-nuoc-khac","7":"product_cat-thuc-pham-thuan-chay","8":"product_cat-sua-do-uong","10":"first","11":"instock","12":"sale","13":"shipping-taxable","14":"purchasable","15":"product-type-simple"},"_links":{"self":[{"href":"https:\/\/havamall.vn\/en\/wp-json\/wp\/v2\/product\/44184"}],"collection":[{"href":"https:\/\/havamall.vn\/en\/wp-json\/wp\/v2\/product"}],"about":[{"href":"https:\/\/havamall.vn\/en\/wp-json\/wp\/v2\/types\/product"}],"replies":[{"embeddable":true,"href":"https:\/\/havamall.vn\/en\/wp-json\/wp\/v2\/comments?post=44184"}],"version-history":[{"count":0,"href":"https:\/\/havamall.vn\/en\/wp-json\/wp\/v2\/product\/44184\/revisions"}],"wp:featuredmedia":[{"embeddable":true,"href":"https:\/\/havamall.vn\/en\/wp-json\/wp\/v2\/media\/44185"}],"wp:attachment":[{"href":"https:\/\/havamall.vn\/en\/wp-json\/wp\/v2\/media?parent=44184"}],"wp:term":[{"taxonomy":"product_brand","embeddable":true,"href":"https:\/\/havamall.vn\/en\/wp-json\/wp\/v2\/product_brand?post=44184"},{"taxonomy":"product_cat","embeddable":true,"href":"https:\/\/havamall.vn\/en\/wp-json\/wp\/v2\/product_cat?post=44184"},{"taxonomy":"product_tag","embeddable":true,"href":"https:\/\/havamall.vn\/en\/wp-json\/wp\/v2\/product_tag?post=44184"}],"curies":[{"name":"wp","href":"https:\/\/api.w.org\/{rel}","templated":true}]}}