{"id":44180,"date":"2026-01-26T11:04:30","date_gmt":"2026-01-26T04:04:30","guid":{"rendered":"https:\/\/havamall.vn\/?post_type=product&#038;p=44180"},"modified":"2026-01-26T11:04:31","modified_gmt":"2026-01-26T04:04:31","slug":"sot-nam-viet-quat-oregon-trail-396g-oregon-trail-cranberry-sauce-with-whole-berries","status":"publish","type":"product","link":"https:\/\/havamall.vn\/en\/shop\/sot-nam-viet-quat-oregon-trail-396g-oregon-trail-cranberry-sauce-with-whole-berries\/","title":{"rendered":"S\u1ed1t Nam Vi\u1ec7t Qu\u1ea5t Oregon Trail 396g \u2013 Oregon Trail Cranberry Sauce With Whole Berries"},"content":{"rendered":"<h3 data-path-to-node=\"4\">TH\u00d4NG TIN S\u1ea2N PH\u1ea8M<\/h3>\n<div class=\"horizontal-scroll-wrapper\">\n<div class=\"table-block-component\">\n<div class=\"table-block has-export-button new-table-style\">\n<div class=\"table-content not-end-of-paragraph\" data-hveid=\"0\" data-ved=\"0CAAQ3ecQahcKEwi03JvchaiSAxUAAAAAHQAAAAAQVA\">\n<table style=\"width: 60.0367%;height: 157px\" data-path-to-node=\"5\">\n<tbody>\n<tr>\n<td><span data-path-to-node=\"5,1,0,0\"><b data-path-to-node=\"5,1,0,0\" data-index-in-node=\"0\">Th\u01b0\u01a1ng hi\u1ec7u<\/b><\/span><\/td>\n<td><span data-path-to-node=\"5,1,1,0\">Oregon Trail<\/span><\/td>\n<\/tr>\n<tr>\n<td><span data-path-to-node=\"5,2,0,0\"><b data-path-to-node=\"5,2,0,0\" data-index-in-node=\"0\">Xu\u1ea5t x\u1ee9<\/b><\/span><\/td>\n<td><span data-path-to-node=\"5,2,1,0\">M\u1ef9 (USA)<\/span><\/td>\n<\/tr>\n<tr>\n<td><span data-path-to-node=\"5,3,0,0\"><b data-path-to-node=\"5,3,0,0\" data-index-in-node=\"0\">Th\u00e0nh ph\u1ea7n<\/b><\/span><\/td>\n<td><span data-path-to-node=\"5,3,1,0\">Nam vi\u1ec7t qu\u1ea5t nguy\u00ean tr\u00e1i, siro ng\u00f4, n\u01b0\u1edbc, siro ng\u00f4 h\u00e0m l\u01b0\u1ee3ng \u0111\u01b0\u1eddng cao.<\/span><\/td>\n<\/tr>\n<tr>\n<td><span data-path-to-node=\"5,4,0,0\"><b data-path-to-node=\"5,4,0,0\" data-index-in-node=\"0\">H\u1ea1n s\u1eed d\u1ee5ng<\/b><\/span><\/td>\n<td><span data-path-to-node=\"5,4,1,0\">24 th\u00e1ng k\u1ec3 t\u1eeb ng\u00e0y s\u1ea3n xu\u1ea5t<\/span><\/td>\n<\/tr>\n<tr>\n<td><span data-path-to-node=\"5,5,0,0\"><b data-path-to-node=\"5,5,0,0\" data-index-in-node=\"0\">B\u1ea3o qu\u1ea3n<\/b><\/span><\/td>\n<td><span data-path-to-node=\"5,5,1,0\">N\u01a1i kh\u00f4 r\u00e1o, tho\u00e1ng m\u00e1t. Sau khi m\u1edf n\u1eafp, b\u1ea3o qu\u1ea3n trong ng\u0103n m\u00e1t t\u1ee7 l\u1ea1nh.<\/span><\/td>\n<\/tr>\n<tr>\n<td><span data-path-to-node=\"5,6,0,0\"><b data-path-to-node=\"5,6,0,0\" data-index-in-node=\"0\">Kh\u1ed1i l\u01b0\u1ee3ng<\/b><\/span><\/td>\n<td><span data-path-to-node=\"5,6,1,0\">396g<\/span><\/td>\n<\/tr>\n<\/tbody>\n<\/table>\n<p data-path-to-node=\"8\">Kh\u00f4ng gi\u1ed1ng nh\u01b0 nh\u1eefng lo\u1ea1i qu\u1ea3 m\u1ecdng kh\u00e1c th\u01b0\u1eddng \u0111\u01b0\u1ee3c th\u01b0\u1edfng th\u1ee9c tr\u1ef1c ti\u1ebfp v\u00ec \u0111\u1ed9 ng\u1ecdt, Nam vi\u1ec7t qu\u1ea5t mang trong m\u00ecnh m\u1ed9t v\u1ecb chua thanh tao v\u00e0 s\u1eafc s\u1ea3o, m\u1ed9t c\u00e1 t\u00ednh m\u1ea1nh m\u1ebd \u0111\u1ebfn m\u1ee9c ng\u01b0\u1eddi ta ph\u1ea3i t\u00ecm c\u00e1ch &#8220;thu\u1ea7n h\u00f3a&#8221; n\u00f3 b\u1eb1ng nh\u1eefng c\u00f4ng th\u1ee9c n\u1ea5u s\u1ed1t t\u1ec9 m\u1ec9. T\u1eeb nh\u1eefng \u0111\u1ea7m l\u1ea7y tr\u1ea3i d\u00e0i t\u1ea1i Oregon, lo\u1ea1i qu\u1ea3 n\u00e0y \u0111\u00e3 \u0111i v\u00e0o \u0111\u1eddi s\u1ed1ng c\u1ee7a ng\u01b0\u1eddi d\u00e2n b\u1ea3n \u0111\u1ecba nh\u01b0 m\u1ed9t bi\u1ec3u t\u01b0\u1ee3ng c\u1ee7a s\u1ef1 d\u1ebbo dai v\u00e0 l\u00f2ng hi\u1ebfu kh\u00e1ch, \u0111\u1ec3 r\u1ed3i tr\u1edf th\u00e0nh m\u1ed9t ph\u1ea7n di s\u1ea3n \u1ea9m th\u1ef1c kh\u00f4ng th\u1ec3 t\u00e1ch r\u1eddi c\u1ee7a v\u00f9ng \u0111\u1ea5t n\u00e0y.<\/p>\n<p data-path-to-node=\"8\"><img fetchpriority=\"high\" decoding=\"async\" class=\"aligncenter  wp-image-44502\" src=\"https:\/\/havamall.com\/wp-content\/uploads\/2026\/01\/two-hour-christmas-menu-bd7f6c5-scaled.jpg\" alt=\"\" width=\"801\" height=\"801\" \/><\/p>\n<p data-path-to-node=\"9\">S\u1ed1t Nam vi\u1ec7t qu\u1ea5t nguy\u00ean tr\u00e1i Oregon Trail ra \u0111\u1eddi t\u1eeb ch\u00ednh s\u1ef1 tr\u00e2n tr\u1ecdng nh\u1eefng gi\u00e1 tr\u1ecb truy\u1ec1n th\u1ed1ng \u0111\u00f3. Kh\u00e1c v\u1edbi nh\u1eefng lo\u1ea1i s\u1ed1t d\u1ea1ng m\u1ee9t nhuy\u1ec5n th\u00f4ng th\u01b0\u1eddng, d\u00f2ng s\u1ea3n ph\u1ea9m n\u00e0y gi\u1eef tr\u1ecdn v\u1eb9n h\u00ecnh th\u00e1i c\u1ee7a nh\u1eefng qu\u1ea3 m\u1ecdng tr\u00f2n tr\u1ecba, c\u0103ng b\u00f3ng. M\u1ed7i qu\u1ea3 Nam vi\u1ec7t qu\u1ea5t khi \u0111\u01b0\u1ee3c n\u1ea5u ch\u1eadm trong siro ng\u00f4 s\u1ebd t\u1ef1 t\u00e1ch nh\u1eb9 l\u1edbp v\u1ecf, gi\u1ea3i ph\u00f3ng v\u1ecb chua \u0111\u1eb7c tr\u01b0ng \u0111\u1ec3 h\u00f2a quy\u1ec7n v\u00e0o c\u1ea5u tr\u00fac s\u00e1nh \u0111\u1eb7c, t\u1ea1o n\u00ean m\u1ed9t s\u1ef1 t\u01b0\u01a1ng ph\u1ea3n \u0111\u1ea7y th\u00fa v\u1ecb gi\u1eefa v\u1ecb ng\u1ecdt d\u1ecbu c\u1ee7a s\u1ed1t v\u00e0 c\u00e1i ch\u1ea1m nh\u1eb9 t\u00ea t\u00e1i \u0111\u1ea7y k\u00edch th\u00edch t\u1eeb th\u1ecbt qu\u1ea3.<\/p>\n<p data-path-to-node=\"9\"><img decoding=\"async\" class=\"aligncenter  wp-image-44500\" src=\"https:\/\/havamall.com\/wp-content\/uploads\/2026\/01\/Cranberry-Sauce-17.jpg\" alt=\"\" width=\"801\" height=\"801\" \/><\/p>\n<p data-path-to-node=\"11\">K\u1ebft c\u1ea5u \u0111a t\u1ea7ng \u0111\u01b0\u1ee3c c\u1ea3m nh\u1eadn qua l\u1edbp s\u1ed1t m\u1ecbn m\u00e0ng bao ph\u1ee7 l\u1ea5y \u0111\u1ea7u l\u01b0\u1ee1i, theo sau \u0111\u00f3 l\u00e0 c\u1ea3m gi\u00e1c gi\u00f2n nh\u1eb9 v\u00e0 m\u1ecdng n\u01b0\u1edbc khi nh\u1eefng qu\u1ea3 Nam vi\u1ec7t qu\u1ea5t nguy\u00ean v\u1eb9n tan ra. M\u00e0u \u0111\u1ecf th\u1eabm t\u1ef1 l\u1eddi kh\u1eb3ng \u0111\u1ecbnh v\u1ec1 \u0111\u1ed9 t\u01b0\u01a1i ngon, kh\u00f4ng c\u1ea7n \u0111\u1ebfn s\u1ef1 can thi\u1ec7p c\u1ee7a ph\u1ea9m m\u00e0u nh\u00e2n t\u1ea1o.<\/p>\n<p data-path-to-node=\"12\">V\u1ecb chua c\u1ee7a Nam vi\u1ec7t qu\u1ea5t \u0111\u00f3ng vai tr\u00f2 gi\u00fap c\u00e2n b\u1eb1ng l\u1ea1i \u0111\u1ed9 b\u00e9o ng\u1eady c\u1ee7a c\u00e1c lo\u1ea1i th\u1ecbt v\u00e0 l\u00e0m b\u1eebng s\u00e1ng h\u01b0\u01a1ng v\u1ecb c\u1ee7a nh\u1eefng m\u00f3n n\u01b0\u1edbng. Ch\u00ednh s\u1ef1 c\u00e2n b\u1eb1ng tinh t\u1ebf gi\u1eefa chua v\u00e0 ng\u1ecdt \u0111\u00e3 bi\u1ebfn Oregon Trail Cranberry Sauce tr\u1edf th\u00e0nh m\u1ed9t nguy\u00ean li\u1ec7u \u0111a n\u0103ng, v\u01b0\u1ee3t xa kh\u1ecfi gi\u1edbi h\u1ea1n c\u1ee7a nh\u1eefng b\u1eefa ti\u1ec7c truy\u1ec1n th\u1ed1ng \u0111\u1ec3 len l\u1ecfi v\u00e0o t\u1eebng s\u00e1ng t\u1ea1o \u1ea9m th\u1ef1c h\u00e0ng ng\u00e0y.<\/p>\n<p data-path-to-node=\"12\"><img decoding=\"async\" class=\"aligncenter  wp-image-44503\" src=\"https:\/\/havamall.com\/wp-content\/uploads\/2026\/01\/Cranberry-Brie-Bites-1-735x1103-1.webp\" alt=\"\" width=\"798\" height=\"1198\" \/><\/p>\n<h3 data-path-to-node=\"13\">C\u1ea2M H\u1ee8NG S\u00c1NG T\u1ea0O \u1ea8M TH\u1ef0C<\/h3>\n<p>\u2013\u00a0<b data-path-to-node=\"15\" data-index-in-node=\"2\">S\u1ef1 k\u1ebft h\u1ee3p kinh \u0111i\u1ec3n c\u00f9ng c\u00e1c m\u00f3n th\u1ecbt:<\/b>\u00a0Kh\u00f4ng g\u00ec ho\u00e0n h\u1ea3o h\u01a1n khi d\u00f9ng s\u1ed1t l\u00e0m m\u00f3n ph\u1ee5 \u0103n k\u00e8m v\u1edbi g\u00e0 t\u00e2y, th\u1ecbt l\u1ee3n n\u01b0\u1edbng ho\u1eb7c \u1ee9c v\u1ecbt \u00e1p ch\u1ea3o. V\u1ecb chua \u0111\u1eb7c tr\u01b0ng gi\u00fap l\u00e0m gi\u1ea3m c\u1ea3m gi\u00e1c ng\u1ea5y c\u1ee7a m\u1ee1 \u0111\u1ed9ng v\u1eadt, t\u1ea1o n\u00ean m\u1ed9t h\u1eadu v\u1ecb thanh khi\u1ebft v\u00e0 s\u00e2u l\u1eafng.<\/p>\n<p>\u2013\u00a0<b data-path-to-node=\"15\" data-index-in-node=\"535\">\u0110i\u1ec3m nh\u1ea5n cho b\u1eefa s\u00e1ng dinh d\u01b0\u1ee1ng:<\/b>\u00a0Ch\u1ec9 c\u1ea7n m\u1ed9t mu\u1ed7ng s\u1ed1t tr\u1ed9n c\u00f9ng s\u1eefa chua kh\u00f4ng \u0111\u01b0\u1eddng ho\u1eb7c r\u01b0\u1edbi l\u00ean b\u00e1t ng\u0169 c\u1ed1c bu\u1ed5i s\u00e1ng, b\u1ea1n \u0111\u00e3 c\u00f3 m\u1ed9t b\u1eefa \u0103n kh\u1edfi \u0111\u1ea7u ng\u00e0y m\u1edbi \u0111\u1ea7y h\u1ee9ng kh\u1edfi v\u1edbi \u0111\u1ea7y \u0111\u1ee7 h\u01b0\u01a1ng v\u1ecb.<\/p>\n<p><img loading=\"lazy\" decoding=\"async\" class=\"aligncenter  wp-image-44504\" src=\"https:\/\/havamall.com\/wp-content\/uploads\/2026\/01\/thanksgiving-potato-skins-secondary-654e58fb3635b.jpg\" alt=\"\" width=\"800\" height=\"800\" \/><\/p>\n<p>\u2013\u00a0<b data-path-to-node=\"15\" data-index-in-node=\"253\">N\u00e2ng t\u1ea7m m\u00f3n tr\u00e1ng mi\u1ec7ng v\u00e0 b\u00e1nh ng\u1ecdt:<\/b>\u00a0Nh\u1eefng qu\u1ea3 Nam vi\u1ec7t qu\u1ea5t nguy\u00ean tr\u00e1i l\u00e0 topping tuy\u1ec7t v\u1eddi cho b\u00e1nh ph\u00f4 mai (cheesecake), b\u00e1nh crepe hay l\u00e0m nh\u00e2n cho nh\u1eefng chi\u1ebfc m\u1ea7m b\u00e1nh muffin. S\u1eafc \u0111\u1ecf r\u1ef1c r\u1ee1 v\u00e0 \u0111\u1ed9 s\u00e1nh c\u1ee7a s\u1ed1t gi\u00fap m\u00f3n b\u00e1nh tr\u1edf n\u00ean sang tr\u1ecdng nh\u01b0 t\u1ea1i c\u00e1c nh\u00e0 h\u00e0ng cao c\u1ea5p.<\/p>\n<p>\u2013\u00a0<b data-path-to-node=\"15\" data-index-in-node=\"736\">S\u00e1ng t\u1ea1o trong pha ch\u1ebf:<\/b>\u00a0M\u1ed9t ch\u00fat s\u1ed1t Nam vi\u1ec7t qu\u1ea5t h\u00f2a quy\u1ec7n c\u00f9ng soda ho\u1eb7c d\u00f9ng l\u00e0m n\u1ec1n cho c\u00e1c lo\u1ea1i cocktail s\u1ebd mang l\u1ea1i m\u00e0u s\u1eafc r\u1ef1c r\u1ee1 v\u00e0 v\u1ecb chua ng\u1ecdt s\u1ea3ng kho\u00e1i, xua tan c\u00e1i n\u00f3ng c\u1ee7a nh\u1eefng bu\u1ed5i tr\u01b0a h\u00e8.<\/p>\n<p><img loading=\"lazy\" decoding=\"async\" class=\"aligncenter  wp-image-44505\" src=\"https:\/\/havamall.com\/wp-content\/uploads\/2026\/01\/Cranberry-Bars.jpg\" alt=\"\" width=\"800\" height=\"1036\" \/><\/p>\n<\/div>\n<p data-path-to-node=\"17\">Vi\u1ec7c s\u1eed d\u1ee5ng siro ng\u00f4 thay v\u00ec \u0111\u01b0\u1eddng tinh luy\u1ec7n gi\u00fap s\u1ed1t c\u00f3 \u0111\u1ed9 b\u00f3ng m\u01b0\u1ee3t t\u1ef1 nhi\u00ean v\u00e0 gi\u1eef \u0111\u01b0\u1ee3c h\u00e0m l\u01b0\u1ee3ng Vitamin C c\u0169ng nh\u01b0 c\u00e1c kho\u00e1ng ch\u1ea5t thi\u1ebft y\u1ebfu kh\u00e1c c\u00f3 trong qu\u1ea3 m\u1ecdng.\u00a0S\u1ed1t Nam Vi\u1ec7t Qu\u1ea5t Nguy\u00ean Tr\u00e1i Oregon Trail 396g hi\u1ec7n \u0111ang \u0111\u01b0\u1ee3c ph\u00e2n ph\u1ed1i ch\u00ednh th\u1ee9c t\u1ea1i Havamall.<\/p>\n<\/div>\n<\/div>\n<\/div>","protected":false},"excerpt":{"rendered":"<p>TH\u00d4NG TIN S\u1ea2N PH\u1ea8M Th\u01b0\u01a1ng hi\u1ec7u Oregon Trail Xu\u1ea5t x\u1ee9 M\u1ef9 (USA) Th\u00e0nh ph\u1ea7n Nam vi\u1ec7t qu\u1ea5t nguy\u00ean tr\u00e1i, siro<\/p>","protected":false},"featured_media":44181,"comment_status":"open","ping_status":"closed","template":"","meta":[],"product_brand":[],"product_cat":[669,143],"product_tag":[],"class_list":{"0":"post-44180","1":"product","2":"type-product","3":"status-publish","4":"has-post-thumbnail","6":"product_cat-nhap-khau-my","7":"product_cat-thuc-pham-dong-hop","9":"first","10":"instock","11":"sale","12":"shipping-taxable","13":"purchasable","14":"product-type-simple"},"_links":{"self":[{"href":"https:\/\/havamall.vn\/en\/wp-json\/wp\/v2\/product\/44180"}],"collection":[{"href":"https:\/\/havamall.vn\/en\/wp-json\/wp\/v2\/product"}],"about":[{"href":"https:\/\/havamall.vn\/en\/wp-json\/wp\/v2\/types\/product"}],"replies":[{"embeddable":true,"href":"https:\/\/havamall.vn\/en\/wp-json\/wp\/v2\/comments?post=44180"}],"version-history":[{"count":0,"href":"https:\/\/havamall.vn\/en\/wp-json\/wp\/v2\/product\/44180\/revisions"}],"wp:featuredmedia":[{"embeddable":true,"href":"https:\/\/havamall.vn\/en\/wp-json\/wp\/v2\/media\/44181"}],"wp:attachment":[{"href":"https:\/\/havamall.vn\/en\/wp-json\/wp\/v2\/media?parent=44180"}],"wp:term":[{"taxonomy":"product_brand","embeddable":true,"href":"https:\/\/havamall.vn\/en\/wp-json\/wp\/v2\/product_brand?post=44180"},{"taxonomy":"product_cat","embeddable":true,"href":"https:\/\/havamall.vn\/en\/wp-json\/wp\/v2\/product_cat?post=44180"},{"taxonomy":"product_tag","embeddable":true,"href":"https:\/\/havamall.vn\/en\/wp-json\/wp\/v2\/product_tag?post=44180"}],"curies":[{"name":"wp","href":"https:\/\/api.w.org\/{rel}","templated":true}]}}