{"id":44171,"date":"2026-01-26T09:20:07","date_gmt":"2026-01-26T02:20:07","guid":{"rendered":"https:\/\/havamall.vn\/?post_type=product&#038;p=44171"},"modified":"2026-01-26T09:20:22","modified_gmt":"2026-01-26T02:20:22","slug":"ca-chua-say-kho-ngam-dau-huong-duong-mazza-y-850g-mazza-sundried-tomatoes-in-sunflower-oil","status":"publish","type":"product","link":"https:\/\/havamall.vn\/en\/shop\/ca-chua-say-kho-ngam-dau-huong-duong-mazza-y-850g-mazza-sundried-tomatoes-in-sunflower-oil\/","title":{"rendered":"C\u00e0 Chua S\u1ea5y Kh\u00f4 Ng\u00e2m D\u1ea7u H\u01b0\u1edbng D\u01b0\u01a1ng Mazza \u00dd 850g \u2013 Mazza Sundried Tomatoes In Sunflower Oil"},"content":{"rendered":"<h3 data-path-to-node=\"4\">TH\u00d4NG TIN S\u1ea2N PH\u1ea8M<\/h3>\n<div class=\"horizontal-scroll-wrapper\">\n<div class=\"table-block-component\">\n<div class=\"table-block has-export-button new-table-style\">\n<table data-path-to-node=\"5\">\n<tbody>\n<tr>\n<td><span data-path-to-node=\"5,1,0,0\"><b data-path-to-node=\"5,1,0,0\" data-index-in-node=\"0\">Th\u01b0\u01a1ng hi\u1ec7u<\/b><\/span><\/td>\n<td><span data-path-to-node=\"5,1,1,0\">Mazza<\/span><\/td>\n<\/tr>\n<tr>\n<td><span data-path-to-node=\"5,2,0,0\"><b data-path-to-node=\"5,2,0,0\" data-index-in-node=\"0\">Xu\u1ea5t x\u1ee9<\/b><\/span><\/td>\n<td><span data-path-to-node=\"5,2,1,0\">\u00dd (Italy)<\/span><\/td>\n<\/tr>\n<tr>\n<td><span data-path-to-node=\"5,3,0,0\"><b data-path-to-node=\"5,3,0,0\" data-index-in-node=\"0\">Th\u00e0nh ph\u1ea7n<\/b><\/span><\/td>\n<td><span data-path-to-node=\"5,3,1,0\">C\u00e0 chua s\u1ea5y kh\u00f4, d\u1ea7u h\u01b0\u1edbng d\u01b0\u01a1ng, mu\u1ed1i, gi\u1ea5m, gia v\u1ecb (t\u1ecfi, l\u00e1 kinh gi\u1edbi, n\u1ee5 b\u1ea1ch \u0111\u00e0i), ch\u1ea5t \u0111i\u1ec1u ch\u1ec9nh \u0111\u1ed9 acid, ch\u1ea5t ch\u1ed1ng oxy h\u00f3a.<\/span><\/td>\n<\/tr>\n<tr>\n<td><span data-path-to-node=\"5,4,0,0\"><b data-path-to-node=\"5,4,0,0\" data-index-in-node=\"0\">H\u1ea1n s\u1eed d\u1ee5ng<\/b><\/span><\/td>\n<td><span data-path-to-node=\"5,4,1,0\">36 th\u00e1ng k\u1ec3 t\u1eeb ng\u00e0y s\u1ea3n xu\u1ea5t<\/span><\/td>\n<\/tr>\n<tr>\n<td><span data-path-to-node=\"5,5,0,0\"><b data-path-to-node=\"5,5,0,0\" data-index-in-node=\"0\">B\u1ea3o qu\u1ea3n<\/b><\/span><\/td>\n<td><span data-path-to-node=\"5,5,1,0\">N\u01a1i kh\u00f4 r\u00e1o, tho\u00e1ng m\u00e1t. Sau khi m\u1edf n\u1eafp, b\u1ea3o qu\u1ea3n trong ng\u0103n m\u00e1t t\u1ee7 l\u1ea1nh v\u00e0 s\u1eed d\u1ee5ng s\u1edbm.<\/span><\/td>\n<\/tr>\n<tr>\n<td><span data-path-to-node=\"5,6,0,0\"><b data-path-to-node=\"5,6,0,0\" data-index-in-node=\"0\">Kh\u1ed1i l\u01b0\u1ee3ng<\/b><\/span><\/td>\n<td><span data-path-to-node=\"5,6,1,0\">850g<\/span><\/td>\n<\/tr>\n<\/tbody>\n<\/table>\n<p data-path-to-node=\"8\">Nh\u1eefng tr\u00e1i c\u00e0 chua ch\u00edn m\u1ecdng, \u0111\u1ecf th\u1eabm \u0111\u01b0\u1ee3c h\u00e1i v\u00e0o l\u00fac \u0111\u1ec9nh \u0111i\u1ec3m c\u1ee7a m\u00f9a v\u1ee5, sau \u0111\u00f3 \u0111\u01b0\u1ee3c x\u1ebb l\u00e0m \u0111\u00f4i v\u00e0 ph\u01a1i m\u00ecnh d\u01b0\u1edbi c\u00e1i n\u1eafng gay g\u1eaft tr\u00ean nh\u1eefng m\u00e1i nh\u00e0 b\u1eb1ng g\u1ea1ch nung hay nh\u1eefng t\u1ea5m li\u1ebfp tre. D\u01b0\u1edbi t\u00e1c \u0111\u1ed9ng c\u1ee7a nhi\u1ec7t \u0111\u1ed9 t\u1ef1 nhi\u00ean v\u00e0 nh\u1eefng l\u00e0n gi\u00f3 bi\u1ec3n m\u1eb7n m\u00f2i, l\u01b0\u1ee3ng n\u01b0\u1edbc d\u1ea7n b\u1ed1c h\u01a1i, \u0111\u1ec3 l\u1ea1i nh\u1eefng th\u1edb th\u1ecbt c\u00e0 chua co l\u1ea1i, dai nh\u1eb9 nh\u01b0ng l\u1ea1i mang m\u1ed9t t\u1ea7ng h\u01b0\u01a1ng v\u1ecb n\u1ed3ng n\u00e0n, c\u00f4 \u0111\u1ecdng g\u1ea5p nhi\u1ec1u l\u1ea7n so v\u1edbi l\u00fac ban \u0111\u1ea7u.<\/p>\n<p data-path-to-node=\"8\"><img fetchpriority=\"high\" decoding=\"async\" class=\"aligncenter\" src=\"https:\/\/upload.wikimedia.org\/wikipedia\/commons\/c\/cf\/Sun-dried_tomatoes.jpg\" alt=\"Sun-dried tomato - Wikipedia\" width=\"801\" height=\"609\" \/><\/p>\n<p data-path-to-node=\"9\">Vi\u1ec7c ng\u00e2m nh\u1eefng tr\u00e1i c\u00e0 chua s\u1ea5y kh\u00f4 n\u00e0y v\u00e0o d\u1ea7u h\u01b0\u1edbng d\u01b0\u01a1ng c\u00f9ng c\u00e1c lo\u1ea1i th\u1ea3o m\u1ed9c kh\u00f4ng ch\u1ec9 gi\u00fap b\u1ea3o qu\u1ea3n ch\u00fang kh\u1ecfi s\u1ef1 t\u00e1c \u0111\u1ed9ng c\u1ee7a kh\u00f4ng kh\u00ed, m\u00e0 c\u00f2n l\u00e0 m\u1ed9t qu\u00e1 tr\u00ecnh &#8220;\u1ee7&#8221; h\u01b0\u01a1ng v\u1ecb \u0111\u1ea7y tinh t\u1ebf. L\u1edbp d\u1ea7u m\u01b0\u1ee3t m\u00e0 len l\u1ecfi v\u00e0o t\u1eebng k\u1ebd b\u1ed9t c\u1ee7a c\u00e0 chua, l\u00e0m m\u1ec1m \u0111i c\u00e1i v\u1ebb ngo\u00e0i th\u00f4 r\u00e1p v\u00e0 \u0111\u00e1nh th\u1ee9c nh\u1eefng n\u1ed1t h\u01b0\u01a1ng ti\u1ec1m \u1ea9n c\u1ee7a t\u1ecfi, l\u00e1 kinh gi\u1edbi v\u00e0 n\u1ee5 b\u1ea1ch \u0111\u00e0i.<\/p>\n<p data-path-to-node=\"9\"><img decoding=\"async\" class=\"aligncenter\" src=\"https:\/\/havamall.com\/wp-content\/uploads\/2026\/01\/l-intro-1695049731.jpg\" alt=\"Why You Should Stop Tossing Out The Oil From Your Empty Sun-Dried Tomato Jar\" width=\"805\" height=\"453\" \/><\/p>\n<p data-path-to-node=\"9\">Nh\u1eefng mi\u1ebfng c\u00e0 chua mang s\u1eafc \u0111\u1ecf th\u1eabm sang tr\u1ecdng, V\u1edbi k\u1ebft c\u1ea5u d\u1ebbo dai \u0111\u1eb7c tr\u01b0ng c\u00f9ng kh\u1ea3 n\u0103ng b\u00f9ng n\u1ed5 v\u1ecb chua thanh v\u00e0 ng\u1ecdt h\u1eadu s\u00e2u l\u1eafng, c\u00e0 chua s\u1ea5y kh\u00f4 ng\u00e2m d\u1ea7u \u0111\u00e3 tr\u1edf th\u00e0nh linh h\u1ed3n cho nhi\u1ec1u m\u00f3n \u0103n huy\u1ec1n tho\u1ea1i. S\u1ef1 hi\u1ec7n di\u1ec7n c\u1ee7a n\u00f3 kh\u00f4ng ch\u1ec9 t\u1ea1o n\u00ean m\u00e0u s\u1eafc b\u1eaft m\u1eaft m\u00e0 c\u00f2n mang l\u1ea1i \u0111\u1ed9 s\u00e2u s\u1eafc cho h\u01b0\u01a1ng v\u1ecb m\u00e0 hi\u1ebfm c\u00f3 nguy\u00ean li\u1ec7u n\u00e0o thay th\u1ebf \u0111\u01b0\u1ee3c.<\/p>\n<p data-path-to-node=\"9\">\u2013\u00a0<b data-path-to-node=\"12\" data-index-in-node=\"2\">M\u00f3n khai v\u1ecb Antipasto truy\u1ec1n th\u1ed1ng:<\/b>\u00a0Nh\u1eefng l\u00e1t c\u00e0 chua s\u1ea5y kh\u00f4 \u0111\u1eb7t c\u1ea1nh ph\u00f4 mai Mozzarella m\u1ec1m m\u1ecbn hay th\u1ecbt ngu\u1ed9i Parma. V\u1ecb \u0111\u1eadm \u0111\u00e0 c\u1ee7a c\u00e0 chua khi k\u1ebft h\u1ee3p c\u00f9ng c\u00e1i b\u00e9o ng\u1eady c\u1ee7a ph\u00f4 mai t\u1ea1o n\u00ean m\u1ed9t s\u1ef1 c\u00e2n b\u1eb1ng tuy\u1ec7t v\u1eddi, k\u00edch th\u00edch v\u1ecb gi\u00e1c m\u1ed9t c\u00e1ch m\u1ea1nh m\u1ebd tr\u01b0\u1edbc khi b\u1eaft \u0111\u1ea7u b\u1eefa ch\u00ednh.<\/p>\n<p data-path-to-node=\"9\"><img decoding=\"async\" class=\"aligncenter\" src=\"https:\/\/havamall.com\/wp-content\/uploads\/2026\/01\/antipasto-tray-1_1400x1000.jpg\" alt=\"Antipasto Tray | Catering by Dorothy Lane Market\" width=\"800\" height=\"571\" \/><\/p>\n<p data-path-to-node=\"9\">\u2013\u00a0<b data-path-to-node=\"12\" data-index-in-node=\"314\">S\u1ef1 th\u0103ng hoa c\u00f9ng Pasta v\u00e0 Risotto:<\/b>\u00a0Ch\u1ec9 c\u1ea7n th\u00e1i nh\u1ecf v\u00e0 tr\u1ed9n c\u00f9ng m\u00ec \u1ed1ng n\u00f3ng h\u1ed5i, c\u00e0 chua s\u1ea5y kh\u00f4 s\u1ebd ti\u1ebft ra l\u1edbp tinh d\u1ea7u th\u01a1m n\u1ee9c, quy\u1ec7n h\u00f2a c\u00f9ng t\u1ecfi v\u00e0 d\u1ea7u oliu \u0111\u1ec3 t\u1ea1o th\u00e0nh m\u1ed9t lo\u1ea1i s\u1ed1t t\u1ef1 nhi\u00ean m\u1ed9c m\u1ea1c nh\u01b0ng \u0111\u1eb3ng c\u1ea5p. N\u00f3 bi\u1ebfn nh\u1eefng s\u1ee3i m\u00ec \u0111\u01a1n gi\u1ea3n tr\u1edf n\u00ean gi\u00e0u c\u1ea3m x\u00fac h\u01a1n bao gi\u1edd h\u1ebft.<\/p>\n<p data-path-to-node=\"9\"><img loading=\"lazy\" decoding=\"async\" class=\"aligncenter\" src=\"https:\/\/havamall.com\/wp-content\/uploads\/2026\/01\/risotto-2.jpg\" alt=\"BA\u2019s Best Risotto\" width=\"800\" height=\"800\" \/><\/p>\n<p data-path-to-node=\"9\">\u2013\u00a0<b data-path-to-node=\"12\" data-index-in-node=\"607\">Linh h\u1ed3n c\u1ee7a s\u1ed1t Pesto Rosso:<\/b>\u00a0Kh\u00e1c v\u1edbi m\u00e0u xanh t\u01b0\u01a1i m\u00e1t c\u1ee7a l\u00e1 h\u00fang t\u00e2y truy\u1ec1n th\u1ed1ng, c\u00e0 chua s\u1ea5y kh\u00f4 l\u00e0 th\u00e0nh ph\u1ea7n c\u1ed1t l\u00f5i t\u1ea1o n\u00ean m\u00f3n s\u1ed1t Pesto \u0111\u1ecf r\u1ef1c r\u1ee1. V\u1ecb ng\u1ecdt c\u00f4 \u0111\u1ecdng v\u00e0 h\u01b0\u01a1ng th\u01a1m th\u1ea3o m\u1ed9c trong m\u1ed7i h\u0169 c\u00e0 chua gi\u00fap m\u00f3n s\u1ed1t n\u00e0y c\u00f3 m\u1ed9t h\u1eadu v\u1ecb n\u1ed3ng n\u00e0n, r\u1ea5t ph\u00f9 h\u1ee3p \u0111\u1ec3 ph\u1ebft l\u00ean b\u00e1nh m\u00ec n\u01b0\u1edbng gi\u00f2n ho\u1eb7c d\u00f9ng l\u00e0m gia v\u1ecb \u01b0\u1edbp cho c\u00e1c m\u00f3n g\u00e0.<\/p>\n<p data-path-to-node=\"9\"><img loading=\"lazy\" decoding=\"async\" class=\"aligncenter\" src=\"https:\/\/havamall.com\/wp-content\/uploads\/2026\/01\/DSC_0841.jpg\" alt=\"Easy Sun-Dried Tomato Pesto Recipe - Everyday Healthy Recipes\" width=\"801\" height=\"705\" \/><\/p>\n<p data-path-to-node=\"9\">\u2013\u00a0<b data-path-to-node=\"12\" data-index-in-node=\"952\">\u0110i\u1ec3m nh\u1ea5n cho Salad v\u00e0 c\u00e1c m\u00f3n n\u01b0\u1edbng:<\/b>\u00a0Vi\u1ec7c th\u00eam c\u00e0 chua s\u1ea5y kh\u00f4 v\u00e0o c\u00e1c m\u00f3n salad xanh kh\u00f4ng ch\u1ec9 mang l\u1ea1i s\u1ef1 \u0111\u1ed1i l\u1eadp v\u1ec1 k\u1ebft c\u1ea5u m\u00e0 c\u00f2n t\u1ea1o ra nh\u1eefng &#8220;kho\u1ea3ng ngh\u1ec9&#8221; v\u1ecb gi\u00e1c \u0111\u1ea7y th\u00fa v\u1ecb. Trong c\u00e1c m\u00f3n n\u01b0\u1edbng nh\u01b0 g\u00e0 hay c\u00e1, c\u00e0 chua s\u1ea5y kh\u00f4 gi\u1eef cho th\u1ecbt kh\u00f4ng b\u1ecb kh\u00f4 v\u00e0 mang l\u1ea1i h\u01b0\u01a1ng v\u1ecb \u0110\u1ecba Trung H\u1ea3i \u0111\u1eb7c tr\u01b0ng.<\/p>\n<p data-path-to-node=\"9\"><img loading=\"lazy\" decoding=\"async\" class=\"aligncenter\" src=\"https:\/\/i0.wp.com\/wellandfull.com\/wp-content\/uploads\/2024\/08\/sundriedtomatohummus-7.jpg?fit=2560%2C3584&amp;ssl=1\" alt=\"Sun-Dried Tomato Hummus\" width=\"800\" height=\"1120\" \/><\/p>\n<p data-path-to-node=\"14\">C\u00e0 chua s\u1ea5y kh\u00f4 kh\u00f4ng ch\u1ec9 chinh ph\u1ee5c ng\u01b0\u1eddi d\u00f9ng b\u1edfi h\u01b0\u01a1ng v\u1ecb m\u00e0 c\u00f2n l\u00e0 m\u1ed9t &#8220;si\u00eau th\u1ef1c ph\u1ea9m&#8221; cho s\u1ee9c kh\u1ecfe. Qu\u00e1 tr\u00ecnh s\u1ea5y kh\u00f4 t\u1ef1 nhi\u00ean gi\u00fap c\u00f4 \u0111\u1eb7c h\u00e0m l\u01b0\u1ee3ng Lycopene \u2013 m\u1ed9t ch\u1ea5t ch\u1ed1ng oxy h\u00f3a m\u1ea1nh m\u1ebd c\u00f3 kh\u1ea3 n\u0103ng b\u1ea3o v\u1ec7 tim m\u1ea1ch v\u00e0 ng\u0103n ng\u1eeba l\u00e3o h\u00f3a. B\u00ean c\u1ea1nh \u0111\u00f3, vi\u1ec7c \u0111\u01b0\u1ee3c ng\u00e2m trong d\u1ea7u h\u01b0\u1edbng d\u01b0\u01a1ng gi\u00fap c\u01a1 th\u1ec3 h\u1ea5p th\u1ee5 c\u00e1c vitamin tan trong ch\u1ea5t b\u00e9o nh\u01b0 Vitamin A, E m\u1ed9t c\u00e1ch hi\u1ec7u qu\u1ea3 h\u01a1n. T\u1eebng mi\u1ebfng c\u00e0 chua \u0111\u1ec1u ch\u1ee9a \u0111\u1ef1ng ngu\u1ed3n kali v\u00e0 magie d\u1ed3i d\u00e0o, gi\u00fap c\u00e2n b\u1eb1ng \u0111i\u1ec7n gi\u1ea3i v\u00e0 mang l\u1ea1i n\u0103ng l\u01b0\u1ee3ng t\u00edch c\u1ef1c cho c\u01a1 th\u1ec3.<\/p>\n<p data-path-to-node=\"14\">S\u1ea3n ph\u1ea9m C\u00e0 Chua S\u1ea5y Kh\u00f4 Ng\u00e2m D\u1ea7u H\u01b0\u1edbng D\u01b0\u01a1ng Mazza \u00dd 800g hi\u1ec7n \u0111ang \u0111\u01b0\u1ee3c b\u00e1n t\u1ea1i Havamall.<\/p>\n<\/div>\n<\/div>\n<\/div>","protected":false},"excerpt":{"rendered":"<p>TH\u00d4NG TIN S\u1ea2N PH\u1ea8M Th\u01b0\u01a1ng hi\u1ec7u Mazza Xu\u1ea5t x\u1ee9 \u00dd (Italy) Th\u00e0nh ph\u1ea7n C\u00e0 chua s\u1ea5y kh\u00f4, d\u1ea7u h\u01b0\u1edbng d\u01b0\u01a1ng,<\/p>","protected":false},"featured_media":44172,"comment_status":"open","ping_status":"closed","template":"","meta":[],"product_brand":[],"product_cat":[672,143],"product_tag":[],"class_list":{"0":"post-44171","1":"product","2":"type-product","3":"status-publish","4":"has-post-thumbnail","6":"product_cat-nhap-khau-y","7":"product_cat-thuc-pham-dong-hop","9":"first","10":"instock","11":"sale","12":"shipping-taxable","13":"purchasable","14":"product-type-simple"},"_links":{"self":[{"href":"https:\/\/havamall.vn\/en\/wp-json\/wp\/v2\/product\/44171"}],"collection":[{"href":"https:\/\/havamall.vn\/en\/wp-json\/wp\/v2\/product"}],"about":[{"href":"https:\/\/havamall.vn\/en\/wp-json\/wp\/v2\/types\/product"}],"replies":[{"embeddable":true,"href":"https:\/\/havamall.vn\/en\/wp-json\/wp\/v2\/comments?post=44171"}],"version-history":[{"count":0,"href":"https:\/\/havamall.vn\/en\/wp-json\/wp\/v2\/product\/44171\/revisions"}],"wp:featuredmedia":[{"embeddable":true,"href":"https:\/\/havamall.vn\/en\/wp-json\/wp\/v2\/media\/44172"}],"wp:attachment":[{"href":"https:\/\/havamall.vn\/en\/wp-json\/wp\/v2\/media?parent=44171"}],"wp:term":[{"taxonomy":"product_brand","embeddable":true,"href":"https:\/\/havamall.vn\/en\/wp-json\/wp\/v2\/product_brand?post=44171"},{"taxonomy":"product_cat","embeddable":true,"href":"https:\/\/havamall.vn\/en\/wp-json\/wp\/v2\/product_cat?post=44171"},{"taxonomy":"product_tag","embeddable":true,"href":"https:\/\/havamall.vn\/en\/wp-json\/wp\/v2\/product_tag?post=44171"}],"curies":[{"name":"wp","href":"https:\/\/api.w.org\/{rel}","templated":true}]}}