{"id":44102,"date":"2026-01-13T10:49:35","date_gmt":"2026-01-13T03:49:35","guid":{"rendered":"https:\/\/havamall.vn\/?post_type=product&#038;p=44102"},"modified":"2026-01-13T11:03:09","modified_gmt":"2026-01-13T04:03:09","slug":"siro-huong-la-phong-cho-banh-ngot-hanamaruki-nhat-ban-1325g-cake-syrup-maple-flavor","status":"publish","type":"product","link":"https:\/\/havamall.vn\/en\/shop\/siro-huong-la-phong-cho-banh-ngot-hanamaruki-nhat-ban-1325g-cake-syrup-maple-flavor\/","title":{"rendered":"Siro H\u01b0\u01a1ng L\u00e1 Phong Cho B\u00e1nh Ng\u1ecdt Hanamaruki Nh\u1eadt B\u1ea3n 1325g \u2013 Cake Syrup Maple Flavor"},"content":{"rendered":"<blockquote>\n<h3 data-path-to-node=\"4\"><strong>TH\u00d4NG TIN S\u1ea2N PH\u1ea8M<\/strong><\/h3>\n<\/blockquote>\n<div class=\"horizontal-scroll-wrapper\">\n<div class=\"table-block-component\">\n<div class=\"table-block has-export-button new-table-style\">\n<div class=\"table-content not-end-of-paragraph\" data-hveid=\"0\" data-ved=\"0CAAQ3ecQahgKEwjl6KHE_fiRAxUAAAAAHQAAAAAQ8Qc\">\n<table data-path-to-node=\"5\">\n<tbody>\n<tr>\n<td><span data-path-to-node=\"5,1,0,0\"><b data-path-to-node=\"5,1,0,0\" data-index-in-node=\"0\">Th\u01b0\u01a1ng hi\u1ec7u<\/b><\/span><\/td>\n<td><span data-path-to-node=\"5,1,1,0\">Hanamaruki<\/span><\/td>\n<\/tr>\n<tr>\n<td><span data-path-to-node=\"5,2,0,0\"><b data-path-to-node=\"5,2,0,0\" data-index-in-node=\"0\">Xu\u1ea5t x\u1ee9<\/b><\/span><\/td>\n<td><span data-path-to-node=\"5,2,1,0\">Nh\u1eadt B\u1ea3n<\/span><\/td>\n<\/tr>\n<tr>\n<td><span data-path-to-node=\"5,3,0,0\"><b data-path-to-node=\"5,3,0,0\" data-index-in-node=\"0\">Th\u00e0nh ph\u1ea7n<\/b><\/span><\/td>\n<td><span data-path-to-node=\"5,3,1,0\">\u0110\u01b0\u1eddng l\u1ecfng fructose, \u0111\u01b0\u1eddng, mu\u1ed1i, h\u01b0\u01a1ng li\u1ec7u l\u00e1 phong t\u1ed5ng h\u1ee3p, m\u00e0u caramel (E150a), ch\u1ea5t \u0111i\u1ec1u ch\u1ec9nh \u0111\u1ed9 acid.<\/span><\/td>\n<\/tr>\n<tr>\n<td><span data-path-to-node=\"5,4,0,0\"><b data-path-to-node=\"5,4,0,0\" data-index-in-node=\"0\">H\u1ea1n s\u1eed d\u1ee5ng<\/b><\/span><\/td>\n<td><span data-path-to-node=\"5,4,1,0\">12 th\u00e1ng k\u1ec3 t\u1eeb ng\u00e0y s\u1ea3n xu\u1ea5t (Xem tr\u00ean bao b\u00ec)<\/span><\/td>\n<\/tr>\n<tr>\n<td><span data-path-to-node=\"5,5,0,0\"><b data-path-to-node=\"5,5,0,0\" data-index-in-node=\"0\">B\u1ea3o qu\u1ea3n<\/b><\/span><\/td>\n<td><span data-path-to-node=\"5,5,1,0\">N\u01a1i kh\u00f4 r\u00e1o, tho\u00e1ng m\u00e1t, tr\u00e1nh \u00e1nh n\u1eafng tr\u1ef1c ti\u1ebfp. Sau khi m\u1edf n\u1eafp n\u00ean b\u1ea3o qu\u1ea3n l\u1ea1nh.<\/span><\/td>\n<\/tr>\n<tr>\n<td><span data-path-to-node=\"5,6,0,0\"><b data-path-to-node=\"5,6,0,0\" data-index-in-node=\"0\">Kh\u1ed1i l\u01b0\u1ee3ng<\/b><\/span><\/td>\n<td><span data-path-to-node=\"5,6,1,0\">1325g<\/span><\/td>\n<\/tr>\n<\/tbody>\n<\/table>\n<\/div>\n<\/div>\n<\/div>\n<\/div>\n<div class=\"horizontal-scroll-wrapper\">\n<div class=\"table-block-component\">\n<div class=\"table-block has-export-button new-table-style\">\n<div class=\"table-content not-end-of-paragraph\" data-hveid=\"0\" data-ved=\"0CAAQ3ecQahgKEwjl6KHE_fiRAxUAAAAAHQAAAAAQ8Qc\">\n<p data-path-to-node=\"8\">Trong th\u1ebf gi\u1edbi c\u1ee7a nh\u1eefng t\u00edn \u0111\u1ed3 y\u00eau th\u00edch \u0111\u1ed3 ng\u1ecdt, h\u01b0\u01a1ng v\u1ecb \u0111\u1eb7c tr\u01b0ng c\u1ee7a l\u00e1 phong lu\u00f4n mang \u0111\u1ebfn m\u1ed9t s\u1ee9c h\u00fat kh\u00f3 c\u01b0\u1ee1ng b\u1edfi s\u1ef1 thanh tao v\u00e0 \u1ea5m \u00e1p. Th\u1ea5u hi\u1ec3u \u0111i\u1ec1u \u0111\u00f3, th\u01b0\u01a1ng hi\u1ec7u Hanamaruki \u2013 m\u1ed9t bi\u1ec3u t\u01b0\u1ee3ng l\u00e2u \u0111\u1eddi trong ng\u00e0nh th\u1ef1c ph\u1ea9m Nh\u1eadt B\u1ea3n v\u1edbi l\u1ecbch s\u1eed h\u00ecnh th\u00e0nh t\u1eeb n\u0103m 1918 \u2013 \u0111\u00e3 mang \u0111\u1ebfn d\u00f2ng siro chuy\u00ean d\u1ee5ng cho b\u00e1nh ng\u1ecdt v\u1edbi h\u01b0\u01a1ng v\u1ecb m\u00f4 ph\u1ecfng ho\u00e0n h\u1ea3o nh\u1ef1a c\u00e2y phong t\u1ef1 nhi\u00ean. B\u1eaft \u0111\u1ea7u t\u1eeb m\u1ed9t x\u01b0\u1edfng s\u1ea3n xu\u1ea5t Miso truy\u1ec1n th\u1ed1ng t\u1ea1i t\u1ec9nh Nagano, Hanamaruki \u0111\u00e3 kh\u00f4ng ng\u1eebng c\u1ea3i ti\u1ebfn v\u00e0 m\u1edf r\u1ed9ng danh m\u1ee5c s\u1ea3n ph\u1ea9m \u0111\u1ec3 tr\u1edf th\u00e0nh ng\u01b0\u1eddi b\u1ea1n \u0111\u1ed3ng h\u00e0nh kh\u00f4ng th\u1ec3 thi\u1ebfu trong c\u0103n b\u1ebfp c\u1ee7a c\u00e1c gia \u0111\u00ecnh l\u1eabn nh\u1eefng ti\u1ec7m b\u00e1nh chuy\u00ean nghi\u1ec7p t\u1ea1i x\u1ee9 s\u1edf hoa anh \u0111\u00e0o.<\/p>\n<\/div>\n<\/div>\n<\/div>\n<\/div>\n<blockquote>\n<div class=\"horizontal-scroll-wrapper\">\n<div class=\"table-block-component\">\n<div class=\"table-block has-export-button new-table-style\">\n<div class=\"table-content not-end-of-paragraph\" data-hveid=\"0\" data-ved=\"0CAAQ3ecQahgKEwjl6KHE_fiRAxUAAAAAHQAAAAAQ8Qc\">\n<p data-path-to-node=\"8\"><img fetchpriority=\"high\" decoding=\"async\" class=\"aligncenter\" src=\"https:\/\/havamall.com\/wp-content\/uploads\/2025\/11\/6-pan-cake-16763820419171669639791.webp\" width=\"802\" height=\"602\" \/><\/p>\n<\/div>\n<\/div>\n<\/div>\n<\/div>\n<\/blockquote>\n<div class=\"horizontal-scroll-wrapper\">\n<div class=\"table-block-component\">\n<div class=\"table-block has-export-button new-table-style\">\n<div class=\"table-content not-end-of-paragraph\" data-hveid=\"0\" data-ved=\"0CAAQ3ecQahgKEwjl6KHE_fiRAxUAAAAAHQAAAAAQ8Qc\">\n<p data-path-to-node=\"9\">D\u00f2ng siro h\u01b0\u01a1ng l\u00e1 phong n\u00e0y kh\u00f4ng ch\u1ec9 \u0111\u01a1n thu\u1ea7n l\u00e0 m\u1ed9t lo\u1ea1i gia v\u1ecb t\u1ea1o ng\u1ecdt, m\u00e0 c\u00f2n ch\u1ee9a \u0111\u1ef1ng c\u1ea3 m\u1ed9t t\u01b0 duy \u1ea9m th\u1ef1c tinh t\u1ebf c\u1ee7a ng\u01b0\u1eddi Nh\u1eadt: s\u1ef1 c\u00e2n b\u1eb1ng. Kh\u00e1c v\u1edbi c\u00e1c lo\u1ea1i siro c\u00f4ng nghi\u1ec7p th\u01b0\u1eddng c\u00f3 v\u1ecb ng\u1ecdt g\u1eaft g\u00e2y c\u1ea3m gi\u00e1c nhanh ng\u1ea5y, s\u1ea3n ph\u1ea9m t\u1eeb nh\u00e0 Hanamaruki s\u1edf h\u1eefu \u0111\u1ed9 ng\u1ecdt d\u1ecbu, thanh khi\u1ebft c\u00f9ng c\u1ea5u tr\u00fac l\u1ecfng m\u01b0\u1ee3t m\u00e0, d\u1ec5 d\u00e0ng len l\u1ecfi v\u00e0 th\u1ea5m \u0111\u1eabm v\u00e0o t\u1eebng th\u1edb b\u00e1nh. M\u00e0u n\u00e2u h\u1ed5 ph\u00e1ch \u00f3ng \u00e1nh c\u1ee7a siro khi t\u01b0\u1edbi l\u00ean b\u1ec1 m\u1eb7t m\u00f3n \u0103n kh\u00f4ng ch\u1ec9 k\u00edch th\u00edch th\u1ecb gi\u00e1c m\u00e0 c\u00f2n lan t\u1ecfa h\u01b0\u01a1ng th\u01a1m n\u1ed3ng n\u00e0n, g\u1ee3i nh\u1edb \u0111\u1ebfn nh\u1eefng c\u00e1nh r\u1eebng l\u00e1 phong b\u1ea1t ng\u00e0n trong ti\u1ebft tr\u1eddi thu d\u1ecbu m\u00e1t.<\/p>\n<\/div>\n<\/div>\n<\/div>\n<\/div>\n<blockquote>\n<div class=\"horizontal-scroll-wrapper\">\n<div class=\"table-block-component\">\n<div class=\"table-block has-export-button new-table-style\">\n<div class=\"table-content not-end-of-paragraph\" data-hveid=\"0\" data-ved=\"0CAAQ3ecQahgKEwjl6KHE_fiRAxUAAAAAHQAAAAAQ8Qc\">\n<p data-path-to-node=\"9\"><img decoding=\"async\" class=\"aligncenter\" src=\"https:\/\/havamall.com\/wp-content\/uploads\/2026\/01\/29611_02d.webp\" width=\"801\" height=\"801\" \/><\/p>\n<\/div>\n<\/div>\n<\/div>\n<\/div>\n<\/blockquote>\n<div class=\"horizontal-scroll-wrapper\">\n<div class=\"table-block-component\">\n<div class=\"table-block has-export-button new-table-style\">\n<div class=\"table-content not-end-of-paragraph\" data-hveid=\"0\" data-ved=\"0CAAQ3ecQahgKEwjl6KHE_fiRAxUAAAAAHQAAAAAQ8Qc\">\n<p data-path-to-node=\"11\">V\u1edbi th\u00e0nh ph\u1ea7n ch\u00ednh l\u00e0 \u0111\u01b0\u1eddng l\u1ecfng fructose gi\u00fap c\u01a1 th\u1ec3 h\u1ea5p th\u1ee5 n\u0103ng l\u01b0\u1ee3ng m\u1ed9t c\u00e1ch hi\u1ec7u qu\u1ea3, siro h\u01b0\u01a1ng l\u00e1 phong mang \u0111\u1ebfn s\u1ef1 s\u1ea3ng kho\u00e1i t\u1ee9c th\u00ec khi th\u01b0\u1edfng th\u1ee9c c\u00f9ng c\u00e1c m\u00f3n \u0111i\u1ec3m t\u00e2m s\u00e1ng hay \u0111\u1ed3 \u0103n nh\u1eb9 bu\u1ed5i x\u1ebf chi\u1ec1u.<\/p>\n<\/div>\n<\/div>\n<\/div>\n<\/div>\n<blockquote>\n<div class=\"horizontal-scroll-wrapper\">\n<div class=\"table-block-component\">\n<div class=\"table-block has-export-button new-table-style\">\n<div class=\"table-content not-end-of-paragraph\" data-hveid=\"0\" data-ved=\"0CAAQ3ecQahgKEwjl6KHE_fiRAxUAAAAAHQAAAAAQ8Qc\">\n<p data-path-to-node=\"11\"><img decoding=\"async\" class=\"aligncenter\" src=\"https:\/\/upload.wikimedia.org\/wikipedia\/commons\/3\/3d\/%E3%83%9B%E3%83%83%E3%83%88%E3%82%B1%E3%83%BC%E3%82%AD.jpg\" width=\"801\" height=\"601\" \/><\/p>\n<\/div>\n<\/div>\n<\/div>\n<\/div>\n<\/blockquote>\n<div class=\"horizontal-scroll-wrapper\">\n<div class=\"table-block-component\">\n<div class=\"table-block has-export-button new-table-style\">\n<div class=\"table-content not-end-of-paragraph\" data-hveid=\"0\" data-ved=\"0CAAQ3ecQahgKEwjl6KHE_fiRAxUAAAAAHQAAAAAQ8Qc\">\n<p data-path-to-node=\"12\">Kh\u1ea3 n\u0103ng \u1ee9ng d\u1ee5ng c\u1ee7a d\u00f2ng siro n\u00e0y v\u00f4 c\u00f9ng phong ph\u00fa, bi\u1ebfn nh\u1eefng m\u00f3n \u0103n \u0111\u01a1n gi\u1ea3n nh\u1ea5t tr\u1edf n\u00ean \u0111\u1eb3ng c\u1ea5p v\u00e0 h\u1ea5p d\u1eabn h\u01a1n bao gi\u1edd h\u1ebft:<\/p>\n<\/div>\n<\/div>\n<\/div>\n<\/div>\n<div class=\"horizontal-scroll-wrapper\">\n<div class=\"table-block-component\">\n<div class=\"table-block has-export-button new-table-style\">\n<div class=\"table-content not-end-of-paragraph\" data-hveid=\"0\" data-ved=\"0CAAQ3ecQahgKEwjl6KHE_fiRAxUAAAAAHQAAAAAQ8Qc\">\n<p data-path-to-node=\"13\">\u2013\u00a0<b data-path-to-node=\"13\" data-index-in-node=\"2\">\u0110i\u1ec3m nh\u1ea5n cho c\u00e1c lo\u1ea1i b\u00e1nh truy\u1ec1n th\u1ed1ng:<\/b>\u00a0C\u00e1ch s\u1eed d\u1ee5ng ph\u1ed5 bi\u1ebfn nh\u1ea5t ch\u00ednh l\u00e0 t\u01b0\u1edbi tr\u1ef1c ti\u1ebfp l\u00ean nh\u1eefng chi\u1ebfc b\u00e1nh Hotcake, Pancake hay b\u00e1nh Crepe v\u1eeba ra l\u00f2 c\u00f2n n\u00f3ng h\u1ed5i. S\u1ef1 k\u1ebft h\u1ee3p gi\u1eefa c\u1ed1t b\u00e1nh m\u1ec1m m\u1ecbn, h\u01a1i \u1ea5m c\u1ee7a b\u1ed9t v\u00e0 v\u1ecb ng\u1ecdt th\u01a1m c\u1ee7a siro t\u1ea1o n\u00ean m\u1ed9t b\u1ea3n giao h\u01b0\u1edfng h\u01b0\u01a1ng v\u1ecb kh\u00f3 qu\u00ean.<\/p>\n<p data-path-to-node=\"13\">\u2013\u00a0<b data-path-to-node=\"13\" data-index-in-node=\"294\">Gia v\u1ecb ho\u00e0n h\u1ea3o cho b\u00e1nh n\u01b0\u1edbng:<\/b>\u00a0C\u00e1c \u0111\u1ea7u b\u1ebfp th\u01b0\u1eddng s\u1eed d\u1ee5ng siro \u0111\u1ec3 ph\u1ebft l\u00ean b\u1ec1 m\u1eb7t b\u00e1nh muffin, waffle ho\u1eb7c b\u00e1nh m\u00ec g\u1ed1i n\u01b0\u1edbng \u0111\u1ec3 t\u1ea1o \u0111\u1ed9 b\u00f3ng b\u1ea9y v\u00e0 ng\u0103n ch\u1eb7n s\u1ef1 kh\u00f4 c\u1ee9ng c\u1ee7a v\u1ecf b\u00e1nh.<\/p>\n<p data-path-to-node=\"13\">\u2013\u00a0<b data-path-to-node=\"13\" data-index-in-node=\"479\">S\u00e1ng t\u1ea1o trong pha ch\u1ebf v\u00e0 m\u00f3n tr\u00e1ng mi\u1ec7ng:<\/b>\u00a0Ngo\u00e0i b\u00e1nh ng\u1ecdt, s\u1ea3n ph\u1ea9m c\u00f2n l\u00e0 nguy\u00ean li\u1ec7u tuy\u1ec7t v\u1eddi \u0111\u1ec3 pha tr\u1ed9n v\u00e0o c\u00e1c lo\u1ea1i tr\u00e0 tr\u00e1i c\u00e2y, c\u00e0 ph\u00ea s\u1eefa ho\u1eb7c d\u00f9ng l\u00e0m topping cho kem t\u01b0\u01a1i, s\u1eefa chua v\u00e0 c\u00e1c lo\u1ea1i ng\u0169 c\u1ed1c tr\u00e1i c\u00e2y.<\/p>\n<\/div>\n<\/div>\n<\/div>\n<\/div>\n<div class=\"horizontal-scroll-wrapper\">\n<div class=\"table-block-component\">\n<div class=\"table-block has-export-button new-table-style\">\n<div class=\"table-content not-end-of-paragraph\" data-hveid=\"0\" data-ved=\"0CAAQ3ecQahgKEwjl6KHE_fiRAxUAAAAAHQAAAAAQ8Qc\">\n<p data-path-to-node=\"13\">\u2013\u00a0<b data-path-to-node=\"13\" data-index-in-node=\"704\">B\u00ed quy\u1ebft cho c\u00e1c m\u00f3n m\u1eb7n:<\/b>\u00a0M\u1ed9t ch\u00fat siro h\u01b0\u01a1ng l\u00e1 phong khi t\u1ea9m \u01b0\u1edbp th\u1ecbt n\u01b0\u1edbng ho\u1eb7c l\u00e0m s\u1ed1t cho c\u00e1c m\u00f3n g\u00e0 chi\u00ean ki\u1ec3u Nh\u1eadt s\u1ebd gi\u00fap c\u00e2n b\u1eb1ng v\u1ecb m\u1eb7n v\u00e0 t\u1ea1o ra l\u1edbp m\u00e0u c\u00e1nh gi\u00e1n c\u1ef1c k\u1ef3 \u0111\u1eb9p m\u1eaft.<\/p>\n<\/div>\n<\/div>\n<\/div>\n<\/div>\n<blockquote>\n<div class=\"horizontal-scroll-wrapper\">\n<div class=\"table-block-component\">\n<div class=\"table-block has-export-button new-table-style\">\n<div class=\"table-content not-end-of-paragraph\" data-hveid=\"0\" data-ved=\"0CAAQ3ecQahgKEwjl6KHE_fiRAxUAAAAAHQAAAAAQ8Qc\">\n<p data-path-to-node=\"13\"><img loading=\"lazy\" decoding=\"async\" class=\"aligncenter\" src=\"https:\/\/miyazaki-ss.co.jp\/wp-content\/uploads\/2023\/06\/hotcake7.jpg\" width=\"802\" height=\"534\" \/><\/p>\n<\/div>\n<\/div>\n<\/div>\n<\/div>\n<\/blockquote>\n<div class=\"horizontal-scroll-wrapper\">\n<div class=\"table-block-component\">\n<div class=\"table-block has-export-button new-table-style\">\n<div class=\"table-content not-end-of-paragraph\" data-hveid=\"0\" data-ved=\"0CAAQ3ecQahgKEwjl6KHE_fiRAxUAAAAAHQAAAAAQ8Qc\">\n<p data-path-to-node=\"13\">Hi\u1ec7n nay, Siro H\u01b0\u01a1ng L\u00e1 Phong Cho B\u00e1nh Ng\u1ecdt Hanamaruki Nh\u1eadt B\u1ea3n 1325g \u0111ang \u0111\u01b0\u1ee3c b\u00e0y b\u00e1n ch\u00ednh th\u1ee9c t\u1ea1i Havamall.<\/p>\n<\/div>\n<\/div>\n<\/div>\n<\/div>","protected":false},"excerpt":{"rendered":"<p>TH\u00d4NG TIN S\u1ea2N PH\u1ea8M Th\u01b0\u01a1ng hi\u1ec7u Hanamaruki Xu\u1ea5t x\u1ee9 Nh\u1eadt B\u1ea3n Th\u00e0nh ph\u1ea7n \u0110\u01b0\u1eddng l\u1ecfng fructose, \u0111\u01b0\u1eddng, mu\u1ed1i, h\u01b0\u01a1ng li\u1ec7u<\/p>","protected":false},"featured_media":44103,"comment_status":"open","ping_status":"closed","template":"","meta":[],"product_brand":[],"product_cat":[255,675,131],"product_tag":[],"class_list":{"0":"post-44102","1":"product","2":"type-product","3":"status-publish","4":"has-post-thumbnail","6":"product_cat-nguyen-lieu-lam-banh","7":"product_cat-nhap-khau-nhat-ban","8":"product_cat-nguyen-lieu-lam-bep","10":"first","11":"instock","12":"sale","13":"shipping-taxable","14":"purchasable","15":"product-type-simple"},"_links":{"self":[{"href":"https:\/\/havamall.vn\/en\/wp-json\/wp\/v2\/product\/44102"}],"collection":[{"href":"https:\/\/havamall.vn\/en\/wp-json\/wp\/v2\/product"}],"about":[{"href":"https:\/\/havamall.vn\/en\/wp-json\/wp\/v2\/types\/product"}],"replies":[{"embeddable":true,"href":"https:\/\/havamall.vn\/en\/wp-json\/wp\/v2\/comments?post=44102"}],"version-history":[{"count":0,"href":"https:\/\/havamall.vn\/en\/wp-json\/wp\/v2\/product\/44102\/revisions"}],"wp:featuredmedia":[{"embeddable":true,"href":"https:\/\/havamall.vn\/en\/wp-json\/wp\/v2\/media\/44103"}],"wp:attachment":[{"href":"https:\/\/havamall.vn\/en\/wp-json\/wp\/v2\/media?parent=44102"}],"wp:term":[{"taxonomy":"product_brand","embeddable":true,"href":"https:\/\/havamall.vn\/en\/wp-json\/wp\/v2\/product_brand?post=44102"},{"taxonomy":"product_cat","embeddable":true,"href":"https:\/\/havamall.vn\/en\/wp-json\/wp\/v2\/product_cat?post=44102"},{"taxonomy":"product_tag","embeddable":true,"href":"https:\/\/havamall.vn\/en\/wp-json\/wp\/v2\/product_tag?post=44102"}],"curies":[{"name":"wp","href":"https:\/\/api.w.org\/{rel}","templated":true}]}}