{"id":44099,"date":"2026-01-10T09:29:08","date_gmt":"2026-01-10T02:29:08","guid":{"rendered":"https:\/\/havamall.vn\/?post_type=product&#038;p=44099"},"modified":"2026-01-10T09:29:09","modified_gmt":"2026-01-10T02:29:09","slug":"thach-trai-cay-orihiro-mix-3-vi-nho-tim-nho-xanh-dao-24-cai-orihiro-purunto-konnyaku-jelly-party-pack","status":"publish","type":"product","link":"https:\/\/havamall.vn\/en\/shop\/thach-trai-cay-orihiro-mix-3-vi-nho-tim-nho-xanh-dao-24-cai-orihiro-purunto-konnyaku-jelly-party-pack\/","title":{"rendered":"Th\u1ea1ch Tr\u00e1i C\u00e2y Orihiro Mix 3 V\u1ecb (Nho T\u00edm, Nho Xanh, \u0110\u00e0o) 24 C\u00e1i \u2013 Orihiro Purunto Konnyaku Jelly Party Pack"},"content":{"rendered":"<h3 data-path-to-node=\"1\">TH\u00d4NG TIN S\u1ea2N PH\u1ea8M<\/h3>\n<table data-path-to-node=\"1\">\n<tbody>\n<tr>\n<td><span data-path-to-node=\"1,1,0,0\"><b data-path-to-node=\"1,1,0,0\" data-index-in-node=\"0\">Th\u01b0\u01a1ng hi\u1ec7u<\/b><\/span><\/td>\n<td><span data-path-to-node=\"1,1,1,0\">Orihiro<\/span><\/td>\n<\/tr>\n<tr>\n<td><span data-path-to-node=\"1,2,0,0\"><b data-path-to-node=\"1,2,0,0\" data-index-in-node=\"0\">Xu\u1ea5t x\u1ee9<\/b><\/span><\/td>\n<td><span data-path-to-node=\"1,2,1,0\">Nh\u1eadt B\u1ea3n<\/span><\/td>\n<\/tr>\n<tr>\n<td><span data-path-to-node=\"1,3,0,0\"><b data-path-to-node=\"1,3,0,0\" data-index-in-node=\"0\">Th\u00e0nh ph\u1ea7n<\/b><\/span><\/td>\n<td><span data-path-to-node=\"1,3,1,0\">N\u01b0\u1edbc \u00e9p tr\u00e1i c\u00e2y nguy\u00ean ch\u1ea5t (Nho t\u00edm, Nho xanh, \u0110\u00e0o), \u0111\u01b0\u1eddng, b\u1ed9t konnyaku, ch\u1ea5t \u0111i\u1ec1u ch\u1ec9nh \u0111\u1ed9 acid<\/span><\/td>\n<\/tr>\n<tr>\n<td><span data-path-to-node=\"1,4,0,0\"><b data-path-to-node=\"1,4,0,0\" data-index-in-node=\"0\">H\u1ea1n s\u1eed d\u1ee5ng<\/b><\/span><\/td>\n<td><span data-path-to-node=\"1,4,1,0\">12 th\u00e1ng k\u1ec3 t\u1eeb ng\u00e0y s\u1ea3n xu\u1ea5t<\/span><\/td>\n<\/tr>\n<tr>\n<td><span data-path-to-node=\"1,5,0,0\"><b data-path-to-node=\"1,5,0,0\" data-index-in-node=\"0\">B\u1ea3o qu\u1ea3n<\/b><\/span><\/td>\n<td><span data-path-to-node=\"1,5,1,0\">N\u01a1i kh\u00f4 r\u00e1o, tho\u00e1ng m\u00e1t, tr\u00e1nh \u00e1nh n\u1eafng tr\u1ef1c ti\u1ebfp. Ngon h\u01a1n khi \u0111\u1ec3 l\u1ea1nh<\/span><\/td>\n<\/tr>\n<tr>\n<td><span data-path-to-node=\"1,6,0,0\"><b data-path-to-node=\"1,6,0,0\" data-index-in-node=\"0\">S\u1ed1 l\u01b0\u1ee3ng<\/b><\/span><\/td>\n<td><span data-path-to-node=\"1,6,1,0\">T\u00fai l\u1edbn 480g (24 c\u00e1i x 20g)<\/span><\/td>\n<\/tr>\n<\/tbody>\n<\/table>\n<p>D\u00f2ng th\u1ea1ch t\u00fai l\u1ecdc Purunto Konnyaku ra \u0111\u1eddi t\u1eeb tri\u1ebft l\u00fd mang \u0111\u1ebfn m\u1ed9t m\u00f3n \u0103n nh\u1eb9 v\u1eeba ngon mi\u1ec7ng, v\u1eeba gi\u00fap duy tr\u00ec v\u00f3c d\u00e1ng. Kh\u00e1c v\u1edbi nh\u1eefng lo\u1ea1i th\u1ea1ch th\u00f4ng th\u01b0\u1eddng, th\u1ea1ch Orihiro \u0111\u01b0\u1ee3c l\u00e0m t\u1eeb b\u1ed9t c\u00e2y Konnyaku (khoai n\u01b0a) \u2013 m\u1ed9t lo\u1ea1i th\u1ef1c ph\u1ea9m truy\u1ec1n th\u1ed1ng c\u1ee7a Nh\u1eadt B\u1ea3n n\u1ed5i ti\u1ebfng v\u1edbi \u0111\u1eb7c t\u00ednh gi\u00e0u ch\u1ea5t x\u01a1 nh\u01b0ng l\u1ea1i c\u1ef1c k\u1ef3 \u00edt calo.<\/p>\n<p>Ngu\u1ed3n g\u1ed1c c\u1ee7a th\u1ea1ch Konnyaku g\u1eafn li\u1ec1n v\u1edbi l\u1ed1i s\u1ed1ng l\u00e0nh m\u1ea1nh c\u1ee7a ng\u01b0\u1eddi Nh\u1eadt, n\u01a1i h\u1ecd lu\u00f4n t\u00ecm ki\u1ebfm nh\u1eefng th\u1ef1c ph\u1ea9m gi\u00fap duy tr\u00ec v\u00f3c d\u00e1ng m\u00e0 v\u1eabn \u0111\u1ea3m b\u1ea3o ngon mi\u1ec7ng. Ng\u00e0y nay, d\u00f2ng th\u1ea1ch t\u00fai l\u1ecdc n\u00e0y kh\u00f4ng ch\u1ec9 ph\u1ed5 bi\u1ebfn t\u1ea1i Nh\u1eadt m\u00e0 c\u00f2n \u0111\u01b0\u1ee3c \u01b0a chu\u1ed9ng tr\u00ean to\u00e0n th\u1ebf gi\u1edbi nh\u1edd h\u01b0\u01a1ng v\u1ecb tr\u00e1i c\u00e2y nguy\u00ean ch\u1ea5t v\u00e0 quy tr\u00ecnh s\u1ea3n xu\u1ea5t nghi\u00eam ng\u1eb7t.<\/p>\n<p><img fetchpriority=\"high\" decoding=\"async\" class=\"aligncenter  wp-image-44428\" src=\"https:\/\/havamall.com\/wp-content\/uploads\/2026\/01\/Thach-trai-cay-vi-xoai-dao-nho-tim-Orihiro_8283f574-07a9-4108-8c3c-455cfc966f62-1.webp\" alt=\"\" width=\"801\" height=\"801\" \/><\/p>\n<p>Th\u1ea1ch Orihiro \u0111\u01b0\u1ee3c l\u00e0m theo m\u1ed9t quy tr\u00ecnh kh\u00e9p k\u00edn \u0111\u1ec3 \u0111\u1ea3m b\u1ea3o gi\u1eef tr\u1ecdn v\u1eb9n h\u01b0\u01a1ng v\u1ecb c\u1ee7a tr\u00e1i c\u00e2y ch\u00edn m\u1ecdng. Tr\u01b0\u1edbc ti\u00ean, n\u01b0\u1edbc \u00e9p tr\u00e1i c\u00e2y nguy\u00ean ch\u1ea5t \u0111\u01b0\u1ee3c chi\u1ebft xu\u1ea5t t\u1eeb nh\u1eefng v\u00f9ng nguy\u00ean li\u1ec7u s\u1ea1ch, \u0111\u1ea3m b\u1ea3o \u0111\u1ed9 t\u01b0\u01a1i v\u00e0 ng\u1ecdt thanh t\u1ef1 nhi\u00ean. Th\u00e0nh ph\u1ea7n quan tr\u1ecdng nh\u1ea5t ch\u00ednh l\u00e0 b\u1ed9t Konnyaku cao c\u1ea5p, \u0111\u01b0\u1ee3c h\u00f2a tr\u1ed9n c\u00f9ng n\u01b0\u1edbc \u00e9p theo t\u1ef7 l\u1ec7 v\u00e0ng \u0111\u1ec3 t\u1ea1o ra \u0111\u1ed9 k\u1ebft d\u00ednh ho\u00e0n h\u1ea3o. Kh\u1ed1i th\u1ea1ch sau khi \u0111\u1ecbnh h\u00ecnh s\u1ebd c\u00f3 \u0111\u1ed9 dai gi\u00f2n s\u1ea7n s\u1eadt \u0111\u1eb7c tr\u01b0ng, kh\u00f4ng b\u1ecb b\u1edf hay qu\u00e1 m\u1ec1m nh\u01b0 c\u00e1c lo\u1ea1i rau c\u00e2u th\u00f4ng th\u01b0\u1eddng.<\/p>\n<p><img decoding=\"async\" class=\"aligncenter  wp-image-44429\" src=\"https:\/\/havamall.com\/wp-content\/uploads\/2026\/01\/4571157252384_0004_l.jpg\" alt=\"\" width=\"800\" height=\"600\" \/><\/p>\n<p data-path-to-node=\"10\">&#8211; V\u1ecb Nho T\u00edm (Grape) mang \u0111\u1ebfn s\u1ef1 \u0111\u1eadm \u0111\u00e0, ng\u1ecdt ng\u00e0o \u0111\u1eb7c tr\u01b0ng c\u1ee7a nh\u1eefng ch\u00f9m nho ch\u00edn m\u1ecdng. T\u1eebng mi\u1ebfng th\u1ea1ch dai gi\u00f2n quy\u1ec7n c\u00f9ng n\u01b0\u1edbc \u00e9p nho nguy\u00ean ch\u1ea5t t\u1ea1o n\u00ean m\u1ed9t c\u1ea3m gi\u00e1c s\u1ea3ng kho\u00e1i, nh\u01b0 \u0111ang th\u01b0\u1edfng th\u1ee9c nh\u1eefng qu\u1ea3 nho t\u01b0\u01a1i v\u1eeba h\u00e1i xu\u1ed1ng.<\/p>\n<p data-path-to-node=\"10\">&#8211; V\u1ecb Nho Xanh (Muscat) l\u00e0 l\u1ef1a ch\u1ecdn ho\u00e0n h\u1ea3o v\u1edbi h\u01b0\u01a1ng th\u01a1m qu\u00fd ph\u00e1i, v\u1ecb ng\u1ecdt d\u1ecbu v\u00e0 ch\u00fat chua nh\u1eb9 \u1edf h\u1eadu v\u1ecb.<\/p>\n<p data-path-to-node=\"11\">&#8211; V\u1ecb \u0110\u00e0o (Peach) \u2013 m\u1ed9t h\u01b0\u01a1ng v\u1ecb \u0111\u1ea7y ng\u1ecdt ng\u00e0o v\u00e0 n\u1eef t\u00ednh. M\u00f9i th\u01a1m n\u1ed3ng n\u00e0n c\u1ee7a nh\u1eefng qu\u1ea3 \u0111\u00e0o ch\u00edn h\u1ed3ng len l\u1ecfi trong t\u1eebng th\u1edb th\u1ea1ch m\u1ec1m d\u1ebbo, mang l\u1ea1i tr\u1ea3i nghi\u1ec7m \u1ea9m th\u1ef1c \u0111\u1ed9c \u0111\u00e1o v\u00e0 th\u01b0 th\u00e1i.<\/p>\n<p data-path-to-node=\"11\"><img decoding=\"async\" class=\"aligncenter  wp-image-44426\" src=\"https:\/\/havamall.com\/wp-content\/uploads\/2026\/01\/1707952527362957560.jpg\" alt=\"\" width=\"801\" height=\"801\" \/><\/p>\n<p data-path-to-node=\"11\">Th\u1ea1ch Orihiro kh\u00f4ng ch\u1ec9 ngon mi\u1ec7ng m\u00e0 c\u00f2n gi\u00e0u dinh d\u01b0\u1ee1ng, l\u00e0 ngu\u1ed3n cung c\u1ea5p ch\u1ea5t x\u01a1 v\u00e0 vitamin thi\u1ebft y\u1ebfu cho c\u01a1 th\u1ec3.\u00a0<b data-path-to-node=\"13\" data-index-in-node=\"118\">Ch\u1ea5t x\u01a1 h\u00f2a tan:<\/b>\u00a0Th\u00e0nh ph\u1ea7n Konnyaku cung c\u1ea5p l\u01b0\u1ee3ng ch\u1ea5t x\u01a1 d\u1ed3i d\u00e0o, gi\u00fap h\u1ed7 tr\u1ee3 h\u1ec7 ti\u00eau h\u00f3a ho\u1ea1t \u0111\u1ed9ng b\u1ec1n b\u1ec9, t\u1ea1o c\u1ea3m gi\u00e1c no l\u00e2u v\u00e0 h\u1ed7 tr\u1ee3 qu\u00e1 tr\u00ecnh trao \u0111\u1ed5i ch\u1ea5t.\u00a0<b data-path-to-node=\"13\" data-index-in-node=\"284\">Vitamin t\u1eeb tr\u00e1i c\u00e2y:<\/b>\u00a0N\u01b0\u1edbc \u00e9p tr\u00e1i c\u00e2y nguy\u00ean ch\u1ea5t gi\u00fap b\u1ed5 sung c\u00e1c vitamin c\u1ea7n thi\u1ebft, h\u1ed7 tr\u1ee3 t\u0103ng c\u01b0\u1eddng s\u1ee9c \u0111\u1ec1 kh\u00e1ng v\u00e0 nu\u00f4i d\u01b0\u1ee1ng l\u00e0n da kh\u1ecfe m\u1ea1nh t\u1eeb b\u00ean trong.\u00a0<b data-path-to-node=\"13\" data-index-in-node=\"446\">H\u00e0m l\u01b0\u1ee3ng calo th\u1ea5p:<\/b>\u00a0\u0110\u00e2y l\u00e0 m\u00f3n \u0103n v\u1eb7t l\u00fd t\u01b0\u1edfng cho nh\u1eefng ng\u01b0\u1eddi \u0111ang trong ch\u1ebf \u0111\u1ed9 ki\u1ec3m so\u00e1t c\u00e2n n\u1eb7ng, gi\u00fap th\u1ecfa m\u00e3n c\u01a1n th\u00e8m ng\u1ecdt m\u00e0 v\u1eabn \u0111\u1ea3m b\u1ea3o s\u1ee9c kh\u1ecfe cho gia \u0111\u00ecnh.<\/p>\n<p data-path-to-node=\"11\"><img loading=\"lazy\" decoding=\"async\" class=\"aligncenter  wp-image-44430\" src=\"https:\/\/havamall.com\/wp-content\/uploads\/2026\/01\/thach-trai-cay-orihiro-cam-dao-nho.jpg\" alt=\"\" width=\"800\" height=\"800\" \/><\/p>\n<p data-path-to-node=\"11\">Hi\u1ec7n t\u1ea1i, d\u00f2ng th\u1ea1ch Konnyaku Mix 3 v\u1ecb n\u00e0y \u0111ang c\u00f3 m\u1eb7t t\u1ea1i Havamall.<\/p>","protected":false},"excerpt":{"rendered":"<p>TH\u00d4NG TIN S\u1ea2N PH\u1ea8M Th\u01b0\u01a1ng hi\u1ec7u Orihiro Xu\u1ea5t x\u1ee9 Nh\u1eadt B\u1ea3n Th\u00e0nh ph\u1ea7n N\u01b0\u1edbc \u00e9p tr\u00e1i c\u00e2y nguy\u00ean ch\u1ea5t (Nho<\/p>","protected":false},"featured_media":44100,"comment_status":"open","ping_status":"closed","template":"","meta":[],"product_brand":[],"product_cat":[675,133],"product_tag":[],"class_list":{"0":"post-44099","1":"product","2":"type-product","3":"status-publish","4":"has-post-thumbnail","6":"product_cat-nhap-khau-nhat-ban","7":"product_cat-banh-keo-chocolate","9":"first","10":"instock","11":"sale","12":"shipping-taxable","13":"purchasable","14":"product-type-simple"},"_links":{"self":[{"href":"https:\/\/havamall.vn\/en\/wp-json\/wp\/v2\/product\/44099"}],"collection":[{"href":"https:\/\/havamall.vn\/en\/wp-json\/wp\/v2\/product"}],"about":[{"href":"https:\/\/havamall.vn\/en\/wp-json\/wp\/v2\/types\/product"}],"replies":[{"embeddable":true,"href":"https:\/\/havamall.vn\/en\/wp-json\/wp\/v2\/comments?post=44099"}],"version-history":[{"count":0,"href":"https:\/\/havamall.vn\/en\/wp-json\/wp\/v2\/product\/44099\/revisions"}],"wp:featuredmedia":[{"embeddable":true,"href":"https:\/\/havamall.vn\/en\/wp-json\/wp\/v2\/media\/44100"}],"wp:attachment":[{"href":"https:\/\/havamall.vn\/en\/wp-json\/wp\/v2\/media?parent=44099"}],"wp:term":[{"taxonomy":"product_brand","embeddable":true,"href":"https:\/\/havamall.vn\/en\/wp-json\/wp\/v2\/product_brand?post=44099"},{"taxonomy":"product_cat","embeddable":true,"href":"https:\/\/havamall.vn\/en\/wp-json\/wp\/v2\/product_cat?post=44099"},{"taxonomy":"product_tag","embeddable":true,"href":"https:\/\/havamall.vn\/en\/wp-json\/wp\/v2\/product_tag?post=44099"}],"curies":[{"name":"wp","href":"https:\/\/api.w.org\/{rel}","templated":true}]}}