{"id":44096,"date":"2026-01-09T14:28:32","date_gmt":"2026-01-09T07:28:32","guid":{"rendered":"https:\/\/havamall.vn\/?post_type=product&#038;p=44096"},"modified":"2026-01-09T14:28:32","modified_gmt":"2026-01-09T07:28:32","slug":"keo-mem-sieu-chua-vi-chanh-nhap-khau-nhat-ban-ribon-60g-ribon-super-lemon-soft-candy","status":"publish","type":"product","link":"https:\/\/havamall.vn\/en\/shop\/keo-mem-sieu-chua-vi-chanh-nhap-khau-nhat-ban-ribon-60g-ribon-super-lemon-soft-candy\/","title":{"rendered":"K\u1eb9o M\u1ec1m Si\u00eau Chua V\u1ecb Chanh Nh\u1eadp Kh\u1ea9u Nh\u1eadt B\u1ea3n Ribon 60g \u2013 Ribon Super Lemon Soft Candy"},"content":{"rendered":"<h3 data-path-to-node=\"1\">TH\u00d4NG TIN S\u1ea2N PH\u1ea8M<\/h3>\n<table data-path-to-node=\"1\">\n<tbody>\n<tr>\n<td><span data-path-to-node=\"1,1,0,0\"><b data-path-to-node=\"1,1,0,0\" data-index-in-node=\"0\">Th\u01b0\u01a1ng hi\u1ec7u<\/b><\/span><\/td>\n<td><span data-path-to-node=\"1,1,1,0\">Ribon<\/span><\/td>\n<\/tr>\n<tr>\n<td><span data-path-to-node=\"1,2,0,0\"><b data-path-to-node=\"1,2,0,0\" data-index-in-node=\"0\">Xu\u1ea5t x\u1ee9<\/b><\/span><\/td>\n<td><span data-path-to-node=\"1,2,1,0\">Nh\u1eadt B\u1ea3n<\/span><\/td>\n<\/tr>\n<tr>\n<td><span data-path-to-node=\"1,3,0,0\"><b data-path-to-node=\"1,3,0,0\" data-index-in-node=\"0\">Th\u00e0nh ph\u1ea7n<\/b><\/span><\/td>\n<td><span data-path-to-node=\"1,3,1,0\">\u0110\u01b0\u1eddng, siro tinh b\u1ed9t, d\u1ea7u th\u1ef1c v\u1eadt, gelatin, n\u01b0\u1edbc \u00e9p chanh c\u00f4 \u0111\u1eb7c, ch\u1ea5t \u0111i\u1ec1u ch\u1ec9nh \u0111\u1ed9 acid (Acid citric), h\u01b0\u01a1ng li\u1ec7u t\u1ef1 nhi\u00ean, m\u00e0u th\u1ef1c v\u1eadt<\/span><\/td>\n<\/tr>\n<tr>\n<td><span data-path-to-node=\"1,4,0,0\"><b data-path-to-node=\"1,4,0,0\" data-index-in-node=\"0\">H\u1ea1n s\u1eed d\u1ee5ng<\/b><\/span><\/td>\n<td><span data-path-to-node=\"1,4,1,0\">12 th\u00e1ng k\u1ec3 t\u1eeb ng\u00e0y s\u1ea3n xu\u1ea5t<\/span><\/td>\n<\/tr>\n<tr>\n<td><span data-path-to-node=\"1,5,0,0\"><b data-path-to-node=\"1,5,0,0\" data-index-in-node=\"0\">B\u1ea3o qu\u1ea3n<\/b><\/span><\/td>\n<td><span data-path-to-node=\"1,5,1,0\">N\u01a1i kh\u00f4 r\u00e1o, tho\u00e1ng m\u00e1t, tr\u00e1nh \u00e1nh n\u1eafng tr\u1ef1c ti\u1ebfp v\u00e0 nhi\u1ec7t \u0111\u1ed9 cao<\/span><\/td>\n<\/tr>\n<tr>\n<td><span data-path-to-node=\"1,6,0,0\"><b data-path-to-node=\"1,6,0,0\" data-index-in-node=\"0\">Kh\u1ed1i l\u01b0\u1ee3ng<\/b><\/span><\/td>\n<td><span data-path-to-node=\"1,6,1,0\">60g<\/span><\/td>\n<\/tr>\n<\/tbody>\n<\/table>\n<p>Ribon lu\u00f4n \u0111\u01b0\u1ee3c bi\u1ebft \u0111\u1ebfn l\u00e0 th\u01b0\u01a1ng hi\u1ec7u d\u1eabn \u0111\u1ea7u trong vi\u1ec7c t\u1ea1o ra nh\u1eefng tr\u1ea3i nghi\u1ec7m v\u1ecb gi\u00e1c \u0111\u1ea7y c\u00e1 t\u00ednh v\u00e0 kh\u00e1c bi\u1ec7t. D\u00f2ng k\u1eb9o m\u1ec1m si\u00eau chua v\u1ecb chanh kh\u00f4ng ch\u1ec9 \u0111\u01a1n thu\u1ea7n l\u00e0 m\u1ed9t m\u00f3n \u0103n v\u1eb7t gi\u1ea3i tr\u00ed, m\u00e0 \u0111\u00e3 tr\u1edf th\u00e0nh m\u1ed9t bi\u1ec3u t\u01b0\u1ee3ng tinh th\u1ea7n \u0111\u1ed1i v\u1edbi nh\u1eefng ai \u0111am m\u00ea c\u1ea3m gi\u00e1c b\u00f9ng n\u1ed5 v\u00e0 s\u1ef1 t\u01b0\u01a1i m\u00e1t thu\u1ea7n khi\u1ebft. M\u1ed7i vi\u00ean k\u1eb9o kh\u00f4ng ch\u1ec9 mang h\u01b0\u01a1ng v\u1ecb tr\u00e1i c\u00e2y \u0111\u1eb7c tr\u01b0ng m\u00e0 c\u00f2n g\u00f3i g\u1ecdn c\u1ea3 m\u1ed9t ngh\u1ec7 thu\u1eadt c\u00e2n b\u1eb1ng gi\u1eefa \u0111\u1ed9 chua c\u1ef1c \u0111\u1ea1i v\u00e0 h\u1eadu v\u1ecb ng\u1ecdt thanh, th\u1ec3 hi\u1ec7n s\u1ef1 ch\u1ec9n chu v\u00e0 s\u00e1ng t\u1ea1o kh\u00f4ng gi\u1edbi h\u1ea1n c\u1ee7a n\u1ec1n \u1ea9m th\u1ef1c Nh\u1eadt B\u1ea3n.<\/p>\n<p><img fetchpriority=\"high\" decoding=\"async\" class=\"aligncenter  wp-image-44419\" src=\"https:\/\/havamall.com\/wp-content\/uploads\/2026\/01\/p0466905746222-4-48993765.webp\" alt=\"\" width=\"800\" height=\"800\" \/><\/p>\n<p>L\u1edbp v\u1ecf ngo\u00e0i c\u00f9ng \u0111\u01b0\u1ee3c ph\u1ee7 m\u1ed9t l\u1edbp b\u1ed9t chanh m\u1ecbn m\u00e0ng, mang v\u1ecb chua thanh nh\u1eb9 nh\u00e0ng , ti\u1ebfp \u0111\u1ebfn l\u00e0 ph\u1ea7n th\u00e2n k\u1eb9o d\u1ebbo m\u1ec1m, ng\u1ecdt d\u1ecbu, \u1ea9n s\u00e2u b\u00ean trong l\u00e0 l\u1edbp nh\u00e2n c\u1ed1t chanh l\u1ecfng \u2013 n\u01a1i t\u1eadp trung n\u1ed3ng \u0111\u1ed9 Acid Citric \u0111\u1eadm \u0111\u1eb7c nh\u1ea5t \u0111\u1ec3 mang \u0111\u1ebfn v\u1ecb chua c\u1ef1c \u0111\u1ea1i ngay khi l\u1edbp k\u1eb9o m\u1ec1m tan ch\u1ea3y. Ch\u00ednh s\u1ef1 b\u00f9ng n\u1ed5 b\u1ea5t ng\u1edd t\u1eeb l\u1edbp nh\u00e2n c\u1ed1t l\u1ecfng n\u00e0y \u0111\u00e3 t\u1ea1o n\u00ean th\u01b0\u01a1ng hi\u1ec7u &#8220;si\u00eau chua&#8221; danh b\u1ea5t h\u01b0 truy\u1ec1n, bi\u1ebfn m\u1ed7i l\u1ea7n th\u01b0\u1edfng th\u1ee9c tr\u1edf th\u00e0nh m\u1ed9t h\u00e0nh tr\u00ecnh kh\u00e1m ph\u00e1 \u0111\u1ea7y ph\u1ea5n kh\u00edch. C\u1ea3m gi\u00e1c chua g\u1eaft ban \u0111\u1ea7u s\u1ebd nhanh ch\u00f3ng d\u1ecbu \u0111i, \u0111\u1ec3 l\u1ea1i m\u1ed9t h\u01b0\u01a1ng th\u01a1m chanh t\u01b0\u01a1i m\u00e1t l\u1ea1nh v\u00e0 h\u1eadu v\u1ecb s\u1ea3ng kho\u00e1i k\u00e9o d\u00e0i, khi\u1ebfn ng\u01b0\u1eddi \u0103n c\u1ee9 mu\u1ed1n ti\u1ebfp t\u1ee5c th\u1eed th\u00e1ch th\u00eam m\u1ed9t vi\u00ean n\u1eefa.<\/p>\n<p><img decoding=\"async\" class=\"aligncenter size-full wp-image-44420\" src=\"https:\/\/havamall.com\/wp-content\/uploads\/2026\/01\/ribon-saotome-lemon-challenge-soft-candy.jpg\" alt=\"\" width=\"800\" height=\"800\" \/><\/p>\n<p>\u1ea8n s\u00e2u b\u00ean trong l\u00e0 l\u1edbp nh\u00e2n c\u1ed1t chanh l\u1ecfng \u2013 n\u01a1i t\u1eadp trung n\u1ed3ng \u0111\u1ed9 Acid Citric \u0111\u1eadm \u0111\u1eb7c nh\u1ea5t \u0111\u1ec3 mang \u0111\u1ebfn v\u1ecb chua c\u1ef1c \u0111\u1ea1i ngay khi l\u1edbp k\u1eb9o m\u1ec1m tan ch\u1ea3y. Ch\u00ednh s\u1ef1 b\u00f9ng n\u1ed5 b\u1ea5t ng\u1edd t\u1eeb l\u1edbp nh\u00e2n c\u1ed1t l\u1ecfng n\u00e0y \u0111\u00e3 t\u1ea1o n\u00ean th\u01b0\u01a1ng hi\u1ec7u &#8220;si\u00eau chua&#8221; danh b\u1ea5t h\u01b0 truy\u1ec1n, bi\u1ebfn m\u1ed7i l\u1ea7n th\u01b0\u1edfng th\u1ee9c tr\u1edf th\u00e0nh m\u1ed9t h\u00e0nh tr\u00ecnh kh\u00e1m ph\u00e1 \u0111\u1ea7y ph\u1ea5n kh\u00edch. C\u1ea3m gi\u00e1c chua g\u1eaft ban \u0111\u1ea7u s\u1ebd nhanh ch\u00f3ng d\u1ecbu \u0111i, \u0111\u1ec3 l\u1ea1i m\u1ed9t h\u01b0\u01a1ng th\u01a1m chanh t\u01b0\u01a1i m\u00e1t l\u1ea1nh v\u00e0 h\u1eadu v\u1ecb s\u1ea3ng kho\u00e1i k\u00e9o d\u00e0i, khi\u1ebfn ng\u01b0\u1eddi \u0103n c\u1ee9 mu\u1ed1n ti\u1ebfp t\u1ee5c th\u1eed th\u00e1ch th\u00eam m\u1ed9t vi\u00ean n\u1eefa.<\/p>\n<p><img decoding=\"async\" class=\"aligncenter  wp-image-44421\" src=\"https:\/\/havamall.com\/wp-content\/uploads\/2026\/01\/O1CN01G92h8V28vIqeMHkP4_725677994.jpg_540x540.avif\" alt=\"\" width=\"800\" height=\"800\" \/><\/p>\n<p data-path-to-node=\"11\">Kh\u00f4ng ch\u1ec9 d\u1eebng l\u1ea1i \u1edf m\u1ed9t h\u00ecnh th\u1ee9c gi\u1ea3i tr\u00ed \u0111\u01a1n thu\u1ea7n, h\u00e0m l\u01b0\u1ee3ng Acid Citric l\u00ean t\u1edbi 3800mg c\u00f3 trong m\u1ed7i g\u00f3i k\u1eb9o mang l\u1ea1i nh\u1eefng l\u1ee3i \u00edch th\u1ef1c t\u1ebf r\u1ea5t \u0111\u00e1ng k\u1ec3 cho c\u01a1 th\u1ec3 v\u00e0 tinh th\u1ea7n:<\/p>\n<p data-path-to-node=\"12\">\u2013 Gi\u1ea3m m\u1ec7t m\u1ecfi v\u00e0 c\u0103ng th\u1eb3ng: Acid Citric t\u1eeb qu\u1ea3 chanh c\u00f3 kh\u1ea3 n\u0103ng h\u1ed7 tr\u1ee3 qu\u00e1 tr\u00ecnh trao \u0111\u1ed5i ch\u1ea5t, gi\u00fap chuy\u1ec3n h\u00f3a n\u0103ng l\u01b0\u1ee3ng nhanh ch\u00f3ng v\u00e0 xua tan c\u1ea3m gi\u00e1c m\u1ec7t m\u1ecfi sau nh\u1eefng gi\u1edd l\u00e0m vi\u1ec7c hay h\u1ecdc t\u1eadp c\u0103ng th\u1eb3ng.<\/p>\n<p data-path-to-node=\"12\">\u2013 K\u00edch th\u00edch ti\u00eau h\u00f3a: V\u1ecb chua t\u1ef1 nhi\u00ean t\u1eeb n\u01b0\u1edbc \u00e9p chanh c\u00f4 \u0111\u1eb7c gi\u00fap th\u00fac \u0111\u1ea9y ti\u1ebft n\u01b0\u1edbc b\u1ecdt v\u00e0 d\u1ecbch v\u1ecb, mang l\u1ea1i c\u1ea3m gi\u00e1c ngon mi\u1ec7ng v\u00e0 h\u1ed7 tr\u1ee3 h\u1ec7 ti\u00eau h\u00f3a ho\u1ea1t \u0111\u1ed9ng nh\u1eb9 nh\u00e0ng h\u01a1n. \u2013 B\u1ed5 sung Vitamin C: H\u1ed7 tr\u1ee3 t\u0103ng c\u01b0\u1eddng s\u1ee9c \u0111\u1ec1 kh\u00e1ng t\u1ef1 nhi\u00ean cho c\u01a1 th\u1ec3, \u0111\u1ed3ng th\u1eddi g\u00f3p ph\u1ea7n mang l\u1ea1i v\u1ebb t\u01b0\u01a1i tr\u1ebb, r\u1ea1ng r\u1ee1 cho l\u00e0n da t\u1eeb s\u00e2u b\u00ean trong.<\/p>\n<p data-path-to-node=\"12\">\u2013 T\u1ec9nh t\u00e1o t\u1ee9c th\u00ec: \u0110\u1ed9 chua m\u1ea1nh m\u1ebd c\u1ee7a vi\u00ean k\u1eb9o ch\u00ednh l\u00e0 gi\u1ea3i ph\u00e1p ho\u00e0n h\u1ea3o \u0111\u1ec3 \u0111\u00e1nh b\u1ea1i c\u01a1n bu\u1ed3n ng\u1ee7, mang l\u1ea1i s\u1ef1 t\u1ec9nh t\u00e1o v\u00e0 t\u1eadp trung cao \u0111\u1ed9 ngay l\u1eadp t\u1ee9c m\u00e0 kh\u00f4ng c\u1ea7n vi\u1ec7n tr\u1ee3 \u0111\u1ebfn caffeine.<\/p>\n<p data-path-to-node=\"12\"><img loading=\"lazy\" decoding=\"async\" class=\"aligncenter  wp-image-44422\" src=\"https:\/\/havamall.com\/wp-content\/uploads\/2026\/01\/1750307296_4372621fd4b63884b242.avif\" alt=\"\" width=\"800\" height=\"800\" \/><\/p>\n<p data-path-to-node=\"12\">S\u1ef1 \u0111\u1ed9c \u0111\u00e1o trong h\u01b0\u01a1ng v\u1ecb v\u00e0 t\u00ednh c\u00e1ch m\u1ea1nh m\u1ebd c\u1ee7a k\u1eb9o m\u1ec1m v\u1ecb chanh Ribon ch\u00ednh l\u00e0 minh ch\u1ee9ng cho vi\u1ec7c bi\u1ebfn nh\u1eefng \u0111i\u1ec1u gi\u1ea3n \u0111\u01a1n t\u1eeb thi\u00ean nhi\u00ean th\u00e0nh m\u1ed9t tr\u1ea3i nghi\u1ec7m \u1ea9m th\u1ef1c \u0111\u1ed9c b\u1ea3n. Hi\u1ec7n t\u1ea1i, d\u00f2ng k\u1eb9o n\u00e0y \u0111ang \u0111\u01b0\u1ee3c b\u00e1n t\u1ea1i Havamall.<\/p>","protected":false},"excerpt":{"rendered":"<p>TH\u00d4NG TIN S\u1ea2N PH\u1ea8M Th\u01b0\u01a1ng hi\u1ec7u Ribon Xu\u1ea5t x\u1ee9 Nh\u1eadt B\u1ea3n Th\u00e0nh ph\u1ea7n \u0110\u01b0\u1eddng, siro tinh b\u1ed9t, d\u1ea7u th\u1ef1c v\u1eadt,<\/p>","protected":false},"featured_media":44097,"comment_status":"open","ping_status":"closed","template":"","meta":[],"product_brand":[],"product_cat":[675,133],"product_tag":[],"class_list":{"0":"post-44096","1":"product","2":"type-product","3":"status-publish","4":"has-post-thumbnail","6":"product_cat-nhap-khau-nhat-ban","7":"product_cat-banh-keo-chocolate","9":"first","10":"instock","11":"sale","12":"shipping-taxable","13":"purchasable","14":"product-type-simple"},"_links":{"self":[{"href":"https:\/\/havamall.vn\/en\/wp-json\/wp\/v2\/product\/44096"}],"collection":[{"href":"https:\/\/havamall.vn\/en\/wp-json\/wp\/v2\/product"}],"about":[{"href":"https:\/\/havamall.vn\/en\/wp-json\/wp\/v2\/types\/product"}],"replies":[{"embeddable":true,"href":"https:\/\/havamall.vn\/en\/wp-json\/wp\/v2\/comments?post=44096"}],"version-history":[{"count":0,"href":"https:\/\/havamall.vn\/en\/wp-json\/wp\/v2\/product\/44096\/revisions"}],"wp:featuredmedia":[{"embeddable":true,"href":"https:\/\/havamall.vn\/en\/wp-json\/wp\/v2\/media\/44097"}],"wp:attachment":[{"href":"https:\/\/havamall.vn\/en\/wp-json\/wp\/v2\/media?parent=44096"}],"wp:term":[{"taxonomy":"product_brand","embeddable":true,"href":"https:\/\/havamall.vn\/en\/wp-json\/wp\/v2\/product_brand?post=44096"},{"taxonomy":"product_cat","embeddable":true,"href":"https:\/\/havamall.vn\/en\/wp-json\/wp\/v2\/product_cat?post=44096"},{"taxonomy":"product_tag","embeddable":true,"href":"https:\/\/havamall.vn\/en\/wp-json\/wp\/v2\/product_tag?post=44096"}],"curies":[{"name":"wp","href":"https:\/\/api.w.org\/{rel}","templated":true}]}}