{"id":44092,"date":"2026-01-09T10:26:51","date_gmt":"2026-01-09T03:26:51","guid":{"rendered":"https:\/\/havamall.vn\/?post_type=product&#038;p=44092"},"modified":"2026-01-09T10:26:51","modified_gmt":"2026-01-09T03:26:51","slug":"keo-mem-sieu-chua-vi-mo-nhap-khau-nhat-ban-ribon-60g-ribon-domyoji-umeeko-soft-candy","status":"publish","type":"product","link":"https:\/\/havamall.vn\/en\/shop\/keo-mem-sieu-chua-vi-mo-nhap-khau-nhat-ban-ribon-60g-ribon-domyoji-umeeko-soft-candy\/","title":{"rendered":"K\u1eb9o M\u1ec1m Si\u00eau Chua V\u1ecb M\u01a1 Nh\u1eadp Kh\u1ea9u Nh\u1eadt B\u1ea3n Ribon 60g \u2013 Ribon Domyoji Umeeko Soft Candy"},"content":{"rendered":"<h3 data-path-to-node=\"1\">TH\u00d4NG TIN S\u1ea2N PH\u1ea8M<\/h3>\n<table data-path-to-node=\"1\">\n<tbody>\n<tr>\n<td><span data-path-to-node=\"1,1,0,0\"><b data-path-to-node=\"1,1,0,0\" data-index-in-node=\"0\">Th\u01b0\u01a1ng hi\u1ec7u<\/b><\/span><\/td>\n<td><span data-path-to-node=\"1,1,1,0\">Ribon<\/span><\/td>\n<\/tr>\n<tr>\n<td><span data-path-to-node=\"1,2,0,0\"><b data-path-to-node=\"1,2,0,0\" data-index-in-node=\"0\">Xu\u1ea5t x\u1ee9<\/b><\/span><\/td>\n<td><span data-path-to-node=\"1,2,1,0\">Nh\u1eadt B\u1ea3n<\/span><\/td>\n<\/tr>\n<tr>\n<td><span data-path-to-node=\"1,3,0,0\"><b data-path-to-node=\"1,3,0,0\" data-index-in-node=\"0\">Th\u00e0nh ph\u1ea7n<\/b><\/span><\/td>\n<td><span data-path-to-node=\"1,3,1,0\">\u0110\u01b0\u1eddng, siro tinh b\u1ed9t, d\u1ea7u th\u1ef1c v\u1eadt, gelatin, n\u01b0\u1edbc \u00e9p m\u01a1 c\u00f4 \u0111\u1eb7c, b\u1ed9t m\u01a1, ch\u1ea5t \u0111i\u1ec1u ch\u1ec9nh \u0111\u1ed9 acid (Acid citric), h\u01b0\u01a1ng li\u1ec7u t\u1ef1 nhi\u00ean, m\u00e0u th\u1ef1c v\u1eadt<\/span><\/td>\n<\/tr>\n<tr>\n<td><span data-path-to-node=\"1,4,0,0\"><b data-path-to-node=\"1,4,0,0\" data-index-in-node=\"0\">H\u1ea1n s\u1eed d\u1ee5ng<\/b><\/span><\/td>\n<td><span data-path-to-node=\"1,4,1,0\">12 th\u00e1ng k\u1ec3 t\u1eeb ng\u00e0y s\u1ea3n xu\u1ea5t<\/span><\/td>\n<\/tr>\n<tr>\n<td><span data-path-to-node=\"1,5,0,0\"><b data-path-to-node=\"1,5,0,0\" data-index-in-node=\"0\">B\u1ea3o qu\u1ea3n<\/b><\/span><\/td>\n<td><span data-path-to-node=\"1,5,1,0\">N\u01a1i kh\u00f4 r\u00e1o, tho\u00e1ng m\u00e1t, tr\u00e1nh \u00e1nh n\u1eafng tr\u1ef1c ti\u1ebfp v\u00e0 nhi\u1ec7t \u0111\u1ed9 cao<\/span><\/td>\n<\/tr>\n<tr>\n<td><span data-path-to-node=\"1,6,0,0\"><b data-path-to-node=\"1,6,0,0\" data-index-in-node=\"0\">Kh\u1ed1i l\u01b0\u1ee3ng<\/b><\/span><\/td>\n<td><span data-path-to-node=\"1,6,1,0\">60g<\/span><\/td>\n<\/tr>\n<\/tbody>\n<\/table>\n<p>Ribon lu\u00f4n \u0111\u01b0\u1ee3c bi\u1ebft \u0111\u1ebfn l\u00e0 th\u01b0\u01a1ng hi\u1ec7u d\u1eabn \u0111\u1ea7u trong vi\u1ec7c t\u1ea1o ra nh\u1eefng tr\u1ea3i nghi\u1ec7m v\u1ecb gi\u00e1c \u0111\u1ea7y c\u00e1 t\u00ednh. D\u00f2ng k\u1eb9o d\u1ebbo nh\u00e2n m\u01a1 chua Domyoji Umeeko kh\u00f4ng ch\u1ec9 \u0111\u01a1n thu\u1ea7n l\u00e0 m\u1ed9t m\u00f3n \u0103n v\u1eb7t, m\u00e0 c\u00f2n l\u00e0 m\u1ed9t bi\u1ec3u t\u01b0\u1ee3ng \u0111\u1ed1i v\u1edbi nh\u1eefng ai say m\u00ea v\u1ecb m\u01a1 mu\u1ed1i Umeboshi truy\u1ec1n th\u1ed1ng.<\/p>\n<p><img fetchpriority=\"high\" decoding=\"async\" class=\"aligncenter size-full wp-image-44410\" src=\"https:\/\/havamall.com\/wp-content\/uploads\/2026\/01\/6790af1cb781d7eac38f16571fa3ebe5.jpg\" alt=\"\" width=\"800\" height=\"800\" \/><\/p>\n<p>M\u01a1 mu\u1ed1i Umeboshi v\u1ed1n l\u00e0 m\u1ed9t ph\u1ea7n kh\u00f4ng th\u1ec3 thi\u1ebfu trong v\u0103n h\u00f3a \u1ea9m th\u1ef1c v\u00e0 \u0111\u1eddi s\u1ed1ng c\u1ee7a ng\u01b0\u1eddi Nh\u1eadt t\u1eeb th\u1eddi k\u1ef3 Edo, kh\u00f4ng ch\u1ec9 b\u1edfi h\u01b0\u01a1ng v\u1ecb \u0111\u1eb7c tr\u01b0ng m\u00e0 c\u00f2n v\u00ec nh\u1eefng gi\u00e1 tr\u1ecb \u0111\u1ed1i v\u1edbi s\u1ee9c kh\u1ecfe.<\/p>\n<p><img decoding=\"async\" class=\"aligncenter size-full wp-image-44412\" src=\"https:\/\/havamall.com\/wp-content\/uploads\/2026\/01\/cc2348d5cb68a618cdf6df2e2ae09a8b.jpg\" alt=\"\" width=\"800\" height=\"800\" \/><\/p>\n<p>L\u1edbp v\u1ecf ngo\u00e0i c\u00f9ng l\u00e0 l\u1edbp b\u1ed9t m\u01a1 m\u1ecbn m\u00e0ng, mang v\u1ecb chua thanh nh\u1eb9 nh\u00e0ng k\u00edch th\u00edch \u0111\u1ea7u l\u01b0\u1ee1i ngay l\u1eadp t\u1ee9c. Ti\u1ebfp \u0111\u1ebfn l\u00e0 ph\u1ea7n th\u00e2n k\u1eb9o d\u1ebbo m\u1ec1m,\u00a0c\u1ed1t m\u01a1 l\u1ecfng \u1ea9n s\u00e2u b\u00ean trong l\u00e0 n\u01a1i t\u1eadp trung n\u1ed3ng \u0111\u1ed9 Acid Citric \u0111\u1eadm \u0111\u1eb7c, mang \u0111\u1ebfn v\u1ecb chua c\u1ef1c \u0111\u1ea1i.<\/p>\n<p><img decoding=\"async\" class=\"aligncenter size-full wp-image-44411\" src=\"https:\/\/havamall.com\/wp-content\/uploads\/2026\/01\/4e11d221836719d0bce780527b49f9ad.jpg\" alt=\"\" width=\"800\" height=\"800\" \/><\/p>\n<p data-path-to-node=\"10\">Kh\u00f4ng ch\u1ec9 d\u1eebng l\u1ea1i \u1edf m\u1ed9t h\u00ecnh th\u1ee9c gi\u1ea3i tr\u00ed, h\u00e0m l\u01b0\u1ee3ng Acid Citric l\u00ean t\u1edbi 3200mg c\u00f3 trong m\u1ed7i g\u00f3i k\u1eb9o mang l\u1ea1i nh\u1eefng l\u1ee3i \u00edch th\u1ef1c t\u1ebf \u0111\u00e1ng k\u1ec3 cho c\u01a1 th\u1ec3:<\/p>\n<p data-path-to-node=\"10\">\u2013 Gi\u1ea3m m\u1ec7t m\u1ecfi v\u00e0 c\u0103ng th\u1eb3ng: Acid Citric t\u1eeb qu\u1ea3 m\u01a1 c\u00f3 kh\u1ea3 n\u0103ng h\u1ed7 tr\u1ee3 qu\u00e1 tr\u00ecnh trao \u0111\u1ed5i ch\u1ea5t, gi\u00fap chuy\u1ec3n h\u00f3a n\u0103ng l\u01b0\u1ee3ng nhanh ch\u00f3ng v\u00e0 xua tan c\u1ea3m gi\u00e1c m\u1ec7t m\u1ecfi sau nh\u1eefng gi\u1edd l\u00e0m vi\u1ec7c hay h\u1ecdc t\u1eadp c\u0103ng th\u1eb3ng.<\/p>\n<p data-path-to-node=\"10\">\u2013 K\u00edch th\u00edch ti\u00eau h\u00f3a: V\u1ecb chua t\u1ef1 nhi\u00ean th\u00fac \u0111\u1ea9y ti\u1ebft n\u01b0\u1edbc b\u1ecdt v\u00e0 d\u1ecbch v\u1ecb, gi\u00fap \u0103n ngon mi\u1ec7ng h\u01a1n v\u00e0 h\u1ed7 tr\u1ee3 h\u1ec7 ti\u00eau h\u00f3a ho\u1ea1t \u0111\u1ed9ng tr\u01a1n tru.<\/p>\n<p data-path-to-node=\"10\">\u2013 B\u1ed5 sung Vitamin C: H\u1ed7 tr\u1ee3 t\u0103ng c\u01b0\u1eddng s\u1ee9c \u0111\u1ec1 kh\u00e1ng v\u00e0 mang l\u1ea1i v\u1ebb t\u01b0\u01a1i tr\u1ebb cho l\u00e0n da t\u1eeb s\u00e2u b\u00ean trong.<\/p>\n<p data-path-to-node=\"10\">\u2013 T\u1ec9nh t\u00e1o t\u1ee9c th\u00ec: \u0110\u1ed9 chua m\u1ea1nh m\u1ebd c\u1ee7a vi\u00ean k\u1eb9o l\u00e0 gi\u1ea3i ph\u00e1p ho\u00e0n h\u1ea3o \u0111\u1ec3 \u0111\u00e1nh b\u1ea1i c\u01a1n bu\u1ed3n ng\u1ee7, mang l\u1ea1i s\u1ef1 t\u1ec9nh t\u00e1o v\u00e0 t\u1eadp trung cao \u0111\u1ed9 m\u00e0 kh\u00f4ng c\u1ea7n \u0111\u1ebfn caffeine.<\/p>\n<p data-path-to-node=\"10\"><img loading=\"lazy\" decoding=\"async\" class=\"aligncenter  wp-image-44414\" src=\"https:\/\/havamall.com\/wp-content\/uploads\/2026\/01\/1280.jpg\" alt=\"\" width=\"800\" height=\"800\" \/><\/p>\n<p data-path-to-node=\"10\">S\u1ef1 \u0111\u1ed9c \u0111\u00e1o trong h\u01b0\u01a1ng v\u1ecb v\u00e0 t\u00ednh c\u00e1ch m\u1ea1nh m\u1ebd c\u1ee7a k\u1eb9o d\u1ebbo nh\u00e2n m\u01a1 chua Ribon ch\u00ednh l\u00e0 minh ch\u1ee9ng cho s\u1ef1 s\u00e1ng t\u1ea1o kh\u00f4ng gi\u1edbi h\u1ea1n c\u1ee7a \u1ea9m th\u1ef1c Nh\u1eadt B\u1ea3n. Hi\u1ec7n t\u1ea1i, d\u00f2ng k\u1eb9o n\u00e0y \u0111ang c\u00f3 m\u1eb7t t\u1ea1i Havamall.<\/p>","protected":false},"excerpt":{"rendered":"<p>TH\u00d4NG TIN S\u1ea2N PH\u1ea8M Th\u01b0\u01a1ng hi\u1ec7u Ribon Xu\u1ea5t x\u1ee9 Nh\u1eadt B\u1ea3n Th\u00e0nh ph\u1ea7n \u0110\u01b0\u1eddng, siro tinh b\u1ed9t, d\u1ea7u th\u1ef1c v\u1eadt,<\/p>","protected":false},"featured_media":44093,"comment_status":"open","ping_status":"closed","template":"","meta":[],"product_brand":[],"product_cat":[675,133],"product_tag":[],"class_list":{"0":"post-44092","1":"product","2":"type-product","3":"status-publish","4":"has-post-thumbnail","6":"product_cat-nhap-khau-nhat-ban","7":"product_cat-banh-keo-chocolate","9":"first","10":"instock","11":"sale","12":"shipping-taxable","13":"purchasable","14":"product-type-simple"},"_links":{"self":[{"href":"https:\/\/havamall.vn\/en\/wp-json\/wp\/v2\/product\/44092"}],"collection":[{"href":"https:\/\/havamall.vn\/en\/wp-json\/wp\/v2\/product"}],"about":[{"href":"https:\/\/havamall.vn\/en\/wp-json\/wp\/v2\/types\/product"}],"replies":[{"embeddable":true,"href":"https:\/\/havamall.vn\/en\/wp-json\/wp\/v2\/comments?post=44092"}],"version-history":[{"count":0,"href":"https:\/\/havamall.vn\/en\/wp-json\/wp\/v2\/product\/44092\/revisions"}],"wp:featuredmedia":[{"embeddable":true,"href":"https:\/\/havamall.vn\/en\/wp-json\/wp\/v2\/media\/44093"}],"wp:attachment":[{"href":"https:\/\/havamall.vn\/en\/wp-json\/wp\/v2\/media?parent=44092"}],"wp:term":[{"taxonomy":"product_brand","embeddable":true,"href":"https:\/\/havamall.vn\/en\/wp-json\/wp\/v2\/product_brand?post=44092"},{"taxonomy":"product_cat","embeddable":true,"href":"https:\/\/havamall.vn\/en\/wp-json\/wp\/v2\/product_cat?post=44092"},{"taxonomy":"product_tag","embeddable":true,"href":"https:\/\/havamall.vn\/en\/wp-json\/wp\/v2\/product_tag?post=44092"}],"curies":[{"name":"wp","href":"https:\/\/api.w.org\/{rel}","templated":true}]}}