{"id":44088,"date":"2026-01-09T09:36:41","date_gmt":"2026-01-09T02:36:41","guid":{"rendered":"https:\/\/havamall.vn\/?post_type=product&#038;p=44088"},"modified":"2026-01-09T09:36:41","modified_gmt":"2026-01-09T02:36:41","slug":"banh-quy-bo-hinh-trai-tim-nhap-khau-nhat-ban-sanritsu-120g-12-cai-sanritsu-genji-pie","status":"publish","type":"product","link":"https:\/\/havamall.vn\/en\/shop\/banh-quy-bo-hinh-trai-tim-nhap-khau-nhat-ban-sanritsu-120g-12-cai-sanritsu-genji-pie\/","title":{"rendered":"B\u00e1nh Quy B\u01a1 H\u00ecnh Tr\u00e1i Tim Nh\u1eadp Kh\u1ea9u Nh\u1eadt B\u1ea3n Sanritsu 120g (12 C\u00e1i) \u2013 Sanritsu Genji Pie"},"content":{"rendered":"<h3 data-path-to-node=\"1\">TH\u00d4NG TIN S\u1ea2N PH\u1ea8M<\/h3>\n<table style=\"width: 56.4264%;height: 143px\" data-path-to-node=\"1\">\n<tbody>\n<tr>\n<td><span data-path-to-node=\"1,1,0,0\"><b data-path-to-node=\"1,1,0,0\" data-index-in-node=\"0\">Th\u01b0\u01a1ng hi\u1ec7u<\/b><\/span><\/td>\n<td><span data-path-to-node=\"1,1,1,0\">Sanritsu<\/span><\/td>\n<\/tr>\n<tr>\n<td><span data-path-to-node=\"1,2,0,0\"><b data-path-to-node=\"1,2,0,0\" data-index-in-node=\"0\">Xu\u1ea5t x\u1ee9<\/b><\/span><\/td>\n<td><span data-path-to-node=\"1,2,1,0\">Nh\u1eadt B\u1ea3n<\/span><\/td>\n<\/tr>\n<tr>\n<td><span data-path-to-node=\"1,3,0,0\"><b data-path-to-node=\"1,3,0,0\" data-index-in-node=\"0\">Th\u00e0nh ph\u1ea7n<\/b><\/span><\/td>\n<td><span data-path-to-node=\"1,3,1,0\">B\u1ed9t m\u00ec, margarine, \u0111\u01b0\u1eddng, mu\u1ed1i, h\u01b0\u01a1ng li\u1ec7u t\u1ef1 nhi\u00ean<\/span><\/td>\n<\/tr>\n<tr>\n<td><span data-path-to-node=\"1,4,0,0\"><b data-path-to-node=\"1,4,0,0\" data-index-in-node=\"0\">H\u1ea1n s\u1eed d\u1ee5ng<\/b><\/span><\/td>\n<td><span data-path-to-node=\"1,4,1,0\">12 th\u00e1ng k\u1ec3 t\u1eeb ng\u00e0y s\u1ea3n xu\u1ea5t<\/span><\/td>\n<\/tr>\n<tr>\n<td><span data-path-to-node=\"1,5,0,0\"><b data-path-to-node=\"1,5,0,0\" data-index-in-node=\"0\">B\u1ea3o qu\u1ea3n<\/b><\/span><\/td>\n<td><span data-path-to-node=\"1,5,1,0\">N\u01a1i kh\u00f4 r\u00e1o, tho\u00e1ng m\u00e1t, tr\u00e1nh \u00e1nh n\u1eafng tr\u1ef1c ti\u1ebfp<\/span><\/td>\n<\/tr>\n<tr>\n<td><span data-path-to-node=\"1,6,0,0\"><b data-path-to-node=\"1,6,0,0\" data-index-in-node=\"0\">S\u1ed1 l\u01b0\u1ee3ng<\/b><\/span><\/td>\n<td><span data-path-to-node=\"1,6,1,0\">120g (12 c\u00e1i\/6 g\u00f3i nh\u1ecf)<\/span><\/td>\n<\/tr>\n<\/tbody>\n<\/table>\n<p>Xu\u1ea5t hi\u1ec7n l\u1ea7n \u0111\u1ea7u ti\u00ean v\u00e0o n\u0103m 1965, nh\u1eefng chi\u1ebfc b\u00e1nh quy b\u01a1 h\u00ecnh tr\u00e1i tim n\u00e0y kh\u00f4ng ch\u1ec9 \u0111\u01a1n thu\u1ea7n l\u00e0 m\u1ed9t m\u00f3n \u0103n nh\u1eb9, m\u00e0 c\u00f2n ch\u1ee9a \u0111\u1ef1ng c\u1ea3 m\u1ed9t c\u00e2u chuy\u1ec7n v\u1ec1 ngh\u1ec7 thu\u1eadt l\u00e0m b\u00e1nh th\u1ee7 c\u00f4ng tinh x\u1ea3o c\u1ee7a ng\u01b0\u1eddi Nh\u1eadt. L\u1ea5y c\u1ea3m h\u1ee9ng t\u1eeb lo\u1ea1i b\u00e1nh Palmier c\u1ed5 \u0111i\u1ec3n c\u1ee7a Ph\u00e1p, c\u00e1c b\u1eadc th\u1ea7y l\u00e0m b\u00e1nh t\u1ea1i Sanritsu \u0111\u00e3 kh\u00e9o l\u00e9o bi\u1ebfn t\u1ea5u \u0111\u1ec3 t\u1ea1o n\u00ean m\u1ed9t h\u01b0\u01a1ng v\u1ecb g\u1ea7n g\u0169i h\u01a1n v\u1edbi kh\u1ea9u v\u1ecb \u00c1 \u0110\u00f4ng, bi\u1ebfn Genji Pie tr\u1edf th\u00e0nh m\u00f3n b\u00e1nh &#8220;qu\u1ed1c d\u00e2n&#8221; xu\u1ea5t hi\u1ec7n trong m\u1ecdi bu\u1ed5i tr\u00e0 chi\u1ec1u c\u1ee7a c\u00e1c gia \u0111\u00ecnh Nh\u1eadt B\u1ea3n su\u1ed1t h\u01a1n n\u1eeda th\u1ebf k\u1ef7 qua.<\/p>\n<p><img fetchpriority=\"high\" decoding=\"async\" class=\"aligncenter  wp-image-44403\" src=\"https:\/\/havamall.com\/wp-content\/uploads\/2026\/01\/122996-8-124d93501fe09266e2f447b09e52e5a6-2288x1520-1.webp\" alt=\"\" width=\"801\" height=\"532\" \/><\/p>\n<p>C\u1ea5u tr\u00fac &#8220;Mille-feuille&#8221; \u2013 m\u1ed9t k\u1ef9 thu\u1eadt x\u1ebfp l\u1edbp b\u1ed9t m\u00ec v\u00e0 b\u01a1 th\u1ef1c v\u1eadt (margarine) cao c\u1ea5p m\u1ed9t c\u00e1ch t\u1ec9 m\u1ec9, t\u1eebng chi\u1ebfc b\u00e1nh \u0111\u01b0\u1ee3c t\u1ea1o n\u00ean t\u1eeb h\u00e0ng tr\u0103m l\u1edbp b\u1ed9t m\u1ecfng tang ch\u1ed3ng l\u00ean nhau, tr\u1ea3i qua qu\u00e1 tr\u00ecnh n\u01b0\u1edbng \u1edf nhi\u1ec7t \u0111\u1ed9 l\u00fd t\u01b0\u1edfng \u0111\u1ec3 n\u1edf r\u1ed9 th\u00e0nh h\u00ecnh tr\u00e1i tim ho\u00e0n m\u1ef9.<\/p>\n<p><img decoding=\"async\" class=\"aligncenter  wp-image-44404\" src=\"https:\/\/havamall.com\/wp-content\/uploads\/2026\/01\/maxresdefault.jpg\" alt=\"\" width=\"802\" height=\"451\" \/><\/p>\n<p>L\u1edbp v\u1ecf b\u00e1nh gi\u00f2n tan v\u1ee1 ra trong mi\u1ec7ng, \u0111\u1ec3 l\u1ea1i v\u1ecb ng\u1ecdt thanh c\u1ee7a nh\u1eefng h\u1ea1t \u0111\u01b0\u1eddng li ti r\u1eafc nh\u1eb9 tr\u00ean b\u1ec1 m\u1eb7t. \u0110i\u1ec3m tinh t\u1ebf c\u1ee7a lo\u1ea1i b\u00e1nh n\u00e0y ch\u00ednh l\u00e0 s\u1ef1 c\u00e2n b\u1eb1ng tuy\u1ec7t \u0111\u1ed1i: v\u1ecb b\u00e9o ng\u1eady c\u1ee7a b\u01a1 kh\u00f4ng g\u00e2y c\u1ea3m gi\u00e1c ng\u1ea5y, h\u00f2a quy\u1ec7n c\u00f9ng ch\u00fat m\u1eb7n nh\u1eb9 t\u1eeb mu\u1ed1i v\u00e0 \u0111\u1ed9 gi\u00f2n r\u1ee5m c\u1ee7a b\u1ed9t n\u01b0\u1edbng, t\u1ea1o n\u00ean m\u1ed9t b\u1ea3n giao h\u01b0\u1edfng h\u01b0\u01a1ng v\u1ecb \u0111\u1ea7y l\u00f4i cu\u1ed1n. T\u1eebng mi\u1ebfng b\u00e1nh \u0111\u1ec1u mang l\u1ea1i c\u1ea3m gi\u00e1c gi\u00f2n tan nh\u01b0ng kh\u00f4ng h\u1ec1 b\u1ecb v\u1ee5n n\u00e1t, gi\u1eef nguy\u00ean \u0111\u01b0\u1ee3c \u0111\u1ed9 x\u1ed1p m\u1ec1m \u0111\u1eb7c tr\u01b0ng c\u1ee7a d\u00f2ng b\u00e1nh Pie truy\u1ec1n th\u1ed1ng.<\/p>\n<p><img decoding=\"async\" class=\"aligncenter  wp-image-44405\" src=\"https:\/\/havamall.com\/wp-content\/uploads\/2026\/01\/7fc1adc1-untitled-1.jpg\" alt=\"\" width=\"798\" height=\"794\" \/><\/p>\n<p data-path-to-node=\"12\">V\u1edbi h\u00ecnh d\u00e1ng tr\u00e1i tim \u0111\u1ea7y \u00fd ngh\u0129a, nh\u1eefng chi\u1ebfc b\u00e1nh n\u00e0y th\u01b0\u1eddng xuy\u00ean \u0111\u01b0\u1ee3c l\u1ef1a ch\u1ecdn \u0111\u1ec3 tr\u1edf th\u00e0nh m\u00f3n qu\u00e0 nh\u1ecf d\u00e0nh t\u1eb7ng cho ng\u01b0\u1eddi th\u00e2n, b\u1ea1n b\u00e8 v\u00e0o nh\u1eefng d\u1ecbp \u0111\u1eb7c bi\u1ec7t. M\u1ed9t t\u00e1ch tr\u00e0 xanh n\u00f3ng h\u1ed5i hay m\u1ed9t ly c\u00e0 ph\u00ea \u0111\u1eadm \u0111\u00e0 k\u1ebft h\u1ee3p c\u00f9ng Genji Pie s\u1ebd t\u1ea1o n\u00ean m\u1ed9t bu\u1ed5i chi\u1ec1u th\u01b0 th\u00e1i, n\u01a1i m\u1ecdi m\u1ec7t m\u1ecfi d\u01b0\u1eddng nh\u01b0 tan bi\u1ebfn sau l\u1edbp b\u00e1nh gi\u00f2n tan.<\/p>\n<p data-path-to-node=\"13\">\u2013 Th\u01b0\u1edfng th\u1ee9c c\u00f9ng tr\u00e0 \u0111\u1ea1o: V\u1ecb \u0111\u1eafng nh\u1eb9 c\u1ee7a tr\u00e0 xanh Nh\u1eadt B\u1ea3n (Matcha) s\u1ebd l\u00e0m t\u00f4n l\u00ean v\u1ecb ng\u1ecdt thanh v\u00e0 b\u00e9o b\u00f9i c\u1ee7a b\u00e1nh, t\u1ea1o n\u00ean m\u1ed9t s\u1ef1 k\u1ebft h\u1ee3p v\u0103n h\u00f3a \u0111\u1ea7y th\u00fa v\u1ecb.<\/p>\n<p data-path-to-node=\"13\">\u2013 \u0110i\u1ec3m xuy\u1ebft cho m\u00f3n tr\u00e1ng mi\u1ec7ng: B\u1ea1n c\u00f3 th\u1ec3 d\u00f9ng b\u00e1nh \u0111\u1ec3 \u0103n k\u00e8m v\u1edbi kem t\u01b0\u01a1i ho\u1eb7c s\u1eefa chua, t\u1ea1o th\u00eam \u0111\u1ed9 gi\u00f2n v\u00e0 h\u01b0\u01a1ng v\u1ecb m\u1edbi m\u1ebb cho c\u00e1c m\u00f3n tr\u00e1ng mi\u1ec7ng t\u1ea1i gia.<\/p>\n<p data-path-to-node=\"13\">\u2013 M\u00f3n qu\u00e0 c\u1ee7a s\u1ef1 ch\u00e2n th\u00e0nh: H\u00ecnh d\u00e1ng tr\u00e1i tim thay cho l\u1eddi mu\u1ed1n n\u00f3i, gi\u00fap nh\u1eefng cu\u1ed9c tr\u00f2 chuy\u1ec7n tr\u1edf n\u00ean \u1ea5m \u00e1p v\u00e0 g\u1ea7n g\u0169i h\u01a1n.<\/p>\n<p data-path-to-node=\"13\"><img loading=\"lazy\" decoding=\"async\" class=\"aligncenter  wp-image-44406\" src=\"https:\/\/havamall.com\/wp-content\/uploads\/2026\/01\/o2853285115564430601-scaled.jpg\" alt=\"\" width=\"790\" height=\"789\" \/><\/p>\n<p data-path-to-node=\"14\">S\u1ef1 tinh t\u1ebf trong t\u1eebng l\u1edbp b\u00e1nh Sanritsu Genji Pie ch\u00ednh l\u00e0 c\u00e1ch m\u00e0 ng\u01b0\u1eddi Nh\u1eadt g\u1eedi g\u1eafm t\u00ecnh y\u00eau v\u00e0o \u1ea9m th\u1ef1c. Nh\u1eefng chi\u1ebfc b\u00e1nh quy b\u01a1 h\u00ecnh tr\u00e1i tim n\u00e0y hi\u1ec7n \u0111ang \u0111\u01b0\u1ee3c b\u00e1n t\u1ea1i Havamall.<\/p>","protected":false},"excerpt":{"rendered":"<p>TH\u00d4NG TIN S\u1ea2N PH\u1ea8M Th\u01b0\u01a1ng hi\u1ec7u Sanritsu Xu\u1ea5t x\u1ee9 Nh\u1eadt B\u1ea3n Th\u00e0nh ph\u1ea7n B\u1ed9t m\u00ec, margarine, \u0111\u01b0\u1eddng, mu\u1ed1i, h\u01b0\u01a1ng li\u1ec7u<\/p>","protected":false},"featured_media":44090,"comment_status":"open","ping_status":"closed","template":"","meta":[],"product_brand":[],"product_cat":[675,133],"product_tag":[],"class_list":{"0":"post-44088","1":"product","2":"type-product","3":"status-publish","4":"has-post-thumbnail","6":"product_cat-nhap-khau-nhat-ban","7":"product_cat-banh-keo-chocolate","9":"first","10":"instock","11":"sale","12":"shipping-taxable","13":"purchasable","14":"product-type-simple"},"_links":{"self":[{"href":"https:\/\/havamall.vn\/en\/wp-json\/wp\/v2\/product\/44088"}],"collection":[{"href":"https:\/\/havamall.vn\/en\/wp-json\/wp\/v2\/product"}],"about":[{"href":"https:\/\/havamall.vn\/en\/wp-json\/wp\/v2\/types\/product"}],"replies":[{"embeddable":true,"href":"https:\/\/havamall.vn\/en\/wp-json\/wp\/v2\/comments?post=44088"}],"version-history":[{"count":0,"href":"https:\/\/havamall.vn\/en\/wp-json\/wp\/v2\/product\/44088\/revisions"}],"wp:featuredmedia":[{"embeddable":true,"href":"https:\/\/havamall.vn\/en\/wp-json\/wp\/v2\/media\/44090"}],"wp:attachment":[{"href":"https:\/\/havamall.vn\/en\/wp-json\/wp\/v2\/media?parent=44088"}],"wp:term":[{"taxonomy":"product_brand","embeddable":true,"href":"https:\/\/havamall.vn\/en\/wp-json\/wp\/v2\/product_brand?post=44088"},{"taxonomy":"product_cat","embeddable":true,"href":"https:\/\/havamall.vn\/en\/wp-json\/wp\/v2\/product_cat?post=44088"},{"taxonomy":"product_tag","embeddable":true,"href":"https:\/\/havamall.vn\/en\/wp-json\/wp\/v2\/product_tag?post=44088"}],"curies":[{"name":"wp","href":"https:\/\/api.w.org\/{rel}","templated":true}]}}