{"id":44077,"date":"2026-01-08T09:42:27","date_gmt":"2026-01-08T02:42:27","guid":{"rendered":"https:\/\/havamall.vn\/?post_type=product&#038;p=44077"},"modified":"2026-01-08T09:43:06","modified_gmt":"2026-01-08T02:43:06","slug":"dau-nanh-nhat-ban-luoc-size-lon-nhap-khau-thai-lan-shirakiku-400g-jumbo-soybeans-boiled-edamame-in-a-pod","status":"publish","type":"product","link":"https:\/\/havamall.vn\/en\/shop\/dau-nanh-nhat-ban-luoc-size-lon-nhap-khau-thai-lan-shirakiku-400g-jumbo-soybeans-boiled-edamame-in-a-pod\/","title":{"rendered":"\u0110\u1eadu N\u00e0nh Nh\u1eadt B\u1ea3n Lu\u1ed9c Size L\u1edbn Nh\u1eadp Kh\u1ea9u Th\u00e1i Lan Shirakiku 400g \u2013 Jumbo Soybeans Boiled Edamame In A Pod"},"content":{"rendered":"<h3 data-path-to-node=\"1\">TH\u00d4NG TIN S\u1ea2N PH\u1ea8M<\/h3>\n<table style=\"width: 43.2295%;height: 177px\" data-path-to-node=\"1\">\n<tbody>\n<tr>\n<td><span data-path-to-node=\"1,1,0,0\"><b data-path-to-node=\"1,1,0,0\" data-index-in-node=\"0\">Th\u01b0\u01a1ng hi\u1ec7u<\/b><\/span><\/td>\n<td><span data-path-to-node=\"1,1,1,0\">Shirakiku<\/span><\/td>\n<\/tr>\n<tr>\n<td><span data-path-to-node=\"1,2,0,0\"><b data-path-to-node=\"1,2,0,0\" data-index-in-node=\"0\">Xu\u1ea5t x\u1ee9<\/b><\/span><\/td>\n<td><span data-path-to-node=\"1,2,1,0\">Th\u00e1i Lan<\/span><\/td>\n<\/tr>\n<tr>\n<td><span data-path-to-node=\"1,3,0,0\"><b data-path-to-node=\"1,3,0,0\" data-index-in-node=\"0\">Th\u00e0nh ph\u1ea7n<\/b><\/span><\/td>\n<td><span data-path-to-node=\"1,3,1,0\">\u0110\u1eadu n\u00e0nh nguy\u00ean tr\u00e1i, mu\u1ed1i<\/span><\/td>\n<\/tr>\n<tr>\n<td><span data-path-to-node=\"1,4,0,0\"><b data-path-to-node=\"1,4,0,0\" data-index-in-node=\"0\">H\u1ea1n s\u1eed d\u1ee5ng<\/b><\/span><\/td>\n<td><span data-path-to-node=\"1,4,1,0\">24 th\u00e1ng k\u1ec3 t\u1eeb ng\u00e0y s\u1ea3n xu\u1ea5t<\/span><\/td>\n<\/tr>\n<tr>\n<td><span data-path-to-node=\"1,5,0,0\"><b data-path-to-node=\"1,5,0,0\" data-index-in-node=\"0\">B\u1ea3o qu\u1ea3n<\/b><\/span><\/td>\n<td><span data-path-to-node=\"1,5,1,0\">B\u1ea3o qu\u1ea3n \u0111\u00f4ng l\u1ea1nh \u1edf nhi\u1ec7t \u0111\u1ed9 -18\u00b0C ho\u1eb7c th\u1ea5p h\u01a1n<\/span><\/td>\n<\/tr>\n<tr>\n<td><span data-path-to-node=\"1,6,0,0\"><b data-path-to-node=\"1,6,0,0\" data-index-in-node=\"0\">Kh\u1ed1i l\u01b0\u1ee3ng<\/b><\/span><\/td>\n<td><span data-path-to-node=\"1,6,1,0\">400g<\/span><\/td>\n<\/tr>\n<\/tbody>\n<\/table>\n<p>C\u00e1i t\u00ean &#8220;Edamame&#8221; v\u1ec1 m\u1eb7t ch\u1eef ngh\u0129a c\u00f3 ngh\u0129a l\u00e0 &#8220;\u0111\u1eadu tr\u00ean c\u00e0nh&#8221;, \u00e1m ch\u1ec9 vi\u1ec7c ng\u01b0\u1eddi ta th\u01b0\u1eddng thu ho\u1ea1ch \u0111\u1eadu khi ch\u00fang c\u00f2n non xanh, l\u00fac h\u1ea1t v\u1eeba \u0111\u1ee7 \u0111\u1ed9 l\u1edbn nh\u01b0ng v\u1eabn gi\u1eef \u0111\u01b0\u1ee3c s\u1ef1 m\u1ec1m m\u1ea1i thay v\u00ec \u0111\u1ec3 gi\u00e0 v\u00e0 kh\u00f4 \u0111i. T\u1eeb nh\u1eefng ghi ch\u00e9p c\u1ed5 x\u01b0a, lo\u1ea1i \u0111\u1eadu n\u00e0y \u0111\u00e3 l\u00e0 ngu\u1ed3n th\u1ef1c ph\u1ea9m quan tr\u1ecdng nh\u1edd s\u1ef1 thanh \u0111\u1ea1m v\u00e0 gi\u00e0u n\u0103ng l\u01b0\u1ee3ng. D\u00f9 c\u00f3 ngu\u1ed3n g\u1ed1c l\u00e2u \u0111\u1eddi v\u00e0 tr\u1edf th\u00e0nh bi\u1ec3u t\u01b0\u1ee3ng c\u1ee7a s\u1ef1 t\u01b0\u01a1i m\u00e1t trong v\u0103n h\u00f3a \u0103n u\u1ed1ng Nh\u1eadt, nh\u01b0ng nh\u1eefng h\u1ea1t \u0111\u1eadu Shirakiku d\u00f2ng Jumbo n\u00e0y l\u1ea1i \u0111\u01b0\u1ee3c tuy\u1ec3n ch\u1ecdn t\u1eeb nh\u1eefng v\u00f9ng nguy\u00ean li\u1ec7u tr\u00f9 ph\u00fa t\u1ea1i Th\u00e1i Lan. N\u01a1i \u0111\u00e2y s\u1edf h\u1eefu \u0111i\u1ec1u ki\u1ec7n th\u1ed5 nh\u01b0\u1ee1ng l\u00fd t\u01b0\u1edfng \u0111\u1ec3 cho ra \u0111\u1eddi nh\u1eefng tr\u00e1i \u0111\u1eadu c\u00f3 k\u00edch th\u01b0\u1edbc v\u01b0\u1ee3t tr\u1ed9i, h\u1ea1t c\u0103ng m\u1ecdng v\u00e0 gi\u1eef \u0111\u01b0\u1ee3c \u0111\u1ed9 ng\u1ecdt t\u1ef1 nhi\u00ean nh\u1ea5t sau khi thu ho\u1ea1ch.<\/p>\n<p><img fetchpriority=\"high\" decoding=\"async\" class=\"aligncenter wp-image-44372\" src=\"https:\/\/havamall.com\/wp-content\/uploads\/2026\/01\/img_4044-1_8ed39dc2bcbf453a95dc99ac718a1380_master.png\" alt=\"\" width=\"801\" height=\"602\" \/><\/p>\n<p data-path-to-node=\"7\">Ch\u1ec9 nh\u1eefng tr\u00e1i \u0111\u1eadu c\u00f3 t\u1eeb hai \u0111\u1ebfn ba h\u1ea1t ch\u1eafc kh\u1ecfe, v\u1ecf ngo\u00e0i xanh t\u01b0\u01a1i v\u00e0 c\u00f3 l\u1edbp l\u00f4ng t\u01a1 m\u1ecbn \u0111\u1eb7c tr\u01b0ng m\u1edbi \u0111\u01b0\u1ee3c l\u1ef1a ch\u1ecdn. Sau khi thu ho\u1ea1ch, \u0111\u1eadu \u0111\u01b0\u1ee3c \u0111\u01b0a v\u00e0o quy tr\u00ecnh lu\u1ed9c s\u01a1 v\u1edbi m\u1ed9t ch\u00fat mu\u1ed1i tinh \u0111\u1ec3 kh\u00f3a l\u1ea1i m\u00e0u xanh ng\u1ecdc b\u00edch v\u00e0 \u0111\u1ed9 ng\u1ecdt t\u1ef1 nhi\u00ean, sau \u0111\u00f3 \u0111\u01b0\u1ee3c c\u1ea5p \u0111\u00f4ng si\u00eau t\u1ed1c.<\/p>\n<p data-path-to-node=\"7\"><img decoding=\"async\" class=\"aligncenter wp-image-44373\" src=\"https:\/\/havamall.com\/wp-content\/uploads\/2026\/01\/Edamame-Beans-with-Japanese-7-Spice-Blend-9-BEST-SQ-scaled.jpg\" alt=\"\" width=\"800\" height=\"788\" \/><\/p>\n<p data-path-to-node=\"8\">Ch\u00ednh nh\u1edd c\u00f4ng ngh\u1ec7 c\u1ea5p \u0111\u00f4ng hi\u1ec7n \u0111\u1ea1i n\u00e0y m\u00e0 khi \u0111\u1ebfn tay ng\u01b0\u1eddi d\u00f9ng, m\u1ed7i h\u1ea1t \u0111\u1eadu v\u1eabn gi\u1eef \u0111\u01b0\u1ee3c \u0111\u1ed9 gi\u00f2n nh\u1eb9 b\u00ean ngo\u00e0i v\u00e0 s\u1ef1 b\u00f9i ng\u1eady, d\u1ebbo th\u01a1m b\u00ean trong. S\u1ef1 k\u1ebft h\u1ee3p gi\u1eefa v\u1ecb m\u1eb7n nh\u1eb9 c\u1ee7a mu\u1ed1i ng\u1ea5m v\u00e0o v\u1ecf v\u00e0 v\u1ecb ng\u1ecdt b\u00e9o c\u1ee7a h\u1ea1t t\u1ea1o n\u00ean m\u1ed9t s\u1ef1 c\u00e2n b\u1eb1ng ho\u00e0n h\u1ea3o, khi\u1ebfn ng\u01b0\u1eddi \u0103n c\u1ee9 mu\u1ed1n th\u01b0\u1edfng th\u1ee9c m\u00e3i kh\u00f4ng th\u00f4i.<\/p>\n<p data-path-to-node=\"8\"><img decoding=\"async\" class=\"aligncenter wp-image-44374\" src=\"https:\/\/havamall.com\/wp-content\/uploads\/2026\/01\/edamame_la_gi_edamame_co_tac_dung_gi_doi_voi_suc_khoe_1_8ae8b56f38.jpg\" alt=\"\" width=\"800\" height=\"450\" \/><\/p>\n<h3 data-path-to-node=\"9\">NGU\u1ed2N DINH D\u01af\u1ee0NG QU\u00dd GI\u00c1 TRONG NH\u1eeeNG H\u1ea0T \u0110\u1eacU NH\u1ece<\/h3>\n<p>\u2013 Gi\u00e0u ch\u1ea5t x\u01a1 v\u00e0 s\u1eaft: Gi\u00fap h\u1ed7 tr\u1ee3 h\u1ec7 ti\u00eau h\u00f3a ho\u1ea1t \u0111\u1ed9ng tr\u01a1n tru v\u00e0 b\u1ed5 sung n\u0103ng l\u01b0\u1ee3ng cho c\u01a1 th\u1ec3 m\u1ed9t c\u00e1ch b\u1ec1n b\u1ec9.<\/p>\n<p>\u2013 H\u00e0m l\u01b0\u1ee3ng Isoflavone cao: M\u1ed9t h\u1ee3p ch\u1ea5t t\u1ef1 nhi\u00ean h\u1ed7 tr\u1ee3 r\u1ea5t t\u1ed1t cho s\u1ee9c kh\u1ecfe tim m\u1ea1ch v\u00e0 c\u00e2n b\u1eb1ng n\u1ed9i ti\u1ebft t\u1ed1.<\/p>\n<p>\u2013 Vitamin v\u00e0 kho\u00e1ng ch\u1ea5t: \u0110\u1eadu n\u00e0nh Nh\u1eadt ch\u1ee9a nhi\u1ec1u folate, vitamin K v\u00e0 mangan, gi\u00fap x\u01b0\u01a1ng ch\u1eafc kh\u1ecfe v\u00e0 t\u0103ng c\u01b0\u1eddng s\u1ee9c \u0111\u1ec1 kh\u00e1ng. H\u01a1n h\u1ebft, \u0111\u00e2y l\u00e0 m\u00f3n \u0103n c\u00f3 ch\u1ec9 s\u1ed1 \u0111\u01b0\u1eddng huy\u1ebft th\u1ea5p, c\u1ef1c k\u1ef3 ph\u00f9 h\u1ee3p cho nh\u1eefng ng\u01b0\u1eddi \u0111ang trong ch\u1ebf \u0111\u1ed9 ki\u1ec3m so\u00e1t c\u00e2n n\u1eb7ng nh\u01b0ng v\u1eabn c\u1ea7n m\u1ed9t b\u1eefa \u0103n nh\u1eb9 \u0111\u1ea7y \u0111\u1ee7 ch\u1ea5t.<\/p>\n<p><img loading=\"lazy\" decoding=\"async\" class=\"aligncenter wp-image-44376\" src=\"https:\/\/havamall.com\/wp-content\/uploads\/2026\/01\/Edamame-Rice.jpg\" alt=\"\" width=\"801\" height=\"1068\" \/><\/p>\n<h3 data-path-to-node=\"9\">C\u00c1CH S\u1eec D\u1ee4NG<\/h3>\n<p data-path-to-node=\"14\">\u2013 M\u00f3n khai v\u1ecb thanh tao: Ch\u1ec9 c\u1ea7n r\u00e3 \u0111\u00f4ng t\u1ef1 nhi\u00ean ho\u1eb7c h\u1ea5p n\u00f3ng trong v\u00e0i ph\u00fat, nh\u1eefng qu\u1ea3 \u0111\u1eadu xanh m\u01b0\u1edbt \u0111\u00e3 s\u1eb5n s\u00e0ng \u0111\u1ec3 tr\u1edf th\u00e0nh m\u00f3n nh\u00e2m nhi \u0111\u1ea7y c\u1ea3m h\u1ee9ng trong c\u00e1c bu\u1ed5i sum h\u1ecdp.<\/p>\n<p data-path-to-node=\"14\">\u2013 Nguy\u00ean li\u1ec7u cho c\u00e1c m\u00f3n Salad v\u00e0 Poke: H\u1ea1t \u0111\u1eadu sau khi t\u00e1ch v\u1ecf c\u00f3 th\u1ec3 tr\u1ed9n c\u00f9ng c\u00e1c lo\u1ea1i rau c\u1ee7 t\u01b0\u01a1i, c\u00e1 h\u1ed3i ho\u1eb7c g\u1ea1o l\u1ee9t, t\u1ea1o n\u00ean s\u1ef1 giao thoa h\u00e0i h\u00f2a v\u1ec1 c\u1ea3 m\u00e0u s\u1eafc l\u1eabn h\u01b0\u01a1ng v\u1ecb.<\/p>\n<p data-path-to-node=\"14\">\u2013 \u0110i\u1ec3m nh\u1ea5n cho c\u00e1c m\u00f3n s\u00fap: V\u1ecb ng\u1ecdt thanh c\u1ee7a \u0111\u1eadu khi n\u1ea5u c\u00f9ng n\u01b0\u1edbc d\u00f9ng s\u00fap Miso hay s\u00fap rau c\u1ee7 s\u1ebd l\u00e0m t\u0103ng th\u00eam \u0111\u1ed9 s\u00e2u v\u00e0 gi\u00e1 tr\u1ecb dinh d\u01b0\u1ee1ng cho b\u1eefa \u0103n.<\/p>\n<p data-path-to-node=\"14\"><img loading=\"lazy\" decoding=\"async\" class=\"aligncenter wp-image-44377\" src=\"https:\/\/havamall.com\/wp-content\/uploads\/2026\/01\/Edamame-Mushrooms-StirFry-scaled-2.jpg\" alt=\"\" width=\"800\" height=\"800\" \/><\/p>\n<p data-path-to-node=\"15\">Hi\u1ec7n t\u1ea1i, d\u00f2ng \u0111\u1eadu n\u00e0nh Nh\u1eadt lu\u1ed9c nguy\u00ean qu\u1ea3 Jumbo \u0111ang \u0111\u01b0\u1ee3c b\u00e1n t\u1ea1i Havamall.<\/p>","protected":false},"excerpt":{"rendered":"<p>TH\u00d4NG TIN S\u1ea2N PH\u1ea8M Th\u01b0\u01a1ng hi\u1ec7u Shirakiku Xu\u1ea5t x\u1ee9 Th\u00e1i Lan Th\u00e0nh ph\u1ea7n \u0110\u1eadu n\u00e0nh nguy\u00ean tr\u00e1i, mu\u1ed1i H\u1ea1n s\u1eed<\/p>","protected":false},"featured_media":44080,"comment_status":"open","ping_status":"closed","template":"","meta":[],"product_brand":[],"product_cat":[677,275],"product_tag":[],"class_list":{"0":"post-44077","1":"product","2":"type-product","3":"status-publish","4":"has-post-thumbnail","6":"product_cat-cac-nuoc-khac","7":"product_cat-thuc-pham-dong-lanh","9":"first","10":"instock","11":"sale","12":"shipping-taxable","13":"purchasable","14":"product-type-simple"},"_links":{"self":[{"href":"https:\/\/havamall.vn\/en\/wp-json\/wp\/v2\/product\/44077"}],"collection":[{"href":"https:\/\/havamall.vn\/en\/wp-json\/wp\/v2\/product"}],"about":[{"href":"https:\/\/havamall.vn\/en\/wp-json\/wp\/v2\/types\/product"}],"replies":[{"embeddable":true,"href":"https:\/\/havamall.vn\/en\/wp-json\/wp\/v2\/comments?post=44077"}],"version-history":[{"count":0,"href":"https:\/\/havamall.vn\/en\/wp-json\/wp\/v2\/product\/44077\/revisions"}],"wp:featuredmedia":[{"embeddable":true,"href":"https:\/\/havamall.vn\/en\/wp-json\/wp\/v2\/media\/44080"}],"wp:attachment":[{"href":"https:\/\/havamall.vn\/en\/wp-json\/wp\/v2\/media?parent=44077"}],"wp:term":[{"taxonomy":"product_brand","embeddable":true,"href":"https:\/\/havamall.vn\/en\/wp-json\/wp\/v2\/product_brand?post=44077"},{"taxonomy":"product_cat","embeddable":true,"href":"https:\/\/havamall.vn\/en\/wp-json\/wp\/v2\/product_cat?post=44077"},{"taxonomy":"product_tag","embeddable":true,"href":"https:\/\/havamall.vn\/en\/wp-json\/wp\/v2\/product_tag?post=44077"}],"curies":[{"name":"wp","href":"https:\/\/api.w.org\/{rel}","templated":true}]}}