{"id":44054,"date":"2026-01-02T13:07:01","date_gmt":"2026-01-02T06:07:01","guid":{"rendered":"https:\/\/havamall.vn\/?post_type=product&#038;p=44054"},"modified":"2026-01-02T13:07:05","modified_gmt":"2026-01-02T06:07:05","slug":"pho-mai-ricotta-nhap-khau-phap-beillevaire-400g-beillevaire-ricotta-cheese","status":"publish","type":"product","link":"https:\/\/havamall.vn\/en\/shop\/pho-mai-ricotta-nhap-khau-phap-beillevaire-400g-beillevaire-ricotta-cheese\/","title":{"rendered":"Ph\u00f4 Mai Ricotta Nh\u1eadp Kh\u1ea9u Ph\u00e1p Beillevaire 400g \u2013 Beillevaire Ricotta Cheese"},"content":{"rendered":"<h3 data-path-to-node=\"1\">TH\u00d4NG TIN S\u1ea2N PH\u1ea8M<\/h3>\n<div class=\"horizontal-scroll-wrapper\">\n<div class=\"table-block-component\">\n<div class=\"table-block has-export-button new-table-style\">\n<div class=\"table-content not-end-of-paragraph\" data-hveid=\"0\" data-ved=\"0CAAQ3ecQahgKEwi1gb_Cn9CRAxUAAAAAHQAAAAAQ6Q0\">\n<table style=\"width: 86.0516%;height: 180px\" data-path-to-node=\"2\">\n<tbody>\n<tr>\n<td><span data-path-to-node=\"2,1,0,0\"><b data-path-to-node=\"2,1,0,0\" data-index-in-node=\"0\">Th\u01b0\u01a1ng hi\u1ec7u<\/b><\/span><\/td>\n<td><span data-path-to-node=\"2,1,1,0\">Beillevaire<\/span><\/td>\n<\/tr>\n<tr>\n<td><span data-path-to-node=\"2,2,0,0\"><b data-path-to-node=\"2,2,0,0\" data-index-in-node=\"0\">Xu\u1ea5t x\u1ee9<\/b><\/span><\/td>\n<td><span data-path-to-node=\"2,2,1,0\">Ph\u00e1p (S\u1ea3n xu\u1ea5t t\u1ea1i v\u00f9ng Is\u00e8re)<\/span><\/td>\n<\/tr>\n<tr>\n<td><span data-path-to-node=\"2,3,0,0\"><b data-path-to-node=\"2,3,0,0\" data-index-in-node=\"0\">Th\u00e0nh ph\u1ea7n<\/b><\/span><\/td>\n<td><span data-path-to-node=\"2,3,1,0\">Huy\u1ebft thanh s\u1eefa (v\u00e1ng s\u1eefa), s\u1eefa b\u00f2 t\u00e1ch b\u00e9o, s\u1eefa b\u00f2 nguy\u00ean ch\u1ea5t thanh tr\u00f9ng, mu\u1ed1i, ch\u1ea5t \u0111i\u1ec1u ch\u1ec9nh \u0111\u1ed9 acid<\/span><\/td>\n<\/tr>\n<tr>\n<td><span data-path-to-node=\"2,4,0,0\"><b data-path-to-node=\"2,4,0,0\" data-index-in-node=\"0\">H\u1ea1n s\u1eed d\u1ee5ng<\/b><\/span><\/td>\n<td><span data-path-to-node=\"2,4,1,0\">Xem tr\u00ean bao b\u00ec s\u1ea3n ph\u1ea9m<\/span><\/td>\n<\/tr>\n<tr>\n<td><span data-path-to-node=\"2,5,0,0\"><b data-path-to-node=\"2,5,0,0\" data-index-in-node=\"0\">B\u1ea3o qu\u1ea3n<\/b><\/span><\/td>\n<td><span data-path-to-node=\"2,5,1,0\">Lu\u00f4n gi\u1eef l\u1ea1nh \u1edf nhi\u1ec7t \u0111\u1ed9 t\u1eeb 0\u00b0C \u0111\u1ebfn 6\u00b0C<\/span><\/td>\n<\/tr>\n<tr>\n<td><span data-path-to-node=\"2,6,0,0\"><b data-path-to-node=\"2,6,0,0\" data-index-in-node=\"0\">Kh\u1ed1i l\u01b0\u1ee3ng<\/b><\/span><\/td>\n<td><span data-path-to-node=\"2,6,1,0\">400g<\/span><\/td>\n<\/tr>\n<\/tbody>\n<\/table>\n<p>Beillevaire kh\u00f4ng ch\u1ec9 \u0111\u01a1n thu\u1ea7n l\u00e0 m\u1ed9t th\u01b0\u01a1ng hi\u1ec7u th\u1ef1c ph\u1ea9m, m\u00e0 l\u00e0 bi\u1ec3u t\u01b0\u1ee3ng c\u1ee7a tinh hoa ph\u00f4 mai th\u1ee7 c\u00f4ng n\u01b0\u1edbc Ph\u00e1p v\u1edbi l\u1ecbch s\u1eed h\u01a1n 40 n\u0103m h\u00ecnh th\u00e0nh. Kh\u1edfi \u0111\u1ea7u t\u1eeb ni\u1ec1m \u0111am m\u00ea c\u1ee7a Pascal Beillevaire t\u1ea1i v\u00f9ng Loire-Atlantique, th\u01b0\u01a1ng hi\u1ec7u n\u00e0y \u0111\u00e3 ph\u00e1t tri\u1ec3n d\u1ef1a tr\u00ean tri\u1ebft l\u00fd g\u00ecn gi\u1eef c\u00e1c ph\u01b0\u01a1ng ph\u00e1p s\u1ea3n xu\u1ea5t truy\u1ec1n th\u1ed1ng v\u00e0 t\u00f4n tr\u1ecdng ngu\u1ed3n nguy\u00ean li\u1ec7u t\u1ef1 nhi\u00ean nh\u1ea5t. D\u00f2ng ph\u00f4 mai Ricotta Beillevaire \u0111\u01b0\u1ee3c s\u1ea3n xu\u1ea5t t\u1ea1i v\u00f9ng Is\u00e8re th\u01a1 m\u1ed9ng, n\u01a1i s\u1edf h\u1eefu nh\u1eefng c\u00e1nh \u0111\u1ed3ng c\u1ecf xanh m\u01b0\u1edbt cho ra \u0111\u1eddi ngu\u1ed3n s\u1eefa b\u00f2 thanh khi\u1ebft, mang \u0111\u1eadm b\u1ea3n s\u1eafc v\u0103n h\u00f3a \u1ea9m th\u1ef1c v\u00f9ng n\u00fai ph\u00eda \u0110\u00f4ng Nam n\u01b0\u1edbc Ph\u00e1p.<\/p>\n<p><img fetchpriority=\"high\" decoding=\"async\" class=\"aligncenter\" src=\"https:\/\/havamall.com\/wp-content\/uploads\/2026\/01\/Cottage-cheese-and-ricotta-cheese.jpg\" width=\"800\" height=\"800\" \/><\/p>\n<p>Ricotta trong ti\u1ebfng \u00dd c\u00f3 ngh\u0129a l\u00e0 &#8220;n\u1ea5u l\u1ea1i m\u1ed9t l\u1ea7n n\u1eefa&#8221;, m\u00f4 t\u1ea3 ch\u00ednh x\u00e1c quy tr\u00ecnh h\u00ecnh th\u00e0nh n\u00ean lo\u1ea1i ph\u00f4 mai \u0111\u1eb7c bi\u1ec7t n\u00e0y t\u1eeb vi\u1ec7c \u0111un n\u00f3ng v\u00e1ng s\u1eefa. Ph\u00f4 mai Ricotta Beillevaire s\u1edf h\u1eefu m\u1ed9t m\u00e0u tr\u1eafng tinh kh\u00f4i, k\u1ebft c\u1ea5u d\u1ea1ng h\u1ea1t m\u1ecbn, m\u1ec1m m\u01b0\u1ee3t v\u00e0 t\u01a1i x\u1ed1p nh\u01b0 nh\u1eefng \u0111\u00e1m m\u00e2y nh\u1ecf.<\/p>\n<p><img decoding=\"async\" class=\"aligncenter\" src=\"https:\/\/images.food52.com\/A3tvDf9sA9t1pMi0q__MTDKvUgo=\/27028cb1-5a93-4f4b-a178-08edf5ad1faa--IMG_3345.JPG?w=3840&amp;q=75\" width=\"801\" height=\"534\" \/><\/p>\n<p>Khi th\u01b0\u1edfng th\u1ee9c, h\u01b0\u01a1ng v\u1ecb \u0111\u1ea7u ti\u00ean ch\u1ea1m v\u00e0o v\u1ecb gi\u00e1c l\u00e0 s\u1ef1 ng\u1ecdt thanh d\u1ecbu nh\u1eb9 t\u1eeb s\u1eefa b\u00f2 t\u01b0\u01a1i, h\u00f2a quy\u1ec7n c\u00f9ng ch\u00fat b\u00e9o ng\u1eady m\u01b0\u1ee3t m\u00e0 nh\u01b0ng kh\u00f4ng h\u1ec1 g\u00e2y c\u1ea3m gi\u00e1c ng\u1ea5y. Kh\u00e1c v\u1edbi c\u00e1c lo\u1ea1i ph\u00f4 mai c\u1ee9ng hay ph\u00f4 mai \u1ee7 l\u00e2u ng\u00e0y, Ricotta mang \u0111\u1ebfn m\u1ed9t s\u1ef1 t\u01b0\u01a1i m\u1edbi, thanh khi\u1ebft, ph\u1ea3n \u00e1nh tr\u1ecdn v\u1eb9n \u0111\u1ed9 t\u01b0\u01a1i c\u1ee7a nguy\u00ean li\u1ec7u ngay khi v\u1eeba m\u1edbi th\u00e0nh h\u00ecnh.<\/p>\n<p><img decoding=\"async\" class=\"aligncenter\" src=\"https:\/\/havamall.com\/wp-content\/uploads\/2026\/01\/ricotta.webp\" width=\"800\" height=\"600\" \/><\/p>\n<p data-path-to-node=\"8\"><span style=\"font-size: 14pt\"><strong>GI\u00c1 TR\u1eca DINH D\u01af\u1ee0NG V\u00c0 L\u1ee2I \u00cdCH S\u1ee8C KH\u1eceE<\/strong><\/span><\/p>\n<p data-path-to-node=\"8\">\u2013 H\u00e0m l\u01b0\u1ee3ng Protein ch\u1ea5t l\u01b0\u1ee3ng cao: Cung c\u1ea5p ngu\u1ed3n \u0111\u1ea1m d\u1ec5 h\u1ea5p th\u1ee5, h\u1ed7 tr\u1ee3 qu\u00e1 tr\u00ecnh t\u00e1i t\u1ea1o c\u01a1 b\u1eafp v\u00e0 duy tr\u00ec n\u0103ng l\u01b0\u1ee3ng b\u1ec1n b\u1ec9 cho c\u01a1 th\u1ec3.<\/p>\n<p data-path-to-node=\"8\">\u2013 Gi\u00e0u Canxi v\u00e0 Kho\u00e1ng ch\u1ea5t: H\u1ed7 tr\u1ee3 h\u1ec7 x\u01b0\u01a1ng kh\u1edbp ch\u1eafc kh\u1ecfe, \u0111\u1eb7c bi\u1ec7t ph\u00f9 h\u1ee3p cho tr\u1ebb em trong giai \u0111o\u1ea1n ph\u00e1t tri\u1ec3n v\u00e0 ng\u01b0\u1eddi l\u1edbn tu\u1ed5i.<\/p>\n<p data-path-to-node=\"8\">\u2013 \u00cdt b\u00e9o v\u00e0 \u00edt mu\u1ed1i: So v\u1edbi c\u00e1c lo\u1ea1i ph\u00f4 mai kh\u00e1c, Ricotta c\u00f3 h\u00e0m l\u01b0\u1ee3ng ch\u1ea5t b\u00e9o v\u00e0 natri th\u1ea5p h\u01a1n \u0111\u00e1ng k\u1ec3, l\u00e0 l\u1ef1a ch\u1ecdn tuy\u1ec7t v\u1eddi cho nh\u1eefng ng\u01b0\u1eddi \u0111ang \u00e1p d\u1ee5ng ch\u1ebf \u0111\u1ed9 \u0103n u\u1ed1ng ki\u1ec3m so\u00e1t c\u00e2n n\u1eb7ng ho\u1eb7c c\u00f3 v\u1ea5n \u0111\u1ec1 v\u1ec1 huy\u1ebft \u00e1p.<\/p>\n<p data-path-to-node=\"8\">\u2013 Ngu\u1ed3n Vitamin d\u1ed3i d\u00e0o: Ch\u1ee9a nhi\u1ec1u Vitamin A, B12 v\u00e0 Riboflavin gi\u00fap t\u0103ng c\u01b0\u1eddng th\u1ecb l\u1ef1c v\u00e0 h\u1ed7 tr\u1ee3 h\u1ec7 th\u1ea7n kinh ho\u1ea1t \u0111\u1ed9ng \u1ed5n \u0111\u1ecbnh.<\/p>\n<p data-path-to-node=\"8\"><img loading=\"lazy\" decoding=\"async\" class=\"aligncenter\" src=\"https:\/\/havamall.com\/wp-content\/uploads\/2026\/01\/ricotta-sm3-1-of-1.jpg\" width=\"800\" height=\"420\" \/><\/p>\n<\/div>\n<p data-path-to-node=\"10\"><span style=\"font-size: 14pt\"><strong>S\u1ef0 BI\u1ebeN T\u1ea4U \u0110A D\u1ea0NG TRONG NGH\u1ec6 THU\u1eacT \u1ea8M TH\u1ef0C<\/strong><\/span><\/p>\n<p data-path-to-node=\"10\">\u2013 B\u1eefa s\u00e1ng dinh d\u01b0\u1ee1ng: Ph\u1ebft m\u1ed9t l\u1edbp ph\u00f4 mai d\u00e0y l\u00ean b\u00e1nh m\u00ec n\u01b0\u1edbng (tartine), k\u1ebft h\u1ee3p c\u00f9ng v\u00e0i l\u00e1t b\u01a1 t\u01b0\u01a1i, m\u1eadt ong ho\u1eb7c c\u00e1c lo\u1ea1i h\u1ea1t \u0111\u1ec3 b\u1eaft \u0111\u1ea7u ng\u00e0y m\u1edbi \u0111\u1ea7y h\u1ee9ng kh\u1edfi.<\/p>\n<p data-path-to-node=\"10\">\u2013 Nh\u00e2n cho c\u00e1c m\u00f3n m\u1ef3 \u00dd: L\u00e0 th\u00e0nh ph\u1ea7n kh\u00f4ng th\u1ec3 thi\u1ebfu \u0111\u1ec3 t\u1ea1o n\u00ean l\u1edbp nh\u00e2n b\u00e9o ng\u1eady cho m\u00f3n b\u00e1nh Ravioli, Cannelloni hay m\u00f3n Lasagna truy\u1ec1n th\u1ed1ng, mang l\u1ea1i \u0111\u1ed9 m\u1ec1m m\u01b0\u1ee3t kh\u00f3 c\u01b0\u1ee1ng.<\/p>\n<p data-path-to-node=\"10\"><img loading=\"lazy\" decoding=\"async\" class=\"aligncenter\" src=\"https:\/\/www.foodnetwork.com\/content\/dam\/images\/food\/fullset\/2016\/5\/17\/1\/FNK_Homemade-Whole-Milk-Ricotta_s4x3.jpg\" width=\"800\" height=\"600\" \/><\/p>\n<p data-path-to-node=\"10\">\u2013 Salad thanh nh\u1eb9: \u0110\u00e1nh b\u00f4ng ph\u00f4 mai r\u1ed3i r\u1ea3i l\u00ean tr\u00ean c\u00e1c \u0111\u0129a salad tr\u00e1i c\u00e2y ho\u1eb7c rau c\u1ee7 t\u01b0\u01a1i \u0111\u1ec3 t\u0103ng th\u00eam \u0111\u1ed9 b\u00e9o v\u00e0 s\u1ef1 c\u00e2n b\u1eb1ng v\u1ecb gi\u00e1c cho m\u00f3n \u0103n.<\/p>\n<p data-path-to-node=\"10\">\u2013 \u0110\u1ed3 tr\u00e1ng mi\u1ec7ng th\u01b0\u1ee3ng h\u1ea1ng: S\u1eed d\u1ee5ng l\u00e0m c\u1ed1t b\u00e1nh Cheesecake, nh\u00e2n b\u00e1nh Cannoli ki\u1ec3u \u00dd ho\u1eb7c \u0111\u01a1n gi\u1ea3n l\u00e0 tr\u1ed9n c\u00f9ng qu\u1ea3 m\u1ecdng t\u01b0\u01a1i cho m\u1ed9t m\u00f3n tr\u00e1ng mi\u1ec7ng thanh tao v\u00e0 sang tr\u1ecdng.<\/p>\n<p data-path-to-node=\"10\">\u2013 N\u1ea5u s\u00fap v\u00e0 s\u1ed1t: Th\u00eam m\u1ed9t th\u00eca Ricotta v\u00e0o c\u00e1c lo\u1ea1i s\u00fap rau c\u1ee7 ho\u1eb7c s\u1ed1t m\u1ef3 \u00dd \u0111\u1ec3 t\u1ea1o n\u00ean k\u1ebft c\u1ea5u \u0111\u1eb7c s\u00e1nh t\u1ef1 nhi\u00ean m\u00e0 kh\u00f4ng c\u1ea7n d\u00f9ng \u0111\u1ebfn b\u1ed9t hay kem t\u01b0\u01a1i qu\u00e1 nhi\u1ec1u.<\/p>\n<p data-path-to-node=\"10\"><img loading=\"lazy\" decoding=\"async\" class=\"aligncenter\" src=\"https:\/\/havamall.com\/wp-content\/uploads\/2026\/01\/T3_Ricottacheesesalad_pizzamaruusa.jpg\" width=\"801\" height=\"746\" \/><\/p>\n<p data-path-to-node=\"10\"><em><strong>Ph\u00f4 mai Ricotta Beillevaire 400g hi\u1ec7n \u0111ang \u0111\u01b0\u1ee3c b\u00e1n tr\u1ef1c ti\u1ebfp t\u1ea1i c\u1eeda h\u00e0ng Havamall.<\/strong><\/em><\/p>\n<\/div>\n<\/div>\n<\/div>","protected":false},"excerpt":{"rendered":"<p>TH\u00d4NG TIN S\u1ea2N PH\u1ea8M Th\u01b0\u01a1ng hi\u1ec7u Beillevaire Xu\u1ea5t x\u1ee9 Ph\u00e1p (S\u1ea3n xu\u1ea5t t\u1ea1i v\u00f9ng Is\u00e8re) Th\u00e0nh ph\u1ea7n Huy\u1ebft thanh s\u1eefa<\/p>","protected":false},"featured_media":44055,"comment_status":"open","ping_status":"closed","template":"","meta":[],"product_brand":[],"product_cat":[671,275],"product_tag":[],"class_list":{"0":"post-44054","1":"product","2":"type-product","3":"status-publish","4":"has-post-thumbnail","6":"product_cat-nhap-khau-phap","7":"product_cat-thuc-pham-dong-lanh","9":"first","10":"instock","11":"sale","12":"shipping-taxable","13":"purchasable","14":"product-type-simple"},"_links":{"self":[{"href":"https:\/\/havamall.vn\/en\/wp-json\/wp\/v2\/product\/44054"}],"collection":[{"href":"https:\/\/havamall.vn\/en\/wp-json\/wp\/v2\/product"}],"about":[{"href":"https:\/\/havamall.vn\/en\/wp-json\/wp\/v2\/types\/product"}],"replies":[{"embeddable":true,"href":"https:\/\/havamall.vn\/en\/wp-json\/wp\/v2\/comments?post=44054"}],"version-history":[{"count":0,"href":"https:\/\/havamall.vn\/en\/wp-json\/wp\/v2\/product\/44054\/revisions"}],"wp:featuredmedia":[{"embeddable":true,"href":"https:\/\/havamall.vn\/en\/wp-json\/wp\/v2\/media\/44055"}],"wp:attachment":[{"href":"https:\/\/havamall.vn\/en\/wp-json\/wp\/v2\/media?parent=44054"}],"wp:term":[{"taxonomy":"product_brand","embeddable":true,"href":"https:\/\/havamall.vn\/en\/wp-json\/wp\/v2\/product_brand?post=44054"},{"taxonomy":"product_cat","embeddable":true,"href":"https:\/\/havamall.vn\/en\/wp-json\/wp\/v2\/product_cat?post=44054"},{"taxonomy":"product_tag","embeddable":true,"href":"https:\/\/havamall.vn\/en\/wp-json\/wp\/v2\/product_tag?post=44054"}],"curies":[{"name":"wp","href":"https:\/\/api.w.org\/{rel}","templated":true}]}}