{"id":44038,"date":"2025-12-30T12:05:21","date_gmt":"2025-12-30T05:05:21","guid":{"rendered":"https:\/\/havamall.vn\/?post_type=product&#038;p=44038"},"modified":"2026-02-23T10:56:11","modified_gmt":"2026-02-23T03:56:11","slug":"pho-mai-nuong-mozzarella-600g-mu-min-roasted-mozzarella-cheese","status":"publish","type":"product","link":"https:\/\/havamall.vn\/en\/shop\/pho-mai-nuong-mozzarella-600g-mu-min-roasted-mozzarella-cheese\/","title":{"rendered":"Ph\u00f4 Mai N\u01b0\u1edbng Mozzarella 600g \u2013 Mu Min Roasted Mozzarella Cheese"},"content":{"rendered":"<h3 data-path-to-node=\"1\">TH\u00d4NG TIN S\u1ea2N PH\u1ea8M<\/h3>\n<div class=\"horizontal-scroll-wrapper\">\n<div class=\"table-block-component\">\n<div class=\"table-block has-export-button new-table-style\">\n<div class=\"table-content not-end-of-paragraph\" data-hveid=\"0\" data-ved=\"0CAAQ3ecQahgKEwi1gb_Cn9CRAxUAAAAAHQAAAAAQ1ww\">\n<table style=\"width: 61.2216%;height: 159px\" data-path-to-node=\"2\">\n<tbody>\n<tr>\n<td><span data-path-to-node=\"2,1,0,0\"><b data-path-to-node=\"2,1,0,0\" data-index-in-node=\"0\">Th\u01b0\u01a1ng hi\u1ec7u<\/b><\/span><\/td>\n<td><span data-path-to-node=\"2,1,1,0\">M\u1ee5c D\u00e2n (Mu Min)<\/span><\/td>\n<\/tr>\n<tr>\n<td><span data-path-to-node=\"2,2,0,0\"><b data-path-to-node=\"2,2,0,0\" data-index-in-node=\"0\">Xu\u1ea5t x\u1ee9<\/b><\/span><\/td>\n<td><span data-path-to-node=\"2,2,1,0\">Trung Qu\u1ed1c<\/span><\/td>\n<\/tr>\n<tr>\n<td><span data-path-to-node=\"2,3,0,0\"><b data-path-to-node=\"2,3,0,0\" data-index-in-node=\"0\">Th\u00e0nh ph\u1ea7n<\/b><\/span><\/td>\n<td><span data-path-to-node=\"2,3,1,0\">Ph\u00f4 mai (s\u1eefa b\u00f2, mu\u1ed1i, men, enzyme), n\u01b0\u1edbc, b\u01a1, s\u1eefa b\u1ed9t g\u1ea7y, ch\u1ea5t nh\u0169 h\u00f3a, mu\u1ed1i \u0103n<\/span><\/td>\n<\/tr>\n<tr>\n<td><span data-path-to-node=\"2,4,0,0\"><b data-path-to-node=\"2,4,0,0\" data-index-in-node=\"0\">H\u1ea1n s\u1eed d\u1ee5ng<\/b><\/span><\/td>\n<td><span data-path-to-node=\"2,4,1,0\">12 th\u00e1ng k\u1ec3 t\u1eeb ng\u00e0y s\u1ea3n xu\u1ea5t<\/span><\/td>\n<\/tr>\n<tr>\n<td><span data-path-to-node=\"2,5,0,0\"><b data-path-to-node=\"2,5,0,0\" data-index-in-node=\"0\">B\u1ea3o qu\u1ea3n<\/b><\/span><\/td>\n<td><span data-path-to-node=\"2,5,1,0\">Ng\u0103n \u0111\u00f4ng t\u1ee7 l\u1ea1nh \u1edf nhi\u1ec7t \u0111\u1ed9 d\u01b0\u1edbi -18\u00b0C<\/span><\/td>\n<\/tr>\n<tr>\n<td><span data-path-to-node=\"2,6,0,0\"><b data-path-to-node=\"2,6,0,0\" data-index-in-node=\"0\">Kh\u1ed1i l\u01b0\u1ee3ng<\/b><\/span><\/td>\n<td><span data-path-to-node=\"2,6,1,0\">600g (G\u1ed3m 10 thanh)<\/span><\/td>\n<\/tr>\n<\/tbody>\n<\/table>\n<p>Trong nh\u1eefng n\u0103m g\u1ea7n \u0111\u00e2y, \u1ea9m th\u1ef1c n\u1ed9i \u0111\u1ecba Trung Qu\u1ed1c \u0111\u00e3 t\u1ea1o n\u00ean nh\u1eefng c\u01a1n s\u1ed1t m\u1ea1nh m\u1ebd tr\u00ean to\u00e0n th\u1ebf gi\u1edbi v\u1edbi s\u1ef1 s\u00e1ng t\u1ea1o kh\u00f4ng gi\u1edbi h\u1ea1n t\u1eeb nh\u1eefng nguy\u00ean li\u1ec7u quen thu\u1ed9c. Th\u01b0\u01a1ng hi\u1ec7u M\u1ee5c D\u00e2n, m\u1ed9t t\u00ean tu\u1ed5i uy t\u00edn trong ng\u00e0nh s\u1ea3n xu\u1ea5t c\u00e1c s\u1ea3n ph\u1ea9m t\u1eeb s\u1eefa t\u1ea1i th\u1ecb tr\u01b0\u1eddng n\u1ed9i \u0111\u1ecba, \u0111\u00e3 n\u00e2ng t\u1ea7m m\u00f3n ph\u00f4 mai truy\u1ec1n th\u1ed1ng th\u00e0nh m\u1ed9t tr\u1ea3i nghi\u1ec7m \u1ea9m th\u1ef1c \u0111\u1ed9c \u0111\u00e1o mang t\u00ean ph\u00f4 mai n\u01b0\u1edbng, kh\u00f4ng ch\u1ec9 l\u00e0 m\u1ed9t m\u00f3n \u0103n v\u1eb7t th\u00f4ng th\u01b0\u1eddng m\u00e0 c\u00f2n \u0111\u1ea1i di\u1ec7n cho s\u1ef1 k\u1ebft h\u1ee3p tinh t\u1ebf gi\u1eefa h\u01b0\u01a1ng v\u1ecb b\u00e9o ng\u1eady ph\u01b0\u01a1ng T\u00e2y v\u00e0 phong c\u00e1ch th\u01b0\u1edfng th\u1ee9c \u0111\u01b0\u1eddng ph\u1ed1 hi\u1ec7n \u0111\u1ea1i c\u1ee7a \u00c1 \u0110\u00f4ng.<\/p>\n<p><img fetchpriority=\"high\" decoding=\"async\" class=\"aligncenter\" src=\"https:\/\/scontent.fsgn19-1.fna.fbcdn.net\/v\/t39.30808-6\/481668782_8053967994728302_4231978053923623235_n.jpg?_nc_cat=104&amp;ccb=1-7&amp;_nc_sid=aa7b47&amp;_nc_ohc=B7A836N4FmAQ7kNvwEwwdpb&amp;_nc_oc=AdmK9yiRCTr6JKpXWxQy8j1rPlGqZy2uGTm9gyfxw0yA1dmqnBBXVO45IgEBP1U8QqMEPo_AZhJ3AI0TNyqCea0s&amp;_nc_zt=23&amp;_nc_ht=scontent.fsgn19-1.fna&amp;_nc_gid=uaNSXQ5vpFU-JOUJ81CWVA&amp;oh=00_Afm67O9vXgNctAYkzVjHndG5LccJjh9FNcv2DfJ3vspmOA&amp;oe=69590BD9\" width=\"801\" height=\"931\" \/><\/p>\n<p>Th\u00f4ng th\u01b0\u1eddng, ph\u00f4 mai Mozzarella s\u1ebd tan ch\u1ea3y ho\u00e0n to\u00e0n khi g\u1eb7p nhi\u1ec7t \u0111\u1ed9 cao, nh\u01b0ng v\u1edbi c\u00f4ng th\u1ee9c \u0111\u1ed9c quy\u1ec1n t\u1eeb M\u1ee5c D\u00e2n, nh\u1eefng thanh ph\u00f4 mai n\u00e0y\u00a0<strong><em>v\u1eabn gi\u1eef \u0111\u01b0\u1ee3c h\u00ecnh d\u00e1ng vu\u00f4ng v\u1ee9c<\/em><\/strong>\u00a0nguy\u00ean b\u1ea3n ngay c\u1ea3 khi \u0111\u01b0\u1ee3c n\u01b0\u1edbng tr\u1ef1c ti\u1ebfp tr\u00ean l\u1eeda hay \u00e1p ch\u1ea3o. Khi ch\u00edn,\u00a0<em><strong>l\u1edbp v\u1ecf b\u00ean ngo\u00e0i<\/strong><\/em>\u00a0s\u1ebd d\u1ea7n chuy\u1ec3n sang m\u00e0u\u00a0<em><strong>v\u00e0ng n\u00e2u<\/strong><\/em>\u00a0c\u00e1nh gi\u00e1n, t\u1ea1o n\u00ean m\u1ed9t \u0111\u1ed9<strong><em>\u00a0gi\u00f2n nh\u1eb9 s\u1ea7n s\u1eadt<\/em>\u00a0<\/strong>v\u00f4 c\u00f9ng k\u00edch th\u00edch. Trong khi \u0111\u00f3, ph\u1ea7n l\u00f5i\u00a0<em><strong>b\u00ean trong<\/strong><\/em>\u00a0l\u1ea1i tr\u1edf n\u00ean\u00a0<em><strong>m\u1ec1m d\u1ebbo, k\u00e9o s\u1ee3i<\/strong><\/em>\u00a0c\u1ef1c d\u00e0i v\u00e0 t\u1ecfa ra h\u01b0\u01a1ng th\u01a1m n\u1ed3ng n\u00e0n c\u1ee7a s\u1eefa t\u01b0\u01a1i nguy\u00ean ch\u1ea5t.<\/p>\n<p><img decoding=\"async\" class=\"aligncenter wp-image-44207\" src=\"https:\/\/havamall.com\/wp-content\/uploads\/2025\/12\/4-1709709772.jpg\" alt=\"\" width=\"800\" height=\"600\" \/><\/p>\n<p><span style=\"font-size: 14pt\"><strong>CH\u1ebe BI\u1ebeN V\u00c0 \u0110A D\u1ea0NG C\u00c1CH TH\u01af\u1edeNG TH\u1ee8C<\/strong><\/span><\/p>\n<p>\u2013 \u00c1p ch\u1ea3o v\u00e0ng gi\u00f2n: Kh\u00f4ng c\u1ea7n s\u1eed d\u1ee5ng qu\u00e1 nhi\u1ec1u d\u1ea7u m\u1ee1, ch\u1ec9 c\u1ea7n cho thanh ph\u00f4 mai l\u00ean ch\u1ea3o n\u00f3ng, l\u1eadt \u0111\u1ec1u c\u00e1c m\u1eb7t cho \u0111\u1ebfn khi l\u1edbp v\u1ecf se l\u1ea1i v\u00e0 t\u1ecfa h\u01b0\u01a1ng th\u01a1m l\u00e0 c\u00f3 th\u1ec3 th\u01b0\u1edfng th\u1ee9c ngay.<\/p>\n<p><img decoding=\"async\" class=\"aligncenter\" src=\"https:\/\/havamall.com\/wp-content\/uploads\/2025\/12\/photo-1709477747926-17094777483862050220126.jpg\" width=\"800\" height=\"533\" \/><\/p>\n<p>\u2013 K\u1ebft h\u1ee3p c\u00f9ng gia v\u1ecb \u0111\u1eb7c tr\u01b0ng: Sau khi n\u01b0\u1edbng, vi\u1ec7c r\u1eafc th\u00eam m\u1ed9t \u00edt b\u1ed9t \u1edbt, b\u1ed9t ph\u00f4 mai, ho\u1eb7c r\u01b0\u1edbi s\u1eefa \u0111\u1eb7c l\u00ean b\u1ec1 m\u1eb7t s\u1ebd t\u1ea1o n\u00ean s\u1ef1 b\u00f9ng n\u1ed5 v\u1ecb gi\u00e1c, k\u1ebft h\u1ee3p ho\u00e0n h\u1ea3o gi\u1eefa v\u1ecb m\u1eb7n, ng\u1ecdt v\u00e0 cay n\u1ed3ng.<\/p>\n<p><img loading=\"lazy\" decoding=\"async\" class=\"aligncenter\" src=\"https:\/\/scontent.fsgn19-1.fna.fbcdn.net\/v\/t39.30808-6\/481787850_8053967931394975_8718363333967659136_n.jpg?_nc_cat=106&amp;ccb=1-7&amp;_nc_sid=aa7b47&amp;_nc_ohc=7kxLVdbit6kQ7kNvwEKfPra&amp;_nc_oc=AdlANRBBfAkAB35VKl_IRxsUC9W09T9ycVFD2VIYVyKtFDVCV-BMuMouhlRxaKVmjIjam5Flw5-VThKGn81qpSwk&amp;_nc_zt=23&amp;_nc_ht=scontent.fsgn19-1.fna&amp;_nc_gid=TQ3z5VWKjbmpN8cTiLF7HA&amp;oh=00_Afl6J45AHbWsH0YfMxIi0CqKRWiXlloAxKW6SN8aRR-jHA&amp;oe=69592129\" width=\"801\" height=\"1068\" \/><\/p>\n<p>\u2013 L\u00e0m nh\u00e2n cho c\u00e1c lo\u1ea1i b\u00e1nh: Ph\u00f4 mai n\u01b0\u1edbng c\u00f3 th\u1ec3 \u0111\u01b0\u1ee3c c\u1eaft nh\u1ecf \u0111\u1ec3 l\u00e0m nh\u00e2n cho b\u00e1nh m\u00ec, b\u00e1nh n\u01b0\u1edbng, mang l\u1ea1i k\u1ebft c\u1ea5u d\u1ebbo m\u1ecbn v\u00e0 \u0111\u1ed9 b\u00e9o \u0111\u1eb7c tr\u01b0ng cho m\u00f3n b\u00e1nh.<\/p>\n<p>Ph\u00f4 Mai N\u01b0\u1edbng Mozzarella M\u1ee5c D\u00e2n 600g hi\u1ec7n \u0111\u00e3 c\u00f3 m\u1eb7t t\u1ea1i\u00a0<em><strong>c\u1eeda h\u00e0ng v\u00e0 c\u00e1c s\u00e0n TM\u0110T c\u1ee7a Havamall.<\/strong><\/em><\/p>\n<\/div>\n<\/div>\n<\/div>\n<\/div>","protected":false},"excerpt":{"rendered":"<p>TH\u00d4NG TIN S\u1ea2N PH\u1ea8M Th\u01b0\u01a1ng hi\u1ec7u M\u1ee5c D\u00e2n (Mu Min) Xu\u1ea5t x\u1ee9 Trung Qu\u1ed1c Th\u00e0nh ph\u1ea7n Ph\u00f4 mai (s\u1eefa b\u00f2,<\/p>","protected":false},"featured_media":44039,"comment_status":"open","ping_status":"closed","template":"","meta":[],"product_brand":[],"product_cat":[674,275],"product_tag":[],"class_list":{"0":"post-44038","1":"product","2":"type-product","3":"status-publish","4":"has-post-thumbnail","6":"product_cat-nhap-khau-trung-quoc","7":"product_cat-thuc-pham-dong-lanh","9":"first","10":"instock","11":"sale","12":"shipping-taxable","13":"purchasable","14":"product-type-simple"},"_links":{"self":[{"href":"https:\/\/havamall.vn\/en\/wp-json\/wp\/v2\/product\/44038"}],"collection":[{"href":"https:\/\/havamall.vn\/en\/wp-json\/wp\/v2\/product"}],"about":[{"href":"https:\/\/havamall.vn\/en\/wp-json\/wp\/v2\/types\/product"}],"replies":[{"embeddable":true,"href":"https:\/\/havamall.vn\/en\/wp-json\/wp\/v2\/comments?post=44038"}],"version-history":[{"count":0,"href":"https:\/\/havamall.vn\/en\/wp-json\/wp\/v2\/product\/44038\/revisions"}],"wp:featuredmedia":[{"embeddable":true,"href":"https:\/\/havamall.vn\/en\/wp-json\/wp\/v2\/media\/44039"}],"wp:attachment":[{"href":"https:\/\/havamall.vn\/en\/wp-json\/wp\/v2\/media?parent=44038"}],"wp:term":[{"taxonomy":"product_brand","embeddable":true,"href":"https:\/\/havamall.vn\/en\/wp-json\/wp\/v2\/product_brand?post=44038"},{"taxonomy":"product_cat","embeddable":true,"href":"https:\/\/havamall.vn\/en\/wp-json\/wp\/v2\/product_cat?post=44038"},{"taxonomy":"product_tag","embeddable":true,"href":"https:\/\/havamall.vn\/en\/wp-json\/wp\/v2\/product_tag?post=44038"}],"curies":[{"name":"wp","href":"https:\/\/api.w.org\/{rel}","templated":true}]}}