{"id":44031,"date":"2025-12-29T15:42:31","date_gmt":"2025-12-29T08:42:31","guid":{"rendered":"https:\/\/havamall.vn\/?post_type=product&#038;p=44031"},"modified":"2025-12-29T15:42:33","modified_gmt":"2025-12-29T08:42:33","slug":"sua-chua-hy-lap-tu-nhien-nhap-khau-uc-farmers-union-500g-farmers-union-greek-style-all-natural-yogurt","status":"publish","type":"product","link":"https:\/\/havamall.vn\/en\/shop\/sua-chua-hy-lap-tu-nhien-nhap-khau-uc-farmers-union-500g-farmers-union-greek-style-all-natural-yogurt\/","title":{"rendered":"S\u1eefa Chua Hy L\u1ea1p T\u1ef1 Nhi\u00ean Nh\u1eadp Kh\u1ea9u \u00dac Farmers Union 500g \u2013 Farmers Union Greek Style All Natural Yogurt"},"content":{"rendered":"<h3 data-path-to-node=\"1\">TH\u00d4NG TIN S\u1ea2N PH\u1ea8M<\/h3>\n<div class=\"horizontal-scroll-wrapper\">\n<div class=\"table-block-component\">\n<div class=\"table-block has-export-button new-table-style\">\n<div class=\"table-content not-end-of-paragraph\" data-hveid=\"0\" data-ved=\"0CAAQ3ecQahgKEwi1gb_Cn9CRAxUAAAAAHQAAAAAQnww\">\n<table style=\"width: 61.1562%;height: 179px\" data-path-to-node=\"2\">\n<tbody>\n<tr>\n<td><span data-path-to-node=\"2,1,0,0\"><b data-path-to-node=\"2,1,0,0\" data-index-in-node=\"0\">Th\u01b0\u01a1ng hi\u1ec7u<\/b><\/span><\/td>\n<td><span data-path-to-node=\"2,1,1,0\">Farmers Union<\/span><\/td>\n<\/tr>\n<tr>\n<td><span data-path-to-node=\"2,2,0,0\"><b data-path-to-node=\"2,2,0,0\" data-index-in-node=\"0\">Xu\u1ea5t x\u1ee9<\/b><\/span><\/td>\n<td><span data-path-to-node=\"2,2,1,0\">\u00dac (Australia)<\/span><\/td>\n<\/tr>\n<tr>\n<td><span data-path-to-node=\"2,3,0,0\"><b data-path-to-node=\"2,3,0,0\" data-index-in-node=\"0\">Th\u00e0nh ph\u1ea7n<\/b><\/span><\/td>\n<td><span data-path-to-node=\"2,3,1,0\">S\u1eefa t\u01b0\u01a1i, kem, s\u1eefa b\u1ed9t g\u1ea7y, men s\u1eefa chua s\u1ed1ng (S. thermophilus &amp; L. bulgaricus)<\/span><\/td>\n<\/tr>\n<tr>\n<td><span data-path-to-node=\"2,4,0,0\"><b data-path-to-node=\"2,4,0,0\" data-index-in-node=\"0\">H\u1ea1n s\u1eed d\u1ee5ng<\/b><\/span><\/td>\n<td><span data-path-to-node=\"2,4,1,0\">Xem tr\u00ean bao b\u00ec s\u1ea3n ph\u1ea9m<\/span><\/td>\n<\/tr>\n<tr>\n<td><span data-path-to-node=\"2,5,0,0\"><b data-path-to-node=\"2,5,0,0\" data-index-in-node=\"0\">B\u1ea3o qu\u1ea3n<\/b><\/span><\/td>\n<td><span data-path-to-node=\"2,5,1,0\">Lu\u00f4n gi\u1eef l\u1ea1nh \u1edf nhi\u1ec7t \u0111\u1ed9 d\u01b0\u1edbi 4\u00b0C. S\u1eed d\u1ee5ng trong v\u00f2ng 5 ng\u00e0y sau khi m\u1edf n\u1eafp<\/span><\/td>\n<\/tr>\n<tr>\n<td><span data-path-to-node=\"2,6,0,0\"><b data-path-to-node=\"2,6,0,0\" data-index-in-node=\"0\">Kh\u1ed1i l\u01b0\u1ee3ng<\/b><\/span><\/td>\n<td><span data-path-to-node=\"2,6,1,0\">500g<\/span><\/td>\n<\/tr>\n<\/tbody>\n<\/table>\n<p>Farmers Union l\u00e0 m\u1ed9t trong nh\u1eefng th\u01b0\u01a1ng hi\u1ec7u s\u1eefa l\u00e2u \u0111\u1eddi v\u00e0 bi\u1ec3u t\u01b0\u1ee3ng nh\u1ea5t c\u1ee7a n\u01b0\u1edbc \u00dac, b\u1eaft \u0111\u1ea7u h\u00e0nh tr\u00ecnh t\u1eeb n\u0103m 1888. V\u1edbi h\u01a1n m\u1ed9t th\u1ebf k\u1ef7 kinh nghi\u1ec7m, th\u01b0\u01a1ng hi\u1ec7u n\u00e0y \u0111\u00e3 kh\u1eb3ng \u0111\u1ecbnh v\u1ecb th\u1ebf v\u1eefng ch\u1eafc trong l\u00f2ng ng\u01b0\u1eddi ti\u00eau d\u00f9ng nh\u1edd cam k\u1ebft s\u1eed d\u1ee5ng ngu\u1ed3n s\u1eefa t\u01b0\u01a1i ch\u1ea5t l\u01b0\u1ee3ng cao t\u1eeb c\u00e1c trang tr\u1ea1i gia \u0111\u00ecnh t\u1ea1i mi\u1ec1n Nam n\u01b0\u1edbc \u00dac. D\u00f2ng s\u1eefa chua Hy L\u1ea1p (Greek Style) c\u1ee7a Farmers Union kh\u00f4ng ch\u1ec9 l\u00e0 m\u1ed9t s\u1ea3n ph\u1ea9m dinh d\u01b0\u1ee1ng m\u00e0 c\u00f2n l\u00e0 ni\u1ec1m t\u1ef1 h\u00e0o v\u1ec1 quy tr\u00ecnh s\u1ea3n xu\u1ea5t nghi\u00eam ng\u1eb7t, gi\u1eef tr\u1ecdn v\u1eb9n nh\u1eefng gi\u00e1 tr\u1ecb thu\u1ea7n khi\u1ebft nh\u1ea5t t\u1eeb thi\u00ean nhi\u00ean.<\/p>\n<p><img fetchpriority=\"high\" decoding=\"async\" class=\"aligncenter\" src=\"https:\/\/havamall.com\/wp-content\/uploads\/2025\/12\/7a8e1593-c762-408f-a750-996443957a9f.jpg\" width=\"801\" height=\"801\" \/><\/p>\n<p>\u0110i\u1ec3m kh\u00e1c bi\u1ec7t l\u1edbn nh\u1ea5t t\u1ea1o n\u00ean s\u1ef1 danh ti\u1ebfng c\u1ee7a Farmers Union Greek Style All Natural Yogurt ch\u00ednh l\u00e0 k\u1ebft c\u1ea5u \u0111\u1eb7c m\u1ecbn v\u00e0 v\u00f4 c\u00f9ng m\u01b0\u1ee3t m\u00e0. Kh\u00e1c v\u1edbi c\u00e1c lo\u1ea1i s\u1eefa chua th\u00f4ng th\u01b0\u1eddng c\u00f3 \u0111\u1ed9 l\u1ecfng nh\u1ea5t \u0111\u1ecbnh, s\u1eefa chua Hy L\u1ea1p \u0111\u01b0\u1ee3c tr\u1ea3i qua qu\u00e1 tr\u00ecnh l\u1ecdc b\u1ecf b\u1edbt ph\u1ea7n n\u01b0\u1edbc s\u1eefa (whey), gi\u00fap ch\u1ea5t kem tr\u1edf n\u00ean d\u1ebbo qu\u00e1nh, d\u00e0y d\u1eb7n v\u00e0 tan ch\u1eadm tr\u00ean \u0111\u1ea7u l\u01b0\u1ee1i. S\u1ea3n ph\u1ea9m s\u1edf h\u1eefu h\u01b0\u01a1ng v\u1ecb chua thanh d\u1ecbu nh\u1eb9, kh\u00f4ng qu\u00e1 g\u1eaft, h\u00f2a quy\u1ec7n c\u00f9ng \u0111\u1ed9 b\u00e9o ng\u1eady t\u1ef1 nhi\u00ean t\u1eeb kem s\u1eefa. V\u1edbi c\u00f4ng th\u1ee9c &#8220;All Natural&#8221;, d\u00f2ng s\u1eefa chua n\u00e0y ho\u00e0n to\u00e0n kh\u00f4ng ch\u1ee9a \u0111\u01b0\u1eddng tinh luy\u1ec7n, kh\u00f4ng ch\u1ea5t b\u1ea3o qu\u1ea3n, kh\u00f4ng m\u00e0u nh\u00e2n t\u1ea1o v\u00e0 kh\u00f4ng ch\u1ee9a Gluten, mang \u0111\u1ebfn s\u1ef1 an t\u00e2m tuy\u1ec7t \u0111\u1ed1i cho nh\u1eefng ai \u0111ang theo \u0111u\u1ed5i l\u1ed1i s\u1ed1ng l\u00e0nh m\u1ea1nh.<\/p>\n<p><img decoding=\"async\" class=\"aligncenter\" src=\"https:\/\/havamall.com\/wp-content\/uploads\/2025\/12\/Homemade-Greek-Yogurt-28.jpg\" width=\"801\" height=\"1202\" \/><\/p>\n<p>S\u1eefa chua Hy L\u1ea1p Farmers Union \u0111\u01b0\u1ee3c v\u00ed nh\u01b0 m\u1ed9t &#8220;si\u00eau th\u1ef1c ph\u1ea9m&#8221; nh\u1edd h\u00e0m l\u01b0\u1ee3ng dinh d\u01b0\u1ee1ng v\u01b0\u1ee3t tr\u1ed9i, \u0111\u1eb7c bi\u1ec7t ph\u00f9 h\u1ee3p cho nhi\u1ec1u ch\u1ebf \u0111\u1ed9 \u0103n ki\u00eang kh\u1eaft khe:<\/p>\n<p>\u2013 H\u00e0m l\u01b0\u1ee3ng Protein cao: Cung c\u1ea5p ngu\u1ed3n \u0111\u1ea1m d\u1ed3i d\u00e0o g\u1ea5p \u0111\u00f4i so v\u1edbi s\u1eefa chua th\u01b0\u1eddng, gi\u00fap h\u1ed7 tr\u1ee3 ph\u00e1t tri\u1ec3n c\u01a1 b\u1eafp v\u00e0 duy tr\u00ec c\u1ea3m gi\u00e1c no l\u00e2u, c\u1ef1c k\u1ef3 l\u00fd t\u01b0\u1edfng cho ng\u01b0\u1eddi t\u1eadp luy\u1ec7n th\u1ec3 thao ho\u1eb7c \u0111ang trong qu\u00e1 tr\u00ecnh gi\u1ea3m c\u00e2n.<\/p>\n<p>\u2013 Gi\u00e0u Canxi v\u00e0 Kho\u00e1ng ch\u1ea5t: H\u1ed7 tr\u1ee3 h\u1ec7 x\u01b0\u01a1ng v\u00e0 r\u0103ng ch\u1eafc kh\u1ecfe, \u0111\u1ed3ng th\u1eddi cung c\u1ea5p c\u00e1c vitamin nh\u00f3m B thi\u1ebft y\u1ebfu cho qu\u00e1 tr\u00ecnh trao \u0111\u1ed5i ch\u1ea5t.<\/p>\n<p>\u2013 H\u1ed7 tr\u1ee3 h\u1ec7 ti\u00eau h\u00f3a: Ch\u1ee9a h\u00e0ng t\u1ef7 l\u1ee3i khu\u1ea9n s\u1ed1ng (Probiotics) gi\u00fap c\u00e2n b\u1eb1ng h\u1ec7 vi sinh \u0111\u01b0\u1eddng ru\u1ed9t, t\u0103ng c\u01b0\u1eddng kh\u1ea3 n\u0103ng h\u1ea5p th\u1ee5 dinh d\u01b0\u1ee1ng v\u00e0 n\u00e2ng cao h\u1ec7 mi\u1ec5n d\u1ecbch t\u1ef1 nhi\u00ean c\u1ee7a c\u01a1 th\u1ec3.<\/p>\n<p>\u2013 Ch\u1ec9 s\u1ed1 \u0111\u01b0\u1eddng huy\u1ebft th\u1ea5p: Do kh\u00f4ng th\u00eam \u0111\u01b0\u1eddng, s\u1ea3n ph\u1ea9m gi\u00fap ki\u1ec3m so\u00e1t l\u01b0\u1ee3ng \u0111\u01b0\u1eddng trong m\u00e1u \u1ed5n \u0111\u1ecbnh, l\u00e0 l\u1ef1a ch\u1ecdn th\u00f4ng minh cho b\u1eefa s\u00e1ng ho\u1eb7c b\u1eefa ph\u1ee5 nh\u1eb9 nh\u00e0ng.<\/p>\n<p><img decoding=\"async\" class=\"aligncenter\" src=\"https:\/\/havamall.com\/wp-content\/uploads\/2025\/12\/pf-ea88623c-Greekyogurt17174.jpg\" width=\"802\" height=\"802\" \/><\/p>\n<p data-path-to-node=\"10\"><span style=\"font-size: 14pt\"><strong>C\u00c1CH S\u1eec D\u1ee4NG V\u00c0 CH\u1ebe BI\u1ebeN \u0110A D\u1ea0NG<\/strong><\/span><\/p>\n<p data-path-to-node=\"10\">\u00a0\u2013 Th\u01b0\u1edfng th\u1ee9c tr\u1ef1c ti\u1ebfp: K\u1ebft h\u1ee3p c\u00f9ng c\u00e1c lo\u1ea1i tr\u00e1i c\u00e2y t\u01b0\u01a1i, h\u1ea1t chia, ng\u0169 c\u1ed1c granola ho\u1eb7c m\u1ed9t ch\u00fat m\u1eadt ong \u0111\u1ec3 t\u1ea1o n\u00ean m\u1ed9t b\u00e1t Smoothie Bowl gi\u00e0u n\u0103ng l\u01b0\u1ee3ng v\u00e0 \u0111\u1eb9p m\u1eaft.<\/p>\n<p data-path-to-node=\"10\">\u2013 Nguy\u00ean li\u1ec7u l\u00e0m n\u01b0\u1edbc s\u1ed1t: C\u00f3 th\u1ec3 d\u00f9ng thay th\u1ebf cho mayonnaise ho\u1eb7c kem t\u01b0\u01a1i (sour cream) \u0111\u1ec3 l\u00e0m n\u01b0\u1edbc s\u1ed1t salad, s\u1ed1t ch\u1ea5m (dip) cho c\u00e1c m\u00f3n rau c\u1ee7 n\u01b0\u1edbng, gi\u00fap gi\u1ea3m l\u01b0\u1ee3ng calo nh\u01b0ng v\u1eabn gi\u1eef \u0111\u01b0\u1ee3c \u0111\u1ed9 b\u00e9o ng\u1eady.<\/p>\n<p data-path-to-node=\"10\">\u2013 Ch\u1ebf bi\u1ebfn m\u00f3n ch\u00ednh: Trong \u1ea9m th\u1ef1c \u0110\u1ecba Trung H\u1ea3i, \u0111\u00e2y l\u00e0 th\u00e0nh ph\u1ea7n quan tr\u1ecdng \u0111\u1ec3 l\u00e0m s\u1ed1t Tzatziki ho\u1eb7c t\u1ea9m \u01b0\u1edbp c\u00e1c lo\u1ea1i th\u1ecbt n\u01b0\u1edbng \u0111\u1ec3 gi\u00fap th\u1ecbt m\u1ec1m v\u00e0 th\u01a1m h\u01a1n.<\/p>\n<p data-path-to-node=\"10\">\u2013 L\u00e0m b\u00e1nh v\u00e0 \u0111\u1ed3 tr\u00e1ng mi\u1ec7ng: Thay th\u1ebf b\u01a1 ho\u1eb7c d\u1ea7u \u0103n trong c\u00e1c c\u00f4ng th\u1ee9c b\u00e1nh m\u00ec, b\u00e1nh b\u00f4ng lan \u0111\u1ec3 b\u00e1nh c\u00f3 \u0111\u1ed9 \u1ea9m, x\u1ed1p v\u00e0 gi\u00e0u dinh d\u01b0\u1ee1ng h\u01a1n.<\/p>\n<p data-path-to-node=\"10\"><img loading=\"lazy\" decoding=\"async\" class=\"aligncenter\" src=\"https:\/\/havamall.com\/wp-content\/uploads\/2025\/12\/hands-of-a-woman-adding-greek-yoghurt-to-rolled-royalty-free-image-1739984408.pjpegcrop1xw0.84415xh00.jpg\" width=\"801\" height=\"441\" \/>Hi\u1ec7n nay, S\u1eefa chua Hy L\u1ea1p t\u1ef1 nhi\u00ean Farmers Union 500g \u0111ang \u0111\u01b0\u1ee3c b\u00e1n tr\u1ef1c ti\u1ebfp t\u1ea1i Havamall.<\/p>\n<\/div>\n<\/div>\n<\/div>\n<\/div>","protected":false},"excerpt":{"rendered":"<p>TH\u00d4NG TIN S\u1ea2N PH\u1ea8M Th\u01b0\u01a1ng hi\u1ec7u Farmers Union Xu\u1ea5t x\u1ee9 \u00dac (Australia) Th\u00e0nh ph\u1ea7n S\u1eefa t\u01b0\u01a1i, kem, s\u1eefa b\u1ed9t g\u1ea7y,<\/p>","protected":false},"featured_media":44032,"comment_status":"open","ping_status":"closed","template":"","meta":[],"product_brand":[],"product_cat":[677,275],"product_tag":[],"class_list":{"0":"post-44031","1":"product","2":"type-product","3":"status-publish","4":"has-post-thumbnail","6":"product_cat-cac-nuoc-khac","7":"product_cat-thuc-pham-dong-lanh","9":"first","10":"instock","11":"sale","12":"shipping-taxable","13":"purchasable","14":"product-type-simple"},"_links":{"self":[{"href":"https:\/\/havamall.vn\/en\/wp-json\/wp\/v2\/product\/44031"}],"collection":[{"href":"https:\/\/havamall.vn\/en\/wp-json\/wp\/v2\/product"}],"about":[{"href":"https:\/\/havamall.vn\/en\/wp-json\/wp\/v2\/types\/product"}],"replies":[{"embeddable":true,"href":"https:\/\/havamall.vn\/en\/wp-json\/wp\/v2\/comments?post=44031"}],"version-history":[{"count":0,"href":"https:\/\/havamall.vn\/en\/wp-json\/wp\/v2\/product\/44031\/revisions"}],"wp:featuredmedia":[{"embeddable":true,"href":"https:\/\/havamall.vn\/en\/wp-json\/wp\/v2\/media\/44032"}],"wp:attachment":[{"href":"https:\/\/havamall.vn\/en\/wp-json\/wp\/v2\/media?parent=44031"}],"wp:term":[{"taxonomy":"product_brand","embeddable":true,"href":"https:\/\/havamall.vn\/en\/wp-json\/wp\/v2\/product_brand?post=44031"},{"taxonomy":"product_cat","embeddable":true,"href":"https:\/\/havamall.vn\/en\/wp-json\/wp\/v2\/product_cat?post=44031"},{"taxonomy":"product_tag","embeddable":true,"href":"https:\/\/havamall.vn\/en\/wp-json\/wp\/v2\/product_tag?post=44031"}],"curies":[{"name":"wp","href":"https:\/\/api.w.org\/{rel}","templated":true}]}}