{"id":44004,"date":"2025-12-28T10:42:10","date_gmt":"2025-12-28T03:42:10","guid":{"rendered":"https:\/\/havamall.vn\/?post_type=product&#038;p=44004"},"modified":"2025-12-28T10:42:13","modified_gmt":"2025-12-28T03:42:13","slug":"socola-trung-hon-hop-la-suissa-i-love-italy-lon-thiec-115g-la-suissa-piedmont-chocolate-mini-eggs-collection","status":"publish","type":"product","link":"https:\/\/havamall.vn\/en\/shop\/socola-trung-hon-hop-la-suissa-i-love-italy-lon-thiec-115g-la-suissa-piedmont-chocolate-mini-eggs-collection\/","title":{"rendered":"Socola Tr\u1ee9ng H\u1ed7n H\u1ee3p La Suissa I Love Italy Lon Thi\u1ebfc 115g \u2013 La Suissa Piedmont Chocolate Mini Eggs Collection"},"content":{"rendered":"<h2 data-path-to-node=\"5\">TH\u00d4NG TIN S\u1ea2N PH\u1ea8M<\/h2>\n<div class=\"horizontal-scroll-wrapper\">\n<div class=\"table-block-component\">\n<div class=\"table-block has-export-button new-table-style\">\n<div class=\"table-content not-end-of-paragraph\" data-hveid=\"0\" data-ved=\"0CAAQ3ecQahgKEwi1gb_Cn9CRAxUAAAAAHQAAAAAQowc\">\n<table data-path-to-node=\"6\">\n<tbody>\n<tr>\n<td><span data-path-to-node=\"6,1,0,0\"><b data-path-to-node=\"6,1,0,0\" data-index-in-node=\"0\">Th\u01b0\u01a1ng hi\u1ec7u<\/b><\/span><\/td>\n<td><span data-path-to-node=\"6,1,1,0\">La Suissa<\/span><\/td>\n<\/tr>\n<tr>\n<td><span data-path-to-node=\"6,2,0,0\"><b data-path-to-node=\"6,2,0,0\" data-index-in-node=\"0\">Xu\u1ea5t x\u1ee9<\/b><\/span><\/td>\n<td><span data-path-to-node=\"6,2,1,0\">\u00dd (Italy)<\/span><\/td>\n<\/tr>\n<tr>\n<td><span data-path-to-node=\"6,3,0,0\"><b data-path-to-node=\"6,3,0,0\" data-index-in-node=\"0\">Th\u00e0nh ph\u1ea7n<\/b><\/span><\/td>\n<td><span data-path-to-node=\"6,3,1,0\">Socola s\u1eefa, socola \u0111en, nh\u00e2n kem h\u1ea1t d\u1ebb (hazelnut), \u0111\u01b0\u1eddng, b\u01a1 cacao, s\u1eefa b\u1ed9t.<\/span><\/td>\n<\/tr>\n<tr>\n<td><span data-path-to-node=\"6,4,0,0\"><b data-path-to-node=\"6,4,0,0\" data-index-in-node=\"0\">H\u1ea1n s\u1eed d\u1ee5ng<\/b><\/span><\/td>\n<td><span data-path-to-node=\"6,4,1,0\">18 th\u00e1ng k\u1ec3 t\u1eeb ng\u00e0y s\u1ea3n xu\u1ea5t<\/span><\/td>\n<\/tr>\n<tr>\n<td><span data-path-to-node=\"6,5,0,0\"><b data-path-to-node=\"6,5,0,0\" data-index-in-node=\"0\">B\u1ea3o qu\u1ea3n<\/b><\/span><\/td>\n<td><span data-path-to-node=\"6,5,1,0\">N\u01a1i kh\u00f4 r\u00e1o, tho\u00e1ng m\u00e1t (18\u00b0C &#8211; 22\u00b0C), tr\u00e1nh \u00e1nh n\u1eafng tr\u1ef1c ti\u1ebfp<\/span><\/td>\n<\/tr>\n<tr>\n<td><span data-path-to-node=\"6,6,0,0\"><b data-path-to-node=\"6,6,0,0\" data-index-in-node=\"0\">Kh\u1ed1i l\u01b0\u1ee3ng<\/b><\/span><\/td>\n<td><span data-path-to-node=\"6,6,1,0\">115g<\/span><\/td>\n<\/tr>\n<\/tbody>\n<\/table>\n<p data-path-to-node=\"10\">La Suissa l\u00e0 th\u01b0\u01a1ng hi\u1ec7u socola danh ti\u1ebfng \u0111\u1ebfn t\u1eeb v\u00f9ng Piedmont, T\u00e2y B\u1eafc n\u01b0\u1edbc \u00dd \u2013 n\u01a1i \u0111\u01b0\u1ee3c m\u1ec7nh danh l\u00e0 &#8220;th\u1ee7 ph\u1ee7&#8221; c\u1ee7a nh\u1eefng h\u1ea1t d\u1ebb ngon nh\u1ea5t th\u1ebf gi\u1edbi v\u00e0 truy\u1ec1n th\u1ed1ng l\u00e0m socola th\u1ee7 c\u00f4ng l\u00e2u \u0111\u1eddi. V\u1edbi h\u01a1n 40 n\u0103m kinh nghi\u1ec7m, La Suissa \u0111\u00e3 k\u1ebft h\u1ee3p kh\u00e9o l\u00e9o gi\u1eefa c\u00f4ng ngh\u1ec7 hi\u1ec7n \u0111\u1ea1i v\u00e0 nh\u1eefng c\u00f4ng th\u1ee9c b\u00ed truy\u1ec1n \u0111\u1ec3 t\u1ea1o n\u00ean d\u00f2ng s\u1ea3n ph\u1ea9m mini eggs \u0111\u1eb3ng c\u1ea5p. M\u1ed7i vi\u00ean socola tr\u1ee9ng kh\u00f4ng ch\u1ec9 \u0111\u01a1n thu\u1ea7n l\u00e0 m\u1ed9t m\u00f3n k\u1eb9o ng\u1ecdt, m\u00e0 l\u00e0 s\u1ef1 t\u00f4n vinh d\u00e0nh cho ngh\u1ec7 thu\u1eadt \u1ea9m th\u1ef1c tinh t\u1ebf c\u1ee7a n\u01b0\u1edbc \u00dd. Thi\u1ebft k\u1ebf lon thi\u1ebfc v\u1edbi th\u00f4ng \u0111i\u1ec7p &#8220;I Love Italy&#8221; \u0111\u01b0\u1ee3c ch\u1ea1m kh\u1eafc c\u00e1c bi\u1ec3u t\u01b0\u1ee3ng v\u0103n h\u00f3a \u0111\u1eb7c tr\u01b0ng (th\u00e1p nghi\u00eang Pisa, \u0111\u1ea5u tr\u01b0\u1eddng Colosseum, b\u00e1nh Pizza&#8230;) ch\u00ednh l\u00e0 l\u1eddi ch\u00e0o n\u1ed3ng nhi\u1ec7t t\u1eeb x\u1ee9 s\u1edf h\u00ecnh chi\u1ebfc \u1ee7ng g\u1eedi \u0111\u1ebfn th\u1ef1c kh\u00e1ch to\u00e0n c\u1ea7u.<\/p>\n<p data-path-to-node=\"10\"><img fetchpriority=\"high\" decoding=\"async\" class=\"aligncenter  wp-image-44096\" src=\"https:\/\/havamall.com\/wp-content\/uploads\/2025\/12\/589645706_18198957514324952_299842627044618310_n.jpg\" alt=\"\" width=\"800\" height=\"800\" \/><\/p>\n<h2 data-path-to-node=\"11\">\u0110\u1eb6C \u0110I\u1ec2M N\u1ed4I B\u1eacT<\/h2>\n<p data-path-to-node=\"13\">S\u1ea3n ph\u1ea9m g\u00e2y \u1ea5n t\u01b0\u1ee3ng m\u1ea1nh m\u1ebd b\u1edfi s\u1ef1 k\u1ebft h\u1ee3p ho\u00e0n h\u1ea3o gi\u1eefa l\u1edbp v\u1ecf socola gi\u00f2n tan v\u00e0 ph\u1ea7n nh\u00e2n kem tan ch\u1ea3y v\u00f4 c\u00f9ng \u0111\u1ed9c \u0111\u00e1o.<\/p>\n<p data-path-to-node=\"14\">\u2013 H\u00ecnh th\u00e1i th\u1ef1c t\u1ebf: Nh\u1eefng vi\u00ean socola \u0111\u01b0\u1ee3c t\u1ea1o h\u00ecnh qu\u1ea3 tr\u1ee9ng mini xinh x\u1eafn, t\u01b0\u1ee3ng tr\u01b0ng cho s\u1ef1 may m\u1eafn v\u00e0 kh\u1edfi \u0111\u1ea7u m\u1edbi. M\u1ed7i vi\u00ean \u0111\u01b0\u1ee3c b\u1ecdc ri\u00eang bi\u1ec7t trong l\u1edbp gi\u1ea5y thi\u1ebfc m\u00e0u s\u1eafc l\u1ea5p l\u00e1nh, gi\u00fap b\u1ea3o qu\u1ea3n tr\u1ecdn v\u1eb9n m\u00f9i h\u01b0\u01a1ng v\u00e0 ng\u0103n ch\u1eb7n s\u1ef1 oxy h\u00f3a t\u1eeb m\u00f4i tr\u01b0\u1eddng.<\/p>\n<p data-path-to-node=\"14\"><img decoding=\"async\" class=\"aligncenter\" src=\"https:\/\/havamall.com\/wp-content\/uploads\/2025\/12\/socola-den-trung-mini-la-suissa-hop-115g-202211150856347165.jpg\" width=\"800\" height=\"600\" \/><\/p>\n<p data-path-to-node=\"14\">\u2013 K\u1ebft c\u1ea5u \u0111a t\u1ea7ng: Khi th\u01b0\u1edfng th\u1ee9c, b\u1ea1n s\u1ebd c\u1ea3m nh\u1eadn \u0111\u01b0\u1ee3c l\u1edbp v\u1ecf socola b\u00ean ngo\u00e0i d\u00e0y d\u1eb7n, c\u00f3 \u0111\u1ed9 c\u1ee9ng nh\u1eb9 v\u00e0 tan ch\u1ea3y ch\u1eadm r\u00e3i. Ngay sau \u0111\u00f3 l\u00e0 s\u1ef1 b\u00f9ng n\u1ed5 c\u1ee7a ph\u1ea7n nh\u00e2n kem h\u1ea1t d\u1ebb (Gianduja) b\u00ean trong. L\u1edbp nh\u00e2n n\u00e0y c\u00f3 k\u1ebft c\u1ea5u m\u01b0\u1ee3t m\u00e0 nh\u01b0 nhung, mang l\u1ea1i c\u1ea3m gi\u00e1c ng\u1eady b\u00e9o \u0111\u1eb7c tr\u01b0ng c\u1ee7a v\u00f9ng Piedmont m\u00e0 kh\u00f4ng d\u00f2ng socola c\u00f4ng nghi\u1ec7p n\u00e0o c\u00f3 \u0111\u01b0\u1ee3c.<\/p>\n<p data-path-to-node=\"14\"><img decoding=\"async\" class=\"aligncenter  wp-image-44097\" src=\"https:\/\/havamall.com\/wp-content\/uploads\/2025\/12\/hop-so-co-la-den-trung-mini-la-suissa-115g-3.jpg\" alt=\"\" width=\"800\" height=\"800\" \/><\/p>\n<p data-path-to-node=\"14\">\u2013 H\u01b0\u01a1ng v\u1ecb th\u1ef1c t\u1ebf: S\u1ef1 h\u00f2a quy\u1ec7n gi\u1eefa v\u1ecb \u0111\u1eafng thanh tao c\u1ee7a cacao nguy\u00ean ch\u1ea5t, v\u1ecb ng\u1ecdt d\u1ecbu c\u1ee7a s\u1eefa v\u00e0 h\u01b0\u01a1ng th\u01a1m n\u1ed3ng n\u00e0n c\u1ee7a h\u1ea1t d\u1ebb n\u01b0\u1edbng. \u0110\u1eb7c bi\u1ec7t, socola La Suissa c\u00f3 \u0111\u1ed9 tan c\u1ef1c t\u1ed1t, kh\u00f4ng \u0111\u1ec3 l\u1ea1i c\u1ea3m gi\u00e1c l\u1ea1o x\u1ea1o hay d\u00ednh m\u00e0ng b\u00e9o \u1edf v\u00f2m h\u1ecdng, t\u1ea1o n\u00ean m\u1ed9t h\u1eadu v\u1ecb sang tr\u1ecdng v\u00e0 k\u00e9o d\u00e0i.<\/p>\n<p data-path-to-node=\"14\"><img loading=\"lazy\" decoding=\"async\" class=\"aligncenter\" src=\"https:\/\/havamall.com\/wp-content\/uploads\/2025\/12\/socola-den-la-suissa-trung-mini-hop-190g-202211300947023939.jpg\" width=\"801\" height=\"601\" \/><\/p>\n<h2 data-path-to-node=\"15\">DINH D\u01af\u1ee0NG V\u00c0 GI\u00c1 TR\u1eca T\u1eea THI\u1ebeT K\u1ebe HO\u00c0NG GIA<\/h2>\n<p data-path-to-node=\"17\">Socola La Suissa s\u1eed d\u1ee5ng ngu\u1ed3n nguy\u00ean li\u1ec7u cacao \u0111\u01b0\u1ee3c tuy\u1ec3n ch\u1ecdn kh\u1eaft khe, gi\u00e0u ch\u1ea5t ch\u1ed1ng oxy h\u00f3a v\u00e0 gi\u00fap c\u1ea3i thi\u1ec7n t\u00e2m tr\u1ea1ng hi\u1ec7u qu\u1ea3. Ph\u1ea7n nh\u00e2n h\u1ea1t d\u1ebb b\u1ed5 sung h\u00e0m l\u01b0\u1ee3ng ch\u1ea5t b\u00e9o t\u1ed1t v\u00e0 vitamin E d\u1ed3i d\u00e0o.<\/p>\n<p data-path-to-node=\"18\">\u2013 Thi\u1ebft k\u1ebf lon thi\u1ebfc v\u00e0ng sang tr\u1ecdng: Lon thi\u1ebfc h\u00ecnh tr\u00f2n v\u1edbi c\u00e1c h\u1ecda ti\u1ebft d\u1eadp n\u1ed5i tinh x\u1ea3o kh\u00f4ng ch\u1ec9 gi\u00fap b\u1ea3o qu\u1ea3n socola t\u1ed1i \u01b0u tr\u01b0\u1edbc c\u00e1c t\u00e1c \u0111\u1ed9ng nhi\u1ec7t m\u00e0 c\u00f2n l\u00e0 m\u00f3n \u0111\u1ed3 trang tr\u00ed cao c\u1ea5p ho\u1eb7c qu\u00e0 t\u1eb7ng l\u01b0u ni\u1ec7m \u0111\u1ea7y \u00fd ngh\u0129a.<\/p>\n<p data-path-to-node=\"18\">\u2013 Tr\u1ea3i nghi\u1ec7m \u0111a d\u1ea1ng: S\u1ea3n ph\u1ea9m r\u1ea5t ph\u00f9 h\u1ee3p \u0111\u1ec3 nh\u00e2m nhi c\u00f9ng m\u1ed9t t\u00e1ch c\u00e0 ph\u00ea Espresso \u0111\u1eadm \u0111\u1eb7c ho\u1eb7c tr\u00e0 \u0111en n\u00f3ng. S\u1ef1 t\u01b0\u01a1ng ph\u1ea3n gi\u1eefa v\u1ecb \u0111\u1eafng c\u1ee7a th\u1ee9c u\u1ed1ng v\u00e0 v\u1ecb b\u00e9o c\u1ee7a socola tr\u1ee9ng s\u1ebd n\u00e2ng t\u1ea7m tr\u1ea3i nghi\u1ec7m v\u1ecb gi\u00e1c c\u1ee7a b\u1ea1n.<\/p>\n<p data-path-to-node=\"21\">Socola tr\u1ee9ng La Suissa I Love Italy lon 130g hi\u1ec7n \u0111ang \u0111\u01b0\u1ee3c b\u00e1n t\u1ea1i Havamall.<\/p>\n<\/div>\n<\/div>\n<\/div>\n<\/div>","protected":false},"excerpt":{"rendered":"<p>TH\u00d4NG TIN S\u1ea2N PH\u1ea8M Th\u01b0\u01a1ng hi\u1ec7u La Suissa Xu\u1ea5t x\u1ee9 \u00dd (Italy) Th\u00e0nh ph\u1ea7n Socola s\u1eefa, socola \u0111en, nh\u00e2n kem<\/p>","protected":false},"featured_media":44005,"comment_status":"open","ping_status":"closed","template":"","meta":[],"product_brand":[],"product_cat":[672,133],"product_tag":[],"class_list":{"0":"post-44004","1":"product","2":"type-product","3":"status-publish","4":"has-post-thumbnail","6":"product_cat-nhap-khau-y","7":"product_cat-banh-keo-chocolate","9":"first","10":"instock","11":"sale","12":"shipping-taxable","13":"purchasable","14":"product-type-simple"},"_links":{"self":[{"href":"https:\/\/havamall.vn\/en\/wp-json\/wp\/v2\/product\/44004"}],"collection":[{"href":"https:\/\/havamall.vn\/en\/wp-json\/wp\/v2\/product"}],"about":[{"href":"https:\/\/havamall.vn\/en\/wp-json\/wp\/v2\/types\/product"}],"replies":[{"embeddable":true,"href":"https:\/\/havamall.vn\/en\/wp-json\/wp\/v2\/comments?post=44004"}],"version-history":[{"count":0,"href":"https:\/\/havamall.vn\/en\/wp-json\/wp\/v2\/product\/44004\/revisions"}],"wp:featuredmedia":[{"embeddable":true,"href":"https:\/\/havamall.vn\/en\/wp-json\/wp\/v2\/media\/44005"}],"wp:attachment":[{"href":"https:\/\/havamall.vn\/en\/wp-json\/wp\/v2\/media?parent=44004"}],"wp:term":[{"taxonomy":"product_brand","embeddable":true,"href":"https:\/\/havamall.vn\/en\/wp-json\/wp\/v2\/product_brand?post=44004"},{"taxonomy":"product_cat","embeddable":true,"href":"https:\/\/havamall.vn\/en\/wp-json\/wp\/v2\/product_cat?post=44004"},{"taxonomy":"product_tag","embeddable":true,"href":"https:\/\/havamall.vn\/en\/wp-json\/wp\/v2\/product_tag?post=44004"}],"curies":[{"name":"wp","href":"https:\/\/api.w.org\/{rel}","templated":true}]}}